{"id":33106,"date":"2023-12-04T15:32:38","date_gmt":"2023-12-04T08:32:38","guid":{"rendered":"https:\/\/havamall.com\/?post_type=product&#038;p=33106"},"modified":"2025-12-03T04:10:32","modified_gmt":"2025-12-02T21:10:32","slug":"phu-kien-set-topper-que-cam-trang-tri-banh-kem-mua-giang-sinh-noel","status":"publish","type":"product","link":"https:\/\/havamall.com\/en\/shop\/phu-kien-set-topper-que-cam-trang-tri-banh-kem-mua-giang-sinh-noel\/","title":{"rendered":"Ph\u1ee5 Ki\u1ec7n Set Topper Que C\u1eafm Trang Tr\u00ed B\u00e1nh Kem M\u00f9a Gi\u00e1ng Sinh, Noel"},"content":{"rendered":"<p>Gi\u00e1ng sinh v\u1ed1n l\u00e0 l\u1ec5 h\u1ed9i l\u1edbn trong v\u0103n h\u00f3a c\u1ee7a ng\u01b0\u1eddi ph\u01b0\u01a1ng T\u00e2y nh\u01b0ng k\u1ec3 t\u1eeb khi du nh\u1eadp t\u1edbi Vi\u1ec7t Nam \u0111\u00e2y c\u0169ng l\u00e0 m\u1ed9t ng\u00e0y l\u1ec5 l\u1edbn \u0111\u01b0\u1ee3c c\u00e1c b\u1ea1n tr\u1ebb \u0111\u00f3n nh\u1eadn. \u0110\u00e2y kh\u00f4ng ch\u1ec9 l\u00e0 m\u1ed9t ng\u00e0y c\u00f3 \u00fd ngh\u0129a tr\u1ecdng \u0111\u1ea1i v\u1edbi nh\u1eefng ng\u01b0\u1eddi theo C\u00f4ng gi\u00e1o m\u00e0 c\u00f2n l\u00e0 d\u1ecbp \u0111\u1ec3 nhi\u1ec1u ng\u01b0\u1eddi c\u00f3 th\u1ec3 qu\u00e2y qu\u1ea7n b\u00ean nhau v\u00e0 trao t\u1eb7ng nhau nh\u1eefng m\u00f3n qu\u00e0 \u0111\u1ea7y th\u00e2n th\u01b0\u01a1ng. Nh\u1eefng chi\u1ebfc b\u00e1nh Gi\u00e1ng sinh lu\u00f4n l\u00e0 s\u1ef1 l\u1ef1a ch\u1ecdn ho\u00e0n h\u1ea3o cho m\u00f3n qu\u00e0 \u00fd ngh\u0129a l\u1ea1i mang \u0111\u1eadm v\u0103n h\u00f3a ph\u01b0\u01a1ng T\u00e2y. \u0110\u1ec3 c\u00f3 m\u1ed9t chi\u1ebfc b\u00e1nh mang \u0111i t\u1eb7ng th\u00ec kh\u00f4ng th\u1ec3 n\u00e0o thi\u1ebfu \u0111i nh\u1eefng que c\u1eafm trang tr\u00ed d\u1ec5 th\u01b0\u01a1ng \u0111\u1eadm ch\u1ea5t Noel.<\/p>\n<p><img fetchpriority=\"high\" decoding=\"async\" class=\"wp-image-33107 aligncenter\" src=\"https:\/\/havamall.com\/wp-content\/uploads\/2023\/12\/d7bf40bb-10e1-4d59-8e60-7a67a13a1f75-300x300.jpeg\" alt=\"\" width=\"631\" height=\"631\" \/><\/p>\n<p class=\"pdp-mod-product-badge-title\">Set Topper trang tr\u00ed B\u00e1nh Kem g\u1ed3m 6\u00a0m\u1eabu que c\u1eafm b\u1eaft m\u1eaft h\u00ecnh c\u00e2y th\u00f4ng ng\u1ed9 ngh\u0129nh. S\u1ea3n ph\u1ea9m th\u01b0\u1eddng \u0111\u01b0\u1ee3c d\u00f9ng \u0111\u1ec3 trang tr\u00ed cho c\u00e1c lo\u1ea1i b\u00e1nh Gi\u00e1ng sinh nh\u01b0 b\u00e1nh kem, b\u00e1nh kh\u00fac c\u00e2y, b\u00e1nh cupcake,&#8230;<\/p>\n<p><img decoding=\"async\" class=\"wp-image-33109 aligncenter\" src=\"https:\/\/havamall.com\/wp-content\/uploads\/2023\/12\/11e39095-6931-440e-9149-358d7f2eac54-300x300.jpeg\" alt=\"\" width=\"626\" height=\"626\" \/><\/p>\n<h2><strong>TH\u00d4NG S\u1ed0 S\u1ea2N PH\u1ea8M<\/strong><\/h2>\n<p>&#8211; K\u00edch th\u01b0\u1edbc: m\u1ed7i topper trang tr\u00ed b\u00e1nh kem noel k\u00edch th\u01b0\u1edbc dao \u0111\u1ed9ng t\u1eeb 5-7cm, tr\u1ecdng l\u01b0\u1ee3ng m\u1ed7i que ~ 11gram.<\/p>\n<p>&#8211; Ch\u1ea5t li\u1ec7u: nh\u1ef1a m\u1ec1m ch\u1ea5t li\u1ec7u d\u00e0y d\u1eb7n t\u1ea1o \u0111\u1ed9 ph\u1ee7 m\u00e0u r\u1ea5t \u0111\u1eb9p &amp; lung linh.<\/p>\n<p>&#8211; M\u00e0u s\u1eafc: trang tr\u00ed gi\u00e1ng sinh m\u00e0u s\u1eafc \u0111\u1ecf, x\u00e3nh l\u00e1, cam nh\u1ea1t ch\u1ee7 \u0111\u1ea1o.<\/p>\n<p>&#8211; C\u00f4ng d\u1ee5ng: trang tr\u00ed b\u00e1nh kem nh\u00e2n d\u1ecbp gi\u00e1ng sinh noel, gi\u00fap chi\u1ebfc b\u00e1nh d\u1ec5 th\u01b0\u01a1ng v\u00e0 vui nh\u1ed9n h\u01a1n.<\/p>\n<p><img decoding=\"async\" class=\"wp-image-33110 aligncenter\" src=\"https:\/\/havamall.com\/wp-content\/uploads\/2023\/12\/10a887f4-abde-4887-815d-d1bcd4db516a-300x300.jpeg\" alt=\"\" width=\"647\" height=\"647\" \/><\/p>\n<h2><strong>\u0110\u1eb7c \u0111i\u1ec3m n\u1ed5i b\u1eadt c\u1ee7a s\u1ea3n ph\u1ea9m<\/strong><\/h2>\n<p>&#8211; B\u1ed9 s\u1ea3n ph\u1ea9m bao g\u1ed3m b\u0103ng d\u00ednh,\u00a06 que c\u1eafm v\u00e0 6 h\u00ecnh trang tr\u00ed. B\u1ea1n ch\u1ec9 c\u1ea7n d\u00f9ng b\u0103ng d\u00ednh \u0111\u1ec3 \u0111\u00ednh c\u1ed1 \u0111\u1ecbnh h\u00ecnh trang tr\u00ed l\u00ean que v\u00e0 c\u1eafm\u00a0trang tr\u00ed t\u00f9y theo \u00fd th\u00edch.<\/p>\n<p>&#8211; S\u1ea3n ph\u1ea9m \u0111\u01b0\u1ee3c l\u00e0m b\u1eb1ng b\u00eca c\u1ee9ng, tr\u1ecdng l\u01b0\u1ee3ng nh\u1eb9, d\u1ec5 s\u1eed d\u1ee5ng. H\u00ecnh \u1ea3nh trang tr\u00ed c\u00f3 m\u00e0u s\u1eafc t\u01b0\u01a1i t\u1eafn,\u00a0\u0111\u00e1ng y\u00eau, ng\u1ed9 ngh\u0129nh, thu h\u00fat tr\u1ebb nh\u1ecf<\/p>\n<p>&#8211;\u00a0B\u1ed9 que c\u1eafm b\u00e1nh h\u00ecnh b\u00e1nh kem v\u00f4 c\u00f9ng ti\u1ec7n d\u1ee5ng, nhanh ch\u00f3ng, gi\u00fap b\u1ea1n ti\u1ebft ki\u1ec7m th\u1eddi gian trang tr\u00ed.\u00a0V\u1edbi\u00a0ch\u1ea5t li\u1ec7u th\u00e2n thi\u1ec7n v\u1edbi m\u00f4i tr\u01b0\u1eddng, c\u00f3 th\u1ec3 s\u1eed d\u1ee5ng l\u1ea1i cho nh\u1eefng l\u1ea7n sau.<\/p>","protected":false},"excerpt":{"rendered":"<p>Gi\u00e1ng sinh v\u1ed1n l\u00e0 l\u1ec5 h\u1ed9i l\u1edbn trong v\u0103n h\u00f3a c\u1ee7a ng\u01b0\u1eddi ph\u01b0\u01a1ng T\u00e2y nh\u01b0ng k\u1ec3 t\u1eeb khi du nh\u1eadp<\/p>","protected":false},"featured_media":33111,"comment_status":"open","ping_status":"closed","template":"","meta":[],"product_brand":[],"product_cat":[35,394],"product_tag":[],"class_list":{"0":"post-33106","1":"product","2":"type-product","3":"status-publish","4":"has-post-thumbnail","6":"product_cat-nha-cua-doi-song","7":"product_cat-trang-tri-nha-cua","9":"first","10":"instock","11":"sale","12":"shipping-taxable","13":"purchasable","14":"product-type-simple"},"_links":{"self":[{"href":"https:\/\/havamall.com\/en\/wp-json\/wp\/v2\/product\/33106","targetHints":{"allow":["GET"]}}],"collection":[{"href":"https:\/\/havamall.com\/en\/wp-json\/wp\/v2\/product"}],"about":[{"href":"https:\/\/havamall.com\/en\/wp-json\/wp\/v2\/types\/product"}],"replies":[{"embeddable":true,"href":"https:\/\/havamall.com\/en\/wp-json\/wp\/v2\/comments?post=33106"}],"version-history":[{"count":0,"href":"https:\/\/havamall.com\/en\/wp-json\/wp\/v2\/product\/33106\/revisions"}],"wp:featuredmedia":[{"embeddable":true,"href":"https:\/\/havamall.com\/en\/wp-json\/wp\/v2\/media\/33111"}],"wp:attachment":[{"href":"https:\/\/havamall.com\/en\/wp-json\/wp\/v2\/media?parent=33106"}],"wp:term":[{"taxonomy":"product_brand","embeddable":true,"href":"https:\/\/havamall.com\/en\/wp-json\/wp\/v2\/product_brand?post=33106"},{"taxonomy":"product_cat","embeddable":true,"href":"https:\/\/havamall.com\/en\/wp-json\/wp\/v2\/product_cat?post=33106"},{"taxonomy":"product_tag","embeddable":true,"href":"https:\/\/havamall.com\/en\/wp-json\/wp\/v2\/product_tag?post=33106"}],"curies":[{"name":"wp","href":"https:\/\/api.w.org\/{rel}","templated":true}]}}