{"id":33112,"date":"2023-12-04T16:43:30","date_gmt":"2023-12-04T09:43:30","guid":{"rendered":"https:\/\/havamall.com\/?post_type=product&#038;p=33112"},"modified":"2023-12-06T16:32:24","modified_gmt":"2023-12-06T09:32:24","slug":"tui-25-cai-ong-hut-giay-hoa-tiet-giang-sinh-mau-ngau-nhien","status":"publish","type":"product","link":"https:\/\/havamall.com\/en\/shop\/tui-25-cai-ong-hut-giay-hoa-tiet-giang-sinh-mau-ngau-nhien\/","title":{"rendered":"T\u00fai 25 C\u00e1i \u1ed0ng H\u00fat Gi\u1ea5y Ho\u1ea1 Ti\u1ebft Gi\u00e1ng Sinh ( M\u1eabu Ng\u1eabu Nhi\u00ean)"},"content":{"rendered":"<p>\u1ed0ng h\u00fat gi\u1ea5y Noel\u00a0r\u1ea5t ph\u00f9 h\u1ee3p cho nh\u1eefng ng\u00e0y l\u1ec5 cu\u1ed1i n\u0103m v\u00e0 nh\u1eefng b\u1eefa ti\u1ec7c gi\u00e1ng sinh. \u0110\u00e2y l\u00e0 m\u1ed9t m\u1eabu \u1ed1ng h\u00fat \u0111\u00e1nh d\u1ea5u s\u1ef1 k\u1ebft th\u00fac n\u0103m c\u0169 v\u00e0 b\u1eaft \u0111\u1ea7u cho m\u1ed9t n\u0103m m\u1edbi.<\/p>\n<p>\u1ed0ng h\u00fat gi\u1ea5y Noel th\u00edch h\u1ee3p \u0111\u1ec3 s\u1eed d\u1ee5ng trong b\u1eefa ti\u1ec7c Gi\u00e1ng Sinh hay ti\u1ec7c cu\u1ed1i n\u0103m. \u1ed0ng h\u00fat gi\u1ea5y Noel d\u00f9ng m\u1ed9t l\u1ea7n, t\u1ef1 ph\u00e2n h\u1ee7y, v\u1eeba th\u00e2n thi\u1ec7n v\u1edbi m\u00f4i tr\u01b0\u1eddng v\u1eeba an to\u00e0n cho s\u1ee9c kh\u1ecfe c\u1ee7a ng\u01b0\u1eddi ti\u00eau d\u00f9ng.<\/p>\n<p><img fetchpriority=\"high\" decoding=\"async\" class=\"wp-image-33113 aligncenter\" src=\"https:\/\/havamall.com\/wp-content\/uploads\/2023\/12\/58e6dbd7a9756ba4d22219a67b42b8a0-300x300.jpeg\" alt=\"\" width=\"807\" height=\"807\" \/><\/p>\n<p>Hi\u1ec7n nay, \u0111\u1ed3 nh\u1ef1a \u0111ang \u0111\u01b0\u1ee3c tuy\u00ean truy\u1ec1n h\u1ea1n ch\u1ebf d\u00f9ng v\u00e0 m\u1ed9t s\u1ed1 n\u01b0\u1edbc \u0111\u00e3 c\u1ea5m ho\u1eb7c \u0111\u00e1nh thu\u1ebf \u0111\u1ed1i v\u1edbi \u0111\u1ed3 nh\u1ef1a d\u00f9ng m\u1ed9t l\u1ea7n. V\u00ec v\u1eady, ly gi\u1ea5y, t\u00f4 gi\u1ea5y, ch\u00e9n gi\u1ea5y, \u1ed1ng h\u00fat gi\u1ea5y\u2026 \u0111ang l\u00e0 s\u1ea3n ph\u1ea9m thay th\u1ebf t\u1ed1i \u01b0u.\u00a0S\u1ea3n ph\u1ea9m gi\u00fap t\u1ea1o b\u1ea7u kh\u00f4ng kh\u00ed vui t\u01b0\u01a1i v\u1edbi m\u00e0u s\u1eafc d\u1ec5 th\u01b0\u01a1ng nh\u00e3 nh\u1eb7n.<\/p>\n<p><img decoding=\"async\" class=\"wp-image-33114 aligncenter\" src=\"https:\/\/havamall.com\/wp-content\/uploads\/2023\/12\/53d50fe483612863c29ab19e6755f2ad-300x300.jpeg\" alt=\"\" width=\"807\" height=\"807\" \/><\/p>\n<h2><span id=\"Dac_diem_cua_ong_hut_giay_Noel\" class=\"ez-toc-section\"><\/span>\u0110\u1eb7c \u0111i\u1ec3m c\u1ee7a \u1ed1ng h\u00fat gi\u1ea5y Noel<\/h2>\n<ul>\n<li>\u1ed0ng h\u00fat gi\u1ea5y c\u00f3 kh\u1ea3 n\u0103ng ph\u00e2n hu\u1ef7 nhanh trong m\u00f4i tr\u01b0\u1eddng t\u1ef1 nhi\u00ean. Ch\u1ec9 c\u1ea7n 6 th\u00e1ng, \u1ed1ng h\u00fat sau khi s\u1eed d\u1ee5ng s\u1ebd tr\u1edf th\u00e0nh ph\u00e2n b\u00f3n, cung c\u1ea5p ch\u1ea5t dinh d\u01b0\u1ee1ng cho c\u00e2y tr\u1ed3ng.<\/li>\n<li>An to\u00e0n cho s\u1ee9c kho\u1ebb ng\u01b0\u1eddi s\u1eed d\u1ee5ng.<\/li>\n<li>Ngo\u00e0i ra, s\u1eed d\u1ee5ng \u1ed1ng h\u00fat gi\u1ea5y c\u00f2n gi\u00fap th\u01b0\u01a1ng hi\u1ec7u c\u1ee7a b\u1ea1n \u201cghi \u0111i\u1ec3m\u201d v\u1edbi kh\u00e1ch h\u00e0ng nhi\u1ec1u h\u01a1n. Trong b\u1ed1i c\u1ea3nh m\u00f4i tr\u01b0\u1eddng \u0111ang b\u1ecb \u0111e do\u1ea1 nghi\u00eam tr\u1ecdng, b\u1ea3o v\u1ec7 tr\u00e1i \u0111\u1ea5t l\u00e0 s\u1ee9 m\u1ec7nh m\u00e0 nhi\u1ec1u th\u01b0\u01a1ng hi\u1ec7u h\u01b0\u1edbng \u0111\u1ebfn.<\/li>\n<\/ul>\n<h2><img decoding=\"async\" class=\"wp-image-33115 aligncenter\" src=\"https:\/\/havamall.com\/wp-content\/uploads\/2023\/12\/cdb1ad104cde32efd40cedd8acddf010-300x300.jpeg\" alt=\"\" width=\"814\" height=\"814\" \/><\/h2>\n<h2><span id=\"Uu_diem_cua_ong_hut_giay_Easygreen_so_voi_cac_thuong_hieu_khac\" class=\"ez-toc-section\"><\/span><strong>\u01afu \u0111i\u1ec3m c\u1ee7a \u1ed1ng h\u00fat gi\u1ea5y<\/strong><\/h2>\n<ul>\n<li>\u1ed0ng h\u00fat gi\u1ea5y c\u00f3 th\u1ec3 s\u1eed d\u1ee5ng cho n\u01b0\u1edbc n\u00f3ng v\u00e0 n\u01b0\u1edbc l\u1ea1nh.<\/li>\n<li>Kh\u00f4ng b\u1ecb tan r\u00e3 trong n\u01b0\u1edbc\u00a0nh\u01b0 m\u1ed9t s\u1ed1 c\u00e1c s\u1ea3n ph\u1ea9m k\u00e9m ch\u1ea5t l\u01b0\u1ee3ng ngo\u00e0i th\u1ecb tr\u01b0\u1eddng.<\/li>\n<li>Th\u1eddi gian s\u1eed d\u1ee5ng trung b\u00ecnh t\u1eeb 3-5 ti\u1ebfng<\/li>\n<li>D\u00f9ng \u0111\u1ec3 u\u1ed1ng sinh t\u1ed1, n\u01b0\u1edbc tr\u00e1i c\u00e2y, cafe, kem, tr\u00e0, s\u1eefa \u2026<\/li>\n<li>S\u1eed d\u1ee5ng nhi\u1ec1u trong qu\u00e1n \u0103n, qu\u00e1n cafe take away, kem, tr\u00e0 s\u1eefa, si\u00eau th\u1ecb, coffee shop, d\u00e3 ngo\u1ea1i \u2026<\/li>\n<li>\u0110\u1eb7c bi\u1ec7t \u1ed1ng h\u00fat gi\u1ea5y noel \u0111\u01b0\u1ee3c s\u1eed d\u1ee5ng cho c\u00e1c qu\u00e1n n\u01b0\u1edbc v\u00e0o d\u1ecbp gi\u00e1ng sinh. Khi s\u1eed d\u1ee5ng concept n\u00e0y s\u1ebd th\u00fac \u0111\u1ea9y kh\u00e1ch h\u00e0ng check in v\u00e0 qu\u1ea3ng c\u00e1o mi\u1ec5n ph\u00ed cho ch\u00fang ta.<\/li>\n<\/ul>\n<h2><img loading=\"lazy\" decoding=\"async\" class=\"wp-image-33116 aligncenter\" src=\"https:\/\/havamall.com\/wp-content\/uploads\/2023\/12\/c5cf0a6a5d38594480ae0301cc7c9ad1-300x300.jpeg\" alt=\"\" width=\"829\" height=\"829\" \/><\/h2>","protected":false},"excerpt":{"rendered":"<p>\u1ed0ng h\u00fat gi\u1ea5y Noel\u00a0r\u1ea5t ph\u00f9 h\u1ee3p cho nh\u1eefng ng\u00e0y l\u1ec5 cu\u1ed1i n\u0103m v\u00e0 nh\u1eefng b\u1eefa ti\u1ec7c gi\u00e1ng sinh. \u0110\u00e2y l\u00e0<\/p>","protected":false},"featured_media":33117,"comment_status":"open","ping_status":"closed","template":"","meta":[],"product_brand":[],"product_cat":[393,35],"product_tag":[],"class_list":{"0":"post-33112","1":"product","2":"type-product","3":"status-publish","4":"has-post-thumbnail","6":"product_cat-bep-phong-an","7":"product_cat-nha-cua-doi-song","9":"first","10":"instock","11":"sale","12":"shipping-taxable","13":"purchasable","14":"product-type-simple"},"_links":{"self":[{"href":"https:\/\/havamall.com\/en\/wp-json\/wp\/v2\/product\/33112","targetHints":{"allow":["GET"]}}],"collection":[{"href":"https:\/\/havamall.com\/en\/wp-json\/wp\/v2\/product"}],"about":[{"href":"https:\/\/havamall.com\/en\/wp-json\/wp\/v2\/types\/product"}],"replies":[{"embeddable":true,"href":"https:\/\/havamall.com\/en\/wp-json\/wp\/v2\/comments?post=33112"}],"version-history":[{"count":0,"href":"https:\/\/havamall.com\/en\/wp-json\/wp\/v2\/product\/33112\/revisions"}],"wp:featuredmedia":[{"embeddable":true,"href":"https:\/\/havamall.com\/en\/wp-json\/wp\/v2\/media\/33117"}],"wp:attachment":[{"href":"https:\/\/havamall.com\/en\/wp-json\/wp\/v2\/media?parent=33112"}],"wp:term":[{"taxonomy":"product_brand","embeddable":true,"href":"https:\/\/havamall.com\/en\/wp-json\/wp\/v2\/product_brand?post=33112"},{"taxonomy":"product_cat","embeddable":true,"href":"https:\/\/havamall.com\/en\/wp-json\/wp\/v2\/product_cat?post=33112"},{"taxonomy":"product_tag","embeddable":true,"href":"https:\/\/havamall.com\/en\/wp-json\/wp\/v2\/product_tag?post=33112"}],"curies":[{"name":"wp","href":"https:\/\/api.w.org\/{rel}","templated":true}]}}