{"id":33118,"date":"2023-12-04T17:08:04","date_gmt":"2023-12-04T10:08:04","guid":{"rendered":"https:\/\/havamall.com\/?post_type=product&#038;p=33118"},"modified":"2025-12-03T04:10:32","modified_gmt":"2025-12-02T21:10:32","slug":"may-danh-trung-tao-bot-cafe-2-dau-sac-usb-3-cap-do","status":"publish","type":"product","link":"https:\/\/havamall.com\/en\/shop\/may-danh-trung-tao-bot-cafe-2-dau-sac-usb-3-cap-do\/","title":{"rendered":"M\u00e1y \u0110\u00e1nh Tr\u1ee9ng T\u1ea1o B\u1ecdt Cafe 2 \u0110\u1ea7u\/S\u1ea1c Usb 3 C\u1ea5p \u0110\u1ed9"},"content":{"rendered":"<h2 class=\"product-table-title\"><strong>M\u00e1y \u0111\u00e1nh tr\u1ee9ng, t\u1ea1o b\u1ecdt c\u00e0 ph\u00ea mini ti\u1ec7n d\u1ee5ng<\/strong><\/h2>\n<p>Thay v\u00ec d\u00f9ng tay \u0111\u1ec3 t\u1ea1o b\u1ecdt th\u1ee7 c\u00f4ng khi ch\u1ebf bi\u1ebfn m\u1ed9t s\u1ed1 m\u00f3n \u0103n, th\u1ee9c u\u1ed1ng, h\u00e3y \u0111\u1ec3 chi\u1ebfc m\u00e1y t\u1ea1o b\u1ecdt cafe, \u0111\u00e1nh tr\u1ee9ng l\u00e0m thay b\u1ea1n. V\u1edbi m\u00e1y t\u1ea1o b\u1ecdt, vi\u1ec7c \u0111\u00e1nh tr\u1ee9ng hay t\u1ea1o b\u1ecdt caf\u00e9 s\u1ebd \u0111\u01b0\u1ee3c th\u1ef1c hi\u1ec7n nhanh ch\u00f3ng, nh\u1eb9 nh\u00e0ng h\u01a1n v\u00e0 nh\u1eefng m\u00f3n b\u00e1nh s\u1ebd th\u00eam th\u01a1m ngon, x\u1ed1p m\u1ec1m, c\u00f2n nh\u1eefng ly caf\u00e9 s\u1ebd c\u00f3 h\u01b0\u01a1ng v\u1ecb tuy\u1ec7t v\u1eddi h\u01a1n.<\/p>\n<p>Ngo\u00e0i ra, s\u1ea3n ph\u1ea9m c\u00f3 th\u1ec3 d\u00f9ng hi\u1ec7u qu\u1ea3 cho c\u00e1c nguy\u00ean li\u1ec7u kh\u00e1c nhau nh\u01b0 s\u1eefa, kem t\u01b0\u01a1i, \u0111\u1ed3 \u0103n cho tr\u1ebb\u2026 Mang nhi\u1ec1u \u01b0u \u0111i\u1ec3m n\u1ed5i b\u1eadt c\u00f9ng k\u00edch th\u01b0\u1edbc nh\u1ecf g\u1ecdn, v\u1eeba tay, m\u00e1y t\u1ea1o b\u1ecdt caf\u00e9 v\u00e0 \u0111\u00e1nh tr\u1ee9ng s\u1ebd l\u00e0 l\u1ef1a ch\u1ecdn l\u00fd t\u01b0\u1edfng d\u00e0nh cho m\u1ecdi nh\u00e0.<\/p>\n<p><img fetchpriority=\"high\" decoding=\"async\" class=\"wp-image-33120 aligncenter\" src=\"https:\/\/havamall.com\/wp-content\/uploads\/2023\/12\/81ab6fb2c5e631db920002893f95e8b9-300x300.jpeg\" alt=\"\" width=\"797\" height=\"797\" \/><\/p>\n<p>M\u00e1y \u0111\u00e1nh tr\u1ee9ng mini ho\u1ea1t \u0111\u1ed9ng d\u1ef1a tr\u00ean nguy\u00ean t\u1eafc \u0111\u00e1nh tr\u1ee9ng b\u1eb1ng tay th\u00f4ng th\u01b0\u1eddng. Khi l\u1eafp pin v\u00e0o v\u00e0 b\u1ea5m c\u00f4ng t\u1eafc, \u0111\u1ed9ng c\u01a1 b\u00ean trong s\u1ebd rung m\u1ea1nh, l\u00e0m xoay tr\u00f2n que \u0111\u00e1nh tr\u1ee9ng.<\/p>\n<p>Que \u0111\u00e1nh tr\u1ee9ng c\u00f3 c\u1ea5u t\u1ea1o m\u1ed9t v\u00f2ng l\u00f2 xo \u1edf \u0111\u1ea7u, t\u0103ng hi\u1ec7u qu\u1ea3 khi s\u1eed d\u1ee5ng, tr\u1ee9ng s\u1ebd \u0111\u01b0\u1ee3c \u0111\u00e1nh t\u01a1i h\u01a1n so v\u1edbi b\u00ecnh th\u01b0\u1eddng. Ch\u1ea5t li\u1ec7u l\u00e0m que \u0111\u00e1nh tr\u1ee9ng l\u00e0 inox 304 kh\u00f4ng r\u1ec9, \u0111\u1ea1t ti\u00eau chu\u1ea9n an to\u00e0n th\u1ef1c ph\u1ea9m, c\u00f3 th\u1ec3 d\u1ee5ng trong m\u1ed9t th\u1eddi gian r\u1ea5t d\u00e0i.<\/p>\n<p>K\u00edch th\u01b0\u1edbc m\u00e1y \u0111\u00e1nh tr\u1ee9ng nh\u1ecf g\u1ecdn, v\u1eeba v\u1eb7n c\u1ea7m tay. Sau khi s\u1eed d\u1ee5ng xong, b\u1ea1n ch\u1ec9 c\u1ea7n v\u1ec7 sinh ph\u1ea7n que \u0111\u00e1nh tr\u1ee9ng m\u1ed9t c\u00e1ch d\u1ec5 d\u00e0ng v\u00e0 nhanh g\u1ecdn.<\/p>\n<p><img decoding=\"async\" class=\"wp-image-33121 aligncenter\" src=\"https:\/\/havamall.com\/wp-content\/uploads\/2023\/12\/vn-11134207-7qukw-ljcempuyejf6f7-300x300.jpeg\" alt=\"\" width=\"793\" height=\"793\" \/><\/p>\n<h2 class=\"product-table-title\"><strong>M\u00e1y \u0111\u00e1nh tr\u1ee9ng, t\u1ea1o b\u1ecdt c\u00e0 ph\u00ea mini c\u1ea7m tay \u0111a n\u0103ng ti\u1ec7n d\u1ee5ng<\/strong><\/h2>\n<div class=\"white-panel\">\n<div class=\"product-description\">\n<div class=\"product-content-detail\">\n<div id=\"gioi-thieu\" class=\"content js-content expand\">\n<p>&#8211; S\u1ea3n ph\u1ea9m \u0111\u01b0\u1ee3c thi\u1ebft k\u1ebf nh\u1ecf g\u1ecdn, m\u1eabu m\u00e3 \u0111\u1eb9p.<br \/>\n&#8211; D\u1ec5 d\u00e0ng lau ch\u00f9i, c\u1ecd r\u1eeda, an to\u00e0n cho ng\u01b0\u1eddi s\u1eed d\u1ee5ng.<br \/>\n&#8211; M\u00e1y \u0111\u00e1nh tr\u1ee9ng c\u00f3 thi\u1ebft k\u1ebf nh\u1ecf g\u1ecdn, chi\u1ec1u d\u00e0i to\u00e0n b\u1ed9 l\u00e0 29cm, bao g\u1ed3m \u0111\u1ea7u \u0111\u00e1nh tr\u1ee9ng v\u00e0 tay.<\/p>\n<h2><img decoding=\"async\" class=\"wp-image-33123 aligncenter\" src=\"https:\/\/havamall.com\/wp-content\/uploads\/2023\/12\/ffbb4bf85afa47b241cef3c7e1aed911-300x300.jpeg\" alt=\"\" width=\"786\" height=\"786\" \/><\/h2>\n<h2 id=\"input_line_0\"><strong><span id=\"input_part_0\" class=\"\">\u0110\u1eb6C \u0110I\u1ec2M N\u1ed4I B\u1eacT<\/span><\/strong><\/h2>\n<p id=\"input_line_1\"><span id=\"input_part_0\" class=\"\">&gt; Thi\u1ebft k\u1ebf nh\u1ecf g\u1ecdn<\/span><\/p>\n<p id=\"input_line_2\"><span id=\"input_part_0\" class=\"\">&gt; M\u00e1y t\u1ea1o b\u1ecdt caf\u00e9, \u0111\u00e1nh tr\u1ee9ng s\u1edf h\u1eefu k\u00edch th\u01b0\u1edbc nh\u1ecf g\u1ecdn, tay c\u1ea7m v\u1eeba v\u1eb7n t\u1ea1o n\u00ean s\u1ef1 tho\u1ea3i m\u00e1i nh\u1ea5t \u0111\u1ecbnh, thu\u1eadn ti\u1ec7n \u0111\u1ec3 b\u1ea1n mang theo s\u1eed d\u1ee5ng nh\u1eefng khi c\u1ea7n thi\u1ebft. Ngo\u00e0i ra, \u0111\u1ea7u tr\u1ed9n c\u1ee7a m\u00e1y c\u00f2n \u0111\u01b0\u1ee3c l\u00e0m t\u1eeb ch\u1ea5t li\u1ec7u inox c\u00f3 \u0111\u1ed9 b\u1ec1n cao, \u0111\u1ea3m b\u1ea3o an to\u00e0n v\u1ec7 sinh th\u1ef1c ph\u1ea9m.<\/span><\/p>\n<p id=\"input_line_3\"><span id=\"input_part_0\" class=\"\">&gt; Thi\u1ebft k\u1ebf nh\u1ecf g\u1ecdn v\u1edbi \u0111\u1ea7u tr\u1ed9n inox<\/span><\/p>\n<p id=\"input_line_4\"><span id=\"input_part_0\" class=\"\">&gt; N\u00fat b\u1ea5m c\u01a1 \u0111\u01a1n gi\u1ea3n, hi\u1ec7u qu\u1ea3<\/span><\/p>\n<p id=\"input_line_5\"><span id=\"input_part_0\" class=\"\">&gt; V\u1edbi n\u00fat b\u1ea5m c\u01a1 \u0111\u01b0\u1ee3c l\u1eafp \u0111\u1eb7t ngay tr\u00ean tay c\u1ea7m, b\u1ea1n c\u00f3 th\u1ec3 d\u1ec5 d\u00e0ng \u0111i\u1ec1u ch\u1ec9nh ch\u1ebf \u0111\u1ed9 On\/Off m\u1ed7i khi c\u1ea7n thi\u1ebft.<\/span><\/p>\n<p id=\"input_line_7\"><span id=\"input_part_0\" class=\"\">&gt; D\u1ee5ng c\u1ee5 \u0111a n\u0103ng<\/span><\/p>\n<p id=\"input_line_8\"><span id=\"input_part_0\" class=\"\">&gt; M\u00e1y t\u1ea1o b\u1ecdt ngo\u00e0i ch\u1ee9c n\u0103ng t\u1ea1o b\u1ecdt c\u00e0 ph\u00ea cho b\u1ea1n nh\u1eefng ly c\u00e0 ph\u00ea ngon mi\u1ec7ng v\u00e0 \u0111\u1ea7y ngh\u1ec7 thu\u1eadt c\u00f2n d\u00f9ng \u0111\u1ec3 \u0111\u00e1nh tr\u1ee9ng hay ch\u1ebf bi\u1ebfn th\u1ee9c \u0103n cho tr\u1ebb nh\u1ecf nh\u00e0 b\u1ea1n.<\/span><\/p>\n<p>&gt; V\u1edbi thi\u1ebft k\u1ebf \u01b0u vi\u1ec7t v\u00e0 ti\u1ec7n l\u1ee3i, gi\u00fap vi\u1ec7c \u0111\u00e1nh tr\u1ee9ng tr\u1edf n\u00ean d\u1ec5 d\u00e0ng v\u00e0 nhanh ch\u00f3ng h\u01a1n bao gi\u1edd h\u1ebft. Ngo\u00e0i ra b\u1ea1n c\u0169ng c\u00f3 th\u1ec3 d\u00f9ng \u0111\u1ec3 t\u1ea1o 1 t\u00e1ch c\u00e0 ph\u00ea s\u1eefa cappuccino \u0111\u00fang \u0111i\u1ec7u t\u1eeb chi\u1ebfc m\u00e1y nh\u1ecf nh\u1eafn v\u00e0 ti\u1ec7n l\u1ee3i n\u00e0y.<\/p>\n<p>&gt; Tay c\u1ea7m b\u1eb1ng plastic cao c\u1ea5p \u0111\u01b0\u1ee3c thi\u1ebft k\u1ebf v\u1eeba v\u1eb7n.<\/p>\n<p><img loading=\"lazy\" decoding=\"async\" class=\"wp-image-33122 aligncenter\" src=\"https:\/\/havamall.com\/wp-content\/uploads\/2023\/12\/Ma\u0301y-\u0111a\u0301nh-tru\u0301ng-cafe-2-\u0111a\u0302\u0300u-4-300x300.jpeg\" alt=\"\" width=\"798\" height=\"798\" \/><\/p>\n<\/div>\n<\/div>\n<\/div>\n<\/div>","protected":false},"excerpt":{"rendered":"<p>M\u00e1y \u0111\u00e1nh tr\u1ee9ng, t\u1ea1o b\u1ecdt c\u00e0 ph\u00ea mini ti\u1ec7n d\u1ee5ng Thay v\u00ec d\u00f9ng tay \u0111\u1ec3 t\u1ea1o b\u1ecdt th\u1ee7 c\u00f4ng khi<\/p>","protected":false},"featured_media":33119,"comment_status":"open","ping_status":"closed","template":"","meta":[],"product_brand":[],"product_cat":[393,35],"product_tag":[],"class_list":{"0":"post-33118","1":"product","2":"type-product","3":"status-publish","4":"has-post-thumbnail","6":"product_cat-bep-phong-an","7":"product_cat-nha-cua-doi-song","9":"first","10":"instock","11":"sale","12":"shipping-taxable","13":"purchasable","14":"product-type-simple"},"_links":{"self":[{"href":"https:\/\/havamall.com\/en\/wp-json\/wp\/v2\/product\/33118","targetHints":{"allow":["GET"]}}],"collection":[{"href":"https:\/\/havamall.com\/en\/wp-json\/wp\/v2\/product"}],"about":[{"href":"https:\/\/havamall.com\/en\/wp-json\/wp\/v2\/types\/product"}],"replies":[{"embeddable":true,"href":"https:\/\/havamall.com\/en\/wp-json\/wp\/v2\/comments?post=33118"}],"version-history":[{"count":0,"href":"https:\/\/havamall.com\/en\/wp-json\/wp\/v2\/product\/33118\/revisions"}],"wp:featuredmedia":[{"embeddable":true,"href":"https:\/\/havamall.com\/en\/wp-json\/wp\/v2\/media\/33119"}],"wp:attachment":[{"href":"https:\/\/havamall.com\/en\/wp-json\/wp\/v2\/media?parent=33118"}],"wp:term":[{"taxonomy":"product_brand","embeddable":true,"href":"https:\/\/havamall.com\/en\/wp-json\/wp\/v2\/product_brand?post=33118"},{"taxonomy":"product_cat","embeddable":true,"href":"https:\/\/havamall.com\/en\/wp-json\/wp\/v2\/product_cat?post=33118"},{"taxonomy":"product_tag","embeddable":true,"href":"https:\/\/havamall.com\/en\/wp-json\/wp\/v2\/product_tag?post=33118"}],"curies":[{"name":"wp","href":"https:\/\/api.w.org\/{rel}","templated":true}]}}