{"id":33159,"date":"2023-12-06T13:58:55","date_gmt":"2023-12-06T06:58:55","guid":{"rendered":"https:\/\/havamall.com\/?post_type=product&#038;p=33159"},"modified":"2026-03-18T12:55:40","modified_gmt":"2026-03-18T05:55:40","slug":"nam-cuc-den-mua-dong-nghien-dong-lanh-200g-black-winter-truffle-breaking","status":"publish","type":"product","link":"https:\/\/havamall.com\/en\/shop\/nam-cuc-den-mua-dong-nghien-dong-lanh-200g-black-winter-truffle-breaking\/","title":{"rendered":"N\u1ea5m C\u1ee5c \u0110en M\u00f9a \u0110\u00f4ng Nghi\u1ec1n \u0110\u00f4ng L\u1ea1nh 200g &#8211; Black Winter Truffle Breaking"},"content":{"rendered":"<p>&nbsp;<\/p>\n<h2><strong>TH\u00d4NG TIN CHUNG<\/strong><\/h2>\n<table>\n<tbody>\n<tr>\n<td>Th\u01b0\u01a1ng hi\u1ec7u<\/td>\n<td>Havafoodies<\/td>\n<\/tr>\n<tr>\n<td>Xu\u1ea5t x\u1ee9<\/td>\n<td>\u00dd<\/td>\n<\/tr>\n<tr>\n<td>Th\u00e0nh ph\u1ea7n<\/td>\n<td>100%\u00a0 c\u1ee5c m\u00f9a \u0111\u00f4ng nghi\u1ec1n<\/td>\n<\/tr>\n<tr>\n<td>H\u1ea1n s\u1eed d\u1ee5ng<\/td>\n<td>12 th\u00e1ng k\u1ec3 t\u1eeb ng\u00e0y s\u1ea3n xu\u1ea5t.<\/td>\n<\/tr>\n<tr>\n<td>B\u1ea3o qu\u1ea3n<\/td>\n<td>B\u1ea3o qu\u1ea3n \u0111\u00f4ng l\u1ea1nh<\/td>\n<\/tr>\n<tr>\n<td>Kh\u1ed1i l\u01b0\u1ee3ng<\/td>\n<td>200g<\/td>\n<\/tr>\n<\/tbody>\n<\/table>\n<p>B\u1ec1 ngo\u00e0i n\u1ea5m Truffle \u0111en c\u00f3 m\u00e0u \u0111en b\u00f3ng, n\u1ed5i h\u1ea1t g\u1ed3 gh\u1ec1. Khi c\u1eaft l\u00e1t ra, b\u00ean trong c\u00f3 nh\u1eefng v\u00e2n m\u00e0u tr\u1eafng x\u00e1m ho\u00e0 quy\u1ec7n v\u1edbi th\u1ecbt n\u1ea5m m\u00e0u \u0111en t\u00edm b\u00f3ng lo\u00e1ng. M\u00f9i h\u01b0\u01a1ng c\u1ee7a n\u1ea5m Truffle \u0111\u1ebfn t\u1eeb m\u1ed9t lo\u1ea1i ch\u1ea5t c\u00f3 m\u00f9i n\u1eb1m trong th\u1edb th\u1ecbt. Khi mi\u1ebfng n\u1ea5m \u0111\u01b0\u1ee3c c\u1eaft l\u00e1t, m\u00f9i h\u01b0\u01a1ng c\u1ee7a n\u00f3 to\u1ea3 ra, t\u1ea1o n\u00ean h\u01b0\u01a1ng v\u1ecb \u0111\u1eb7c tr\u01b0ng c\u1ee7a Truffle.<\/p>\n<p><img fetchpriority=\"high\" decoding=\"async\" class=\"wp-image-33165 aligncenter\" src=\"https:\/\/havamall.com\/wp-content\/uploads\/2023\/12\/Screen-Shot-2023-12-06-at-1.28.48-PM-300x220.png\" alt=\"\" width=\"710\" height=\"521\" \/><\/p>\n<p>Tuy nhi\u00ean, v\u1edbi ph\u01b0\u01a1ng ph\u00e1p b\u1ea3o qu\u1ea3n \u0111\u1eb7c bi\u1ec7t gi\u00fap k\u00e9o d\u00e0i tu\u1ed5i th\u1ecd c\u1ee7a n\u1ea5m c\u1ee5c l\u00ean \u0111\u1ebfn 18 th\u00e1ng, gi\u00fap b\u1ea1n th\u01b0\u1edfng th\u1ee9c h\u01b0\u01a1ng v\u1ecb tuy\u1ec7t v\u1eddi c\u1ee7a n\u1ea5m Truffle \u0111en v\u00e0o b\u1ea5t k\u1ef3 th\u1eddi \u0111i\u1ec3m n\u00e0o trong n\u0103m. N\u1ea5m \u0111\u01b0\u1ee3c b\u0103m nh\u1ecf, sau \u0111\u00f3 \u0111\u01b0\u1ee3c ng\u00e2m trong n\u01b0\u1edbc mu\u1ed1i \u0111\u1ec3 t\u0103ng h\u01b0\u01a1ng v\u1ecb t\u1ef1 nhi\u00ean v\u00e0 b\u1ea3o qu\u1ea3n \u0111\u00f4ng l\u1ea1nh.<\/p>\n<p><img decoding=\"async\" class=\"wp-image-33163 aligncenter\" src=\"https:\/\/havamall.com\/wp-content\/uploads\/2023\/12\/337545943_3325014987760861_7409924572520807565_n-240x300.jpeg\" alt=\"\" width=\"723\" height=\"904\" \/><\/p>\n<p>N\u1ea5m Truffle \u0110en m\u00f9a \u0110\u00f4ng n\u00e0y th\u01b0\u1eddng m\u1ecdc t\u1eeb v\u1ee5 \u0110\u00f4ng th\u00e1ng 11 n\u0103m n\u00e0y \u0111\u1ebfn v\u1ee5 H\u00e8 th\u00e1ng 3 n\u0103m sau. Lo\u00e0i n\u1ea5m n\u00e0y \u0111\u01b0\u1ee3c xem l\u00e0 \u201c<strong>Vi\u00ean kim c\u01b0\u01a1ng \u0111en c\u1ee7a v\u00f9ng Provence<\/strong>\u201c, ng\u01b0\u1eddi ta th\u01b0\u1eddng t\u00ecm th\u1ea5y ch\u00fang \u1edf m\u1ed9t s\u1ed1 qu\u1ed1c gia t\u1ea1i Ch\u00e2u \u00c2u, nh\u01b0 \u00dd, T\u00e2y Ban Nha,\u2026<\/p>\n<p><img decoding=\"async\" class=\"wp-image-33161 aligncenter\" src=\"https:\/\/havamall.com\/wp-content\/uploads\/2023\/12\/361837190_592919256340445_568618690682322229_n-300x300.jpeg\" alt=\"\" width=\"726\" height=\"726\" \/><\/p>\n<p>\u0110\u1eb7c \u0111i\u1ec3m \u0111\u1ec3 nh\u1eadn d\u1ea1ng c\u1ee7a lo\u1ea1i n\u1ea5m n\u00e0y c\u0169ng nh\u01b0 c\u00e1c lo\u1ea1i N\u1ea5m C\u1ee5c kh\u00e1c, v\u1ebb ngo\u00e0i c\u1ee7a ch\u00fang s\u1ebd c\u00f3 m\u00e0u \u0111en tuy\u1ec1n v\u00e0 x\u00f9 x\u00ec (g\u1ed3 gh\u1ec1), c\u00f2n b\u00ean trong l\u1ea1i c\u00f3 c\u00e1c v\u00e2n m\u00e0u n\u00e2u, x\u00e1m k\u1ebft h\u1ee3p tr\u00f4ng v\u00f4 c\u00f9ng \u0111\u1ed9c \u0111\u00e1o.<\/p>\n<p>Ngo\u00e0i \u0111\u1ed9 ngon xu\u1ea5t s\u1eafc th\u00ec lo\u1ea1i N\u1ea5m Truffle \u0110en m\u00f9a \u0110\u00f4ng n\u00e0y c\u0169ng s\u1edf h\u1eefu h\u00e0m l\u01b0\u1ee3ng dinh d\u01b0\u1ee1ng r\u1ea5t cao, c\u1ef1c t\u1ed1t cho s\u1ee9c kh\u1ecfe.\u00a0Gi\u1ed1ng nh\u01b0 c\u00e1c lo\u1ea1i n\u1ea5m c\u1ee5c \u0111en kh\u00e1c, n\u1ea5m c\u1ee5c m\u00f9a \u0111\u00f4ng \u0111en l\u00e0 ngu\u1ed3n cung c\u1ea5p ph\u1ed1t pho v\u00e0 canxi t\u1ed1t \u0111\u1ec3 t\u0103ng c\u01b0\u1eddng x\u01b0\u01a1ng v\u00e0 r\u0103ng, ch\u1ea5t ch\u1ed1ng oxy h\u00f3a \u0111\u1ec3 b\u1ea3o v\u1ec7 t\u1ebf b\u00e0o ch\u1ed1ng l\u1ea1i t\u00e1c h\u1ea1i c\u1ee7a c\u00e1c g\u1ed1c t\u1ef1 do v\u00e0 vitamin C \u0111\u1ec3 t\u0103ng c\u01b0\u1eddng h\u1ec7 th\u1ed1ng mi\u1ec5n d\u1ecbch gi\u1ea3m vi\u00eam. N\u1ea5m c\u1ee5c c\u0169ng cung c\u1ea5p ch\u1ea5t x\u01a1 \u0111\u1ec3 \u0111i\u1ec1u ch\u1ec9nh \u0111\u01b0\u1eddng ti\u00eau h\u00f3a v\u00e0 ch\u1ee9a l\u01b0\u1ee3ng s\u1eaft, mangan v\u00e0 magi\u00ea th\u1ea5p h\u01a1n.<\/p>\n<p><img loading=\"lazy\" decoding=\"async\" class=\"wp-image-33162 aligncenter\" src=\"https:\/\/havamall.com\/wp-content\/uploads\/2023\/12\/391761140_638744401757930_4854214113721859080_n-300x300.jpeg\" alt=\"\" width=\"729\" height=\"729\" \/><\/p>\n<h2 id=\"h-tac-dng-ca-nm-truffle-khi-s-dng\" class=\"wp-block-heading ftwp-heading\"><strong>T\u00e1c d\u1ee5ng c\u1ee7a N\u1ea5m Truffle khi s\u1eed d\u1ee5ng<\/strong><\/h2>\n<h5 id=\"h-1-tang-cng-d-khang\" class=\"wp-block-heading ftwp-heading\"><em><strong>T\u0103ng c\u01b0\u1eddng \u0111\u1ec1 kh\u00e1ng<\/strong><\/em><\/h5>\n<p>Nh\u01b0 c\u00e1c b\u1ea1n c\u0169ng bi\u1ebft,\u00a0n\u1ea5m\u00a0l\u00e0 gi\u1edbi v\u00f4 c\u00f9ng th\u00e2n thi\u1ec7n v\u1edbi s\u1ee9c kh\u1ecfe, b\u1edfi ch\u00fang ch\u1ee9a trong m\u00ecnh v\u00f4 c\u00f9ng nhi\u1ec1u gi\u00e1 tr\u1ecb dinh d\u01b0\u1ee1ng c\u00f3 \u00edch v\u1edbi c\u01a1 th\u1ec3 ch\u00fang ta.<\/p>\n<p>V\u1eady n\u00ean, N\u1ea5m Truffle c\u0169ng mang trong m\u00ecnh r\u1ea5t nhi\u1ec1u dinh d\u01b0\u1ee1ng thi\u1ebft y\u1ebfu nh\u01b0 Protein, ch\u1ea5t x\u01a1, c\u00e1c vitamin, axit amin v\u00e0 kho\u00e1ng ch\u1ea5t c\u1ea7n thi\u1ebft,\u2026 gi\u00fap t\u0103ng c\u01b0\u1eddng h\u1ec7 mi\u1ec5n d\u1ecbch, ch\u1ed1ng l\u1ea1i nhi\u1ec1u c\u0103n b\u1ec7nh kh\u00e1c nhau.<\/p>\n<h5 id=\"h-2-giup-gim-viem-va-tn-thng\" class=\"wp-block-heading ftwp-heading\"><em><strong>Gi\u00fap gi\u1ea3m vi\u00eam v\u00e0 t\u1ed5n th\u01b0\u01a1ng<\/strong><\/em><\/h5>\n<p>Ngo\u00e0i vi\u1ec7c gi\u00fap t\u0103ng c\u01b0\u1eddng h\u1ec7 mi\u1ec5n d\u1ecbch \u0111\u1ec3 ch\u1ed1ng l\u1ea1i g\u1ed1c t\u1ef1 do t\u1eeb b\u00ean ngo\u00e0i t\u1ea5n c\u00f4ng th\u00ec N\u1ea5m Truffle c\u00f2n c\u00f3 t\u00e1c d\u1ee5ng h\u1ea1n ch\u1ebf s\u1ef1 h\u00ecnh th\u00e0nh c\u1ee7a c\u00e1c g\u1ed1c t\u1ef1 do trong c\u01a1 th\u1ec3 nh\u1edd h\u00e0m l\u01b0\u1ee3ng ch\u1ea5t ch\u1ed1ng oxy h\u00f3a cao.<\/p>\n<p>Nh\u1eefng c\u00f4ng d\u1ee5ng tuy\u1ec7t di\u1ec7u n\u00e0y s\u1ebd gi\u00fap c\u01a1 th\u1ec3 gi\u1ea3m \u0111\u01b0\u1ee3c nh\u1eefng nguy c\u01a1 t\u1ed5n th\u01b0\u01a1ng t\u1ebf b\u00e0o v\u00e0 h\u1ea1n ch\u1ebf vi\u00eam nhi\u1ec5m m\u1ed9t c\u00e1ch hi\u1ec7u qu\u1ea3 h\u01a1n.<\/p>\n<p><img loading=\"lazy\" decoding=\"async\" class=\"wp-image-33160 aligncenter\" src=\"https:\/\/havamall.com\/wp-content\/uploads\/2023\/12\/271143151_677171340357008_9149310426504057908_n-300x300.jpeg\" alt=\"\" width=\"724\" height=\"724\" \/><\/p>\n<h5 id=\"ftoc-heading-14\" class=\"wp-block-heading ftwp-heading\"><em><strong>T\u0103ng c\u01b0\u1eddng tr\u00ed nh\u1edb<\/strong><\/em><\/h5>\n<p>Nh\u01b0 N\u1ea5m Kim Ch\u00e2m, trong N\u1ea5m Truffle c\u0169ng c\u00f3 ch\u1ee9a m\u1ed9t h\u00e0m l\u01b0\u1ee3ng ch\u1ea5t\u00a0Choline, v\u1edbi t\u00e1c d\u1ee5ng h\u1ed7 tr\u1ee3 nu\u00f4i d\u01b0\u1ee1ng v\u00e0 duy tr\u00ec ho\u1ea1t \u0111\u1ed9ng kh\u1ecfe m\u1ea1nh c\u1ee7a h\u1ec7 th\u1ea7n kinh. \u0110\u1ed3ng th\u1eddi c\u0169ng s\u1ebd k\u00edch th\u00edch s\u1ea3n sinh ra ch\u1ea5t t\u0103ng tr\u01b0\u1edfng th\u1ea7n kinh \u0111\u1ec3 gi\u00fap t\u0103ng ch\u1ea5t x\u00e1m cho n\u00e3o.<\/p>\n<h5 id=\"h-4-tieu-dit-cac-t-bao-ung-th\" class=\"wp-block-heading ftwp-heading\"><em><strong>Ti\u00eau di\u1ec7t c\u00e1c t\u1ebf b\u00e0o ung th\u01b0<\/strong><\/em><\/h5>\n<p>Ch\u1ea5t Selenium c\u00f3 trong N\u1ea5m Truffle s\u1ebd c\u00f3 t\u00e1c d\u1ee5ng l\u00e0m ki\u1ec1m h\u00e3m (l\u00e0m ch\u1eadm) qu\u00e1 tr\u00ecnh ph\u00e1t tri\u1ec3n c\u1ee7a c\u00e1c kh\u1ed1i u v\u00e0 ti\u00eau vi\u00eam. \u0110\u1ed3ng th\u1eddi, \u0111i\u1ec1u n\u00e0y s\u1ebd k\u00edch th\u00edch c\u00e1c Enzym c\u00f3 trong gan v\u00f4 hi\u1ec7u h\u00f3a c\u00e1c t\u00e1c nh\u00e2n c\u00f3 t\u1ef7 l\u1ec7 g\u00e2y n\u00ean ung th\u01b0.<\/p>\n<p>Kh\u00f4ng ch\u1ec9 v\u1eady, ch\u1ea5t ch\u1ed1ng oxy h\u00f3a c\u1ee7a lo\u1ea1i n\u1ea5m n\u00e0y c\u00f2n gi\u00fap c\u01a1 th\u1ec3 ng\u0103n ng\u1eeba \u0111\u01b0\u1ee3c s\u1ef1 xu\u1ea5t hi\u1ec7n c\u1ee7a c\u00e1c kh\u1ed1i u \u00e1c t\u00ednh.<\/p>\n<h5 id=\"ftoc-heading-16\" class=\"wp-block-heading ftwp-heading\"><em><strong>H\u1ed7 tr\u1ee3 c\u01a1 th\u1ec3 kh\u00e1ng khu\u1ea9n<\/strong><\/em><\/h5>\n<p>Ngo\u00e0i nh\u1eefng gi\u00e1 tr\u1ecb dinh d\u01b0\u1ee1ng v\u01b0\u1ee3t tr\u1ed9i k\u1ec3 tr\u00ean, N\u1ea5m C\u1ee5c c\u00f2n gi\u00fap c\u01a1 th\u1ec3 t\u0103ng c\u01b0\u1eddng kh\u1ea3 n\u0103ng kh\u00e1ng khu\u1ea9n \u0111\u1ec3 ch\u1ed1ng l\u1ea1i c\u00e1c vi sinh v\u1eadt, c\u0169ng nh\u01b0 k\u00ecm h\u00e3m s\u1ef1 ph\u00e1t tri\u1ec3n c\u1ee7a c\u00e1c vi khu\u1ea9n x\u00e2m nh\u1eadp.<\/p>\n<p><img loading=\"lazy\" decoding=\"async\" class=\"wp-image-33164 aligncenter\" src=\"https:\/\/havamall.com\/wp-content\/uploads\/2023\/12\/332196596_737803277923783_4291644020482543878_n-300x300.jpeg\" alt=\"\" width=\"739\" height=\"739\" \/><\/p>\n<h2 id=\"h-nm-truffle-gia-bao-nhieu\" class=\"wp-block-heading ftwp-heading\"><strong>N\u1ea5m Truffle gi\u00e1 bao nhi\u00eau?<\/strong><\/h2>\n<p>V\u00e0o n\u0103m 2018-2019 th\u00ec gi\u00e1 c\u1ee7a 1kg N\u1ea5m Truffle t\u01b0\u01a1i c\u00f2n th\u00f4 h\u1ea1ng xo\u00e0ng c\u0169ng ph\u1ea3i l\u00e0 x\u1ea5p x\u1ec9 150-200 USD. V\u1edbi lo\u1ea1i t\u1ed1t th\u00ec c\u00f3 gi\u00e1 t\u1ea7m 6.000-20.000 USD\/kg, lo\u1ea1i th\u01b0\u1ee3ng h\u1ea1ng th\u1eadm ch\u00ed c\u00f3 th\u1ec3 l\u00ean t\u1edbi c\u1ea3 tr\u0103m ng\u00e0n \u0111\u00f4.<\/p>\n<p>\u0110\u00f3 l\u00e0 gi\u00e1 n\u1ea5m tr\u00ean to\u00e0n c\u1ea7u, c\u00f2n \u1edf Vi\u1ec7t Nam th\u00ec gi\u00e1 N\u1ea5m Truffle dao \u0111\u1ed9ng v\u00e0o tr\u00ean d\u01b0\u1edbi 150.000.000 \u0111\/kg. Tuy nhi\u00ean, n\u1ebfu b\u1ea1n y\u00eau th\u00edch Truffle Tr\u1eafng h\u01a1n th\u00ec b\u1ea1n s\u1ebd ph\u1ea3i tr\u1ea3 m\u1ee9c gi\u00e1 g\u1ea5p 3-4 l\u1ea7n gi\u00e1 Truffle \u0110en.<\/p>\n<p>\u0110\u00fang ngh\u0129a \u0111\u00e2y l\u00e0 lo\u1ea1i n\u1ea5m \u201c<strong>t\u1ed1t g\u1ed7 h\u01a1n t\u1ed1t n\u01b0\u1edbc s\u01a1n<\/strong>\u201c, d\u00f9 v\u1ebb ngo\u00e0i x\u00f9 x\u00ec x\u1ea5u x\u00ed nh\u01b0ng ch\u00fang l\u1ea1i \u0111\u00e1ng gi\u00e1 h\u01a1n c\u1ea3 v\u00e0ng.<\/p>\n<p><img loading=\"lazy\" decoding=\"async\" class=\"wp-image-33166 aligncenter\" src=\"https:\/\/havamall.com\/wp-content\/uploads\/2023\/12\/Screen-Shot-2023-12-06-at-1.28.58-PM-300x294.png\" alt=\"\" width=\"726\" height=\"711\" \/><\/p>","protected":false},"excerpt":{"rendered":"<p>&nbsp; TH\u00d4NG TIN CHUNG Th\u01b0\u01a1ng hi\u1ec7u Havafoodies Xu\u1ea5t x\u1ee9 \u00dd Th\u00e0nh ph\u1ea7n 100%\u00a0 c\u1ee5c m\u00f9a \u0111\u00f4ng nghi\u1ec1n H\u1ea1n s\u1eed d\u1ee5ng<\/p>","protected":false},"featured_media":33167,"comment_status":"open","ping_status":"closed","template":"","meta":[],"product_brand":[],"product_cat":[724,36,275],"product_tag":[],"class_list":{"0":"post-33159","1":"product","2":"type-product","3":"status-publish","4":"has-post-thumbnail","6":"product_cat-nhap-khau-y","7":"product_cat-thuc-pham-tieu-dung","8":"product_cat-thuc-pham-dong-lanh","10":"first","11":"instock","12":"sale","13":"shipping-taxable","14":"purchasable","15":"product-type-simple"},"_links":{"self":[{"href":"https:\/\/havamall.com\/en\/wp-json\/wp\/v2\/product\/33159","targetHints":{"allow":["GET"]}}],"collection":[{"href":"https:\/\/havamall.com\/en\/wp-json\/wp\/v2\/product"}],"about":[{"href":"https:\/\/havamall.com\/en\/wp-json\/wp\/v2\/types\/product"}],"replies":[{"embeddable":true,"href":"https:\/\/havamall.com\/en\/wp-json\/wp\/v2\/comments?post=33159"}],"version-history":[{"count":0,"href":"https:\/\/havamall.com\/en\/wp-json\/wp\/v2\/product\/33159\/revisions"}],"wp:featuredmedia":[{"embeddable":true,"href":"https:\/\/havamall.com\/en\/wp-json\/wp\/v2\/media\/33167"}],"wp:attachment":[{"href":"https:\/\/havamall.com\/en\/wp-json\/wp\/v2\/media?parent=33159"}],"wp:term":[{"taxonomy":"product_brand","embeddable":true,"href":"https:\/\/havamall.com\/en\/wp-json\/wp\/v2\/product_brand?post=33159"},{"taxonomy":"product_cat","embeddable":true,"href":"https:\/\/havamall.com\/en\/wp-json\/wp\/v2\/product_cat?post=33159"},{"taxonomy":"product_tag","embeddable":true,"href":"https:\/\/havamall.com\/en\/wp-json\/wp\/v2\/product_tag?post=33159"}],"curies":[{"name":"wp","href":"https:\/\/api.w.org\/{rel}","templated":true}]}}