{"id":33262,"date":"2023-12-14T16:16:02","date_gmt":"2023-12-14T09:16:02","guid":{"rendered":"https:\/\/havamall.com\/?post_type=product&#038;p=33262"},"modified":"2025-12-10T11:11:15","modified_gmt":"2025-12-10T04:11:15","slug":"keo-bong-duong-dong-tien-thoi-vang-mix-2-mau-do-vang-trang-tri-banh-tet-nam-moi","status":"publish","type":"product","link":"https:\/\/havamall.com\/en\/shop\/keo-bong-duong-dong-tien-thoi-vang-mix-2-mau-do-vang-trang-tri-banh-tet-nam-moi\/","title":{"rendered":"K\u1eb9o B\u00f4ng \u0110\u01b0\u1eddng \u0110\u1ed3ng Ti\u1ec1n Th\u1ecfi V\u00e0ng Mix 2 M\u00e0u \u0110\u1ecf, V\u00e0ng Trang Tr\u00ed B\u00e1nh T\u1ebft N\u0103m M\u1edbi H\u1ee7 35g &#8211; Tet Mini Sprinkles"},"content":{"rendered":"<p>Ngo\u00e0i socola chips d\u00f9ng \u0111\u1ec3 trang tr\u00ed b\u00e1nh th\u00ec c\u00f2n c\u00f3 b\u00f4ng \u0111\u01b0\u1eddng c\u0169ng \u0111\u01b0\u1ee3c s\u1eed d\u1ee5ng \u0111\u1ec3 t\u1ea1o l\u1edbp trang tr\u00ed \u0111\u1ea7y s\u1eafc m\u00e0u, gi\u00fap chi\u1ebfc b\u00e1nh c\u1ee7a b\u1ea1n th\u00eam ph\u1ea7n r\u1ef1c r\u1ee1 v\u00e0 thu h\u00fat \u00e1nh nh\u00ecn.<\/p>\n<p>S\u1ea3n ph\u1ea9m \u0111\u1ea3m b\u1ea3o v\u1ec7 sinh an to\u00e0n th\u1ef1c ph\u1ea9m, t\u1ed1t cho s\u1ee9c kh\u1ecfe con ng\u01b0\u1eddi.\u00a0C\u1ed1m v\u1edbi v\u1ecb ng\u1ecdt s\u1ea7n s\u1eadt, h\u01a1i de khi c\u1eafn v\u00e0o t\u1ea1o v\u1ecb ng\u1ecdt m\u00e1t s\u1ebd khi\u1ebfn b\u1ea1n v\u00f4 c\u00f9ng th\u00edch th\u00fa. S\u1ea3n ph\u1ea9m \u0111em \u0111\u1ebfn m\u1ed9t ch\u1ea5t l\u01b0\u1ee3ng t\u1ed1t v\u00e0 m\u1ed9t h\u01b0\u01a1ng v\u1ecb ho\u00e0n h\u1ea3o.<\/p>\n<p><img fetchpriority=\"high\" decoding=\"async\" class=\"aligncenter wp-image-33280 size-full\" src=\"https:\/\/havamall.com\/wp-content\/uploads\/2023\/12\/sg-11134201-22110-q888ekd0y3jvbb.jpeg\" alt=\"\" width=\"800\" height=\"700\" srcset=\"https:\/\/havamall.com\/wp-content\/uploads\/2023\/12\/sg-11134201-22110-q888ekd0y3jvbb.jpeg 800w, https:\/\/havamall.com\/wp-content\/uploads\/2023\/12\/sg-11134201-22110-q888ekd0y3jvbb-600x525.jpeg 600w, https:\/\/havamall.com\/wp-content\/uploads\/2023\/12\/sg-11134201-22110-q888ekd0y3jvbb-150x131.jpeg 150w\" sizes=\"(max-width: 800px) 100vw, 800px\" \/><\/p>\n<p>B\u00f4ng \u0111\u01b0\u1eddng c\u00f3 h\u01b0\u01a1ng v\u1ecb ng\u1ecdt t\u1ef1 nhi\u00ean h\u00f2a v\u1edbi h\u01b0\u01a1ng v\u1ecb tr\u00e1i c\u00e2y th\u01a1m th\u01a1m, gi\u00f2n v\u00e0 th\u01a1m ngon. S\u1ea3n ph\u1ea9m c\u00f3 \u0111\u1ee7 h\u00ecnh d\u1ea1ng ph\u00f9 h\u1ee3p \u0111\u1ec3 trang tr\u00ed, xinh x\u1eafn, r\u1ef1c r\u1ee1 s\u1eafc m\u00e0u. L\u00e0 l\u1ef1a ch\u1ecdn l\u00fd t\u01b0\u1edfng \u0111\u1ec3 l\u00e0m nh\u00e2n ho\u1eb7c trang tr\u00ed, khi trang tr\u00ed t\u1ea1o n\u00ean m\u1ed9t t\u1ed5ng h\u00f2a c\u00e1c m\u00e0u s\u1eafc n\u1ed5i b\u1eadt v\u00e0 \u0111\u1eb9p m\u1eaft.<\/p>\n<p>B\u00f4ng \u0111\u01b0\u1eddng l\u00e0 m\u1ed9t trong nh\u1eefng nguy\u00ean li\u1ec7u trang tr\u00ed ph\u1ed5 bi\u1ebfn trong l\u00e0m b\u00e1nh, d\u00f9ng \u0111\u1ec3 r\u1eafc l\u00ean kem, m\u1eb7t b\u00e1nh kem, k\u1eb9o m\u00fat, socola, cakepops r\u1ea5t \u0111\u1eb9p m\u1eaft. \u0110\u1ed1i v\u1edbi kem, b\u00e1nh kem, sau khi ho\u00e0n t\u1ea5t kh\u00e2u tr\u00e9t kem cho b\u00e1nh, b\u1ea1n ch\u1ec9 c\u1ea7n r\u1eafc nh\u1eb9 m\u1ed9t l\u1edbp c\u1ed1m l\u00ean m\u1eb7t b\u00e1nh l\u00e0 \u0111\u00e3 c\u00f3 \u0111\u01b0\u1ee3c m\u1ed9t l\u1edbp trang tr\u00ed ho\u00e0n h\u1ea3o. V\u1edbi c\u00e1c lo\u1ea1i b\u00e1nh kh\u00f4ng d\u00ednh m\u00e0 mu\u1ed1n t\u1ea1o l\u1edbp trang tr\u00ed, b\u1ea1n c\u00f3 th\u1ec3 nh\u00fang qua socola ch\u1ea3y ho\u1eb7c m\u1eadt ong \u0111\u1ec3 t\u1ea1o \u0111\u1ed9 d\u00ednh tr\u01b0\u1edbc r\u1ed3i m\u1edbi l\u0103n qua c\u1ed1m.<\/p>\n<p><img decoding=\"async\" class=\"aligncenter wp-image-33281 size-full\" src=\"https:\/\/havamall.com\/wp-content\/uploads\/2023\/12\/Screen-Shot-2023-12-14-at-4.10.30-PM.png\" alt=\"\" width=\"790\" height=\"753\" srcset=\"https:\/\/havamall.com\/wp-content\/uploads\/2023\/12\/Screen-Shot-2023-12-14-at-4.10.30-PM.png 790w, https:\/\/havamall.com\/wp-content\/uploads\/2023\/12\/Screen-Shot-2023-12-14-at-4.10.30-PM-600x572.png 600w, https:\/\/havamall.com\/wp-content\/uploads\/2023\/12\/Screen-Shot-2023-12-14-at-4.10.30-PM-150x143.png 150w\" sizes=\"(max-width: 790px) 100vw, 790px\" \/><\/p>\n<h3><strong>\u0110\u1eb7c \u0111i\u1ec3m n\u1ed5i b\u1eadt c\u1ee7a:<\/strong><\/h3>\n<p>\u2013 B\u00f4ng \u0111\u01b0\u1eddng nhi\u1ec1u m\u00e0u c\u00f3 h\u01b0\u01a1ng v\u1ecb ng\u1ecdt t\u1ef1 nhi\u00ean, kh\u00f4ng ch\u1ea5t ho\u00e1 h\u1ecdc, ph\u1ea9m m\u00e0u \u0111\u1ed9c h\u1ea1i.<\/p>\n<p>\u2013 M\u00e0u s\u1eafc c\u1ed1m t\u01b0\u01a1i s\u00e1ng, phong ph\u00fa.<\/p>\n<p>\u2013 S\u1ea3n ph\u1ea9m c\u00f3 h\u00ecnh d\u1ea1ng kh\u00e1c nhau v\u00e0 xinh x\u1eafn, r\u1ef1c r\u1ee1 s\u1eafc m\u00e0u.<\/p>\n<p>\u2013 L\u00e0 l\u1ef1a ch\u1ecdn l\u00fd t\u01b0\u1edfng \u0111\u1ec3 l\u00e0m nh\u00e2n ho\u1eb7c trang tr\u00ed, khi trang tr\u00ed t\u1ea1o n\u00ean m\u1ed9t t\u1ed5ng h\u00f2a c\u00e1c m\u00e0u s\u1eafc n\u1ed5i b\u1eadt v\u00e0 \u0111\u1eb9p m\u1eaft.<\/p>\n<p><img decoding=\"async\" class=\"aligncenter wp-image-33282 size-full\" src=\"https:\/\/havamall.com\/wp-content\/uploads\/2023\/12\/Screen-Shot-2023-12-14-at-4.10.42-PM.png\" alt=\"\" width=\"793\" height=\"698\" srcset=\"https:\/\/havamall.com\/wp-content\/uploads\/2023\/12\/Screen-Shot-2023-12-14-at-4.10.42-PM.png 793w, https:\/\/havamall.com\/wp-content\/uploads\/2023\/12\/Screen-Shot-2023-12-14-at-4.10.42-PM-600x528.png 600w, https:\/\/havamall.com\/wp-content\/uploads\/2023\/12\/Screen-Shot-2023-12-14-at-4.10.42-PM-150x132.png 150w\" sizes=\"(max-width: 793px) 100vw, 793px\" \/><\/p>\n<h3><strong>H\u01b0\u1edbng d\u1eabn s\u1eed d\u1ee5ng:<\/strong><\/h3>\n<p>\u2013 B\u00f4ng \u0111\u01b0\u1eddng nhi\u1ec1u m\u00e0u d\u00f9ng \u0111\u1ec3 trang tr\u00ed b\u00e1nh kem, b\u00e1nh quy, donut, c\u00e1c lo\u1ea1i k\u1eb9o, \u0111\u1ed3 u\u1ed1ng ho\u1eb7c tr\u1ed9n tr\u1ef1c ti\u1ebfp v\u1edbi b\u1ed9t l\u00e0m b\u00e1nh \u0111\u1ec3 t\u1ea1o m\u00e0u.<\/p>\n<p>\u2013 R\u1eafc l\u00ean m\u1eb7t b\u00e1nh \u0111\u1ec3 trang tr\u00ed ho\u1eb7c x\u1ebfp th\u00e0nh c\u00e1c h\u00ecnh trang tr\u00ed. Ph\u01b0\u01a1ng \u00e1n nhanh ch\u00f3ng \u0111\u1ec3 t\u1ea1o n\u00ean m\u1ed9t l\u1edbp trang tr\u00ed b\u00e1nh \u0111\u1eb9p m\u1eaft, thu h\u00fat v\u00e0 h\u1ea5p d\u1eabn.<\/p>\n<p>&#8211; H\u01b0\u1edbng d\u1eabn b\u1ea3o qu\u1ea3n: t\u1ee7 m\u00e1t, n\u01a1i kh\u00f4 r\u00e1o, tho\u00e1ng m\u00e1t.<\/p>\n<p><img loading=\"lazy\" decoding=\"async\" class=\"aligncenter wp-image-33283 size-full\" src=\"https:\/\/havamall.com\/wp-content\/uploads\/2023\/12\/Screen-Shot-2023-12-14-at-4.10.53-PM.png\" alt=\"\" width=\"792\" height=\"750\" srcset=\"https:\/\/havamall.com\/wp-content\/uploads\/2023\/12\/Screen-Shot-2023-12-14-at-4.10.53-PM.png 792w, https:\/\/havamall.com\/wp-content\/uploads\/2023\/12\/Screen-Shot-2023-12-14-at-4.10.53-PM-600x568.png 600w, https:\/\/havamall.com\/wp-content\/uploads\/2023\/12\/Screen-Shot-2023-12-14-at-4.10.53-PM-150x142.png 150w\" sizes=\"(max-width: 792px) 100vw, 792px\" \/><\/p>\n<p>K\u1eb9o b\u00f4ng \u0111\u01b0\u1eddng trang tr\u00ed Havafoodies s\u1ea3n ph\u1ea9m c\u00f3 th\u1ec3 \u0103n tr\u1ef1c ti\u1ebfp \u0111\u01b0\u1ee3c. V\u1ecb ng\u1ecdt ng\u1ecdt chua chua k\u1ebft h\u1ee3p h\u01b0\u01a1ng tr\u00e1i c\u00e2y t\u1ef1 nhi\u00ean, h\u01a1n 90% ng\u01b0\u1eddi l\u1ea7n \u0111\u1ea7u ti\u00ean d\u00f9ng s\u1ea3n ph\u1ea9m \u0111\u1ec1u khen k\u1eb9o c\u00f3 m\u00f9i th\u01a1m r\u1ea5t d\u1ec5 ch\u1ecbu.<br \/>\nQuy c\u00e1ch \u0111\u00f3ng g\u00f3i s\u1ea3n ph\u1ea9m hi\u1ec7n \u0111\u1ea1i, s\u1ea3n ph\u1ea9m \u0111\u01b0\u1ee3c \u0111\u00f3ng g\u00f3i c\u1ea9n th\u1eadn tr\u00ean t\u1eebng h\u1ed9p k\u1eb9o, th\u1eddi gian s\u1eed d\u1ee5ng\u00a0<strong>k\u1eb9o b\u00f4ng \u0111\u01b0\u1eddng trang tr\u00ed<\/strong>\u00a0c\u00f3 th\u1ec3 s\u1eed d\u1ee5ng 1 n\u0103m k\u1ec3 t\u1eeb ng\u00e0y s\u1ea3n xu\u1ea5t<\/p>\n<p>S\u1ea3n ph\u1ea9m nh\u1ecf, nh\u1eb9, g\u1ecdn v\u00e0 d\u1ec5 v\u1eadn chuy\u1ec3n, kh\u00f4ng b\u1ecb ch\u1ea3y n\u01b0\u1edbc b\u1edfi nhi\u1ec7t \u0111\u1ed9 m\u00f4i tr\u01b0\u1eddng t\u0103ng cao<br \/>\nH\u00ecnh th\u1ee9c kinh doanh r\u1ea5t th\u1ef1c t\u1ebf b\u1edfi gi\u00e1 c\u1ea3 h\u1ee3p l\u00fd b\u00e1n k\u1eb9o b\u00f4ng \u0111\u01b0\u1eddng trang tr\u00ed theo kg, c\u1ea1nh tranh tr\u1ef1c ti\u1ebfp v\u00e0 chi\u1ebfm \u01b0u th\u1ebf tr\u00ean th\u1ecb tr\u01b0\u1eddng k\u1eb9o b\u00f4ng \u0111\u01b0\u1eddng trang tr\u00ed hi\u1ec7n nay.<\/p>","protected":false},"excerpt":{"rendered":"<p>Ngo\u00e0i socola chips d\u00f9ng \u0111\u1ec3 trang tr\u00ed b\u00e1nh th\u00ec c\u00f2n c\u00f3 b\u00f4ng \u0111\u01b0\u1eddng c\u0169ng \u0111\u01b0\u1ee3c s\u1eed d\u1ee5ng \u0111\u1ec3 t\u1ea1o l\u1edbp<\/p>","protected":false},"featured_media":33284,"comment_status":"open","ping_status":"closed","template":"","meta":[],"product_brand":[],"product_cat":[784,36],"product_tag":[],"class_list":{"0":"post-33262","1":"product","2":"type-product","3":"status-publish","4":"has-post-thumbnail","6":"product_cat-nguyen-lieu-trang-tri","7":"product_cat-thuc-pham-tieu-dung","9":"first","10":"instock","11":"sale","12":"shipping-taxable","13":"purchasable","14":"product-type-simple"},"_links":{"self":[{"href":"https:\/\/havamall.com\/en\/wp-json\/wp\/v2\/product\/33262","targetHints":{"allow":["GET"]}}],"collection":[{"href":"https:\/\/havamall.com\/en\/wp-json\/wp\/v2\/product"}],"about":[{"href":"https:\/\/havamall.com\/en\/wp-json\/wp\/v2\/types\/product"}],"replies":[{"embeddable":true,"href":"https:\/\/havamall.com\/en\/wp-json\/wp\/v2\/comments?post=33262"}],"version-history":[{"count":0,"href":"https:\/\/havamall.com\/en\/wp-json\/wp\/v2\/product\/33262\/revisions"}],"wp:featuredmedia":[{"embeddable":true,"href":"https:\/\/havamall.com\/en\/wp-json\/wp\/v2\/media\/33284"}],"wp:attachment":[{"href":"https:\/\/havamall.com\/en\/wp-json\/wp\/v2\/media?parent=33262"}],"wp:term":[{"taxonomy":"product_brand","embeddable":true,"href":"https:\/\/havamall.com\/en\/wp-json\/wp\/v2\/product_brand?post=33262"},{"taxonomy":"product_cat","embeddable":true,"href":"https:\/\/havamall.com\/en\/wp-json\/wp\/v2\/product_cat?post=33262"},{"taxonomy":"product_tag","embeddable":true,"href":"https:\/\/havamall.com\/en\/wp-json\/wp\/v2\/product_tag?post=33262"}],"curies":[{"name":"wp","href":"https:\/\/api.w.org\/{rel}","templated":true}]}}