{"id":33315,"date":"2023-12-18T16:36:57","date_gmt":"2023-12-18T09:36:57","guid":{"rendered":"https:\/\/havamall.com\/?post_type=product&#038;p=33315"},"modified":"2025-08-21T14:21:14","modified_gmt":"2025-08-21T07:21:14","slug":"snack-khoai-tay-vi-nam-truffle-el-valle-45g-truffle-taste-premium-chips","status":"publish","type":"product","link":"https:\/\/havamall.com\/en\/shop\/snack-khoai-tay-vi-nam-truffle-el-valle-45g-truffle-taste-premium-chips\/","title":{"rendered":"Snack Khoai T\u00e2y V\u1ecb N\u1ea5m Truffle El Valle 45g &#8211; Truffle Taste Premium Chips"},"content":{"rendered":"<div class=\"text-14 leading-5\"><\/div>\n<h2><strong>TH\u00d4NG TIN CHUNG<\/strong><\/h2>\n<table>\n<tbody>\n<tr>\n<td>Th\u01b0\u01a1ng hi\u1ec7u<\/td>\n<td>El Valle<\/td>\n<\/tr>\n<tr>\n<td>Xu\u1ea5t x\u1ee9<\/td>\n<td>T\u00e2y Ban Nha<\/td>\n<\/tr>\n<tr>\n<td>Th\u00e0nh ph\u1ea7n<\/td>\n<td>Khoai t\u00e2y, d\u1ea7u h\u01b0\u1edbng d\u01b0\u01a1ng, h\u01b0\u01a1ng n\u1ea5m c\u1ee5c t\u1ef1 nhi\u00ean<\/td>\n<\/tr>\n<tr>\n<td>H\u1ea1n s\u1eed d\u1ee5ng<\/td>\n<td>12 th\u00e1ng k\u1ec3 t\u1eeb ng\u00e0y s\u1ea3n xu\u1ea5t.<\/td>\n<\/tr>\n<tr>\n<td>B\u1ea3o qu\u1ea3n<\/td>\n<td>N\u01a1i kh\u00f4 r\u00e1o, tho\u00e1ng m\u00e1t, \u0111\u1ea3m b\u1ea3o v\u1ec7 sinh an to\u00e0n th\u1ef1c ph\u1ea9m, tr\u00e1nh \u00e1nh s\u00e1ng m\u1eb7t tr\u1edbi chi\u1ebfu tr\u1ef1c ti\u1ebfp<\/td>\n<\/tr>\n<tr>\n<td>\u00a0Kh\u1ed1i l\u01b0\u1ee3ng<\/td>\n<td>45g<\/td>\n<\/tr>\n<\/tbody>\n<\/table>\n<p class=\"mb-2 mt-3 lg:font-bold\">\u0110\u01b0\u1ee3c m\u1ec7nh danh l\u00e0 lo\u1ea1i n\u1ea5m hi\u1ebfm c\u00f3 v\u00e0 \u0111\u1eaft \u0111\u1ecf nh\u1ea5t th\u1ebf gi\u1edbi, n\u1ea5m truffle th\u01b0\u1eddng ch\u1ec9 xu\u1ea5t hi\u1ec7n trong nh\u1eefng m\u00f3n \u0103n th\u01b0\u1ee3ng l\u01b0u xa x\u1ec9. Nay El Valle m\u1ea1nh tay t\u1ea9m th\u00e0nh ph\u1ea7n t\u1eeb truffle x\u1ecbn m\u1ecbn trong m\u1ed9t g\u00f3i snack th\u00f4ng th\u01b0\u1eddng, mang \u0111\u1ebfn h\u01b0\u01a1ng v\u1ecb ho\u00e0n to\u00e0n kh\u00e1c l\u1ea1, v\u00f4 c\u00f9ng \u0111\u1eb7c bi\u1ec7t.<\/p>\n<p class=\"mb-2 mt-3 lg:font-bold\">S\u1ef1 k\u1ebft h\u1ee3p b\u00f9ng n\u1ed5 gi\u1eefa nh\u1eefng l\u00e1t khoai t\u00e2y t\u01b0\u01a1i ngon v\u00e0 n\u1ea5m Truffle \u0111en nguy\u00ean g\u1ed1c t\u1ea1o n\u00ean s\u1ea3n ph\u1ea9m\u00a0snack khoai t\u00e2y v\u1ecb n\u1ea5m truffle El Valle m\u1edbi l\u1ea1. \u0110\u00e2y l\u00e0 s\u1ea3n ph\u1ea9m m\u1edbi mang th\u01b0\u01a1ng hi\u1ec7u\u00a0snack El Valle n\u1ed5i ti\u1ebfng v\u1edbi c\u00e1c lo\u1ea1i b\u00e1nh\u00a0snack\u00a0\u0111a d\u1ea1ng h\u01b0\u01a1ng v\u1ecb \u0111\u1ec3 b\u1ea1n l\u1ef1a ch\u1ecdn.<\/p>\n<p>\u00a0<img fetchpriority=\"high\" decoding=\"async\" class=\"wp-image-33317 aligncenter\" src=\"https:\/\/havamall.com\/wp-content\/uploads\/2023\/12\/316309627_151827157583776_6173721418382846844_n-300x169.jpeg\" alt=\"\" width=\"751\" height=\"423\" \/><\/p>\n<div class=\"text-14 leading-5\">\n<p>Snack \u0111\u01b0\u1ee3c l\u00e0m t\u1eeb khoai t\u00e2y, d\u1ea7u th\u1ef1c v\u1eadt, c\u00e1c gia v\u1ecb k\u1ebft h\u1ee3p c\u00f9ng v\u1ecb n\u1ea5m Truffle t\u1ea1o n\u00ean s\u1ef1 kh\u00e1c bi\u1ec7t. B\u00ean c\u1ea1nh n\u0103ng l\u01b0\u1ee3ng, b\u00e1nh c\u00f2n b\u1ed5 sung c\u00e1c ch\u1ea5t \u0111\u1ea1m, ch\u1ea5t b\u00e9o, \u0111\u01b0\u1eddng,&#8230; cho c\u01a1 th\u1ec3. Theo th\u00f4ng tin \u0111\u01b0\u1ee3c in tr\u00ean bao b\u00ec s\u1ea3n ph\u1ea9m, 30g b\u00e1nh s\u1ebd cung c\u1ea5p kho\u1ea3ng 160 kcal.<\/p>\n<p>Kh\u00f4ng ch\u1ec9 g\u00e2y \u1ea5n t\u01b0\u1ee3ng v\u1edbi s\u1ef1 m\u1edbi m\u1ebb c\u1ee7a c\u00e1c lo\u1ea1i nguy\u00ean li\u1ec7u hay s\u1ef1 \u0111\u1eb7c bi\u1ec7t trong c\u00e1ch ch\u1ebf bi\u1ebfn, snack khoai t\u00e2y v\u1ecb N\u1ea5m Truffle c\u00f2n mang l\u1ea1i tr\u1ea3i nghi\u1ec7m th\u01b0\u1edfng th\u1ee9c cao c\u1ea5p, chinh ph\u1ee5c kh\u1ea9u v\u1ecb ng\u00e0y c\u00e0ng n\u00e2ng c\u1ea5p c\u1ee7a ng\u01b0\u1eddi d\u00f9ng hi\u1ec7n \u0111\u1ea1i.<\/p>\n<h2><img decoding=\"async\" class=\"wp-image-33321 aligncenter\" src=\"https:\/\/havamall.com\/wp-content\/uploads\/2023\/12\/Screen-Shot-2023-12-18-at-4.38.06-PM-291x300.png\" alt=\"\" width=\"733\" height=\"756\" \/><\/h2>\n<h2><strong>T\u00e1c d\u1ee5ng c\u1ee7a s\u1ea3n ph\u1ea9m v\u1edbi s\u1ee9c kh\u1ecfe<\/strong><\/h2>\n<p>M\u1ed9t s\u1ed1 t\u00e1c d\u1ee5ng n\u1ed5i b\u1eadt c\u1ee7a s\u1ea3n ph\u1ea9m nh\u01b0:<\/p>\n<ul>\n<li>Cung c\u1ea5p n\u0103ng l\u01b0\u1ee3ng<\/li>\n<li>B\u1ed5 sung ch\u1ea5t \u0111\u1ea1m, ch\u1ea5t b\u00e9o<\/li>\n<li>C\u1ea3i thi\u1ec7n t\u00e2m tr\u1ea1ng<\/li>\n<li>L\u00e0m d\u1ecbu c\u01a1n \u0111\u00f3i<\/li>\n<li>\u2026<\/li>\n<\/ul>\n<h2><img decoding=\"async\" class=\"wp-image-33318 aligncenter\" src=\"https:\/\/havamall.com\/wp-content\/uploads\/2023\/12\/396010591_314750967958060_1125356591309128519_n-240x300.jpeg\" alt=\"\" width=\"881\" height=\"1101\" \/><\/h2>\n<h2><strong>L\u01b0u \u00fd khi s\u1eed d\u1ee5ng v\u00e0 c\u00e1ch b\u1ea3o qu\u1ea3n s\u1ea3n ph\u1ea9m<\/strong><\/h2>\n<p>Snack c\u00f3 v\u1ecb gi\u00f2n n\u00ean khi m\u1edf g\u00f3i b\u1ea1n n\u00ean nhanh ch\u00f3ng s\u1eed d\u1ee5ng \u0111\u1ec3 th\u01b0\u1edfng th\u1ee9c tr\u1ecdn v\u1eb9n h\u01b0\u01a1ng v\u1ecb b\u00e1nh.<\/p>\n<p>Khi s\u1eed d\u1ee5ng kh\u00f4ng h\u1ebft c\u00f3 th\u1ec3 bu\u1ed9c k\u00edn \u0111\u1ec3 b\u00e1nh kh\u00f4ng m\u1ea5t \u0111i \u0111\u1ed9 gi\u00f2n th\u01a1m.<\/p>\n<p>B\u1ea3o qu\u1ea3n b\u00e1nh \u1edf nhi\u1ec7t \u0111\u1ed9 th\u01b0\u1eddng, n\u01a1i kh\u00f4 r\u00e1o, tho\u00e1ng m\u00e1t, tr\u00e1nh nhi\u1ec7t \u0111\u1ed9 cao ho\u1eb7c \u00e1nh n\u1eafng tr\u1ef1c ti\u1ebfp.<\/p>\n<p>L\u01b0u \u00fd: Kh\u00f4ng s\u1eed d\u1ee5ng khi b\u00e1nh c\u00f3 d\u1ea5u hi\u1ec7u \u1ea9m m\u1ed1c ho\u1eb7c h\u1ebft h\u1ea1n s\u1eed d\u1ee5ng.<\/p>\n<p><img loading=\"lazy\" decoding=\"async\" class=\"wp-image-33319 aligncenter\" src=\"https:\/\/havamall.com\/wp-content\/uploads\/2023\/12\/371935401_283236157776208_7318074564751611121_n-279x300.jpeg\" alt=\"\" width=\"750\" height=\"807\" \/><\/p>\n<\/div>","protected":false},"excerpt":{"rendered":"<p>TH\u00d4NG TIN CHUNG Th\u01b0\u01a1ng hi\u1ec7u El Valle Xu\u1ea5t x\u1ee9 T\u00e2y Ban Nha Th\u00e0nh ph\u1ea7n Khoai t\u00e2y, d\u1ea7u h\u01b0\u1edbng d\u01b0\u01a1ng, h\u01b0\u01a1ng<\/p>","protected":false},"featured_media":33320,"comment_status":"open","ping_status":"closed","template":"","meta":[],"product_brand":[],"product_cat":[133,727,36],"product_tag":[],"class_list":{"0":"post-33315","1":"product","2":"type-product","3":"status-publish","4":"has-post-thumbnail","6":"product_cat-banh-keo-chocolate","7":"product_cat-nhap-khau-tay-ban-nha","8":"product_cat-thuc-pham-tieu-dung","9":"pa_brand-el-valle","11":"first","12":"outofstock","13":"sale","14":"shipping-taxable","15":"purchasable","16":"product-type-simple"},"_links":{"self":[{"href":"https:\/\/havamall.com\/en\/wp-json\/wp\/v2\/product\/33315","targetHints":{"allow":["GET"]}}],"collection":[{"href":"https:\/\/havamall.com\/en\/wp-json\/wp\/v2\/product"}],"about":[{"href":"https:\/\/havamall.com\/en\/wp-json\/wp\/v2\/types\/product"}],"replies":[{"embeddable":true,"href":"https:\/\/havamall.com\/en\/wp-json\/wp\/v2\/comments?post=33315"}],"version-history":[{"count":0,"href":"https:\/\/havamall.com\/en\/wp-json\/wp\/v2\/product\/33315\/revisions"}],"wp:featuredmedia":[{"embeddable":true,"href":"https:\/\/havamall.com\/en\/wp-json\/wp\/v2\/media\/33320"}],"wp:attachment":[{"href":"https:\/\/havamall.com\/en\/wp-json\/wp\/v2\/media?parent=33315"}],"wp:term":[{"taxonomy":"product_brand","embeddable":true,"href":"https:\/\/havamall.com\/en\/wp-json\/wp\/v2\/product_brand?post=33315"},{"taxonomy":"product_cat","embeddable":true,"href":"https:\/\/havamall.com\/en\/wp-json\/wp\/v2\/product_cat?post=33315"},{"taxonomy":"product_tag","embeddable":true,"href":"https:\/\/havamall.com\/en\/wp-json\/wp\/v2\/product_tag?post=33315"}],"curies":[{"name":"wp","href":"https:\/\/api.w.org\/{rel}","templated":true}]}}