{"id":33353,"date":"2023-12-19T16:07:37","date_gmt":"2023-12-19T09:07:37","guid":{"rendered":"https:\/\/havamall.com\/?post_type=product&#038;p=33353"},"modified":"2025-12-03T04:10:33","modified_gmt":"2025-12-02T21:10:33","slug":"xuc-xich-thuan-chay-dong-lanh-unconventional-vegan-180g","status":"publish","type":"product","link":"https:\/\/havamall.com\/en\/shop\/xuc-xich-thuan-chay-dong-lanh-unconventional-vegan-180g\/","title":{"rendered":"X\u00fac X\u00edch Thu\u1ea7n Chay \u0110\u00f4ng L\u1ea1nh Unconventional Vegan 180g"},"content":{"rendered":"<h2><\/h2>\n<h2><strong>TH\u00d4NG TIN CHUNG<\/strong><\/h2>\n<table>\n<tbody>\n<tr>\n<td>Th\u01b0\u01a1ng hi\u1ec7u<\/td>\n<td>Unconventional Vegan<\/td>\n<\/tr>\n<tr>\n<td>Xu\u1ea5t x\u1ee9<\/td>\n<td>\u00dd<\/td>\n<\/tr>\n<tr>\n<td>Th\u00e0nh ph\u1ea7n<\/td>\n<td>N\u01b0\u1edbc, protein \u0111\u1eadu n\u00e0nh c\u00f4 \u0111\u1eb7c, d\u1ea7u th\u1ef1c v\u1eadt, gia v\u1ecb,\u2026<\/td>\n<\/tr>\n<tr>\n<td>H\u1ea1n s\u1eed d\u1ee5ng<\/td>\n<td>14 th\u00e1ng k\u1ec3 t\u1eeb ng\u00e0y s\u1ea3n xu\u1ea5t.<\/td>\n<\/tr>\n<tr>\n<td>B\u1ea3o qu\u1ea3n<\/td>\n<td>\u0110\u1ec3 n\u01a1i kh\u00f4 r\u00e1o, tho\u00e1ng m\u00e1t, tr\u00e1nh \u00e1nh n\u1eafng tr\u1ef1c ti\u1ebfp<\/td>\n<\/tr>\n<tr>\n<td>Kh\u1ed1i l\u01b0\u1ee3ng t\u1ecbnh<\/td>\n<td>180g<\/td>\n<\/tr>\n<\/tbody>\n<\/table>\n<p>Unconventional Vegan l\u00e0 c\u00f4ng ty chuy\u00ean cung c\u1ea5p c\u00e1c lo\u1ea1i th\u1ef1c ph\u1ea9m thu\u1ea7n chay ch\u1ea5t l\u01b0\u1ee3ng gi\u00fap cho vi\u1ec7c \u0103n chay d\u1ec5 d\u00e0ng h\u01a1n v\u00e0 gi\u1ea3m c\u00e1c t\u00e1c \u0111\u1ed9ng ti\u00eau c\u1ef1c \u0111\u1ebfn m\u00f4i tr\u01b0\u1eddng, m\u00e0 v\u1eabn gi\u1eef \u0111\u01b0\u1ee3c h\u01b0\u01a1ng v\u1ecb v\u00e0 k\u1ebft c\u1ea5u th\u1ef1c ph\u1ea9m gi\u1ed1ng v\u1edbi th\u1ecbt nh\u1ea5t c\u00f3 th\u1ec3.\u00a0\u00a0\u00a0<img fetchpriority=\"high\" decoding=\"async\" class=\"wp-image-33357 aligncenter\" src=\"https:\/\/havamall.com\/wp-content\/uploads\/2023\/12\/385888990_310455161737148_8587909017924515264_n-300x275.jpeg\" alt=\"\" width=\"814\" height=\"746\" \/><\/p>\n<p>X\u00fac x\u00edch chay Unconventional Vegan \u0111\u01b0\u1ee3c\u00a0<span class=\"marker\">l\u00e0m<\/span>\u00a0<span class=\"marker\">t\u1eeb<\/span>\u00a0<span class=\"marker\">c\u00e1c<\/span>\u00a0<span class=\"marker\">nguy\u00ean li\u1ec7u<\/span>\u00a0<span class=\"marker\">t\u1ef1 nhi\u00ean<\/span>\u00a0v\u00e0 an to\u00e0n,\u00a0<span class=\"marker\">kh\u00f4ng<\/span>\u00a0<span class=\"marker\">\u0111\u1ef1ng<\/span>\u00a0ch\u1ea5t b\u1ea3o qu\u1ea3n, ph\u1ea9m m\u00e0u hay h\u01b0\u01a1ng li\u1ec7u nh\u00e2n t\u1ea1o. X\u00fac x\u00edch chay gi\u00e0u ch\u1ea5t x\u01a1, vitamin v\u00e0\u00a0<span class=\"marker\">kho\u00e1ng ch\u1ea5t<\/span>,\u00a0<span class=\"marker\">c\u00f3<\/span>\u00a0l\u1ee3i cho h\u1ec7 ti\u00eau h\u00f3a, tim m\u1ea1ch v\u00e0 h\u1ec7 mi\u1ec5n d\u1ecbch. X\u00fac x\u00edch <span class=\"marker\">ch\u1ee9a<\/span>\u00a0\u00edt calo v\u00e0 ch\u1ea5t b\u00e9o,\u00a0<span class=\"marker\">th\u00edch h\u1ee3p<\/span>\u00a0cho\u00a0<span class=\"marker\">nh\u1eefng<\/span>\u00a0ng\u01b0\u1eddi mu\u1ed1n gi\u1ea3m c\u00e2n hay ki\u1ec3m so\u00e1t cholesterol.<\/p>\n<p>S\u1ea3n ph\u1ea9m chay cao c\u1ea5p, \u0111ang \u0111\u01b0\u1ee3c\u00a0<span class=\"marker\">to\u00e0n b\u1ed9<\/span>\u00a0<span class=\"marker\">ng\u01b0\u1eddi d\u00f9ng<\/span>\u00a0<span class=\"marker\">\u01b0a chu\u1ed9ng<\/span>.\u00a0<span class=\"marker\">c\u00f3<\/span>\u00a0s\u1ef1\u00a0<span class=\"marker\">t\u1ee5 h\u1ed9i<\/span>\u00a0v\u00e0o vi\u1ec7c\u00a0<span class=\"marker\">s\u1eed d\u1ee5ng<\/span>\u00a0<span class=\"marker\">nguy\u00ean li\u1ec7u<\/span>\u00a0ch\u1ea5t l\u01b0\u1ee3ng v\u00e0\u00a0<span class=\"marker\">giai \u0111o\u1ea1n<\/span>\u00a0<span class=\"marker\">s\u1ea3n xu\u1ea5t<\/span>\u00a0<span class=\"marker\">nhi\u1ec1u n\u0103m kinh nghi\u1ec7m<\/span>, x\u00fac x\u00edch chay\u00a0Unconventional Vegan <span class=\"marker\">mang l\u1ea1i<\/span>\u00a0<span class=\"marker\">1<\/span>\u00a0tr\u1ea3i nghi\u1ec7m \u1ea9m th\u1ef1c tuy\u1ec7t h\u1ea3o cho th\u1ef1c kh\u00e1ch s\u00e0nh \u0103n.<\/p>\n<p><img decoding=\"async\" class=\"wp-image-33355 aligncenter\" src=\"https:\/\/havamall.com\/wp-content\/uploads\/2023\/12\/347395214_226732280123555_9044226807047644724_n-300x258.jpeg\" alt=\"\" width=\"823\" height=\"708\" \/><\/p>\n<p>S\u1ea3n ph\u1ea9m x\u00fac x\u00edch chay Unconventional Vegan \u0111\u01b0\u1ee3c s\u1eed d\u1ee5ng ph\u1ed5 bi\u1ebfn trong b\u1eefa \u0103n th\u01b0\u1eddng ng\u00e0y v\u00e0 d\u1ea7n c\u00f3 xu h\u01b0\u1edbng lan r\u1ed9ng b\u1edfi nh\u1eefng l\u1ee3i \u00edch t\u1ed1t \u0111\u1ebfn s\u1ee9c kh\u1ecfe m\u00e0 ch\u00fang mang l\u1ea1i. \u0110\u01b0\u1ee3c ch\u1ebf bi\u1ebfn ph\u1ea7n l\u1edbn t\u1eeb \u0111\u1ea1m \u0111\u1eadu n\u00e0nh gi\u00fap cung c\u1ea5p ch\u00ednh ch\u1ea5t x\u01a1 h\u00f2a tan v\u00e0 Protein c\u1ea7n thi\u1ebft cho c\u01a1 th\u1ec3. B\u00ean c\u1ea1nh \u0111\u00f3, ch\u00fang c\u00f2n r\u1ea5t gi\u00e0u Phytosterol c\u00f3 t\u00e1c d\u1ee5ng th\u00fac \u0111\u1ea9y tu\u1ea7n ho\u00e0n m\u00e1u trong c\u01a1 th\u1ec3 con ng\u01b0\u1eddi v\u00e0 ch\u1ed1ng Oxy h\u00f3a.<\/p>\n<p>S\u1ea3n ph\u1ea9m c\u00f3 l\u01b0\u1ee3ng \u0111\u01b0\u1eddng huy\u1ebft th\u1ea5p chi\u1ebft xu\u1ea5t t\u1eeb c\u00e1c lo\u1ea1i \u0111\u1eadu s\u1ebd gi\u00fap b\u1ea1n \u1ed5n \u0111\u1ecbnh l\u01b0\u1ee3ng \u0111\u01b0\u1eddng trong m\u00e1u. Do \u0111\u00f3, ch\u00fang c\u00f3 t\u00e1c d\u1ee5ng hi\u1ec7u qu\u1ea3 trong vi\u1ec7c gi\u00fap gi\u1ea3m h\u1ea1n ch\u1ebf m\u1eafc b\u1ec7nh ti\u1ec3u \u0111\u01b0\u1eddng.<\/p>\n<p><img decoding=\"async\" class=\"wp-image-33354 aligncenter\" src=\"https:\/\/havamall.com\/wp-content\/uploads\/2023\/12\/346287215_212857804854938_3612914447572481608_n-300x198.jpeg\" alt=\"\" width=\"824\" height=\"544\" \/><\/p>\n<h2><strong>H\u01b0\u1edbng d\u1eabn chi\u1ebfn bi\u1ebfn<\/strong><\/h2>\n<p><b>\u2013 R\u00e3 \u0111\u00f4ng:<\/b>\u00a0 c\u00f3 3 c\u00e1ch r\u00e3 \u0111\u00f4ng<\/p>\n<p>&gt; \u0110\u1ec3 trong ng\u0103n m\u00e1t t\u1ee7 l\u1ea1nh 05 gi\u1edd<\/p>\n<p>&gt; Ng\u00e2m trong n\u01b0\u1edbc nhi\u1ec7t \u0111\u1ed9 b\u00ecnh th\u01b0\u1eddng 20 ph\u00fat<\/p>\n<p>&gt; Trong microwave 01 ph\u00fat<\/p>\n<p>&gt; Sau khi r\u00e3 \u0111\u00f4ng v\u00e0 m\u1edf bao b\u00ec, qu\u00fd kh\u00e1ch n\u00ean s\u1eed d\u1ee5ng x\u00fac x\u00edch trong v\u00f2ng 3 ng\u00e0y<\/p>\n<p><b>\u2013 C\u00e1ch ch\u1ebf bi\u1ebfn:<\/b>\u00a0x\u00fac x\u00edch<span lang=\"VI\">\u00a0chay<\/span>\u00a0s\u1ebd c\u00f3 h\u01b0\u01a1ng v\u1ecb th\u01a1m ngon nh\u1ea5t khi n\u1ea5u v\u1edbi l\u1eeda v\u1eeba v\u00e0 nh\u1ecf<\/p>\n<p>&gt; N\u1ed3i chi\u00ean kh\u00f4ng d\u1ea7u 15 Ph\u00fat nhi\u1ec7t \u0111\u1ed9 200<\/p>\n<p>&gt; R\u00e1n 03 ph\u00fat m\u1ed7i m\u1eb7t, l\u1eeda v\u1eeba<\/p>\n<p>&gt; L\u00f2 n\u01b0\u1edbng: 12 ph\u00fat nhi\u1ec7t \u0111\u1ed9 200 \u0111\u1ed9<\/p>\n<p><b>\u2013 B\u1ea3o qu\u1ea3n<span lang=\"VI\">:<\/span><\/b>\u00a0-18 \u0111\u1ed9. H\u1ea1n s\u1eed d\u1ee5ng: 18 th\u00e1ng<\/p>\n<p><img loading=\"lazy\" decoding=\"async\" class=\"wp-image-33356 aligncenter\" src=\"https:\/\/havamall.com\/wp-content\/uploads\/2023\/12\/367989374_283378541111477_2511832417031543854_n-300x295.jpeg\" alt=\"\" width=\"820\" height=\"806\" \/><\/p>","protected":false},"excerpt":{"rendered":"<p>TH\u00d4NG TIN CHUNG Th\u01b0\u01a1ng hi\u1ec7u Unconventional Vegan Xu\u1ea5t x\u1ee9 \u00dd Th\u00e0nh ph\u1ea7n N\u01b0\u1edbc, protein \u0111\u1eadu n\u00e0nh c\u00f4 \u0111\u1eb7c, d\u1ea7u th\u1ef1c<\/p>","protected":false},"featured_media":33360,"comment_status":"open","ping_status":"closed","template":"","meta":[],"product_brand":[],"product_cat":[724,36,275],"product_tag":[],"class_list":{"0":"post-33353","1":"product","2":"type-product","3":"status-publish","4":"has-post-thumbnail","6":"product_cat-nhap-khau-y","7":"product_cat-thuc-pham-tieu-dung","8":"product_cat-thuc-pham-dong-lanh","10":"first","11":"outofstock","12":"sale","13":"shipping-taxable","14":"purchasable","15":"product-type-simple"},"_links":{"self":[{"href":"https:\/\/havamall.com\/en\/wp-json\/wp\/v2\/product\/33353","targetHints":{"allow":["GET"]}}],"collection":[{"href":"https:\/\/havamall.com\/en\/wp-json\/wp\/v2\/product"}],"about":[{"href":"https:\/\/havamall.com\/en\/wp-json\/wp\/v2\/types\/product"}],"replies":[{"embeddable":true,"href":"https:\/\/havamall.com\/en\/wp-json\/wp\/v2\/comments?post=33353"}],"version-history":[{"count":0,"href":"https:\/\/havamall.com\/en\/wp-json\/wp\/v2\/product\/33353\/revisions"}],"wp:featuredmedia":[{"embeddable":true,"href":"https:\/\/havamall.com\/en\/wp-json\/wp\/v2\/media\/33360"}],"wp:attachment":[{"href":"https:\/\/havamall.com\/en\/wp-json\/wp\/v2\/media?parent=33353"}],"wp:term":[{"taxonomy":"product_brand","embeddable":true,"href":"https:\/\/havamall.com\/en\/wp-json\/wp\/v2\/product_brand?post=33353"},{"taxonomy":"product_cat","embeddable":true,"href":"https:\/\/havamall.com\/en\/wp-json\/wp\/v2\/product_cat?post=33353"},{"taxonomy":"product_tag","embeddable":true,"href":"https:\/\/havamall.com\/en\/wp-json\/wp\/v2\/product_tag?post=33353"}],"curies":[{"name":"wp","href":"https:\/\/api.w.org\/{rel}","templated":true}]}}