{"id":33378,"date":"2023-12-20T10:44:18","date_gmt":"2023-12-20T03:44:18","guid":{"rendered":"https:\/\/havamall.com\/?post_type=product&#038;p=33378"},"modified":"2025-12-03T04:10:33","modified_gmt":"2025-12-02T21:10:33","slug":"pho-mai-brie-pasteurized-smilla-food-125g-pasteurized-brie-cheese","status":"publish","type":"product","link":"https:\/\/havamall.com\/en\/shop\/pho-mai-brie-pasteurized-smilla-food-125g-pasteurized-brie-cheese\/","title":{"rendered":"Ph\u00f4 mai Brie Pasteurized Smilla food 125g &#8211; Pasteurized Brie Cheese"},"content":{"rendered":"<h3><\/h3>\n<h3><strong>TH\u00d4NG TIN S\u1ea2N PH\u1ea8M<\/strong><\/h3>\n<table>\n<tbody>\n<tr>\n<td>Th\u01b0\u01a1ng hi\u1ec7u<\/td>\n<td>Smilla Food<\/td>\n<\/tr>\n<tr>\n<td>Xu\u1ea5t x\u1ee9<\/td>\n<td>\u0110an M\u1ea1ch<\/td>\n<\/tr>\n<tr>\n<td>Th\u00e0nh ph\u1ea7n<\/td>\n<td>S\u1eefa ti\u1ec7t tr\u00f9ng, kem, mu\u1ed1i \u0103n, l\u1ee3i khu\u1ea9n Streptococcus thermophilus,men axit lactic,\u00a0enzym,\u2026<\/td>\n<\/tr>\n<tr>\n<td>H\u1ea1n s\u1eed d\u1ee5ng<\/td>\n<td>12 th\u00e1ng k\u1ec3 t\u1eeb ng\u00e0y s\u1ea3n xu\u1ea5t.<\/td>\n<\/tr>\n<tr>\n<td>B\u1ea3o qu\u1ea3n<\/td>\n<td>B\u1ea3o qu\u1ea3n \u1edf nhi\u1ec7t \u0111\u1ed9 2 \u2013 8 \u0111\u1ed9 C<\/td>\n<\/tr>\n<tr>\n<td>Kh\u1ed1i l\u01b0\u1ee3ng<\/td>\n<td>125g<\/td>\n<\/tr>\n<\/tbody>\n<\/table>\n<p dir=\"auto\">Ph\u00f4 Mai brie Smilla Food 125g b\u00ean ngo\u00e0i l\u00e0 l\u1edbp v\u1ecf m\u00e0u tr\u1eafng \u0111\u1eb7c bi\u1ec7t n\u00f3 l\u00e0 m\u1ed1c Penicillium m\u00e0u tr\u1eafng \u0103n \u0111\u01b0\u1ee3c r\u1ea5t m\u1ecbn v\u00e0 r\u1ea5t ngon, k\u1ebft c\u1ea5u ru\u1ed9t b\u00ean trong \u0111\u1eb7c bi\u1ec7t v\u00e0 h\u01b0\u01a1ng v\u1ecb th\u01a1m ngon c\u1ee7a Smilla Food Brie. C\u00f3 h\u00ecnh tr\u00f2n d\u1eb9t, th\u01b0\u1eddng \u0111\u01b0\u1ee3c c\u1eaft th\u00e0nh c\u00e1c r\u1ebb qu\u1ea1t. Ph\u1ea7n ru\u1ed9t b\u00ean trong c\u1ee7a Brie c\u00f3 m\u00e0u v\u00e0ng t\u01b0\u01a1i nh\u01b0 kem custard,r\u1ea5t d\u1ebbo.<\/p>\n<p>S\u1ea3n ph\u1ea9m c\u00f3 \u0111\u1ed9 m\u1ec1m v\u1eeba ph\u1ea3i, h\u01b0\u01a1ng b\u00e9o th\u01a1m c\u00f9ng v\u1ecb m\u1eb1n m\u1eb7n \u0111\u1eb7c tr\u01b0ng c\u1ee7a ph\u00f4 mai. B\u1ea1n c\u00f3 th\u1ec3 s\u1eed d\u1ee5ng \u0111\u1ec3 d\u00f9ng tr\u1ef1c ti\u1ebfp c\u00f9ng b\u00e1nh m\u00ec, tr\u00e1i c\u00e2y ho\u1eb7c s\u1eed d\u1ee5ng l\u00e0m nguy\u00ean li\u1ec7u khi l\u00e0m b\u00e1nh,\u2026<img fetchpriority=\"high\" decoding=\"async\" class=\"wp-image-33384 aligncenter\" src=\"https:\/\/havamall.com\/wp-content\/uploads\/2023\/12\/Smilla_Kategoribilleder_800x800_1-1-300x300.jpeg\" alt=\"\" width=\"712\" height=\"712\" \/><\/p>\n<p>Ph\u00f4 Mai\u00a0Smilla Food Brie 125g \u0111em \u0111\u1ebfn cho ng\u01b0\u1eddi d\u00f9ng h\u01b0\u01a1ng v\u1ecb th\u01a1m ngon v\u00e0 \u0111\u1ea7y \u0111\u1ee7 ch\u1ea5t dinh d\u01b0\u1ee1ng, n\u0103ng l\u01b0\u1ee3ng c\u1ea7n thi\u1ebft cho m\u1ed9t ng\u00e0y l\u00e0m vi\u1ec7c, h\u1ecdc t\u1eadp n\u0103ng \u0111\u1ed9ng.<\/p>\n<p>Lo\u1ea1i s\u1eefa \u0111\u01b0\u1ee3c s\u1eed d\u1ee5ng \u0111\u1ec3 l\u00e0m Ph\u00f4 Mai Smilla Food Brie 125g \u0111\u01b0\u1ee3c chuy\u1ec3n \u0111\u1ed5i trong v\u00f2ng 48 gi\u1edd sau khi v\u1eaft s\u1eefa \u0111\u1ec3 \u0111\u1ea3m b\u1ea3o \u0111\u1ed9 t\u01b0\u01a1i tuy\u1ec7t \u0111\u1ed1i. S\u1ea3n ph\u1ea9m \u0111\u01b0\u1ee3c tuy\u1ec3n ch\u1ecdn t\u1eeb ngu\u1ed3n cao c\u1ea5p k\u1ebft h\u1ee3p v\u1edbi nh\u1eefng nguy\u00ean li\u1ec7u ho\u00e0n to\u00e0n t\u1ef1 nhi\u00ean.<\/p>\n<p><img decoding=\"async\" class=\"wp-image-33381 aligncenter\" src=\"https:\/\/havamall.com\/wp-content\/uploads\/2023\/12\/272807243_474849317694956_6304382738872887497_n-240x300.jpeg\" alt=\"\" width=\"716\" height=\"895\" \/><\/p>\n<p>Ph\u00f4 mai ch\u1ee9a men vi sinh, r\u1ea5t c\u00f3 l\u1ee3i cho \u0111\u01b0\u1eddng ti\u00eau h\u00f3a, gi\u00fap c\u01a1 th\u1ec3 h\u1ea5p thu th\u1ee9c \u0103n t\u1ed1t h\u01a1n v\u00e0 c\u1ea3i thi\u1ec7n s\u1ee9c kh\u1ecfe. Ph\u00f4 mai cung c\u1ea5p l\u01b0\u1ee3ng protein \u0111\u00e1ng k\u1ec3, ch\u00fang mang l\u1ea1i c\u00e1c axit amin thi\u1ebft y\u1ebfu gi\u00fap x\u00e2y d\u1ef1ng t\u1ebf b\u00e0o kh\u1ecfe m\u1ea1nh, r\u1ea5t t\u1ed1t cho s\u1ee9c kh\u1ecfe c\u1ee7a c\u1ea3 ng\u01b0\u1eddi l\u1edbn v\u00e0 tr\u1ebb em.<\/p>\n<p>S\u1ea3n ph\u1ea9m \u0111\u00f3ng h\u1ed9p nh\u1ecf g\u1ecdn cho b\u1ea1n d\u1ec5 d\u00e0ng s\u1eed d\u1ee5ng v\u00e0 b\u1ea3o qu\u1ea3n.<i>\u00a0<\/i>S\u1ea3n ph\u1ea9m gi\u1eef\u00a0h\u01b0\u01a1ng v\u1ecb ngon nh\u1ea5t khi \u0111\u01b0\u1ee3c ch\u1ebf bi\u1ebfn \u1edf nhi\u1ec7t \u0111\u1ed9 ph\u00f2ng. B\u1ecf kh\u1ecfi t\u1ee7\u00a0kho\u1ea3ng 45 ph\u00fat tr\u01b0\u1edbc khi ch\u1ebf bi\u1ebfn. N\u00ean \u0111\u1ec3\u00a0l\u1edbp v\u1ecf \u0111\u01b0\u1ee3c gi\u1eef nguy\u00ean v\u1eb9nc\u00f3 \u0111\u1ed9 m\u1ec1m v\u1eeba ph\u1ea3i, h\u01b0\u01a1ng b\u00e9o th\u01a1m c\u00f9ng v\u1ecb m\u1eb1n m\u1eb7n \u0111\u1eb7c tr\u01b0ng c\u1ee7a ph\u00f4 mai. S\u1ea3n ph\u1ea9m d\u1ec5 d\u00e0ng \u0103n tr\u1ef1c ti\u1ebfp, d\u00f9ng k\u00e8m v\u1edbi b\u00e1nh m\u00ec ho\u1eb7c ch\u1ebf bi\u1ebfn th\u00e0nh nhi\u1ec1u m\u00f3n \u0103n h\u1ea5p d\u1eabn.<\/p>\n<p><img decoding=\"async\" class=\"wp-image-33383 aligncenter\" src=\"https:\/\/havamall.com\/wp-content\/uploads\/2023\/12\/384736206_296032746481743_4204130815524039383_n-300x300.jpeg\" alt=\"\" width=\"734\" height=\"734\" \/><\/p>\n<h2><strong>\u0110\u1eb7c \u0111i\u1ec3m n\u1ed5i b\u1eadt c\u1ee7a s\u1ea3n ph\u1ea9m:<\/strong><\/h2>\n<p>&gt; C\u00f3 \u0111\u1ed9 m\u1ec1m v\u1eeba ph\u1ea3i, h\u01b0\u01a1ng b\u00e9o th\u01a1m c\u00f9ng v\u1ecb m\u1eb1n m\u1eb7n \u0111\u1eb7c tr\u01b0ng c\u1ee7a ph\u00f4 mai.<\/p>\n<p>&gt; C\u00f3 l\u1ee3i cho \u0111\u01b0\u1eddng ti\u00eau h\u00f3a, cung c\u1ea5p l\u01b0\u1ee3ng protein \u0111\u00e1ng k\u1ec3, ch\u00fang mang l\u1ea1i c\u00e1c axit amin thi\u1ebft y\u1ebfu gi\u00fap x\u00e2y d\u1ef1ng t\u1ebf b\u00e0o kh\u1ecfe m\u1ea1nh, r\u1ea5t t\u1ed1t cho s\u1ee9c kh\u1ecfe c\u1ee7a c\u1ea3 ng\u01b0\u1eddi l\u1edbn v\u00e0 tr\u1ebb em.<\/p>\n<p><img loading=\"lazy\" decoding=\"async\" class=\"wp-image-33382 aligncenter\" src=\"https:\/\/havamall.com\/wp-content\/uploads\/2023\/12\/284510232_559618425884711_1491852461578920852_n-240x300.jpeg\" alt=\"\" width=\"756\" height=\"946\" \/><\/p>\n<h2><strong>H\u01b0\u1edbng d\u1eabn s\u1eed d\u1ee5ng:<\/strong><\/h2>\n<p>\u2013 D\u00f9ng tr\u1ef1c ti\u1ebfp ho\u1eb7c ch\u1ebf bi\u1ebfn m\u00f3n \u0103n kh\u00e1c.<\/p>\n<p>\u2013 Phomai brie c\u00f3 \u0111\u01b0\u1ee3c h\u01b0\u01a1ng v\u1ecb ngon nh\u1ea5t khi \u0111\u01b0\u1ee3c ch\u1ebf bi\u1ebfn \u1edf nhi\u1ec7t \u0111\u1ed9 ph\u00f2ng. H\u00e3y l\u1ea5y phomai brie ra kh\u1ecfi t\u1ee7 l\u1ea1nh kho\u1ea3ng 45 ph\u00fat tr\u01b0\u1edbc khi ch\u1ebf bi\u1ebfn.<\/p>\n<p>\u2013 Nh\u00fang con dao c\u1eaft phomai v\u00e0o n\u01b0\u1edbc n\u00f3ng \u0111\u1ec3 phomai kh\u00f4ng b\u1ecb d\u00ednh v\u00e0o n\u00f3.<\/p>\n<p><img loading=\"lazy\" decoding=\"async\" class=\"wp-image-33379 aligncenter\" src=\"https:\/\/havamall.com\/wp-content\/uploads\/2023\/12\/216963853_342169624296260_7473155243668151523_n-300x300.jpeg\" alt=\"\" width=\"768\" height=\"768\" \/><\/p>\n<h2><strong>L\u1ee3i \u00edch c\u1ee7a s\u1ea3n ph\u1ea9m:<\/strong><\/h2>\n<p dir=\"auto\">\u2013 Ph\u00f4 mai l\u00e0 ngu\u1ed3n protein thay th\u1ebf th\u1ecbt tuy\u1ec7t v\u1eddi.<\/p>\n<p dir=\"auto\">\u2013 Ph\u00f4 mai ch\u1ee9a nhi\u1ec1u canxi v\u00e0 kho\u00e1ng ch\u1ea5t.<\/p>\n<p dir=\"auto\">\u2013 Ph\u00f4 mai c\u00f3 \u00edt mu\u1ed1i h\u01a1n c\u00e1c lo\u1ea1i th\u1ef1c ph\u1ea9m kh\u00e1c.<\/p>\n<p dir=\"auto\">\u2013 Ph\u00f4 mai t\u1ed1t cho r\u0103ng.<\/p>","protected":false},"excerpt":{"rendered":"<p>TH\u00d4NG TIN S\u1ea2N PH\u1ea8M Th\u01b0\u01a1ng hi\u1ec7u Smilla Food Xu\u1ea5t x\u1ee9 \u0110an M\u1ea1ch Th\u00e0nh ph\u1ea7n S\u1eefa ti\u1ec7t tr\u00f9ng, kem, mu\u1ed1i \u0103n,<\/p>","protected":false},"featured_media":33386,"comment_status":"open","ping_status":"closed","template":"","meta":[],"product_brand":[],"product_cat":[730,36,275],"product_tag":[],"class_list":{"0":"post-33378","1":"product","2":"type-product","3":"status-publish","4":"has-post-thumbnail","6":"product_cat-cac-nuoc-khac","7":"product_cat-thuc-pham-tieu-dung","8":"product_cat-thuc-pham-dong-lanh","10":"first","11":"instock","12":"sale","13":"shipping-taxable","14":"purchasable","15":"product-type-simple"},"_links":{"self":[{"href":"https:\/\/havamall.com\/en\/wp-json\/wp\/v2\/product\/33378","targetHints":{"allow":["GET"]}}],"collection":[{"href":"https:\/\/havamall.com\/en\/wp-json\/wp\/v2\/product"}],"about":[{"href":"https:\/\/havamall.com\/en\/wp-json\/wp\/v2\/types\/product"}],"replies":[{"embeddable":true,"href":"https:\/\/havamall.com\/en\/wp-json\/wp\/v2\/comments?post=33378"}],"version-history":[{"count":0,"href":"https:\/\/havamall.com\/en\/wp-json\/wp\/v2\/product\/33378\/revisions"}],"wp:featuredmedia":[{"embeddable":true,"href":"https:\/\/havamall.com\/en\/wp-json\/wp\/v2\/media\/33386"}],"wp:attachment":[{"href":"https:\/\/havamall.com\/en\/wp-json\/wp\/v2\/media?parent=33378"}],"wp:term":[{"taxonomy":"product_brand","embeddable":true,"href":"https:\/\/havamall.com\/en\/wp-json\/wp\/v2\/product_brand?post=33378"},{"taxonomy":"product_cat","embeddable":true,"href":"https:\/\/havamall.com\/en\/wp-json\/wp\/v2\/product_cat?post=33378"},{"taxonomy":"product_tag","embeddable":true,"href":"https:\/\/havamall.com\/en\/wp-json\/wp\/v2\/product_tag?post=33378"}],"curies":[{"name":"wp","href":"https:\/\/api.w.org\/{rel}","templated":true}]}}