{"id":33515,"date":"2023-12-28T14:14:27","date_gmt":"2023-12-28T07:14:27","guid":{"rendered":"https:\/\/havamall.com\/?post_type=product&#038;p=33515"},"modified":"2024-12-23T14:26:18","modified_gmt":"2024-12-23T07:26:18","slug":"chocolate-faris-hop-vo-so-125g","status":"publish","type":"product","link":"https:\/\/havamall.com\/en\/shop\/chocolate-faris-hop-vo-so-125g\/","title":{"rendered":"Chocolate Faris H\u1ed9p V\u1ecf S\u00f2 125g"},"content":{"rendered":"<p>&nbsp;<\/p>\n<h2><strong>TH\u00d4NG TIN CHUNG<\/strong><\/h2>\n<table>\n<tbody>\n<tr>\n<td>Th\u01b0\u01a1ng hi\u1ec7u<\/td>\n<td>Faris<\/td>\n<\/tr>\n<tr>\n<td>Xu\u1ea5t x\u1ee9<\/td>\n<td>H\u1ed3ng K\u00f4ng<\/td>\n<\/tr>\n<tr>\n<td>Th\u00e0nh ph\u1ea7n<\/td>\n<td>\u0110\u01b0\u1eddng, siro glucose, acid lactic, h\u01b0\u01a1ng li\u1ec7u gi\u1ed1ng t\u1ef1 nhi\u00ean v\u00e0 chi\u1ebft xu\u1ea5t t\u1eeb cam, blackcurrant v\u00e0 chanh, h\u01b0\u01a1ng li\u1ec7u v\u00e0 ch\u1ea5t chi\u1ebft xu\u1ea5t qu\u1ea3 d\u00e2u t\u00e2y, ph\u1ea9m m\u00e0u th\u1ef1c ph\u1ea9m t\u1ef1 nhi\u00ean<\/td>\n<\/tr>\n<tr>\n<td>H\u1ea1n s\u1eed d\u1ee5ng<\/td>\n<td>12 th\u00e1ng k\u1ec3 t\u1eeb ng\u00e0y s\u1ea3n xu\u1ea5t.<\/td>\n<\/tr>\n<tr>\n<td>B\u1ea3o qu\u1ea3n<\/td>\n<td>N\u01a1i kh\u00f4 r\u00e1o, tho\u00e1ng m\u00e1t, \u0111\u1ea3m b\u1ea3o v\u1ec7 sinh an to\u00e0n th\u1ef1c ph\u1ea9m, tr\u00e1nh \u00e1nh s\u00e1ng m\u1eb7t tr\u1edbi chi\u1ebfu tr\u1ef1c ti\u1ebfp<\/td>\n<\/tr>\n<tr>\n<td>\u00a0Kh\u1ed1i l\u01b0\u1ee3ng<\/td>\n<td>120g<\/td>\n<\/tr>\n<\/tbody>\n<\/table>\n<p>Nh\u1eefng vi\u00ean socola c\u1ee7a Faris kh\u00f4ng ch\u1ec9 \u0111\u1eb9p m\u1eaft m\u00e0 c\u00f2n s\u1edf h\u1eefu h\u01b0\u01a1ng v\u1ecb socola tinh t\u1ebf, \u0111a d\u1ea1ng v\u00e0 h\u1ea5p d\u1eabn. Ch\u1ea5t l\u01b0\u1ee3ng nguy\u00ean li\u1ec7u cao c\u1ea5p, k\u1ebft h\u1ee3p v\u1edbi s\u1ef1 tinh t\u1ebf trong quy tr\u00ecnh s\u1ea3n xu\u1ea5t, t\u1ea1o ra m\u1ed9t tr\u1ea3i nghi\u1ec7m th\u01b0\u1edfng th\u1ee9c socola kh\u00f4ng gi\u1edbi h\u1ea1n khi\u1ebfn ch\u00fang tr\u1edf th\u00e0nh l\u1ef1a ch\u1ecdn h\u00e0ng \u0111\u1ea7u cho nh\u1eefng ai y\u00eau th\u00edch h\u01b0\u01a1ng v\u1ecb \u0111\u1ed9c \u0111\u00e1o c\u1ee7a socola.<\/p>\n<p><img fetchpriority=\"high\" decoding=\"async\" class=\"wp-image-33516 aligncenter\" src=\"https:\/\/havamall.com\/wp-content\/uploads\/2023\/12\/7f1a5a344c0c6db2e94e5c026cfcde37-300x300.jpeg\" alt=\"\" width=\"683\" height=\"683\" \/> \u00a0\u00a0Faris Chocolate kh\u00f4ng ch\u1ec9 l\u00e0 m\u1ed9t lo\u1ea1i socola m\u00e0 l\u00e0 m\u1ed9t tr\u1ea3i nghi\u1ec7m th\u1ef1c s\u1ef1 cho ng\u01b0\u1eddi s\u00e0nh \u0103n socola. H\u01b0\u01a1ng v\u1ecb c\u1ee7a Faris Chocolate l\u00e0 s\u1ef1 k\u1ebft h\u1ee3p ho\u00e0n h\u1ea3o gi\u1eefa s\u1ef1 \u0111\u1ed9c \u0111\u00e1o v\u00e0 tinh t\u1ebf. M\u1ed7i vi\u00ean socola \u0111\u1ec1u mang trong n\u00f3 h\u01b0\u01a1ng v\u1ecb socola \u0111\u1eadm \u0111\u00e0, th\u01a1m ngon v\u00e0 kh\u00f4ng th\u1ec3 c\u01b0\u1ee1ng l\u1ea1i.<\/p>\n<p>Faris Chocolate l\u00e0 m\u1ed9t s\u1ea3n ph\u1ea9m socola \u0111\u1eb7c bi\u1ec7t v\u1edbi v\u1ecf socola s\u1eefa v\u00e0 h\u1ea1t ph\u1ec9 gi\u00f2n ngon. B\u00ean trong, b\u1ea1n s\u1ebd t\u00ecm th\u1ea5y l\u1edbp nh\u00e2n m\u1ec1m v\u00e0 h\u1ea1t ph\u1ec9 nguy\u00ean h\u1ea1t, t\u1ea1o n\u00ean m\u1ed9t tr\u1ea3i nghi\u1ec7m \u0111\u1ed9c \u0111\u00e1o v\u00e0 l\u00f4i cu\u1ed1n.<\/p>\n<p><img decoding=\"async\" class=\"wp-image-33517 aligncenter\" src=\"https:\/\/havamall.com\/wp-content\/uploads\/2023\/12\/698c7b4231d5f3cb71e48433e2cfb8d9-300x300.jpeg\" alt=\"\" width=\"676\" height=\"676\" \/><\/p>\n<p>S\u1ef1 l\u1ef1a ch\u1ecdn k\u1ef9 l\u01b0\u1ee1ng v\u1ec1 nguy\u00ean li\u1ec7u c\u00f9ng v\u1edbi s\u1ef1 tinh t\u1ebf trong quy tr\u00ecnh s\u1ea3n xu\u1ea5t \u0111\u00e3 t\u1ea1o ra socola Faris v\u1edbi \u0111\u1ed9 gi\u00f2n ho\u00e0n h\u1ea3o, h\u00f2a quy\u1ec7n c\u00f9ng h\u01b0\u01a1ng th\u01a1m t\u1ef1 nhi\u00ean c\u1ee7a cacao. \u0110\u00e2y kh\u00f4ng ch\u1ec9 l\u00e0 vi\u1ec7c th\u01b0\u1edfng th\u1ee9c socola m\u00e0 c\u00f2n l\u00e0 m\u1ed9t h\u00e0nh tr\u00ecnh \u0111\u01b0a b\u1ea1n v\u00e0o th\u1ebf gi\u1edbi c\u1ee7a h\u01b0\u01a1ng v\u1ecb \u0111\u1ed9c \u0111\u00e1o v\u00e0 \u0111\u1eb3ng c\u1ea5p.<\/p>\n<p><img decoding=\"async\" class=\"wp-image-33518 aligncenter\" src=\"https:\/\/havamall.com\/wp-content\/uploads\/2023\/12\/large__88326bb366-300x169.jpeg\" alt=\"\" width=\"673\" height=\"379\" \/><\/p>\n<p>Cho d\u00f9 b\u1ea1n l\u00e0 ng\u01b0\u1eddi \u0111am m\u00ea socola ho\u1eb7c \u0111ang t\u00ecm ki\u1ebfm m\u1ed9t m\u00f3n qu\u00e0 \u00fd ngh\u0129a cho ng\u01b0\u1eddi th\u00e2n, Faris Chocolate lu\u00f4n l\u00e0 s\u1ef1 l\u1ef1a ch\u1ecdn ho\u00e0n h\u1ea3o. H\u01b0\u01a1ng v\u1ecb socola tinh t\u1ebf v\u00e0 \u0111a d\u1ea1ng c\u1ee7a s\u1ea3n ph\u1ea9m n\u00e0y l\u00e0m cho n\u00f3 tr\u1edf th\u00e0nh \u0111i\u1ec3m \u0111\u1ebfn h\u00e0ng \u0111\u1ea7u cho nh\u1eefng ng\u01b0\u1eddi y\u00eau th\u00edch h\u01b0\u01a1ng v\u1ecb socola th\u01b0\u1ee3ng h\u1ea1ng.<\/p>\n<p><img loading=\"lazy\" decoding=\"async\" class=\"wp-image-33519 aligncenter\" src=\"https:\/\/havamall.com\/wp-content\/uploads\/2023\/12\/vn-11134207-7r98o-ln2js8v265so18-300x300.jpeg\" alt=\"\" width=\"677\" height=\"677\" \/><\/p>","protected":false},"excerpt":{"rendered":"<p>&nbsp; TH\u00d4NG TIN CHUNG Th\u01b0\u01a1ng hi\u1ec7u Faris Xu\u1ea5t x\u1ee9 H\u1ed3ng K\u00f4ng Th\u00e0nh ph\u1ea7n \u0110\u01b0\u1eddng, siro glucose, acid lactic, h\u01b0\u01a1ng li\u1ec7u<\/p>","protected":false},"featured_media":33520,"comment_status":"open","ping_status":"closed","template":"","meta":[],"product_brand":[],"product_cat":[133,36],"product_tag":[],"class_list":{"0":"post-33515","1":"product","2":"type-product","3":"status-publish","4":"has-post-thumbnail","6":"product_cat-banh-keo-chocolate","7":"product_cat-thuc-pham-tieu-dung","9":"first","10":"outofstock","11":"sale","12":"shipping-taxable","13":"purchasable","14":"product-type-simple"},"_links":{"self":[{"href":"https:\/\/havamall.com\/en\/wp-json\/wp\/v2\/product\/33515","targetHints":{"allow":["GET"]}}],"collection":[{"href":"https:\/\/havamall.com\/en\/wp-json\/wp\/v2\/product"}],"about":[{"href":"https:\/\/havamall.com\/en\/wp-json\/wp\/v2\/types\/product"}],"replies":[{"embeddable":true,"href":"https:\/\/havamall.com\/en\/wp-json\/wp\/v2\/comments?post=33515"}],"version-history":[{"count":0,"href":"https:\/\/havamall.com\/en\/wp-json\/wp\/v2\/product\/33515\/revisions"}],"wp:featuredmedia":[{"embeddable":true,"href":"https:\/\/havamall.com\/en\/wp-json\/wp\/v2\/media\/33520"}],"wp:attachment":[{"href":"https:\/\/havamall.com\/en\/wp-json\/wp\/v2\/media?parent=33515"}],"wp:term":[{"taxonomy":"product_brand","embeddable":true,"href":"https:\/\/havamall.com\/en\/wp-json\/wp\/v2\/product_brand?post=33515"},{"taxonomy":"product_cat","embeddable":true,"href":"https:\/\/havamall.com\/en\/wp-json\/wp\/v2\/product_cat?post=33515"},{"taxonomy":"product_tag","embeddable":true,"href":"https:\/\/havamall.com\/en\/wp-json\/wp\/v2\/product_tag?post=33515"}],"curies":[{"name":"wp","href":"https:\/\/api.w.org\/{rel}","templated":true}]}}