{"id":33521,"date":"2023-12-28T14:50:31","date_gmt":"2023-12-28T07:50:31","guid":{"rendered":"https:\/\/havamall.com\/?post_type=product&#038;p=33521"},"modified":"2023-12-28T14:55:38","modified_gmt":"2023-12-28T07:55:38","slug":"tra-den-ceylon-huong-hoa-qua-nhiet-doi-elimad-hop-thiec-100g","status":"publish","type":"product","link":"https:\/\/havamall.com\/en\/shop\/tra-den-ceylon-huong-hoa-qua-nhiet-doi-elimad-hop-thiec-100g\/","title":{"rendered":"Tr\u00e0 \u0111en Ceylon H\u01b0\u01a1ng Hoa Qu\u1ea3 Nhi\u1ec7t \u0110\u1edbi Elimad H\u1ed9p Thi\u1ebfc 100g"},"content":{"rendered":"<h3><strong>TH\u00d4NG TIN S\u1ea2N PH\u1ea8M<\/strong><\/h3>\n<table>\n<tbody>\n<tr>\n<td>Th\u01b0\u01a1ng hi\u1ec7u<\/td>\n<td>Elimad Tea<\/td>\n<\/tr>\n<tr>\n<td>Xu\u1ea5t x\u1ee9<\/td>\n<td>SriLanKa<\/td>\n<\/tr>\n<tr>\n<td>Th\u00e0nh ph\u1ea7n<\/td>\n<td>Tr\u00e0 \u0111en Ceylon v\u00e0 h\u01b0\u01a1ng hoa qu\u1ea3<\/td>\n<\/tr>\n<tr>\n<td>H\u1ea1n s\u1eed d\u1ee5ng<\/td>\n<td>36 th\u00e1ng k\u1ec3 t\u1eeb ng\u00e0y s\u1ea3n xu\u1ea5t.<\/td>\n<\/tr>\n<tr>\n<td>B\u1ea3o qu\u1ea3n<\/td>\n<td>B\u1ea3o qu\u1ea3n n\u1edbi kh\u00f4 r\u00e1o, kho\u00e1ng m\u00e1t. Sau khi m\u1edf s\u1ea3n ph\u1ea9m n\u00ean \u0111\u1eady k\u00edn n\u1ebfu ch\u01b0a s\u1eed d\u1ee5ng h\u1ebft v\u00e0 b\u1ea3o b\u1ea3o m\u00e1t kh\u00f4ng qu\u00e1 1 ng\u00e0y<\/td>\n<\/tr>\n<tr>\n<td>Kh\u1ed1i l\u01b0\u1ee3ng t\u1ecbnh<\/td>\n<td>100g<\/td>\n<\/tr>\n<\/tbody>\n<\/table>\n<p>Tr\u00e0 Ceylon l\u00e1\u00a0l\u00e0 lo\u1ea1i tr\u00e0 \u0111en r\u1ea5t th\u1ecbnh h\u00e0nh c\u00f3 ngu\u1ed3n g\u1ed1c t\u1eeb qu\u1ed1c gia Sri Lanka \u2013 m\u1ed9t qu\u1ed1c gia thu\u1ed9c v\u00f9ng nhi\u1ec7t \u0111\u1edbi. Lo\u1ea1i tr\u00e0 n\u00e0y n\u1ed5i ti\u1ebfng t\u1eeb th\u1ebf k\u1ef7 19 c\u00f3 h\u01b0\u01a1ng v\u1ecb m\u1ea1nh, th\u01a1m \u0111\u1eadm, mang h\u01b0\u01a1ng tr\u00e1i c\u00e2y t\u1eeb v\u00f9ng nhi\u1ec7t \u0111\u1edbi v\u00e0 pha ch\u00fat v\u1ecb ch\u00e1t nh\u1eb9 n\u01a1i \u0111\u1ea7u l\u01b0\u1ee1i.<\/p>\n<p><img fetchpriority=\"high\" decoding=\"async\" class=\"wp-image-33524 aligncenter\" src=\"https:\/\/havamall.com\/wp-content\/uploads\/2023\/12\/387866167_707534034737501_4765119431849514587_n-300x300.jpeg\" alt=\"\" width=\"617\" height=\"617\" \/><\/p>\n<p>V\u1edbi l\u01b0\u1ee3ng caffein trong tr\u00e0 r\u1ea5t cao, \u0111\u00e2y l\u00e0 m\u1ed9t th\u1ee9c u\u1ed1ng ph\u00f9 h\u1ee3p v\u1edbi d\u00f9ng m\u1ed7i s\u00e1ng \u0111\u1ec3 tinh th\u1ea7n \u0111\u01b0\u1ee3c t\u1ec9nh t\u00e1o . Tr\u00e0 tr\u00e1i c\u00e2y\u00a0Elimad Tea v\u1edbi to\u00e0n b\u1ed9 qu\u00e1 tr\u00ecnh t\u1eeb kh\u00e2u tr\u1ed3ng tr\u00e0, cho \u0111\u1ebfn l\u00fac s\u1ea3n ph\u1ea9m t\u1edbi tay ng\u01b0\u1eddi ti\u00eau d\u00f9ng \u0111\u1ec1u \u0111\u01b0\u1ee3c NSX ki\u1ec3m so\u00e1t r\u1ea5t ch\u1eb7t ch\u1ebd \u0111\u1ec3 lu\u00f4n \u0111\u1ea3m b\u1ea3o \u0111\u01b0\u1ee3c ch\u1ea5t l\u01b0\u1ee3ng tr\u00e0 v\u00e0 th\u01b0\u01a1ng hi\u1ec7u.<\/p>\n<p><img decoding=\"async\" class=\"wp-image-29057 aligncenter\" src=\"https:\/\/havamall.com\/wp-content\/uploads\/2022\/09\/52240622376_e209c78a1e_o-1-213x300.jpg\" alt=\"\" width=\"617\" height=\"869\" \/><\/p>\n<p>Tr\u00e0 \u0111\u01b0\u1ee3c l\u1ef1a ch\u1ecdn c\u1ea9n th\u1eadn t\u1eeb c\u00e1c n\u00f4ng tr\u1ea1i tr\u00ean kh\u1eafp th\u1ebf gi\u1edbi. V\u1edbi nh\u1eefng ai l\u00e0 fan c\u1ee7a th\u01b0\u01a1ng hi\u1ec7u tr\u00e0 n\u00e0y th\u00ec ch\u1eafc kh\u00f4ng c\u00f2n g\u00ec \u0111\u1ec3 b\u00e0n c\u00e3i khi m\u00e0 m\u1ed7i l\u1ea7n s\u1ea3n ph\u1ea9m n\u00e0y tung ra m\u1eabu m\u1edbi \u0111\u1ec1u nh\u1eadn \u0111\u01b0\u1ee3c nhi\u1ec1u s\u1ef1 quan t\u00e2m t\u1eeb kh\u00e1ch h\u00e0ng. H\u01b0\u01a1ng v\u1ecb quy\u1ebfn r\u0169 t\u1ea1o n\u00ean s\u1ef1 tinh t\u1ebf nh\u1eb9 nh\u00e0ng \u0111\u1eadm ch\u1ea5t ho\u00e0ng gia, d\u1ec5 d\u00e0ng \u0111\u01b0a ng\u01b0\u1eddi u\u1ed1ng \u0111\u1eafm ch\u00ecm v\u00e0o nh\u1eefng c\u1ea3m x\u00fac th\u01b0 gi\u00e3n, th\u01b0 th\u00e1i, relax\u2026.<img decoding=\"async\" class=\"wp-image-24202 aligncenter\" src=\"https:\/\/havamall.com\/wp-content\/uploads\/2021\/12\/k-300x223.png\" alt=\"\" width=\"616\" height=\"458\" \/><\/p>\n<h2><strong>H\u01b0\u1edbng d\u1eabn s\u1eed d\u1ee5ng<\/strong><\/h2>\n<p>&#8211; B\u01b0\u1edbc 1: Ng\u00e2m 30 gram tr\u00e0 v\u1edbi 1 l\u00edt n\u01b0\u1edbc s\u00f4i.<\/p>\n<p>&#8211; B\u01b0\u1edbc 2: Khu\u1ea5y nh\u1eb9 15 gi\u00e2y, v\u00e0 \u1ee7 tr\u00e0 trong v\u00f2ng 15 ph\u00fat.<\/p>\n<p>&#8211; B\u01b0\u1edbc 3: L\u1ecdc tr\u00e0\u00a0v\u00e0 s\u1eed d\u1ee5ng. C\u00f3 th\u1ec3 d\u00f9ng n\u00f3ng ho\u1eb7c l\u1ea1nh.<\/p>","protected":false},"excerpt":{"rendered":"<p>TH\u00d4NG TIN S\u1ea2N PH\u1ea8M Th\u01b0\u01a1ng hi\u1ec7u Elimad Tea Xu\u1ea5t x\u1ee9 SriLanKa Th\u00e0nh ph\u1ea7n Tr\u00e0 \u0111en Ceylon v\u00e0 h\u01b0\u01a1ng hoa qu\u1ea3<\/p>","protected":false},"featured_media":33522,"comment_status":"open","ping_status":"closed","template":"","meta":[],"product_brand":[],"product_cat":[135,36],"product_tag":[],"class_list":{"0":"post-33521","1":"product","2":"type-product","3":"status-publish","4":"has-post-thumbnail","6":"product_cat-sua-do-uong","7":"product_cat-thuc-pham-tieu-dung","9":"first","10":"instock","11":"sale","12":"shipping-taxable","13":"purchasable","14":"product-type-simple"},"_links":{"self":[{"href":"https:\/\/havamall.com\/en\/wp-json\/wp\/v2\/product\/33521","targetHints":{"allow":["GET"]}}],"collection":[{"href":"https:\/\/havamall.com\/en\/wp-json\/wp\/v2\/product"}],"about":[{"href":"https:\/\/havamall.com\/en\/wp-json\/wp\/v2\/types\/product"}],"replies":[{"embeddable":true,"href":"https:\/\/havamall.com\/en\/wp-json\/wp\/v2\/comments?post=33521"}],"version-history":[{"count":0,"href":"https:\/\/havamall.com\/en\/wp-json\/wp\/v2\/product\/33521\/revisions"}],"wp:featuredmedia":[{"embeddable":true,"href":"https:\/\/havamall.com\/en\/wp-json\/wp\/v2\/media\/33522"}],"wp:attachment":[{"href":"https:\/\/havamall.com\/en\/wp-json\/wp\/v2\/media?parent=33521"}],"wp:term":[{"taxonomy":"product_brand","embeddable":true,"href":"https:\/\/havamall.com\/en\/wp-json\/wp\/v2\/product_brand?post=33521"},{"taxonomy":"product_cat","embeddable":true,"href":"https:\/\/havamall.com\/en\/wp-json\/wp\/v2\/product_cat?post=33521"},{"taxonomy":"product_tag","embeddable":true,"href":"https:\/\/havamall.com\/en\/wp-json\/wp\/v2\/product_tag?post=33521"}],"curies":[{"name":"wp","href":"https:\/\/api.w.org\/{rel}","templated":true}]}}