{"id":33558,"date":"2024-01-03T16:47:43","date_gmt":"2024-01-03T09:47:43","guid":{"rendered":"https:\/\/havamall.com\/?post_type=product&#038;p=33558"},"modified":"2025-03-21T10:34:06","modified_gmt":"2025-03-21T03:34:06","slug":"dung-cu-tach-vo-trung-inox","status":"publish","type":"product","link":"https:\/\/havamall.com\/en\/shop\/dung-cu-tach-vo-trung-inox\/","title":{"rendered":"D\u1ee5ng C\u1ee5 T\u00e1ch V\u1ecf Tr\u1ee9ng Inox"},"content":{"rendered":"<p>D\u1ee5ng c\u1ee5 t\u00e1ch v\u1ecf tr\u1ee9ng inox l\u00e0 ti\u1ec7n \u00edch nh\u00e0 b\u1ebfp th\u00f4ng minh gi\u00fap b\u1ea1n d\u1ec5 d\u00e0ng, nhanh ch\u00f3ng b\u00f3c t\u00e1ch ph\u1ea7n \u0111\u1ea7u v\u1ecf tr\u1ee9ng m\u00e0 kh\u00f4ng c\u1ea7n ch\u1ea1m tay v\u00e0o. B\u1ea1n s\u1ebd ti\u1ebft ki\u1ec7m \u0111\u01b0\u1ee3c r\u1ea5t nhi\u1ec1u th\u1eddi gian v\u00e0 n\u0103ng l\u01b0\u1ee3ng trong vi\u1ec7c b\u1ebfp n\u00fac h\u00e0ng ng\u00e0y.<\/p>\n<p><img fetchpriority=\"high\" decoding=\"async\" class=\"wp-image-33566 aligncenter\" src=\"https:\/\/havamall.com\/wp-content\/uploads\/2024\/01\/08bf88cebb8d697b658b077517b4f6f7-1-300x271.png\" alt=\"\" width=\"529\" height=\"478\" \/><\/p>\n<p>D\u1ee5ng c\u1ee5 t\u00e1ch v\u1ecf tr\u1ee9ng n\u00e0y \u0111\u01b0\u1ee3c l\u00e0m t\u1eeb th\u00e9p kh\u00f4ng g\u1ec9 cao c\u1ea5p, \u0111\u1ed9 b\u1ec1n cao, d\u1ec5 d\u00e0ng v\u1ec7 sinh sau khi s\u1eed d\u1ee5ng, v\u00e0 \u0111\u1eb7c bi\u1ec7t l\u00e0 kh\u00f4ng g\u00e2y \u1ea3nh h\u01b0\u1edfng \u0111\u1ebfn s\u1ee9c kh\u1ecfe. D\u1ee5ng c\u1ee5 c\u00f3 thi\u1ebft k\u1ebf ph\u00f9 h\u1ee3p cho h\u1ea7u k\u1ebft c\u00e1c lo\u1ea1i tr\u1ee9ng g\u00e0, v\u1ecbt\u2026B\u1ea1n c\u00f3 th\u1ec3 s\u00e1ng t\u1ea1o ch\u1ebf bi\u1ebfn ra nhi\u1ec1u m\u00f3n tr\u1ee9ng kh\u00e1c nhau cho b\u1eefa c\u01a1m gia \u0111\u00ecnh.<\/p>\n<p>V\u1edbi ch\u1ea5t li\u1ec7u inox 304 cao c\u1ea5p c\u00f9ng ki\u1ec3u d\u00e1ng s\u00e1ng b\u00f3ng, sang tr\u1ecdng ph\u00f9 h\u1ee3p v\u1edbi c\u00e1c c\u0103n b\u1ebfp trang tr\u00ed tinh t\u1ebf. \u0110\u1eb7c bi\u1ec7t b\u1ec1n b\u1ec9 theo th\u1eddi gian v\u00e0 d\u1ec5 d\u00e0ng lau r\u1eeda, treo c\u1ea5t sau khi s\u1eed d\u1ee5ng.<\/p>\n<p><img decoding=\"async\" class=\"wp-image-33560 aligncenter\" src=\"https:\/\/havamall.com\/wp-content\/uploads\/2024\/01\/75fbc62793c70b0e44ad8756e51c049b-300x300.jpeg\" alt=\"\" width=\"711\" height=\"711\" \/><\/p>\n<h2><strong>\u0110\u1eb6C \u0110I\u1ec2M N\u1ed4I B\u1eacT C\u1ee6A S\u1ea2N PH\u1ea8M<\/strong><\/h2>\n<p>&#8211; 100% s\u1ea3n ph\u1ea9m m\u1edbi, ch\u1ea5t l\u01b0\u1ee3ng cao.<\/p>\n<p>&#8211; Thi\u1ebft k\u1ebf th\u1ef1c t\u1ebf D\u1ee5ng c\u1ee5 m\u1edf v\u1ecf tr\u1ee9ng: V\u1ebb ngo\u00e0i thanh l\u1ecbch. M\u1ecfng, di \u0111\u1ed9ng v\u00e0 d\u1ec5 b\u1ea3o qu\u1ea3n.<\/p>\n<p>&#8211; Ph\u00f9 h\u1ee3p v\u1edbi c\u00e1c K\u00edch th\u01b0\u1edbc tr\u1ee9ng kh\u00e1c nhau: Hai k\u00edch c\u1ee1 (\u0110\u01b0\u1eddng k\u00ednh l\u00e0 1 Inch v\u00e0 1,37 Inch) c\u1ee7a c\u1ed1c ph\u00f9 h\u1ee3p v\u1edbi h\u1ea7u h\u1ebft c\u00e1c k\u00edch c\u1ee1 tr\u1ee9ng.<\/p>\n<p>&#8211; D\u1ec5 d\u00e0ng s\u1eed d\u1ee5ng: Ch\u1ec9 c\u1ea7n c\u0103n ch\u1ec9nh c\u1ed1c l\u00ean tr\u00ean tr\u1ee9ng, k\u00e9o b\u00faa l\u00ean v\u00e0 th\u1ea3 ra, v\u1ecf tr\u1ee9ng s\u1ebd \u0111\u01b0\u1ee3c th\u00e1o ra m\u00e0 kh\u00f4ng l\u00e0m b\u1ea9n tay.<\/p>\n<p>&#8211; Ch\u1ea5t li\u1ec7u cao c\u1ea5p: L\u00e0m b\u1eb1ng th\u00e9p kh\u00f4ng g\u1ec9. B\u1ec1n v\u00e0 an to\u00e0n. Ho\u00e0n h\u1ea3o cho tr\u1ee9ng lu\u1ed9c m\u1ec1m, lu\u1ed9c c\u1ee9ng ho\u1eb7c s\u1ed1ng.<\/p>\n<p><img decoding=\"async\" class=\"wp-image-33561 aligncenter\" src=\"https:\/\/havamall.com\/wp-content\/uploads\/2024\/01\/7c0fd3d0a796f8b7c3a0ec931f3ecdcf2b681013_original-300x300.jpeg\" alt=\"\" width=\"681\" height=\"681\" \/><\/p>\n<h2><strong>H\u01af\u1edaNG D\u1eaaN S\u1eec D\u1ee4NG<\/strong><\/h2>\n<p>&#8211; C\u0103n ch\u1ec9nh ph\u1ea7n \u0111\u1ea7u c\u1ee7a qu\u1ea3 tr\u1ee9ng<\/p>\n<p>&#8211; \u0110\u1ea7u \u0111\u00e0n h\u1ed3i l\u1eb7p l\u1ea1i \u0111\u1eadp v\u00e0o qu\u1ea3 tr\u1ee9ng<\/p>\n<p>&#8211; D\u1ec5 d\u00e0ng m\u1edf v\u1ecf tr\u1ee9ng 4. L\u1ed9t v\u1ecf d\u1ec5 d\u00e0ng<\/p>\n<p><img loading=\"lazy\" decoding=\"async\" class=\"wp-image-33559 aligncenter\" src=\"https:\/\/havamall.com\/wp-content\/uploads\/2024\/01\/61zDypR8QSL-300x300.jpeg\" alt=\"\" width=\"668\" height=\"668\" \/><\/p>","protected":false},"excerpt":{"rendered":"<p>D\u1ee5ng c\u1ee5 t\u00e1ch v\u1ecf tr\u1ee9ng inox l\u00e0 ti\u1ec7n \u00edch nh\u00e0 b\u1ebfp th\u00f4ng minh gi\u00fap b\u1ea1n d\u1ec5 d\u00e0ng, nhanh ch\u00f3ng b\u00f3c<\/p>","protected":false},"featured_media":33562,"comment_status":"open","ping_status":"closed","template":"","meta":[],"product_brand":[],"product_cat":[393,35],"product_tag":[],"class_list":{"0":"post-33558","1":"product","2":"type-product","3":"status-publish","4":"has-post-thumbnail","6":"product_cat-bep-phong-an","7":"product_cat-nha-cua-doi-song","9":"first","10":"outofstock","11":"sale","12":"shipping-taxable","13":"purchasable","14":"product-type-variable"},"_links":{"self":[{"href":"https:\/\/havamall.com\/en\/wp-json\/wp\/v2\/product\/33558","targetHints":{"allow":["GET"]}}],"collection":[{"href":"https:\/\/havamall.com\/en\/wp-json\/wp\/v2\/product"}],"about":[{"href":"https:\/\/havamall.com\/en\/wp-json\/wp\/v2\/types\/product"}],"replies":[{"embeddable":true,"href":"https:\/\/havamall.com\/en\/wp-json\/wp\/v2\/comments?post=33558"}],"version-history":[{"count":0,"href":"https:\/\/havamall.com\/en\/wp-json\/wp\/v2\/product\/33558\/revisions"}],"wp:featuredmedia":[{"embeddable":true,"href":"https:\/\/havamall.com\/en\/wp-json\/wp\/v2\/media\/33562"}],"wp:attachment":[{"href":"https:\/\/havamall.com\/en\/wp-json\/wp\/v2\/media?parent=33558"}],"wp:term":[{"taxonomy":"product_brand","embeddable":true,"href":"https:\/\/havamall.com\/en\/wp-json\/wp\/v2\/product_brand?post=33558"},{"taxonomy":"product_cat","embeddable":true,"href":"https:\/\/havamall.com\/en\/wp-json\/wp\/v2\/product_cat?post=33558"},{"taxonomy":"product_tag","embeddable":true,"href":"https:\/\/havamall.com\/en\/wp-json\/wp\/v2\/product_tag?post=33558"}],"curies":[{"name":"wp","href":"https:\/\/api.w.org\/{rel}","templated":true}]}}