{"id":33567,"date":"2024-01-04T10:23:03","date_gmt":"2024-01-04T03:23:03","guid":{"rendered":"https:\/\/havamall.com\/?post_type=product&#038;p=33567"},"modified":"2024-12-25T15:54:07","modified_gmt":"2024-12-25T08:54:07","slug":"33567","status":"publish","type":"product","link":"https:\/\/havamall.com\/en\/shop\/33567\/","title":{"rendered":"K\u1eb9p T\u00e1ch V\u1ecf C\u00e1c Lo\u1ea1i H\u1ea1t D\u01b0a, H\u1ea1t H\u01b0\u1edbng D\u01b0\u01a1ng, H\u1ea1t Th\u00f4ng&#8230;"},"content":{"rendered":"<p class=\"\">Nh\u00e2m nhi h\u1ea1t d\u01b0a, h\u1ea1t b\u00ed ch\u00ednh l\u00e0 m\u1ed9t trong nh\u1eefng th\u00fa vui ng\u00e0y T\u1ebft c\u1ee7a nhi\u1ec1u ng\u01b0\u1eddi. Tuy nhi\u00ean, th\u00fa vui \u1ea5y ch\u1ec9 d\u00e0nh cho nh\u1eefng ng\u01b0\u1eddi r\u0103ng kh\u1ecfe m\u00e0 th\u00f4i. V\u1edbi ng\u01b0\u1eddi gi\u00e0, tr\u1ebb nh\u1ecf ho\u1eb7c nh\u1eefng ng\u01b0\u1eddi \u0111ang c\u00f3 v\u1ea5n \u0111\u1ec1 v\u1ec1 r\u0103ng, vi\u1ec7c nh\u00e2m nhi c\u00e1c lo\u1ea1i h\u1ea1t d\u01b0\u1eddng nh\u01b0 l\u00e0 \u0111i\u1ec1u kh\u00f4ng t\u01b0\u1edfng. Trong tr\u01b0\u1eddng h\u1ee3p n\u00e0y, thay v\u00ec d\u00f9ng r\u0103ng \u0111\u1ec3 c\u1eafn h\u1ea1t, b\u1ea1n c\u00f3 th\u1ec3 s\u1eed d\u1ee5ng chi\u1ebfc k\u1eb9p nh\u1ecf xinh d\u01b0\u1edbi \u0111\u00e2y.<\/p>\n<p>\u00a0<img fetchpriority=\"high\" decoding=\"async\" class=\"wp-image-33569 aligncenter\" src=\"https:\/\/havamall.com\/wp-content\/uploads\/2024\/01\/rBNaFl8jiF-Ae_F9AAPmu-L12Jk790-300x300.jpeg\" alt=\"\" width=\"587\" height=\"587\" \/><\/p>\n<p class=\"\">Chi\u1ebfc k\u1eb9p n\u00e0y \u0111\u01b0\u1ee3c l\u00e0m t\u1eeb ch\u1ea5t li\u1ec7u th\u00e9p kh\u00f4ng g\u1ec9, k\u00edch c\u1ee1 nh\u1ecf g\u1ecdn 9&#215;5,5cm. S\u1ea3n ph\u1ea9m c\u00f3 3 kho\u1ea3ng v\u1edbi k\u00edch c\u1ee1 kh\u00e1c nhau \u0111\u1ec3 b\u00f3c t\u00e1ch c\u00e1c lo\u1ea1i h\u1ea1t, t\u1eeb h\u1ea1t v\u1ecf m\u1ec1m nh\u01b0 h\u1ea1t b\u00ed, v\u1ecf gi\u00f2n nh\u01b0 h\u1ea1t h\u01b0\u1edbng d\u01b0\u01a1ng cho \u0111\u1ebfn v\u1ecf c\u1ee9ng nh\u01b0 h\u1ea1t d\u01b0a, h\u1ea1t d\u1ebb c\u01b0\u1eddi. Tuy nhi\u00ean, v\u00ec k\u00edch c\u1ee1 nh\u1ecf n\u00ean chi\u1ebfc k\u1eb9p n\u00e0y kh\u00f4ng th\u1ec3 b\u00f3c \u0111\u01b0\u1ee3c c\u00e1c lo\u1ea1i h\u1ea1t l\u1edbn nh\u01b0 h\u1ea1t macca, \u00f3c ch\u00f3.<\/p>\n<p><img decoding=\"async\" class=\"wp-image-33568 aligncenter\" src=\"https:\/\/havamall.com\/wp-content\/uploads\/2024\/01\/rBNaFV8jiGGAZmgaAAFzhwntNto744-300x300.jpeg\" alt=\"\" width=\"583\" height=\"583\" \/><\/p>\n<p>H\u01b0\u1edbng d\u01b0\u01a1ng, h\u1ea1t d\u01b0a l\u00e0 m\u1ed9t m\u00f3n\u00a0\u0103n v\u1eb7t\u00a0quen thu\u1ed9c, \u0111\u1eb7c bi\u1ec7t v\u00e0o nh\u1eefng bu\u1ed5i t\u1ee5 t\u1eadp, g\u1eb7p g\u1ee1 n\u00f3i chuy\u1ec7n. N\u1ebfu b\u1ea1n y\u00eau th\u00edch m\u00f3n \u0103n v\u1eb7t n\u00e0y th\u00ec kh\u00f4ng th\u1ec3 b\u1ecf l\u1ee1 chi\u1ebfc k\u00e9o t\u00e1ch h\u1ea1t v\u00f4 c\u00f9ng ti\u1ec7n l\u1ee3i n\u00e0y. H\u00e3y \u0111\u1ec3 h\u00e0m r\u0103ng c\u1ee7a b\u1ea1n \u0111\u01b0\u1ee3c &#8220;ngh\u1ec9 ng\u01a1i&#8221; v\u1edbi k\u00e9o t\u00e1ch v\u1ecf h\u1ea1t h\u01b0\u1edbng d\u01b0\u01a1ng.<\/p>\n<p>K\u00e9o t\u00e1ch h\u1ea1t l\u00e0 d\u1ee5ng c\u1ee5 d\u00f9ng \u0111\u1ec3 b\u00f3c v\u1ecf c\u00e1c lo\u1ea1i h\u1ea1t kh\u00f4 hay d\u00f9ng trong d\u1ecbp T\u1ebft Nguy\u00ean \u0110\u00e1n (t\u1ebft \u00e2m l\u1ecbch) , d\u00f9ng b\u00f3c t\u00e1c c\u00e1c lo\u1ea1i h\u1ea1t nh\u01b0 h\u1ea1t h\u01b0\u1edbng d\u01b0\u01a1ng, h\u1ea1t b\u00ed, h\u1ea1t d\u01b0a&#8230;<\/p>\n<p><img decoding=\"async\" class=\"wp-image-33571 aligncenter\" src=\"https:\/\/havamall.com\/wp-content\/uploads\/2024\/01\/Screen-Shot-2024-01-04-at-10.18.09-AM-300x284.png\" alt=\"\" width=\"589\" height=\"558\" \/><\/p>\n<p>K\u00e9o t\u00e1ch h\u1ea1t c\u00f3 nhi\u1ec1u khung ph\u00f9 h\u1ee3p v\u1edbi nhi\u1ec1u k\u00edch th\u01b0\u1edbc h\u1ea1t kh\u00e1c nhau \u0111\u1ec3 b\u1ea1n tho\u1ea3i m\u00e1i s\u1eed d\u1ee5ng \u0111a d\u1ea1ng ho\u00e0n c\u1ea3nh. V\u1edbi ch\u1ea5t li\u1ec7u inox b\u1ec1 b\u1ec9 gi\u00fap b\u1ea1n d\u1ec5 d\u00e0ng v\u1ec7 sinh c\u00e1c v\u1ebft b\u1ea9n b\u1eb1ng kh\u0103n s\u1ea1ch v\u00f4 c\u00f9ng nhanh ch\u00f3ng, gi\u1eef s\u1ea3n ph\u1ea9m lu\u00f4n b\u1ec1n \u0111\u1eb9p.<\/p>\n<p><img loading=\"lazy\" decoding=\"async\" class=\"wp-image-33573 aligncenter\" src=\"https:\/\/havamall.com\/wp-content\/uploads\/2024\/01\/Screen-Shot-2024-01-04-at-10.18.36-AM-300x295.png\" alt=\"\" width=\"590\" height=\"580\" \/><\/p>\n<h2><strong>\u01afU \u0110I\u1ec2M C\u1ee6A S\u1ea2N PH\u1ea8M<\/strong><\/h2>\n<p class=\"irIKAp\">&#8211; T\u00e1ch h\u1ea1t d\u01b0a, h\u1ea1t h\u01b0\u1edbng d\u01b0\u01a1ng, h\u1ea1t b\u00ed&#8230;<\/p>\n<p class=\"irIKAp\">&#8211; Tr\u00e1nh vi\u1ec7c d\u00f9ng r\u0103ng c\u00f3 th\u1ec3 g\u00e2y t\u1ed5n th\u01b0\u01a1ng v\u00e0 l\u1ec7ch l\u1ea1c r\u0103ng<\/p>\n<p class=\"irIKAp\">&#8211; T\u00e1ch h\u1ea1t tinh t\u1ebf v\u00e0 l\u1ecbch s\u1ef1 khi ti\u1ebfp kh\u00e1ch<\/p>\n<p class=\"irIKAp\">&#8211; Tr\u1ee3 th\u1ee7 \u0111\u1eafc l\u1ef1c cho c\u00e1c t\u00edn \u0111\u1ed3 nghi\u1ec1n h\u1ea1t d\u01b0a<\/p>\n<p><img loading=\"lazy\" decoding=\"async\" class=\"wp-image-33572 aligncenter\" src=\"https:\/\/havamall.com\/wp-content\/uploads\/2024\/01\/Screen-Shot-2024-01-04-at-10.18.22-AM-300x295.png\" alt=\"\" width=\"603\" height=\"593\" \/><\/p>","protected":false},"excerpt":{"rendered":"<p>Nh\u00e2m nhi h\u1ea1t d\u01b0a, h\u1ea1t b\u00ed ch\u00ednh l\u00e0 m\u1ed9t trong nh\u1eefng th\u00fa vui ng\u00e0y T\u1ebft c\u1ee7a nhi\u1ec1u ng\u01b0\u1eddi. Tuy nhi\u00ean,<\/p>","protected":false},"featured_media":33570,"comment_status":"open","ping_status":"closed","template":"","meta":[],"product_brand":[],"product_cat":[393,35],"product_tag":[],"class_list":{"0":"post-33567","1":"product","2":"type-product","3":"status-publish","4":"has-post-thumbnail","6":"product_cat-bep-phong-an","7":"product_cat-nha-cua-doi-song","9":"first","10":"outofstock","11":"sale","12":"shipping-taxable","13":"purchasable","14":"product-type-simple"},"_links":{"self":[{"href":"https:\/\/havamall.com\/en\/wp-json\/wp\/v2\/product\/33567","targetHints":{"allow":["GET"]}}],"collection":[{"href":"https:\/\/havamall.com\/en\/wp-json\/wp\/v2\/product"}],"about":[{"href":"https:\/\/havamall.com\/en\/wp-json\/wp\/v2\/types\/product"}],"replies":[{"embeddable":true,"href":"https:\/\/havamall.com\/en\/wp-json\/wp\/v2\/comments?post=33567"}],"version-history":[{"count":0,"href":"https:\/\/havamall.com\/en\/wp-json\/wp\/v2\/product\/33567\/revisions"}],"wp:featuredmedia":[{"embeddable":true,"href":"https:\/\/havamall.com\/en\/wp-json\/wp\/v2\/media\/33570"}],"wp:attachment":[{"href":"https:\/\/havamall.com\/en\/wp-json\/wp\/v2\/media?parent=33567"}],"wp:term":[{"taxonomy":"product_brand","embeddable":true,"href":"https:\/\/havamall.com\/en\/wp-json\/wp\/v2\/product_brand?post=33567"},{"taxonomy":"product_cat","embeddable":true,"href":"https:\/\/havamall.com\/en\/wp-json\/wp\/v2\/product_cat?post=33567"},{"taxonomy":"product_tag","embeddable":true,"href":"https:\/\/havamall.com\/en\/wp-json\/wp\/v2\/product_tag?post=33567"}],"curies":[{"name":"wp","href":"https:\/\/api.w.org\/{rel}","templated":true}]}}