{"id":33574,"date":"2024-01-04T10:50:50","date_gmt":"2024-01-04T03:50:50","guid":{"rendered":"https:\/\/havamall.com\/?post_type=product&#038;p=33574"},"modified":"2024-01-05T13:31:19","modified_gmt":"2024-01-05T06:31:19","slug":"dung-cu-mo-ruou-vang-thep-khong-gi-cao-cap","status":"publish","type":"product","link":"https:\/\/havamall.com\/en\/shop\/dung-cu-mo-ruou-vang-thep-khong-gi-cao-cap\/","title":{"rendered":"D\u1ee5ng C\u1ee5 M\u1edf R\u01b0\u1ee3u Vang Th\u00e9p Kh\u00f4ng G\u1ec9 Cao C\u1ea5p"},"content":{"rendered":"<p>D\u1ee5ng c\u1ee5 m\u1edf r\u01b0\u1ee3u vang \u0111\u01b0\u1ee3c l\u00e0m t\u1eeb ch\u1ea5t li\u1ec7u th\u00e9p m\u1ea1 niken cao c\u1ea5p, c\u00f3 \u0111\u1ed9 b\u1ec1n cao, kh\u00f4ng b\u1ecb h\u01b0 h\u1ecfng trong qu\u00e1 tr\u00ecnh s\u1eed d\u1ee5ng. B\u00ean c\u1ea1nh \u0111\u00f3 ch\u1ea5t li\u1ec7u n\u00e0y c\u00f2n c\u00f3 kh\u1ea3 n\u0103ng ch\u1ecbu nhi\u1ec7t t\u1ed1t v\u00e0 h\u1ea1n ch\u1ebf t\u1ed1i \u0111a c\u00e1c v\u1ebft tr\u00e0y x\u01b0\u1edbc khi va \u0111\u1eadp.<\/p>\n<p>S\u1ea3n ph\u1ea9m thi\u1ebft k\u1ebf th\u00f4ng minh, nh\u1ecf g\u1ecdn v\u1edbi v\u1eadt li\u1ec7u h\u1ee3p kim m\u1ea1 s\u00e1ng b\u00f3ng, kh\u00f4ng g\u1ec9, si\u00eau b\u1ec1n. D\u00f9ng \u0111\u1ec3 m\u1edf (khui) n\u1eafp chai r\u01b0\u1ee3u vang th\u1eadt d\u1ec5 d\u00e0ng s\u1eed d\u1ee5ng v\u00e0 an to\u00e0n.<\/p>\n<p><img fetchpriority=\"high\" decoding=\"async\" class=\"wp-image-33577 aligncenter\" src=\"https:\/\/havamall.com\/wp-content\/uploads\/2024\/01\/1086x627_winged-corkscrew-300x186.jpeg\" alt=\"\" width=\"681\" height=\"422\" \/><\/p>\n<p>S\u1ea3n ph\u1ea9m \u0111\u01b0\u1ee3c thi\u1ebft k\u1ebf v\u1edbi m\u0169i khoan \u0111\u01b0\u1ee3c gi\u1ea5u b\u00ean trong d\u1ee5ng c\u1ee5, c\u00e1n thi\u1ebft k\u1ebf v\u1eeba tay ng\u01b0\u1eddi d\u00f9ng. D\u1ee5ng c\u1ee5 s\u1edf h\u1eefu thi\u1ebft k\u1ebf \u0111\u1ed9c \u0111\u00e1o, tinh t\u1ebf, d\u1ec5 s\u1eed d\u1ee5ng, gi\u00fap gi\u1ea3m thi\u1ec3u t\u1ed1i \u0111a c\u00f4ng s\u1ee9c c\u1ee7a ng\u01b0\u1eddi s\u1eed d\u1ee5ng. V\u1edbi d\u1ee5ng c\u1ee5 n\u00e0y, b\u1ea1n c\u00f3 th\u1ec3 m\u1edf chai r\u01b0\u1ee3u vang m\u1ed9t c\u00e1ch d\u1ec5 d\u00e0ng ch\u1ec9 v\u1edbi v\u00e0i \u0111\u1ed9ng t\u00e1c \u0111\u01a1n gi\u1ea3n.<\/p>\n<p><img decoding=\"async\" class=\"wp-image-33575 aligncenter\" src=\"https:\/\/havamall.com\/wp-content\/uploads\/2024\/01\/Dung-cu-mo-ruou-vang-ikea-300x300.jpeg\" alt=\"\" width=\"770\" height=\"770\" \/><\/p>\n<p>Ngo\u00e0i ra b\u1ea1n c\u00f2n c\u00f3 th\u1ec3 m\u1edf n\u1eafp chai bia, n\u01b0\u1edbc ng\u1ecdt d\u1ec5 d\u00e0ng nh\u1edd thi\u1ebft k\u1ebf th\u00f4ng minh v\u1edbi ph\u1ea7n m\u1edf n\u1eafp \u1edf \u0111\u1ea7u s\u1ea3n ph\u1ea9m. D\u1ee5ng c\u1ee5 m\u1edf r\u01b0\u1ee3u vang c\u00f3 ki\u1ec3u d\u00e1ng \u0111\u01a1n gi\u1ea3n c\u00f9ng v\u1ebb ngo\u00e0i s\u00e1ng b\u00f3ng, \u0111em \u0111\u1ebfn v\u1ebb hi\u1ec7n \u0111\u1ea1i, sang tr\u1ecdng cho b\u00e0n \u0103n, b\u00e0n ti\u1ebfp kh\u00e1ch nh\u00e0 b\u1ea1n.<\/p>\n<p><img decoding=\"async\" class=\"wp-image-33576 aligncenter\" src=\"https:\/\/havamall.com\/wp-content\/uploads\/2024\/01\/dung-cu-khui-ruou-vang-da-nang4-300x300.jpeg\" alt=\"\" width=\"564\" height=\"564\" \/><\/p>\n<h2><strong>\u01afU \u0110I\u1ec2M C\u1ee6A S\u1ea2N PH\u1ea8M<\/strong><\/h2>\n<p>&#8211; S\u1ea3n ph\u1ea9m \u0111\u01b0\u1ee3c l\u00e0m ho\u00e0n to\u00e0n t\u1eeb ch\u1ea5t li\u1ec7u k\u1ebdm m\u1ea1 cr\u00f4m b\u1ec1n ch\u1eafc, kh\u00f3 n\u1ee9t g\u00e3y hay b\u1ecb hoen g\u1ec9 trong su\u1ed1t qu\u00e1 tr\u00ecnh s\u1eed d\u1ee5ng.<\/p>\n<p>&#8211; S\u1ea3n ph\u1ea9m r\u1ea5t \u0111\u1ea3m b\u1ea3o v\u1ec7 sinh v\u00e0 lu\u00f4n s\u1ea1ch s\u1ebd, an to\u00e0n cho s\u1ee9c kh\u1ecfe c\u1ee7a ng\u01b0\u1eddi d\u00f9ng.<\/p>\n<p>\u200b- Thi\u1ebft k\u1ebf tr\u1ee3 l\u1ef1c cho vi\u1ec7c m\u1edf n\u1eafp r\u01b0\u1ee3u vang<\/p>\n<p>&#8211; S\u1ea3n ph\u1ea9m c\u00f3 \u0111\u1ea7u xo\u00e1y \u0111\u1ec3 m\u1edf n\u00fat li\u1ec1n kh\u1ed1i v\u1edbi ph\u1ea7n \u0111\u1ea7u xoay, gi\u00fap b\u1ea1n c\u00f3 th\u1ec3 th\u1ec3 th\u00e1o n\u1eafp c\u1ee7a c\u00e1c chai r\u01b0\u1ee3u vang d\u1ec5 d\u00e0ng.<\/p>\n<p>&#8211; B\u1ea1n s\u1ebd kh\u00f4ng c\u00f2n ph\u1ea3i t\u1ed1n qu\u00e1 nhi\u1ec1u th\u1eddi gian v\u00e0 s\u1ee9c l\u1ef1c \u0111\u1ec3 m\u1edf n\u1eafp r\u01b0\u1ee3u v\u00e0 th\u01b0\u1edfng th\u1ee9c m\u00f3n u\u1ed1ng tuy\u1ec7t h\u1ea3o n\u00e0y n\u1eefa.<\/p>\n<p>&#8211; S\u1ea3n ph\u1ea9m c\u00f3 h\u00ecnh d\u00e1ng sang tr\u1ecdng, nh\u1ecf g\u1ecdn<\/p>\n<p>&#8211; Ki\u1ec3u d\u00e1ng c\u1ee7a s\u1ea3n ph\u1ea9m mang \u0111\u1ebfn c\u1ea3m gi\u00e1c sang tr\u1ecdng, tinh t\u1ebf v\u1edbi t\u1eebng \u0111\u01b0\u1eddng n\u00e9t \u0111\u01b0\u1ee3c gia c\u00f4ng t\u1ec9 m\u1ec9.<\/p>\n<p>&#8211; S\u1ea3n ph\u1ea9m s\u1ebd l\u00e0 m\u1ed9t v\u1eadt d\u1ee5ng kh\u00f4ng th\u1ec3 thi\u1ebfu tr\u00ean k\u1ec7 tr\u01b0ng b\u00e0y v\u00e0 b\u1ea3o qu\u1ea3n r\u01b0\u1ee3u c\u1ee7a gia \u0111\u00ecnh b\u1ea1n.<\/p>\n<p><img loading=\"lazy\" decoding=\"async\" class=\"wp-image-33579 aligncenter\" src=\"https:\/\/havamall.com\/wp-content\/uploads\/2024\/01\/Screen-Shot-2024-01-04-at-10.47.41-AM-300x300.png\" alt=\"\" width=\"589\" height=\"589\" \/><\/p>","protected":false},"excerpt":{"rendered":"<p>D\u1ee5ng c\u1ee5 m\u1edf r\u01b0\u1ee3u vang \u0111\u01b0\u1ee3c l\u00e0m t\u1eeb ch\u1ea5t li\u1ec7u th\u00e9p m\u1ea1 niken cao c\u1ea5p, c\u00f3 \u0111\u1ed9 b\u1ec1n cao, kh\u00f4ng<\/p>","protected":false},"featured_media":33580,"comment_status":"open","ping_status":"closed","template":"","meta":[],"product_brand":[],"product_cat":[393,35],"product_tag":[],"class_list":{"0":"post-33574","1":"product","2":"type-product","3":"status-publish","4":"has-post-thumbnail","6":"product_cat-bep-phong-an","7":"product_cat-nha-cua-doi-song","9":"first","10":"instock","11":"sale","12":"shipping-taxable","13":"purchasable","14":"product-type-simple"},"_links":{"self":[{"href":"https:\/\/havamall.com\/en\/wp-json\/wp\/v2\/product\/33574","targetHints":{"allow":["GET"]}}],"collection":[{"href":"https:\/\/havamall.com\/en\/wp-json\/wp\/v2\/product"}],"about":[{"href":"https:\/\/havamall.com\/en\/wp-json\/wp\/v2\/types\/product"}],"replies":[{"embeddable":true,"href":"https:\/\/havamall.com\/en\/wp-json\/wp\/v2\/comments?post=33574"}],"version-history":[{"count":0,"href":"https:\/\/havamall.com\/en\/wp-json\/wp\/v2\/product\/33574\/revisions"}],"wp:featuredmedia":[{"embeddable":true,"href":"https:\/\/havamall.com\/en\/wp-json\/wp\/v2\/media\/33580"}],"wp:attachment":[{"href":"https:\/\/havamall.com\/en\/wp-json\/wp\/v2\/media?parent=33574"}],"wp:term":[{"taxonomy":"product_brand","embeddable":true,"href":"https:\/\/havamall.com\/en\/wp-json\/wp\/v2\/product_brand?post=33574"},{"taxonomy":"product_cat","embeddable":true,"href":"https:\/\/havamall.com\/en\/wp-json\/wp\/v2\/product_cat?post=33574"},{"taxonomy":"product_tag","embeddable":true,"href":"https:\/\/havamall.com\/en\/wp-json\/wp\/v2\/product_tag?post=33574"}],"curies":[{"name":"wp","href":"https:\/\/api.w.org\/{rel}","templated":true}]}}