{"id":33597,"date":"2024-01-05T16:11:31","date_gmt":"2024-01-05T09:11:31","guid":{"rendered":"https:\/\/havamall.com\/?post_type=product&#038;p=33597"},"modified":"2024-11-09T15:28:12","modified_gmt":"2024-11-09T08:28:12","slug":"tra-den-tui-loc-maisky-huong-chanh-vang-375g","status":"publish","type":"product","link":"https:\/\/havamall.com\/en\/shop\/tra-den-tui-loc-maisky-huong-chanh-vang-375g\/","title":{"rendered":"Tr\u00e0 \u0110en T\u00fai L\u1ecdc Maisky H\u01b0\u01a1ng Chanh V\u00e0ng 37,5g"},"content":{"rendered":"<h2><\/h2>\n<h2><strong>TH\u00d4NG TIN CHUNG<\/strong><\/h2>\n<table>\n<tbody>\n<tr>\n<td>Th\u01b0\u01a1ng hi\u1ec7u<\/td>\n<td>Maisky<\/td>\n<\/tr>\n<tr>\n<td>Xu\u1ea5t x\u1ee9<\/td>\n<td>Ngan<\/td>\n<\/tr>\n<tr>\n<td>Th\u00e0nh ph\u1ea7n<\/td>\n<td>B\u00fap tr\u00e0 \u0111en, h\u01b0\u01a1ng chanh gi\u1ed1ng t\u1ef1 nhi\u00ean<\/td>\n<\/tr>\n<tr>\n<td>H\u1ea1n s\u1eed d\u1ee5ng<\/td>\n<td>36 th\u00e1ng k\u1ec3 t\u1eeb ng\u00e0y s\u1ea3n xu\u1ea5t.<\/td>\n<\/tr>\n<tr>\n<td>B\u1ea3o qu\u1ea3n<\/td>\n<td>\u0110\u1ec3 n\u01a1i kh\u00f4 r\u00e1o, tho\u00e1ng m\u00e1t, tr\u00e1nh \u00e1nh n\u1eafng tr\u1ef1c ti\u1ebfp<\/td>\n<\/tr>\n<tr>\n<td>Kh\u1ed1i l\u01b0\u1ee3ng t\u1ecbnh<\/td>\n<td>37,5g<\/td>\n<\/tr>\n<\/tbody>\n<\/table>\n<p>Tr\u00e0 \u0111en t\u00fai l\u1ecdc chanh v\u00e0ng Maisky Nga l\u00e0 s\u1ea3n ph\u1ea9m tr\u00e0 n\u1ed5i ti\u1ebfng th\u1ebf gi\u1edbi. To\u00e0n b\u1ed9 qu\u00e1 tr\u00ecnh t\u1eeb kh\u00e2u tr\u1ed3ng tr\u00e0, cho \u0111\u1ebfn l\u00fac s\u1ea3n ph\u1ea9m t\u1edbi tay ng\u01b0\u1eddi ti\u00eau d\u00f9ng \u0111\u1ec1u \u0111\u01b0\u1ee3c NSX ki\u1ec3m so\u00e1t r\u1ea5t ch\u1eb7t ch\u1ebd.\u00a0Tr\u00e0\u00a0Maisk \u00a0c\u00f3 trang tr\u1ea1i tr\u1ed3ng tr\u00e0 ri\u00eang c\u1ee7a m\u00ecnh t\u1ea1i c\u00e1c v\u00f9ng c\u00f3 kh\u00ed h\u1eadu t\u1ed1t nh\u1ea5t x\u1ee9 s\u1edf B\u1ea1ch D\u01b0\u01a1ng, \u00e1p d\u1ee5ng c\u00e1c c\u00f4ng ngh\u1ec7 s\u1ea3n xu\u1ea5t in \u1ea5n bao b\u00ec, \u0111\u00f3ng g\u00f3i tr\u00e0 ti\u00ean ti\u1ebfn nh\u1ea5t, \u0111\u1ea3m b\u1ea3o an to\u00e0n.<\/p>\n<p>Tr\u00e0 \u0111en t\u00fai l\u1ecdc chanh v\u00e0ng Maisky Nga\u00a0\u0111\u01b0\u1ee3c thi\u1ebft k\u1ebf d\u1ea1ng t\u00fai l\u1ecdc ti\u1ec7n l\u1ee3i. NSX c\u0169ng ki\u1ec3m so\u00e1t \u0111\u01b0\u1ee3c to\u00e0n b\u1ed9 qu\u00e1 tr\u00ecnh t\u1eeb v\u01b0\u1eddn tr\u00e0 t\u1edbi ly tr\u00e0, c\u1eaft gi\u1ea3m \u0111\u01b0\u1ee3c c\u00e1c chi ph\u00ed trung gian v\u00e0 lu\u00f4n \u0111\u1ea3m b\u1ea3o \u0111\u01b0\u1ee3c ch\u1ea5t l\u01b0\u1ee3ng tr\u00e0 v\u00e0 th\u01b0\u01a1ng hi\u1ec7u.<\/p>\n<p><img fetchpriority=\"high\" decoding=\"async\" class=\"wp-image-33598 aligncenter\" src=\"https:\/\/havamall.com\/wp-content\/uploads\/2024\/01\/6201132398-300x150.jpeg\" alt=\"\" width=\"556\" height=\"278\" \/><\/p>\n<p>Vi\u1ec7c u\u1ed1ng 4 t\u00e1ch tr\u00e0 \u0111en m\u1ed7i ng\u00e0y c\u00f3 th\u1ec3 \u0111\u1ea9y l\u00f9i b\u1ec7nh ti\u1ec3u \u0111\u01b0\u1eddng v\u00e0 gi\u1ea3m 60% nguy c\u01a1 m\u1eafc b\u1ec7nh tim. Ch\u00ednh v\u00ec l\u1ee3i \u00edch tuy\u1ec7t v\u1eddi \u0111\u00f3 Moskva \u0111\u00e3 tr\u1ef1c ti\u1ebfp x\u00e1ch tay mang \u0111\u1ebfn cho ng\u01b0\u1eddi d\u00f9ng Vi\u1ec7t m\u1ed9t lo\u1ea1i tr\u00e0 \u0111en h\u1ea3o h\u1ea1ng &#8211;\u00a0Maisky c\u1ee7a Nga.<\/p>\n<p>N\u1ebfu nh\u01b0 tr\u00e0 xanh m\u1ea5t \u0111i s\u1ef1 t\u01b0\u01a1i m\u00e1t sau 12 \u0111\u1ebfn 18 th\u00e1ng, th\u00ec tr\u00e0 \u0111en c\u00f3 th\u1ec3 \u0111\u01b0\u1ee3c l\u01b0u tr\u1eef trong nhi\u1ec1u n\u0103m m\u00e0 kh\u00f4ng b\u1ecb m\u1ea5t h\u01b0\u01a1ng v\u1ecb, v\u00e0 l\u00e0 lo\u1ea1i tr\u00e0 \u01b0a th\u00edch \u1edf ph\u01b0\u01a1ng T\u00e2y v\u00ec b\u1ea3o qu\u1ea3n \u0111\u01b0\u1ee3c l\u00e2u v\u00e0 ch\u1ee9a nhi\u1ec1u caffeine h\u01a1n.<\/p>\n<p><img decoding=\"async\" class=\"wp-image-33599 aligncenter\" src=\"https:\/\/havamall.com\/wp-content\/uploads\/2024\/01\/6201132580-300x300.png\" alt=\"\" width=\"556\" height=\"556\" \/><\/p>\n<p>M\u1ed9t nghi\u00ean c\u1ee9u d\u00e0i h\u1ea1n c\u1ee7a H\u1ecdc vi\u1ec7n Qu\u1ed1c gia H\u00e0 Lan Y t\u1ebf c\u00f4ng c\u1ed9ng v\u00e0 m\u00f4i tr\u01b0\u1eddng \u0111\u00e3 ch\u1ec9 ra r\u1eb1ng vi\u1ec7c th\u01b0\u1eddng xuy\u00ean u\u1ed1ng tr\u00e0 \u0111en n\u00f3i chung v\u00e0 tr\u00e0 Maybe Korona s\u1ebd gi\u00fap gi\u1ea3m nguy c\u01a1 \u0111\u1ed9t qu\u1ef5. T\u00ecnh tr\u1ea1ng suy tho\u00e1i ch\u1ee9c n\u0103ng c\u1ee7a l\u1edbp m\u00e0ng trong n\u00e0y s\u1ebd mau ch\u00f3ng d\u1eabn \u0111\u1ebfn b\u1ec7nh tim), trong khi m\u1ed9t s\u1ed1 c\u00e1c ch\u1ea5t flavonoid \u0111\u01b0\u1ee3c l\u1ea5y t\u1eeb c\u00e1c lo\u1ea1i tr\u00e1i c\u00e2y v\u00e0 rau qu\u1ea3, th\u00ec 70% \u0111\u1ebfn t\u1eeb tr\u00e0 \u0111en.<\/p>\n<p><img decoding=\"async\" class=\"wp-image-33600 aligncenter\" src=\"https:\/\/havamall.com\/wp-content\/uploads\/2024\/01\/chay_chernyy_mayskiy_limon_25_paketikov_po_1_5_g_aromatizirovannyy_baykhovyy_2421470_2-300x300.jpeg\" alt=\"\" width=\"562\" height=\"562\" \/><\/p>\n<p>Kh\u00e1c h\u1eb3n tr\u00e0 xanh l\u00e0 trong qu\u00e1 tr\u00ecnh ch\u1ebf bi\u1ebfn kh\u00f4ng qua giai \u0111o\u1ea1n di\u1ec7t men ngay,\u00a0Tr\u00e0 \u0111en t\u00fai l\u1ecdc chanh v\u00e0ng Maisky Nga\u00a0c\u00f2n th\u00eam giai \u0111o\u1ea1n l\u00ean men \u0111\u1ec3 t\u1ea1o ra nh\u1eefng bi\u1ebfn \u0111\u1ed5i sinh h\u00f3a c\u1ea7n thi\u1ebft l\u00e0m cho m\u00e0u s\u1eafc v\u00e0 h\u01b0\u01a1ng v\u1ecb c\u1ee7a th\u00e0nh ph\u1ea9m sau n\u00e0y c\u00f3 nh\u1eefng \u0111\u1eb7c t\u00ednh ri\u00eang m\u00e0 c\u00e1c lo\u1ea1i tr\u00e0 kh\u00e1c kh\u00f4ng c\u00f3 \u0111\u01b0\u1ee3c, \u0111\u00f3 l\u00e0 m\u00e0u n\u01b0\u1edbc pha \u0111\u1ecf s\u00e1ng, v\u1ecb d\u1ecbu, h\u01b0\u01a1ng th\u01a1m nh\u1eb9.<\/p>\n<p>Tr\u00e0 \u0111en t\u00fai l\u1ecdc chanh v\u00e0ng Maisky Nga\u00a0 \u0111\u01b0\u1ee3c b\u1ea3o qu\u1ea3n trong h\u1ed9p k\u00edn, \u0111\u1ea3m b\u1ea3o gi\u1eef nguy\u00ean h\u01b0\u01a1ng v\u1ecb th\u01a1m ngon cho tr\u00e0. Ch\u1ec9 m\u1ea5t \u00edt ph\u00fat pha ch\u1ebf m\u1ed7i ng\u00e0y l\u00e0 b\u1ea1n c\u00f3 th\u1ec3 ch\u0103m s\u00f3c s\u1ee9c kh\u1ecfe b\u1ea3n th\u00e2n v\u00e0 t\u1eadp trung tinh th\u1ea7n tuy\u1ec7t \u0111\u1ed1i cho c\u00f4ng vi\u1ec7c v\u00e0 h\u1ecdc t\u1eadp m\u1ed9t c\u00e1ch nhanh ch\u00f3ng.<\/p>\n<p><img loading=\"lazy\" decoding=\"async\" class=\"wp-image-33601 aligncenter\" src=\"https:\/\/havamall.com\/wp-content\/uploads\/2024\/01\/Screen-Shot-2024-01-05-at-3.57.47-PM-copy-300x292.png\" alt=\"\" width=\"556\" height=\"541\" \/><\/p>","protected":false},"excerpt":{"rendered":"<p>TH\u00d4NG TIN CHUNG Th\u01b0\u01a1ng hi\u1ec7u Maisky Xu\u1ea5t x\u1ee9 Ngan Th\u00e0nh ph\u1ea7n B\u00fap tr\u00e0 \u0111en, h\u01b0\u01a1ng chanh gi\u1ed1ng t\u1ef1 nhi\u00ean H\u1ea1n<\/p>","protected":false},"featured_media":33603,"comment_status":"open","ping_status":"closed","template":"","meta":[],"product_brand":[],"product_cat":[135,36,700],"product_tag":[],"class_list":{"0":"post-33597","1":"product","2":"type-product","3":"status-publish","4":"has-post-thumbnail","6":"product_cat-sua-do-uong","7":"product_cat-thuc-pham-tieu-dung","8":"product_cat-thuc-uong-khong-con","10":"first","11":"outofstock","12":"sale","13":"shipping-taxable","14":"purchasable","15":"product-type-simple"},"_links":{"self":[{"href":"https:\/\/havamall.com\/en\/wp-json\/wp\/v2\/product\/33597","targetHints":{"allow":["GET"]}}],"collection":[{"href":"https:\/\/havamall.com\/en\/wp-json\/wp\/v2\/product"}],"about":[{"href":"https:\/\/havamall.com\/en\/wp-json\/wp\/v2\/types\/product"}],"replies":[{"embeddable":true,"href":"https:\/\/havamall.com\/en\/wp-json\/wp\/v2\/comments?post=33597"}],"version-history":[{"count":0,"href":"https:\/\/havamall.com\/en\/wp-json\/wp\/v2\/product\/33597\/revisions"}],"wp:featuredmedia":[{"embeddable":true,"href":"https:\/\/havamall.com\/en\/wp-json\/wp\/v2\/media\/33603"}],"wp:attachment":[{"href":"https:\/\/havamall.com\/en\/wp-json\/wp\/v2\/media?parent=33597"}],"wp:term":[{"taxonomy":"product_brand","embeddable":true,"href":"https:\/\/havamall.com\/en\/wp-json\/wp\/v2\/product_brand?post=33597"},{"taxonomy":"product_cat","embeddable":true,"href":"https:\/\/havamall.com\/en\/wp-json\/wp\/v2\/product_cat?post=33597"},{"taxonomy":"product_tag","embeddable":true,"href":"https:\/\/havamall.com\/en\/wp-json\/wp\/v2\/product_tag?post=33597"}],"curies":[{"name":"wp","href":"https:\/\/api.w.org\/{rel}","templated":true}]}}