{"id":33618,"date":"2024-01-09T16:17:09","date_gmt":"2024-01-09T09:17:09","guid":{"rendered":"https:\/\/havamall.com\/?post_type=product&#038;p=33618"},"modified":"2024-01-09T16:17:10","modified_gmt":"2024-01-09T09:17:10","slug":"set-qua-tet-sum-hop-thuong-hang-nhap-khau-usa-havafoodies","status":"publish","type":"product","link":"https:\/\/havamall.com\/en\/shop\/set-qua-tet-sum-hop-thuong-hang-nhap-khau-usa-havafoodies\/","title":{"rendered":"Set Qu\u00e0 T\u1ebft Sum H\u1ecdp Th\u01b0\u1ee3ng H\u1ea1ng Nh\u1eadp Kh\u1ea9u USA Havafoodies"},"content":{"rendered":"<p>\u00dd ngh\u0129a tr\u1ecdn v\u1eb9n c\u1ee7a h\u1ed9p qu\u00e0 t\u1ebft l\u00e0 l\u1eddi tri \u00e2n c\u00e1c c\u1ed9ng s\u1ef1 \u0111\u00e3 lu\u00f4n \u0111\u1ed3ng h\u00e0nh v\u01b0\u1ee3t qua kh\u00f3 kh\u0103n, l\u00e0 d\u1ecbp \u0111\u1ec3 trao nh\u1eefng m\u00f3n qu\u00e0 tr\u1ecdn \u0111\u1ea7y \u00fd ngh\u0129a. Set qu\u00e0 t\u1ebft ch\u00ednh l\u00e0 m\u00f3n qu\u00e0 k\u1ebft n\u1ed1i gi\u1eefa doanh nghi\u1ec7p v\u1edbi \u0111\u1ed1i t\u00e1c, kh\u00e1ch h\u00e0ng, c\u00e1c c\u1ed9ng s\u1ef1 \u0111\u00e3 \u0111\u1ed3ng h\u00e0nh c\u00f9ng c\u00f4ng ty trong nh\u1eefng n\u0103m qua.<\/p>\n<p><img fetchpriority=\"high\" decoding=\"async\" class=\"wp-image-33585 aligncenter\" src=\"https:\/\/havamall.com\/wp-content\/uploads\/2024\/01\/Havafoodies-Proposal-Tet-2022-01-1200x675-300x169.png\" alt=\"\" width=\"872\" height=\"491\" \/>\u00a0B\u1ed9 qu\u00e0 t\u1eb7ng t\u1ebft l\u00e0 m\u1ed9t m\u00f3n qu\u00e0 \u00fd ngh\u0129a v\u00e0 \u0111\u00e1ng y\u00eau \u0111\u01b0\u1ee3c t\u1eb7ng trong d\u1ecbp T\u1ebft Nguy\u00ean \u0110\u00e1n. Kh\u00e1i ni\u1ec7m n\u00e0y bao g\u1ed3m m\u1ed9t lo\u1ea1t c\u00e1c s\u1ea3n ph\u1ea9m ho\u1eb7c m\u00f3n qu\u00e0 \u0111\u01b0\u1ee3c s\u1eafp x\u1ebfp c\u1ea9n th\u1eadn th\u00e0nh m\u1ed9t b\u1ed9 qu\u00e0 t\u1eb7ng th\u1ec3 hi\u1ec7n l\u00f2ng tri \u00e2n v\u00e0 l\u1eddi ch\u00fac t\u1ed1t \u0111\u1eb9p \u0111\u1ed1i v\u1edbi ng\u01b0\u1eddi nh\u1eadn. B\u1ed9 qu\u00e0 t\u1eb7ng t\u1ebft kh\u00f4ng ch\u1ec9 \u0111\u01a1n thu\u1ea7n l\u00e0 m\u1ed9t m\u00f3n qu\u00e0 m\u00e0 c\u00f2n mang theo nh\u1eefng th\u00f4ng \u0111i\u1ec7p \u1ea9n ch\u1ee9a v\u1ec1 t\u00ecnh c\u1ea3m v\u00e0 hy v\u1ecdng cho n\u0103m m\u1edbi.<\/p>\n<p>B\u1ed9 qu\u00e0 t\u1eb7ng t\u1ebft \u0111\u01b0\u1ee3c xem l\u00e0 m\u1ed9t l\u1ef1a ch\u1ecdn t\u1ed1t trong m\u00f9a T\u1ebft b\u1edfi n\u00f3 th\u1ec3 hi\u1ec7n t\u00ecnh c\u1ea3m v\u00e0 l\u1eddi ch\u00fac t\u1ed1t \u0111\u1eb9p. Thay v\u00ec ch\u1ec9 \u0111\u01a1n gi\u1ea3n t\u1eb7ng m\u1ed9t m\u00f3n qu\u00e0 \u0111\u01a1n l\u1ebb, b\u1ed9 qu\u00e0 t\u1eb7ng t\u1ebft cho ph\u00e9p ng\u01b0\u1eddi t\u1eb7ng t\u1ed5 ch\u1ee9c c\u00e1c s\u1ea3n ph\u1ea9m th\u00e0nh m\u1ed9t g\u00f3i qu\u00e0 h\u1ea5p d\u1eabn, bi\u1ec3u t\u01b0\u1ee3ng c\u1ee7a s\u1ef1 chu to\u00e0n v\u00e0 ch\u0103m s\u00f3c.<\/p>\n<p><img decoding=\"async\" class=\"wp-image-33586 aligncenter\" src=\"https:\/\/havamall.com\/wp-content\/uploads\/2024\/01\/Havafoodies-Proposal-Tet-2022-07-1200x675-300x169.png\" alt=\"\" width=\"870\" height=\"490\" \/><\/p>\n<p>S\u1ea3n ph\u1ea9m qu\u00e0 T\u1ebft shop HAVAMALL\u00a0To\u00e0n b\u1ed9 h\u00e0ng h\u00f3a \u0111\u1ec1u l\u00e0 h\u00e0ng nh\u1eadp kh\u1ea9u nguy\u00ean \u0111ai nguy\u00ean ki\u1ec7n khi\u1ebfn ng\u01b0\u1eddi nh\u1eadn c\u1ea3m th\u1ea5y v\u00f4 c\u00f9ng \u1ea5n t\u01b0\u1ee3ng. H\u1ed9p qu\u00e0 c\u00f3 m\u00e0u s\u1eafc, ki\u1ec3u d\u00e1ng r\u1ea5t nh\u00e3 nh\u1eb7n, \u0111a d\u1ea1ng v\u00e0 \u0111\u1ed9c \u0111\u00e1o. N\u00f3i kh\u00f4ng v\u1edbi h\u00e0ng gi\u1ea3, h\u00e0ng k\u00e9m ch\u1ea5t l\u01b0\u1ee3ng. T\u1ea5t c\u1ea3 \u0111\u1ec1u \u0111\u01b0\u1ee3c ki\u1ec3m \u0111\u1ecbnh ch\u1eb7t ch\u1ebd, 100% s\u1ea3n ph\u1ea9m ch\u00ednh han<\/p>\n<p>V\u00f4 c\u00f9ng ti\u1ec7n l\u1ee3i khi b\u1ea1n c\u00f3 th\u1ec3 ho\u00e0n to\u00e0n y\u00ean t\u00e2m d\u00f9 \u0111\u00f3ng g\u00f3i s\u1eb5n nh\u01b0ng c\u00e1c s\u1ea3n ph\u1ea9m trong gi\u1ecf qu\u00e0 v\u1eabn \u0111\u1ea1t ch\u1ea5t l\u01b0\u1ee3ng cao, \u0111\u1ea3m b\u1ea3o t\u00ednh \u0111\u1eb3ng c\u1ea5p, sang tr\u1ecdng.<\/p>\n<p><img decoding=\"async\" class=\"wp-image-33584 aligncenter\" src=\"https:\/\/havamall.com\/wp-content\/uploads\/2024\/01\/850e54b2-f2b5-4b44-adde-ad6ca13e67b1-199x300.jpeg\" alt=\"\" width=\"869\" height=\"1310\" \/><\/p>\n<p><span class=\"text\">Set Qu\u00e0 T\u1ebft \u0110o\u00e0n Vi\u00ean Th\u01b0\u1ee3ng H\u1ea1ng Nh\u1eadp Kh\u1ea9u \u0111\u01b0\u1ee3c x\u1ebfp &amp; trang tr\u00ed v\u00f4 c\u00f9ng \u0111\u1eb9p m\u1eaft. Tr\u1edf th\u00e0nh m\u00f3n qu\u00e0 t\u1eb7ng \u0111\u01b0\u1ee3c \u01b0a chu\u1ed9ng nh\u1ea5t hi\u1ec7n nay v\u1edbi s\u1ef1 cao c\u1ea5p v\u00e0 tinh t\u1ebf. K\u1ebft h\u1ee3p ho\u00e0n h\u1ea3o gi\u1eefa c\u00e1c \u0111\u1eadu n\u00e0ng l\u00f4ng, khoai t\u00e2y c\u1eaft, salad rong bi\u1ec3n, ph\u00f4 mai Ai C\u1eadp. \u0110\u00e2y s\u1ebd l\u00e0 \u0111i\u1ec3m nh\u1ea5n t\u1ea1o n\u00ean \u1ea5n t\u01b0\u1ee3ng d\u00e0nh cho ng\u01b0\u1eddi nh\u1eadn. <\/span><\/p>\n<h2><strong><span class=\"text\">Set Qu\u00e0 T\u1ebft \u0110o\u00e0n Vi\u00ean Th\u01b0\u1ee3ng H\u1ea1ng Nh\u1eadp Kh\u1ea9u nh\u00e0 Havamall bao g\u1ed3m:<\/span><\/strong><\/h2>\n<p>1. <a href=\"https:\/\/havamall.com\/shop\/dau-nanh-long-dong-lanh-v-safefood-400g-frozen-japanese-soybean\/\">\u0110\u1eadu N\u00e0nh L\u00f4ng \u0110\u00f4ng L\u1ea1nh V-Safefood 1kg<\/a><br \/>\n2. <a href=\"https:\/\/havamall.com\/shop\/khoai-tay-dong-lanh-cat-dai-7-7-hieu-mydibel-2-5kg\/\">Khoai T\u00e2y \u0110\u00f4ng L\u1ea1nh C\u1eaft D\u00e0i Hi\u1ec7u Mydibel 1Kg<\/a><br \/>\n3. <a href=\"https:\/\/havamall.com\/shop\/trai-viet-quat-dong-lanh-1kg\/\">Tr\u00e1i Vi\u1ec7t Qu\u1ea5t \u0110\u00f4ng L\u1ea1nh Firestone 300g<\/a><br \/>\n4. <a href=\"https:\/\/havamall.com\/shop\/fresiweed-xa-lat-7-vi-rong-bien-110gr\/\">Salad 7 V\u1ecb Rong Bi\u1ec3n H\u00e0n Qu\u1ed1c Fresiweed 110gr<\/a><br \/>\n5. <a href=\"https:\/\/havamall.com\/shop\/pho-mai-ai-cap-labanita-hop-8-mieng-120g-processed-cheese\/\">Ph\u00f4 Mai Ai C\u1eadp Labanita H\u1ed9p 8 Mi\u1ebfng 120g<\/a><\/p>\n<p><img loading=\"lazy\" decoding=\"async\" class=\"wp-image-33620 aligncenter\" src=\"https:\/\/havamall.com\/wp-content\/uploads\/2024\/01\/2a3374da-7b7a-49f1-90ee-1e96d0e727a6-300x292.jpeg\" alt=\"\" width=\"866\" height=\"843\" \/><\/p>","protected":false},"excerpt":{"rendered":"<p>\u00dd ngh\u0129a tr\u1ecdn v\u1eb9n c\u1ee7a h\u1ed9p qu\u00e0 t\u1ebft l\u00e0 l\u1eddi tri \u00e2n c\u00e1c c\u1ed9ng s\u1ef1 \u0111\u00e3 lu\u00f4n \u0111\u1ed3ng h\u00e0nh v\u01b0\u1ee3t<\/p>","protected":false},"featured_media":33619,"comment_status":"open","ping_status":"closed","template":"","meta":[],"product_brand":[],"product_cat":[409,40,36,275],"product_tag":[],"class_list":{"0":"post-33618","1":"product","2":"type-product","3":"status-publish","4":"has-post-thumbnail","6":"product_cat-hop-qua-set-qua","7":"product_cat-sieuthi-giasi","8":"product_cat-thuc-pham-tieu-dung","9":"product_cat-thuc-pham-dong-lanh","11":"first","12":"instock","13":"sale","14":"shipping-taxable","15":"purchasable","16":"product-type-simple"},"_links":{"self":[{"href":"https:\/\/havamall.com\/en\/wp-json\/wp\/v2\/product\/33618","targetHints":{"allow":["GET"]}}],"collection":[{"href":"https:\/\/havamall.com\/en\/wp-json\/wp\/v2\/product"}],"about":[{"href":"https:\/\/havamall.com\/en\/wp-json\/wp\/v2\/types\/product"}],"replies":[{"embeddable":true,"href":"https:\/\/havamall.com\/en\/wp-json\/wp\/v2\/comments?post=33618"}],"version-history":[{"count":0,"href":"https:\/\/havamall.com\/en\/wp-json\/wp\/v2\/product\/33618\/revisions"}],"wp:featuredmedia":[{"embeddable":true,"href":"https:\/\/havamall.com\/en\/wp-json\/wp\/v2\/media\/33619"}],"wp:attachment":[{"href":"https:\/\/havamall.com\/en\/wp-json\/wp\/v2\/media?parent=33618"}],"wp:term":[{"taxonomy":"product_brand","embeddable":true,"href":"https:\/\/havamall.com\/en\/wp-json\/wp\/v2\/product_brand?post=33618"},{"taxonomy":"product_cat","embeddable":true,"href":"https:\/\/havamall.com\/en\/wp-json\/wp\/v2\/product_cat?post=33618"},{"taxonomy":"product_tag","embeddable":true,"href":"https:\/\/havamall.com\/en\/wp-json\/wp\/v2\/product_tag?post=33618"}],"curies":[{"name":"wp","href":"https:\/\/api.w.org\/{rel}","templated":true}]}}