{"id":33673,"date":"2024-01-12T15:26:15","date_gmt":"2024-01-12T08:26:15","guid":{"rendered":"https:\/\/havamall.com\/?post_type=product&#038;p=33673"},"modified":"2025-03-24T11:47:27","modified_gmt":"2025-03-24T04:47:27","slug":"giam-tao-huu-co-probios-500ml-organic-apple-cider-vinegar-2","status":"publish","type":"product","link":"https:\/\/havamall.com\/en\/shop\/giam-tao-huu-co-probios-500ml-organic-apple-cider-vinegar-2\/","title":{"rendered":"Gi\u1ea5m T\u00e1o H\u1eefu C\u01a1 C\u00f3 Gi\u1ea5m C\u00e1i Probios 500ml \u2013 Organic Apple Cider Vinegar"},"content":{"rendered":"<h2><\/h2>\n<h2><strong>TH\u00d4NG TIN CHUNG<\/strong><\/h2>\n<table>\n<tbody>\n<tr>\n<td>Th\u01b0\u01a1ng hi\u1ec7u<\/td>\n<td>Probios<\/td>\n<\/tr>\n<tr>\n<td>Xu\u1ea5t x\u1ee9<\/td>\n<td>\u00dd<\/td>\n<\/tr>\n<tr>\n<td>Th\u00e0nh ph\u1ea7n<\/td>\n<td>100% gi\u1ea5m tao h\u1eefu c\u01a1 c\u00f3 gi\u1ea5m c\u00e1i<\/td>\n<\/tr>\n<tr>\n<td>H\u1ea1n s\u1eed d\u1ee5ng<\/td>\n<td>36 th\u00e1ng k\u1ec3 t\u1eeb ng\u00e0y s\u1ea3n xu\u1ea5t.<\/td>\n<\/tr>\n<tr>\n<td>B\u1ea3o qu\u1ea3n<\/td>\n<td>\u0110\u1ec3 n\u01a1i kh\u00f4 r\u00e1o, tho\u00e1ng m\u00e1t, tr\u00e1nh \u00e1nh n\u1eafng tr\u1ef1c ti\u1ebfp<\/td>\n<\/tr>\n<tr>\n<td>Th\u1ec3 t\u00edch<\/td>\n<td>500ml<\/td>\n<\/tr>\n<\/tbody>\n<\/table>\n<p>Gi\u1ea5m t\u00e1o c\u00f2n \u0111\u01b0\u1ee3c bi\u1ebft \u0111\u1ebfn v\u1edbi nhi\u1ec1u t\u00ean g\u1ecdi kh\u00e1c nhau nh\u01b0 gi\u1ea5m r\u01b0\u1ee3u t\u00e1o hay ACV. \u0110\u00e2y l\u00e0 m\u1ed9t lo\u1ea1i gi\u1ea5m \u0111\u01b0\u1ee3c l\u00e0m t\u1eeb r\u01b0\u1ee3u t\u00e1o ho\u1eb7c t\u00e1o t\u01b0\u01a1i. Lo\u1ea1i gi\u1ea5m n\u00e0y kh\u00f4ng ch\u1ec9 ch\u1ee9a nhi\u1ec1u vitamin h\u1eefu \u00edch cho s\u1ee9c kh\u1ecfe m\u00e0 c\u00f2n c\u00f3 h\u01b0\u01a1ng v\u1ecb h\u1ea5p d\u1eabn.<\/p>\n<p>Lo\u1ea1i gi\u1ea5m ch\u01b0a \u0111\u01b0\u1ee3c l\u1ecdc v\u00e0 ch\u01b0a tinh ch\u1ebf c\u00f3 m\u00e0u \u0111\u1ee5c v\u00e0 \u0111\u1ee5c \u0111\u01b0\u1ee3c g\u1ecdi l\u00e0 gi\u1ea5m t\u00e1o v\u1edbi \u201cm\u1eb9\u201d. N\u00f3 \u0111\u01b0\u1ee3c s\u1eed d\u1ee5ng cho m\u1ee5c \u0111\u00edch u\u1ed1ng v\u00e0 c\u00f3 nhi\u1ec1u l\u1ee3i \u00edch cho s\u1ee9c kh\u1ecfe do s\u1ef1 hi\u1ec7n di\u1ec7n c\u1ee7a vi khu\u1ea9n c\u00f3 l\u1ee3i, n\u1ea5m men v\u00e0 protein.<img fetchpriority=\"high\" decoding=\"async\" class=\"wp-image-33678 aligncenter\" src=\"https:\/\/havamall.com\/wp-content\/uploads\/2024\/01\/sg-11134201-22110-wx094ufhvojv6e-300x300.jpeg\" alt=\"\" width=\"641\" height=\"641\" \/><\/p>\n<p>Gi\u1ea5m t\u00e1o h\u1eefu c\u01a1 Probios 500ml \u0111\u01b0\u1ee3c l\u00e0m b\u1eb1ng c\u00e1ch l\u00ean men \u0111\u01b0\u1eddng t\u1eeb t\u00e1o. \u0110i\u1ec1u n\u00e0y bi\u1ebfn ch\u00fang th\u00e0nh axit axetic, l\u00e0 m\u1ed9t th\u00e0nh ph\u1ea7n ho\u1ea1t \u0111\u1ed9ng ch\u00ednh trong gi\u1ea5m v\u00e0 cung c\u1ea5p nhi\u1ec1u l\u1ee3i \u00edch s\u1ee9c kho\u1ebb t\u1eeb \u0111\u00f3.<\/p>\n<p>Ch\u1ea5t ch\u00ednh trong gi\u1ea5m \u2013 axit axetic \u2013 c\u00f3 th\u1ec3 ti\u00eau di\u1ec7t vi khu\u1ea9n c\u00f3 h\u1ea1i ho\u1eb7c ng\u0103n ch\u00fang sinh s\u00f4i. Do \u0111\u00f3 ngo\u00e0i c\u00e1c \u1ee9ng d\u1ee5ng trong n\u1ea5u n\u01b0\u1edbng, gi\u1ea5m t\u00e1o c\u00f2n l\u00e0 ch\u1ea5t kh\u1eed tr\u00f9ng v\u00e0 l\u00e0 ch\u1ea5t b\u1ea3o qu\u1ea3n t\u1ef1 nhi\u00ean.<\/p>\n<p><img decoding=\"async\" class=\"wp-image-33676 aligncenter\" src=\"https:\/\/havamall.com\/wp-content\/uploads\/2024\/01\/026ec218f60092b6ea6ed42e9465affa-300x300.jpeg\" alt=\"\" width=\"639\" height=\"639\" \/><\/p>\n<div class=\"o9v6fnle cxmmr5t8 oygrvhab hcukyx3x c1et5uql ii04i59q\">\n<p dir=\"auto\">Tr\u00ean th\u1ef1c t\u1ebf, ng\u01b0\u1eddi ta d\u00f9ng gi\u1ea5m t\u00e1o theo nhi\u1ec1u c\u00e1ch h\u01a1n b\u1ea1n t\u01b0\u1edfng, trong \u0111\u00f3 c\u00f3 vi\u1ec7c gi\u1ea3i \u0111\u1ed9c t\u1ed1 c\u01a1 th\u1ec3. \u00dd t\u01b0\u1edfng d\u00f9ng gi\u1ea5m t\u00e1o \u0111\u1ec3 detox b\u1eaft ngu\u1ed3n t\u1eeb c\u00e1c vi khu\u1ea9n t\u1ed1t cho \u0111\u01b0\u1eddng ru\u1ed9t, vitamin, kho\u00e1ng ch\u1ea5t v\u00e0 enzym c\u00f3 trong gi\u1ea5m t\u00e1o t\u1ef1 nhi\u00ean.<\/p>\n<p dir=\"auto\">Vi\u1ec7c s\u1eed d\u1ee5ng gi\u1ea5m t\u00e1o \u0111\u1ec3 gi\u1ea3i \u0111\u1ed9c, \u0103n ki\u00eang \u0111\u00e3 c\u00f3 t\u1eeb h\u00e0ng ng\u00e0n n\u0103m tr\u01b0\u1edbc, th\u1eadm ch\u00ed c\u00f2n c\u00f3 tuy\u00ean b\u1ed1 cha \u0111\u1ebb c\u1ee7a y h\u1ecdc \u2013 Hippocrates \u2013 \u0111\u00e3 ph\u00e1t huy c\u00e1c ph\u1ea9m ch\u1ea5t s\u1ee9c kh\u1ecfe c\u1ee7a n\u00f3 t\u1eeb n\u0103m 400 TCN.<\/p>\n<p dir=\"auto\"><img decoding=\"async\" class=\"wp-image-33677 aligncenter\" src=\"https:\/\/havamall.com\/wp-content\/uploads\/2024\/01\/vn-11134207-7qukw-ljlecv5oxe6ae2-300x300.jpeg\" alt=\"\" width=\"644\" height=\"644\" \/><\/p>\n<p>Gi\u1ea5m T\u00e1o C\u00f3 Gi\u1ea5m M\u1eb9 ProBios \u00a0\u0110\u01b0\u1ee3c l\u00e0m t\u1eeb 100% t\u00e1o t\u01b0\u01a1i \u00dd \u0111\u01b0\u1ee3c ch\u1ee9ng nh\u1eadn Organic li\u00ean minh Ch\u00e2u \u00c2u EU ch\u01b0a qua l\u1ecdc v\u00e0 ch\u01b0a \u0111\u01b0\u1ee3c kh\u1eed tr\u00f9ng, thu \u0111\u01b0\u1ee3c t\u1eeb qu\u00e1 tr\u00ecnh l\u00ean men t\u1ef1 nhi\u00ean c\u1ee7a n\u01b0\u1edbc t\u00e1o t\u1eeb n\u00f4ng nghi\u1ec7p h\u1eefu c\u01a1, ch\u1ee9 kh\u00f4ng ph\u1ea3i t\u1eeb c\u00f4 \u0111\u1eb7c.<\/p>\n<p>S\u1ea3n ph\u1ea9m th\u1ef1c ph\u1ea9m th\u00f4, Gi\u1ea5m t\u00e1o v\u1edbi Gi\u1ea5m M\u1eb9 (Gi\u1ea5m C\u00e1i) l\u00fd t\u01b0\u1edfng nh\u01b0 m\u1ed9t lo\u1ea1i gia v\u1ecb c\u00f3 h\u01b0\u01a1ng v\u1ecb tinh t\u1ebf cho m\u00f3n salad, rau s\u1ed1ng ho\u1eb7c n\u1ea5u ch\u00edn, n\u01b0\u1edbc s\u1ed1t.<\/p>\n<h2><strong>Nh\u1eefng c\u00f4ng d\u1ee5ng th\u1ea7n k\u1ef3 c\u1ee7a gi\u1ea5m t\u00e1o:<\/strong><\/h2>\n<\/div>\n<div class=\"o9v6fnle cxmmr5t8 oygrvhab hcukyx3x c1et5uql ii04i59q\">\n<p dir=\"auto\">\u2013 Cung c\u1ea5p cho c\u01a1 th\u1ec3 m\u1ed9t li\u1ec1u l\u01b0\u1ee3ng enzym t\u1ed1t<\/p>\n<p dir=\"auto\">\u2013 T\u0103ng l\u01b0\u1ee3ng kali<\/p>\n<p dir=\"auto\">\u2013 H\u1ed7 tr\u1ee3 h\u1ec7 th\u1ed1ng mi\u1ec5n d\u1ecbch kh\u1ecfe m\u1ea1nh<\/p>\n<p dir=\"auto\">\u2013 Gi\u00fap ki\u1ec3m so\u00e1t c\u00e2n n\u1eb7ng<\/p>\n<p dir=\"auto\">\u2013 Th\u00fac \u0111\u1ea9y c\u00e2n b\u1eb1ng \u0111\u1ed9 pH trong c\u01a1 th\u1ec3<\/p>\n<p dir=\"auto\">\u2013 H\u1ed7 tr\u1ee3 ti\u00eau h\u00f3a kh\u1ecfe m\u1ea1nh<\/p>\n<p dir=\"auto\">\u2013 B\u1ed5 sung vi khu\u1ea9n t\u1ed1t cho \u0111\u01b0\u1eddng ru\u1ed9t v\u00e0 ch\u1ee9c n\u0103ng mi\u1ec5n d\u1ecbch<\/p>\n<p dir=\"auto\">\u2013 Gi\u00fap lo\u1ea1i b\u1ecf \u201cch\u1ea5t th\u1ea3i\u201d kh\u1ecfi c\u01a1 th\u1ec3<\/p>\n<p dir=\"auto\">\u2013 L\u00e0m d\u1ecbu da v\u00e0 gi\u00fap da kh\u1ecfe m\u1ea1nh<\/p>\n<p dir=\"auto\">\u2013 Ch\u1eefa l\u00e0nh m\u1ee5n tr\u1ee9ng c\u00e1 khi s\u1eed d\u1ee5ng b\u00ean ngo\u00e0i<\/p>\n<p dir=\"auto\"><img loading=\"lazy\" decoding=\"async\" class=\"wp-image-33675 aligncenter\" src=\"https:\/\/havamall.com\/wp-content\/uploads\/2024\/01\/600bc53a814975a6b5f668012b027ade-300x300.jpeg\" alt=\"\" width=\"647\" height=\"647\" \/><\/p>\n<\/div>\n<h2><strong>H\u01b0\u1edbng d\u1eabn s\u1eed d\u1ee5ng<\/strong><\/h2>\n<p>&#8211; D\u00f9ng tr\u1ed9n salad, trong c\u00e1c c\u00f4ng th\u1ee9c n\u1ea5u \u0103n v\u00e0 pha ch\u1ebf c\u00e1c lo\u1ea1i n\u01b0\u1edbc s\u1ed1t.<\/p>\n<p>&#8211; Sau khi m\u1edf n\u1eafp n\u00ean s\u1eed d\u1ee5ng h\u1ebft trong v\u00f2ng 6 th\u00e1ng. M\u1ed7i ng\u00e0y kh\u00f4ng s\u1eed d\u1ee5ng qu\u00e1 2 mu\u1ed7ng canh&#8230;<\/p>\n<p>&#8211; T\u1ea9y da ch\u1ebft, thu nh\u1ecf l\u1ed7 ch\u00e2n l\u00f4ng, b\u1edbt d\u1ea7u: H\u00f2a gi\u1ea5m t\u00e1o v\u00e0o n\u01b0\u1edbc theo t\u1ec9 l\u1ec7 1:1 r\u1ed3i d\u00f9ng b\u00f4ng thoa kh\u1eafp m\u1eb7t.<\/p>\n<p>&#8211; D\u01b0\u1ee1ng da, l\u00e0m s\u00e1ng: R\u1eeda m\u1eb7t s\u1ea1ch, thoa l\u00ean m\u1eb7t h\u1ed7n h\u1ee3p d\u1ea5m t\u00e1o, n\u01b0\u1edbc v\u1edbi t\u1ec9 l\u1ec7 1:3. M\u00e1t xa nh\u1eb9 nh\u00e0ng r\u1ed3i x\u1ea3 s\u1ea1ch l\u1ea1i v\u1edbi n\u01b0\u1edbc m\u00e1t.<\/p>\n<p>&#8211; H\u1ed7 tr\u1ee3 b\u1edbt d\u1ea7u nh\u1eddn, gi\u00fap t\u00f3c \u00f3ng m\u01b0\u1ee3t: Pha 1\/3 c\u1ed1c gi\u1ea5m t\u00e1o v\u00e0o 4 c\u1ed1c n\u01b0\u1edbc v\u00e0 x\u1ea3 s\u1ea1ch t\u00f3c sau khi g\u1ed9i.<\/p>\n<p>&#8211; H\u1ed7 tr\u1ee3 th\u00fac \u0111\u1ea9y ti\u00eau h\u00f3a, h\u1ea1n ch\u1ebf c\u01a1n th\u00e8m \u0103n: H\u00f2a n\u1eeda th\u00eca gi\u1ea5m t\u00e1o v\u1edbi m\u1ed9t c\u1ed1c n\u01b0\u1edbc v\u00e0 u\u1ed1ng 2 l\u1ea7n m\u1ed7i ng\u00e0y. B\u1ea1n c\u0169ng c\u00f3 th\u1ec3 th\u00eam gi\u1ea5m t\u00e1o v\u00e0o ch\u1ebf \u0111\u1ed9 \u0103n h\u00e0ng ng\u00e0y trong m\u1ed9t th\u1eddi gian d\u00e0i \u0111\u1ec3 th\u1ea5y t\u00e1c d\u1ee5ng tuy\u1ec7t v\u1eddi.<\/p>\n<p>-Thanh l\u1ecdc c\u01a1 th\u1ec3: Pha m\u1ed9t c\u1ed1c n\u01b0\u1edbc \u1ea5m v\u1edbi gi\u1ea5m t\u00e1o v\u00e0 m\u1eadt ong u\u1ed1ng m\u1ed7i bu\u1ed5i s\u00e1ng.<\/p>\n<p><img loading=\"lazy\" decoding=\"async\" class=\"wp-image-33674 aligncenter\" src=\"https:\/\/havamall.com\/wp-content\/uploads\/2024\/01\/96a9f450c758a47fe8f2e998c5ad370c-300x300.jpeg\" alt=\"\" width=\"645\" height=\"645\" \/><\/p>","protected":false},"excerpt":{"rendered":"<p>TH\u00d4NG TIN CHUNG Th\u01b0\u01a1ng hi\u1ec7u Probios Xu\u1ea5t x\u1ee9 \u00dd Th\u00e0nh ph\u1ea7n 100% gi\u1ea5m tao h\u1eefu c\u01a1 c\u00f3 gi\u1ea5m c\u00e1i H\u1ea1n<\/p>","protected":false},"featured_media":33679,"comment_status":"open","ping_status":"closed","template":"","meta":[],"product_brand":[],"product_cat":[724,36,256],"product_tag":[],"class_list":{"0":"post-33673","1":"product","2":"type-product","3":"status-publish","4":"has-post-thumbnail","6":"product_cat-nhap-khau-y","7":"product_cat-thuc-pham-tieu-dung","8":"product_cat-thuc-pham-huu-co","10":"first","11":"outofstock","12":"sale","13":"shipping-taxable","14":"purchasable","15":"product-type-simple"},"_links":{"self":[{"href":"https:\/\/havamall.com\/en\/wp-json\/wp\/v2\/product\/33673","targetHints":{"allow":["GET"]}}],"collection":[{"href":"https:\/\/havamall.com\/en\/wp-json\/wp\/v2\/product"}],"about":[{"href":"https:\/\/havamall.com\/en\/wp-json\/wp\/v2\/types\/product"}],"replies":[{"embeddable":true,"href":"https:\/\/havamall.com\/en\/wp-json\/wp\/v2\/comments?post=33673"}],"version-history":[{"count":0,"href":"https:\/\/havamall.com\/en\/wp-json\/wp\/v2\/product\/33673\/revisions"}],"wp:featuredmedia":[{"embeddable":true,"href":"https:\/\/havamall.com\/en\/wp-json\/wp\/v2\/media\/33679"}],"wp:attachment":[{"href":"https:\/\/havamall.com\/en\/wp-json\/wp\/v2\/media?parent=33673"}],"wp:term":[{"taxonomy":"product_brand","embeddable":true,"href":"https:\/\/havamall.com\/en\/wp-json\/wp\/v2\/product_brand?post=33673"},{"taxonomy":"product_cat","embeddable":true,"href":"https:\/\/havamall.com\/en\/wp-json\/wp\/v2\/product_cat?post=33673"},{"taxonomy":"product_tag","embeddable":true,"href":"https:\/\/havamall.com\/en\/wp-json\/wp\/v2\/product_tag?post=33673"}],"curies":[{"name":"wp","href":"https:\/\/api.w.org\/{rel}","templated":true}]}}