{"id":33870,"date":"2024-02-29T10:51:42","date_gmt":"2024-02-29T03:51:42","guid":{"rendered":"https:\/\/havamall.com\/?post_type=product&#038;p=33870"},"modified":"2024-03-01T14:15:46","modified_gmt":"2024-03-01T07:15:46","slug":"muoi-ot-xanh-mu-tat-ong-cha-va-cha-235g","status":"publish","type":"product","link":"https:\/\/havamall.com\/en\/shop\/muoi-ot-xanh-mu-tat-ong-cha-va-cha-235g\/","title":{"rendered":"Mu\u1ed1i \u1edat Xanh M\u00f9 T\u1ea1t \u00d4ng Ch\u00e0 V\u00e0 235g"},"content":{"rendered":"<h2><\/h2>\n<h2><strong>TH\u00d4NG TIN CHUNG<\/strong><\/h2>\n<table>\n<tbody>\n<tr>\n<td>Th\u01b0\u01a1ng hi\u1ec7u<\/td>\n<td>\u00d4ng Ch\u00e0 V\u00e0<\/td>\n<\/tr>\n<tr>\n<td>Xu\u1ea5t x\u1ee9<\/td>\n<td>Vi\u1ec7t Nam<\/td>\n<\/tr>\n<tr>\n<td>Th\u00e0nh ph\u1ea7n<\/td>\n<td>N\u01b0\u1edbc, \u0111\u01b0\u1eddng, mu\u1ed1i, \u1edbt xanh, m\u00f9 t\u1ea1t, ch\u1ea5t \u0111i\u1ec1u v\u1ecb, b\u1ed9t wasabi, b\u1ed9t chanh,&#8230;<\/td>\n<\/tr>\n<tr>\n<td>H\u1ea1n s\u1eed d\u1ee5ng<\/td>\n<td>12 th\u00e1ng k\u1ec3 t\u1eeb ng\u00e0y s\u1ea3n xu\u1ea5t.<\/td>\n<\/tr>\n<tr>\n<td>B\u1ea3o qu\u1ea3n<\/td>\n<td>B\u1ea3o qu\u1ea3n n\u01a1i kh\u00f4 r\u00e1o, tho\u00e1ng<\/td>\n<\/tr>\n<tr>\n<td>\u00a0Kh\u1ed1i l\u01b0\u1ee3ng<\/td>\n<td>235gr<\/td>\n<\/tr>\n<\/tbody>\n<\/table>\n<p>S\u1edf h\u1eefu chai mu\u1ed1i ch\u1ea5m n\u00e0y, b\u1ea1n s\u1ebd kh\u00f4ng c\u00f2n c\u1ea3m th\u1ea5y c\u00e1c m\u00f3n chi\u00ean, lu\u1ed9c l\u00e0 \u0111\u01a1n \u0111i\u1ec7u n\u1eefa. Th\u1eadm ch\u00ed, b\u1ea1n s\u1ebd y\u00eau th\u00edch c\u00e1ch ch\u1ebf bi\u1ebfn v\u00f4 c\u00f9ng \u0111\u01a1n gi\u1ea3n n\u00e0y v\u00e0 mu\u1ed1n t\u1eadn h\u01b0\u1edfng tr\u1ecdn v\u1eb9n v\u1ecb ng\u1ecdt c\u1ee7a nguy\u00ean li\u1ec7u t\u01b0\u01a1i ngon.<\/p>\n<p>V\u1ecb cay nh\u1eb9 c\u1ee7a \u1edbt k\u1ebft h\u1ee3p c\u00f9ng v\u1ecb n\u1ed3ng c\u1ee7a m\u00f9 t\u1ea1t s\u1ebd khi\u1ebfn v\u1ecb gi\u00e1c c\u1ee7a b\u1ea1n \u0111\u01b0\u1ee3c \u201cd\u1ea1o ch\u01a1i\u201d. Ch\u1ea5m m\u1ed9t mi\u1ebfng \u0111\u1ed3 \u0103n c\u00f9ng v\u1edbi mu\u1ed1i ch\u1ea5m, t\u1ea5t c\u1ea3 c\u00e1c h\u01b0\u01a1ng v\u1ecb s\u1ebd h\u00f2a quy\u1ec7n v\u00e0o nhau.\u00a0V\u00ec v\u1eady,\u00a0mu\u1ed1i \u1edbt xanh m\u00f9 t\u1ea1t\u00a0\u00d4ng Ch\u00e0 V\u00e0 ch\u00ednh l\u00e0 s\u1ea3n ph\u1ea9m kh\u00f4ng th\u1ec3 thi\u1ebfu trong m\u1ecdi gian b\u1ebfp.<img fetchpriority=\"high\" decoding=\"async\" class=\"wp-image-33872 aligncenter\" src=\"https:\/\/havamall.com\/wp-content\/uploads\/2024\/02\/muoi-ot-xanh-mu-tat-ong-cha-va-chai-235g-202401040852554178-300x225.jpeg\" alt=\"\" width=\"728\" height=\"546\" \/><\/p>\n<p>S\u1ea3n ph\u1ea9m mu\u1ed1i \u1edbt xanh m\u00f9 t\u1ea1t c\u1ee7a l\u00e0 l\u1ef1a ch\u1ecdn ti\u1ec7n l\u1ee3i cho m\u1ecdi gian b\u1ebfp.\u00a0Mu\u1ed1i \u1edbt xanh m\u00f9 t\u1ea1t\u00a0\u00d4ng Ch\u00e0 V\u00e0 \u0111\u01b0\u1ee3c pha ch\u1ebf th\u1ee7 c\u00f4ng theo chu\u1ea9n h\u01b0\u01a1ng v\u1ecb Vi\u1ec7t v\u00e0 \u0111\u1ea3m b\u1ea3o c\u00e1c y\u1ebfu t\u1ed1 v\u1ec7 sinh an to\u00e0n th\u1ef1c ph\u1ea9m. V\u00ec v\u1eady, \u0111\u00e2y l\u00e0 s\u1ea3n ph\u1ea9m c\u00f3 th\u1ec3 \u201cchi\u1ec1u l\u00f2ng\u201d kh\u1ea9u v\u1ecb c\u1ee7a m\u1ecdi th\u00e0nh vi\u00ean trong gia \u0111\u00ecnh.<\/p>\n<p>\u01afu \u0111i\u1ec3m c\u1ee7a s\u1ea3n ph\u1ea9m n\u00e0y l\u00e0 \u0111\u01b0\u1ee3c s\u1eed d\u1ee5ng nh\u1eefng nguy\u00ean li\u1ec7u \u0111\u1ea3m b\u1ea3o t\u01b0\u01a1i, s\u1ea1ch c\u0169ng nh\u01b0 \u0111\u01b0\u1ee3c pha ch\u1ebf t\u1eeb c\u00f4ng th\u1ee9c b\u00ed truy\u1ec1n. B\u1ea1n s\u1ebd kh\u00f4ng th\u1ec3 c\u1ea3m nh\u1eadn \u0111\u01b0\u1ee3c h\u01b0\u01a1ng v\u1ecb th\u01a1m ngon tr\u1ecdn v\u1eb9n n\u00e0y trong b\u1ea5t c\u1ee9 s\u1ea3n ph\u1ea9m n\u00e0o kh\u00e1c tr\u00ean th\u1ecb tr\u01b0\u1eddng.<\/p>\n<p><img decoding=\"async\" class=\"wp-image-33874 aligncenter\" src=\"https:\/\/havamall.com\/wp-content\/uploads\/2024\/02\/muoi-ot-xanh-1-300x300.jpeg\" alt=\"\" width=\"716\" height=\"716\" \/><\/p>\n<h2><strong>C\u00e1ch s\u1eed d\u1ee5ng mu\u1ed1i \u1edbt xanh m\u00f9 t\u1ea1t<\/strong><\/h2>\n<p>&gt; L\u00e0 s\u1ea3n ph\u1ea9m h\u01b0\u1edbng \u0111\u1ebfn y\u1ebfu t\u1ed1 ti\u1ec7n d\u1ee5ng n\u00ean b\u1ea1n c\u00f3 th\u1ec3 s\u1eed d\u1ee5ng tr\u1ef1c ti\u1ebfp s\u1ea3n ph\u1ea9m sau khi m\u1edf n\u1eafp. Th\u00f4ng th\u01b0\u1eddng, kh\u00e1ch h\u00e0ng th\u01b0\u1eddng \u01b0u ti\u00ean ch\u1ea5m tr\u1ef1c ti\u1ebfp m\u00f3n \u0103n v\u1edbi lo\u1ea1i mu\u1ed1i n\u00e0y.<\/p>\n<p>&gt; B\u1ea1n c\u00f3 th\u1ec3 k\u1ebft h\u1ee3p s\u1ea3n ph\u1ea9m mu\u1ed1i ch\u1ea5m \u1edbt xanh m\u00f9 t\u1ea1t n\u00e0y v\u1edbi c\u00e1c nhi\u1ec1u m\u00f3n \u0103n kh\u00e1c nhau \u0111\u1ec3 t\u1ea1o s\u1ef1 \u0111a d\u1ea1ng cho b\u1eefa c\u01a1m gia \u0111\u00ecnh. M\u1ed9t s\u1ed1 m\u00f3n ngon m\u00e0 Havamall c\u00f3 th\u1ec3 g\u1ee3i \u00fd cho b\u1ea1n bao g\u1ed3m: T\u00f4m chi\u00ean b\u1ed9t, g\u00e0 lu\u1ed9c, \u1ed1c b\u01b0\u01a1u h\u1ea5p, b\u1ea1ch tu\u1ed9c n\u01b0\u1edbng, t\u00f4m h\u1ea5p, m\u1ef1c n\u01b0\u1edbng sa t\u1ebf, c\u00e1c m\u00f3n Sashimi, c\u00e1 h\u1ea5p\u2026<\/p>\n<p>&gt; C\u00e1c m\u00f3n \u0103n k\u1ebft h\u1ee3p ho\u00e0n h\u1ea3o nh\u1ea5t v\u1edbi mu\u1ed1i \u1edbt xanh m\u00f9 t\u1ea1t l\u00e0 g\u00e0 r\u00e1n, t\u00f4m chi\u00ean, h\u1ea3i s\u1ea3n lu\u1ed9c, g\u00e0 lu\u1ed9c,\u2026 Hay nh\u1eefng m\u00f3n \u0103n \u0111\u01b0\u1ee3c t\u1ea9m b\u1ed9t gi\u00f2n c\u0169ng c\u00f3 th\u1ec3 ch\u1ea5m v\u1edbi mu\u1ed1i \u1edbt xanh m\u00f9 t\u1ea1t.<\/p>\n<p>&gt; V\u1ecb chua cay n\u1ed3ng v\u00e0 b\u00e9o ng\u1eady k\u1ebft h\u1ee3p h\u00e0i h\u00f2a v\u1edbi nhau s\u1ebd \u0111\u00e1nh th\u1ee9c v\u1ecb gi\u00e1c v\u00e0 khi\u1ebfn b\u1ea1n kh\u00f4ng th\u1ec3 ng\u1eebng \u0111\u0169a.<\/p>\n<p>&gt; Mu\u1ed1i \u1edbt xanh m\u00f9 t\u1ea1t k\u1ebft h\u1ee3p ho\u00e0n h\u1ea3o v\u1edbi c\u00e1c m\u00f3n lu\u1ed9c v\u00e0 chi\u00ean.<\/p>\n<p><img decoding=\"async\" class=\"wp-image-33876 aligncenter\" src=\"https:\/\/havamall.com\/wp-content\/uploads\/2024\/02\/muoi-ot-xanh-2-300x174.jpeg\" alt=\"\" width=\"724\" height=\"420\" \/><\/p>","protected":false},"excerpt":{"rendered":"<p>TH\u00d4NG TIN CHUNG Th\u01b0\u01a1ng hi\u1ec7u \u00d4ng Ch\u00e0 V\u00e0 Xu\u1ea5t x\u1ee9 Vi\u1ec7t Nam Th\u00e0nh ph\u1ea7n N\u01b0\u1edbc, \u0111\u01b0\u1eddng, mu\u1ed1i, \u1edbt xanh, m\u00f9<\/p>","protected":false},"featured_media":33875,"comment_status":"open","ping_status":"closed","template":"","meta":[],"product_brand":[],"product_cat":[36],"product_tag":[],"class_list":{"0":"post-33870","1":"product","2":"type-product","3":"status-publish","4":"has-post-thumbnail","6":"product_cat-thuc-pham-tieu-dung","7":"pa_brand-ong-cha-va","9":"first","10":"instock","11":"sale","12":"shipping-taxable","13":"purchasable","14":"product-type-simple"},"_links":{"self":[{"href":"https:\/\/havamall.com\/en\/wp-json\/wp\/v2\/product\/33870","targetHints":{"allow":["GET"]}}],"collection":[{"href":"https:\/\/havamall.com\/en\/wp-json\/wp\/v2\/product"}],"about":[{"href":"https:\/\/havamall.com\/en\/wp-json\/wp\/v2\/types\/product"}],"replies":[{"embeddable":true,"href":"https:\/\/havamall.com\/en\/wp-json\/wp\/v2\/comments?post=33870"}],"version-history":[{"count":0,"href":"https:\/\/havamall.com\/en\/wp-json\/wp\/v2\/product\/33870\/revisions"}],"wp:featuredmedia":[{"embeddable":true,"href":"https:\/\/havamall.com\/en\/wp-json\/wp\/v2\/media\/33875"}],"wp:attachment":[{"href":"https:\/\/havamall.com\/en\/wp-json\/wp\/v2\/media?parent=33870"}],"wp:term":[{"taxonomy":"product_brand","embeddable":true,"href":"https:\/\/havamall.com\/en\/wp-json\/wp\/v2\/product_brand?post=33870"},{"taxonomy":"product_cat","embeddable":true,"href":"https:\/\/havamall.com\/en\/wp-json\/wp\/v2\/product_cat?post=33870"},{"taxonomy":"product_tag","embeddable":true,"href":"https:\/\/havamall.com\/en\/wp-json\/wp\/v2\/product_tag?post=33870"}],"curies":[{"name":"wp","href":"https:\/\/api.w.org\/{rel}","templated":true}]}}