{"id":33933,"date":"2024-03-05T17:04:53","date_gmt":"2024-03-05T10:04:53","guid":{"rendered":"https:\/\/havamall.com\/?post_type=product&#038;p=33933"},"modified":"2025-03-18T16:47:52","modified_gmt":"2025-03-18T09:47:52","slug":"sot-tartare-la-cuisine-dautrefois-90g","status":"publish","type":"product","link":"https:\/\/havamall.com\/en\/shop\/sot-tartare-la-cuisine-dautrefois-90g\/","title":{"rendered":"S\u1ed1t Tartare La Cuisine d\u2019Autrefois 90g"},"content":{"rendered":"<h2><\/h2>\n<h2><strong>TH\u00d4NG TIN S\u1ea2N PH\u1ea8M<\/strong><\/h2>\n<table>\n<tbody>\n<tr>\n<td>Th\u01b0\u01a1ng hi\u1ec7u<\/td>\n<td>La Cuisine d\u2019Autrefois<\/td>\n<\/tr>\n<tr>\n<td>Xu\u1ea5t x\u1ee9<\/td>\n<td>Ph\u00e1p<\/td>\n<\/tr>\n<tr>\n<td>Th\u00e0nh ph\u1ea7n<\/td>\n<td>D\u1ea7u h\u01b0\u1edbng d\u01b0\u01a1ng, m\u00f9 t\u1ea1t, l\u00f2ng \u0111\u1ecf tr\u1ee9ng, h\u00e0nh t\u00e2y, h\u1eb9 t\u00e2y, d\u01b0a chu\u1ed9t, qu\u1ea3 anh \u0111\u00e0o,\u2026<\/td>\n<\/tr>\n<tr>\n<td>H\u1ea1n s\u1eed d\u1ee5ng<\/td>\n<td>14 th\u00e1ng k\u1ec3 t\u1eeb ng\u00e0y s\u1ea3n xu\u1ea5t.<\/td>\n<\/tr>\n<tr>\n<td>B\u1ea3o qu\u1ea3n<\/td>\n<td>N\u01a1i kh\u00f4 r\u00e1o, s\u1ea1ch s\u1ebd, tho\u00e1ng m\u00e1t, tr\u00e1nh \u00e1nh n\u1eafng tr\u1ef1c ti\u1ebfp<\/td>\n<\/tr>\n<tr>\n<td>Kh\u1ed1i l\u01b0\u1ee3ng t\u1ecbnh<\/td>\n<td>90g<\/td>\n<\/tr>\n<\/tbody>\n<\/table>\n<p>S\u1ed1t tartar l\u00e0 m\u1ed9t lo\u1ea1i s\u1ed1t c\u00f3 ngu\u1ed3n g\u1ed1c t\u1eeb \u1ea9m th\u1ef1c Ph\u00e1p, th\u01b0\u1eddng \u0111\u01b0\u1ee3c d\u00f9ng \u0111\u1ec3 ch\u1ea5m c\u00e1c m\u00f3n h\u1ea3i s\u1ea3n, \u0111\u1eb7c bi\u1ec7t l\u00e0\u00a0 m\u00f3n h\u1ea3i s\u1ea3n t\u1ea9m b\u1ed9t chi\u00ean nh\u01b0 c\u00e1 chi\u00ean, fish and chips&#8230;<\/p>\n<p>S\u1ed1t tartar c\u00f3 k\u1ebft c\u1ea5u d\u1ea1ng kem \u0111\u1eb7c, m\u00f9i th\u01a1m, v\u1ecb b\u00e9o h\u01a1i chua ng\u1ecdt. S\u1ed1t tartar \u0111\u01b0\u1ee3c l\u00e0m t\u1eeb s\u1ed1t mayonnaise tr\u1ed9n v\u1edbi d\u01b0a chu\u1ed9t mu\u1ed1i th\u00e1i nh\u1ecf, h\u00e0nh \u00edm\u00a0ho\u1eb7c h\u1eb9 t\u00e2y, n\u01b0\u1edbc chanh ho\u1eb7c gi\u1ea5m c\u00f9ng m\u1ed9t s\u1ed1 gia v\u1ecb ho\u1eb7c th\u1ea3o m\u1ed9c kh\u00e1c.<img fetchpriority=\"high\" decoding=\"async\" class=\"wp-image-33935 aligncenter\" src=\"https:\/\/havamall.com\/wp-content\/uploads\/2024\/03\/Screen-Shot-2024-03-05-at-4.55.55-PM-300x167.png\" alt=\"\" width=\"730\" height=\"406\" \/><\/p>\n<p>S\u1ed1t tartar La Cuisine d\u2019Autrefois \u0111\u01b0\u1ee3c s\u1ea3n xu\u1ea5t tr\u00ean d\u00e2y chuy\u1ec1n hi\u1ec7n \u0111\u1ea1i v\u00e0 kh\u00e9p k\u00edn t\u1ea1i Ph\u00e1p mang \u0111\u1ebfn cho c\u01a1 th\u1ec3 c\u00e1c d\u01b0\u1ee1ng ch\u1ea5t t\u1eeb c\u00e1c th\u00e0nh ph\u1ea7n t\u1ef1 nhi\u00ean. Ngo\u00e0i ra, s\u1ea3n ph\u1ea9m c\u00f2n k\u00edch th\u00edch kh\u1ea9u v\u1ecb c\u1ee7a ng\u01b0\u1eddi d\u00f9ng gi\u00fap cho ngon mi\u1ec7ng h\u01a1n.<\/p>\n<p>S\u1ea3n ph\u1ea9m \u0111\u01b0\u1ee3c l\u00e0m t\u1eeb l\u00f2ng \u0111\u1ecf tr\u1ee9ng g\u00e0 t\u01b0\u01a1i ngon \u0111em \u0111\u1ebfn h\u01b0\u01a1ng v\u1ecb \u0111\u1eadm \u0111\u00e0, th\u01a1m ngon khi d\u00f9ng chung v\u1edbi c\u00e1c m\u00f3n \u0103n chi\u00ean, n\u01b0\u1edbng, h\u1ea3i s\u1ea3n cho b\u1eefa \u0103n c\u1ee7a b\u1ea1n th\u00eam phong ph\u00fa.<\/p>\n<p><img decoding=\"async\" class=\"wp-image-33934 aligncenter\" src=\"https:\/\/havamall.com\/wp-content\/uploads\/2024\/03\/ca-hoi-nuong-sot-tartar-300x200.jpeg\" alt=\"\" width=\"725\" height=\"484\" \/><\/p>\n<div>S\u1ed1t tartart\u00a0La Cuisine d\u2019Autrefois nh\u1eadp kh\u1ea9u t\u1eeb Ph\u00e1p l\u00e0m t\u1eeb nh\u1eefng nguy\u00ean li\u1ec7u \u0111\u01b0\u1ee3c ch\u1ecdn l\u1ecdc k\u0129 c\u00e0ng, s\u1ea3n xu\u1ea5t tr\u00ean d\u00e2y chuy\u1ec1n c\u00f4ng ngh\u1ec7 hi\u1ec7n \u0111\u1ea1i, quy tr\u00ecnh ki\u1ec3m so\u00e1t ch\u1ea5t l\u01b0\u1ee3ng nghi\u00eam ng\u1eb7t \u0111\u1ea3m b\u1ea3o v\u1ec7 sinh an to\u00e0n th\u1ef1c ph\u1ea9m. S\u1ea3n ph\u1ea9m \u0111\u01b0\u1ee3c \u0111\u00f3ng l\u1ecd th\u1ee7y tinh nh\u1ecf g\u1ecdn, ti\u1ec7n l\u1ee3i s\u1eed d\u1ee5ng trong gia \u0111\u00ecnh ho\u1eb7c mang \u0111i du l\u1ecbch, d\u00e3 ngo\u1ea1i.<\/div>\n<p>N\u01b0\u1edbc\u00a0s\u1ed1t Tartar\u00a0nh\u00ecn chung \u0111\u01b0\u1ee3c l\u00e0m t\u1eeb ba nguy\u00ean li\u1ec7u ch\u00ednh: s\u1ed1t mayonnaise, h\u1eb9 t\u00e2y v\u00e0 n\u1ee5 b\u1ea1ch hoa. Nguy\u00ean li\u1ec7u c\u1ee7a s\u1ed1t tartar c\u00f3 th\u1ec3 kh\u00e1c nhau t\u00f9y theo m\u1ed7i v\u00f9ng, nh\u01b0ng th\u01b0\u1eddng s\u1ebd bao g\u1ed3m nh\u1eefng nguy\u00ean li\u1ec7u nh\u01b0 sau:<\/p>\n<ul>\n<li><strong>S\u1ed1t mayonnaise<\/strong>: L\u00e0 nguy\u00ean li\u1ec7u quan tr\u1ecdng v\u00e0 l\u00e0m n\u1ec1n cho s\u1ed1t tartar. M\u1ed9t s\u1ed1 c\u00f4ng th\u1ee9c c\u00f3 th\u1ec3 s\u1eed d\u1ee5ng nguy\u00ean li\u1ec7u thay th\u1ebf kh\u00e1c nh\u01b0 s\u1eefa chua ho\u1eb7c kem chua.<\/li>\n<li><strong>D\u01b0a chu\u1ed9t mu\u1ed1i<\/strong>: Ng\u01b0\u1eddi ta th\u01b0\u1eddng d\u00f9ng d\u01b0a chu\u1ed9t mu\u1ed1i trong s\u1ed1t tartar \u0111\u1ec3 \u0111em l\u1ea1i v\u1ecb chua \u0111\u1eb7c bi\u1ec7t cho n\u01b0\u1edbc s\u1ed1t. D\u01b0a mu\u1ed1i s\u1ebd \u0111\u01b0\u1ee3c c\u1eaft nh\u1ecf nh\u01b0 h\u1ea1t l\u1ef1u \u0111\u1ec3 t\u0103ng th\u00eam m\u00f9i th\u01a1m v\u00e0 \u0111\u1ed9 gi\u00f2n.<\/li>\n<li><strong>N\u1ee5 b\u1ea1ch hoa mu\u1ed1i (capers)<\/strong>: \u0110\u00e2y l\u00e0 nguy\u00ean li\u1ec7u \u0111\u01b0\u1ee3c s\u1eed d\u1ee5ng nhi\u1ec1u trong \u1ea9m th\u1ef1c ph\u01b0\u01a1ng T\u00e2y. N\u1ee5 b\u1ea1ch hoa mu\u1ed1i c\u00f3 v\u1ecb t\u01b0\u01a1ng t\u1ef1 nh\u01b0 oliu mu\u1ed1i nh\u01b0ng c\u00f3 v\u1ecb chua ng\u1ecdt \u0111\u1eb7c tr\u01b0ng, th\u01b0\u1eddng th\u1ea5y trong m\u00f3n g\u1ecfi, salad, c\u00e1c m\u00f3n c\u00e1, th\u1ecbt b\u00f2, m\u00ec \u00dd, c\u00e1c lo\u1ea1i s\u1ed1t \u0103n k\u00e8m v\u1edbi h\u1ea3i s\u1ea3n ho\u1eb7c th\u1ecbt n\u01b0\u1edbng.<\/li>\n<li><strong>H\u00e0nh t\u00edm (h\u1eb9 t\u00e2y), rau th\u00ec l\u00e0<\/strong>: Nh\u1eefng nguy\u00ean li\u1ec7u n\u00e0y s\u1ebd \u0111\u01b0\u1ee3c nghi\u1ec1n ho\u1eb7c b\u0103m nhuy\u1ec5n \u0111\u1ec3 t\u0103ng th\u00eam m\u00f9i th\u01a1m cho s\u1ed1t tartar.<\/li>\n<li><strong>N\u01b0\u1edbc chanh ho\u1eb7c\u00a0gi\u1ea5m<\/strong>: Th\u00eam v\u1ecb chua \u0111\u1ec3 c\u00e2n b\u1eb1ng v\u1ecb \u0111\u1eadm \u0111\u00e0 c\u1ee7a s\u1ed1t mayonnaise v\u00e0 k\u00edch th\u00edch kh\u1ea9u v\u1ecb.<\/li>\n<li><strong>C\u00e1c lo\u1ea1i th\u1ea3o m\u1ed9c v\u00e0 gia v\u1ecb<\/strong>: Th\u01b0\u1eddng g\u1ed3m rau m\u00f9i t\u00e2y, th\u00ec l\u00e0, h\u1eb9 ho\u1eb7c c\u00e1c lo\u1ea1i th\u1ea3o m\u1ed9c kh\u00e1c, c\u00f9ng v\u1edbi mu\u1ed1i, h\u1ea1t ti\u00eau v\u00e0 m\u1ed9t ch\u00fat b\u1ed9t m\u00f9 t\u1ea1t ho\u1eb7c s\u1ed1t Worcestershire \u0111\u1ec3 t\u0103ng th\u00eam \u0111\u1ed9 \u0111\u1eadm \u0111\u00e0 cho s\u1ed1t.<\/li>\n<\/ul>\n<p><img decoding=\"async\" class=\"wp-image-33936 aligncenter\" src=\"https:\/\/havamall.com\/wp-content\/uploads\/2024\/03\/Screen-Shot-2024-03-05-at-4.56.11-PM-300x291.png\" alt=\"\" width=\"725\" height=\"703\" \/><\/p>\n<h2><strong>C\u00d4NG D\u1ee4NG<\/strong><\/h2>\n<p>\u2013 S\u1ed1t mayonnaise m\u00f9 t\u1ea1t\u00a0La Cuisine d\u2019Autrefois d\u00f9ng \u0111\u1ec3 l\u00e0m gia v\u1ecb \u0103n k\u00e8m c\u00e1c m\u00f3n \u0103n nh\u01b0 chi\u00ean, x\u00e0o.<\/p>\n<p>\u2013 Tr\u1ed9n salad cho m\u00f3n \u0103n th\u00eam h\u1ea5p d\u1eabn, k\u00edch th\u1ecb v\u1ecb gi\u00e1c ng\u01b0\u1eddi d\u00f9ng.<\/p>\n<p>\u2013 Ch\u1ee9a nhi\u1ec1u gi\u00e1 tr\u1ecb dinh d\u01b0\u1ee1ng c\u1ea7n thi\u1ebft cho c\u01a1 th\u1ec3.<\/p>\n<p><img loading=\"lazy\" decoding=\"async\" class=\"wp-image-33937 aligncenter\" src=\"https:\/\/havamall.com\/wp-content\/uploads\/2024\/03\/Screen-Shot-2024-03-05-at-4.56.24-PM-300x198.png\" alt=\"\" width=\"726\" height=\"479\" \/><\/p>","protected":false},"excerpt":{"rendered":"<p>TH\u00d4NG TIN S\u1ea2N PH\u1ea8M Th\u01b0\u01a1ng hi\u1ec7u La Cuisine d\u2019Autrefois Xu\u1ea5t x\u1ee9 Ph\u00e1p Th\u00e0nh ph\u1ea7n D\u1ea7u h\u01b0\u1edbng d\u01b0\u01a1ng, m\u00f9 t\u1ea1t, l\u00f2ng<\/p>","protected":false},"featured_media":33940,"comment_status":"open","ping_status":"closed","template":"","meta":[],"product_brand":[],"product_cat":[723,705,36,134],"product_tag":[],"class_list":{"0":"post-33933","1":"product","2":"type-product","3":"status-publish","4":"has-post-thumbnail","6":"product_cat-nhap-khau-phap","7":"product_cat-sot-do-hop","8":"product_cat-thuc-pham-tieu-dung","9":"product_cat-thucpham-saykho","11":"first","12":"instock","13":"sale","14":"shipping-taxable","15":"purchasable","16":"product-type-simple"},"_links":{"self":[{"href":"https:\/\/havamall.com\/en\/wp-json\/wp\/v2\/product\/33933","targetHints":{"allow":["GET"]}}],"collection":[{"href":"https:\/\/havamall.com\/en\/wp-json\/wp\/v2\/product"}],"about":[{"href":"https:\/\/havamall.com\/en\/wp-json\/wp\/v2\/types\/product"}],"replies":[{"embeddable":true,"href":"https:\/\/havamall.com\/en\/wp-json\/wp\/v2\/comments?post=33933"}],"version-history":[{"count":0,"href":"https:\/\/havamall.com\/en\/wp-json\/wp\/v2\/product\/33933\/revisions"}],"wp:featuredmedia":[{"embeddable":true,"href":"https:\/\/havamall.com\/en\/wp-json\/wp\/v2\/media\/33940"}],"wp:attachment":[{"href":"https:\/\/havamall.com\/en\/wp-json\/wp\/v2\/media?parent=33933"}],"wp:term":[{"taxonomy":"product_brand","embeddable":true,"href":"https:\/\/havamall.com\/en\/wp-json\/wp\/v2\/product_brand?post=33933"},{"taxonomy":"product_cat","embeddable":true,"href":"https:\/\/havamall.com\/en\/wp-json\/wp\/v2\/product_cat?post=33933"},{"taxonomy":"product_tag","embeddable":true,"href":"https:\/\/havamall.com\/en\/wp-json\/wp\/v2\/product_tag?post=33933"}],"curies":[{"name":"wp","href":"https:\/\/api.w.org\/{rel}","templated":true}]}}