{"id":33950,"date":"2024-03-08T15:07:07","date_gmt":"2024-03-08T08:07:07","guid":{"rendered":"https:\/\/havamall.com\/?post_type=product&#038;p=33950"},"modified":"2025-03-18T16:50:14","modified_gmt":"2025-03-18T09:50:14","slug":"banh-mi-dong-lanh-le-fournil-de-pierre-240g","status":"publish","type":"product","link":"https:\/\/havamall.com\/en\/shop\/banh-mi-dong-lanh-le-fournil-de-pierre-240g\/","title":{"rendered":"B\u00e1nh M\u00ec \u0110\u00f4ng L\u1ea1nh Le Fournil De Pierre 240g"},"content":{"rendered":"<h2><\/h2>\n<h2><strong>TH\u00d4NG TIN CHUNG<\/strong><\/h2>\n<table>\n<tbody>\n<tr>\n<td>Th\u01b0\u01a1ng hi\u1ec7u<\/td>\n<td>Le Fournil De Pierre<\/td>\n<\/tr>\n<tr>\n<td>Xu\u1ea5t x\u1ee9<\/td>\n<td>Ph\u00e1p<\/td>\n<\/tr>\n<tr>\n<td>Th\u00e0nh ph\u1ea7n<\/td>\n<td>B\u1ed9t m\u00ec, n\u01b0\u1edbc, mu\u1ed1i, men,\u2026<\/td>\n<\/tr>\n<tr>\n<td>H\u1ea1n s\u1eed d\u1ee5ng<\/td>\n<td>Xem tr\u00ean bao b\u00ec<\/td>\n<\/tr>\n<tr>\n<td>B\u1ea3o qu\u1ea3n<\/td>\n<td>B\u1ea3o qu\u1ea3n \u0111\u00f4ng l\u1ea1nh<\/td>\n<\/tr>\n<tr>\n<td>\u00a0Kh\u1ed1i l\u01b0\u1ee3ng<\/td>\n<td>240g<\/td>\n<\/tr>\n<\/tbody>\n<\/table>\n<p>Ng\u00e0y nay vi\u1ec7c pha tr\u1ed9n c\u00e1c n\u1ec1n \u1ea9m th\u1ef1c tr\u1edf n\u00ean ph\u1ed5 bi\u1ebfn h\u01a1n, m\u1ecdi ng\u01b0\u1eddi c\u0169ng kh\u00f4ng c\u00f2n nh\u1ea5t thi\u1ebft quy \u0111\u1ecbnh m\u1ed9t b\u1eefa \u0103n ph\u1ea3i c\u00f3 c\u01a1m, canh nh\u01b0 truy\u1ec1n th\u1ed1ng n\u1eefa. Nhi\u1ec1u b\u00e0 n\u1ed9i tr\u1ee3 \u0111\u00e3 \u0111a d\u1ea1ng ho\u00e1 b\u1eefa c\u01a1m gia \u0111\u00ecnh b\u1eb1ng c\u00e1c m\u00f3n \u00e2u, v\u1edbi vi\u1ec7c s\u1eed d\u1ee5ng b\u00e1nh m\u00ec l\u00e0 n\u1ec1n t\u1ea3ng nh\u01b0 beefsteak, b\u00e1nh m\u00ec ph\u1ebft b\u01a1 t\u1ecfi\u2026 d\u1eabn \u0111\u1ebfn nhu c\u1ea7u cho m\u1eb7t h\u00e0ng n\u00e0y c\u0169ng t\u0103ng cao.<\/p>\n<p>B\u00e1nh m\u00ec \u0111\u00f4ng l\u1ea1nh hi\u1ec7n nay kh\u00e1 \u0111a d\u1ea1ng v\u1ec1 h\u01b0\u01a1ng v\u1ecb v\u00e0 ch\u1ee7ng lo\u1ea1i, ng\u01b0\u1eddi ti\u00eau d\u00f9ng c\u00f3 th\u1ec3 t\u00ecm mua d\u1ec5 d\u00e0ng lo\u1ea1i m\u00ecnh th\u00edch t\u1ea1i c\u00e1c c\u1eeda h\u00e0ng b\u00e1nh m\u00ec, si\u00eau th\u1ecb ho\u1eb7c \u0111\u1eb7t h\u00e0ng online giao t\u1eadn n\u01a1i.<\/p>\n<p><img fetchpriority=\"high\" decoding=\"async\" class=\"wp-image-33951 aligncenter\" src=\"https:\/\/havamall.com\/wp-content\/uploads\/2024\/03\/34921-1-300x215.jpeg\" alt=\"\" width=\"674\" height=\"483\" \/><\/p>\n<p class=\"thin-font\">B\u00e1nh m\u00ec\u00a0Le Fournil De Pierre \u0111\u01b0\u1ee3c c\u1ea5p \u0111\u00f4ng trong nhi\u1ec7t \u0111\u1ed9 -18 \u0111\u1ed9 C v\u00e0 c\u00f3 th\u1eddi h\u1ea1n s\u1eed d\u1ee5ng l\u00ean \u0111\u1ebfn 12 th\u00e1ng. Ch\u00ednh v\u00ec v\u1eady n\u00f3 r\u1ea5t ti\u1ec7n l\u1ee3i cho m\u1ed9t s\u1ed1 gia \u0111\u00ecnh mu\u1ed1n l\u00e0m c\u00e1c m\u00f3n ngon t\u1eeb\u00a0b\u00e1nh m\u00ec\u00a0t\u1ea1i nh\u00e0 m\u00e0 kh\u00f4ng ph\u1ea3i v\u1ea5t v\u1ea3 t\u1ef1 l\u00e0m.<\/p>\n<p class=\"thin-font\">Nh\u1edd quy tr\u00ecnh s\u1ea3n xu\u1ea5t hi\u1ec7n \u0111\u1ea1i, b\u00e1nh m\u00ec v\u1eabn gi\u1eef \u0111\u01b0\u1ee3c \u0111\u1ea7y \u0111\u1ee7 h\u01b0\u01a1ng v\u1ecb, c\u1ea5u tr\u00fac b\u00e1nh v\u00e0 ch\u1ea5t dinh d\u01b0\u1ee1ng, \u0111\u1ed9 \u1ea9m c\u1ee7a b\u00e1nh. B\u00e1nh m\u00ec Le Fournil De Pierre\u00a0\u0111\u00f4ng l\u1ea1nh th\u01b0\u1eddng c\u00f3 t\u1ec9 l\u1ec7 ch\u1ea5t b\u00e9o cao h\u01a1n m\u1ed9t ch\u00fat so v\u1edbi b\u00e1nh m\u00ec th\u00f4ng th\u01b0\u1eddng \u0111\u1ec3 gi\u1eef n\u01b0\u1edbc (\u0111\u1ed9 \u1ea9m) c\u1ee7a b\u00e1nh. Do \u0111\u00f3 khi b\u1ea1n n\u01b0\u1edbng l\u00ean b\u00e1nh s\u1ebd kh\u00f4ng b\u1ecb kh\u00f4 m\u00e0 v\u1eabn gi\u1eef \u0111\u01b0\u1ee3c s\u1ef1 m\u1ec1m m\u1ea1i.<\/p>\n<p>\u0102n b\u00e1nh m\u00ec kh\u00f4ng ch\u1ec9 gi\u00fap b\u1ea1n b\u1ed5 sung cho c\u01a1 th\u1ec3 m\u1ed9t l\u01b0\u1ee3ng tinh b\u1ed9t t\u1ed1t cho \u0111\u01b0\u1eddng ti\u00eau h\u00f3a, m\u00e0 b\u00e1nh m\u00ec c\u00f2n ch\u1ee9a m\u1ed9t l\u01b0\u1ee3ng Protein c\u00f3 l\u1ee3i cho s\u1ee9c kho\u1ebb.\u00a0<img decoding=\"async\" class=\"wp-image-33954 aligncenter\" src=\"https:\/\/havamall.com\/wp-content\/uploads\/2024\/03\/0593173401c1823f03cb3a43abba0ea7-300x300.jpeg\" alt=\"\" width=\"548\" height=\"548\" \/><\/p>\n<h2><strong>\u0110\u1eb6C \u0110I\u1ec2M N\u1ed4I B\u1eacT C\u1ee6A S\u1ea2N PH\u1ea8M<\/strong><\/h2>\n<ul>\n<li>Ngu\u1ed3n nguy\u00ean li\u1ec7u t\u1eeb 100% b\u01a1 nguy\u00ean ch\u1ea5t cao c\u1ea5p.<\/li>\n<li>Mang l\u1ea1i s\u1ef1 \u0111a d\u1ea1ng cho menu nh\u00e0 h\u00e0ng, ti\u1ec7m b\u00e1nh c\u1ee7a b\u1ea1n.<\/li>\n<li>Ki\u1ec3m so\u00e1t hao h\u1ee5t t\u1ed1t v\u00e0 ti\u1ebft ki\u1ec7m th\u1eddi gian ch\u1ebf bi\u1ebfn.<\/li>\n<li>Ch\u1ea5t l\u01b0\u1ee3ng \u1ed5n \u0111\u1ecbnh, gi\u00e1 c\u1ea3 c\u1ea1nh tranh gi\u00fap th\u00fac \u0111\u1ea9y hi\u1ec7u su\u1ea5t v\u00e0 t\u1ed1i \u01b0u chi ph\u00ed cho doanh nghi\u1ec7p.<\/li>\n<\/ul>\n<p><img decoding=\"async\" class=\"wp-image-33952 aligncenter\" src=\"https:\/\/havamall.com\/wp-content\/uploads\/2024\/03\/Screen-Shot-2024-03-08-at-2.35.47-PM-300x300.png\" alt=\"\" width=\"677\" height=\"677\" \/><\/p>\n<h2><strong>H\u01af\u1edaNG D\u1eaaN S\u1eec D\u1ee4NG<\/strong><\/h2>\n<p>&gt; R\u00e3 \u0111\u00f4ng \u1edf nhi\u1ec7t \u0111\u1ed9 ph\u00f2ng, tr\u00e1nh gi\u00f3 tr\u1ef1c ti\u1ebfp trong 150 ph\u00fat<\/p>\n<p>&gt; Qu\u1ebft tr\u1ee9ng l\u00ean m\u1eb7t b\u00e1nh tr\u01b0\u1edbc khi n\u01b0\u1edbng<\/p>\n<p>&gt; N\u01b0\u1edbng \u1edf nhi\u1ec7t \u0111\u1ed9 165 \u2013 175 \u0111\u1ed9 C trong 20 ph\u00fat<\/p>","protected":false},"excerpt":{"rendered":"<p>TH\u00d4NG TIN CHUNG Th\u01b0\u01a1ng hi\u1ec7u Le Fournil De Pierre Xu\u1ea5t x\u1ee9 Ph\u00e1p Th\u00e0nh ph\u1ea7n B\u1ed9t m\u00ec, n\u01b0\u1edbc, mu\u1ed1i, men,\u2026 H\u1ea1n<\/p>","protected":false},"featured_media":33953,"comment_status":"open","ping_status":"closed","template":"","meta":[],"product_brand":[],"product_cat":[704,723,36,275],"product_tag":[],"class_list":{"0":"post-33950","1":"product","2":"type-product","3":"status-publish","4":"has-post-thumbnail","6":"product_cat-banh-dong-lanh","7":"product_cat-nhap-khau-phap","8":"product_cat-thuc-pham-tieu-dung","9":"product_cat-thuc-pham-dong-lanh","11":"first","12":"outofstock","13":"sale","14":"shipping-taxable","15":"purchasable","16":"product-type-simple"},"_links":{"self":[{"href":"https:\/\/havamall.com\/en\/wp-json\/wp\/v2\/product\/33950","targetHints":{"allow":["GET"]}}],"collection":[{"href":"https:\/\/havamall.com\/en\/wp-json\/wp\/v2\/product"}],"about":[{"href":"https:\/\/havamall.com\/en\/wp-json\/wp\/v2\/types\/product"}],"replies":[{"embeddable":true,"href":"https:\/\/havamall.com\/en\/wp-json\/wp\/v2\/comments?post=33950"}],"version-history":[{"count":0,"href":"https:\/\/havamall.com\/en\/wp-json\/wp\/v2\/product\/33950\/revisions"}],"wp:featuredmedia":[{"embeddable":true,"href":"https:\/\/havamall.com\/en\/wp-json\/wp\/v2\/media\/33953"}],"wp:attachment":[{"href":"https:\/\/havamall.com\/en\/wp-json\/wp\/v2\/media?parent=33950"}],"wp:term":[{"taxonomy":"product_brand","embeddable":true,"href":"https:\/\/havamall.com\/en\/wp-json\/wp\/v2\/product_brand?post=33950"},{"taxonomy":"product_cat","embeddable":true,"href":"https:\/\/havamall.com\/en\/wp-json\/wp\/v2\/product_cat?post=33950"},{"taxonomy":"product_tag","embeddable":true,"href":"https:\/\/havamall.com\/en\/wp-json\/wp\/v2\/product_tag?post=33950"}],"curies":[{"name":"wp","href":"https:\/\/api.w.org\/{rel}","templated":true}]}}