{"id":33983,"date":"2024-03-12T11:20:46","date_gmt":"2024-03-12T04:20:46","guid":{"rendered":"https:\/\/havamall.com\/?post_type=product&#038;p=33983"},"modified":"2025-03-27T11:25:19","modified_gmt":"2025-03-27T04:25:19","slug":"pho-mai-sua-bo-white-brined-cows-milk-cheese-pastiri-200g","status":"publish","type":"product","link":"https:\/\/havamall.com\/en\/shop\/pho-mai-sua-bo-white-brined-cows-milk-cheese-pastiri-200g\/","title":{"rendered":"Ph\u00f4 Mai S\u1eefa B\u00f2 White Brined Cow&#8217;S Milk Cheese Pastiri 200G"},"content":{"rendered":"<h2><\/h2>\n<h2><strong>TH\u00d4NG TIN S\u1ea2N PH\u1ea8M<\/strong><\/h2>\n<table>\n<tbody>\n<tr>\n<td>Th\u01b0\u01a1ng hi\u1ec7u<\/td>\n<td>Pastiri<\/td>\n<\/tr>\n<tr>\n<td>Xu\u1ea5t x\u1ee9<\/td>\n<td>Bulgaria<\/td>\n<\/tr>\n<tr>\n<td>Th\u00e0nh ph\u1ea7n<\/td>\n<td>\n<div class=\"noidungchitiet dtct\">\n<p>S\u1eefa ti\u1ec7c tr\u00f9ng, mu\u1ed1i, men ph\u00f4 mai<\/p>\n<\/div>\n<\/td>\n<\/tr>\n<tr>\n<td>H\u1ea1n s\u1eed d\u1ee5ng<\/td>\n<td>Xem tr\u00ean bao b\u00ec<\/td>\n<\/tr>\n<tr>\n<td>B\u1ea3o qu\u1ea3n<\/td>\n<td>Tr\u1eef \u0111\u00f4ng \u1edf nhi\u1ec7t \u0111\u1ed9 -18\u00b0C<\/td>\n<\/tr>\n<tr>\n<td>Kh\u1ed1i l\u01b0\u1ee3ng<\/td>\n<td>200g<\/td>\n<\/tr>\n<\/tbody>\n<\/table>\n<p><strong>Brined Cow&#8217;s Milk Cheese<\/strong>\u00a0 \u0111\u01b0\u1ee3c l\u00e0m t\u1eeb s\u1eefa b\u00f2 t\u01b0\u01a1i, l\u00e0\u00a0ph\u00f4 mai\u00a0\u0111\u01b0\u1ee3c \u1ee7 ch\u00edn trong\u00a0n\u01b0\u1edbc mu\u1ed1i\u00a0trong m\u1ed9t v\u1eadt ch\u1ee9a k\u00edn kh\u00ed ho\u1eb7c b\u00e1n th\u1ea5m.\u00a0Qu\u00e1 tr\u00ecnh n\u00e0y gi\u00fap pho m\u00e1t c\u00f3 \u0111\u1ed9 \u1ed5n \u0111\u1ecbnh t\u1ed1t, \u1ee9c ch\u1ebf s\u1ef1 ph\u00e1t tri\u1ec3n c\u1ee7a vi khu\u1ea9n ngay c\u1ea3 \u1edf nh\u1eefng v\u00f9ng kh\u00ed h\u1eadu \u1ea5m h\u01a1n.\u00a0Ph\u00f4 mai c\u00f3 th\u1ec3 m\u1ec1m ho\u1eb7c c\u1ee9ng, thay \u0111\u1ed5i v\u1ec1 \u0111\u1ed9 \u1ea9m, m\u00e0u s\u1eafc v\u00e0 h\u01b0\u01a1ng v\u1ecb t\u00f9y theo lo\u1ea1i s\u1eefa \u0111\u01b0\u1ee3c s\u1eed d\u1ee5ng.\u00a0Tuy nhi\u00ean, t\u1ea5t c\u1ea3 s\u1ebd kh\u00f4ng c\u00f3 v\u1ecf v\u00e0 nh\u00ecn chung c\u00f3 v\u1ecb s\u1ea1ch, m\u1eb7n v\u00e0 chua khi c\u00f2n t\u01b0\u01a1i, ph\u00e1t tri\u1ec3n m\u1ed9t s\u1ed1 v\u00e2n khi gi\u00e0;\u00a0h\u1ea7u h\u1ebft s\u1ebd c\u00f3 m\u00e0u tr\u1eafng.<\/p>\n<p><img fetchpriority=\"high\" decoding=\"async\" class=\"wp-image-33999 aligncenter\" src=\"https:\/\/havamall.com\/wp-content\/uploads\/2024\/03\/Screen-Shot-2024-03-12-at-11.31.17-AM-1-300x196.png\" alt=\"\" width=\"707\" height=\"462\" \/><\/p>\n<h2 id=\"toctoc-1\"><strong>\u0110\u1eb7c \u0111i\u1ec3m c\u1ee7a ph\u00f4 mai<\/strong><\/h2>\n<p>C\u00f3\u00a0h\u00e0ng ng\u00e0n lo\u1ea1i pho m\u00e1t\u00a0\u0111\u01b0\u1ee3c s\u1ea3n xu\u1ea5t \u1edf kh\u1eafp th\u1ebf gi\u1edbi v\u1edbi \u0111\u1ee7 c\u00e1c h\u01b0\u01a1ng v\u1ecb, m\u00e0u s\u1eafc, \u0111\u1ed9 m\u1ec1m c\u1ee9ng kh\u00e1c nhau. C\u00f3 nh\u1eefng lo\u1ea1i v\u00e0 v\u1ecb kh\u00e1c nhau c\u1ee7a pho m\u00e1t v\u00ec l\u1ea5y s\u1eefa t\u1eeb th\u00fa v\u1eadt hay ch\u1ea5t b\u00e9o s\u1eefa\u00a0kh\u00e1c, d\u00f9ng nh\u1eefng lo\u00e0i vi khu\u1ea9n hay m\u1ed1c kh\u00e1c, v\u00e0 thay \u0111\u1ed5i th\u1eddi gian \u0111\u1ec3 gi\u00e0 h\u00f3a hay nh\u1eefng qu\u00e1 tr\u00ecnh x\u1eed l\u00fd kh\u00e1c nhau. Ngo\u00e0i ra, nh\u1eefng nh\u00e2n t\u1ed1 nh\u01b0 ch\u1ebf \u0111\u1ed9 \u0103n u\u1ed1ng c\u1ee7a th\u00fa v\u1eadt v\u00e0 s\u1ef1 th\u00eam v\u00e0o nh\u1eefng gia v\u1ecb, th\u1ea3o d\u01b0\u1ee3c, hay hun kh\u00f3i c\u0169ng g\u00f3p ph\u1ea7n l\u00e0m pho m\u00e1t th\u00eam phong ph\u00fa v\u1ec1 h\u01b0\u01a1ng v\u1ecb v\u00e0 ch\u1ee7ng lo\u1ea1i.<\/p>\n<p>\u0110\u1ed1i v\u1edbi m\u1ed9t s\u1ed1 lo\u1ea1i pho m\u00e1t, s\u1eefa \u0111\u01b0\u1ee3c \u0111\u00f4ng l\u1ea1i b\u1eb1ng c\u00e1ch th\u00eam nh\u1eefng ax\u00edt nh\u01b0\u00a0gi\u1ea5m\u00a0hay n\u01b0\u1edbc\u00a0chanh. Tuy nhi\u00ean, ph\u1ea7n nhi\u1ec1u pho m\u00e1t \u0111\u01b0\u1ee3c ax\u00edt h\u00f3a \u00edt h\u01a1n do vi khu\u1ea9n, n\u00f3 \u0111\u1ed5i\u00a0\u0111\u01b0\u1eddng s\u1eefa\u00a0th\u00e0nh\u00a0ax\u00edt lactic, sau \u0111\u00f3 th\u00eam rennet \u0111\u1ec3 \u0111\u00f4ng l\u1ea1i l\u00e0 xong.<\/p>\n<p><img decoding=\"async\" class=\"wp-image-33990 aligncenter\" src=\"https:\/\/havamall.com\/wp-content\/uploads\/2024\/03\/Screen-Shot-2024-03-12-at-10.58.36-AM-300x196.png\" alt=\"\" width=\"705\" height=\"461\" \/><\/p>\n<h2 id=\"toctoc-2\"><strong>Dinh d\u01b0\u1ee1ng \u0111\u1ebfn t\u1eeb ph\u00f4\u00a0mai<\/strong><\/h2>\n<p>Ph\u00f4 mai\u00a0\u0111\u00e3 l\u00e0 m\u1ed9t c\u00e1ch tr\u00e1nh n\u1ea1n \u0111\u00f3i v\u00e0 l\u00e0 m\u1ed9t m\u00f3n \u0103n h\u1ee3p v\u1edbi vi\u1ec7c \u0111i du l\u1ecbch. N\u00f3 c\u00f3 \u00edch v\u00ec d\u1ec5 mang theo, gi\u1eef \u0111\u01b0\u1ee3c l\u00e2u, v\u00e0 c\u00f3 nhi\u1ec1u\u00a0ch\u1ea5t b\u00e9o,\u00a0protein,\u00a0calci, v\u00e0\u00a0phosphor. Nh\u1eefng h\u00e3ng ph\u00f4 mai\u00a0\u1edf g\u1ea7n v\u00f9ng nu\u00f4i b\u00f2 th\u00ec s\u1ea3n ph\u1ea9m c\u00f3 gi\u00e1 v\u00e0 r\u1ebb h\u01a1n do chi ph\u00ed ngu\u1ed3n nguy\u00ean li\u1ec7u kh\u00f4ng ph\u1ea3i v\u1eadn chuy\u1ec3n \u0111i xa. Th\u1eddi gian gi\u1eef \u0111\u01b0\u1ee3c c\u1ee7a ph\u00f4 mai\u00a0kh\u00e1 l\u00e2u, n\u00ean c\u00e1c h\u00e3ng s\u1ea3n xu\u1ea5t pho m\u00e1t c\u00f3 th\u1ec3 gi\u1eef n\u00f3 \u0111\u1ebfn khi gi\u00e1 ph\u00f4 mai\u00a0cao l\u00ean ho\u1eb7c khi c\u1ea7n th\u00eam ti\u1ec1n.<\/p>\n<p><img decoding=\"async\" class=\"wp-image-33993 aligncenter\" src=\"https:\/\/havamall.com\/wp-content\/uploads\/2024\/03\/Marinated-Feta-1-3-1-300x300.jpeg\" alt=\"\" width=\"709\" height=\"709\" \/><\/p>\n<h2 id=\"toctoc-4\"><strong>G\u1ee3i \u00fd b\u1ea1n c\u00e1ch l\u00e0m m\u00f3n salad ph\u00f4 mai<\/strong><\/h2>\n<p><strong>Salad khoai t\u00e2y Hy L\u1ea1p<\/strong><\/p>\n<p>M\u00f3n \u0103n theo ch\u1ebf \u0111\u1ed9 \u0103n eat clean v\u1edbi s\u1eafc \u0111\u1ecf quy\u1ebfn r\u0169, m\u1edbi ch\u1ec9 nh\u00ecn qua l\u00e0 \u0111\u00e3 mu\u1ed1n n\u1ebfm th\u1eed.<\/p>\n<h5><strong><em>1. Nguy\u00ean li\u1ec7u:<\/em><\/strong><\/h5>\n<ul>\n<li>1kg khoai t\u00e2y ho\u1eb7c khoai lang r\u1eeda s\u1ea1ch r\u1ed3i th\u00e1i h\u1ea1t l\u1ef1u<\/li>\n<li>175g c\u00e0 chua bi<\/li>\n<li>\u00bc qu\u1ea3 oliu kalamata x\u1eaft nh\u1ecf<\/li>\n<li>\u00bc ch\u00e9n h\u00e0nh t\u00edm b\u0103m nh\u1ecf<\/li>\n<li>2 mu\u1ed7ng canh l\u00e1 kinh gi\u1edbi cay t\u01b0\u01a1i, x\u1eaft nh\u1ecf ho\u1eb7c 2 mu\u1ed7ng c\u00e0 ph\u00ea kinh gi\u1edbi kh\u00f4<\/li>\n<li>1\/3 ch\u00e9n ph\u00f4 mai Feta<\/li>\n<li>\u00bd mu\u1ed7ng c\u00e0 ph\u00ea ti\u00eau xay<\/li>\n<li>1 mu\u1ed7ng canh m\u00f9 t\u1ea1t Dijon<\/li>\n<li>3 mu\u1ed7ng canh gi\u1ea5m tr\u1eafng<\/li>\n<li>\u00bc ch\u00e9n d\u1ea7u oliu nguy\u00ean ch\u1ea5t<\/li>\n<li>\u00be mu\u1ed7ng c\u00e0 ph\u00ea mu\u1ed1i<\/li>\n<\/ul>\n<h5><img loading=\"lazy\" decoding=\"async\" class=\"wp-image-33991 aligncenter\" src=\"https:\/\/havamall.com\/wp-content\/uploads\/2024\/03\/Screen-Shot-2024-03-12-at-10.59.13-AM-300x292.png\" alt=\"\" width=\"718\" height=\"699\" \/><\/h5>\n<h5><strong><em>2. C\u00e1ch th\u1ef1c hi\u1ec7n:<\/em><\/strong><\/h5>\n<ol>\n<li>\u0110un s\u00f4i n\u01b0\u1edbc trong n\u1ed3i l\u1edbn r\u1ed3i cho khoai t\u00e2y v\u00e0o lu\u1ed9c cho \u0111\u1ebfn khi khoai ch\u00edn m\u1ec1m (kho\u1ea3ng 12-15 ph\u00fat).<\/li>\n<li>Tr\u1ea3i \u0111\u1ec1u m\u1ed9t l\u1edbp khoai t\u00e2y \u0111\u00e3 lu\u1ed9c ch\u00edn l\u00ean khay, n\u00eam th\u00eam \u00bc mu\u1ed7ng c\u00e0 ph\u00ea mu\u1ed1i r\u1ed3i \u0111\u1ec3 15 ph\u00fat cho khoai ngu\u1ed9i b\u1edbt.<\/li>\n<li>Trong th\u1eddi gian \u0111\u1ee3i khoai t\u00e2y ngu\u1ed9i, b\u1ea1n tr\u1ed9n \u0111\u1ec1u h\u1ed7n h\u1ee3p g\u1ed3m d\u1ea7u, gi\u1ea5m, h\u00e0nh t\u00edm, ti\u00eau xay, m\u00f9 t\u1ea1t v\u00e0 l\u01b0\u1ee3ng mu\u1ed1n c\u00f2n l\u1ea1i v\u00e0o m\u1ed9t b\u00e1t l\u1edbn.<\/li>\n<li>Sau \u0111\u00f3, b\u1ea1n cho th\u00eam khoai t\u00e2y, c\u00e0 chua, oliu, ph\u00f4 mai v\u00e0 rau kinh gi\u1edbi v\u00e0o b\u00e1t h\u1ed7n h\u1ee3p tr\u00ean. \u0110\u1ea3o \u0111\u1ec1u r\u1ed3i \u0111\u1ed5 h\u1ed7n h\u1ee3p v\u00e0o b\u00e1t khoai t\u00e2y \u0111\u1ec3 ngu\u1ed9i l\u00e0 c\u00f3 th\u1ec3 th\u01b0\u1edfng th\u1ee9c \u0111\u01b0\u1ee3c r\u1ed3i. B\u1ea1n c\u0169ng c\u00f3 th\u1ec3 cho salad v\u00e0o t\u1ee7 l\u1ea1nh \u0111\u1ec3 t\u0103ng v\u1ecb ngon cho m\u00f3n \u0103n.<\/li>\n<\/ol>","protected":false},"excerpt":{"rendered":"<p>TH\u00d4NG TIN S\u1ea2N PH\u1ea8M Th\u01b0\u01a1ng hi\u1ec7u Pastiri Xu\u1ea5t x\u1ee9 Bulgaria Th\u00e0nh ph\u1ea7n S\u1eefa ti\u1ec7c tr\u00f9ng, mu\u1ed1i, men ph\u00f4 mai H\u1ea1n<\/p>","protected":false},"featured_media":33995,"comment_status":"open","ping_status":"closed","template":"","meta":[],"product_brand":[],"product_cat":[708,730,36,275],"product_tag":[],"class_list":{"0":"post-33983","1":"product","2":"type-product","3":"status-publish","4":"has-post-thumbnail","6":"product_cat-bo-sua-pho-mai","7":"product_cat-cac-nuoc-khac","8":"product_cat-thuc-pham-tieu-dung","9":"product_cat-thuc-pham-dong-lanh","11":"first","12":"instock","13":"sale","14":"shipping-taxable","15":"purchasable","16":"product-type-simple"},"_links":{"self":[{"href":"https:\/\/havamall.com\/en\/wp-json\/wp\/v2\/product\/33983","targetHints":{"allow":["GET"]}}],"collection":[{"href":"https:\/\/havamall.com\/en\/wp-json\/wp\/v2\/product"}],"about":[{"href":"https:\/\/havamall.com\/en\/wp-json\/wp\/v2\/types\/product"}],"replies":[{"embeddable":true,"href":"https:\/\/havamall.com\/en\/wp-json\/wp\/v2\/comments?post=33983"}],"version-history":[{"count":0,"href":"https:\/\/havamall.com\/en\/wp-json\/wp\/v2\/product\/33983\/revisions"}],"wp:featuredmedia":[{"embeddable":true,"href":"https:\/\/havamall.com\/en\/wp-json\/wp\/v2\/media\/33995"}],"wp:attachment":[{"href":"https:\/\/havamall.com\/en\/wp-json\/wp\/v2\/media?parent=33983"}],"wp:term":[{"taxonomy":"product_brand","embeddable":true,"href":"https:\/\/havamall.com\/en\/wp-json\/wp\/v2\/product_brand?post=33983"},{"taxonomy":"product_cat","embeddable":true,"href":"https:\/\/havamall.com\/en\/wp-json\/wp\/v2\/product_cat?post=33983"},{"taxonomy":"product_tag","embeddable":true,"href":"https:\/\/havamall.com\/en\/wp-json\/wp\/v2\/product_tag?post=33983"}],"curies":[{"name":"wp","href":"https:\/\/api.w.org\/{rel}","templated":true}]}}