{"id":34008,"date":"2024-03-12T16:20:09","date_gmt":"2024-03-12T09:20:09","guid":{"rendered":"https:\/\/havamall.com\/?post_type=product&#038;p=34008"},"modified":"2025-03-16T16:34:27","modified_gmt":"2025-03-16T09:34:27","slug":"sot-ot-xanh-chili-green-ching-190g","status":"publish","type":"product","link":"https:\/\/havamall.com\/en\/shop\/sot-ot-xanh-chili-green-ching-190g\/","title":{"rendered":"S\u1ed1t \u1edat Xanh Chili Green Ching 190g"},"content":{"rendered":"<h2><\/h2>\n<h2><strong>TH\u00d4NG TIN CHUNG<\/strong><\/h2>\n<table>\n<tbody>\n<tr>\n<td>Th\u01b0\u01a1ng hi\u1ec7u<\/td>\n<td>Ching&#8217;s<\/td>\n<\/tr>\n<tr>\n<td>Xu\u1ea5t x\u1ee9<\/td>\n<td>\u1ea4n \u0110\u1ed9<\/td>\n<\/tr>\n<tr>\n<td>Th\u00e0nh ph\u1ea7n<\/td>\n<td>N\u01b0\u1edbc, \u1edbt xanh, \u0111\u01b0\u1eddng, b\u1ed9t g\u1eebng, mu\u1ed1i,&#8230;<\/td>\n<\/tr>\n<tr>\n<td>H\u1ea1n s\u1eed d\u1ee5ng<\/td>\n<td>18 th\u00e1ng k\u1ec3 t\u1eeb ng\u00e0y s\u1ea3n xu\u1ea5t.<\/td>\n<\/tr>\n<tr>\n<td>B\u1ea3o qu\u1ea3n<\/td>\n<td>\u0110\u1ec3 n\u01a1i kh\u00f4 r\u00e1o, tho\u00e1ng m\u00e1t, tr\u00e1nh \u00e1nh n\u1eafng tr\u1ef1c ti\u1ebfp<\/td>\n<\/tr>\n<tr>\n<td>Kh\u1ed1i l\u01b0\u1ee3ng t\u1ecbnh<\/td>\n<td>200g<\/td>\n<\/tr>\n<\/tbody>\n<\/table>\n<p>S\u1ed1t \u1edat xanh Ching &#8216;s ti\u1ec7n l\u1ee3i v\u00e0 d\u1ec5 d\u00e0ng \u0111\u1ec3 s\u1eed d\u1ee5ng, s\u1ed1t \u1edbt l\u00e0 m\u1ed9t gia v\u1ecb th\u01a1m v\u00e0 cay ho\u00e0n h\u1ea3o cho b\u1ea5t k\u1ef3 m\u00f3n \u0103n n\u00e0o v\u00e0 \u0111\u1eb7c bi\u1ec7t ph\u00f9 h\u1ee3p v\u1edbi c\u00e1c m\u00f3n x\u00e0o ch\u00e2u \u00c1, c\u00e0 ri \u1ea4n \u0110\u1ed9 v\u00e0 c\u00e1c m\u00f3n \u0103n Mexico.<img fetchpriority=\"high\" decoding=\"async\" class=\"wp-image-34012 aligncenter\" src=\"https:\/\/havamall.com\/wp-content\/uploads\/2024\/03\/423538474_410972371253474_6284218047712588738_n-300x288.jpeg\" alt=\"\" width=\"677\" height=\"650\" \/><\/p>\n<p>V\u1edbi c\u00f4ng th\u1ee9c \u0111\u1eb7c bi\u1ec7t, s\u1ea3n ph\u1ea9m l\u00e0 s\u1ef1 h\u00f2a quy\u1ec7n h\u00e0i h\u00f2a gi\u1eefa \u1edbt, gi\u1ea5m m\u00eda v\u00e0 c\u00e1c lo\u1ea1i gia v\u1ecb kh\u00e1c \u0111\u1ec3 t\u1ea1o n\u00ean m\u1ed9t h\u01b0\u01a1ng v\u1ecb cay \u0111\u1eb7c tr\u01b0ng c\u1ee7a \u1ea4n \u0110\u1ed9. C\u00f3 th\u1ec3 \u0111\u01b0\u1ee3c s\u1eed d\u1ee5ng trong nhi\u1ec1u m\u00f3n \u0103n, th\u00edch h\u1ee3p v\u1edbi h\u1ea3i s\u1ea3n, m\u00ec \u1ed1ng, pizza, b\u00e1nh m\u00ec k\u1eb9p th\u1ecbt\u2026.M\u1ecbn v\u00e0 cay, ti\u1ec7n l\u1ee3i, d\u1ec5 d\u00e0ng s\u1eed d\u1ee5ng.<\/p>\n<p><img decoding=\"async\" class=\"wp-image-34010 aligncenter\" src=\"https:\/\/havamall.com\/wp-content\/uploads\/2024\/03\/71XPrI5UrYL._AC_UF10001000_QL80_-300x300.jpg\" alt=\"\" width=\"667\" height=\"667\" \/><\/p>\n<p>\u0110\u01b0\u1ee3c s\u1ea3n xu\u1ea5t theo c\u00f4ng ngh\u1ec7 hi\u1ec7n \u0111\u1ea1i, c\u00e1c kh\u00e2u t\u1eeb l\u00fac ch\u1ecdn nguy\u00ean li\u1ec7u ch\u1ebf bi\u1ebfn, \u0111\u00f3ng chai \u0111\u1ec1u di\u1ec5n ra kh\u00e9p k\u00edn d\u01b0\u1edbi s\u1ef1 gi\u00e1m s\u00e1t nghi\u00eam ng\u1eb7t, kh\u00f4ng ch\u1ee9a h\u00f3a ch\u1ea5t \u0111\u1ed9c h\u1ea1i, ch\u1ea5t b\u1ea3o qu\u1ea3n c\u00f3 h\u1ea1i cho s\u1ee9c kh\u1ecfe, \u0111\u1ea3m b\u1ea3o an to\u00e0n v\u1ec7 sinh v\u00e0 an to\u00e0n cho s\u1ee9c kh\u1ecfe ng\u01b0\u1eddi ti\u00eau d\u00f9ng.<\/p>\n<p><img decoding=\"async\" class=\"wp-image-34009 aligncenter\" src=\"https:\/\/havamall.com\/wp-content\/uploads\/2024\/03\/61v-6ycxQRL-300x300.png\" alt=\"\" width=\"664\" height=\"664\" \/><\/p>\n<p>S\u1ea3n ph\u1ea9m th\u00edch h\u1ee3p d\u00f9ng v\u1edbi c\u00e1c m\u00f3n \u0103n nh\u01b0 m\u1ef1c n\u01b0\u1edbng, h\u1ea3i s\u1ea3n h\u1ea5p, h\u1ea3i s\u1ea3n t\u1ea9m b\u1ed9t chi\u00ean, th\u1ecbt g\u00e0, c\u00e0 ri\u2026gi\u00fap cho m\u00f3n \u0103n t\u0103ng th\u00eam h\u01b0\u01a1ng v\u1ecb th\u01a1m ngon, t\u1ea1o s\u1ef1 h\u1ea5p d\u1eabn cho m\u00f3n, k\u00edch th\u00edch v\u1ecb gi\u00e1c, ph\u00f9 v\u1edbi v\u1edbi \u0111a s\u1ed1 ng\u01b0\u1eddi ti\u00eau d\u00f9ng.<\/p>\n<p>\u1edat c\u00f2n c\u00f3 t\u00e1c d\u1ee5ng r\u1ea5t t\u1ed1t cho vi\u1ec7c gi\u1ea3m c\u00e2n, gi\u00fap ng\u0103n ng\u1eeba l\u00e3o h\u00f3a, gi\u1eef cho c\u01a1 th\u1ec3 tr\u1ebb l\u00e2u. Trong b\u1ed9t \u1edbt ch\u1ee9a nhi\u1ec1u d\u01b0\u1ee1ng ch\u1ea5t, vitamin A, C, kali \u0111i\u1ec1u ti\u1ebft ch\u1ee9c n\u0103ng sinh l\u00fd c\u01a1 th\u1ec3, h\u1ed7 tr\u1ee3 ti\u00eau h\u00f3a, \u0111\u1ed1t ch\u00e1y m\u1ee1 th\u1eeba&#8230;<\/p>\n<p><img loading=\"lazy\" decoding=\"async\" class=\"wp-image-34011 aligncenter\" src=\"https:\/\/havamall.com\/wp-content\/uploads\/2024\/03\/617uQ3reFeL._AC_UF10001000_QL80_-300x300.png\" alt=\"\" width=\"677\" height=\"677\" \/><\/p>\n<h2><strong>H\u01af\u1edaNG D\u1eaaN S\u1eec D\u1ee4NG<\/strong><\/h2>\n<p>\u2013 D\u00f9ng v\u1edbi b\u00f2 beefsteak, pizza, m\u00ec \u00dd, c\u00e1c lo\u1ea1i m\u00ec x\u00e0o, tr\u1ee9ng \u1ed1p la, c\u01a1m chi\u00ean,\u2026<\/p>\n<p>\u2013 D\u00f9ng \u0111\u1ec3 \u01b0\u1edbp c\u00e1c m\u00f3n n\u01b0\u1edbng cay nh\u01b0: c\u00e1nh g\u00e0 n\u01b0\u1edbng cay, s\u01b0\u1eddn s\u1ed1t ho\u1eb7c l\u00e0m n\u01b0\u1edbc s\u1ed1t cho c\u00e1c m\u00f3n n\u01b0\u1edbng.<\/p>\n<p>\u2013 C\u00f3 th\u1ec3 l\u00e0m m\u00f3n mu\u1ed1i ti\u00eau ch\u1ea5m v\u1edbi c\u00e1c m\u00f3n n\u01b0\u1edbng.<\/p>\n<p>\u2013 Ho\u1eb7c s\u1eed d\u1ee5ng t\u00f9y s\u1edf th\u00edch.<\/p>\n<p>S\u1ea3n ph\u1ea9m hi\u1ec7n \u0111\u00e3 c\u00f3 m\u1eb7t t\u1ea1i Havamall.<\/p>","protected":false},"excerpt":{"rendered":"<p>TH\u00d4NG TIN CHUNG Th\u01b0\u01a1ng hi\u1ec7u Ching&#8217;s Xu\u1ea5t x\u1ee9 \u1ea4n \u0110\u1ed9 Th\u00e0nh ph\u1ea7n N\u01b0\u1edbc, \u1edbt xanh, \u0111\u01b0\u1eddng, b\u1ed9t g\u1eebng, mu\u1ed1i,&#8230; H\u1ea1n<\/p>","protected":false},"featured_media":34007,"comment_status":"open","ping_status":"closed","template":"","meta":[],"product_brand":[],"product_cat":[731,36],"product_tag":[],"class_list":{"0":"post-34008","1":"product","2":"type-product","3":"status-publish","4":"has-post-thumbnail","6":"product_cat-nhap-khau-an-do","7":"product_cat-thuc-pham-tieu-dung","9":"first","10":"instock","11":"sale","12":"shipping-taxable","13":"purchasable","14":"product-type-simple"},"_links":{"self":[{"href":"https:\/\/havamall.com\/en\/wp-json\/wp\/v2\/product\/34008","targetHints":{"allow":["GET"]}}],"collection":[{"href":"https:\/\/havamall.com\/en\/wp-json\/wp\/v2\/product"}],"about":[{"href":"https:\/\/havamall.com\/en\/wp-json\/wp\/v2\/types\/product"}],"replies":[{"embeddable":true,"href":"https:\/\/havamall.com\/en\/wp-json\/wp\/v2\/comments?post=34008"}],"version-history":[{"count":0,"href":"https:\/\/havamall.com\/en\/wp-json\/wp\/v2\/product\/34008\/revisions"}],"wp:featuredmedia":[{"embeddable":true,"href":"https:\/\/havamall.com\/en\/wp-json\/wp\/v2\/media\/34007"}],"wp:attachment":[{"href":"https:\/\/havamall.com\/en\/wp-json\/wp\/v2\/media?parent=34008"}],"wp:term":[{"taxonomy":"product_brand","embeddable":true,"href":"https:\/\/havamall.com\/en\/wp-json\/wp\/v2\/product_brand?post=34008"},{"taxonomy":"product_cat","embeddable":true,"href":"https:\/\/havamall.com\/en\/wp-json\/wp\/v2\/product_cat?post=34008"},{"taxonomy":"product_tag","embeddable":true,"href":"https:\/\/havamall.com\/en\/wp-json\/wp\/v2\/product_tag?post=34008"}],"curies":[{"name":"wp","href":"https:\/\/api.w.org\/{rel}","templated":true}]}}