{"id":34037,"date":"2024-03-13T14:53:14","date_gmt":"2024-03-13T07:53:14","guid":{"rendered":"https:\/\/havamall.com\/?post_type=product&#038;p=34037"},"modified":"2025-03-24T10:01:07","modified_gmt":"2025-03-24T03:01:07","slug":"bot-gao-te-thai-lan-jade-leaf-500gr","status":"publish","type":"product","link":"https:\/\/havamall.com\/en\/shop\/bot-gao-te-thai-lan-jade-leaf-500gr\/","title":{"rendered":"B\u1ed9t G\u1ea1o T\u1ebb Th\u00e1i Lan Jade Leaf 500gr"},"content":{"rendered":"<p>&nbsp;<\/p>\n<h2><strong>TH\u00d4NG TIN CHUNG<\/strong><\/h2>\n<table>\n<tbody>\n<tr>\n<td>Th\u01b0\u01a1ng hi\u1ec7u<\/td>\n<td>Jade Leaf<\/td>\n<\/tr>\n<tr>\n<td>Xu\u1ea5t x\u1ee9<\/td>\n<td>Th\u00e1i Lan<\/td>\n<\/tr>\n<tr>\n<td>Th\u00e0nh ph\u1ea7n<\/td>\n<td>100% b\u1ed9t g\u1ea1o t\u1ebb nguy\u00ean ch\u1ea5t<\/td>\n<\/tr>\n<tr>\n<td>H\u1ea1n s\u1eed d\u1ee5ng<\/td>\n<td>18 th\u00e1ng k\u1ec3 t\u1eeb ng\u00e0y s\u1ea3n xu\u1ea5t.<\/td>\n<\/tr>\n<tr>\n<td>B\u1ea3o qu\u1ea3n<\/td>\n<td>\u0110\u1ec3 n\u01a1i kh\u00f4 r\u00e1o, tho\u00e1ng m\u00e1t, tr\u00e1nh \u00e1nh n\u1eafng tr\u1ef1c ti\u1ebfp<\/td>\n<\/tr>\n<tr>\n<td>Kh\u1ed1i l\u01b0\u1ee3ng t\u1ecbnh<\/td>\n<td>500g<\/td>\n<\/tr>\n<\/tbody>\n<\/table>\n<p><img fetchpriority=\"high\" decoding=\"async\" class=\"wp-image-34038 aligncenter\" src=\"https:\/\/havamall.com\/wp-content\/uploads\/2024\/03\/393357164_875915017870957_5729385727702211381_n-1-300x300.jpeg\" alt=\"\" width=\"653\" height=\"653\" \/><br \/>\nTinh b\u1ed9t g\u1ea1o t\u1ebb Jade Leaf Th\u00e1i Lan th\u01b0\u1eddng \u0111\u01b0\u1ee3c g\u1ecdi t\u1eaft \u201cB\u1ed9t g\u1ea1o\u201d, l\u00e0 lo\u1ea1i b\u1ed9t \u0111\u01b0\u1ee3c xay t\u1eeb h\u1ea1t g\u1ea1o t\u1ebb (g\u1ea1o d\u00f9ng \u0111\u1ec3 n\u1ea5u c\u01a1m \u0103n h\u00e0ng ng\u00e0y). B\u1ed9t g\u1ea1o c\u00f3 th\u1ec3 d\u00f9ng n\u1ea5u ch\u00e1o s\u01b0\u1eddn, l\u00e0m b\u00e1nh b\u1ed9t l\u1ecdc, v.v.<\/p>\n<p>B\u1ed9t \u0111\u01b0\u1ee3c xay t\u1eeb g\u1ea1o t\u1ebb nguy\u00ean ch\u1ea5t nghi\u1ec1n nhuy\u1ec5n, cho h\u01b0\u01a1ng v\u1ecb thu\u1ea7n ch\u1ea5t nh\u1ea5t. \u0110\u1ea3m b\u1ea3o ch\u1ea5t l\u01b0\u1ee3ng th\u01a1m ngon nh\u1ea5t m\u00e0 kh\u00f4ng c\u00f3 b\u1ea5t k\u1ef3 m\u1ed9t ph\u1ee5 gia n\u00e0o kh\u00e1c.\u00a0Tinh b\u1ed9t g\u1ea1o t\u1ebb Jade Leaf th\u00e1i lan 500g l\u00e0 lo\u1ea1i b\u1ed9t \u0111\u01b0\u1ee3c xay t\u1eeb h\u1ea1t g\u1ea1o t\u1ebb (g\u1ea1o d\u00f9ng \u0111\u1ec3 n\u1ea5u c\u01a1m \u0103n h\u00e0ng ng\u00e0y). B\u1ed9t g\u1ea1o c\u00f3 th\u1ec3 d\u00f9ng n\u1ea5u ch\u00e1o s\u01b0\u1eddn, l\u00e0m b\u00e1nh b\u1ed9t l\u1ecdc, v.v.<img decoding=\"async\" class=\"wp-image-34041 aligncenter\" src=\"https:\/\/havamall.com\/wp-content\/uploads\/2024\/03\/326977785_563335789180604_9045171659012201487_n-300x273.jpeg\" alt=\"\" width=\"651\" height=\"592\" \/>\u00a0B\u1ed9t n\u1ebfp Jade Leaf\u00a0\u0111\u01b0\u1ee3c l\u00e0m t\u1eeb 100% g\u1ea1o nguy\u00ean ch\u1ea5t, gi\u00e0u dinh d\u01b0\u1ee1ng, an to\u00e0n cho s\u1ee9c kh\u1ecfe. S\u1ea3n ph\u1ea9m \u0111\u01b0\u1ee3c nhi\u1ec1u ng\u01b0\u1eddi n\u1ed9i tr\u1ee3 l\u1ef1a ch\u1ecdn \u0111\u1ec3 ch\u1ebf bi\u1ebfn m\u00f3n \u0103n.\u00a0B\u1ed9t n\u1ebfp Jade Leaf\u00a0\u0111\u01b0\u1ee3c ch\u1ebf bi\u1ebfn theo c\u00f4ng ngh\u1ec7 hi\u1ec7n \u0111\u1ea1i, kh\u00f4ng ch\u1ea5t b\u1ea3o qu\u1ea3n, an to\u00e0n cho s\u1ee9c kh\u1ecfe ng\u01b0\u1eddi ti\u00eau d\u00f9ng.<\/p>\n<p><img decoding=\"async\" class=\"wp-image-34039 aligncenter\" src=\"https:\/\/havamall.com\/wp-content\/uploads\/2024\/03\/369652883_886995996762859_3244853104289052330_n-300x300.jpeg\" alt=\"\" width=\"654\" height=\"654\" \/><\/p>\n<p>\u0110\u1ed1i v\u1edbi \u1ea9m th\u1ef1c Vi\u1ec7t Nam, b\u1ed9t g\u1ea1o l\u00e0 m\u1ed9t th\u00e0nh ph\u1ea7n kh\u00f4ng th\u1ec3 thi\u1ebfu trong r\u1ea5t nhi\u1ec1u m\u00f3n ngon. B\u1ed9t g\u1ea1o \u0111\u01b0\u1ee3c s\u1eed d\u1ee5ng r\u1ea5t ph\u1ed5 bi\u1ebfn t\u1eeb Nam t\u1edbi B\u1eafc. Mi\u1ec1n Nam ph\u1ed5 bi\u1ebfn c\u00f3 b\u00e1nh \u01b0\u1edbt, b\u00e1nh canh, b\u00e1nh b\u00f2, b\u00e1nh \u0111\u1eadu xanh hay b\u00fan g\u1ea1o\u2026. Mi\u1ec1n Trung v\u00e0 mi\u1ec1n B\u1eafc b\u1ed9t g\u1ea1o d\u00f9ng trong b\u00e1nh b\u00e8o, b\u00e1nh x\u00e8o, t\u00f4m ch\u00e1y, b\u00e1nh \u0111\u00fac, b\u00e1nh kho\u00e1i, cao l\u1ea7u, b\u00e1nh \u0111\u1eadp hay b\u00e1nh cu\u1ed1n\u2026.<\/p>\n<p>Ngo\u00e0i ra B\u1ed9t g\u1ea1o t\u1ebb c\u00f2n \u0111\u01b0\u1ee3c d\u00f9ng l\u00e0m gi\u1ea3m \u0111\u1ed9 d\u1ebbo c\u1ee7a c\u00e1c m\u00f3n nh\u01b0 b\u00e1nh r\u00e1n, b\u00e1nh tr\u00f4i cho ph\u00f9 h\u1ee3p h\u01a1n v\u1edbi kh\u1ea9u v\u1ecb c\u1ee7a nhi\u1ec1u ng\u01b0\u1eddi.<\/p>\n<p><img loading=\"lazy\" decoding=\"async\" class=\"wp-image-34040 aligncenter\" src=\"https:\/\/havamall.com\/wp-content\/uploads\/2024\/03\/327311410_723938319438226_4078518473152806122_n-300x273.jpeg\" alt=\"\" width=\"654\" height=\"595\" \/><\/p>\n<h2><strong>T\u00e1c d\u1ee5ng c\u1ee7a s\u1ea3n ph\u1ea9m v\u1edbi s\u1ee9c kh\u1ecfe<\/strong><\/h2>\n<ul>\n<li>Cung c\u1ea5p n\u0103ng l\u01b0\u1ee3ng<\/li>\n<li>B\u1ed5 sung c\u00e1c ch\u1ea5t<\/li>\n<li>T\u1ea1o c\u1ea3m gi\u00e1c ngon mi\u1ec7ng<\/li>\n<li>C\u1ea3i thi\u1ec7n tinh th\u1ea7n v\u00e0 t\u00e2m tr\u1ea1ng<\/li>\n<li>Nhu\u1eadn tr\u00e0ng<\/li>\n<\/ul>\n<p><img loading=\"lazy\" decoding=\"async\" class=\"wp-image-34042 aligncenter\" src=\"https:\/\/havamall.com\/wp-content\/uploads\/2024\/03\/408671805_908412624621196_3529787842866000316_n-300x300.jpeg\" alt=\"\" width=\"648\" height=\"648\" \/><\/p>","protected":false},"excerpt":{"rendered":"<p>&nbsp; TH\u00d4NG TIN CHUNG Th\u01b0\u01a1ng hi\u1ec7u Jade Leaf Xu\u1ea5t x\u1ee9 Th\u00e1i Lan Th\u00e0nh ph\u1ea7n 100% b\u1ed9t g\u1ea1o t\u1ebb nguy\u00ean ch\u1ea5t<\/p>","protected":false},"featured_media":34043,"comment_status":"open","ping_status":"closed","template":"","meta":[],"product_brand":[],"product_cat":[36,730,134],"product_tag":[],"class_list":{"0":"post-34037","1":"product","2":"type-product","3":"status-publish","4":"has-post-thumbnail","6":"product_cat-thuc-pham-tieu-dung","7":"product_cat-cac-nuoc-khac","8":"product_cat-thucpham-saykho","10":"first","11":"outofstock","12":"sale","13":"shipping-taxable","14":"purchasable","15":"product-type-simple"},"_links":{"self":[{"href":"https:\/\/havamall.com\/en\/wp-json\/wp\/v2\/product\/34037","targetHints":{"allow":["GET"]}}],"collection":[{"href":"https:\/\/havamall.com\/en\/wp-json\/wp\/v2\/product"}],"about":[{"href":"https:\/\/havamall.com\/en\/wp-json\/wp\/v2\/types\/product"}],"replies":[{"embeddable":true,"href":"https:\/\/havamall.com\/en\/wp-json\/wp\/v2\/comments?post=34037"}],"version-history":[{"count":0,"href":"https:\/\/havamall.com\/en\/wp-json\/wp\/v2\/product\/34037\/revisions"}],"wp:featuredmedia":[{"embeddable":true,"href":"https:\/\/havamall.com\/en\/wp-json\/wp\/v2\/media\/34043"}],"wp:attachment":[{"href":"https:\/\/havamall.com\/en\/wp-json\/wp\/v2\/media?parent=34037"}],"wp:term":[{"taxonomy":"product_brand","embeddable":true,"href":"https:\/\/havamall.com\/en\/wp-json\/wp\/v2\/product_brand?post=34037"},{"taxonomy":"product_cat","embeddable":true,"href":"https:\/\/havamall.com\/en\/wp-json\/wp\/v2\/product_cat?post=34037"},{"taxonomy":"product_tag","embeddable":true,"href":"https:\/\/havamall.com\/en\/wp-json\/wp\/v2\/product_tag?post=34037"}],"curies":[{"name":"wp","href":"https:\/\/api.w.org\/{rel}","templated":true}]}}