{"id":34060,"date":"2024-03-15T13:26:01","date_gmt":"2024-03-15T06:26:01","guid":{"rendered":"https:\/\/havamall.com\/?post_type=product&#038;p=34060"},"modified":"2024-03-18T14:52:16","modified_gmt":"2024-03-18T07:52:16","slug":"ca-trich-ep-trung-hong-vi-gung-hong-gari-nissi-160g","status":"publish","type":"product","link":"https:\/\/havamall.com\/en\/shop\/ca-trich-ep-trung-hong-vi-gung-hong-gari-nissi-160g\/","title":{"rendered":"C\u00e1 Tr\u00edch \u00c9p Tr\u1ee9ng H\u1ed3ng V\u1ecb G\u1eebng H\u1ed3ng Gari Nissi 160g"},"content":{"rendered":"<h2><\/h2>\n<h2><strong>TH\u00d4NG TIN CHUNG<\/strong><\/h2>\n<table>\n<tbody>\n<tr>\n<td>Th\u01b0\u01a1ng hi\u1ec7u<\/td>\n<td>\n<p class=\"product_title entry-title\">Nissi<\/p>\n<\/td>\n<\/tr>\n<tr>\n<td>Xu\u1ea5t x\u1ee9<\/td>\n<td>Nh\u1eadt B\u1ea3n<\/td>\n<\/tr>\n<tr>\n<td>Th\u00e0nh ph\u1ea7n<\/td>\n<td>\u00a0C\u00e1 tr\u00edch phi l\u00ea, tr\u1ee9ng c\u00e1 chu\u1ed3n, gi\u1ea5m l\u00ean men, c\u00e1c gia v\u1ecb kh\u00e1c,&#8230;<\/td>\n<\/tr>\n<tr>\n<td>H\u1ea1n s\u1eed d\u1ee5ng<\/td>\n<td>24 th\u00e1ng k\u1ec3 t\u1eeb ng\u00e0y s\u1ea3n xu\u1ea5t.<\/td>\n<\/tr>\n<tr>\n<td>B\u1ea3o qu\u1ea3n<\/td>\n<td>Tr\u1eef \u0111\u00f4ng \u1edf nhi\u1ec7t \u0111\u1ed9 -18\u00b0C<\/td>\n<\/tr>\n<tr>\n<td>Kh\u1ed1i l\u01b0\u1ee3ng<\/td>\n<td>160g<\/td>\n<\/tr>\n<\/tbody>\n<\/table>\n<p>C\u00e1 tr\u00edch \u00e9p tr\u1ee9ng l\u00e0 m\u00f3n \u0103n ph\u1ed5 bi\u1ebfn t\u1ea1i Nh\u1eadt v\u00e0 nhi\u1ec1u qu\u1ed1c gia ch\u00e2u \u00c1, trong \u0111\u00f3 c\u00f3 Vi\u1ec7t Nam. M\u00f3n \u0103n n\u00e0y c\u00f3 h\u01b0\u01a1ng v\u1ecb th\u01a1m ngon, gi\u00e0u dinh d\u01b0\u1ee1ng, th\u01b0\u1eddng \u0111\u01b0\u1ee3c th\u01b0\u1edfng th\u1ee9c nh\u01b0 m\u1ed9t m\u00f3n Sashimi thanh m\u00e1t.<\/p>\n<p>C\u00e1 tr\u00edch \u00e9p tr\u1ee9ng\u00a0c\u00f3 t\u00ean ti\u1ebfng Nh\u1eadt l\u00e0: Komochi Nishin. Lo\u1ea1i th\u1ef1c ph\u1ea9m n\u00e0y \u0111\u01b0\u1ee3c s\u1eed d\u1ee5ng nh\u01b0 m\u1ed9t m\u00f3n c\u00e1 s\u1ed1ng \u0103n Sashimi v\u00e0 c\u0169ng l\u00e0 m\u1ed9t lo\u1ea1i h\u1ea3i s\u1ea3n l\u00e0m Sushi th\u00f4ng d\u1ee5ng \u1edf Nh\u1eadt.<\/p>\n<p><img fetchpriority=\"high\" decoding=\"async\" class=\"wp-image-34053 aligncenter\" src=\"https:\/\/havamall.com\/wp-content\/uploads\/2024\/03\/273024813_7099045450168500_592213421105038227_n-1024x768-300x225.jpeg\" alt=\"\" width=\"647\" height=\"485\" \/><\/p>\n<p>C\u00e1 tr\u00edch \u00e9p tr\u1ee9ng Nh\u1eadt B\u1ea3n\u00a0\u0111\u01b0\u1ee3c l\u00e0m t\u1eeb nh\u1eefng l\u00e1t phi l\u00ea c\u00e1 tr\u00edch \u1edf tr\u00ean, \u1edf d\u01b0\u1edbi l\u00e0 l\u1edbp tr\u1ee9ng c\u00e1 chu\u1ed3n \u0111\u01b0\u1ee3c \u00e9p t\u1ea1o th\u00e0nh kh\u1ed1i c\u00e1 li\u1ec1n nhau.\u00a0C\u00e1 tr\u00edch \u00e9p tr\u1ee9ng Nh\u1eadt B\u1ea3n\u00a0\u0111\u01b0\u1ee3c l\u00e0m ch\u00edn t\u00e1i nh\u1edd ng\u00e2m v\u1edbi gi\u1ea5m. Khi \u0103n, b\u1ea1n s\u1ebd c\u1ea3m th\u1ea5y v\u1ecb b\u00f9i, b\u00e9o ng\u1eady c\u00f9ng v\u1edbi ch\u00fat gi\u00f2n gi\u00f2n t\u1eeb nh\u1eefng b\u00f3ng tr\u1ee9ng c\u00e1 tan trong mi\u1ec7ng. T\u1ea5t c\u1ea3 t\u1ea1o n\u00ean m\u1ed9t s\u1ef1 k\u00edch th\u00edch v\u1ecb gi\u00e1c r\u1ea5t th\u00fa v\u1ecb.<\/p>\n<p>V\u00ec \u0111\u00e3 \u0111\u01b0\u1ee3c s\u01a1 ch\u1ebf cho vi\u1ec7c \u0103n s\u1ed1ng,\u00a0c\u00e1 tr\u00edch \u00e9p tr\u1ee9ng Nh\u1eadt B\u1ea3n\u00a0kh\u00f4ng ph\u00f9 h\u1ee3p \u0111\u1ec3 ch\u1ebf bi\u1ebfn ch\u00edn v\u1edbi l\u1eeda. Lo\u1ea1i th\u1ef1c ph\u1ea9m n\u00e0y th\u01b0\u1eddng \u0111\u01b0\u1ee3c \u0103n s\u1ed1ng c\u00f9ng m\u1ed9t s\u1ed1 lo\u1ea1i rau m\u00e0 kh\u00f4ng h\u1ec1 tanh ho\u1eb7c l\u00e0m m\u00f3n Sashimi h\u1ea3i s\u1ea3n s\u1ed1ng hay Sushi cu\u1ed9n rong bi\u1ec3n th\u01a1m b\u00f9i.<\/p>\n<p><img decoding=\"async\" class=\"wp-image-34052 aligncenter\" src=\"https:\/\/havamall.com\/wp-content\/uploads\/2024\/03\/2_e72154c7b6d549aa960f1b6a7eaa18a7-300x188.png\" alt=\"\" width=\"647\" height=\"405\" \/><\/p>\n<p>Nh\u1eefng m\u00f3n \u0103n n\u00e0y r\u1ea5t ph\u1ed5 bi\u1ebfn v\u00e0 h\u1ea7u nh\u01b0 lu\u00f4n c\u00f3 m\u1eb7t trong menu c\u1ee7a b\u1ea5t k\u1ef3 qu\u00e1n \u0103n, nh\u00e0 h\u00e0ng n\u00e0o c\u1ee7a Nh\u1eadt. Kh\u00f4ng nh\u1eefng v\u1eady, vi\u1ec7c \u0103n Sashimi c\u00e1 tr\u00edch \u00e9p tr\u1ee9ng c\u0169ng \u0111\u00e3 tr\u1edf th\u00e0nh m\u1ed9t n\u00e9t v\u0103n h\u00f3a c\u1ee7a ng\u01b0\u1eddi Nh\u1eadt.<\/p>\n<p>Ng\u01b0\u1eddi Nh\u1eadt r\u1ea5t coi tr\u1ecdng m\u00f3n \u0103n n\u00e0y n\u00ean vi\u1ec7c ch\u1ebf bi\u1ebfn c\u0169ng r\u1ea5t \u0111\u01b0\u1ee3c ch\u00fa \u00fd v\u1edbi nguy\u00ean li\u1ec7u t\u01b0\u01a1i ngon nh\u1ea5t t\u1eeb c\u00e1 tr\u00edch \u00e9p tr\u1ee9ng, c\u00e1 h\u1ed3i, b\u1ea1ch tu\u1ed9c, s\u00f2, c\u1ee7 c\u1ea3i b\u00e0o, g\u1eebng h\u1ed3ng&#8230; V\u00e0 Sashimi th\u01b0\u1eddng s\u1ebd \u0111\u01b0\u1ee3c th\u01b0\u1edfng th\u1ee9c tr\u01b0\u1edbc khi \u0103n c\u00e1c m\u00f3n kh\u00e1c \u0111\u1ec3 \u0111\u1ea3m b\u1ea3o m\u00f9i v\u1ecb nguy\u00ean b\u1ea3n nh\u1ea5t c\u1ee7a c\u00e1c lo\u1ea1i c\u00e1.<\/p>\n<p><img decoding=\"async\" class=\"wp-image-34054 aligncenter\" src=\"https:\/\/havamall.com\/wp-content\/uploads\/2024\/03\/310455629_539105348217044_7482374209687138817_n-1022x1024-300x300.jpeg\" alt=\"\" width=\"646\" height=\"646\" \/><\/p>\n<h2 id=\"toc_1_H2\" class=\"toc-heading\"><strong>M\u1ed9t s\u1ed1 l\u1ee3i \u00edch tuy\u1ec7t v\u1eddi t\u1eeb c\u00e1 tr\u00edch \u00e9p tr\u1ee9ng Nh\u1eadt B\u1ea3n<\/strong><\/h2>\n<p>&#8211; Gi\u00fap t\u0103ng c\u01b0\u1eddng s\u1ee9c kh\u1ecfe cho thai nhi:\u00a0C\u00e1 tr\u00edch \u00e9p tr\u1ee9ng Nh\u1eadt\u00a0ch\u1ee9a h\u00e0m l\u01b0\u1ee3ng ch\u1ea5t DHA d\u1ed3i d\u00e0o v\u00e0 l\u01b0\u1ee3ng d\u1ea7u c\u00e1 cao n\u00ean r\u1ea5t t\u1ed1t cho s\u1ef1 ph\u00e1t tri\u1ec3n n\u00e3o b\u1ed9 v\u00e0 c\u00e1c c\u01a1 quan th\u1ea7n kinh c\u1ee7a thai nhi.<\/p>\n<p>&#8211; Gi\u1ea3m c\u00e1c nguy c\u01a1 b\u1ec7nh ung th\u01b0 gan: C\u00e1 tr\u00edch ch\u1ee9a nhi\u1ec1u Omega-3, \u0111\u00e2y l\u00e0 d\u01b0\u1ee1ng ch\u1ea5t c\u1ef1c k\u00ec t\u1ed1t cho ng\u01b0\u1eddi m\u1eafc c\u00e1c b\u1ec7nh v\u1ec1 gan. Nh\u1eefng ai gan y\u1ebfu s\u1eed d\u1ee5ng c\u00e1 tr\u00edch th\u01b0\u1eddng xuy\u00ean s\u1ebd gi\u00fap thanh l\u1ecdc v\u00e0 gi\u1ea3m g\u00e1nh n\u1eb7ng cho gan.<\/p>\n<p>&#8211; Gi\u1ea3m c\u00e1c nguy c\u01a1 b\u1ec7nh tim m\u1ea1ch, huy\u1ebft \u00e1p, ti\u1ec3u \u0111\u01b0\u1eddng: C\u00e1c nghi\u00ean c\u1ee9u ch\u1ec9 ra r\u1eb1ng vi\u1ec7c \u0103n c\u00e1 tr\u00edch \u00e9p tr\u1ee9ng s\u1ebd gi\u00fap gi\u1ea3m t\u1ef7 l\u1ec7 Cholesterol x\u1ea5u v\u00e0 t\u0103ng t\u1ef7 l\u1ec7 Cholesterol t\u1ed1t trong c\u01a1 th\u1ec3. Ngo\u00e0i ra, d\u1ea7u c\u00e1 c\u0169ng gi\u00fap \u00edch cho vi\u1ec7c l\u00e0m lo\u00e3ng Cholesterol c\u00f3 trong m\u00e1u, g\u00f3p ph\u1ea7n gi\u1ea3m nguy c\u01a1 c\u00e1c b\u1ec7nh tim m\u1ea1ch v\u00e0 ti\u1ec3u \u0111\u01b0\u1eddng.<\/p>\n<p><img loading=\"lazy\" decoding=\"async\" class=\"wp-image-34055 aligncenter\" src=\"https:\/\/havamall.com\/wp-content\/uploads\/2024\/03\/ca-trich-ep-trung-ha-noi-7860-300x295.jpeg\" alt=\"\" width=\"654\" height=\"643\" \/><\/p>\n<h2 id=\"toc_2_H2\" class=\"toc-heading\"><strong>T\u1ea1i sao c\u00e1 tr\u00edch \u00e9p tr\u1ee9ng l\u1ea1i c\u00f3 3 m\u00e0u?<\/strong><\/h2>\n<p>C\u00e1 tr\u00edch \u00e9p tr\u1ee9ng Nh\u1eadt B\u1ea3n\u00a0\u0111\u01b0\u1ee3c ph\u1ee7 l\u00ean nhi\u1ec1u m\u00e0u s\u1eafc v\u1edbi \u00fd ngh\u0129a, \u0111\u1eb7c t\u00ednh v\u00e0 m\u00f9i v\u1ecb kh\u00e1c nhau. V\u1eady m\u00e0u xanh, m\u00e0u v\u00e0ng v\u00e0 m\u00e0u \u0111\u1ecf c\u1ee7a t\u1eebng l\u00e1t c\u00e1 mang \u00fd ngh\u0129a ra sao.<\/p>\n<h5 id=\"toc_3_H3\" class=\"toc-heading\"><strong><em>C\u00e1 tr\u00edch \u00e9p tr\u1ee9ng v\u00e0ng v\u1ecb nguy\u00ean b\u1ea3n<\/em><\/strong><\/h5>\n<p>M\u00e0u v\u00e0ng c\u1ee7a c\u00e1 tr\u00edch \u00e9p tr\u1ee9ng Nh\u1eadt \u0111\u01b0\u1ee3c t\u1ea1o ra t\u1eeb s\u1eafc v\u00e0ng \u00f3ng \u1ea3 c\u1ee7a tr\u1ee9ng c\u00e1 chu\u1ed3n b\u00e9o ng\u1eady. \u0110\u00e2y \u0111\u01b0\u1ee3c xem l\u00e0 m\u00f9i v\u1ecb nguy\u00ean b\u1ea3n nh\u1ea5t, gi\u00fap h\u01b0\u01a1ng v\u1ecb kh\u00f4ng b\u1ecb ph\u00e2n t\u00e1n b\u1edfi nh\u1eefng gia v\u1ecb kh\u00e1c, ph\u00f9 h\u1ee3p v\u1edbi gu th\u01b0\u1edfng th\u1ee9c c\u1ee7a s\u1ed1 \u0111\u00f4ng.<\/p>\n<p>Trong quan ni\u1ec7m m\u00e0u s\u1eafc t\u1ea1i Nh\u1eadt, m\u00e0u v\u00e0ng t\u01b0\u1ee3ng tr\u01b0ng cho s\u01b0 ch\u00e2n th\u00e0nh, v\u00ec th\u1ebf m\u00e0 c\u00e1 tr\u00edch \u00e9p tr\u1ee9ng m\u00e0u v\u00e0ng c\u0169ng \u0111\u01b0\u1ee3c l\u1ef1a ch\u1ecdn ph\u1ed5 bi\u1ebfn t\u1ea1i nhi\u1ec1u b\u1eefa \u0103n \u1edf Nh\u1eadt, th\u1ec3 hi\u1ec7n t\u00ecnh c\u1ea3m ch\u00e2n th\u00e0nh c\u1ee7a con ng\u01b0\u1eddi \u0111\u1ea5t n\u01b0\u1edbc m\u1eb7t tr\u1eddi m\u1ecdc.<\/p>\n<p><img loading=\"lazy\" decoding=\"async\" class=\"wp-image-34056 aligncenter\" src=\"https:\/\/havamall.com\/wp-content\/uploads\/2024\/03\/pict_2904_1-300x225.jpeg\" alt=\"\" width=\"669\" height=\"502\" \/><\/p>\n<h5 id=\"toc_4_H3\" class=\"toc-heading\"><strong><em>C\u00e1 tr\u00edch \u00e9p tr\u1ee9ng \u0111\u1ecf v\u1ecb g\u1eebng h\u1ed3ng Gari<\/em><\/strong><\/h5>\n<p>V\u1edbi ph\u01b0\u01a1ng ch\u00e2m t\u1ea1o n\u00ean s\u1eafc m\u00e0u cho m\u00f3n \u0103n nh\u01b0ng kh\u00f4ng s\u1eed d\u1ee5ng ph\u1ea9m m\u00e0u \u0111\u1ed9c h\u1ea1i, ng\u01b0\u1eddi Nh\u1eadt \u0111\u00e3 t\u1eadn d\u1ee5ng g\u1eebng h\u1ed3ng \u0111\u1ec3 t\u1ea1o m\u00e0u \u0111\u1ecf s\u1ed1ng \u0111\u1ed9ng cho tr\u1ee9ng c\u00e1 chu\u1ed3n.<\/p>\n<p>Nh\u1edd v\u1eady,\u00a0c\u00e1 tr\u00edch \u00e9p tr\u1ee9ng Nh\u1eadt\u00a0m\u00e0u \u0111\u1ecf c\u00f3 m\u00f9i th\u01a1m d\u1ecbu nh\u1eb9, khi \u0103n t\u1ea1o c\u1ea3m gi\u00e1c \u1ea5m d\u1ea1 d\u00e0y n\u00ean \u0111\u1eb7c bi\u1ec7t th\u00edch h\u1ee3p v\u00e0o nh\u1eefng ng\u00e0y l\u1ea1nh. B\u00ean c\u1ea1nh \u0111\u00f3, m\u00e0u \u0111\u1ecf c\u1ee7a tr\u1ee9ng c\u0169ng r\u1ea5t b\u1eaft m\u1eaft khi b\u00e0i tr\u00ed tr\u00ean b\u00e0n ti\u1ec7c.<\/p>\n<p>V\u00e0 c\u0169ng gi\u1ed1ng nh\u01b0 c\u00e1c qu\u1ed1c gia \u00c1 \u0110\u00f4ng kh\u00e1c, m\u00e0u \u0111\u1ecf trong quan ni\u1ec7m c\u1ee7a ng\u01b0\u1eddi Nh\u1eadt l\u00e0 m\u00e0u c\u1ee7a may m\u1eafn, b\u00ecnh an. \u0110\u00f3 l\u00e0 l\u00fd do c\u00e1 tr\u00edch \u00e9p tr\u1ee9ng m\u00e0u \u0111\u1ecf th\u01b0\u1eddng \u0111\u01b0\u1ee3c l\u1ef1a ch\u1ecdn trong c\u00e1c d\u1ecbp l\u1ec5 h\u1ed9i l\u1edbn hay \u0111\u00e1m c\u01b0\u1edbi t\u1ea1i Nh\u1eadt.<\/p>\n<p><img loading=\"lazy\" decoding=\"async\" class=\"wp-image-34058 aligncenter\" src=\"https:\/\/havamall.com\/wp-content\/uploads\/2024\/03\/B8022-1642836076926-2-300x300.jpeg\" alt=\"\" width=\"644\" height=\"644\" \/><\/p>\n<p><em><strong>C\u00e1 tr\u00edch \u00e9p tr\u1ee9ng xanh v\u1ecb m\u00f9 t\u1ea1t<\/strong><\/em><\/p>\n<p>M\u00e0u m\u00e0u xanh l\u00e1 c\u1ee7a c\u00e1 tr\u00edch \u0111\u01b0\u1ee3c t\u1ea1o ra b\u1eb1ng c\u00e1ch \u01b0\u1edbp tr\u1ee9ng c\u00e1 v\u1edbi Wasabi &#8211; m\u00f9 t\u1ea1t Nh\u1eadt gi\u00fap m\u00f3n \u0103n c\u00f3 m\u00e0u xanh thanh m\u00e1t, gi\u00fap \u0111i\u1ec1u h\u00f2a \u0111\u1ed9 b\u00e9o b\u00f9i c\u1ee7a mi\u1ebfng c\u00e1.<\/p>\n<p>Khi th\u01b0\u1edfng th\u1ee9c, th\u1ef1c kh\u00e1ch s\u1ebd c\u1ea3m nh\u1eadn \u0111\u01b0\u1ee3c h\u01b0\u01a1ng v\u1ecb l\u1ea1 mi\u1ec7ng, v\u00f4 c\u00f9ng h\u1ea5p d\u1eabn v\u1edbi s\u1ef1 g\u00f3p m\u1eb7t c\u1ee7a \u0111\u1ee7 v\u1ecb chua, ng\u1ecdt, cay n\u1ed3ng.<\/p>\n<p>\u0110\u1ed1i v\u1edbi c\u00e1 tr\u00edch \u00e9p tr\u1ee9ng m\u00e0u xanh, ng\u01b0\u1eddi Nh\u1eadt th\u01b0\u1eddng th\u01b0\u1edfng th\u1ee9c \u0111\u1ec3 l\u00e0m d\u1ecbu b\u1edbt c\u00e1i n\u00f3ng, v\u00e0 c\u0169ng m\u1ed9t ph\u1ea7n c\u1ea7u mong cu\u1ed9c s\u1ed1ng su\u00f4n s\u1ebb, thu\u1eadn bu\u1ed3m xu\u00f4i gi\u00f3.<\/p>\n<p><img loading=\"lazy\" decoding=\"async\" class=\"wp-image-34057 aligncenter\" src=\"https:\/\/havamall.com\/wp-content\/uploads\/2024\/03\/B8024-1642835876111-4-300x300.jpeg\" alt=\"\" width=\"688\" height=\"688\" \/><\/p>","protected":false},"excerpt":{"rendered":"<p>TH\u00d4NG TIN CHUNG Th\u01b0\u01a1ng hi\u1ec7u Nissi Xu\u1ea5t x\u1ee9 Nh\u1eadt B\u1ea3n Th\u00e0nh ph\u1ea7n \u00a0C\u00e1 tr\u00edch phi l\u00ea, tr\u1ee9ng c\u00e1 chu\u1ed3n, gi\u1ea5m<\/p>","protected":false},"featured_media":34058,"comment_status":"open","ping_status":"closed","template":"","meta":[],"product_brand":[],"product_cat":[36,275],"product_tag":[],"class_list":{"0":"post-34060","1":"product","2":"type-product","3":"status-publish","4":"has-post-thumbnail","6":"product_cat-thuc-pham-tieu-dung","7":"product_cat-thuc-pham-dong-lanh","9":"first","10":"instock","11":"sale","12":"shipping-taxable","13":"purchasable","14":"product-type-simple"},"_links":{"self":[{"href":"https:\/\/havamall.com\/en\/wp-json\/wp\/v2\/product\/34060","targetHints":{"allow":["GET"]}}],"collection":[{"href":"https:\/\/havamall.com\/en\/wp-json\/wp\/v2\/product"}],"about":[{"href":"https:\/\/havamall.com\/en\/wp-json\/wp\/v2\/types\/product"}],"replies":[{"embeddable":true,"href":"https:\/\/havamall.com\/en\/wp-json\/wp\/v2\/comments?post=34060"}],"version-history":[{"count":0,"href":"https:\/\/havamall.com\/en\/wp-json\/wp\/v2\/product\/34060\/revisions"}],"wp:featuredmedia":[{"embeddable":true,"href":"https:\/\/havamall.com\/en\/wp-json\/wp\/v2\/media\/34058"}],"wp:attachment":[{"href":"https:\/\/havamall.com\/en\/wp-json\/wp\/v2\/media?parent=34060"}],"wp:term":[{"taxonomy":"product_brand","embeddable":true,"href":"https:\/\/havamall.com\/en\/wp-json\/wp\/v2\/product_brand?post=34060"},{"taxonomy":"product_cat","embeddable":true,"href":"https:\/\/havamall.com\/en\/wp-json\/wp\/v2\/product_cat?post=34060"},{"taxonomy":"product_tag","embeddable":true,"href":"https:\/\/havamall.com\/en\/wp-json\/wp\/v2\/product_tag?post=34060"}],"curies":[{"name":"wp","href":"https:\/\/api.w.org\/{rel}","templated":true}]}}