{"id":34124,"date":"2024-03-27T17:30:11","date_gmt":"2024-03-27T10:30:11","guid":{"rendered":"https:\/\/havamall.com\/?post_type=product&#038;p=34124"},"modified":"2025-11-07T11:04:35","modified_gmt":"2025-11-07T04:04:35","slug":"mo-truu-crisco-vegetable-shortening-454g","status":"publish","type":"product","link":"https:\/\/havamall.com\/en\/shop\/mo-truu-crisco-vegetable-shortening-454g\/","title":{"rendered":"M\u1ee1 Tr\u1eebu Crisco Vegetable Shortening 454g"},"content":{"rendered":"<h3><strong>TH\u00d4NG TIN S\u1ea2N PH\u1ea8M<\/strong><\/h3>\n<table>\n<tbody>\n<tr>\n<td>Th\u01b0\u01a1ng hi\u1ec7u<\/td>\n<td>\n<p class=\"title-head\">Crisco<\/p>\n<\/td>\n<\/tr>\n<tr>\n<td>Xu\u1ea5t x\u1ee9<\/td>\n<td>M\u1ef9<\/td>\n<\/tr>\n<tr>\n<td>Th\u00e0nh ph\u1ea7n<\/td>\n<td>Xem tr\u00ean bao b\u00ec<\/td>\n<\/tr>\n<tr>\n<td>H\u1ea1n s\u1eed d\u1ee5ng<\/td>\n<td>24 th\u00e1ng k\u1ec3 t\u1eeb ng\u00e0y s\u1ea3n xu\u1ea5t<\/td>\n<\/tr>\n<tr>\n<td>B\u1ea3o qu\u1ea3n<\/td>\n<td>B\u1ea3o qu\u1ea3n n\u01a1i tho\u00e1ng m\u00e1t, tr\u00e1nh \u00e1nh n\u1eafng tr\u1ef1c ti\u1ebfp<\/td>\n<\/tr>\n<tr>\n<td>Kh\u1ed1i l\u01b0\u1ee3ng<\/td>\n<td>453g<\/td>\n<\/tr>\n<\/tbody>\n<\/table>\n<p><img fetchpriority=\"high\" decoding=\"async\" class=\"wp-image-34129 aligncenter\" src=\"https:\/\/havamall.com\/wp-content\/uploads\/2024\/03\/418298472_777144001120024_3253226880091687064_n-240x300.jpeg\" alt=\"\" width=\"667\" height=\"833\" \/>M\u1ee1 tr\u1eebu (Shortening)\u00a0 l\u00e0 m\u1ed9t lo\u1ea1i nguy\u00ean li\u1ec7u ch\u1ea5t b\u00e9o, t\u1ed3n t\u1ea1i \u1edf d\u1ea1ng th\u1ec3 r\u1eafn v\u00e0 \u0111\u01b0\u1ee3c s\u1ea3n xu\u1ea5t t\u1eeb d\u1ea7u th\u1ef1c v\u1eadt (nh\u01b0 \u0111\u1eadu t\u01b0\u01a1ng, d\u1ea7u h\u1ea1t b\u00f4ng,\u2026) c\u00f3 pha tr\u1ed9n v\u1edbi m\u1ee1 heo. Nhi\u1ec1u ng\u01b0\u1eddi g\u1ecdi shortening l\u00e0 m\u1ee1 c\u1eebu ho\u1eb7c m\u1ee1 tr\u1eebu.<\/p>\n<p><img decoding=\"async\" class=\"wp-image-34130 aligncenter\" src=\"https:\/\/havamall.com\/wp-content\/uploads\/2024\/03\/429962930_821637580003999_5518783486492864467_n-300x300.jpeg\" alt=\"\" width=\"667\" height=\"667\" \/><\/p>\n<p>\u0110\u1eb7c t\u00ednh c\u1ee7a shortening c\u00f3 t\u00ednh d\u1ebbo, x\u1ed1p, m\u00e0u tr\u1eafng \u0111\u1ee5c, b\u1ec1 m\u1eb7t b\u00f3ng m\u1ecbn kh\u00f4ng b\u1ecb n\u1ee9t v\u00e0 th\u01b0\u1eddng n\u00f3ng ch\u1ea3y \u1edf nhi\u1ec7t \u0111\u1ed9 cao. Khi n\u00f3ng ch\u1ea3y, shortening c\u00f3 d\u1ea1ng trong su\u1ed1t, m\u00e0u v\u00e0ng nh\u1ea1t, kh\u00f4ng c\u00f3 m\u00f9i nh\u01b0ng l\u1ea1i c\u00f3 v\u1ecb \u0111\u1eb7c tr\u01b0ng, n\u00ean \u0111\u01b0\u1ee3c d\u00f9ng \u0111\u1ec3 l\u00e0m b\u00e1nh ho\u1eb7c m\u1ed9t s\u1ed1 c\u00f4ng th\u1ee9c n\u1ea5u \u0103n kh\u00e1c.<\/p>\n<p><img decoding=\"async\" class=\"wp-image-34128 aligncenter\" src=\"https:\/\/havamall.com\/wp-content\/uploads\/2024\/03\/417570058_847410850760005_7319977771623714744_n-240x300.jpeg\" alt=\"\" width=\"665\" height=\"831\" \/><\/p>\n<p>Shortening Crisco gi\u00fap t\u1ea1o \u0111\u1ed9 x\u1ed1p v\u00e0 m\u1ec1m cho b\u00e1nh nh\u01b0ng l\u1ea1i kh\u00f4ng c\u00f3 m\u00f9i th\u01a1m nh\u01b0 b\u01a1. \u0110\u1eb7c bi\u1ec7t, s\u1ea3n ph\u1ea9m c\u00f2n c\u00f3 t\u00e1c d\u1ee5ng t\u0103ng nhi\u1ec7t l\u01b0\u1ee3ng, t\u0103ng v\u1ecb ng\u1ecdt v\u00e0 c\u00f3 kh\u1ea3 n\u0103ng b\u00e0o qu\u1ea3n th\u1ee9c \u0103n kh\u00f4ng b\u1ecb h\u1ecfng trong th\u1eddi gian d\u00e0i.<\/p>\n<p><img loading=\"lazy\" decoding=\"async\" class=\"wp-image-34125 aligncenter\" src=\"https:\/\/havamall.com\/wp-content\/uploads\/2024\/03\/275914904_5039335156112169_6553030404643432299_n-240x300.jpeg\" alt=\"\" width=\"662\" height=\"828\" \/><\/p>\n<p>\u0110\u1ed1i v\u1edbi b\u00e1nh cookies, d\u00f9ng shortening s\u1ebd gi\u00fap b\u1ea1n gi\u1eef \u0111\u01b0\u1ee3c d\u00e1ng b\u00e1nh trong l\u00f2 n\u01b0\u1edbng l\u00e2u h\u01a1n b\u01a1, b\u1edfi nhi\u1ec7t \u0111\u1ed9 n\u00f3ng ch\u1ea3y c\u1ee7a shortening r\u1ea5t cao, cho ph\u00e9p c\u1ea5u tr\u00fac c\u1ee7a b\u1ed9t v\u00e0 tr\u1ee9ng \u0111\u01b0\u1ee3c thi\u1ebft l\u1eadp tr\u01b0\u1edbc khi b\u00e1nh cookie b\u1ecb s\u1ee5p xu\u1ed1ng v\u00e0 ch\u1ea3y lan ra.<\/p>\n<p><img loading=\"lazy\" decoding=\"async\" class=\"wp-image-34126 aligncenter\" src=\"https:\/\/havamall.com\/wp-content\/uploads\/2024\/03\/330766485_513899467579358_792776628323949534_n-300x300.jpeg\" alt=\"\" width=\"666\" height=\"666\" \/><\/p>\n<p>C\u00e1c lo\u1ea1i b\u00e1nh c\u00f3 th\u1ec3 s\u1eed d\u1ee5ng Shortening\u00a0Crisco l\u00e0 B\u00e1nh trung thu d\u1ebbo l\u1ea1nh, Pie, Tart, Cookies, Kem b\u00e1nh quy, b\u00e1nh nhi\u1ec1u l\u1edbp nh\u01b0 Pastry\u2026 Shortening c\u00f3 vai tr\u00f2 l\u00e0 ch\u1ea5t b\u00e9o \u0111\u01a1n thu\u1ea7n, gi\u1eef \u1ea9m v\u00e0 \u0111\u1ed9 b\u00e9o cho b\u00e1nh, c\u00f2n h\u01b0\u01a1ng v\u1ecb b\u00e1nh ph\u1ea3i do c\u00e1c nguy\u00ean li\u1ec7u kh\u00e1c. \u0110\u1eb7c bi\u1ec7t, Shortening c\u00f3 th\u1ec3 \u0111\u00e1nh b\u00f4ng th\u00e0nh kem Shortening \u0111\u1ec3 trang tr\u00ed m\u1ed9t s\u1ed1 lo\u1ea1i b\u00e1nh.<\/p>\n<p><img loading=\"lazy\" decoding=\"async\" class=\"wp-image-34127 aligncenter\" src=\"https:\/\/havamall.com\/wp-content\/uploads\/2024\/03\/369721378_696644199170005_3418111715851703970_n-240x300.jpeg\" alt=\"\" width=\"689\" height=\"862\" \/><\/p>","protected":false},"excerpt":{"rendered":"<p>TH\u00d4NG TIN S\u1ea2N PH\u1ea8M Th\u01b0\u01a1ng hi\u1ec7u Crisco Xu\u1ea5t x\u1ee9 M\u1ef9 Th\u00e0nh ph\u1ea7n Xem tr\u00ean bao b\u00ec H\u1ea1n s\u1eed d\u1ee5ng 24<\/p>","protected":false},"featured_media":34131,"comment_status":"open","ping_status":"closed","template":"","meta":[],"product_brand":[],"product_cat":[708,255,720,36],"product_tag":[],"class_list":{"0":"post-34124","1":"product","2":"type-product","3":"status-publish","4":"has-post-thumbnail","6":"product_cat-bo-sua-pho-mai","7":"product_cat-nguyen-lieu-lam-banh","8":"product_cat-nhap-khau-my","9":"product_cat-thuc-pham-tieu-dung","11":"first","12":"instock","13":"sale","14":"shipping-taxable","15":"purchasable","16":"product-type-simple"},"_links":{"self":[{"href":"https:\/\/havamall.com\/en\/wp-json\/wp\/v2\/product\/34124","targetHints":{"allow":["GET"]}}],"collection":[{"href":"https:\/\/havamall.com\/en\/wp-json\/wp\/v2\/product"}],"about":[{"href":"https:\/\/havamall.com\/en\/wp-json\/wp\/v2\/types\/product"}],"replies":[{"embeddable":true,"href":"https:\/\/havamall.com\/en\/wp-json\/wp\/v2\/comments?post=34124"}],"version-history":[{"count":0,"href":"https:\/\/havamall.com\/en\/wp-json\/wp\/v2\/product\/34124\/revisions"}],"wp:featuredmedia":[{"embeddable":true,"href":"https:\/\/havamall.com\/en\/wp-json\/wp\/v2\/media\/34131"}],"wp:attachment":[{"href":"https:\/\/havamall.com\/en\/wp-json\/wp\/v2\/media?parent=34124"}],"wp:term":[{"taxonomy":"product_brand","embeddable":true,"href":"https:\/\/havamall.com\/en\/wp-json\/wp\/v2\/product_brand?post=34124"},{"taxonomy":"product_cat","embeddable":true,"href":"https:\/\/havamall.com\/en\/wp-json\/wp\/v2\/product_cat?post=34124"},{"taxonomy":"product_tag","embeddable":true,"href":"https:\/\/havamall.com\/en\/wp-json\/wp\/v2\/product_tag?post=34124"}],"curies":[{"name":"wp","href":"https:\/\/api.w.org\/{rel}","templated":true}]}}