{"id":34177,"date":"2024-03-29T16:10:35","date_gmt":"2024-03-29T09:10:35","guid":{"rendered":"https:\/\/havamall.com\/?post_type=product&#038;p=34177"},"modified":"2026-03-18T11:35:07","modified_gmt":"2026-03-18T04:35:07","slug":"chanh-day-dong-lanh-havafoodies-1kg-frozen-passion-fruit","status":"publish","type":"product","link":"https:\/\/havamall.com\/en\/shop\/chanh-day-dong-lanh-havafoodies-1kg-frozen-passion-fruit\/","title":{"rendered":"Chanh D\u00e2y \u0110\u00f4ng L\u1ea1nh Havafoodies 1kg &#8211; Frozen Passion Fruit"},"content":{"rendered":"<h2><\/h2>\n<h2><strong>Th\u00f4ng tin s\u1ea3n ph\u1ea9m<\/strong><\/h2>\n<table>\n<tbody>\n<tr>\n<td>Th\u01b0\u01a1ng hi\u1ec7u<\/td>\n<td>Havafoodies<\/td>\n<\/tr>\n<tr>\n<td>Th\u00e0nh ph\u1ea7n<\/td>\n<td>100% chanh d\u00e2y \u0111\u00f4ng l\u1ea1nh<\/td>\n<\/tr>\n<tr>\n<td>H\u1ea1n s\u1eed d\u1ee5ng<\/td>\n<td>18 th\u00e1ng k\u1ec3 t\u1eeb ng\u00e0y s\u1ea3n xu\u1ea5t.<\/td>\n<\/tr>\n<tr>\n<td>B\u1ea3o qu\u1ea3n<\/td>\n<td>B\u1ea3o qu\u1ea3n d\u01b0\u1edbi 18\u0ae6C<\/td>\n<\/tr>\n<tr>\n<td>Kh\u1ed1i l\u01b0\u1ee3ng t\u1ecbnh<\/td>\n<td>1kg<\/td>\n<\/tr>\n<\/tbody>\n<\/table>\n<p dir=\"auto\">Chang d\u00e2y \u0111\u00f4ng l\u1ea1nh l\u00e0 d\u00f2ng s\u1ea3n ph\u1ea9m tr\u00e1i c\u00e2y \u0111\u00f4ng l\u1ea1nh v\u1edbi d\u00e2y chuy\u1ec1n c\u1ea5p \u0111\u00f4ng si\u00eau t\u1ed1c l\u00e0m t\u1eeb tr\u00e1i c\u00e2y t\u1ef1 nhi\u00ean v\u00e0 \u0111\u01b0\u1ee3c l\u1ef1a ch\u1ecdn k\u1ef9 l\u01b0\u1ee1ng, \u0111\u01b0\u1ee3c \u0111\u00f3ng g\u00f3i ti\u1ec7n l\u1ee3i \u0111\u1ec3 ph\u1ee5c v\u1ee5 m\u1ecdi nhu c\u1ea7u s\u1eed d\u1ee5ng su\u1ed1t c\u1ea3 n\u0103m.<\/p>\n<p><img fetchpriority=\"high\" decoding=\"async\" class=\"wp-image-34180 aligncenter\" src=\"https:\/\/havamall.com\/wp-content\/uploads\/2024\/03\/Passion-Fruit-Coulis-Feature-300x300.jpeg\" alt=\"\" width=\"712\" height=\"712\" \/><\/p>\n<div class=\"kvgmc6g5 cxmmr5t8 oygrvhab hcukyx3x c1et5uql ii04i59q\">\n<p dir=\"auto\">Tr\u00e1i c\u00e2y \u0111\u01b0\u1ee3c ch\u1ecdn t\u1eeb nh\u1eefng ngu\u1ed3n v\u00e0 gi\u1ed1ng t\u1ed1t nh\u1ea5t \u0111\u1ea3m b\u1ea3o kh\u00f4ng \u0111\u01b0\u1eddng, kh\u00f4ng ch\u1ea5t t\u1ea1o m\u00f9i, kh\u00f4ng ch\u1ea5t t\u1ea1o m\u00e0u, kh\u00f4ng ch\u1ea5t b\u1ea3o qu\u1ea3n n\u00ean r\u1ea5t an to\u00e0n cho ng\u01b0\u1eddi s\u1eed d\u1ee5ng. S\u1ea3n ph\u1ea9m \u0111\u01b0\u1ee3c l\u00e0m l\u1ea1nh ngay sau khi thu ho\u1ea1ch n\u00ean gi\u1eef \u0111\u01b0\u1ee3c tr\u1ecdn v\u1eb9n h\u01b0\u01a1ng v\u1ecb, \u0111\u1ed9 t\u01b0\u01a1i ngon c\u00f9ng c\u00e1c vitamin, kho\u00e1ng ch\u1ea5t.<\/p>\n<p>Chanh d\u00e2y \u0111\u00f4ng l\u1ea1nh \u0111\u01b0\u1ee3c l\u00e0m t\u1eeb ngu\u1ed3n nguy\u00ean li\u1ec7u ch\u1ecdn l\u1ecdc gi\u1eef c\u1ea3 h\u01b0\u01a1ng v\u1ecb l\u1eabn m\u00e0u s\u1eafc. S\u1ea3n ph\u1ea9m cung c\u1ea5p h\u00e0m l\u01b0\u1ee3ng dinh d\u01b0\u1ee1ng cao cho ng\u01b0\u1eddi ti\u00eau d\u00f9ng.<\/p>\n<p><img decoding=\"async\" class=\"wp-image-34178 aligncenter\" src=\"https:\/\/havamall.com\/wp-content\/uploads\/2024\/03\/Cach-lam-kem-xoai-chanh-day-img_626621c7afb87-200x300.jpeg\" alt=\"\" width=\"709\" height=\"1064\" \/><\/p>\n<p>\u0110\u1ec3 t\u1ea1o ra nh\u1eefng t\u00fai chanh \u0111\u00f4ng l\u1ea1nh, ng\u01b0\u1eddi ta th\u01b0\u1eddng cho l\u1ef1a ch\u1ecdn lo\u1ea1i chanh d\u00e2y t\u1ef1 nhi\u00ean \u0111\u1ea1t ti\u00eau chu\u1ea9n v\u1ec1 k\u00edch th\u01b0\u1edbc v\u00e0 c\u1ea3 m\u00f9i v\u1ecb. \u0110\u00e2y \u0111\u1ec1u l\u00e0 h\u00e0ng tuy\u1ec3n n\u00ean ch\u1ea5t l\u01b0\u1ee3ng l\u00fac n\u00e0o c\u0169ng h\u01a1n h\u1eb3n lo\u1ea1i chanh leo \u0111\u01b0\u1ee3c \u0111\u1ed5 \u0111\u1ed1ng ngo\u00e0i ch\u1ee3 m\u00e0 v\u1eabn hay mua.<\/p>\n<p>V\u00ec v\u1eady, m\u1ed7i khi khui t\u00fai chanh l\u00e0m n\u01b0\u1edbc u\u1ed1ng cho c\u1ea3 gia \u0111\u00ecnh s\u1ebd kh\u00f4ng ai nh\u1eadn ra \u0111\u00e2y l\u00e0 chanh \u0111\u00f4ng l\u1ea1nh. Nh\u1ea5p v\u00e0o m\u1ed9t ng\u1ee5m, ai n\u1ea5y \u0111\u1ec1u c\u1ea3m th\u1ea5y s\u1ea3ng kho\u00e1i khi c\u01a1 th\u1ec3 \u0111\u01b0\u1ee3c cung c\u1ea5p h\u00e0ng lo\u1ea1t h\u00e0m l\u01b0\u1ee3ng dinh d\u01b0\u1ee1ng nh\u01b0 ch\u1ea5t x\u01a1, vitamin, kali,&#8230;<\/p>\n<p><img decoding=\"async\" class=\"wp-image-34181 aligncenter\" src=\"https:\/\/havamall.com\/wp-content\/uploads\/2024\/03\/passion-fruit-mango-sorbet-recipe-112736-1s-12736-300x300.jpeg\" alt=\"\" width=\"709\" height=\"709\" \/><\/p>\n<p>Chanh d\u00e2y \u0111\u00f4ng l\u1ea1nh \u0111\u01b0\u1ee3c chi\u1ebft t\u00e1ch, \u0111\u00f3ng g\u00f3i v\u00e0 v\u1eadn chuy\u1ec3n theo m\u1ed9t quy tr\u00ecnh c\u00f4ng nghi\u1ec7p b\u00e0i b\u1ea3n. Su\u1ed1t qu\u00e1 tr\u00ecnh \u0111\u00f3 s\u1ebd kh\u00f4ng c\u00f3 b\u1ea5t k\u1ef3 m\u1ed9t lo\u00e0i c\u00f4n tr\u00f9ng hay vi khu\u1ea9n n\u00e0o c\u00f3 th\u1ec3 t\u1ea5n c\u00f4ng v\u00e0o b\u00ean trong. Do v\u1eady, v\u1ea5n \u0111\u1ec1 an to\u00e0n v\u1ec7 sinh th\u1ef1c ph\u1ea9m v\u1eabn \u0111\u01b0\u1ee3c \u0111\u1ea3m b\u1ea3o m\u1ed9t c\u00e1ch t\u1ed1i \u0111a.<\/p>\n<p><img loading=\"lazy\" decoding=\"async\" class=\"wp-image-34179 aligncenter\" src=\"https:\/\/havamall.com\/wp-content\/uploads\/2024\/03\/13264492-Salmon-with-fennel-salad-and-a-passion-fruit-and-honey-sauce-300x300.jpeg\" alt=\"\" width=\"711\" height=\"711\" \/><\/p>\n<div class=\"j83agx80\">\n<div class=\"dwo3fsh8 g5ia77u1 rt8b4zig n8ej3o3l agehan2d sk4xxmp2 rq0escxv q9uorilb kvgmc6g5 cxmmr5t8 oygrvhab hcukyx3x jb3vyjys rz4wbd8a qt6c0cv9 a8nywdso l9j0dhe7 i1ao9s8h k4urcfbm\">\n<div class=\"j83agx80 cbu4d94t sj5x9vvc cxgpxx05\">\n<div class=\"rq0escxv l9j0dhe7 du4w35lb j83agx80 pfnyh3mw jifvfom9 ll8tlv6m owycx6da btwxx1t3 hv4rvrfc dati1w0a jb3vyjys b5q2rw42 lq239pai mysgfdmx hddg9phg\">\n<div class=\"rq0escxv l9j0dhe7 du4w35lb j83agx80 cbu4d94t d2edcug0 hpfvmrgz rj1gh0hx buofh1pr g5gj957u o8rfisnq p8fzw8mz pcp91wgn iuny7tx3 ipjc6fyt\">\n<div class=\"j83agx80 cbu4d94t ew0dbk1b irj2b8pg\">\n<div class=\"qzhwtbm6 knvmm38d\">\n<div class=\"j83agx80 cbu4d94t ew0dbk1b irj2b8pg\">\n<div class=\"qzhwtbm6 knvmm38d\">\n<div class=\"kvgmc6g5 cxmmr5t8 oygrvhab hcukyx3x c1et5uql\">\n<div class=\"kvgmc6g5 cxmmr5t8 oygrvhab hcukyx3x c1et5uql ii04i59q\">\n<h2><strong>\u0110\u1eb7c \u0111i\u1ec3m n\u1ed5i b\u1eadt c\u1ee7a s\u1ea3n ph\u1ea9m:<\/strong><\/h2>\n<p>\u2013 C\u00f4ng ngh\u1ec7 l\u00e0m l\u1ea1nh nhanh gi\u00fap gi\u1eef nguy\u00ean v\u1eb9n m\u00f9i v\u1ecb v\u00e0 ch\u1ea5t dinh d\u01b0\u1ee1ng c\u00f3 trong tr\u00e1i c\u00e2y<\/p>\n<p>\u2013 S\u1ea3n ph\u1ea9m \u0111\u01b0\u1ee3c \u0111\u00f3n g\u00f3i d\u1ea1ng h\u1ed9p gi\u00fap b\u1ea3o qu\u1ea3n d\u1ec5 d\u00e0ng h\u01a1n<\/p>\n<p>\u2013 C\u00f3 th\u1ec3 s\u1eed d\u1ee5ng v\u00e0 b\u1ea3o qu\u1ea3n trong th\u1eddi gian d\u00e0i<\/p>\n<\/div>\n<\/div>\n<\/div>\n<\/div>\n<\/div>\n<\/div>\n<\/div>\n<\/div>\n<\/div>\n<\/div>\n<\/div>\n<p>\u2013 \u0110\u01b0\u1ee3c ph\u00e2n lo\u1ea1i t\u1eadn tay v\u00e0 ch\u1ecdn l\u1ecdc ch\u1eb7t ch\u1ebd tr\u01b0\u1edbc khi \u0111\u00f3ng g\u00f3i<\/p>\n<p>\u2013 Tr\u00e1i c\u00e2y \u0111\u01b0\u1ee3c ch\u1ecdn t\u1eeb nh\u1eefng ngu\u1ed3n v\u00e0 gi\u1ed1ng t\u1ed1t nh\u1ea5t<\/p>\n<p><img loading=\"lazy\" decoding=\"async\" class=\"wp-image-34182 aligncenter\" src=\"https:\/\/havamall.com\/wp-content\/uploads\/2024\/03\/maxresdefault-2-300x169.jpeg\" alt=\"\" width=\"730\" height=\"411\" \/><\/p>\n<h2><strong>H\u01b0\u1edbng d\u1eabn s\u1eed d\u1ee5ng:<\/strong><\/h2>\n<p>\u2013 L\u1ea5y l\u01b0\u1ee3ng v\u1eeba \u0111\u1ee7 d\u00f9ng \u0111\u1ec3 ra ngo\u00e0i cho gi\u00e3 \u0111\u00f4ng r\u1ed3i d\u00f9ng ngay. Ho\u1eb7c c\u00f3 th\u1ec3 \u0111\u1ec3 xu\u1ed1ng ng\u0103n m\u00e1t t\u1ee7 l\u1ea1nh (kho\u1ea3ng 1-3 \u0111\u1ed9 C) r\u1ed3i d\u00f9ng d\u1ea7n trong v\u00f2ng 3 ng\u00e0y sau \u0111\u00f3.<\/p>\n<p>\u2013 \u0110\u00e0o \u0111\u00f4ng l\u1ea1nh \u0111\u01b0\u1ee3c d\u00f9ng nh\u01b0 tr\u00e1i c\u00e2y t\u01b0\u01a1i b\u00ecnh th\u01b0\u1eddng: \u0103n k\u00e8m s\u1eefa chua, xay sinh t\u1ed1, l\u00e0m m\u1ee9t, l\u00e0m b\u00e1nh,\u2026ho\u1eb7c d\u00f9ng l\u00e0m n\u01b0\u1edbc s\u1ed1t cho c\u00e1c m\u00f3n \u0103n T\u00e2y \u0111\u1ec1u r\u1ea5t ngon v\u00e0 b\u1ed5 d\u01b0\u1ee1ng.<\/p>\n<\/div>","protected":false},"excerpt":{"rendered":"<p>Th\u00f4ng tin s\u1ea3n ph\u1ea9m Th\u01b0\u01a1ng hi\u1ec7u Havafoodies Th\u00e0nh ph\u1ea7n 100% chanh d\u00e2y \u0111\u00f4ng l\u1ea1nh H\u1ea1n s\u1eed d\u1ee5ng 18 th\u00e1ng k\u1ec3<\/p>","protected":false},"featured_media":34183,"comment_status":"open","ping_status":"closed","template":"","meta":[],"product_brand":[],"product_cat":[730,36,275,684],"product_tag":[],"class_list":{"0":"post-34177","1":"product","2":"type-product","3":"status-publish","4":"has-post-thumbnail","6":"product_cat-cac-nuoc-khac","7":"product_cat-thuc-pham-tieu-dung","8":"product_cat-thuc-pham-dong-lanh","9":"product_cat-trai-cay-dong-lanh","10":"pa_brand-skx","12":"first","13":"instock","14":"sale","15":"shipping-taxable","16":"purchasable","17":"product-type-simple"},"_links":{"self":[{"href":"https:\/\/havamall.com\/en\/wp-json\/wp\/v2\/product\/34177","targetHints":{"allow":["GET"]}}],"collection":[{"href":"https:\/\/havamall.com\/en\/wp-json\/wp\/v2\/product"}],"about":[{"href":"https:\/\/havamall.com\/en\/wp-json\/wp\/v2\/types\/product"}],"replies":[{"embeddable":true,"href":"https:\/\/havamall.com\/en\/wp-json\/wp\/v2\/comments?post=34177"}],"version-history":[{"count":0,"href":"https:\/\/havamall.com\/en\/wp-json\/wp\/v2\/product\/34177\/revisions"}],"wp:featuredmedia":[{"embeddable":true,"href":"https:\/\/havamall.com\/en\/wp-json\/wp\/v2\/media\/34183"}],"wp:attachment":[{"href":"https:\/\/havamall.com\/en\/wp-json\/wp\/v2\/media?parent=34177"}],"wp:term":[{"taxonomy":"product_brand","embeddable":true,"href":"https:\/\/havamall.com\/en\/wp-json\/wp\/v2\/product_brand?post=34177"},{"taxonomy":"product_cat","embeddable":true,"href":"https:\/\/havamall.com\/en\/wp-json\/wp\/v2\/product_cat?post=34177"},{"taxonomy":"product_tag","embeddable":true,"href":"https:\/\/havamall.com\/en\/wp-json\/wp\/v2\/product_tag?post=34177"}],"curies":[{"name":"wp","href":"https:\/\/api.w.org\/{rel}","templated":true}]}}