{"id":34297,"date":"2024-04-12T13:45:08","date_gmt":"2024-04-12T06:45:08","guid":{"rendered":"https:\/\/havamall.com\/?post_type=product&#038;p=34297"},"modified":"2025-05-16T17:09:51","modified_gmt":"2025-05-16T10:09:51","slug":"rong-bien-nguyen-la-dong-lanh-han-quoc-havafoodies-hop-200g-seaweed-frozen","status":"publish","type":"product","link":"https:\/\/havamall.com\/en\/shop\/rong-bien-nguyen-la-dong-lanh-han-quoc-havafoodies-hop-200g-seaweed-frozen\/","title":{"rendered":"Rong Bi\u1ec3n Nguy\u00ean L\u00e1 \u0110\u00f4ng L\u1ea1nh H\u00e0n Qu\u1ed1c Havafoodies H\u1ed9p 200g \u2013 Seaweed Frozen"},"content":{"rendered":"<h2><strong>TH\u00d4NG TIN CHUNG<\/strong><\/h2>\n<table>\n<tbody>\n<tr>\n<td>Th\u01b0\u01a1ng hi\u1ec7u<\/td>\n<td>Havafoodies<\/td>\n<\/tr>\n<tr>\n<td>Xu\u1ea5t x\u1ee9<\/td>\n<td>H\u00e0n Qu\u1ed1c<\/td>\n<\/tr>\n<tr>\n<td>Th\u00e0nh ph\u1ea7n<\/td>\n<td>Rong bi\u1ec3n t\u01b0\u01a1i nguy\u00ean l\u00e1<\/td>\n<\/tr>\n<tr>\n<td>H\u1ea1n s\u1eed d\u1ee5ng<\/td>\n<td>12 th\u00e1ng k\u1ec3 t\u1eeb ng\u00e0y s\u1ea3n xu\u1ea5t.<\/td>\n<\/tr>\n<tr>\n<td>B\u1ea3o qu\u1ea3n<\/td>\n<td>B\u1ea3o qu\u1ea3n \u1edf t\u1ee7 \u0111\u00f4ng -18 \u0111\u1ed9 C<\/td>\n<\/tr>\n<tr>\n<td>\u00a0Kh\u1ed1i l\u01b0\u1ee3ng<\/td>\n<td>200gr<\/td>\n<\/tr>\n<\/tbody>\n<\/table>\n<p>Rong bi\u1ec3n c\u00f2n c\u00f3 t\u00ean g\u1ecdi kh\u00e1c l\u00e0 t\u1ea3o bi\u1ec3n. \u0110\u00e2y l\u00e0 th\u1ef1c ph\u1ea9m l\u00e0nh m\u1ea1nh v\u00e0 c\u00f2n t\u1ed1t cho s\u1ee9c kh\u1ecfe khi \u0111\u01b0\u1ee3c coi l\u00e0 m\u1ed9t lo\u1ea1i th\u1ea3o d\u01b0\u1ee3c. H\u1ea7u h\u1ebft c\u00e1c lo\u1ea1i rong bi\u1ec3n \u0111\u1ec1u d\u1ec5 \u0103n v\u00ec ch\u00fang kh\u00f4ng c\u00f3 v\u1ecb \u0111\u1eafng v\u00e0 m\u1ed9t s\u1ed1 lo\u1ea1i h\u01a1i ng\u1ecdt. Do \u0111\u00f3, t\u1ea1i nhi\u1ec1u Nh\u1eadt, nhi\u1ec1u ng\u01b0\u1eddi c\u00f2n ch\u1ecdn rong bi\u1ec3n \u0111\u1ec3 s\u1eed d\u1ee5ng thay th\u1ebf cho rau h\u00e0ng ng\u00e0y.<\/p>\n<p>Rong Bi\u1ec3n \u0110\u00f4ng L\u1ea1nh 1kg l\u00e0 s\u1ea3n ph\u1ea9m \u0111\u01b0\u1ee3c nh\u1eadp kh\u1ea9u t\u1eeb Nh\u1eadt B\u1ea3n. Rong bi\u1ec3n \u0111\u01b0\u1ee3c thu ho\u1ea1ch v\u00e0 \u0111\u00f3ng g\u00f3i t\u1ea1i v\u00f9ng bi\u1ec3n s\u1ea1ch t\u1ea1i Nh\u1eadt B\u1ea3n. Sau \u0111\u00f3, \u0111\u01b0\u1ee3c c\u1ea5p \u0111\u00f4ng ngay nh\u1eb1m gi\u1eef nguy\u00ean \u0111\u01b0\u1ee3c h\u01b0\u01a1ng v\u1ecb c\u0169ng nh\u01b0 l\u01b0\u1ee3ng d\u01b0\u1ee1ng ch\u1ea5t tr\u1ecdn v\u1eb9n nh\u1ea5t.<\/p>\n<p>S\u1ea3n ph\u1ea9m \u0111\u01b0\u1ee3c \u0111\u00f3ng g\u00f3i c\u1ea9n th\u1eadn v\u1edbi bao b\u00ec \u0111\u1eb9p m\u1eaft, \u0111\u1ea3m b\u1ea3o ti\u00eau chu\u1ea9n an to\u00e0n v\u1ec7 sinh th\u1ef1c ph\u1ea9m. Rong Bi\u1ec3n \u0110\u00f4ng L\u1ea1nh v\u1edbi th\u00e0nh ph\u1ea7n 100% rong bi\u1ec3n t\u01b0\u01a1i, kh\u00f4ng ch\u1ee9a h\u00f3a ch\u1ea5t, ch\u1ea5t b\u1ea3o qu\u1ea3n n\u00ean an to\u00e0n cho ng\u01b0\u1eddi s\u1eed d\u1ee5ng.<\/p>\n<p><img fetchpriority=\"high\" decoding=\"async\" class=\"aligncenter\" src=\"https:\/\/havamall.com\/wp-content\/uploads\/2024\/04\/22.png\" alt=\"C\u00c1CH N\u1ea4U CANH RONG BI\u1ec2N V\u1edaI C\u00c1 CH\u00c9P - NamKwang Food Vi\u1ec7t Nam\" width=\"887\" height=\"887\" \/><\/p>\n<p><strong>Rong Bi\u1ec3n \u0110\u00f4ng L\u1ea1nh 1kg<\/strong>\u00a0cho ph\u00e9p b\u1ea3o qu\u1ea3n \u0111\u01b0\u1ee3c trong th\u1eddi gian d\u00e0i v\u00e0 vi\u1ec7c ch\u1ebf bi\u1ebfn c\u0169ng \u0111\u01a1n gi\u1ea3n. Sau khi r\u00e3 \u0111\u00f4ng, b\u1ea1n c\u00f3 th\u1ec3 s\u1eed d\u1ee5ng rong bi\u1ec3n \u0111\u1ec3 ch\u1ebf bi\u1ebfn th\u00e0nh nhi\u1ec1u m\u00f3n ngon kh\u00e1c nhau nh\u01b0 c\u01a1m cu\u1ed1n rong bi\u1ec3n, g\u1ecfi rong bi\u1ec3n, canh rong bi\u1ec3n, salad rong bi\u1ec3n\u2026<\/p>\n<p>Th\u00f4ng th\u01b0\u1eddng rong bi\u1ec3n th\u01b0\u1eddng \u0111\u01b0\u1ee3c s\u1eed d\u1ee5ng \u0111\u1ec3 l\u00e0m c\u00e1c m\u00f3n salad, canh, s\u00fap, \u2026.ho\u1eb7c c\u00f3 th\u1ec3 d\u00f9ng l\u00e0m m\u00f3n \u0103n k\u00e8m trong c\u00e1c b\u1eefa \u0103n ch\u00ednh c\u1ee7a m\u00ecnh, nh\u01b0ng \u0111\u1ec3 ph\u00e1t huy ch\u1ea5t b\u1ed5 d\u01b0\u1ee1ng b\u1eadc nh\u1ea5t ch\u1ec9 c\u00f3 th\u1ec3 l\u00e0 rong bi\u1ec3n t\u01b0\u01a1i.<\/p>\n<p>D\u00f2ng Salad \u0103n li\u1ec1n cao c\u1ea5p t\u1eeb rong bi\u1ec3n\u00a0cung c\u1ea5p nhi\u1ec1u ch\u1ea5t dinh d\u01b0\u1ee1ng, kho\u00e1ng ch\u1ea5t v\u00f4 c\u00f9ng c\u1ea7n thi\u1ebft cho con ng\u01b0\u1eddi: protein, vitamin c\u00e1c lo\u1ea1i nh\u01b0: A, B12, C v\u00e0 c\u00e1c kho\u00e1ng ch\u1ea5t thi\u1ebft y\u1ebfu kh\u00e1c c\u00f2n l\u1ea1i..<\/p>\n<p>V\u1edbi nh\u1eefng th\u00e0nh ph\u1ea7n \u0111\u01a1n gi\u1ea3n nh\u01b0 rong bi\u1ec3n, d\u1ea5m, d\u1ea7u m\u00e8,\u2026r\u1ea5t t\u1ed1t khi s\u1eed d\u1ee5ng \u0111\u1ec3 khai v\u1ecb cho m\u1ed9t b\u1eefa \u0103n ngon v\u00e0 k\u00edch th\u00edch v\u1ecb gi\u00e1c c\u1ee7a b\u1ea1n m\u00e0 c\u00f2n h\u00f2a h\u1ee3p v\u1edbi h\u1ea7u h\u1ebft t\u1ea5t c\u1ea3 c\u00e1c m\u00f3n \u0103n khi c\u00e1c b\u1ea1n mu\u1ed1n \u0103n k\u00e8m v\u1edbi rong bi\u1ec3n.<\/p>\n<p><img decoding=\"async\" class=\"aligncenter\" src=\"https:\/\/havamall.com\/wp-content\/uploads\/2024\/04\/canh-rong-bien-chay-cach-nau.jpg\" alt=\"R\u1ea5t Hay: C\u00e1ch n\u1ea5u canh rong bi\u1ec3n chay ngon m\u00e1t kh\u00f4ng tanh\" width=\"798\" height=\"449\" \/><\/p>\n<h2><strong>\u01afU \u0110I\u1ec2M C\u1ee6A S\u1ea2N PH\u1ea8M<\/strong><\/h2>\n<ul>\n<li>Si\u00eau ti\u1ebft ki\u1ec7m: S\u1ea3n ph\u1ea9m c\u00f3 th\u1ec3 d\u00f9ng h\u00e0ng ng\u00e0y thay cho l\u01b0\u1ee3ng rau xanh, th\u00edch h\u1ee3p cho tr\u1ebb em, ng\u01b0\u1eddi gi\u00e0, xanh v\u00e0 s\u1ea1ch, kh\u00f4ng ch\u1ea5t b\u1ea3o qu\u1ea3n.<\/li>\n<li>R\u1ea5t ti\u1ec7n l\u1ee3i v\u00e0 th\u00f4ng minh khi d\u00f2ng s\u1ea3n ph\u1ea9m salad rong bi\u1ec3n \u0111\u01b0\u1ee3c chia s\u1eb5n ph\u00f9 h\u1ee3p v\u1edbi 1 b\u1eefa \u0103n gia \u0111\u00ecnh 3-4 ng\u01b0\u1eddi, ho\u1eb7c c\u00f3 th\u1ec3 mang \u0111i du l\u1ecbch ti\u1ec7n l\u1ee3i v\u00e0 nhanh g\u1ecdn.<\/li>\n<li>Nhi\u1ec1u ch\u1ea5t dinh d\u01b0\u1ee1ng v\u00e0 kho\u00e1ng ch\u1ea5t ph\u00f9 h\u1ee3p cho c\u1ea3 gia \u0111\u00ecnh.<\/li>\n<\/ul>\n<p>Ngon nh\u1ea5t khi \u0103n v\u1edbi c\u00e1 h\u1ed3i, c\u00e1c m\u00f3n n\u01b0\u1edbng\u2026 nh\u01b0 1 m\u00f3n salad trong b\u1eefa \u0103n h\u00e0ng ng\u00e0y hay l\u00e0m sushi rong bi\u1ec3n, ngo\u00e0i ra c\u00f3 th\u1ec3 s\u1eed d\u1ee5ng\u00a0<a href=\"https:\/\/havamall.com\/shop\/nuoc-tuong-chuyen-dung-cham-sushi-sashimi-yamamori-200ml-2\/\">n\u01b0\u1edbc t\u01b0\u01a1ng nh\u1eadt<\/a>\u00a0ho\u1eb7c\u00a0<a href=\"https:\/\/havamall.com\/shop\/mu-tat-xanh-hb-cay-nong-tuyp-43g-prepared-wasabi\/\">m\u00f9 t\u1ea1t wasabi<\/a>\u00a0d\u00f9ng chung \u0111\u1ec3 k\u00edch th\u00edch kh\u1ea9u v\u1ecb khi \u0103n. M\u00f3n salad rong bi\u1ec3n c\u0169ng r\u1ea5t \u0111\u01b0\u1ee3c \u01b0a chu\u1ed9ng trong m\u00f9a h\u00e8, v\u1ecb t\u01b0\u01a1i m\u00e1t gi\u00fap gi\u1ea3i nhi\u1ec7t r\u1ea5t t\u1ed1t.<\/p>\n<p><strong><em>Salad rong bi\u1ec3n t\u01b0\u01a1i c\u1ee7a nh\u00e0 Havamall\u00a0<\/em><\/strong>l\u00e0 s\u1ea3n ph\u1ea9m \u0111\u00e3 qua ch\u1ebf bi\u1ebfn v\u00e0 ki\u1ec3m duy\u1ec7t v\u00ec th\u1ebf b\u1ea1n ch\u1ec9 c\u1ea7n b\u01b0\u1edbc r\u00e3 \u0111\u00f4ng l\u00e0 c\u00f3 th\u1ec3 d\u00f9ng \u0111\u01b0\u1ee3c ngay, l\u00e0 1 s\u1ea3n ph\u1ea9m \u0103n k\u00e8m r\u1ea5t ti\u1ec7n l\u1ee3i m\u00e0 b\u1ea5t k\u00ec ai c\u0169ng n\u00ean tr\u1eef s\u1eb5n \u1edf nh\u00e0 nh\u00e9.<\/p>\n<p>&nbsp;<\/p>","protected":false},"excerpt":{"rendered":"<p>TH\u00d4NG TIN CHUNG Th\u01b0\u01a1ng hi\u1ec7u Havafoodies Xu\u1ea5t x\u1ee9 H\u00e0n Qu\u1ed1c Th\u00e0nh ph\u1ea7n Rong bi\u1ec3n t\u01b0\u01a1i nguy\u00ean l\u00e1 H\u1ea1n s\u1eed d\u1ee5ng<\/p>","protected":false},"featured_media":34298,"comment_status":"open","ping_status":"closed","template":"","meta":[],"product_brand":[],"product_cat":[726,701,36,275],"product_tag":[],"class_list":{"0":"post-34297","1":"product","2":"type-product","3":"status-publish","4":"has-post-thumbnail","6":"product_cat-nhap-khau-han-quoc","7":"product_cat-rau-cu","8":"product_cat-thuc-pham-tieu-dung","9":"product_cat-thuc-pham-dong-lanh","10":"pa_brand-skx","12":"first","13":"outofstock","14":"sale","15":"shipping-taxable","16":"purchasable","17":"product-type-simple"},"_links":{"self":[{"href":"https:\/\/havamall.com\/en\/wp-json\/wp\/v2\/product\/34297","targetHints":{"allow":["GET"]}}],"collection":[{"href":"https:\/\/havamall.com\/en\/wp-json\/wp\/v2\/product"}],"about":[{"href":"https:\/\/havamall.com\/en\/wp-json\/wp\/v2\/types\/product"}],"replies":[{"embeddable":true,"href":"https:\/\/havamall.com\/en\/wp-json\/wp\/v2\/comments?post=34297"}],"version-history":[{"count":0,"href":"https:\/\/havamall.com\/en\/wp-json\/wp\/v2\/product\/34297\/revisions"}],"wp:featuredmedia":[{"embeddable":true,"href":"https:\/\/havamall.com\/en\/wp-json\/wp\/v2\/media\/34298"}],"wp:attachment":[{"href":"https:\/\/havamall.com\/en\/wp-json\/wp\/v2\/media?parent=34297"}],"wp:term":[{"taxonomy":"product_brand","embeddable":true,"href":"https:\/\/havamall.com\/en\/wp-json\/wp\/v2\/product_brand?post=34297"},{"taxonomy":"product_cat","embeddable":true,"href":"https:\/\/havamall.com\/en\/wp-json\/wp\/v2\/product_cat?post=34297"},{"taxonomy":"product_tag","embeddable":true,"href":"https:\/\/havamall.com\/en\/wp-json\/wp\/v2\/product_tag?post=34297"}],"curies":[{"name":"wp","href":"https:\/\/api.w.org\/{rel}","templated":true}]}}