{"id":34382,"date":"2024-04-18T15:40:21","date_gmt":"2024-04-18T08:40:21","guid":{"rendered":"https:\/\/havamall.com\/?post_type=product&#038;p=34382"},"modified":"2025-03-18T11:49:33","modified_gmt":"2025-03-18T04:49:33","slug":"pho-mai-burrata-va-sot-pecorino-tieu-den-iqf-casa-r-160g","status":"publish","type":"product","link":"https:\/\/havamall.com\/en\/shop\/pho-mai-burrata-va-sot-pecorino-tieu-den-iqf-casa-r-160g\/","title":{"rendered":"Ph\u00f4 Mai Burrata V\u00e0 S\u1ed1t Pecorino Ti\u00eau \u0110en IQF Casa.R 160g"},"content":{"rendered":"<h2><strong>TH\u00d4NG TIN CHUNG<\/strong><\/h2>\n<table>\n<tbody>\n<tr>\n<td>Th\u01b0\u01a1ng hi\u1ec7u<\/td>\n<td>\n<p class=\"product_title entry-title\">Casa Rinaldi<\/p>\n<\/td>\n<\/tr>\n<tr>\n<td>Xu\u1ea5t x\u1ee9<\/td>\n<td>\u00dd<\/td>\n<\/tr>\n<tr>\n<td>Th\u00e0nh ph\u1ea7n<\/td>\n<td>\u00a0S\u1eefa b\u00f2 thanh tr\u00f9ng kem s\u1eefa ti\u1ec7c tr\u00f9ng UHT, mu\u1ed1i, rennet t\u1eeb vi sinh v\u1eadt, men lactic, ch\u1ea5t \u0111i\u1ec1u ch\u1ec9nh \u0111\u1ed9 acid,\u2026<\/td>\n<\/tr>\n<tr>\n<td>H\u1ea1n s\u1eed d\u1ee5ng<\/td>\n<td>18 th\u00e1ng k\u1ec3 t\u1eeb ng\u00e0y s\u1ea3n xu\u1ea5t.<\/td>\n<\/tr>\n<tr>\n<td>B\u1ea3o qu\u1ea3n<\/td>\n<td>Tr\u1eef \u0111\u00f4ng \u1edf nhi\u1ec7t \u0111\u1ed9 -18\u00b0C<\/td>\n<\/tr>\n<tr>\n<td>Kh\u1ed1i l\u01b0\u1ee3ng<\/td>\n<td>200g<\/td>\n<\/tr>\n<\/tbody>\n<\/table>\n<h2><strong>PH\u00d4 MAI BURRATA\u00a0<\/strong><\/h2>\n<p>N\u1ebfu l\u00e0 m\u1ed9t t\u00edn \u0111\u1ed3 c\u1ee7a nh\u1eefng m\u00f3n ph\u00f4 mai b\u00e9o th\u01a1m \u0111\u1ebfn t\u1eeb \u00dd th\u00ec ch\u1eafc h\u1eb3n b\u1ea1n s\u1ebd kh\u00f4ng th\u1ec3 kh\u00f4ng bi\u1ebft \u0111\u1ebfn Burrata, lo\u1ea1i ph\u00f4 mai \u0111\u01b0\u1ee3c xem l\u00e0 h\u1ea3o h\u1ea1ng nh\u1ea5t c\u1ee7a n\u1ec1n \u1ea9m th\u1ef1c n\u01b0\u1edbc n\u00e0y. Ph\u00f4 mai Burrata kh\u00f4ng c\u1ea7u k\u00ec, ph\u1ee9c t\u1ea1p trong c\u00e1ch \u1ee7, ch\u1ebf bi\u1ebfn nh\u01b0 nh\u1eefng \u201cng\u01b0\u1eddi h\u1ecd h\u00e0ng\u201d kh\u00e1c n\u00ean nh\u1edd \u0111\u00f3 m\u00e0 h\u1ea5p d\u1eabn th\u1ef1c kh\u00e1ch \u1edf c\u00e1i t\u01b0\u01a1i ngon, tinh t\u1ebf trong t\u1eebng kh\u1ea9u v\u1ecb.<\/p>\n<p>Burrata l\u00e0 m\u1ed9t lo\u1ea1i ph\u00f4 mai t\u01b0\u01a1i c\u1ee7a \u00dd, \u0111\u01b0\u1ee3c l\u00e0m t\u1eeb Mozzarella v\u00e0 kem t\u01b0\u01a1i. Trong ti\u1ebfng \u00dd, Burrata c\u00f3 ngh\u0129a l\u00e0 \u201cB\u01a1\u201d, \u0111\u00fang nh\u01b0 \u00fd ngh\u0129a t\u00ean g\u1ecdi, h\u01b0\u01a1ng v\u1ecb b\u00e9o ng\u1eady v\u00e0 k\u1ebft c\u1ea5u m\u1ec1m m\u1ecbn nh\u01b0 b\u01a1 c\u1ee7a Burrata c\u00f3 th\u1ec3 l\u00e0m xi\u00eau l\u00f2ng b\u1ea5t c\u1ee9 th\u1ef1c kh\u00e1ch s\u00e0nh \u0103n n\u00e0o.<\/p>\n<p>Ph\u00f4 Mai Pecorino, m\u1ed9t trong nh\u1eefng lo\u1ea1i ph\u00f4 mai \u0111\u1eb7c tr\u01b0ng c\u1ee7a \u00dd, \u0111\u00e3 tr\u1edf th\u00e0nh m\u1ed9t nguy\u00ean li\u1ec7u tuy\u1ec7t v\u1eddi trong nhi\u1ec1u m\u00f3n \u0103n tr\u00ean to\u00e0n th\u1ebf gi\u1edbi. \u0110\u1eb7c bi\u1ec7t, phi\u00ean b\u1ea3n d\u1ea1ng Burrata n\u00e0y kh\u00f4ng ch\u1ec9 mang \u0111\u1ebfn h\u01b0\u01a1ng v\u1ecb \u0111\u1ed9c \u0111\u00e1o m\u00e0 c\u00f2n cung c\u1ea5p s\u1ef1 ti\u1ec7n l\u1ee3i cho b\u1ea5t k\u1ef3 \u0111\u1ea7u b\u1ebfp n\u00e0o.<\/p>\n<p><img fetchpriority=\"high\" decoding=\"async\" class=\"wp-image-34383 aligncenter\" src=\"https:\/\/havamall.com\/wp-content\/uploads\/2024\/04\/llll-300x200.png\" alt=\"\" width=\"570\" height=\"380\" \/><\/p>\n<p>V\u1ecf b\u00ean ngo\u00e0i c\u1ee7a Burrata l\u00e0 Mozzarella, l\u1edbp nh\u00e2n b\u00ean trong l\u00e0 s\u1ef1 h\u00f2a quy\u1ec7n ho\u00e0n h\u1ea3o c\u1ee7a Mozzarella v\u00e0 kem t\u01b0\u01a1i. Khi c\u1eaft l\u1edbp v\u1ecf, h\u1ed7n h\u1ee3p kem m\u1ecbn s\u1ebd t\u1eeb t\u1eeb \u1ee9a ra, mang l\u1ea1i v\u1ecb ngon \u0111\u1eadm \u0111\u00e0 kh\u00f3 c\u01b0\u1ee1ng. Burrata th\u01b0\u1eddng \u0111\u01b0\u1ee3c d\u00f9ng \u0111\u1ec3 n\u1ea5u v\u1edbi c\u00e1c lo\u1ea1i gi\u00e1p x\u00e1c, rau rocket, \u1ee9c g\u00e0, n\u1ea5m, b\u01a1,c\u00e1 ng\u1eeb..<\/p>\n<div class=\"VCSortableInPreviewMode LayoutAlbumWrapper alignJustify noCaption\">\n<div class=\"LayoutAlbumContent\">\n<div class=\"LayoutAlbumRow\">\n<figure class=\"LayoutAlbumItem\"><img decoding=\"async\" class=\"aligncenter\" src=\"https:\/\/havamall.com\/wp-content\/uploads\/2024\/04\/27-1080x675.jpg\" alt=\"Tomato &amp; Burrata Salad | My Market Kitchen\" width=\"742\" height=\"464\" \/><\/figure>\n<\/div>\n<\/div>\n<\/div>\n<p>Khi \u0103n b\u1ea1n ch\u1ec9 c\u1ea7n c\u1eaft nh\u1eb9 l\u1edbp v\u1ecf m\u1ecfng, khi \u0111\u00f3 nh\u00e2n kem c\u00f9ng s\u1eefa tan ch\u1ea3y k\u00e8m v\u1edbi \u0111\u00f3 l\u00e0 h\u01b0\u01a1ng th\u01a1m t\u1ecfa ra h\u1ea5p d\u1eabn. N\u1ebfu tr\u1ed9n c\u00f9ng c\u00e1c m\u00f3n salad, rau c\u1ee7 th\u00ec m\u00f3n \u0103n s\u1ebd nh\u01b0 \u0111\u01b0\u1ee3c ti\u1ebfp th\u00eam h\u01b0\u01a1ng v\u1ecb, c\u00f2n khi \u0111i c\u00f9ng v\u1edbi \u0111\u0129a m\u00ec \u00dd th\u00ec c\u00e1i t\u01b0\u01a1i m\u1edbi s\u1ebd lan t\u1ecfa trong t\u1eebng s\u1ee3i m\u00ec. Ho\u1eb7c kh\u00f4ng, b\u1ea1n c\u00f3 th\u1ec3 \u0103n c\u00f9ng pizza, khi \u1ea5y chi\u1ebfc b\u00e1nh v\u1eeba th\u01a1m v\u1eeba d\u1ec5 \u0103n v\u00e0 thoang tho\u1ea3ng ch\u00fat ng\u1ecdt, ch\u00fat b\u00e9o k\u00edch th\u00edch v\u1ecb gi\u00e1c.<\/p>\n<h2><strong>G\u1ee2I \u00dd M\u1ed8T S\u1ed0 M\u00d3N \u0102N T\u1eea PH\u00d4 MAI BURRATA<\/strong><\/h2>\n<p>\u2013 Ng\u01b0\u1eddi \u00dd s\u1eed d\u1ee5ng Burrata r\u1ea5t ph\u1ed5 bi\u1ebfn trong \u1ea9m th\u1ef1c c\u1ee7a h\u1ecd b\u1edfi v\u00ec m\u00f3n \u0103n n\u00e0y kh\u00f4ng d\u1ec5 g\u00e2y ng\u1ea5y nh\u01b0 nh\u1eefng m\u00f3n ph\u00f4 mai kh\u00e1c m\u00e0 c\u00f2n l\u00e0m b\u1eefa \u0103n th\u00eam h\u1ea5p d\u1eabn.<\/p>\n<p>\u2013 \u0102n s\u00e1ng c\u00f9ng b\u00e1nh m\u00ec n\u01b0\u1edbng, th\u1ecbt x\u00f4ng kh\u00f3i, c\u00e0 chua t\u01b0\u01a1i, d\u1ea7u olive ho\u1eb7c \u0111\u00f4i khi ch\u1ec9 c\u1ea7n r\u1eafc m\u1ed9t ch\u00fat ti\u00eau l\u00ean l\u00e0 c\u00f3 th\u1ec3 th\u01b0\u1edfng th\u1ee9c m\u00f3n ngay.<\/p>\n<p>\u2013 Tr\u1ed9n c\u00f9ng c\u00e1c m\u00f3n salad, rau c\u1ee7 .<\/p>\n<p>\u2013 \u0102n c\u00f9ng pizza.<\/p>\n<p><img decoding=\"async\" class=\"aligncenter\" src=\"https:\/\/havamall.com\/wp-content\/uploads\/2024\/04\/CUCCINA_09-09-2021pmonetta-1453-1-2-1-1-1130x820.jpg\" alt=\"Burrata from Paris - Cucina\" width=\"488\" height=\"354\" \/><\/p>\n<h2>\u00a0<strong>H\u01af\u1edaNG D\u1eaaN S\u1eec D\u1ee4NG:<\/strong><\/h2>\n<p>D\u00f9ng \u0111\u1ec3 n\u1ea5u n\u01b0\u1edbng, l\u00e0m nguy\u00ean li\u1ec7u cho c\u00e1c m\u00f3n \u0103n. R\u00e3 \u0111\u00f4ng \u1edf 4\u00b0C trong 32-48\u00a0gi\u1edd. Khi \u0111\u00e3 r\u00e3 \u0111\u00f4ng, b\u1ea3o qu\u1ea3n \u1edf 4\u00b0C v\u00e0 s\u1eed d\u1ee5ng trong v\u00f2ng 4 ng\u00e0y v\u00e0 kh\u00f4ng \u0111\u01b0\u1ee3c t\u00e1i c\u1ea5p \u0111\u00f4ng s\u1ea3n ph\u1ea9m. S\u1eed d\u1ee5ng trong 24h sau khi m\u1edf h\u1ed9p.<\/p>","protected":false},"excerpt":{"rendered":"<p>TH\u00d4NG TIN CHUNG Th\u01b0\u01a1ng hi\u1ec7u Casa Rinaldi Xu\u1ea5t x\u1ee9 \u00dd Th\u00e0nh ph\u1ea7n \u00a0S\u1eefa b\u00f2 thanh tr\u00f9ng kem s\u1eefa ti\u1ec7c tr\u00f9ng<\/p>","protected":false},"featured_media":34384,"comment_status":"open","ping_status":"closed","template":"","meta":[],"product_brand":[],"product_cat":[724,36,275],"product_tag":[],"class_list":{"0":"post-34382","1":"product","2":"type-product","3":"status-publish","4":"has-post-thumbnail","6":"product_cat-nhap-khau-y","7":"product_cat-thuc-pham-tieu-dung","8":"product_cat-thuc-pham-dong-lanh","10":"first","11":"instock","12":"sale","13":"shipping-taxable","14":"purchasable","15":"product-type-simple"},"_links":{"self":[{"href":"https:\/\/havamall.com\/en\/wp-json\/wp\/v2\/product\/34382","targetHints":{"allow":["GET"]}}],"collection":[{"href":"https:\/\/havamall.com\/en\/wp-json\/wp\/v2\/product"}],"about":[{"href":"https:\/\/havamall.com\/en\/wp-json\/wp\/v2\/types\/product"}],"replies":[{"embeddable":true,"href":"https:\/\/havamall.com\/en\/wp-json\/wp\/v2\/comments?post=34382"}],"version-history":[{"count":0,"href":"https:\/\/havamall.com\/en\/wp-json\/wp\/v2\/product\/34382\/revisions"}],"wp:featuredmedia":[{"embeddable":true,"href":"https:\/\/havamall.com\/en\/wp-json\/wp\/v2\/media\/34384"}],"wp:attachment":[{"href":"https:\/\/havamall.com\/en\/wp-json\/wp\/v2\/media?parent=34382"}],"wp:term":[{"taxonomy":"product_brand","embeddable":true,"href":"https:\/\/havamall.com\/en\/wp-json\/wp\/v2\/product_brand?post=34382"},{"taxonomy":"product_cat","embeddable":true,"href":"https:\/\/havamall.com\/en\/wp-json\/wp\/v2\/product_cat?post=34382"},{"taxonomy":"product_tag","embeddable":true,"href":"https:\/\/havamall.com\/en\/wp-json\/wp\/v2\/product_tag?post=34382"}],"curies":[{"name":"wp","href":"https:\/\/api.w.org\/{rel}","templated":true}]}}