{"id":34578,"date":"2024-05-24T15:37:46","date_gmt":"2024-05-24T08:37:46","guid":{"rendered":"https:\/\/havamall.com\/?post_type=product&#038;p=34578"},"modified":"2026-03-18T12:55:10","modified_gmt":"2026-03-18T05:55:10","slug":"khoai-tay-chien-hinh-mat-cuoi-bem-brazil-1-05kg-frozen-smiles-potatoes","status":"publish","type":"product","link":"https:\/\/havamall.com\/en\/shop\/khoai-tay-chien-hinh-mat-cuoi-bem-brazil-1-05kg-frozen-smiles-potatoes\/","title":{"rendered":"Khoai T\u00e2y Chi\u00ean H\u00ecnh M\u1eb7t C\u01b0\u1eddi Bem Brazil 400g &#8211; Frozen Smiles Potatoes"},"content":{"rendered":"<h2><strong>TH\u00d4NG TIN CHUNG<\/strong><\/h2>\n<div dir=\"auto\">\n<div dir=\"auto\">\n<table style=\"width: 56%; height: 236px;\">\n<tbody>\n<tr>\n<td>Th\u01b0\u01a1ng hi\u1ec7u<\/td>\n<td>Bem Brazil<\/td>\n<\/tr>\n<tr>\n<td>Xu\u1ea5t x\u1ee9 th\u01b0\u01a1ng hi\u1ec7u<\/td>\n<td>Brazil<\/td>\n<\/tr>\n<tr>\n<td>H\u1ea1n s\u1eed d\u1ee5ng<\/td>\n<td>18 th\u00e1ng k\u1ec3 t\u1eeb ng\u00e0y s\u1ea3n xu\u1ea5t<\/td>\n<\/tr>\n<tr>\n<td>H\u01b0\u1edbng d\u1eabn b\u1ea3o qu\u1ea3n<\/td>\n<td>B\u1ea3o qu\u1ea3n nhi\u1ec7t \u0111\u1ed9 \u0111\u00f4ng l\u1ea1nh<\/td>\n<\/tr>\n<tr>\n<td>H\u01b0\u1edbng d\u1eabn s\u1eed d\u1ee5ng<\/td>\n<td>D\u00f9ng \u0111\u1ec3 n\u1ea5u \u0103n<\/td>\n<\/tr>\n<tr>\n<td>Xu\u1ea5t x\u1ee9<\/td>\n<td>Brazil<\/td>\n<\/tr>\n<tr>\n<td>Tr\u1ecdng l\u01b0\u1ee3ng s\u1ea3n ph\u1ea9m<\/td>\n<td>400g<\/td>\n<\/tr>\n<tr>\n<td>Quy c\u00e1ch \u0111\u00f3ng g\u00f3i<\/td>\n<td>T\u00fai nh\u1ef1a<\/td>\n<\/tr>\n<tr>\n<td>Th\u00e0nh ph\u1ea7n<\/td>\n<td>Xem tr\u00ean bao b\u00ec<\/td>\n<\/tr>\n<\/tbody>\n<\/table>\n<p><strong>Khoai t\u00e2y chi\u00ean h\u00ecnh m\u1eb7t c\u01b0\u1eddi!\u00a0<\/strong>Nghe t\u00ean th\u00f4i \u0111\u00e3 th\u1ea5y vui, hu\u1ed1ng chi l\u1ea1i \u0111\u01b0\u1ee3c ng\u1eafm nh\u00ecn v\u00e0 th\u01b0\u1edfng th\u1ee9c phi\u00ean b\u1ea3n chips v\u1edbi \u0111\u1ee7 ki\u1ec3u c\u01b0\u1eddi s\u1ed1ng \u0111\u1ed9ng, v\u1eeba h\u1ea5p d\u1eabn v\u1eeba th\u00fa v\u1ecb, khi\u1ebfn cho c\u1ea3 tr\u1ebb em v\u00e0 ng\u01b0\u1eddi l\u1edbn \u0111\u1ec1u th\u00edch!<\/p>\n<p><strong>Khoai t\u00e2y chi\u00ean h\u00ecnh m\u1eb7t c\u01b0\u1eddi Bem Brasil<\/strong>\u00a0l\u00e0 lo\u1ea1i\u00a0khoai t\u00e2y \u0111\u00f4ng l\u1ea1nh\u00a0nh\u1eadp kh\u1ea9u tr\u1ef1c ti\u1ebfp t\u1eeb Brazil. Khoai t\u00e2y \u0111\u01b0\u1ee3c l\u1ea5y t\u1eeb ngu\u1ed3n nguy\u00ean li\u1ec7u \u0111\u1ea1t chu\u1ea9n ch\u1ea5t l\u01b0\u1ee3ng v\u1edbi nh\u1eefng c\u1ee7 khoai v\u00e0ng to, c\u1ee9ng ch\u1eafc v\u00e0 tr\u01a1n l\u00e1ng. Tr\u1ea3i qua qu\u00e1 tr\u00ecnh l\u00e0m s\u1ea1ch, b\u00e0o v\u1ecf v\u00e0\u00a0t\u1ea1o h\u00ecnh th\u00e0nh nh\u1eefng mi\u1ebfng khoai t\u00e2y m\u1eb7t c\u01b0\u1eddi d\u1ec5 th\u01b0\u01a1ng v\u1edbi c\u00e1c ki\u1ec3u c\u01b0\u1eddi nh\u01b0<em>\u00a0c\u01b0\u1eddi t\u00edt m\u1eaft, c\u01b0\u1eddi vui t\u01b0\u01a1i, c\u01b0\u1eddi \u0111\u00e1ng y\u00eau<\/em>\u00a0g\u00f3p ph\u1ea7n l\u00e0m cho m\u00f3n \u0103n th\u00eam \u0111\u1eb7c s\u1eafc.<\/p>\n<div><img fetchpriority=\"high\" decoding=\"async\" class=\"aligncenter\" src=\"https:\/\/havamall.com\/wp-content\/uploads\/2024\/05\/Khoai-tay-chien-hinh-mat-cuoi_2_480x480.jpg\" alt=\"Khoai t\u00e2y chi\u00ean h\u00ecnh m\u1eb7t c\u01b0\u1eddi \u0111\u00f4ng l\u1ea1nh Bem Brasil 1.05kg - T\u00e8obokki Store\" width=\"561\" height=\"701\" \/><\/div>\n<p>Khoai t\u00e2y \u0111\u01b0\u1ee3c ch\u1ebf bi\u1ebfn b\u1eb1ng c\u00f4ng ngh\u1ec7 chi\u00ean v\u00e0 s\u1ea5y kh\u00f4 \u0111\u1eb7c bi\u1ec7t r\u1ed3i \u0111\u01b0\u1ee3c c\u1ea5p \u0111\u00f4ng nhanh ch\u00f3ng, \u0111\u1ea3m b\u1ea3o gi\u1eef \u0111\u01b0\u1ee3c \u0111\u1ed9 gi\u00f2n t\u01b0\u01a1i c\u1ee7a khoai t\u00e2y. Khoai t\u00e2y chi\u00ean c\u00f3 th\u1ec3 ch\u1ea5m c\u00f9ng v\u1edbi c\u00e1c lo\u1ea1i t\u01b0\u01a1ng s\u1ed1t ph\u1ed5 bi\u1ebfn nh\u01b0 t\u01b0\u01a1ng c\u00e0 (ketchup), t\u01b0\u01a1ng \u1edbt, mayonnaise, m\u00f9 t\u1ea1t m\u1eadt ong, s\u1ed1t ph\u00f4 mai,\u2026<\/p>\n<p>Ho\u1eb7c r\u1eafc c\u00f9ng c\u00e1c lo\u1ea1i b\u1ed9t gia v\u1ecb \u0111ang hot hi\u1ec7n nay nh\u01b0 b\u1ed9t ph\u00f4 mai, b\u1ed9t x\u00ed mu\u1ed9i, b\u1ed9t tr\u1ee9ng mu\u1ed1i,\u2026Ngo\u00e0i d\u00f9ng l\u00e0m m\u00f3n \u0103n v\u1eb7t, \u0103n k\u00e8m v\u1edbi nh\u1eefng b\u1eefa ch\u00ednh th\u00ec French fries c\u0169ng l\u00e0 m\u1ed9t nguy\u00ean li\u1ec7u ch\u1ebf bi\u1ebfn \u0111\u01b0\u1ee3c nhi\u1ec1u m\u00f3n th\u00fa v\u1ecb kh\u00e1c nh\u01b0 pizza khoai t\u00e2y chi\u00ean, salad khoai t\u00e2y chi\u00ean, sandwich k\u1eb9p khoai t\u00e2y,\u2026<\/p>\n<p><strong><img decoding=\"async\" class=\" wp-image-34579 aligncenter\" src=\"https:\/\/havamall.com\/wp-content\/uploads\/2024\/05\/564-300x200.png\" alt=\"\" width=\"690\" height=\"460\" \/><\/strong><\/p>\n<p><strong>Th\u00e0nh ph\u1ea7n:<\/strong>\u00a0Khoai t\u00e2y 96%, v\u1ee5n khoai t\u00e2y 1%, d\u1ea7u th\u1ef1c v\u1eadt, mu\u1ed1i, gia v\u1ecb v\u00e0 ch\u1ea5t \u1ed5n \u0111\u1ecbnh [INS 464, INS 466 v\u00e0 INS 450(i)]<\/p>\n<p><strong>Kh\u1ed1i l\u01b0\u1ee3ng t\u1ecbnh:<\/strong> 400g \/ g\u00f3i<\/p>\n<p><strong>B\u1ea3o qu\u1ea3n:<\/strong>\u00a0Ng\u0103n \u0111\u00f4ng t\u1ee7 l\u1ea1nh ho\u1eb7c \u1edf nhi\u1ec7t \u0111\u1ed9 d\u01b0\u1edbi -18 \u0111\u1ed9 C<\/p>\n<p><strong>H\u01b0\u1edbng d\u1eabn s\u1eed d\u1ee5ng:\u00a0<\/strong>(Th\u1eddi gian n\u1ea5u cho 400g khoai t\u00e2y, \u0111i\u1ec1u ch\u1ec9nh th\u1eddi gian khi n\u1ea5u v\u1edbi s\u1ed1 l\u01b0\u1ee3ng nh\u1ecf ho\u1eb7c l\u1edbn h\u01a1n)<\/p>\n<ul>\n<li><strong>N\u1ed3i chi\u00ean:\u00a0<\/strong>L\u00e0m n\u00f3ng d\u1ea7u \u1edf nhi\u1ec7t \u0111\u1ed9 175 ~ 180 \u0111\u1ed9 C, cho khoai t\u00e2y v\u00e0o v\u1ee3t chi\u00ean. Chi\u00ean kho\u1ea3ng t\u1eeb 2~3 ph\u00fat cho khoai t\u00e2y chuy\u1ec3n sang m\u00e0u v\u00e0ng. L\u00e0m r\u00e1o d\u1ea7u tr\u01b0\u1edbc khi d\u00f9ng<\/li>\n<li><strong>Ch\u1ea3o chi\u00ean:\u00a0<\/strong>Chi\u00ean kho\u1ea3ng t\u1eeb 3~5 ph\u00fat cho khoai t\u00e2y chuy\u1ec3n sang m\u00e0u v\u00e0ng. L\u00e0m r\u00e1o d\u1ea7u tr\u01b0\u1edbc khi d\u00f9ng.<\/li>\n<li><strong>L\u00f2 n\u01b0\u1edbng:\u00a0<\/strong>L\u00e0m n\u00f3ng l\u00f2 trong v\u00e0i ph\u00fat, b\u1ecf khoai t\u00e2y v\u00e0o khay n\u01b0\u1edbng v\u00e0 kh\u00f4ng c\u1ea7n th\u00eam d\u1ea7u. N\u01b0\u1edbng cho \u0111\u1ebfn khi khoai t\u00e2y chuy\u1ec3n sang m\u00e0u v\u00e0ng<\/li>\n<li><strong>N\u1ed3i chi\u00ean kh\u00f4ng d\u1ea7u:\u00a0<\/strong>L\u00e0m n\u00f3ng n\u1ed3i t\u1eeb 3~5 ph\u00fat, cho khoai t\u00e2y v\u00e0o khay v\u00e0 chi\u00ean trong v\u00f2ng t\u1eeb 8~12 ph\u00fat \u1edf nhi\u1ec7t \u0111\u1ed9 200 \u0111\u1ed9 C. \u0110\u1ea3o \u0111\u1ec1u khay m\u1ed7i 5 ph\u00fat<\/li>\n<\/ul>\n<p><strong>Xu\u1ea5t x\u1ee9:<\/strong>\u00a0Brazil<\/p>\n<\/div>\n<\/div>\n","protected":false},"excerpt":{"rendered":"<p>TH\u00d4NG TIN CHUNG Th\u01b0\u01a1ng hi\u1ec7u Bem Brazil Xu\u1ea5t x\u1ee9 th\u01b0\u01a1ng hi\u1ec7u Brazil H\u1ea1n s\u1eed d\u1ee5ng 18 th\u00e1ng k\u1ec3 t\u1eeb ng\u00e0y<\/p>","protected":false},"featured_media":34580,"comment_status":"open","ping_status":"closed","template":"","meta":[],"product_brand":[],"product_cat":[701,36,275],"product_tag":[],"class_list":{"0":"post-34578","1":"product","2":"type-product","3":"status-publish","4":"has-post-thumbnail","6":"product_cat-rau-cu","7":"product_cat-thuc-pham-tieu-dung","8":"product_cat-thuc-pham-dong-lanh","9":"pa_brand-bembrasil","11":"first","12":"outofstock","13":"sale","14":"shipping-taxable","15":"purchasable","16":"product-type-simple"},"_links":{"self":[{"href":"https:\/\/havamall.com\/en\/wp-json\/wp\/v2\/product\/34578","targetHints":{"allow":["GET"]}}],"collection":[{"href":"https:\/\/havamall.com\/en\/wp-json\/wp\/v2\/product"}],"about":[{"href":"https:\/\/havamall.com\/en\/wp-json\/wp\/v2\/types\/product"}],"replies":[{"embeddable":true,"href":"https:\/\/havamall.com\/en\/wp-json\/wp\/v2\/comments?post=34578"}],"version-history":[{"count":0,"href":"https:\/\/havamall.com\/en\/wp-json\/wp\/v2\/product\/34578\/revisions"}],"wp:featuredmedia":[{"embeddable":true,"href":"https:\/\/havamall.com\/en\/wp-json\/wp\/v2\/media\/34580"}],"wp:attachment":[{"href":"https:\/\/havamall.com\/en\/wp-json\/wp\/v2\/media?parent=34578"}],"wp:term":[{"taxonomy":"product_brand","embeddable":true,"href":"https:\/\/havamall.com\/en\/wp-json\/wp\/v2\/product_brand?post=34578"},{"taxonomy":"product_cat","embeddable":true,"href":"https:\/\/havamall.com\/en\/wp-json\/wp\/v2\/product_cat?post=34578"},{"taxonomy":"product_tag","embeddable":true,"href":"https:\/\/havamall.com\/en\/wp-json\/wp\/v2\/product_tag?post=34578"}],"curies":[{"name":"wp","href":"https:\/\/api.w.org\/{rel}","templated":true}]}}