{"id":34597,"date":"2024-05-26T14:31:38","date_gmt":"2024-05-26T07:31:38","guid":{"rendered":"https:\/\/havamall.com\/?post_type=product&#038;p=34597"},"modified":"2026-03-20T14:39:23","modified_gmt":"2026-03-20T07:39:23","slug":"bot-sot-nau-nem-gia-vi-kieu-anh-bisto-gravy-powder-original-227g","status":"publish","type":"product","link":"https:\/\/havamall.com\/en\/shop\/bot-sot-nau-nem-gia-vi-kieu-anh-bisto-gravy-powder-original-227g\/","title":{"rendered":"B\u1ed9t S\u1ed1t N\u00e2u N\u00eam Gia V\u1ecb Ki\u1ec3u Anh Bisto Gravy Powder (Original) 227g"},"content":{"rendered":"<h2><strong>TH\u00d4NG TIN CHUNG<\/strong><\/h2>\n<div dir=\"auto\">\n<div dir=\"auto\">\n<table>\n<tbody>\n<tr>\n<td>Th\u01b0\u01a1ng hi\u1ec7u<\/td>\n<td>Bisto<\/td>\n<\/tr>\n<tr>\n<td>Xu\u1ea5t x\u1ee9 th\u01b0\u01a1ng hi\u1ec7u<\/td>\n<td>Anh<\/td>\n<\/tr>\n<tr>\n<td>H\u1ea1n s\u1eed d\u1ee5ng<\/td>\n<td>12 th\u00e1ng k\u1ec3 t\u1eeb ng\u00e0y s\u1ea3n xu\u1ea5t<\/td>\n<\/tr>\n<tr>\n<td>H\u01b0\u1edbng d\u1eabn b\u1ea3o qu\u1ea3n<\/td>\n<td>B\u1ea3o qu\u1ea3n nhi\u1ec7t \u0111\u1ed9 th\u01b0\u1eddng<\/td>\n<\/tr>\n<tr>\n<td>H\u01b0\u1edbng d\u1eabn s\u1eed d\u1ee5ng<\/td>\n<td>D\u00f9ng \u0111\u1ec3 n\u1ea5u \u0103n<\/td>\n<\/tr>\n<tr>\n<td>Xu\u1ea5t x\u1ee9<\/td>\n<td>Anh<\/td>\n<\/tr>\n<tr>\n<td>Tr\u1ecdng l\u01b0\u1ee3ng s\u1ea3n ph\u1ea9m<\/td>\n<td>227gr<\/td>\n<\/tr>\n<tr>\n<td>Quy c\u00e1ch \u0111\u00f3ng g\u00f3i<\/td>\n<td>H\u1ed9p gi\u1ea5y<\/td>\n<\/tr>\n<tr>\n<td>Th\u00e0nh ph\u1ea7n<\/td>\n<td>Xem tr\u00ean bao b\u00ec<\/td>\n<\/tr>\n<\/tbody>\n<\/table>\n<p><strong>B\u1ed9t s\u1ed1t n\u00e2u <\/strong>chuy\u00ean d\u00f9ng \u0111\u1ec3 l\u00e0m\u00a0s\u1ed1t n\u1ec1n \u0111\u1eadm \u0111\u00e0\u00a0v\u00e0 \u0111\u1eb9p m\u1eaft cho c\u00e1c m\u00f3n: th\u1ecbt n\u01b0\u1edbng, khoai t\u00e2y chi\u00ean, b\u00e1nh m\u1ef3 v\u00e0 nhi\u1ec1u m\u00f3n \u0103n kh\u00e1c. S\u1ea3n ph\u1ea9m n\u00e0y\u00a0l\u00e0 s\u1ef1 k\u1ebft h\u1ee3p t\u1eeb nhi\u1ec1u\u00a0th\u00e0nh ph\u1ea7n: b\u1ed9t m\u00ec, b\u1ed9t b\u1eafp, gia v\u1ecb h\u00e0nh, t\u1ecfi, mu\u1ed1i, ti\u00eau&#8230;\u0111\u1ec3 t\u1ea1o n\u00ean h\u01b0\u01a1ng v\u1ecb \u0111\u1eb7c tr\u01b0ng c\u1ee7a T\u00e2y \u00c2u.<\/p>\n<p>Khi ch\u1ebf bi\u1ebfn, b\u1ed9t s\u1ed1t n\u00e2u s\u1ebd\u00a0\u0111\u01b0\u1ee3c pha tr\u1ed9n v\u1edbi n\u01b0\u1edbc ho\u1eb7c n\u01b0\u1edbc d\u00f9ng,<em class=\"Highlight\">\u00a0sau \u0111\u00f3\u00a0<\/em>\u0111un s\u00f4i v\u00e0 khu\u1ea5y \u0111\u1ec1u tr\u00ean b\u1ebfp l\u1eeda \u0111\u1ec3 t\u1ea1o th\u00e0nh m\u1ed9t h\u1ed7n h\u1ee3p s\u1ed1t n\u00e2u s\u1ec7t, s\u00e1nh m\u1ecbn, th\u01a1m ngon\u00a0\u0111\u1eadm \u0111\u00e0, k\u1ebft h\u1ee3p v\u1edbi m\u00f3n n\u00e0o c\u0169ng ngon.<\/p>\n<h2><strong><img fetchpriority=\"high\" decoding=\"async\" class=\"wp-image-34598 aligncenter\" src=\"https:\/\/havamall.com\/wp-content\/uploads\/2024\/05\/435345-300x300.png\" alt=\"\" width=\"584\" height=\"584\" \/><\/strong><\/h2>\n<h2><strong>H\u01b0\u1edbng d\u1eabn s\u1eed d\u1ee5ng b\u1ed9t s\u1ed1t n\u00e2u\u00a0<\/strong><\/h2>\n<p>T\u1ed5ng th\u1eddi gian: 5 ph\u00fat<\/p>\n<p>1 th\u00eca b\u1ed9t s\u1ed1t n\u00e2u<\/p>\n<p>1 cup n\u01b0\u1edbc l\u1ea1nh.<\/p>\n<ul>\n<li><strong>N\u1ea5u tr\u00ean b\u1ebfp:\u00a0<\/strong>Khu\u1ea5y \u0111\u1ec1u b\u1ed9t s\u1ed1t n\u00e2u v\u1edbi n\u01b0\u1edbc b\u1eb1ng m\u00e1y \u0111\u00e1nh tr\u1ee9ng trong m\u1ed9t n\u1ed3i nh\u1ecf. Sau \u0111\u00f3, khu\u1ea5y li\u00ean t\u1ee5c n\u1ed3i\u00a0nh\u1ecf n\u00e0y tr\u00ean b\u1ebfp l\u1eeda, n\u1ea5u \u1edf l\u1eeda v\u1eeba cho \u0111\u1ebfn khi s\u00f4i. Gi\u1ea3m nhi\u1ec7t \u0111\u1ed9 v\u00e0 \u0111un nh\u1ecf l\u1eeda 1 ph\u00fat. (N\u01b0\u1edbc s\u1ed1t n\u00e2u\u00a0s\u1ebd \u0111\u1eb7c l\u1ea1i khi \u0111\u1ec3 y\u00ean).<\/li>\n<li><strong>S\u1eed d\u1ee5ng l\u00f2 vi s\u00f3ng:<\/strong>\u00a0Cho b\u1ed9t v\u00e0o ch\u00e9n, khu\u1ea5y \u0111\u1ec1u v\u1edbi n\u01b0\u1edbc. \u0110\u1eb7t l\u00f2 vi s\u00f3ng \u1edf nhi\u1ec7t \u0111\u1ed9 cao t\u1eeb 2 \u0111\u1ebfn 3 ph\u00fat cho \u0111\u1ebfn khi s\u1ed1t \u0111\u1eb7c l\u1ea1i, s\u00e1nh m\u1ecbn, n\u00ean khu\u1ea5y \u0111\u1ec1u li\u00ean t\u1ee5c.<\/li>\n<\/ul>\n<h2><strong><img decoding=\"async\" class=\"wp-image-34599 aligncenter\" src=\"https:\/\/havamall.com\/wp-content\/uploads\/2024\/05\/54354-300x300.png\" alt=\"\" width=\"594\" height=\"594\" \/><\/strong><\/h2>\n<h2><strong>\u0110\u1eb7c \u0111i\u1ec3m n\u1ed5i b\u1eadt c\u1ee7a b\u1ed9t s\u1ed1t n\u00e2u<\/strong><\/h2>\n<ul>\n<li>Kh\u00f4ng c\u00f3 h\u01b0\u01a1ng v\u1ecb nh\u00e2n t\u1ea1o v\u00e0 kh\u00f4ng ch\u1ee9a MSG b\u1ed5 sung.<\/li>\n<li>Chuy\u00ean d\u00f9ng \u0103n k\u00e8m\u00a0th\u1ecbt b\u00f2, khoai t\u00e2y nghi\u1ec1n, th\u1ecbt c\u1eebu, th\u1ecbt n\u1ea1c nhi\u1ec1u m\u1ee1 v\u00e0 nhi\u1ec1u m\u00f3n kh\u00e1c.<\/li>\n<li>Ch\u1ebf bi\u1ebfn nhanh, mang \u0111\u1ebfn h\u01b0\u01a1ng v\u1ecb \u0111\u1eadm \u0111\u00e0 cho m\u00f3n \u0103n.<\/li>\n<li><span style=\"color: #000000; font-family: Arial, Helvetica, sans-serif;\">\u1ee8ng d\u1ee5ng \u0111\u01b0\u1ee3c cho nhi\u1ec1u m\u00f3n \u0103n kh\u00e1c nhau: h\u1ea7m, x\u00e0o..<\/span><\/li>\n<\/ul>\n<p><img decoding=\"async\" class=\"wp-image-34600 aligncenter\" src=\"https:\/\/havamall.com\/wp-content\/uploads\/2024\/05\/bbb-300x300.png\" alt=\"\" width=\"597\" height=\"597\" \/><\/p>\n<\/div>\n<\/div>","protected":false},"excerpt":{"rendered":"<p>TH\u00d4NG TIN CHUNG Th\u01b0\u01a1ng hi\u1ec7u Bisto Xu\u1ea5t x\u1ee9 th\u01b0\u01a1ng hi\u1ec7u Anh H\u1ea1n s\u1eed d\u1ee5ng 12 th\u00e1ng k\u1ec3 t\u1eeb ng\u00e0y s\u1ea3n<\/p>","protected":false},"featured_media":34601,"comment_status":"open","ping_status":"closed","template":"","meta":[],"product_brand":[],"product_cat":[730,595,36],"product_tag":[],"class_list":{"0":"post-34597","1":"product","2":"type-product","3":"status-publish","4":"has-post-thumbnail","6":"product_cat-cac-nuoc-khac","7":"product_cat-gia-vi-va-che-bien","8":"product_cat-thuc-pham-tieu-dung","10":"first","11":"outofstock","12":"sale","13":"shipping-taxable","14":"purchasable","15":"product-type-variable"},"_links":{"self":[{"href":"https:\/\/havamall.com\/en\/wp-json\/wp\/v2\/product\/34597","targetHints":{"allow":["GET"]}}],"collection":[{"href":"https:\/\/havamall.com\/en\/wp-json\/wp\/v2\/product"}],"about":[{"href":"https:\/\/havamall.com\/en\/wp-json\/wp\/v2\/types\/product"}],"replies":[{"embeddable":true,"href":"https:\/\/havamall.com\/en\/wp-json\/wp\/v2\/comments?post=34597"}],"version-history":[{"count":0,"href":"https:\/\/havamall.com\/en\/wp-json\/wp\/v2\/product\/34597\/revisions"}],"wp:featuredmedia":[{"embeddable":true,"href":"https:\/\/havamall.com\/en\/wp-json\/wp\/v2\/media\/34601"}],"wp:attachment":[{"href":"https:\/\/havamall.com\/en\/wp-json\/wp\/v2\/media?parent=34597"}],"wp:term":[{"taxonomy":"product_brand","embeddable":true,"href":"https:\/\/havamall.com\/en\/wp-json\/wp\/v2\/product_brand?post=34597"},{"taxonomy":"product_cat","embeddable":true,"href":"https:\/\/havamall.com\/en\/wp-json\/wp\/v2\/product_cat?post=34597"},{"taxonomy":"product_tag","embeddable":true,"href":"https:\/\/havamall.com\/en\/wp-json\/wp\/v2\/product_tag?post=34597"}],"curies":[{"name":"wp","href":"https:\/\/api.w.org\/{rel}","templated":true}]}}