{"id":34656,"date":"2024-05-31T11:56:12","date_gmt":"2024-05-31T04:56:12","guid":{"rendered":"https:\/\/havamall.com\/?post_type=product&#038;p=34656"},"modified":"2025-06-16T11:05:13","modified_gmt":"2025-06-16T04:05:13","slug":"bot-la-rieng-say-lanh-havafoodies-30g-galangal-leaves-powder","status":"publish","type":"product","link":"https:\/\/havamall.com\/en\/shop\/bot-la-rieng-say-lanh-havafoodies-30g-galangal-leaves-powder\/","title":{"rendered":"B\u1ed9t L\u00e1 Ri\u1ec1ng S\u1ea5y L\u1ea1nh Havafoodies 30g &#8211; Galangal Leaves Powder"},"content":{"rendered":"<div id=\"js-product-detail__specs\" class=\"product-detail__specs\">\n<div class=\"row\">\n<div class=\"col-sm-12\">\n<div class=\"product-specs__table\">\n<table>\n<tbody>\n<tr>\n<td class=\"specs-table__property\">Th\u01b0\u01a1ng hi\u1ec7u<\/td>\n<td class=\"specs-table__value\">Havafoodies<\/td>\n<\/tr>\n<tr>\n<td class=\"specs-table__property\">Xu\u1ea5t x\u1ee9<\/td>\n<td class=\"specs-table__value\">Vi\u1ec7t nam<\/td>\n<\/tr>\n<tr>\n<td class=\"specs-table__property\">H\u1ea1n s\u1eed d\u1ee5ng<\/td>\n<td class=\"specs-table__value\">Xem tr\u00ean bao b\u00ec s\u1ea3n ph\u1ea9m<\/td>\n<\/tr>\n<tr>\n<td class=\"specs-table__property\">H\u01b0\u1edbng d\u1eabn s\u1eed d\u1ee5ng<\/td>\n<td class=\"specs-table__value\">D\u00f9ng tr\u1ef1c ti\u1ebfp ho\u1eb7c ch\u1ebf bi\u1ebfn c\u00e1c m\u00f3n \u0103n tu\u1ef3 th\u00edch<\/td>\n<\/tr>\n<tr>\n<td class=\"specs-table__property\">H\u01b0\u1edbng d\u1eabn b\u1ea3o qu\u1ea3n<\/td>\n<td class=\"specs-table__value\">B\u1ea3o qu\u1ea3n kh\u00f4 r\u00e1o, tho\u00e1ng m\u00e1t<\/td>\n<\/tr>\n<tr>\n<td class=\"specs-table__property\">Th\u00e0nh ph\u1ea7n nguy\u00ean li\u1ec7u<\/td>\n<td class=\"specs-table__value\">Nh\u01b0 tr\u00ean bao b\u00ec<\/td>\n<\/tr>\n<tr>\n<td class=\"specs-table__property\">Kh\u1ed1i l\u01b0\u1ee3ng<\/td>\n<td class=\"specs-table__value\">30g<\/td>\n<\/tr>\n<\/tbody>\n<\/table>\n<p>L\u00e1 ri\u1ec1ng t\u1eeb l\u00e2u \u0111\u00e3 \u0111\u01b0\u1ee3c bi\u1ebft \u0111\u1ebfn l\u00e0 m\u1ed9t lo\u1ea1i gia v\u1ecb quen thu\u1ed9c trong \u1ea9m th\u1ef1c Vi\u1ec7t Nam, n\u1ed5i ti\u1ebfng v\u1edbi h\u01b0\u01a1ng th\u01a1m \u0111\u1eb7c tr\u01b0ng v\u00e0 t\u00ednh ch\u1ea5t ch\u1eefa b\u1ec7nh t\u1ef1 nhi\u00ean. B\u1ed9t l\u00e1 ri\u1ec1ng s\u1ea5y l\u1ea1nh l\u00e0 s\u1ea3n ph\u1ea9m l\u00e0m t\u1eeb l\u00e1 ri\u1ec1ng t\u01b0\u01a1i, gi\u1eef nguy\u00ean m\u00f9i th\u01a1m v\u00e0 c\u00e1c ho\u1ea1t ch\u1ea5t c\u00f3 l\u1ee3i cho s\u1ee9c kh\u1ecfe, mang \u0111\u1ebfn s\u1ef1 ti\u1ec7n l\u1ee3i v\u00e0 hi\u1ec7u qu\u1ea3 cao khi s\u1eed d\u1ee5ng trong c\u00e1c m\u00f3n \u0103n v\u00e0 b\u00e0i thu\u1ed1c.<\/p>\n<p><img fetchpriority=\"high\" decoding=\"async\" class=\"wp-image-35839 aligncenter\" src=\"https:\/\/havamall.com\/wp-content\/uploads\/2024\/05\/unnamed-2.jpg\" alt=\"\" width=\"681\" height=\"681\" srcset=\"https:\/\/havamall.com\/wp-content\/uploads\/2024\/05\/unnamed-2.jpg 450w, https:\/\/havamall.com\/wp-content\/uploads\/2024\/05\/unnamed-2-300x300.jpg 300w, https:\/\/havamall.com\/wp-content\/uploads\/2024\/05\/unnamed-2-150x150.jpg 150w, https:\/\/havamall.com\/wp-content\/uploads\/2024\/05\/unnamed-2-12x12.jpg 12w\" sizes=\"(max-width: 681px) 100vw, 681px\" \/><\/p>\n<p>B\u1ed9t l\u00e1 ri\u1ec1ng s\u1ea5y l\u1ea1nh \u0111\u01b0\u1ee3c ch\u1ebf bi\u1ebfn t\u1eeb nh\u1eefng l\u00e1 ri\u1ec1ng t\u01b0\u01a1i xanh, \u0111\u01b0\u1ee3c ch\u1ecdn l\u1ecdc k\u1ef9 c\u00e0ng v\u00e0 s\u1ea5y l\u1ea1nh ngay sau khi thu ho\u1ea1ch. Qu\u00e1 tr\u00ecnh s\u1ea5y l\u1ea1nh di\u1ec5n ra \u1edf nhi\u1ec7t \u0111\u1ed9 th\u1ea5p, gi\u00fap b\u1ea3o to\u00e0n ho\u00e0n to\u00e0n h\u01b0\u01a1ng th\u01a1m v\u00e0 c\u00e1c d\u01b0\u1ee1ng ch\u1ea5t qu\u00fd gi\u00e1 nh\u01b0 tinh d\u1ea7u, flavonoid, v\u00e0 ch\u1ea5t ch\u1ed1ng oxy h\u00f3a. C\u00f4ng ngh\u1ec7 n\u00e0y kh\u00f4ng ch\u1ec9 gi\u1eef l\u1ea1i m\u00e0u xanh t\u1ef1 nhi\u00ean c\u1ee7a l\u00e1 ri\u1ec1ng m\u00e0 c\u00f2n \u0111\u1ea3m b\u1ea3o s\u1ea3n ph\u1ea9m kh\u00f4ng ch\u1ee9a ch\u1ea5t b\u1ea3o qu\u1ea3n, an to\u00e0n cho ng\u01b0\u1eddi ti\u00eau d\u00f9ng.<\/p>\n<p>B\u1ed9t l\u00e1 ri\u1ec1ng c\u00f3 h\u01b0\u01a1ng th\u01a1m n\u1ed3ng, cay nh\u1eb9 \u0111\u1eb7c tr\u01b0ng, t\u1ea1o n\u00ean s\u1ef1 phong ph\u00fa cho c\u00e1c m\u00f3n \u0103n truy\u1ec1n th\u1ed1ng nh\u01b0 ch\u1ea3 c\u00e1, th\u1ecbt ch\u00f3, th\u1ecbt g\u00e0 n\u01b0\u1edbng, v\u00e0 nhi\u1ec1u m\u00f3n \u0103n kh\u00e1c. Ngo\u00e0i ra, b\u1ed9t l\u00e1 ri\u1ec1ng c\u00f2n \u0111\u01b0\u1ee3c d\u00f9ng \u0111\u1ec3 l\u00e0m gia v\u1ecb cho c\u00e1c m\u00f3n h\u1ea7m, x\u00e0o, v\u00e0 n\u01b0\u1edbc s\u1ed1t, gi\u00fap t\u0103ng c\u01b0\u1eddng h\u01b0\u01a1ng v\u1ecb t\u1ef1 nhi\u00ean. Kh\u00f4ng ch\u1ec9 d\u1eebng l\u1ea1i \u1edf \u1ea9m th\u1ef1c, b\u1ed9t l\u00e1 ri\u1ec1ng c\u00f2n \u0111\u01b0\u1ee3c s\u1eed d\u1ee5ng trong c\u00e1c b\u00e0i thu\u1ed1c d\u00e2n gian \u0111\u1ec3 h\u1ed7 tr\u1ee3 ti\u00eau h\u00f3a, gi\u1ea3m \u0111au b\u1ee5ng, v\u00e0 t\u0103ng c\u01b0\u1eddng s\u1ee9c kh\u1ecfe t\u1ed5ng th\u1ec3.<\/p>\n<p><img decoding=\"async\" class=\"wp-image-35840 aligncenter\" src=\"https:\/\/havamall.com\/wp-content\/uploads\/2024\/05\/image-cach-lam-banh-chung-com-deo-thom-don-tet-164983057658015.jpg\" alt=\"\" width=\"680\" height=\"609\" srcset=\"https:\/\/havamall.com\/wp-content\/uploads\/2024\/05\/image-cach-lam-banh-chung-com-deo-thom-don-tet-164983057658015.jpg 503w, https:\/\/havamall.com\/wp-content\/uploads\/2024\/05\/image-cach-lam-banh-chung-com-deo-thom-don-tet-164983057658015-300x268.jpg 300w, https:\/\/havamall.com\/wp-content\/uploads\/2024\/05\/image-cach-lam-banh-chung-com-deo-thom-don-tet-164983057658015-13x12.jpg 13w, https:\/\/havamall.com\/wp-content\/uploads\/2024\/05\/image-cach-lam-banh-chung-com-deo-thom-don-tet-164983057658015-150x134.jpg 150w\" sizes=\"(max-width: 680px) 100vw, 680px\" \/><\/p>\n<p>B\u1ea1n c\u00f3 th\u1ec3 s\u1eed d\u1ee5ng b\u1ed9t l\u00e1 ri\u1ec1ng tr\u1ef1c ti\u1ebfp trong n\u1ea5u \u0103n b\u1eb1ng c\u00e1ch th\u00eam v\u00e0o c\u00e1c m\u00f3n x\u00e0o, h\u1ea7m, ho\u1eb7c l\u00e0m gia v\u1ecb t\u1ea9m \u01b0\u1edbp th\u1ecbt, c\u00e1. Khi n\u1ea5u c\u00e1c m\u00f3n truy\u1ec1n th\u1ed1ng nh\u01b0 th\u1ecbt ch\u00f3, ch\u1ea3 c\u00e1, h\u00e3y d\u00f9ng b\u1ed9t l\u00e1 ri\u1ec1ng \u0111\u1ec3 t\u0103ng th\u00eam h\u01b0\u01a1ng v\u1ecb \u0111\u1eadm \u0111\u00e0. \u0110\u1ed1i v\u1edbi c\u00e1c m\u00f3n n\u01b0\u1edbc, ch\u1ec9 c\u1ea7n th\u00eam m\u1ed9t l\u01b0\u1ee3ng nh\u1ecf b\u1ed9t l\u00e1 ri\u1ec1ng v\u00e0o cu\u1ed1i qu\u00e1 tr\u00ecnh n\u1ea5u \u0111\u1ec3 gi\u1eef tr\u1ecdn h\u01b0\u01a1ng th\u01a1m v\u00e0 dinh d\u01b0\u1ee1ng.<\/p>\n<h3><strong>L\u1ee3i \u00edch cho s\u1ee9c kh\u1ecfe<\/strong><\/h3>\n<p>&#8211; H\u1ed7 tr\u1ee3 ti\u00eau h\u00f3a: B\u1ed9t l\u00e1 ri\u1ec1ng ch\u1ee9a c\u00e1c h\u1ee3p ch\u1ea5t c\u00f3 t\u00e1c d\u1ee5ng k\u00edch th\u00edch ti\u00eau h\u00f3a, gi\u00fap gi\u1ea3m \u0111\u1ea7y h\u01a1i, ch\u01b0\u1edbng b\u1ee5ng v\u00e0 c\u1ea3i thi\u1ec7n ch\u1ee9c n\u0103ng \u0111\u01b0\u1eddng ru\u1ed9t.<\/p>\n<p>&#8211; Kh\u00e1ng vi\u00eam v\u00e0 gi\u1ea3m \u0111au: C\u00e1c ch\u1ea5t ch\u1ed1ng oxy h\u00f3a v\u00e0 kh\u00e1ng vi\u00eam t\u1ef1 nhi\u00ean trong b\u1ed9t l\u00e1 ri\u1ec1ng c\u00f3 th\u1ec3 gi\u00fap gi\u1ea3m vi\u00eam nhi\u1ec5m v\u00e0 l\u00e0m d\u1ecbu c\u00e1c tri\u1ec7u ch\u1ee9ng \u0111au nh\u1ee9c.<\/p>\n<p>&#8211; T\u0103ng c\u01b0\u1eddng mi\u1ec5n d\u1ecbch: V\u1edbi th\u00e0nh ph\u1ea7n gi\u00e0u vitamin v\u00e0 kho\u00e1ng ch\u1ea5t, b\u1ed9t l\u00e1 ri\u1ec1ng gi\u00fap t\u0103ng c\u01b0\u1eddng s\u1ee9c \u0111\u1ec1 kh\u00e1ng, b\u1ea3o v\u1ec7 c\u01a1 th\u1ec3 kh\u1ecfi c\u00e1c b\u1ec7nh th\u00f4ng th\u01b0\u1eddng.<\/p>\n<p>&#8211; Th\u1ea3i \u0111\u1ed9c v\u00e0 b\u1ea3o v\u1ec7 gan: B\u1ed9t l\u00e1 ri\u1ec1ng h\u1ed7 tr\u1ee3 qu\u00e1 tr\u00ecnh th\u1ea3i \u0111\u1ed9c t\u1ef1 nhi\u00ean c\u1ee7a c\u01a1 th\u1ec3, gi\u00fap gan ho\u1ea1t \u0111\u1ed9ng hi\u1ec7u qu\u1ea3 h\u01a1n.<\/p>\n<p><img decoding=\"async\" class=\"wp-image-35841 aligncenter\" src=\"https:\/\/havamall.com\/wp-content\/uploads\/2024\/05\/banh-chung-com-nong-nan-huong-vi-tet_2.jpg\" alt=\"\" width=\"680\" height=\"491\" srcset=\"https:\/\/havamall.com\/wp-content\/uploads\/2024\/05\/banh-chung-com-nong-nan-huong-vi-tet_2.jpg 735w, https:\/\/havamall.com\/wp-content\/uploads\/2024\/05\/banh-chung-com-nong-nan-huong-vi-tet_2-300x217.jpg 300w, https:\/\/havamall.com\/wp-content\/uploads\/2024\/05\/banh-chung-com-nong-nan-huong-vi-tet_2-18x12.jpg 18w, https:\/\/havamall.com\/wp-content\/uploads\/2024\/05\/banh-chung-com-nong-nan-huong-vi-tet_2-600x433.jpg 600w, https:\/\/havamall.com\/wp-content\/uploads\/2024\/05\/banh-chung-com-nong-nan-huong-vi-tet_2-150x108.jpg 150w\" sizes=\"(max-width: 680px) 100vw, 680px\" \/><\/p>\n<h3><strong>\u0110\u1eb7c \u0111i\u1ec3m n\u1ed5i b\u1eadt<\/strong><\/h3>\n<p>&#8211; B\u1ea3o to\u00e0n d\u01b0\u1ee1ng ch\u1ea5t t\u1ef1 nhi\u00ean: C\u00f4ng ngh\u1ec7 s\u1ea5y l\u1ea1nh gi\u00fap gi\u1eef l\u1ea1i t\u1ed1i \u0111a c\u00e1c d\u01b0\u1ee1ng ch\u1ea5t qu\u00fd gi\u00e1, h\u01b0\u01a1ng th\u01a1m v\u00e0 m\u00e0u s\u1eafc t\u1ef1 nhi\u00ean c\u1ee7a l\u00e1 ri\u1ec1ng.<\/p>\n<p>&#8211; An to\u00e0n v\u00e0 ti\u1ec7n l\u1ee3i: S\u1ea3n ph\u1ea9m kh\u00f4ng ch\u1ee9a ch\u1ea5t b\u1ea3o qu\u1ea3n, kh\u00f4ng ph\u1ea9m m\u00e0u nh\u00e2n t\u1ea1o, ph\u00f9 h\u1ee3p cho m\u1ecdi \u0111\u1ed1i t\u01b0\u1ee3ng, t\u1eeb ng\u01b0\u1eddi l\u1edbn \u0111\u1ebfn tr\u1ebb em.<\/p>\n<p>&#8211; D\u1ec5 d\u00e0ng s\u1eed d\u1ee5ng v\u00e0 b\u1ea3o qu\u1ea3n: B\u1ed9t l\u00e1 ri\u1ec1ng \u0111\u01b0\u1ee3c \u0111\u00f3ng g\u00f3i nh\u1ecf g\u1ecdn, thu\u1eadn ti\u1ec7n cho vi\u1ec7c s\u1eed d\u1ee5ng v\u00e0 b\u1ea3o qu\u1ea3n l\u00e2u d\u00e0i, ti\u1ebft ki\u1ec7m th\u1eddi gian chu\u1ea9n b\u1ecb v\u00e0 ch\u1ebf bi\u1ebfn.<\/p>\n<p>S\u1ea3n ph\u1ea9m hi\u1ec7n \u0111\u00e3 c\u00f3 m\u1eb7t t\u1ea1i Havamall.<\/p>\n<p><img loading=\"lazy\" decoding=\"async\" class=\"wp-image-35842 aligncenter\" src=\"https:\/\/havamall.com\/wp-content\/uploads\/2024\/05\/cach-nau-xoi-nep-nuong-dac-san-cua-dien-bien-xoi-nep-nuong-dien-bien-min-1-e1613818940749-700x597-1.jpg\" alt=\"\" width=\"680\" height=\"580\" srcset=\"https:\/\/havamall.com\/wp-content\/uploads\/2024\/05\/cach-nau-xoi-nep-nuong-dac-san-cua-dien-bien-xoi-nep-nuong-dien-bien-min-1-e1613818940749-700x597-1.jpg 700w, https:\/\/havamall.com\/wp-content\/uploads\/2024\/05\/cach-nau-xoi-nep-nuong-dac-san-cua-dien-bien-xoi-nep-nuong-dien-bien-min-1-e1613818940749-700x597-1-300x256.jpg 300w, https:\/\/havamall.com\/wp-content\/uploads\/2024\/05\/cach-nau-xoi-nep-nuong-dac-san-cua-dien-bien-xoi-nep-nuong-dien-bien-min-1-e1613818940749-700x597-1-14x12.jpg 14w, https:\/\/havamall.com\/wp-content\/uploads\/2024\/05\/cach-nau-xoi-nep-nuong-dac-san-cua-dien-bien-xoi-nep-nuong-dien-bien-min-1-e1613818940749-700x597-1-600x512.jpg 600w, https:\/\/havamall.com\/wp-content\/uploads\/2024\/05\/cach-nau-xoi-nep-nuong-dac-san-cua-dien-bien-xoi-nep-nuong-dien-bien-min-1-e1613818940749-700x597-1-150x128.jpg 150w\" sizes=\"(max-width: 680px) 100vw, 680px\" \/><\/p>\n<\/div>\n<\/div>\n<\/div>\n<\/div>","protected":false},"excerpt":{"rendered":"<p>Th\u01b0\u01a1ng hi\u1ec7u Havafoodies Xu\u1ea5t x\u1ee9 Vi\u1ec7t nam H\u1ea1n s\u1eed d\u1ee5ng Xem tr\u00ean bao b\u00ec s\u1ea3n ph\u1ea9m H\u01b0\u1edbng d\u1eabn s\u1eed d\u1ee5ng<\/p>","protected":false},"featured_media":40682,"comment_status":"open","ping_status":"closed","template":"","meta":[],"product_brand":[],"product_cat":[595,36],"product_tag":[],"class_list":{"0":"post-34656","1":"product","2":"type-product","3":"status-publish","4":"has-post-thumbnail","6":"product_cat-gia-vi-va-che-bien","7":"product_cat-thuc-pham-tieu-dung","9":"first","10":"instock","11":"sale","12":"shipping-taxable","13":"purchasable","14":"product-type-simple"},"_links":{"self":[{"href":"https:\/\/havamall.com\/en\/wp-json\/wp\/v2\/product\/34656","targetHints":{"allow":["GET"]}}],"collection":[{"href":"https:\/\/havamall.com\/en\/wp-json\/wp\/v2\/product"}],"about":[{"href":"https:\/\/havamall.com\/en\/wp-json\/wp\/v2\/types\/product"}],"replies":[{"embeddable":true,"href":"https:\/\/havamall.com\/en\/wp-json\/wp\/v2\/comments?post=34656"}],"version-history":[{"count":0,"href":"https:\/\/havamall.com\/en\/wp-json\/wp\/v2\/product\/34656\/revisions"}],"wp:featuredmedia":[{"embeddable":true,"href":"https:\/\/havamall.com\/en\/wp-json\/wp\/v2\/media\/40682"}],"wp:attachment":[{"href":"https:\/\/havamall.com\/en\/wp-json\/wp\/v2\/media?parent=34656"}],"wp:term":[{"taxonomy":"product_brand","embeddable":true,"href":"https:\/\/havamall.com\/en\/wp-json\/wp\/v2\/product_brand?post=34656"},{"taxonomy":"product_cat","embeddable":true,"href":"https:\/\/havamall.com\/en\/wp-json\/wp\/v2\/product_cat?post=34656"},{"taxonomy":"product_tag","embeddable":true,"href":"https:\/\/havamall.com\/en\/wp-json\/wp\/v2\/product_tag?post=34656"}],"curies":[{"name":"wp","href":"https:\/\/api.w.org\/{rel}","templated":true}]}}