{"id":34660,"date":"2024-05-31T13:48:38","date_gmt":"2024-05-31T06:48:38","guid":{"rendered":"https:\/\/havamall.com\/?post_type=product&#038;p=34660"},"modified":"2025-06-16T11:12:04","modified_gmt":"2025-06-16T04:12:04","slug":"bot-bi-do-say-lanh-havafoodies-50g-pumpkin-powder","status":"publish","type":"product","link":"https:\/\/havamall.com\/en\/shop\/bot-bi-do-say-lanh-havafoodies-50g-pumpkin-powder\/","title":{"rendered":"B\u1ed9t B\u00ed \u0110\u1ecf S\u1ea5y L\u1ea1nh Havafoodies 50g &#8211; Pumpkin Powder"},"content":{"rendered":"<div id=\"js-product-detail__specs\" class=\"product-detail__specs\">\n<div class=\"row\">\n<div class=\"col-sm-12\">\n<div class=\"product-specs__table\">\n<table>\n<tbody>\n<tr>\n<td class=\"specs-table__property\">Th\u01b0\u01a1ng hi\u1ec7u<\/td>\n<td class=\"specs-table__value\">Havafoodies<\/td>\n<\/tr>\n<tr>\n<td class=\"specs-table__property\">Xu\u1ea5t x\u1ee9<\/td>\n<td class=\"specs-table__value\">Vi\u1ec7t nam<\/td>\n<\/tr>\n<tr>\n<td class=\"specs-table__property\">H\u1ea1n s\u1eed d\u1ee5ng<\/td>\n<td class=\"specs-table__value\">Xem tr\u00ean bao b\u00ec s\u1ea3n ph\u1ea9m<\/td>\n<\/tr>\n<tr>\n<td class=\"specs-table__property\">H\u01b0\u1edbng d\u1eabn s\u1eed d\u1ee5ng<\/td>\n<td class=\"specs-table__value\">D\u00f9ng tr\u1ef1c ti\u1ebfp ho\u1eb7c ch\u1ebf bi\u1ebfn c\u00e1c m\u00f3n \u0103n tu\u1ef3 th\u00edch<\/td>\n<\/tr>\n<tr>\n<td class=\"specs-table__property\">H\u01b0\u1edbng d\u1eabn b\u1ea3o qu\u1ea3n<\/td>\n<td class=\"specs-table__value\">B\u1ea3o qu\u1ea3n kh\u00f4 r\u00e1o, tho\u00e1ng m\u00e1t<\/td>\n<\/tr>\n<tr>\n<td class=\"specs-table__property\">Th\u00e0nh ph\u1ea7n nguy\u00ean li\u1ec7u<\/td>\n<td class=\"specs-table__value\">Nh\u01b0 tr\u00ean bao b\u00ec<\/td>\n<\/tr>\n<tr>\n<td class=\"specs-table__property\">Kh\u1ed1i l\u01b0\u1ee3ng<\/td>\n<td class=\"specs-table__value\">50g<\/td>\n<\/tr>\n<\/tbody>\n<\/table>\n<p>B\u00ed \u0111\u1ecf l\u00e0 m\u1ed9t lo\u1ea1i rau c\u1ee7 quen thu\u1ed9c, gi\u00e0u ch\u1ea5t x\u01a1, vitamin A, vitamin C, kali, v\u00e0 c\u00e1c ch\u1ea5t ch\u1ed1ng oxy h\u00f3a c\u1ea7n thi\u1ebft cho c\u01a1 th\u1ec3. B\u1ed9t b\u00ed \u0111\u1ecf s\u1ea5y l\u1ea1nh l\u00e0 s\u1ea3n ph\u1ea9m ch\u1ebf bi\u1ebfn t\u1eeb b\u00ed \u0111\u1ecf t\u01b0\u01a1i, gi\u1eef nguy\u00ean h\u01b0\u01a1ng v\u1ecb t\u1ef1 nhi\u00ean v\u00e0 c\u00e1c d\u01b0\u1ee1ng ch\u1ea5t qu\u00fd gi\u00e1, gi\u00fap b\u1ed5 sung dinh d\u01b0\u1ee1ng m\u1ed9t c\u00e1ch ti\u1ec7n l\u1ee3i cho b\u1eefa \u0103n h\u00e0ng ng\u00e0y.<\/p>\n<p><img fetchpriority=\"high\" decoding=\"async\" class=\"wp-image-35831 aligncenter\" src=\"https:\/\/havamall.com\/wp-content\/uploads\/2024\/05\/bot-bi-do.jpg\" alt=\"\" width=\"723\" height=\"723\" srcset=\"https:\/\/havamall.com\/wp-content\/uploads\/2024\/05\/bot-bi-do.jpg 800w, https:\/\/havamall.com\/wp-content\/uploads\/2024\/05\/bot-bi-do-300x300.jpg 300w, https:\/\/havamall.com\/wp-content\/uploads\/2024\/05\/bot-bi-do-150x150.jpg 150w, https:\/\/havamall.com\/wp-content\/uploads\/2024\/05\/bot-bi-do-768x768.jpg 768w, https:\/\/havamall.com\/wp-content\/uploads\/2024\/05\/bot-bi-do-12x12.jpg 12w, https:\/\/havamall.com\/wp-content\/uploads\/2024\/05\/bot-bi-do-600x600.jpg 600w\" sizes=\"(max-width: 723px) 100vw, 723px\" \/><\/p>\n<p>B\u1ed9t b\u00ed \u0111\u1ecf s\u1ea5y l\u1ea1nh \u0111\u01b0\u1ee3c l\u00e0m t\u1eeb nh\u1eefng qu\u1ea3 b\u00ed \u0111\u1ecf \u0111\u01b0\u1ee3c ch\u1ecdn l\u1ecdc c\u1ea9n th\u1eadn v\u00e0 s\u1ea5y l\u1ea1nh ngay sau khi thu ho\u1ea1ch. C\u00f4ng ngh\u1ec7 s\u1ea5y l\u1ea1nh hi\u1ec7n \u0111\u1ea1i gi\u00fap gi\u1eef nguy\u00ean h\u00e0m l\u01b0\u1ee3ng beta-carotene, vitamin, v\u00e0 kho\u00e1ng ch\u1ea5t trong b\u00ed \u0111\u1ecf. Qu\u00e1 tr\u00ecnh n\u00e0y lo\u1ea1i b\u1ecf n\u01b0\u1edbc m\u00e0 kh\u00f4ng c\u1ea7n d\u00f9ng nhi\u1ec7t \u0111\u1ed9 cao, \u0111\u1ea3m b\u1ea3o s\u1ea3n ph\u1ea9m kh\u00f4ng b\u1ecb m\u1ea5t ch\u1ea5t dinh d\u01b0\u1ee1ng v\u00e0 v\u1eabn gi\u1eef \u0111\u01b0\u1ee3c m\u00e0u v\u00e0ng t\u01b0\u01a1i s\u00e1ng v\u00e0 m\u00f9i v\u1ecb \u0111\u1eb7c tr\u01b0ng.<\/p>\n<p><img decoding=\"async\" class=\"wp-image-35832 aligncenter\" src=\"https:\/\/havamall.com\/wp-content\/uploads\/2024\/05\/bot-bi-do-nguyen-chat-1024x1024.jpg\" alt=\"\" width=\"726\" height=\"726\" srcset=\"https:\/\/havamall.com\/wp-content\/uploads\/2024\/05\/bot-bi-do-nguyen-chat-1024x1024.jpg 1024w, https:\/\/havamall.com\/wp-content\/uploads\/2024\/05\/bot-bi-do-nguyen-chat-300x300.jpg 300w, https:\/\/havamall.com\/wp-content\/uploads\/2024\/05\/bot-bi-do-nguyen-chat-150x150.jpg 150w, https:\/\/havamall.com\/wp-content\/uploads\/2024\/05\/bot-bi-do-nguyen-chat-768x768.jpg 768w, https:\/\/havamall.com\/wp-content\/uploads\/2024\/05\/bot-bi-do-nguyen-chat-1536x1536.jpg 1536w, https:\/\/havamall.com\/wp-content\/uploads\/2024\/05\/bot-bi-do-nguyen-chat-12x12.jpg 12w, https:\/\/havamall.com\/wp-content\/uploads\/2024\/05\/bot-bi-do-nguyen-chat-600x600.jpg 600w, https:\/\/havamall.com\/wp-content\/uploads\/2024\/05\/bot-bi-do-nguyen-chat-1200x1200.jpg 1200w, https:\/\/havamall.com\/wp-content\/uploads\/2024\/05\/bot-bi-do-nguyen-chat.jpg 1816w\" sizes=\"(max-width: 726px) 100vw, 726px\" \/><\/p>\n<p>B\u1ed9t b\u00ed \u0111\u1ecf c\u00f3 m\u00e0u v\u00e0ng cam \u0111\u1eb9p m\u1eaft v\u00e0 h\u01b0\u01a1ng th\u01a1m ng\u1ecdt d\u1ecbu t\u1ef1 nhi\u00ean, ph\u00f9 h\u1ee3p \u0111\u1ec3 ch\u1ebf bi\u1ebfn nhi\u1ec1u m\u00f3n \u0103n. B\u1ea1n c\u00f3 th\u1ec3 s\u1eed d\u1ee5ng b\u1ed9t b\u00ed \u0111\u1ecf \u0111\u1ec3 l\u00e0m b\u00e1nh, n\u1ea5u ch\u00e1o, s\u00fap, ho\u1eb7c c\u00e1c m\u00f3n tr\u00e1ng mi\u1ec7ng. Ngo\u00e0i ra, b\u1ed9t b\u00ed \u0111\u1ecf c\u00f2n \u0111\u01b0\u1ee3c d\u00f9ng \u0111\u1ec3 pha ch\u1ebf sinh t\u1ed1, s\u1eefa h\u1ea1t, ho\u1eb7c th\u00eam v\u00e0o c\u00e1c m\u00f3n \u0103n d\u1eb7m cho tr\u1ebb nh\u1ecf. V\u1edbi h\u01b0\u01a1ng v\u1ecb ng\u1ecdt t\u1ef1 nhi\u00ean v\u00e0 m\u00e0u s\u1eafc h\u1ea5p d\u1eabn, b\u1ed9t b\u00ed \u0111\u1ecf l\u00e0 s\u1ef1 l\u1ef1a ch\u1ecdn l\u00fd t\u01b0\u1edfng cho nhi\u1ec1u c\u00f4ng th\u1ee9c n\u1ea5u \u0103n s\u00e1ng t\u1ea1o.<\/p>\n<p><img decoding=\"async\" class=\"wp-image-35833 aligncenter\" src=\"https:\/\/havamall.com\/wp-content\/uploads\/2024\/05\/1679561549-bot-bi-do-say-lanh-4.webp\" alt=\"\" width=\"719\" height=\"411\" srcset=\"https:\/\/havamall.com\/wp-content\/uploads\/2024\/05\/1679561549-bot-bi-do-say-lanh-4.webp 839w, https:\/\/havamall.com\/wp-content\/uploads\/2024\/05\/1679561549-bot-bi-do-say-lanh-4-300x172.webp 300w, https:\/\/havamall.com\/wp-content\/uploads\/2024\/05\/1679561549-bot-bi-do-say-lanh-4-768x439.webp 768w, https:\/\/havamall.com\/wp-content\/uploads\/2024\/05\/1679561549-bot-bi-do-say-lanh-4-18x10.webp 18w, https:\/\/havamall.com\/wp-content\/uploads\/2024\/05\/1679561549-bot-bi-do-say-lanh-4-600x343.webp 600w, https:\/\/havamall.com\/wp-content\/uploads\/2024\/05\/1679561549-bot-bi-do-say-lanh-4-150x86.webp 150w\" sizes=\"(max-width: 719px) 100vw, 719px\" \/><\/p>\n<p>B\u1ed9t b\u00ed \u0111\u1ecf s\u1ea5y l\u1ea1nh r\u1ea5t d\u1ec5 s\u1eed d\u1ee5ng. B\u1ea1n c\u00f3 th\u1ec3 pha b\u1ed9t v\u1edbi n\u01b0\u1edbc n\u00f3ng ho\u1eb7c s\u1eefa \u0111\u1ec3 l\u00e0m th\u1ee9c u\u1ed1ng dinh d\u01b0\u1ee1ng, ho\u1eb7c tr\u1ed9n v\u1edbi b\u1ed9t l\u00e0m b\u00e1nh, s\u00fap, ch\u00e1o, v\u00e0 nhi\u1ec1u m\u00f3n \u0103n kh\u00e1c \u0111\u1ec3 t\u0103ng h\u01b0\u01a1ng v\u1ecb v\u00e0 b\u1ed5 sung dinh d\u01b0\u1ee1ng. \u0110\u1ec3 l\u00e0m \u0111\u1ed3 \u0103n d\u1eb7m cho b\u00e9, h\u00e3y tr\u1ed9n b\u1ed9t b\u00ed \u0111\u1ecf v\u1edbi ch\u00e1o ho\u1eb7c c\u00e1c lo\u1ea1i rau c\u1ee7 nghi\u1ec1n, gi\u00fap b\u00e9 d\u1ec5 ti\u00eau h\u00f3a v\u00e0 th\u00edch th\u00fa v\u1edbi m\u00e0u s\u1eafc b\u1eaft m\u1eaft.<\/p>\n<p><img loading=\"lazy\" decoding=\"async\" class=\"wp-image-35834 aligncenter\" src=\"https:\/\/havamall.com\/wp-content\/uploads\/2024\/05\/cach-lam-thach-dao-rau-cau-dao-2.jpg\" alt=\"\" width=\"706\" height=\"370\" srcset=\"https:\/\/havamall.com\/wp-content\/uploads\/2024\/05\/cach-lam-thach-dao-rau-cau-dao-2.jpg 630w, https:\/\/havamall.com\/wp-content\/uploads\/2024\/05\/cach-lam-thach-dao-rau-cau-dao-2-300x157.jpg 300w, https:\/\/havamall.com\/wp-content\/uploads\/2024\/05\/cach-lam-thach-dao-rau-cau-dao-2-18x9.jpg 18w, https:\/\/havamall.com\/wp-content\/uploads\/2024\/05\/cach-lam-thach-dao-rau-cau-dao-2-600x314.jpg 600w, https:\/\/havamall.com\/wp-content\/uploads\/2024\/05\/cach-lam-thach-dao-rau-cau-dao-2-150x79.jpg 150w\" sizes=\"(max-width: 706px) 100vw, 706px\" \/><\/p>\n<h3><strong>L\u1ee3i \u00edch cho s\u1ee9c kh\u1ecfe<\/strong><\/h3>\n<p><strong>&#8211; <\/strong>B\u1ed5 sung ch\u1ea5t ch\u1ed1ng oxy h\u00f3a: B\u1ed9t b\u00ed \u0111\u1ecf gi\u00e0u beta-carotene, m\u1ed9t ch\u1ea5t ch\u1ed1ng oxy h\u00f3a m\u1ea1nh gi\u00fap b\u1ea3o v\u1ec7 t\u1ebf b\u00e0o kh\u1ecfi t\u1ed5n th\u01b0\u01a1ng v\u00e0 gi\u1ea3m nguy c\u01a1 m\u1eafc c\u00e1c b\u1ec7nh m\u00e3n t\u00ednh.<\/p>\n<p><strong>&#8211; <\/strong>T\u0103ng c\u01b0\u1eddng s\u1ee9c kh\u1ecfe m\u1eaft v\u00e0 da: H\u00e0m l\u01b0\u1ee3ng vitamin A cao trong b\u1ed9t b\u00ed \u0111\u1ecf h\u1ed7 tr\u1ee3 t\u0103ng c\u01b0\u1eddng s\u1ee9c kh\u1ecfe th\u1ecb l\u1ef1c v\u00e0 gi\u00fap da m\u1ecbn m\u00e0ng, s\u00e1ng kh\u1ecfe.<\/p>\n<p><strong>&#8211; <\/strong>H\u1ed7 tr\u1ee3 h\u1ec7 mi\u1ec5n d\u1ecbch: Vitamin C v\u00e0 c\u00e1c kho\u00e1ng ch\u1ea5t trong b\u1ed9t b\u00ed \u0111\u1ecf gi\u00fap t\u0103ng c\u01b0\u1eddng h\u1ec7 mi\u1ec5n d\u1ecbch, b\u1ea3o v\u1ec7 c\u01a1 th\u1ec3 kh\u1ecfi c\u00e1c t\u00e1c nh\u00e2n g\u00e2y b\u1ec7nh.<\/p>\n<p><strong>&#8211; <\/strong>C\u1ea3i thi\u1ec7n ti\u00eau h\u00f3a: B\u1ed9t b\u00ed \u0111\u1ecf gi\u00e0u ch\u1ea5t x\u01a1, gi\u00fap c\u1ea3i thi\u1ec7n ch\u1ee9c n\u0103ng ti\u00eau h\u00f3a, ng\u0103n ng\u1eeba t\u00e1o b\u00f3n v\u00e0 h\u1ed7 tr\u1ee3 duy tr\u00ec c\u00e2n n\u1eb7ng kh\u1ecfe m\u1ea1nh.<\/p>\n<p><img loading=\"lazy\" decoding=\"async\" class=\"wp-image-35835 aligncenter\" src=\"https:\/\/havamall.com\/wp-content\/uploads\/2024\/05\/3-800x500-1-800x500-1.jpg\" alt=\"\" width=\"700\" height=\"437\" srcset=\"https:\/\/havamall.com\/wp-content\/uploads\/2024\/05\/3-800x500-1-800x500-1.jpg 800w, https:\/\/havamall.com\/wp-content\/uploads\/2024\/05\/3-800x500-1-800x500-1-300x188.jpg 300w, https:\/\/havamall.com\/wp-content\/uploads\/2024\/05\/3-800x500-1-800x500-1-768x480.jpg 768w, https:\/\/havamall.com\/wp-content\/uploads\/2024\/05\/3-800x500-1-800x500-1-18x12.jpg 18w, https:\/\/havamall.com\/wp-content\/uploads\/2024\/05\/3-800x500-1-800x500-1-600x375.jpg 600w, https:\/\/havamall.com\/wp-content\/uploads\/2024\/05\/3-800x500-1-800x500-1-150x94.jpg 150w\" sizes=\"(max-width: 700px) 100vw, 700px\" \/><\/p>\n<h3><strong>\u0110\u1eb7c \u0111i\u1ec3m n\u1ed5i b\u1eadt<\/strong><\/h3>\n<p>&#8211; Gi\u1eef nguy\u00ean h\u01b0\u01a1ng v\u1ecb v\u00e0 d\u01b0\u1ee1ng ch\u1ea5t t\u1ef1 nhi\u00ean: C\u00f4ng ngh\u1ec7 s\u1ea5y l\u1ea1nh gi\u00fap b\u1ea3o to\u00e0n to\u00e0n b\u1ed9 c\u00e1c vitamin, kho\u00e1ng ch\u1ea5t, v\u00e0 m\u00e0u s\u1eafc t\u1ef1 nhi\u00ean c\u1ee7a b\u00ed \u0111\u1ecf.<\/p>\n<p>&#8211; An to\u00e0n cho s\u1ee9c kh\u1ecfe: S\u1ea3n ph\u1ea9m kh\u00f4ng ch\u1ee9a ch\u1ea5t b\u1ea3o qu\u1ea3n, ph\u1ea9m m\u00e0u nh\u00e2n t\u1ea1o hay h\u00f3a ch\u1ea5t \u0111\u1ed9c h\u1ea1i, ph\u00f9 h\u1ee3p cho m\u1ecdi \u0111\u1ed1i t\u01b0\u1ee3ng s\u1eed d\u1ee5ng, t\u1eeb tr\u1ebb nh\u1ecf \u0111\u1ebfn ng\u01b0\u1eddi l\u1edbn tu\u1ed5i.<\/p>\n<p>&#8211; Ti\u1ec7n l\u1ee3i v\u00e0 d\u1ec5 d\u00e0ng s\u1eed d\u1ee5ng: B\u1ed9t b\u00ed \u0111\u1ecf \u0111\u01b0\u1ee3c \u0111\u00f3ng g\u00f3i nh\u1ecf g\u1ecdn, d\u1ec5 b\u1ea3o qu\u1ea3n v\u00e0 s\u1eed d\u1ee5ng trong nhi\u1ec1u c\u00f4ng th\u1ee9c n\u1ea5u \u0103n h\u00e0ng ng\u00e0y, ti\u1ebft ki\u1ec7m th\u1eddi gian cho nh\u1eefng ai b\u1eadn r\u1ed9n.<\/p>\n<\/div>\n<\/div>\n<\/div>\n<\/div>","protected":false},"excerpt":{"rendered":"<p>Th\u01b0\u01a1ng hi\u1ec7u Havafoodies Xu\u1ea5t x\u1ee9 Vi\u1ec7t nam H\u1ea1n s\u1eed d\u1ee5ng Xem tr\u00ean bao b\u00ec s\u1ea3n ph\u1ea9m H\u01b0\u1edbng d\u1eabn s\u1eed d\u1ee5ng<\/p>","protected":false},"featured_media":40685,"comment_status":"open","ping_status":"closed","template":"","meta":[],"product_brand":[],"product_cat":[595,36],"product_tag":[],"class_list":{"0":"post-34660","1":"product","2":"type-product","3":"status-publish","4":"has-post-thumbnail","6":"product_cat-gia-vi-va-che-bien","7":"product_cat-thuc-pham-tieu-dung","9":"first","10":"instock","11":"sale","12":"shipping-taxable","13":"purchasable","14":"product-type-simple"},"_links":{"self":[{"href":"https:\/\/havamall.com\/en\/wp-json\/wp\/v2\/product\/34660","targetHints":{"allow":["GET"]}}],"collection":[{"href":"https:\/\/havamall.com\/en\/wp-json\/wp\/v2\/product"}],"about":[{"href":"https:\/\/havamall.com\/en\/wp-json\/wp\/v2\/types\/product"}],"replies":[{"embeddable":true,"href":"https:\/\/havamall.com\/en\/wp-json\/wp\/v2\/comments?post=34660"}],"version-history":[{"count":0,"href":"https:\/\/havamall.com\/en\/wp-json\/wp\/v2\/product\/34660\/revisions"}],"wp:featuredmedia":[{"embeddable":true,"href":"https:\/\/havamall.com\/en\/wp-json\/wp\/v2\/media\/40685"}],"wp:attachment":[{"href":"https:\/\/havamall.com\/en\/wp-json\/wp\/v2\/media?parent=34660"}],"wp:term":[{"taxonomy":"product_brand","embeddable":true,"href":"https:\/\/havamall.com\/en\/wp-json\/wp\/v2\/product_brand?post=34660"},{"taxonomy":"product_cat","embeddable":true,"href":"https:\/\/havamall.com\/en\/wp-json\/wp\/v2\/product_cat?post=34660"},{"taxonomy":"product_tag","embeddable":true,"href":"https:\/\/havamall.com\/en\/wp-json\/wp\/v2\/product_tag?post=34660"}],"curies":[{"name":"wp","href":"https:\/\/api.w.org\/{rel}","templated":true}]}}