{"id":34664,"date":"2024-05-31T13:53:10","date_gmt":"2024-05-31T06:53:10","guid":{"rendered":"https:\/\/havamall.com\/?post_type=product&#038;p=34664"},"modified":"2025-06-16T11:12:37","modified_gmt":"2025-06-16T04:12:37","slug":"bot-tra-xanh-say-lanh-havafoodies-50g-green-tea-powder","status":"publish","type":"product","link":"https:\/\/havamall.com\/en\/shop\/bot-tra-xanh-say-lanh-havafoodies-50g-green-tea-powder\/","title":{"rendered":"B\u1ed9t Tr\u00e0 Xanh S\u1ea5y L\u1ea1nh Havafoodies 50g &#8211; Green Tea Powder"},"content":{"rendered":"<div id=\"js-product-detail__specs\" class=\"product-detail__specs\">\n<div class=\"row\">\n<div class=\"col-sm-12\">\n<div class=\"product-specs__table\">\n<table>\n<tbody>\n<tr>\n<td class=\"specs-table__property\">Th\u01b0\u01a1ng hi\u1ec7u<\/td>\n<td class=\"specs-table__value\">Havafoodies<\/td>\n<\/tr>\n<tr>\n<td class=\"specs-table__property\">Xu\u1ea5t x\u1ee9<\/td>\n<td class=\"specs-table__value\">Vi\u1ec7t nam<\/td>\n<\/tr>\n<tr>\n<td class=\"specs-table__property\">H\u1ea1n s\u1eed d\u1ee5ng<\/td>\n<td class=\"specs-table__value\">Xem tr\u00ean bao b\u00ec s\u1ea3n ph\u1ea9m<\/td>\n<\/tr>\n<tr>\n<td class=\"specs-table__property\">H\u01b0\u1edbng d\u1eabn s\u1eed d\u1ee5ng<\/td>\n<td class=\"specs-table__value\">D\u00f9ng tr\u1ef1c ti\u1ebfp ho\u1eb7c ch\u1ebf bi\u1ebfn c\u00e1c m\u00f3n \u0103n tu\u1ef3 th\u00edch<\/td>\n<\/tr>\n<tr>\n<td class=\"specs-table__property\">H\u01b0\u1edbng d\u1eabn b\u1ea3o qu\u1ea3n<\/td>\n<td class=\"specs-table__value\">B\u1ea3o qu\u1ea3n kh\u00f4 r\u00e1o, tho\u00e1ng m\u00e1t<\/td>\n<\/tr>\n<tr>\n<td class=\"specs-table__property\">Th\u00e0nh ph\u1ea7n nguy\u00ean li\u1ec7u<\/td>\n<td class=\"specs-table__value\">Nh\u01b0 tr\u00ean bao b\u00ec<\/td>\n<\/tr>\n<tr>\n<td class=\"specs-table__property\">Kh\u1ed1i l\u01b0\u1ee3ng<\/td>\n<td class=\"specs-table__value\">50g<\/td>\n<\/tr>\n<\/tbody>\n<\/table>\n<p>Tr\u00e0 xanh \u0111\u00e3 \u0111\u01b0\u1ee3c bi\u1ebft \u0111\u1ebfn t\u1eeb l\u00e2u nh\u01b0 m\u1ed9t lo\u1ea1i th\u1ee9c u\u1ed1ng gi\u00e0u ch\u1ea5t ch\u1ed1ng oxy h\u00f3a v\u00e0 c\u00e1c d\u01b0\u1ee1ng ch\u1ea5t t\u1ed1t cho s\u1ee9c kh\u1ecfe. <strong>B\u1ed9t tr\u00e0 xanh s\u1ea5y l\u1ea1nh<\/strong> l\u00e0 s\u1ea3n ph\u1ea9m \u0111\u01b0\u1ee3c t\u1ea1o ra t\u1eeb nh\u1eefng l\u00e1 tr\u00e0 xanh t\u01b0\u01a1i non, gi\u1eef nguy\u00ean nh\u1eefng gi\u00e1 tr\u1ecb dinh d\u01b0\u1ee1ng v\u00e0 h\u01b0\u01a1ng v\u1ecb t\u1ef1 nhi\u00ean, mang \u0111\u1ebfn nh\u1eefng l\u1ee3i \u00edch tuy\u1ec7t v\u1eddi cho s\u1ee9c kh\u1ecfe v\u00e0 s\u1eafc \u0111\u1eb9p.<\/p>\n<p><img fetchpriority=\"high\" decoding=\"async\" class=\"wp-image-35803 aligncenter\" src=\"https:\/\/havamall.com\/wp-content\/uploads\/2024\/05\/cong-dung-bot-tra-xanh.webp\" alt=\"\" width=\"664\" height=\"442\" srcset=\"https:\/\/havamall.com\/wp-content\/uploads\/2024\/05\/cong-dung-bot-tra-xanh.webp 550w, https:\/\/havamall.com\/wp-content\/uploads\/2024\/05\/cong-dung-bot-tra-xanh-300x200.webp 300w, https:\/\/havamall.com\/wp-content\/uploads\/2024\/05\/cong-dung-bot-tra-xanh-18x12.webp 18w, https:\/\/havamall.com\/wp-content\/uploads\/2024\/05\/cong-dung-bot-tra-xanh-150x100.webp 150w\" sizes=\"(max-width: 664px) 100vw, 664px\" \/><\/p>\n<p>B\u1ed9t tr\u00e0 xanh s\u1ea5y l\u1ea1nh \u0111\u01b0\u1ee3c s\u1ea3n xu\u1ea5t t\u1eeb nh\u1eefng l\u00e1 tr\u00e0 xanh t\u01b0\u01a1i ngon nh\u1ea5t, \u0111\u01b0\u1ee3c thu h\u00e1i \u0111\u00fang m\u00f9a v\u00e0 ch\u1ecdn l\u1ecdc c\u1ea9n th\u1eadn. L\u00e1 tr\u00e0 \u0111\u01b0\u1ee3c x\u1eed l\u00fd b\u1eb1ng c\u00f4ng ngh\u1ec7 s\u1ea5y l\u1ea1nh hi\u1ec7n \u0111\u1ea1i, gi\u00fap b\u1ea3o to\u00e0n t\u1ed1i \u0111a h\u00e0m l\u01b0\u1ee3ng ch\u1ea5t ch\u1ed1ng oxy h\u00f3a, polyphenol, EGCG (Epigallocatechin gallate), v\u00e0 c\u00e1c vitamin c\u00f3 trong l\u00e1 tr\u00e0. Qu\u00e1 tr\u00ecnh n\u00e0y kh\u00f4ng ch\u1ec9 gi\u1eef l\u1ea1i m\u00e0u xanh t\u1ef1 nhi\u00ean v\u00e0 h\u01b0\u01a1ng v\u1ecb \u0111\u1eadm \u0111\u00e0 c\u1ee7a tr\u00e0 m\u00e0 c\u00f2n gi\u00fap s\u1ea3n ph\u1ea9m an to\u00e0n h\u01a1n, kh\u00f4ng c\u1ea7n d\u00f9ng ch\u1ea5t b\u1ea3o qu\u1ea3n.<\/p>\n<p><img decoding=\"async\" class=\"wp-image-35804 aligncenter\" src=\"https:\/\/havamall.com\/wp-content\/uploads\/2024\/05\/thanh-pham-217.jpg\" alt=\"\" width=\"670\" height=\"670\" srcset=\"https:\/\/havamall.com\/wp-content\/uploads\/2024\/05\/thanh-pham-217.jpg 800w, https:\/\/havamall.com\/wp-content\/uploads\/2024\/05\/thanh-pham-217-300x300.jpg 300w, https:\/\/havamall.com\/wp-content\/uploads\/2024\/05\/thanh-pham-217-150x150.jpg 150w, https:\/\/havamall.com\/wp-content\/uploads\/2024\/05\/thanh-pham-217-768x768.jpg 768w, https:\/\/havamall.com\/wp-content\/uploads\/2024\/05\/thanh-pham-217-12x12.jpg 12w, https:\/\/havamall.com\/wp-content\/uploads\/2024\/05\/thanh-pham-217-600x600.jpg 600w\" sizes=\"(max-width: 670px) 100vw, 670px\" \/><\/p>\n<p>B\u1ed9t tr\u00e0 xanh c\u00f3 m\u00e0u xanh \u0111\u1eadm \u0111\u1eb7c tr\u01b0ng, m\u00f9i th\u01a1m thanh khi\u1ebft v\u00e0 v\u1ecb ch\u00e1t nh\u1eb9. S\u1ea3n ph\u1ea9m n\u00e0y \u0111\u01b0\u1ee3c s\u1eed d\u1ee5ng r\u1ed9ng r\u00e3i trong \u1ea9m th\u1ef1c \u0111\u1ec3 l\u00e0m c\u00e1c m\u00f3n b\u00e1nh, k\u1eb9o, kem, \u0111\u1ed3 u\u1ed1ng, v\u00e0 nhi\u1ec1u m\u00f3n \u0103n kh\u00e1c.<\/p>\n<p>B\u1ed9t tr\u00e0 xanh r\u1ea5t d\u1ec5 s\u1eed d\u1ee5ng v\u00e0 linh ho\u1ea1t trong nhi\u1ec1u c\u00f4ng th\u1ee9c ch\u1ebf bi\u1ebfn. B\u1ea1n c\u00f3 th\u1ec3 d\u00f9ng m\u1ed9t th\u00eca c\u00e0 ph\u00ea b\u1ed9t tr\u00e0 xanh pha v\u1edbi n\u01b0\u1edbc n\u00f3ng \u0111\u1ec3 l\u00e0m tr\u00e0 u\u1ed1ng h\u00e0ng ng\u00e0y, ho\u1eb7c th\u00eam v\u00e0o c\u00e1c m\u00f3n b\u00e1nh, kem, smoothie \u0111\u1ec3 t\u0103ng h\u01b0\u01a1ng v\u1ecb v\u00e0 gi\u00e1 tr\u1ecb dinh d\u01b0\u1ee1ng. \u0110\u1ed1i v\u1edbi l\u00e0m \u0111\u1eb9p, b\u1ea1n c\u00f3 th\u1ec3 tr\u1ed9n b\u1ed9t tr\u00e0 xanh v\u1edbi s\u1eefa t\u01b0\u01a1i, m\u1eadt ong ho\u1eb7c n\u01b0\u1edbc hoa h\u1ed3ng \u0111\u1ec3 t\u1ea1o th\u00e0nh m\u1eb7t n\u1ea1 d\u01b0\u1ee1ng da t\u1ef1 nhi\u00ean.<\/p>\n<p><img decoding=\"async\" class=\"wp-image-35805 aligncenter\" src=\"https:\/\/havamall.com\/wp-content\/uploads\/2024\/05\/nhung-mon-an-tu-matcha-wecheckin-27-1024x576-1.jpg\" alt=\"\" width=\"649\" height=\"365\" srcset=\"https:\/\/havamall.com\/wp-content\/uploads\/2024\/05\/nhung-mon-an-tu-matcha-wecheckin-27-1024x576-1.jpg 1024w, https:\/\/havamall.com\/wp-content\/uploads\/2024\/05\/nhung-mon-an-tu-matcha-wecheckin-27-1024x576-1-300x169.jpg 300w, https:\/\/havamall.com\/wp-content\/uploads\/2024\/05\/nhung-mon-an-tu-matcha-wecheckin-27-1024x576-1-768x432.jpg 768w, https:\/\/havamall.com\/wp-content\/uploads\/2024\/05\/nhung-mon-an-tu-matcha-wecheckin-27-1024x576-1-18x10.jpg 18w, https:\/\/havamall.com\/wp-content\/uploads\/2024\/05\/nhung-mon-an-tu-matcha-wecheckin-27-1024x576-1-600x338.jpg 600w, https:\/\/havamall.com\/wp-content\/uploads\/2024\/05\/nhung-mon-an-tu-matcha-wecheckin-27-1024x576-1-150x84.jpg 150w\" sizes=\"(max-width: 649px) 100vw, 649px\" \/><\/p>\n<h3><strong>L\u1ee3i \u00edch cho s\u1ee9c kh\u1ecfe<\/strong><\/h3>\n<p><strong>&#8211; Ch\u1ed1ng oxy h\u00f3a m\u1ea1nh m\u1ebd:<\/strong> B\u1ed9t tr\u00e0 xanh gi\u00e0u ch\u1ea5t ch\u1ed1ng oxy h\u00f3a nh\u01b0 polyphenol v\u00e0 catechin, gi\u00fap b\u1ea3o v\u1ec7 t\u1ebf b\u00e0o kh\u1ecfi c\u00e1c g\u1ed1c t\u1ef1 do, l\u00e0m ch\u1eadm qu\u00e1 tr\u00ecnh l\u00e3o h\u00f3a v\u00e0 ng\u0103n ng\u1eeba c\u00e1c b\u1ec7nh m\u00e3n t\u00ednh.<\/p>\n<p><strong>&#8211; Gi\u1ea3m c\u00e2n v\u00e0 c\u1ea3i thi\u1ec7n trao \u0111\u1ed5i ch\u1ea5t:<\/strong> C\u00e1c th\u00e0nh ph\u1ea7n trong b\u1ed9t tr\u00e0 xanh gi\u00fap t\u0103ng c\u01b0\u1eddng qu\u00e1 tr\u00ecnh \u0111\u1ed1t ch\u00e1y ch\u1ea5t b\u00e9o v\u00e0 gi\u1ea3m m\u1ee1 th\u1eeba, h\u1ed7 tr\u1ee3 gi\u1ea3m c\u00e2n hi\u1ec7u qu\u1ea3.<\/p>\n<p><strong>&#8211; T\u0103ng c\u01b0\u1eddng h\u1ec7 mi\u1ec5n d\u1ecbch:<\/strong> B\u1ed9t tr\u00e0 xanh ch\u1ee9a nhi\u1ec1u vitamin C v\u00e0 c\u00e1c ch\u1ea5t ch\u1ed1ng oxy h\u00f3a, gi\u00fap t\u0103ng c\u01b0\u1eddng h\u1ec7 mi\u1ec5n d\u1ecbch v\u00e0 b\u1ea3o v\u1ec7 c\u01a1 th\u1ec3 kh\u1ecfi c\u00e1c t\u00e1c nh\u00e2n g\u00e2y b\u1ec7nh.<\/p>\n<p><strong>&#8211; T\u0103ng c\u01b0\u1eddng s\u1ee9c kh\u1ecfe tim m\u1ea1ch:<\/strong> S\u1ea3n ph\u1ea9m gi\u00fap gi\u1ea3m m\u1ee9c cholesterol x\u1ea5u (LDL) trong m\u00e1u, \u1ed5n \u0111\u1ecbnh huy\u1ebft \u00e1p v\u00e0 gi\u1ea3m nguy c\u01a1 m\u1eafc c\u00e1c b\u1ec7nh tim m\u1ea1ch.<\/p>\n<p><img loading=\"lazy\" decoding=\"async\" class=\"wp-image-35807 aligncenter\" src=\"https:\/\/havamall.com\/wp-content\/uploads\/2024\/05\/cach-lam-5-mon-trang-mieng-cuc-de-voi-matcha-tra-xanh-dang-hot-voi-gioi-tre-6.jpg\" alt=\"\" width=\"653\" height=\"409\" srcset=\"https:\/\/havamall.com\/wp-content\/uploads\/2024\/05\/cach-lam-5-mon-trang-mieng-cuc-de-voi-matcha-tra-xanh-dang-hot-voi-gioi-tre-6.jpg 730w, https:\/\/havamall.com\/wp-content\/uploads\/2024\/05\/cach-lam-5-mon-trang-mieng-cuc-de-voi-matcha-tra-xanh-dang-hot-voi-gioi-tre-6-300x188.jpg 300w, https:\/\/havamall.com\/wp-content\/uploads\/2024\/05\/cach-lam-5-mon-trang-mieng-cuc-de-voi-matcha-tra-xanh-dang-hot-voi-gioi-tre-6-18x12.jpg 18w, https:\/\/havamall.com\/wp-content\/uploads\/2024\/05\/cach-lam-5-mon-trang-mieng-cuc-de-voi-matcha-tra-xanh-dang-hot-voi-gioi-tre-6-600x376.jpg 600w, https:\/\/havamall.com\/wp-content\/uploads\/2024\/05\/cach-lam-5-mon-trang-mieng-cuc-de-voi-matcha-tra-xanh-dang-hot-voi-gioi-tre-6-150x94.jpg 150w\" sizes=\"(max-width: 653px) 100vw, 653px\" \/><\/p>\n<h3><strong>\u0110\u1eb7c\u00a0 \u0111i\u1ec3m n\u1ed5i b\u1eadt<\/strong><\/h3>\n<p>&#8211; Gi\u1eef nguy\u00ean d\u01b0\u1ee1ng ch\u1ea5t v\u00e0 m\u00e0u s\u1eafc t\u1ef1 nhi\u00ean: C\u00f4ng ngh\u1ec7 s\u1ea5y l\u1ea1nh gi\u00fap b\u1ea3o to\u00e0n c\u00e1c vitamin, kho\u00e1ng ch\u1ea5t v\u00e0 m\u00e0u xanh t\u01b0\u01a1i c\u1ee7a l\u00e1 tr\u00e0.<\/p>\n<p>&#8211; An to\u00e0n v\u00e0 l\u00e0nh m\u1ea1nh: S\u1ea3n ph\u1ea9m kh\u00f4ng ch\u1ee9a ch\u1ea5t b\u1ea3o qu\u1ea3n, ph\u1ea9m m\u00e0u nh\u00e2n t\u1ea1o hay h\u01b0\u01a1ng li\u1ec7u, ph\u00f9 h\u1ee3p cho nhi\u1ec1u \u0111\u1ed1i t\u01b0\u1ee3ng ng\u01b0\u1eddi d\u00f9ng, t\u1eeb ng\u01b0\u1eddi \u0103n chay \u0111\u1ebfn nh\u1eefng ai quan t\u00e2m \u0111\u1ebfn s\u1ee9c kh\u1ecfe.<\/p>\n<p>&#8211; Ti\u1ec7n l\u1ee3i v\u00e0 d\u1ec5 d\u00e0ng s\u1eed d\u1ee5ng: B\u1ed9t tr\u00e0 xanh \u0111\u01b0\u1ee3c \u0111\u00f3ng g\u00f3i nh\u1ecf g\u1ecdn, d\u1ec5 b\u1ea3o qu\u1ea3n v\u00e0 s\u1eed d\u1ee5ng trong nhi\u1ec1u c\u00f4ng th\u1ee9c ch\u1ebf bi\u1ebfn m\u00f3n \u0103n v\u00e0 \u0111\u1ed3 u\u1ed1ng h\u00e0ng ng\u00e0y.<\/p>\n<p>S\u1ea3n ph\u1ea9m c\u00f3 m\u1eb7t Havamall.<\/p>\n<p><img loading=\"lazy\" decoding=\"async\" class=\"wp-image-35808 aligncenter\" src=\"https:\/\/havamall.com\/wp-content\/uploads\/2024\/05\/say-la-tra-xanh-1024x640.jpg\" alt=\"\" width=\"673\" height=\"421\" srcset=\"https:\/\/havamall.com\/wp-content\/uploads\/2024\/05\/say-la-tra-xanh-1024x640.jpg 1024w, https:\/\/havamall.com\/wp-content\/uploads\/2024\/05\/say-la-tra-xanh-300x188.jpg 300w, https:\/\/havamall.com\/wp-content\/uploads\/2024\/05\/say-la-tra-xanh-768x480.jpg 768w, https:\/\/havamall.com\/wp-content\/uploads\/2024\/05\/say-la-tra-xanh-18x12.jpg 18w, https:\/\/havamall.com\/wp-content\/uploads\/2024\/05\/say-la-tra-xanh-600x375.jpg 600w, https:\/\/havamall.com\/wp-content\/uploads\/2024\/05\/say-la-tra-xanh-150x94.jpg 150w, https:\/\/havamall.com\/wp-content\/uploads\/2024\/05\/say-la-tra-xanh.jpg 1100w\" sizes=\"(max-width: 673px) 100vw, 673px\" \/><\/p>\n<\/div>\n<\/div>\n<\/div>\n<\/div>","protected":false},"excerpt":{"rendered":"<p>Th\u01b0\u01a1ng hi\u1ec7u Havafoodies Xu\u1ea5t x\u1ee9 Vi\u1ec7t nam H\u1ea1n s\u1eed d\u1ee5ng Xem tr\u00ean bao b\u00ec s\u1ea3n ph\u1ea9m H\u01b0\u1edbng d\u1eabn s\u1eed d\u1ee5ng<\/p>","protected":false},"featured_media":40689,"comment_status":"open","ping_status":"closed","template":"","meta":[],"product_brand":[],"product_cat":[595,36],"product_tag":[],"class_list":{"0":"post-34664","1":"product","2":"type-product","3":"status-publish","4":"has-post-thumbnail","6":"product_cat-gia-vi-va-che-bien","7":"product_cat-thuc-pham-tieu-dung","9":"first","10":"instock","11":"sale","12":"shipping-taxable","13":"purchasable","14":"product-type-simple"},"_links":{"self":[{"href":"https:\/\/havamall.com\/en\/wp-json\/wp\/v2\/product\/34664","targetHints":{"allow":["GET"]}}],"collection":[{"href":"https:\/\/havamall.com\/en\/wp-json\/wp\/v2\/product"}],"about":[{"href":"https:\/\/havamall.com\/en\/wp-json\/wp\/v2\/types\/product"}],"replies":[{"embeddable":true,"href":"https:\/\/havamall.com\/en\/wp-json\/wp\/v2\/comments?post=34664"}],"version-history":[{"count":0,"href":"https:\/\/havamall.com\/en\/wp-json\/wp\/v2\/product\/34664\/revisions"}],"wp:featuredmedia":[{"embeddable":true,"href":"https:\/\/havamall.com\/en\/wp-json\/wp\/v2\/media\/40689"}],"wp:attachment":[{"href":"https:\/\/havamall.com\/en\/wp-json\/wp\/v2\/media?parent=34664"}],"wp:term":[{"taxonomy":"product_brand","embeddable":true,"href":"https:\/\/havamall.com\/en\/wp-json\/wp\/v2\/product_brand?post=34664"},{"taxonomy":"product_cat","embeddable":true,"href":"https:\/\/havamall.com\/en\/wp-json\/wp\/v2\/product_cat?post=34664"},{"taxonomy":"product_tag","embeddable":true,"href":"https:\/\/havamall.com\/en\/wp-json\/wp\/v2\/product_tag?post=34664"}],"curies":[{"name":"wp","href":"https:\/\/api.w.org\/{rel}","templated":true}]}}