{"id":34682,"date":"2024-06-01T16:43:32","date_gmt":"2024-06-01T09:43:32","guid":{"rendered":"https:\/\/havamall.com\/?post_type=product&#038;p=34682"},"modified":"2025-11-11T15:11:45","modified_gmt":"2025-11-11T08:11:45","slug":"mo-heo-muoi-nga-phu-tieu-den-110g","status":"publish","type":"product","link":"https:\/\/havamall.com\/en\/shop\/mo-heo-muoi-nga-phu-tieu-den-110g\/","title":{"rendered":"M\u1ee1 Heo Mu\u1ed1i Nga Ph\u1ee7 Ti\u00eau \u0110en 250g"},"content":{"rendered":"<p>X\u1ee9 b\u1ea1ch d\u01b0\u01a1ng r\u1ed9ng l\u1edbn c\u00f3 m\u1ed9t m\u00f3n \u0103n kh\u00e1 \u0111\u1ed9c \u0111\u00e1o, \u0111\u00f3 l\u00e0 salo hay m\u1ee1 l\u1ee3n mu\u1ed1i. D\u00f9 g\u00e2y ra nhi\u1ec1u tranh c\u00e3i v\u1ec1 vi\u1ec7c s\u1eed d\u1ee5ng m\u1ee1 \u0111\u1ed9ng v\u1eadt trong th\u1ef1c \u0111\u01a1n h\u00e0ng ng\u00e0y, salo v\u1eabn l\u00e0 m\u00f3n \u0103n truy\u1ec1n th\u1ed1ng \u0111\u01b0\u1ee3c ng\u01b0\u1eddi Nga y\u00eau th\u00edch. V\u1edbi ng\u01b0\u1eddi n\u01b0\u1edbc ngo\u00e0i, h\u1ecd lu\u00f4n t\u00f2 m\u00f2 v\u1ec1 c\u00e1ch ch\u1ebf bi\u1ebfn c\u0169ng nh\u01b0 h\u01b0\u01a1ng v\u1ecb c\u1ee7a c\u1ee5c m\u1ee1 l\u1ee3n tr\u00f4ng c\u00f3 v\u1ebb r\u1ea5t ng\u1ea5y n\u00e0y.<\/p>\n<figure class=\"expNoEdit\"><img decoding=\"async\" class=\"lazy loaded aligncenter\" src=\"https:\/\/havamall.com\/wp-content\/uploads\/2024\/06\/11702964926333467389441424280754965820284n-15291378.jpg\" alt=\"C\u1ee5c m\u1ee1 l\u1ee3n \u01b0\u1edbp mu\u1ed1i khi\u1ebfn ng\u01b0\u1eddi Nga m\u00ea m\u1ec7t, nh\u00ecn r\u1ea5t ng\u1ea5y nh\u01b0ng li\u1ec7u c\u00f3 kh\u00f3 \u0103n? - 1\" height=\"495\" data-id=\"1816172\" data-detail=\"1\" data-width=\"660\" data-height=\"495\" data-src=\"https:\/\/havamall.com\/wp-content\/uploads\/2024\/06\/11702964926333467389441424280754965820284n-15291378.jpg\" data-index=\"1\" data-was-processed=\"true\" \/><figcaption>\n<p class=\"expEdit\" style=\"text-align: center\">M\u1ee1 l\u1ee3n mu\u1ed1i c\u1ee7a Nga l\u00e0 m\u00f3n \u0103n khi\u1ebfn nhi\u1ec1u ng\u01b0\u1eddi t\u00f2 m\u00f2. (\u1ea2nh minh h\u1ecda)<\/p>\n<\/figcaption><\/figure>\n<p>Salo \u0111\u01b0\u1ee3c l\u00e0m t\u1eeb m\u1ee1 \u0111\u1ed9ng v\u1eadt, th\u01b0\u1eddng l\u00e0 l\u1ee3n, c\u1eebu, b\u00f2 v\u00e0 d\u00ea. \u0110\u00e2y l\u00e0 l\u1edbp m\u1ee1 b\u1ed5 d\u01b0\u1ee1ng \u0111\u01b0\u1ee3c \u0111\u1ed9ng v\u1eadt t\u00edch tr\u1eef tr\u01b0\u1edbc m\u00f9a \u0111\u00f4ng sau m\u1ed9t n\u0103m \u0111\u01b0\u1ee3c cho \u0103n v\u1ed7 b\u00e9o. Trong s\u1ed1 \u0111\u00f3, m\u1ee1 l\u1ee3n c\u1ee9ng v\u00e0 nh\u1eb9 h\u01a1n nh\u1eefng lo\u1ea1i m\u1ee1 kh\u00e1c, l\u1ee3n c\u0169ng d\u1ec5 nu\u00f4i h\u01a1n n\u00ean salo l\u1ee3n ng\u00e0y c\u00e0ng ph\u1ed5 bi\u1ebfn v\u00e0 s\u1eed d\u1ee5ng r\u1ed9ng r\u00e3i.<\/p>\n<figure class=\"expNoEdit\"><img decoding=\"async\" class=\"lazy loaded aligncenter\" src=\"https:\/\/havamall.com\/wp-content\/uploads\/2024\/06\/1-15302704.jpg\" alt=\"C\u1ee5c m\u1ee1 l\u1ee3n \u01b0\u1edbp mu\u1ed1i khi\u1ebfn ng\u01b0\u1eddi Nga m\u00ea m\u1ec7t, nh\u00ecn r\u1ea5t ng\u1ea5y nh\u01b0ng li\u1ec7u c\u00f3 kh\u00f3 \u0103n? - 2\" height=\"383\" data-id=\"1816173\" data-detail=\"1\" data-width=\"660\" data-height=\"383\" data-src=\"https:\/\/havamall.com\/wp-content\/uploads\/2024\/06\/1-15302704.jpg\" data-index=\"2\" data-was-processed=\"true\" \/><figcaption>\n<p class=\"expEdit\" style=\"text-align: center\">Salo l\u00e0m t\u1eeb m\u1ee1 l\u1ee3n ph\u1ed5 bi\u1ebfn v\u00e0 \u0111\u01b0\u1ee3c d\u00f9ng nhi\u1ec1u nh\u1ea5t. (\u1ea2nh minh h\u1ecda)<\/p>\n<\/figcaption><\/figure>\n<p>Kh\u00e1c v\u1edbi m\u1ee1 l\u1ee3n \u1edf Vi\u1ec7t Nam th\u01b0\u1eddng \u0111\u01b0\u1ee3c r\u00e1n ch\u1ea3y, salo c\u1ee7a Nga l\u00e0 th\u1ecbt m\u1ee1 \u1edf ph\u1ea7n l\u01b0ng c\u1ee7a con l\u1ee3n, c\u00f3 ho\u1eb7c kh\u00f4ng c\u00f3 da. Sau khi c\u1eaft th\u00e0nh t\u1eebng mi\u1ebfng c\u00f3 k\u00edch c\u1ee1 kho\u1ea3ng 15 \u00d7 20cm, ph\u1ea7n m\u1ee1 n\u00e0y s\u1ebd \u0111\u01b0\u1ee3c \u01b0\u1edbp mu\u1ed1i ho\u1eb7c ng\u00e2m n\u01b0\u1edbc mu\u1ed1i l\u00ean men. Ng\u01b0\u1eddi Nga s\u1ebd \u0111\u1eb7t m\u1ee1 l\u1ee3n v\u00e0o m\u1ed9t c\u00e1i th\u00f9ng g\u1ed7, xen k\u1ebd gi\u1eefa c\u00e1c l\u1edbp m\u1ee1 l\u00e0 m\u1ed9t l\u1edbp mu\u1ed1i d\u00e0y kho\u1ea3ng 1cm.<\/p>\n<figure class=\"expNoEdit\"><img decoding=\"async\" class=\"lazy loaded aligncenter\" src=\"https:\/\/havamall.com\/wp-content\/uploads\/2024\/06\/eb9d4cc30e977bf4a9fa7e5ca7142da6-15315226.jpg\" alt=\"C\u1ee5c m\u1ee1 l\u1ee3n \u01b0\u1edbp mu\u1ed1i khi\u1ebfn ng\u01b0\u1eddi Nga m\u00ea m\u1ec7t, nh\u00ecn r\u1ea5t ng\u1ea5y nh\u01b0ng li\u1ec7u c\u00f3 kh\u00f3 \u0103n? - 3\" height=\"493\" data-id=\"1816174\" data-detail=\"1\" data-width=\"660\" data-height=\"493\" data-src=\"https:\/\/havamall.com\/wp-content\/uploads\/2024\/06\/eb9d4cc30e977bf4a9fa7e5ca7142da6-15315226.jpg\" data-index=\"3\" data-was-processed=\"true\" \/><figcaption>\n<p class=\"expEdit\" style=\"text-align: center\">M\u1ee1 l\u1ee3n \u0111\u1ec3 s\u1ed1ng ho\u00e0n to\u00e0n, sau \u0111\u00f3 \u0111\u01b0\u1ee3c \u0111em \u0111i \u01b0\u1edbp mu\u1ed1i. (\u1ea2nh minh h\u1ecda)<\/p>\n<\/figcaption><\/figure>\n<p>Salo c\u00f3 th\u1ec3 \u0103n tr\u1ef1c ti\u1ebfp, th\u00e1i th\u00e0nh t\u1eebng l\u00e1t m\u1ecfng v\u00e0 \u0103n k\u00e8m v\u1edbi b\u00e1nh m\u00ec \u0111en ho\u1eb7c salad hay d\u01b0a chu\u1ed9t mu\u1ed1i. Nh\u00ecn c\u00f3 v\u1ebb ng\u1ea5y nh\u01b0ng th\u1ef1c ch\u1ea5t v\u1ecb c\u1ee7a salo kh\u00e1 ngon, c\u00f3 m\u00f9i th\u01a1m v\u00e0 v\u1ecb b\u00e9o \u0111\u1eb7c tr\u01b0ng c\u1ee7a m\u1ee1 l\u1ee3n. Ng\u01b0\u1eddi Nga khuy\u1ebfn c\u00e1o n\u00ean s\u1eed d\u1ee5ng m\u1ee1 mu\u1ed1i v\u1edbi r\u01b0\u1ee3u v\u00ec m\u00f3n n\u00e0y \u0111\u01b0\u1ee3c xem l\u00e0 1 ph\u01b0\u01a1ng thu\u1ed1c tuy\u1ec7t v\u1eddi ch\u1ed1ng say r\u01b0\u1ee3u. Ngo\u00e0i ra, salo c\u0169ng c\u00f3 th\u1ec3 n\u1ea5u ch\u00edn, l\u00e0m nh\u00e2n x\u00fac x\u00edch hay chi\u00ean v\u1edbi t\u1ecfi r\u1ed3i cho v\u00e0o m\u00f3n s\u00fap c\u1ee7 d\u1ec1n \u0111\u1ecf.<\/p>\n<figure class=\"expNoEdit\"><img decoding=\"async\" class=\"lazy loaded aligncenter\" src=\"https:\/\/havamall.com\/wp-content\/uploads\/2024\/06\/43847211410298031231920x080009b3040c172f47d06aa825eddac13e721-15325431.jpg\" alt=\"C\u1ee5c m\u1ee1 l\u1ee3n \u01b0\u1edbp mu\u1ed1i khi\u1ebfn ng\u01b0\u1eddi Nga m\u00ea m\u1ec7t, nh\u00ecn r\u1ea5t ng\u1ea5y nh\u01b0ng li\u1ec7u c\u00f3 kh\u00f3 \u0103n? - 4\" height=\"726\" data-id=\"1816176\" data-detail=\"1\" data-width=\"660\" data-height=\"726\" data-src=\"https:\/\/havamall.com\/wp-content\/uploads\/2024\/06\/43847211410298031231920x080009b3040c172f47d06aa825eddac13e721-15325431.jpg\" data-index=\"4\" data-was-processed=\"true\" \/><figcaption>\n<p class=\"expEdit\" style=\"text-align: center\">Salo c\u00f3 v\u1ecb kh\u00e1 ngon ch\u1ee9 kh\u00f4ng ng\u1ea5y nh\u01b0 v\u1ebb ngo\u00e0i. (\u1ea2nh minh h\u1ecda)<\/p>\n<\/figcaption><\/figure>\n<figure class=\"expNoEdit\"><img decoding=\"async\" class=\"lazy loaded aligncenter\" src=\"https:\/\/havamall.com\/wp-content\/uploads\/2024\/06\/dsc25731-15335381.jpg\" alt=\"C\u1ee5c m\u1ee1 l\u1ee3n \u01b0\u1edbp mu\u1ed1i khi\u1ebfn ng\u01b0\u1eddi Nga m\u00ea m\u1ec7t, nh\u00ecn r\u1ea5t ng\u1ea5y nh\u01b0ng li\u1ec7u c\u00f3 kh\u00f3 \u0103n? - 5\" height=\"438\" data-id=\"1816177\" data-detail=\"1\" data-width=\"660\" data-height=\"438\" data-src=\"https:\/\/havamall.com\/wp-content\/uploads\/2024\/06\/dsc25731-15335381.jpg\" data-index=\"5\" data-was-processed=\"true\" \/><figcaption>\n<p class=\"expEdit\" style=\"text-align: center\">M\u00f3n n\u00e0y th\u01b0\u1eddng \u0111\u01b0\u1ee3c \u0103n v\u1edbi b\u00e1nh m\u00ec \u0111en. (\u1ea2nh minh h\u1ecda)<\/p>\n<\/figcaption><\/figure>\n<figure class=\"expNoEdit\"><img decoding=\"async\" class=\"lazy loaded aligncenter\" src=\"https:\/\/havamall.com\/wp-content\/uploads\/2024\/06\/61e138698a509a3e490e9a7e-15342439.jpg\" alt=\"C\u1ee5c m\u1ee1 l\u1ee3n \u01b0\u1edbp mu\u1ed1i khi\u1ebfn ng\u01b0\u1eddi Nga m\u00ea m\u1ec7t, nh\u00ecn r\u1ea5t ng\u1ea5y nh\u01b0ng li\u1ec7u c\u00f3 kh\u00f3 \u0103n? - 6\" height=\"440\" data-id=\"1816178\" data-detail=\"1\" data-width=\"660\" data-height=\"440\" data-src=\"https:\/\/havamall.com\/wp-content\/uploads\/2024\/06\/61e138698a509a3e490e9a7e-15342439.jpg\" data-index=\"6\" data-was-processed=\"true\" \/><figcaption>\n<p class=\"expEdit\" style=\"text-align: center\">Salo k\u1ebft h\u1ee3p v\u1edbi d\u01b0a chu\u1ed9t mu\u1ed1i c\u0169ng cho ra h\u01b0\u01a1ng v\u1ecb tuy\u1ec7t v\u1eddi. (\u1ea2nh minh h\u1ecda)<\/p>\n<\/figcaption><\/figure>\n<figure class=\"expNoEdit\"><img decoding=\"async\" class=\"lazy loaded aligncenter\" src=\"https:\/\/havamall.com\/wp-content\/uploads\/2024\/06\/5f159fa215e9f948190faa43-15354022.jpg\" alt=\"C\u1ee5c m\u1ee1 l\u1ee3n \u01b0\u1edbp mu\u1ed1i khi\u1ebfn ng\u01b0\u1eddi Nga m\u00ea m\u1ec7t, nh\u00ecn r\u1ea5t ng\u1ea5y nh\u01b0ng li\u1ec7u c\u00f3 kh\u00f3 \u0103n? - 7\" height=\"454\" data-id=\"1816179\" data-detail=\"1\" data-width=\"660\" data-height=\"454\" data-src=\"https:\/\/havamall.com\/wp-content\/uploads\/2024\/06\/5f159fa215e9f948190faa43-15354022.jpg\" data-index=\"7\" data-was-processed=\"true\" \/><figcaption>\n<p class=\"expEdit\" style=\"text-align: center\">Ngo\u00e0i ra m\u00f3n \u0103n n\u00e0y c\u0169ng c\u00f3 th\u1ec3 n\u1ea5u ch\u00edn v\u1edbi t\u1ecfi. (\u1ea2nh minh h\u1ecda)<\/p>\n<\/figcaption><\/figure>\n<p>Trong salo c\u00f3 ch\u1ee9a axit arachidonic gi\u00fap c\u1ea3i thi\u1ec7n ch\u1ee9c n\u0103ng c\u1ee7a n\u00e3o v\u00e0 tim, c\u00e1c lo\u1ea1i &#8220;vitamin l\u00e0m \u0111\u1eb9p&#8221; A, E v\u00e0 D&#8230; Tuy nhi\u00ean, v\u00ec \u0111\u01b0\u1ee3c ch\u1ebf bi\u1ebfn t\u1eeb m\u1ee1 \u0111\u1ed9ng v\u1eadt n\u00ean c\u00e1c chuy\u00ean gia y t\u1ebf khuy\u1ebfn ngh\u1ecb m\u1ed7i ng\u00e0y, ng\u01b0\u1eddi tr\u01b0\u1edfng th\u00e0nh ch\u1ec9 n\u00ean n\u1ea1p 10 &#8211; 12g salo v\u00e0 t\u1ed1i \u0111a kh\u00f4ng qu\u00e1 50g m\u1ed7i ng\u00e0y, 100 &#8211; 150g\/tu\u1ea7n.<\/p>","protected":false},"excerpt":{"rendered":"<p>X\u1ee9 b\u1ea1ch d\u01b0\u01a1ng r\u1ed9ng l\u1edbn c\u00f3 m\u1ed9t m\u00f3n \u0103n kh\u00e1 \u0111\u1ed9c \u0111\u00e1o, \u0111\u00f3 l\u00e0 salo hay m\u1ee1 l\u1ee3n mu\u1ed1i. D\u00f9<\/p>","protected":false},"featured_media":43193,"comment_status":"open","ping_status":"closed","template":"","meta":[],"product_brand":[],"product_cat":[729,703,36,275],"product_tag":[],"class_list":{"0":"post-34682","1":"product","2":"type-product","3":"status-publish","4":"has-post-thumbnail","6":"product_cat-nhap-khau-nga","7":"product_cat-thit-xuc-xich","8":"product_cat-thuc-pham-tieu-dung","9":"product_cat-thuc-pham-dong-lanh","11":"first","12":"instock","13":"sale","14":"shipping-taxable","15":"purchasable","16":"product-type-simple"},"_links":{"self":[{"href":"https:\/\/havamall.com\/en\/wp-json\/wp\/v2\/product\/34682","targetHints":{"allow":["GET"]}}],"collection":[{"href":"https:\/\/havamall.com\/en\/wp-json\/wp\/v2\/product"}],"about":[{"href":"https:\/\/havamall.com\/en\/wp-json\/wp\/v2\/types\/product"}],"replies":[{"embeddable":true,"href":"https:\/\/havamall.com\/en\/wp-json\/wp\/v2\/comments?post=34682"}],"version-history":[{"count":0,"href":"https:\/\/havamall.com\/en\/wp-json\/wp\/v2\/product\/34682\/revisions"}],"wp:featuredmedia":[{"embeddable":true,"href":"https:\/\/havamall.com\/en\/wp-json\/wp\/v2\/media\/43193"}],"wp:attachment":[{"href":"https:\/\/havamall.com\/en\/wp-json\/wp\/v2\/media?parent=34682"}],"wp:term":[{"taxonomy":"product_brand","embeddable":true,"href":"https:\/\/havamall.com\/en\/wp-json\/wp\/v2\/product_brand?post=34682"},{"taxonomy":"product_cat","embeddable":true,"href":"https:\/\/havamall.com\/en\/wp-json\/wp\/v2\/product_cat?post=34682"},{"taxonomy":"product_tag","embeddable":true,"href":"https:\/\/havamall.com\/en\/wp-json\/wp\/v2\/product_tag?post=34682"}],"curies":[{"name":"wp","href":"https:\/\/api.w.org\/{rel}","templated":true}]}}