{"id":34860,"date":"2024-07-01T17:17:53","date_gmt":"2024-07-01T10:17:53","guid":{"rendered":"https:\/\/havamall.com\/?post_type=product&#038;p=34860"},"modified":"2026-03-18T11:41:20","modified_gmt":"2026-03-18T04:41:20","slug":"trai-mo-cat-doi-dong-lanh-metro-chef-apricot-halves-frozen-1kg","status":"publish","type":"product","link":"https:\/\/havamall.com\/en\/shop\/trai-mo-cat-doi-dong-lanh-metro-chef-apricot-halves-frozen-1kg\/","title":{"rendered":"Tr\u00e1i m\u01a1 c\u1eaft \u0111\u00f4i \u0111\u00f4ng l\u1ea1nh &#8211; Metro Chef &#8211; Apricot Halves Frozen 1kg"},"content":{"rendered":"<h2><strong>TH\u00d4NG TIN CHUNG<\/strong><\/h2>\n<table>\n<tbody>\n<tr>\n<td>Th\u01b0\u01a1ng hi\u1ec7u<\/td>\n<td>Havafoodies<\/td>\n<\/tr>\n<tr>\n<td>Xu\u1ea5t x\u1ee9<\/td>\n<td>H\u00e0 Lan<\/td>\n<\/tr>\n<tr>\n<td>Th\u00e0nh ph\u1ea7n<\/td>\n<td>Tr\u00e1i M\u01a1 100%<\/td>\n<\/tr>\n<tr>\n<td>H\u1ea1n s\u1eed d\u1ee5ng<\/td>\n<td>Xem tr\u1ef1c ti\u1ebfp tr\u00ean bao b\u00ec<\/td>\n<\/tr>\n<tr>\n<td>B\u1ea3o qu\u1ea3n<\/td>\n<td>\u0110\u1ec3 n\u01a1i kh\u00f4 r\u00e1o, tho\u00e1ng m\u00e1t, tr\u00e1nh \u00e1nh n\u1eafng tr\u1ef1c ti\u1ebfp<\/td>\n<\/tr>\n<tr>\n<td>Kh\u1ed1i l\u01b0\u1ee3ng<\/td>\n<td>1kg<\/td>\n<\/tr>\n<\/tbody>\n<\/table>\n<p>T\u1eeb \u0111\u1ea7u th\u00e1ng 3 d\u01b0\u01a1ng l\u1ecbch, m\u01a1 \u0111\u00e3 \u0111\u01b0\u1ee3c b\u00e0y b\u00e1n t\u1ea1i c\u00e1c ch\u1ee3 nh\u01b0ng qu\u1ea3 c\u00f2n nh\u1ecf, xanh v\u00e0 \u0111\u1eafng. Ph\u1ea3i \u0111\u1ebfn gi\u1eefa th\u00e1ng 3, \u0111\u1ea7u th\u00e1ng 4 d\u01b0\u01a1ng l\u1ecbch th\u00ec m\u01a1 m\u1edbi ch\u00ednh th\u1ee9c v\u00e0o m\u00f9a. \u0110\u00e2y ch\u00ednh l\u00e0 l\u00fac m\u01a1 ch\u00edn r\u1ed9 nh\u1ea5t, th\u01a1m ngon nh\u1ea5t v\u00e0 gi\u00e1 c\u0169ng r\u1ebb nh\u1ea5t. Sang th\u00e1ng 5, m\u01a1 ch\u00edn v\u00e0ng \u0111\u01b0\u1ee3c b\u00e0y b\u00e1n, nh\u01b0ng s\u1ed1 l\u01b0\u1ee3ng kh\u00f4ng c\u00f2n nhi\u1ec1u nh\u01b0 \u0111\u1ee3t th\u00e1ng 4. \u0110\u1ec3 l\u01b0u gi\u1eef c\u0169ng nh\u01b0 b\u1ea3o qu\u1ea3n m\u01a1 \u0111\u1ec3 c\u00f3 th\u1ec3 s\u1eed d\u1ee5ng quanh n\u0103m, th\u00ec th\u01b0\u1eddng c\u00e1c nh\u00e0 s\u1ea3n xu\u1ea5t ch\u1ecdn s\u1ea5y kh\u00f4 m\u01a1, \u0111\u00f3ng h\u1ed9p ng\u00e2m \u0111\u01b0\u1eddng ho\u1eb7c \u0111\u00f4ng l\u1ea1nh. Tuy nhi\u00ean so v\u1edbi 2 c\u00e1ch tr\u00ean th\u00ec \u0111\u00f4ng l\u1ea1nh tr\u00e1i m\u01a1 gi\u00fap gi\u1eef d\u01b0\u1ee1ng ch\u1ea5t cao nh\u1ea5t.<\/p>\n<p><img fetchpriority=\"high\" decoding=\"async\" class=\"wp-image-34862 aligncenter\" src=\"https:\/\/havamall.com\/wp-content\/uploads\/2024\/07\/5464-300x169.png\" alt=\"\" width=\"641\" height=\"361\" \/><\/p>\n<p>Qu\u1ea3 m\u01a1 t\u1eeb l\u00e2u \u0111\u00e3 \u0111\u01b0\u1ee3c bi\u1ebft \u0111\u1ebfn l\u00e0 m\u1ed9t lo\u1ea1i tr\u00e1i c\u00e2y r\u1ea5t t\u1ed1t cho s\u1ee9c kh\u1ecfe. H\u01a1n 90% qu\u1ea3 m\u01a1 \u0111\u01b0\u1ee3c tr\u1ed3ng \u1edf nh\u1eefng khu v\u01b0\u1eddn \u0111\u1ea7y n\u1eafng \u1edf bang California c\u1ee7a M\u1ef9 v\u00e0 Th\u1ed5 Nh\u0129 K\u1ef3. Nghi\u00ean c\u1ee9u cho th\u1ea5y, m\u01a1 l\u00e0 m\u1ed9t trong 4 lo\u1ea1i tr\u00e1i c\u00e2y phong ph\u00fa ch\u1ea5t x\u01a1 v\u00e0 s\u1eaft (c\u00f9ng v\u1edbi sung, nho kh\u00f4 v\u00e0 m\u1eadn kh\u00f4), ch\u00ednh v\u00ec v\u1eady, c\u00e1c s\u1ea3n ph\u1ea9m t\u1eeb m\u01a1 r\u1ea5t \u0111\u01b0\u1ee3c \u01b0a chu\u1ed9ng.<\/p>\n<p>M\u01a1 \u0110\u00f4ng L\u1ea1nh c\u1ee7a Metro tuy\u1ec3n ch\u1ecdn nh\u1eefng qu\u1ea3 m\u01a1 t\u01b0\u01a1i ngon, ch\u00edn m\u1ecdng, ch\u1ea5t l\u01b0\u1ee3ng cao qua quy tr\u00ecnh IQF hi\u1ec7n \u0111\u1ea1i, l\u01b0u gi\u1eef \u0111\u01b0\u1ee3c h\u01b0\u01a1ng v\u1ecb v\u00e0 s\u1ef1 ng\u1ecdt n\u01b0\u1edbc c\u0103ng m\u1ecdng ph\u00eda b\u00ean trong qu\u1ea3 m\u01a1, \u0111\u1ed3ng th\u1eddi kh\u00f4ng l\u00e0m cho n\u00f3 m\u1ea5t \u0111i h\u00e0m l\u01b0\u1ee3ng dinh d\u01b0\u1ee1ng t\u1ed1t cho s\u1ee9c kh\u1ecfe. M\u01a1 \u0111\u00f4ng l\u1ea1nh Metro \u0111\u01b0\u1ee3c l\u00e0m 100% t\u1eeb tr\u00e1i m\u01a1 thi\u00ean nhi\u00ean, kh\u00f4ng ch\u1ee9a th\u00eam c\u00e1c h\u00f3a ch\u1ea5t, kh\u00f4ng th\u00eam \u0111\u01b0\u1eddng, hay ph\u1ee5 gia, ch\u1ea5t b\u1ea3o qu\u1ea3n, \u0111\u1ea3m b\u1ea3o an to\u00e0n tuy\u1ec7t \u0111\u1ed1i cho ng\u01b0\u1eddi d\u00f9ng.<\/p>\n<p>M\u01a1 \u0111\u01b0\u1ee3c \u0111\u00f3ng g\u00f3i v\u1edbi c\u00e1c kh\u1ed1i l\u01b0\u1ee3ng 1kg\/ t\u00fai \u0111\u1ec3 ph\u00f9 h\u1ee3p v\u1edbi nhu c\u1ea7u s\u1eed d\u1ee5ng c\u1ee7a t\u1eebng ng\u01b0\u1eddi m\u00e0 l\u1ea1i an to\u00e0n v\u00e0 ti\u1ec7n l\u1ee3i. M\u01a1 \u0111\u1ec3 \u0103n tr\u1ef1c ti\u1ebfp nh\u01b0 m\u1ed9t m\u00f3n \u0111\u1ed3 \u0103n v\u1eb7t h\u00e0ng ng\u00e0y ho\u1eb7c \u0103n c\u00f9ng kem, s\u1eefa chua, ch\u00e8 r\u1ea5t ngon v\u00e0 h\u1ea5p d\u1eabn.<\/p>\n<p><strong>C\u00f4ng d\u1ee5ng c\u1ee7a M\u01a1 \u0110\u00f4ng L\u1ea1nh:<\/strong><\/p>\n<p>&#8211; H\u00e0m l\u01b0\u1ee3ng Vitamin v\u00e0 kho\u00e1ng ch\u1ea5t c\u1ea7n thi\u1ebft cho c\u01a1 th\u1ec3, \u0111\u1eb7c bi\u1ec7t l\u00e0 Vitamin A, C v\u00e0 c\u00e1c kho\u00e1ng ch\u1ea5t Kali, Canxi, Ph\u1ed1t pho h\u1ed7 tr\u1ee3 r\u1ea5t t\u1ed1t cho ng\u01b0\u1eddi thi\u1ebfu m\u00e1u, th\u1ecb l\u1ef1c k\u00e9m, ng\u01b0\u1eddi s\u1ee9c \u0111\u1ec1 kh\u00e1ng y\u1ebfu, h\u1ec7 ti\u00eau h\u00f3a kh\u00f4ng \u1ed5n \u0111\u1ecbnh, t\u00e1o b\u00f3n,&#8230;<\/p>\n<p>&#8211; Ch\u1ee9a h\u00e0m l\u01b0\u1ee3ng s\u1eaft r\u1ea5t cao, ng\u0103n ng\u1eeba b\u1ec7nh thi\u1ebfu m\u00e1u, theo T\u1ed5 ch\u1ee9c Y t\u1ebf Th\u1ebf gi\u1edbi, M\u01a1 kh\u00f4 r\u1ea5t t\u1ed1t cho ph\u1ee5 n\u1eef th\u1eddi k\u1ef3 kinh nguy\u1ec7t v\u00e0 n\u00ean \u0111\u01b0a v\u00e0o ch\u1ebf \u0111\u1ed9 \u0103n u\u1ed1ng h\u00e0ng ng\u00e0y.<\/p>\n<p>&#8211; Cung c\u1ea5p ngu\u1ed3n Kali, gi\u00fap ch\u1ee9c n\u0103ng c\u01a1 b\u1eafp ho\u1ea1t \u0111\u1ed9ng th\u00edch h\u1ee3p v\u00e0 \u1ed5n \u0111\u1ecbnh nh\u1ecbp tim, th\u00fac \u0111\u1ea9y ti\u00eau h\u00f3a v\u00e0 x\u01b0\u01a1ng ch\u1eafc kh\u1ecfe. L\u01b0\u1ee3ng kali c\u00f3 trong M\u01a1 kh\u00f4 g\u1ea5p 3 l\u1ea7n chu\u1ed1i, s\u1eed d\u1ee5ng m\u01a1 kh\u00f4 h\u00e0ng ng\u00e0y \u0111\u1ec3 duy tr\u00ec huy\u1ebft \u00e1p \u1edf m\u1ee9c b\u00ecnh th\u01b0\u1eddng, l\u00e0m gi\u1ea3m nguy c\u01a1 \u0111\u1ed9t qu\u1ef5.<\/p>\n<p>&#8211; R\u1ea5t t\u1ed1t cho th\u1ecb l\u1ef1c, v\u1edbi h\u00e0m l\u01b0\u1ee3ng Vitamin A cao, th\u00fac \u0111\u1ea9y s\u1ef1 t\u0103ng tr\u01b0\u1edfng t\u1ebf b\u00e0o v\u00e0 ch\u1ee9c n\u0103ng h\u1ec7 th\u1ed1ng mi\u1ec5n d\u1ecbch v\u00e0 s\u1ee9c kh\u1ecfe \u0111\u00f4i m\u1eaft. Nghi\u00ean c\u1ee9u ch\u1ee9ng minh r\u1eb1ng, \u0103n m\u01a1 kh\u00f4 th\u01b0\u1eddng xuy\u00ean s\u1ebd gi\u1ea3m nguy c\u01a1 \u0111\u1ee5c th\u1ee7y tinh th\u1ec3 v\u00e0 nguy c\u01a1 tho\u00e1i h\u00f3a \u0111i\u1ec3m v\u00e0ng-nguy\u00ean nh\u00e2n ch\u00ednh c\u1ee7a m\u1ea5t th\u1ecb l\u1ef1c \u1edf ng\u01b0\u1eddi cao tu\u1ed5i. B\u00ean c\u1ea1nh \u0111\u00f3, Vitamin A c\u00f3 trong qu\u1ea3 m\u01a1 kh\u00f4 c\u00f3 th\u1ec3 ph\u00f2ng ng\u1eeba ung th\u01b0.<\/p>\n<p>&#8211; H\u1ed7 tr\u1ee3 ho\u1ea1t \u0111\u1ed9ng ti\u00eau h\u00f3a nhanh v\u00e0 hi\u1ec7u qu\u1ea3, ng\u1eeba t\u00e1o b\u00f3n. V\u1edbi m\u1ed9t l\u01b0\u1ee3ng ch\u1ea5t x\u01a1 \u0111\u00e1ng k\u1ec3, ch\u00fang s\u1ebd k\u1ebft h\u1ee3p v\u1edbi ax\u00edt b\u00e9o th\u00fac \u0111\u1ea9y s\u1ef1 b\u00e0i ti\u1ebft ch\u1ea5t th\u1ea3i, gi\u00fap duy tr\u00ec l\u01b0\u1ee3ng \u0111\u01b0\u1eddng trong m\u00e1u v\u00e0 cholesterol<\/p>\n<p>&#8211; Th\u00e0nh ph\u1ea7n ch\u1ee9a trong m\u01a1 kh\u00f4 c\u00f3 th\u1ec3 ch\u1eefa v\u00f4 sinh, xu\u1ea5t huy\u1ebft v\u00e0 co th\u1eaft, n\u00f3 \u0111\u01b0\u1ee3c xem nh\u01b0 l\u00e0 m\u1ed9t d\u01b0\u1ee3c ph\u1ea9m tuy\u1ec7t v\u1eddi d\u00e0nh cho ph\u1ee5 n\u1eef mang thai v\u00e0 cho con b\u00fa.<\/p>\n<p>&#8211; H\u1ed7 tr\u1ee3 ch\u1eefa tr\u1ecb c\u00e1c tri\u1ec7u ch\u1ee9ng c\u1ee7a b\u1ec7nh lao, hen suy\u1ec5n, vi\u00eam ph\u1ebf qu\u1ea3n.<\/p>\n<p>&#8211; Vitamin K c\u00f3 trong m\u01a1 s\u1ea5y kh\u00f4 c\u1ea7n thi\u1ebft cho qu\u00e1 tr\u00ecnh \u0111\u00f4ng m\u00e1u, \u0111\u1eb7c bi\u1ec7t trong nh\u1eefng tr\u01b0\u1eddng h\u1ee3p ch\u1ea5n th\u01b0\u01a1ng, \u0111\u1ec3 ng\u0103n ng\u1eeba ch\u1ea3y m\u00e1u qu\u00e1 m\u1ee9c.<\/p>\n<p>&#8211; Cho c\u00e1c ch\u1ee9c n\u0103ng c\u01a1 th\u1ec3 nh\u01b0 c\u1ea3i thi\u1ec7n s\u1ef1 trao \u0111\u1ed5i ch\u1ea5t v\u00e0 vai tr\u00f2 c\u1ee7a c\u00e1c m\u00f4, t\u1ebf b\u00e0o, n\u00f3 c\u00f2n gi\u00fap c\u01a1 b\u1eafp t\u0103ng tr\u01b0\u1edfng b\u00ecnh th\u01b0\u1eddng.<\/p>\n<p>&#8211; K\u1ebft h\u1ee3p v\u1edbi n\u01b0\u1edbc \u1ea5m v\u00e0 m\u1eadt ong c\u00f3 th\u1ec3 l\u00e0m gi\u1ea3m s\u1ed1t, h\u1ea1 nhi\u1ec7t, cung c\u1ea5p n\u0103ng l\u01b0\u1ee3ng c\u1ea7n thi\u1ebft cho ng\u01b0\u1eddi \u1ed1m, c\u1ea3m c\u00fam.<\/p>\n<p>Ngo\u00e0i ra, c\u00f2n r\u1ea5t h\u1eefu \u00edch trong ch\u0103m s\u00f3c da, d\u00f9ng \u0111i\u1ec1u tr\u1ecb c\u00e1c v\u1ea5n \u0111\u1ec1 v\u1ec1 da nh\u01b0 ng\u1ee9a do b\u1ecb ch\u00e1y n\u1eafng, gh\u1ebb. M\u01a1 ch\u00e0 l\u00ean c\u01a1 th\u1ec3 c\u00f3 th\u1ec3 t\u1ea9y t\u1ebf b\u00e0o ch\u1ebft cho da, th\u00e0nh ph\u1ea7n trong n\u00f3 gi\u00fap l\u00e0n da s\u00e1ng, m\u1ecbn m\u00e0ng.<\/p>\n<p><img decoding=\"async\" class=\"wp-image-34863 aligncenter\" src=\"https:\/\/havamall.com\/wp-content\/uploads\/2024\/07\/cjnf-300x169.png\" alt=\"\" width=\"749\" height=\"422\" \/><\/p>","protected":false},"excerpt":{"rendered":"<p>TH\u00d4NG TIN CHUNG Th\u01b0\u01a1ng hi\u1ec7u Havafoodies Xu\u1ea5t x\u1ee9 H\u00e0 Lan Th\u00e0nh ph\u1ea7n Tr\u00e1i M\u01a1 100% H\u1ea1n s\u1eed d\u1ee5ng Xem tr\u1ef1c<\/p>","protected":false},"featured_media":34864,"comment_status":"open","ping_status":"closed","template":"","meta":[],"product_brand":[],"product_cat":[730,36,275,684],"product_tag":[],"class_list":{"0":"post-34860","1":"product","2":"type-product","3":"status-publish","4":"has-post-thumbnail","6":"product_cat-cac-nuoc-khac","7":"product_cat-thuc-pham-tieu-dung","8":"product_cat-thuc-pham-dong-lanh","9":"product_cat-trai-cay-dong-lanh","10":"pa_brand-https-havamall-com-smetrochefpost_typeproductproduct_cat0","12":"first","13":"instock","14":"sale","15":"shipping-taxable","16":"purchasable","17":"product-type-simple"},"_links":{"self":[{"href":"https:\/\/havamall.com\/en\/wp-json\/wp\/v2\/product\/34860","targetHints":{"allow":["GET"]}}],"collection":[{"href":"https:\/\/havamall.com\/en\/wp-json\/wp\/v2\/product"}],"about":[{"href":"https:\/\/havamall.com\/en\/wp-json\/wp\/v2\/types\/product"}],"replies":[{"embeddable":true,"href":"https:\/\/havamall.com\/en\/wp-json\/wp\/v2\/comments?post=34860"}],"version-history":[{"count":0,"href":"https:\/\/havamall.com\/en\/wp-json\/wp\/v2\/product\/34860\/revisions"}],"wp:featuredmedia":[{"embeddable":true,"href":"https:\/\/havamall.com\/en\/wp-json\/wp\/v2\/media\/34864"}],"wp:attachment":[{"href":"https:\/\/havamall.com\/en\/wp-json\/wp\/v2\/media?parent=34860"}],"wp:term":[{"taxonomy":"product_brand","embeddable":true,"href":"https:\/\/havamall.com\/en\/wp-json\/wp\/v2\/product_brand?post=34860"},{"taxonomy":"product_cat","embeddable":true,"href":"https:\/\/havamall.com\/en\/wp-json\/wp\/v2\/product_cat?post=34860"},{"taxonomy":"product_tag","embeddable":true,"href":"https:\/\/havamall.com\/en\/wp-json\/wp\/v2\/product_tag?post=34860"}],"curies":[{"name":"wp","href":"https:\/\/api.w.org\/{rel}","templated":true}]}}