{"id":34866,"date":"2024-07-01T17:52:41","date_gmt":"2024-07-01T10:52:41","guid":{"rendered":"https:\/\/havamall.com\/?post_type=product&#038;p=34866"},"modified":"2025-11-06T11:07:33","modified_gmt":"2025-11-06T04:07:33","slug":"thom-dua-cat-vuong-dong-lanh-metro-chef-pineapple-chunks-frozen","status":"publish","type":"product","link":"https:\/\/havamall.com\/en\/shop\/thom-dua-cat-vuong-dong-lanh-metro-chef-pineapple-chunks-frozen\/","title":{"rendered":"Th\u01a1m D\u1ee9a C\u1eaft Vu\u00f4ng \u0110\u00f4ng L\u1ea1nh &#8211; Metro Chef &#8211; Pineapple Chunks Frozen"},"content":{"rendered":"<h2><strong>TH\u00d4NG TIN CHUNG<\/strong><\/h2>\n<table>\n<tbody>\n<tr>\n<td>Th\u01b0\u01a1ng hi\u1ec7u<\/td>\n<td>Havafoodies<\/td>\n<\/tr>\n<tr>\n<td>Xu\u1ea5t x\u1ee9<\/td>\n<td>H\u00e0 Lan<\/td>\n<\/tr>\n<tr>\n<td>Th\u00e0nh ph\u1ea7n<\/td>\n<td>Tr\u00e1i D\u1ee9a 100%<\/td>\n<\/tr>\n<tr>\n<td>H\u1ea1n s\u1eed d\u1ee5ng<\/td>\n<td>Xem tr\u1ef1c ti\u1ebfp tr\u00ean bao b\u00ec<\/td>\n<\/tr>\n<tr>\n<td>B\u1ea3o qu\u1ea3n<\/td>\n<td>\u0110\u1ec3 n\u01a1i kh\u00f4 r\u00e1o, tho\u00e1ng m\u00e1t, tr\u00e1nh \u00e1nh n\u1eafng tr\u1ef1c ti\u1ebfp<\/td>\n<\/tr>\n<tr>\n<td>Kh\u1ed1i l\u01b0\u1ee3ng<\/td>\n<td>1kg<\/td>\n<\/tr>\n<\/tbody>\n<\/table>\n<p dir=\"ltr\">Th\u01a1m \u0111\u00e3 \u0111\u01b0\u1ee3c \u0111\u00f4ng l\u1ea1nh ch\u00ednh l\u00e0 s\u1ea3n ph\u1ea9m s\u1ea1ch, t\u01b0\u01a1i ngon v\u00e0 \u0111\u1ea7y \u0111\u1ee7 ch\u1ea5t dinh d\u01b0\u1ee1ng. Th\u01a1m c\u1ea5p \u0111\u00f4ng \u0111\u1ec1u \u0111\u01b0\u1ee3c h\u00e1i tr\u1ef1c ti\u1ebfp t\u1eeb v\u01b0\u1eddn b\u1eb1ng tay. Sau \u0111\u00f3 v\u1ec1 ph\u00e2n lo\u1ea1i v\u00e0 tuy\u1ec3n ch\u1ecdn nh\u1eefng qu\u1ea3 ch\u00edn ph\u00f9 h\u1ee3p v\u1edbi \u0111\u1ed9 t\u01b0\u1edbi ngon t\u1ed1t nh\u1ea5t, \u0111\u1ec3 mang \u0111i s\u01a1 ch\u1ebf v\u00e0 th\u1ef1c hi\u1ec7n \u0111\u00f4ng l\u1ea1nh l\u1eadp t\u1ee9c. Nh\u01b0 v\u1eady s\u1ebd gi\u00fap qu\u1ea3 th\u01a1m sau khi \u0111\u00e3 \u0111\u01b0\u1ee3c \u0111\u00f4ng l\u1ea1nh v\u1eabn c\u00f2n nguy\u00ean v\u1ecb khi th\u01b0\u1edfng th\u1ee9c.<\/p>\n<p dir=\"ltr\"><em><img fetchpriority=\"high\" decoding=\"async\" class=\"aligncenter\" src=\"https:\/\/havamall.com\/wp-content\/uploads\/2024\/07\/thom-dong-lanh.jpg\" alt=\"\u200b\u200b\u200b\u200b\u200b\u200b\u200bTh\u01a1m \u0111\u00f4ng l\u1ea1nh ch\u1ee9a nhi\u1ec1u ch\u1ea5t dinh d\u01b0\u1ee1ng t\u1ed1t cho c\u01a1 th\u1ec3\" width=\"600\" height=\"400\" \/><\/em><\/p>\n<p dir=\"ltr\" style=\"text-align: center\"><em>\u200b\u200b\u200b\u200b\u200b\u200b\u200bTh\u01a1m \u0111\u00f4ng l\u1ea1nh ch\u1ee9a nhi\u1ec1u ch\u1ea5t dinh d\u01b0\u1ee1ng t\u1ed1t cho c\u01a1 th\u1ec3<\/em><\/p>\n<p dir=\"ltr\">Do \u0111\u00f3, s\u1ea3n ph\u1ea9m th\u01a1m \u0111\u00f4ng l\u1ea1nh ho\u00e0n to\u00e0n t\u1eeb 100% tr\u00e1i c\u00e2y t\u01b0\u01a1i. L\u1ea1i \u0111\u01b0\u1ee3c ch\u1ebf bi\u1ebfn v\u1edbi m\u1ed9t quy tr\u00ecnh chu\u1ea9n, \u0111\u00e1p \u1ee9ng \u0111\u1ea7y \u0111\u1ee7 m\u1ecdi ti\u00eau ch\u00ed v\u1ec1 v\u1ec7 sinh an to\u00e0n th\u1ef1c ph\u1ea9m. N\u00ean khi \u0111\u1ebfn tay ng\u01b0\u1eddi ti\u00eau d\u00f9ng l\u00e0 m\u1ed9t s\u1ea3n ph\u1ea9m th\u01a1m th\u1eadt s\u1ef1 t\u01b0\u01a1i ngon, \u0111\u1ea3m b\u1ea3o c\u00f3 h\u01b0\u01a1ng v\u1ecb gi\u1ed1ng nh\u01b0 th\u01a1m t\u01b0\u01a1i b\u00ecnh th\u01b0\u1eddng.<\/p>\n<p dir=\"ltr\">H\u01a1n th\u1ebf, th\u01a1m c\u1ea5p \u0111\u00f4ng l\u1ea1nh c\u00f2n b\u1ed5 sung nhi\u1ec1u dinh d\u01b0\u1ee1ng thi\u1ebft y\u1ebfu cho c\u01a1 th\u1ec3 nh\u01b0: Ch\u1ee9a h\u00e0m l\u01b0\u1ee3ng axit h\u1eefu c\u01a1 cao, cung c\u1ea5p nhi\u1ec1u kali, canxi, magie, vitamin C, protein, \u0111\u1ed3ng, mangan, beta-carotene vitamin, B6, B2, folate, ch\u1ea5t x\u01a1\u2026. V\u1edbi nh\u1eefng d\u01b0\u1ee1ng ch\u1ea5t n\u00e0y s\u1ebd gi\u00fap c\u01a1 th\u1ec3 c\u00f3 th\u00eam n\u0103ng l\u01b0\u1ee3ng, t\u0103ng c\u01b0\u1eddng th\u1ec3 l\u1ef1c s\u1ee9c \u0111\u1ec1 kh\u00e1ng, ch\u1ed1ng oxy h\u00f3a, gi\u00fap x\u01b0\u01a1ng ch\u1eafc kh\u1ecfe, l\u00e0m c\u1ea3i thi\u1ec7n h\u1ec7 ti\u00eau h\u00f3a, ng\u1eeba ung th\u01b0 v\u00e0 c\u00f2n c\u00f3 th\u1ec3 h\u1ed7 tr\u1ee3 t\u1ed1t cho c\u00e1c v\u1ea5n \u0111\u1ec1 v\u1ec1 tim m\u1ea1ch. T\u1eeb \u0111\u00f3, c\u00f3 th\u1ec3 th\u1ea5y \u0111\u01b0\u1ee3c th\u01a1m \u0111\u00f4ng l\u1ea1nh c\u00f3 h\u00e0m l\u01b0\u1ee3ng dinh d\u01b0\u1ee1ng cao v\u00e0 v\u00f4 c\u00f9ng t\u1ed1t v\u1edbi s\u1ee9c kh\u1ecfe ng\u01b0\u1eddi.<\/p>\n<p dir=\"ltr\">V\u1edbi lo\u1ea1i th\u01a1m \u0111\u00e3 \u0111\u00f4ng l\u1ea1nh n\u00e0y, b\u1ea1n c\u0169ng c\u00f3 th\u1ec3 d\u1ec5 d\u00e0ng ch\u1ebf bi\u1ebfn th\u00e0nh nh\u1eefng m\u00f3n \u0103n y\u00eau th\u00edch, th\u01a1m ngon v\u00e0 b\u1ed5 d\u01b0\u1ee1ng nh\u01b0: l\u00e0m b\u00e1nh, l\u00e0m m\u1ee9c, xay sinh t\u1ed1, th\u01a1m rim th\u1ecbt, c\u01a1m tr\u00e1i th\u01a1m\u2026ho\u1eb7c d\u00f9ng l\u00e0m n\u01b0\u1edbc s\u1ed1t cho c\u00e1c m\u00f3n \u0103n \u0111\u1ec1u r\u1ea5t h\u1ea5p d\u1eabn nh\u00e9!<\/p>\n<h2 dir=\"ltr\">C\u00e1ch b\u1ea3o qu\u1ea3n th\u01a1m \u0111\u00f4ng l\u1ea1nh<\/h2>\n<p dir=\"ltr\">V\u1edbi ph\u01b0\u01a1ng ph\u00e1p c\u1ea5p \u0111\u00f4ng n\u00e0y th\u01a1m s\u1ebd gi\u1eef \u0111\u01b0\u1ee3c nguy\u00ean v\u1eb9n t\u00ednh ch\u1ea5t ban \u0111\u1ea7u v\u00e0 c\u1ea3 v\u1ec1 h\u00ecnh d\u00e1ng c\u0169ng v\u1eady. B\u1edfi \u1edf nhi\u1ec7t \u0111\u1ed9 th\u1ea5p, vi sinh v\u1eadt c\u0169ng s\u1ebd b\u1ecb \u0111\u00f3ng b\u0103ng, n\u00ean s\u1ebd kh\u00f4ng th\u1ec3 ph\u00e1t tri\u1ec3n v\u00e0 g\u00e2y h\u01b0 h\u1ecfng th\u01a1m. Nh\u01b0ng quy tr\u00ecnh \u0111\u00f4ng l\u1ea1nh th\u01a1m c\u1ea7n ph\u1ea3i th\u1ef1c hi\u1ec7n \u0111\u00fang chu\u1ea9n, an to\u00e0n v\u1ec7 sinh. C\u1ee5 th\u1ec3:<\/p>\n<p dir=\"ltr\"><img decoding=\"async\" class=\"aligncenter\" src=\"https:\/\/havamall.com\/wp-content\/uploads\/2024\/07\/thom-dong-lanh-1.jpg\" alt=\"C\u1ea7n s\u01a1 ch\u1ebf th\u01a1m s\u1ea1ch s\u1ebd tr\u01b0\u1edbc khi l\u00e0m \u0111\u00f4ng\" width=\"600\" height=\"400\" \/><\/p>\n<p dir=\"ltr\"><em>C\u1ea7n s\u01a1 ch\u1ebf th\u01a1m s\u1ea1ch s\u1ebd tr\u01b0\u1edbc khi l\u00e0m \u0111\u00f4ng<\/em><\/p>\n<ul>\n<li dir=\"ltr\">\n<p dir=\"ltr\">\u0110\u1ea7u ti\u00ean, thu mua th\u01a1m t\u1eeb nh\u00e0 v\u01b0\u1eddn v\u1ec1 ph\u00e2n lo\u1ea1i v\u00e0 l\u1ef1a ch\u1ecdn k\u1ef9 l\u01b0\u1ee1ng nh\u1eefng qu\u1ea3 th\u01a1m \u0111\u1ea1t ch\u1ea5t l\u01b0\u1ee3ng \u0111\u1ec3 l\u00e0m th\u01a1m \u0111\u00f4ng l\u1ea1nh.<\/p>\n<\/li>\n<li dir=\"ltr\">\n<p dir=\"ltr\">R\u1eeda s\u1ea1ch th\u01a1m c\u00f3 th\u1ec3 ng\u00e2m v\u1edbi n\u01b0\u1edbc mu\u1ed1i ho\u1eb7c d\u00f9ng ch\u1ea5t h\u00f3a h\u1ecdc acid Ascorbic. Ch\u1ea5t n\u00e0y, gi\u00fap ng\u0103n c\u00e1c enzyme trong th\u01a1m kh\u00f4ng b\u1ecb ch\u00edn qu\u00e1 m\u1ee9c.<\/p>\n<\/li>\n<li dir=\"ltr\">\n<p dir=\"ltr\">Ti\u1ebfp theo, th\u1ef1c hi\u1ec7n s\u01a1 ch\u1ebf g\u1ecdt v\u1ecf, c\u1eaft m\u1eaft, l\u1ea5y c\u00f9i ch\u1ebb th\u01a1m ra theo nhi\u1ec1u h\u00ecnh d\u1ea1ng y\u00eau c\u1ea7u. Ti\u1ebfp t\u1ee5c l\u00e0m s\u1ea1ch tr\u01b0\u1edbc \u0111i c\u1ea5p \u0111\u00f4ng.<\/p>\n<\/li>\n<li dir=\"ltr\">\n<p dir=\"ltr\">Sau \u0111\u00f3, ch\u00fang ta nhanh ch\u00f3ng l\u00e0 th\u01a1m \u0111\u00f4ng l\u1ea1nh t\u1ed1t nh\u1ea5t n\u00ean \u0111\u00f4ng l\u1ea1nh th\u01a1m \u1edf nhi\u1ec7t \u0111\u1ed9 &#8211; 35 \u0111\u1ed9 C, \u1edf m\u1ed9t th\u1eddi gian nh\u00e2n \u0111\u1ecbnh.<\/p>\n<\/li>\n<li dir=\"ltr\">\n<p dir=\"ltr\">Cu\u1ed1i c\u00f9ng cho v\u00e0o t\u00fai h\u00fat ch\u00e2n kh\u00f4ng \u0111\u1ec3 b\u1ea3o qu\u1ea3n th\u01a1m t\u1ed1t nh\u1ea5t. N\u1ebfu \u0111\u01b0\u1ee3c th\u00ec \u0111\u00f3ng th\u00f9ng v\u00e0 ti\u1ebfp t\u1ee5c cho v\u00e0o kho l\u1ea1nh \u0111\u1ec3 b\u1ea3o qu\u1ea3n.<\/p>\n<\/li>\n<\/ul>\n<p dir=\"ltr\">Nhi\u1ec7t \u0111\u1ed9 b\u1ea3o qu\u1ea3n t\u1ed1t nh\u1ea5t \u0111\u1ed1i v\u1edbi th\u01a1m \u0111\u00e3 \u0111\u01b0\u1ee3c \u0111\u00f4ng l\u1ea1nh l\u00e0: t\u1eeb -18 \u0111\u1ebfn -23 \u0111\u1ed9 C. V\u1edbi c\u00e1ch \u0111\u00f4ng l\u1ea1nh n\u00e0y, th\u01a1m s\u1ebd c\u00f3 h\u1ea1n s\u1eed d\u1ee5ng t\u1ed1t nh\u1ea5t l\u00ean \u0111\u1ebfn 12 &#8211; 24 th\u00e1ng k\u1ec3 t\u1eeb ng\u00e0y s\u1ea3n xu\u1ea5t. V\u00ec th\u1ebf, ch\u1eb3ng c\u1ea7n theo m\u00e0u n\u00e0o trong n\u0103m, b\u1ea1n v\u1eabn c\u00f3 th\u1ec3 \u0103n lo\u1ea1i th\u01a1m m\u1ecdi l\u00fac khi l\u1ef1a ch\u1ecdn lo\u1ea1i th\u01a1m \u0111\u00e3 \u0111\u01b0\u1ee3c c\u1ea5p \u0111\u00f4ng \u0111\u1ec3 s\u1eed d\u1ee5ng.<\/p>\n<h2 dir=\"ltr\">Havamall Gourmet \u2013 \u0110\u1ecba Ch\u1ec9 mua th\u01a1m \u0111\u00f4ng l\u1ea1nh uy t\u00edn, ch\u1ea5t l\u01b0\u1ee3ng t\u1ed1t<\/h2>\n<p dir=\"ltr\">B\u1ea1n mu\u1ed1n mua lo\u1ea1i th\u01a1m \u0111\u00e3 \u0111\u01b0\u1ee3c c\u1ea5p \u0111\u00f4ng v\u1ec1 \u0111\u1ec3 ch\u1ebf bi\u1ebfn th\u00e0nh nhi\u1ec1u m\u00f3n \u0103n, \u0111\u1ed3 u\u1ed1ng ngon b\u1ed5 d\u01b0\u1ee1ng. Nh\u01b0ng b\u1ea1n l\u1ea1i b\u0103n kho\u0103n kh\u00f4ng bi\u1ebft n\u00ean ch\u1ecdn mua \u1edf \u0111\u00e2u uy t\u00edn, ch\u1ea5t l\u01b0\u1ee3ng, gi\u00e1 t\u1ed1t. V\u1eady h\u00e3y gh\u00e9 ngay \u0111\u1ebfn v\u1edbi c\u1eeda h\u00e0ng Havamall, t\u1ea1i \u0111\u00e2y ch\u00ednh l\u00e0 \u0111\u1ecba ch\u1ec9 t\u1ed1t nh\u1ea5t \u0111\u00e1ng \u0111\u1ec3 m\u1ecdi kh\u00e1ch h\u00e0ng tin ch\u1ecdn. V\u00ec \u0111\u01a1n v\u1ecb lu\u00f4n \u0111i \u0111\u1ea7u trong vi\u1ec7c cung c\u1ea5p tr\u00e1i c\u00e2y \u0111\u00f4ng l\u1ea1nh \u0111\u1ea3m b\u1ea3o dinh d\u01b0\u1ee1ng \u0111\u1ea7y \u0111\u1ee7, t\u01b0\u01a1i ngon v\u00e0 tr\u00f2n v\u1ecb nh\u01b0 ban \u0111\u1ea7u. \u0110\u1ed3ng th\u1eddi, t\u1ea1i ch\u00fang t\u00f4i c\u00f2n \u0111\u00e1p \u1ee9ng \u0111\u1ea7y \u0111\u1ee7 m\u1ecdi ti\u00eau ch\u00ed v\u1ec1 m\u1ed9t \u0111\u1ecba ch\u1ec9 cung c\u1ea5p tr\u00e1i c\u00e2y \u0111\u00f4ng l\u1ea1nh ch\u1ea5t l\u01b0\u1ee3ng cao nh\u01b0 sau:<\/p>\n<p dir=\"ltr\"><img decoding=\"async\" class=\"aligncenter\" src=\"https:\/\/havamall.com\/wp-content\/uploads\/2024\/07\/thom-dong-lanh-2.jpg\" alt=\"Chanh Leo Bazan \u2013 \u0110\u1ecba Ch\u1ec9 mua th\u01a1m \u0111\u00f4ng l\u1ea1nh uy t\u00edn, ch\u1ea5t l\u01b0\u1ee3ng t\u1ed1t\" width=\"600\" height=\"400\" \/>\u200b\u200b\u200b\u200b\u200b\u200b\u200b<\/p>\n<ul>\n<li dir=\"ltr\">\n<p dir=\"ltr\">Tr\u00e1i c\u00e2y c\u0169ng nh\u01b0 th\u01a1m \u0111\u00f4ng l\u1ea1nh \u0111\u1ec1u l\u00e0 nh\u1eefng qu\u1ea3 \u0111\u01b0\u1ee3c tuy\u1ec3n ch\u1ecdn k\u1ef9 l\u01b0\u1ee1ng, t\u01b0\u01a1i ngon t\u1eeb nh\u00e0 v\u01b0\u1eddn.<\/p>\n<\/li>\n<li dir=\"ltr\">\n<p dir=\"ltr\">Cam k\u1ebft \u0111\u1ea3m b\u1ea3o v\u1ea5n \u0111\u1ec1 v\u1ec1 v\u1ec7 sinh an to\u00e0n th\u1ef1c ph\u1ea9m. C\u00f3 \u0111\u01a1n v\u1ecb c\u01a1 quan ki\u1ec3m tra v\u00e0 c\u1ea5p gi\u1ea5y ch\u1ee9ng nh\u1eadn \u0111\u1ea1t ti\u00eau chu\u1ea9n s\u1ea1ch &#8211; h\u1ee3p v\u1ec7 sinh.<\/p>\n<\/li>\n<li dir=\"ltr\">\n<p dir=\"ltr\">Qu\u00e1 tr\u00ecnh ch\u1ebf bi\u1ebfn chu \u0111\u00e1o, k\u1ef9 l\u01b0\u1ee1ng, c\u00f4ng ngh\u1ec7 \u0111\u00f4ng l\u1ea1nh si\u00eau t\u1ed1c hi\u1ec7n \u0111\u1ea1i. Nh\u1eb1m \u0111\u1ea3m b\u1ea3o gi\u1eef nguy\u00ean h\u00e0m l\u01b0\u1ee3ng d\u01b0\u1ee1ng thi\u1ebft y\u1ebfu v\u00e0 \u0111\u1ed9 t\u01b0\u01a1i ngon.<\/p>\n<\/li>\n<li dir=\"ltr\">\n<p dir=\"ltr\">Cam k\u1ebft v\u1edbi nh\u1eefng s\u1ea3n ph\u1ea9m th\u01a1m \u0111\u00f4ng l\u1ea1nh ho\u00e0n to\u00e0n t\u1ef1 nhi\u00ean an to\u00e0n. Kh\u00f4ng ch\u1ea5t b\u1ea3o qu\u1ea3n, kh\u00f4ng h\u01b0\u01a1ng v\u1ecb nh\u00e2n t\u1ea1o, kh\u00f4ng h\u00f3a ch\u1ea5t, kh\u00f4ng ph\u1ea9m m\u00e0u.<\/p>\n<\/li>\n<li dir=\"ltr\">\n<p dir=\"ltr\">Ngo\u00e0i th\u01a1m, t\u1ea1i Havamall c\u00f2n cung c\u1ea5p nhi\u1ec1u lo\u1ea1i tr\u00e1i c\u00e2y \u0111\u00f4ng l\u1ea1nh kh\u00e1c. Gi\u00fap kh\u00e1ch h\u00e0ng tho\u1ea3i m\u00e1i t\u00ecm ch\u1ecdn \u0111\u01b0\u1ee3c nh\u1eefng lo\u1ea1i tr\u00e1i c\u00e2y t\u01b0\u01a1i ngon b\u1ed5 d\u01b0\u1ee1ng.<\/p>\n<\/li>\n<li dir=\"ltr\">\n<p dir=\"ltr\">Ch\u00fang t\u00f4i \u0111\u01a1n v\u1ecb uy t\u00edn, ch\u1ea5t l\u01b0\u1ee3ng h\u00e0ng \u0111\u1ea7u tr\u00ean th\u1ecb tr\u01b0\u1eddng. N\u00ean nh\u1eefng lo\u1ea1i tr\u00e1i c\u00e2y \u0111\u00f4ng l\u1ea1nh t\u1ea1i \u0111\u00e2y \u0111\u1ec1u c\u00f3 m\u1ee9c gi\u00e1 b\u00e1n m\u1ec1m v\u00e0 c\u1ea1nh tranh nh\u1ea5t th\u1ecb tr\u01b0\u1eddng. N\u00ean kh\u00e1ch h\u00e0ng \u0111\u1ebfn v\u1edbi Havamall h\u00e3y y\u00ean t\u00e2m v\u1ec1 gi\u00e1 th\u00e0nh.<\/p>\n<\/li>\n<li dir=\"ltr\">\n<p dir=\"ltr\">Quy c\u00e1ch \u0111\u00f3ng g\u00f3i s\u1ea3n ph\u1ea9m: 10kg,\u00a01kg, 0,5kg, cos+vi\u00ean 100g b\u1ecdc t\u00fai PE h\u00fat ch\u00e2n kh\u00f4ng c\u1ea5p \u0111\u00f4ng \u00e2m s\u00e2u 40 \u0111\u1ed9\u00a0\u0111\u1ea3m b\u1ea3o ti\u1ec3u chu\u1ea9n IQF<\/p>\n<\/li>\n<\/ul>","protected":false},"excerpt":{"rendered":"<p>TH\u00d4NG TIN CHUNG Th\u01b0\u01a1ng hi\u1ec7u Havafoodies Xu\u1ea5t x\u1ee9 H\u00e0 Lan Th\u00e0nh ph\u1ea7n Tr\u00e1i D\u1ee9a 100% H\u1ea1n s\u1eed d\u1ee5ng Xem tr\u1ef1c<\/p>","protected":false},"featured_media":34867,"comment_status":"open","ping_status":"closed","template":"","meta":[],"product_brand":[],"product_cat":[730,36,275,684],"product_tag":[],"class_list":{"0":"post-34866","1":"product","2":"type-product","3":"status-publish","4":"has-post-thumbnail","6":"product_cat-cac-nuoc-khac","7":"product_cat-thuc-pham-tieu-dung","8":"product_cat-thuc-pham-dong-lanh","9":"product_cat-trai-cay-dong-lanh","10":"pa_brand-https-havamall-com-smetrochefpost_typeproductproduct_cat0","12":"first","13":"instock","14":"sale","15":"shipping-taxable","16":"purchasable","17":"product-type-simple"},"_links":{"self":[{"href":"https:\/\/havamall.com\/en\/wp-json\/wp\/v2\/product\/34866","targetHints":{"allow":["GET"]}}],"collection":[{"href":"https:\/\/havamall.com\/en\/wp-json\/wp\/v2\/product"}],"about":[{"href":"https:\/\/havamall.com\/en\/wp-json\/wp\/v2\/types\/product"}],"replies":[{"embeddable":true,"href":"https:\/\/havamall.com\/en\/wp-json\/wp\/v2\/comments?post=34866"}],"version-history":[{"count":0,"href":"https:\/\/havamall.com\/en\/wp-json\/wp\/v2\/product\/34866\/revisions"}],"wp:featuredmedia":[{"embeddable":true,"href":"https:\/\/havamall.com\/en\/wp-json\/wp\/v2\/media\/34867"}],"wp:attachment":[{"href":"https:\/\/havamall.com\/en\/wp-json\/wp\/v2\/media?parent=34866"}],"wp:term":[{"taxonomy":"product_brand","embeddable":true,"href":"https:\/\/havamall.com\/en\/wp-json\/wp\/v2\/product_brand?post=34866"},{"taxonomy":"product_cat","embeddable":true,"href":"https:\/\/havamall.com\/en\/wp-json\/wp\/v2\/product_cat?post=34866"},{"taxonomy":"product_tag","embeddable":true,"href":"https:\/\/havamall.com\/en\/wp-json\/wp\/v2\/product_tag?post=34866"}],"curies":[{"name":"wp","href":"https:\/\/api.w.org\/{rel}","templated":true}]}}