{"id":34877,"date":"2024-07-01T18:10:52","date_gmt":"2024-07-01T11:10:52","guid":{"rendered":"https:\/\/havamall.com\/?post_type=product&#038;p=34877"},"modified":"2025-11-06T11:05:09","modified_gmt":"2025-11-06T04:05:09","slug":"xoai-cat-vuong-dong-lanh-metro-chef-mango-cubes-1kg","status":"publish","type":"product","link":"https:\/\/havamall.com\/en\/shop\/xoai-cat-vuong-dong-lanh-metro-chef-mango-cubes-1kg\/","title":{"rendered":"Xo\u00e0i C\u1eaft Vu\u00f4ng \u0111\u00f4ng l\u1ea1nh &#8211; Metro Chef &#8211; Mango Cubes 1kg"},"content":{"rendered":"<h2><strong>TH\u00d4NG TIN CHUNG<\/strong><\/h2>\n<table>\n<tbody>\n<tr>\n<td>Th\u01b0\u01a1ng hi\u1ec7u<\/td>\n<td>Havafoodies<\/td>\n<\/tr>\n<tr>\n<td>Xu\u1ea5t x\u1ee9<\/td>\n<td>H\u00e0 Lan<\/td>\n<\/tr>\n<tr>\n<td>Th\u00e0nh ph\u1ea7n<\/td>\n<td>Xo\u00e0i 100%<\/td>\n<\/tr>\n<tr>\n<td>H\u1ea1n s\u1eed d\u1ee5ng<\/td>\n<td>Xem tr\u1ef1c ti\u1ebfp tr\u00ean bao b\u00ec<\/td>\n<\/tr>\n<tr>\n<td>B\u1ea3o qu\u1ea3n<\/td>\n<td>\u0110\u1ec3 n\u01a1i kh\u00f4 r\u00e1o, tho\u00e1ng m\u00e1t, tr\u00e1nh \u00e1nh n\u1eafng tr\u1ef1c ti\u1ebfp<\/td>\n<\/tr>\n<tr>\n<td>Kh\u1ed1i l\u01b0\u1ee3ng<\/td>\n<td>1kg<\/td>\n<\/tr>\n<\/tbody>\n<\/table>\n<div><\/div>\n<div>\n<div class=\"j83agx80\">\n<div class=\"dwo3fsh8 g5ia77u1 rt8b4zig n8ej3o3l agehan2d sk4xxmp2 rq0escxv q9uorilb kvgmc6g5 cxmmr5t8 oygrvhab hcukyx3x jb3vyjys rz4wbd8a qt6c0cv9 a8nywdso l9j0dhe7 i1ao9s8h k4urcfbm\">\n<div class=\"j83agx80 cbu4d94t sj5x9vvc cxgpxx05\">\n<div class=\"rq0escxv l9j0dhe7 du4w35lb j83agx80 pfnyh3mw jifvfom9 ll8tlv6m owycx6da btwxx1t3 hv4rvrfc dati1w0a jb3vyjys b5q2rw42 lq239pai mysgfdmx hddg9phg\">\n<div class=\"rq0escxv l9j0dhe7 du4w35lb j83agx80 cbu4d94t d2edcug0 hpfvmrgz rj1gh0hx buofh1pr g5gj957u o8rfisnq p8fzw8mz pcp91wgn iuny7tx3 ipjc6fyt\">\n<div class=\"j83agx80 cbu4d94t ew0dbk1b irj2b8pg\">\n<div class=\"qzhwtbm6 knvmm38d\">\n<div class=\"j83agx80 cbu4d94t ew0dbk1b irj2b8pg\">\n<div class=\"qzhwtbm6 knvmm38d\">\n<div class=\"kvgmc6g5 cxmmr5t8 oygrvhab hcukyx3x c1et5uql\">\n<p dir=\"auto\">Xo\u00e0i \u0111\u00f4ng l\u1ea1nh l\u00e0 d\u00f2ng s\u1ea3n ph\u1ea9m tr\u00e1i c\u00e2y \u0111\u00f4ng l\u1ea1nh v\u1edbi d\u00e2y chuy\u1ec1n c\u1ea5p \u0111\u00f4ng si\u00eau t\u1ed1c (IQF) 100% l\u00e0m t\u1eeb tr\u00e1i c\u00e2y t\u1ef1 nhi\u00ean v\u00e0 \u0111\u01b0\u1ee3c l\u1ef1a ch\u1ecdn k\u1ef9 l\u01b0\u1ee1ng, \u0111\u01b0\u1ee3c \u0111\u00f3ng g\u00f3i ti\u1ec7n l\u1ee3i \u0111\u1ec3 ph\u1ee5c v\u1ee5 m\u1ecdi nhu c\u1ea7u s\u1eed d\u1ee5ng su\u1ed1t c\u1ea3 n\u0103m.<\/p>\n<div class=\"kvgmc6g5 cxmmr5t8 oygrvhab hcukyx3x c1et5uql ii04i59q\">\n<p dir=\"auto\">Tr\u00e1i c\u00e2y \u0111\u01b0\u1ee3c ch\u1ecdn t\u1eeb nh\u1eefng ngu\u1ed3n v\u00e0 gi\u1ed1ng t\u1ed1t nh\u1ea5t \u0111\u1ea3m b\u1ea3o kh\u00f4ng \u0111\u01b0\u1eddng, kh\u00f4ng ch\u1ea5t t\u1ea1o m\u00f9i, kh\u00f4ng ch\u1ea5t t\u1ea1o m\u00e0u, kh\u00f4ng ch\u1ea5t b\u1ea3o qu\u1ea3n n\u00ean r\u1ea5t an to\u00e0n cho ng\u01b0\u1eddi s\u1eed d\u1ee5ng. S\u1ea3n ph\u1ea9m \u0111\u01b0\u1ee3c l\u00e0m l\u1ea1nh ngay sau khi thu ho\u1ea1ch n\u00ean gi\u1eef \u0111\u01b0\u1ee3c tr\u1ecdn v\u1eb9n h\u01b0\u01a1ng v\u1ecb, \u0111\u1ed9 t\u01b0\u01a1i ngon c\u00f9ng c\u00e1c vitamin, kho\u00e1ng ch\u1ea5t.<\/p>\n<p dir=\"auto\">Xo\u00e0i ch\u1ee9a nhi\u1ec1u\u00a0Vitamin A, B1, B2, B6, C, E, v\u00e0 c\u00e1c kho\u00e1ng ch\u1ea5t nh\u01b0:\u00a0biotin, caroten, pantotenic axit, niacin, folacin;\u00a0biotin\u00a0,\u00a0s\u1eaft, phospho,\u00a0kali,\u00a0natri,\u00a0\u0111\u1ed3ng,\u00a0magie,\u00a0ch\u1ea5t k\u1ebdm,\u00a0selen. \u0110i\u1ec3n h\u00ecnh l\u00e0 ngu\u1ed3n\u00a0protein, lipit, gluxit v\u00e0 nh\u1ea5t l\u00e0 ti\u1ec1n vitamin A (caroten) ch\u1ee9a nhi\u1ec1u h\u01a1n c\u00e1c lo\u1ea1i qu\u1ea3 th\u00f4ng th\u01b0\u1eddng kh\u00e1c.\u00a0Xo\u00e0i l\u00e0 ngu\u1ed3n b\u1ed5 sung\u00a0Vitamin C\u00a0v\u00e0 A cao nh\u1ea5t trong c\u00e1c lo\u1ea1i qu\u1ea3.<\/p>\n<p dir=\"auto\"><img fetchpriority=\"high\" decoding=\"async\" class=\"aligncenter\" src=\"https:\/\/havamall.com\/wp-content\/uploads\/2024\/07\/fresh-frozen-mango-cubes.jpeg\" alt=\"Alphonso,Neelam And Kesar Sweet Fresh Frozen Mango Pulp, Loose at Rs 260\/kg in Mapusa\" width=\"601\" height=\"635\" \/><\/p>\n<h3><strong>\u0110\u1eb7c \u0111i\u1ec3m n\u1ed5i b\u1eadt c\u1ee7a s\u1ea3n ph\u1ea9m:<\/strong><\/h3>\n<p>\u2013 C\u00f4ng ngh\u1ec7 l\u00e0m l\u1ea1nh nhanh gi\u00fap gi\u1eef nguy\u00ean v\u1eb9n m\u00f9i v\u1ecb v\u00e0 ch\u1ea5t dinh d\u01b0\u1ee1ng c\u00f3 trong qu\u1ea3 xo\u00e0i<\/p>\n<p>\u2013 S\u1ea3n ph\u1ea9m \u0111\u01b0\u1ee3c \u0111\u00f3n g\u00f3i d\u1ea1ng h\u1ed9p gi\u00fap b\u1ea3o qu\u1ea3n d\u1ec5 d\u00e0ng h\u01a1n<\/p>\n<p>\u2013 C\u00f3 th\u1ec3 s\u1eed d\u1ee5ng v\u00e0 b\u1ea3o qu\u1ea3n trong th\u1eddi gian d\u00e0i<\/p>\n<\/div>\n<\/div>\n<\/div>\n<\/div>\n<\/div>\n<\/div>\n<\/div>\n<\/div>\n<\/div>\n<\/div>\n<\/div>\n<p>\u2013 T\u1eeb tr\u00e1i c\u00e2y ch\u00edn m\u1ecdng \u0111\u01b0\u1ee3c l\u1ef1a ch\u1ecdn k\u0129 l\u01b0\u1ee1ng t\u1eeb h\u1ec7 th\u1ed1ng cung c\u1ea5p c\u1ee7a Andros<\/p>\n<p>\u2013 \u0110\u01b0\u1ee3c ph\u00e2n lo\u1ea1i t\u1eadn tay v\u00e0 ch\u1ecdn l\u1ecdc ch\u1eb7t ch\u1ebd tr\u01b0\u1edbc khi \u0111\u00f3ng g\u00f3i<\/p>\n<p>\u2013 Tr\u00e1i c\u00e2y \u0111\u01b0\u1ee3c ch\u1ecdn t\u1eeb nh\u1eefng ngu\u1ed3n v\u00e0 gi\u1ed1ng t\u1ed1t nh\u1ea5t<\/p>\n<h3><strong>M\u1ed9t s\u1ed1 l\u1ee3i \u00edch s\u1ee9c kh\u1ecfe c\u1ee7a qu\u1ea3 xo\u00e0i:<\/strong><\/h3>\n<h5 id=\"0hchildmenuid1\"><em><strong>Xo\u00e0i t\u1ed1t cho ng\u01b0\u1eddi b\u1ec7nh ti\u1ec3u \u0111\u01b0\u1eddng<\/strong><\/em><\/h5>\n<p>M\u1ed7i ng\u00e0y ch\u1ec9 c\u1ea7n u\u1ed1ng\u00a01 ly n\u01b0\u1edbc \u00e9p xo\u00e0i c\u00f9ng v\u1edbi 2 mu\u1ed7ng n\u01b0\u1edbc \u00e9p \u1ed5i ho\u1eb7c \u0111u \u0111\u1ee7. Ngo\u00e0i ch\u1eefa \u0111\u00e1i th\u00e1o \u0111\u01b0\u1eddng, \u00e1p d\u1ee5ng c\u00e1ch n\u00e0y c\u00f2n c\u00f3 th\u1ec3 ch\u1eefa \u0111\u01b0\u1ee3c c\u1ea3 bi\u1ebfn ch\u1ee9ng c\u1ee7a ti\u1ec3u \u0111\u01b0\u1eddng. Xo\u00e0i c\u00f2n gi\u1ea3m cholesterol m\u00e1u, t\u1ed1t cho b\u1ec7nh tim m\u1ea1ch, ph\u00f2ng ng\u1eeba ung th\u01b0.<\/p>\n<h5><em><strong>Xo\u00e0i gi\u00fap b\u1ed5 n\u00e3o<\/strong><\/em><\/h5>\n<p>Xo\u00e0i\u00a0ch\u1ee9a nhi\u1ec1u\u00a0axit amin\u00a0n\u00ean c\u00f3 \u00edch cho nh\u1eefng ng\u01b0\u1eddi l\u00e0m vi\u1ec7c b\u1eb1ng tr\u00ed \u00f3c, suy nh\u01b0\u1ee3c th\u1ea7n kinh. Xo\u00e0i c\u00f2n ch\u1eefa thi\u1ebfu m\u00e1u, thi\u1ebfu s\u1eaft \u1edf ph\u1ee5 n\u1eef.<\/p>\n<h5><em><strong>Xo\u00e0i h\u1ed7 tr\u1ee3 gi\u1ea3m c\u00e2n<\/strong><\/em><\/h5>\n<p>Xo\u00e0i ch\u00edn d\u00f9 c\u00f3 v\u1ecb ng\u1ecdt nh\u01b0ng l\u1ea1i ch\u1ee9a \u00edt calo, gi\u00fap h\u1ea1n ch\u1ebf th\u00e8m \u0103n, gi\u1ea3m l\u01b0\u1ee3ng \u0111\u01b0\u1eddng glucose v\u00e0 cholesterol trong m\u00e1u, l\u00e0 th\u1ef1c ph\u1ea9m \u0111\u01b0\u1ee3c c\u00e1c b\u1ea1n gi\u1ea3m c\u00e2n y\u00eau th\u00edch.<\/p>\n<h5 id=\"0hchildmenuid3\"><em><strong>Xo\u00e0i gi\u00fap ch\u1ed1ng ung th\u01b0<\/strong><\/em><\/h5>\n<p>Xo\u00e0i ch\u1ee9a nhi\u1ec1u ch\u1ea5t quercetin, fisetin, astragalin, gallic c\u00f3 kh\u1ea3 n\u0103ng ch\u1ed1ng l\u1ea1i s\u1ef1 oxy h\u00f3a v\u00e0 ng\u1eeba ung th\u01b0 ru\u1ed9t k\u1ebft, tuy\u1ebfn ti\u1ec1n li\u1ec7t.<\/p>\n<h5 id=\"0hchildmenuid4\"><em><strong>Xo\u00e0i gi\u00fap l\u00e0m \u0111\u1eb9p da<\/strong><\/em><\/h5>\n<p>Xo\u00e0i ch\u1ee9a nhi\u1ec1u vitamin C, k\u00edch th\u00edch s\u1ea3n xu\u1ea5t\u00a0collagen\u00a0gi\u00fap ch\u1ed1ng l\u00e3o ho\u00e1, da s\u0103n ch\u1eafc h\u01a1n.\u00a0Ch\u1ea5t ch\u1ed1ng oxy ho\u00e1\u00a0gi\u00fap b\u1ea3o v\u1ec7 da kh\u1ecfi t\u00e1c h\u1ea1i c\u1ee7a tia UV.<\/p>\n<h5 id=\"0hchildmenuid5\"><em><strong>Xo\u00e0i h\u1ed7 tr\u1ee3 ti\u00eau h\u00f3a<\/strong><\/em><\/h5>\n<p>Ch\u1ea5t x\u01a1 c\u00f3 trong xo\u00e0i gi\u00fap h\u1ec7 ti\u00eau ho\u00e1 ho\u1ea1t \u0111\u1ed9ng kho\u1ebb m\u1ea1nh, ng\u0103n ng\u1eeba t\u00e1o b\u00f3n, c\u00e1c enzyme c\u00f3 l\u1ee3i \u0111\u01b0\u1ee3c s\u1eed d\u1ee5ng \u0111\u1ec3 ch\u1eefa ki\u1ebft l\u1ecb, nhi\u1ec5m tr\u00f9ng \u0111\u01b0\u1eddng ti\u1ebft ni\u1ec7u.<\/p>\n<p><img decoding=\"async\" class=\"aligncenter\" src=\"https:\/\/www.bdagrofoods.com\/_next\/image?url=https%3A%2F%2Fcms.bdagrofoods.com%2Fuploads%2FFrozen_mango_dices_0_46033fa0a4.webp&amp;w=1920&amp;q=75\" alt=\"Frozen Mango Dices | BD Agro Foods\" width=\"605\" height=\"605\" \/><\/p>\n<\/div>","protected":false},"excerpt":{"rendered":"<p>TH\u00d4NG TIN CHUNG Th\u01b0\u01a1ng hi\u1ec7u Havafoodies Xu\u1ea5t x\u1ee9 H\u00e0 Lan Th\u00e0nh ph\u1ea7n Xo\u00e0i 100% H\u1ea1n s\u1eed d\u1ee5ng Xem tr\u1ef1c ti\u1ebfp<\/p>","protected":false},"featured_media":34878,"comment_status":"open","ping_status":"closed","template":"","meta":[],"product_brand":[],"product_cat":[730,36,275,684],"product_tag":[],"class_list":{"0":"post-34877","1":"product","2":"type-product","3":"status-publish","4":"has-post-thumbnail","6":"product_cat-cac-nuoc-khac","7":"product_cat-thuc-pham-tieu-dung","8":"product_cat-thuc-pham-dong-lanh","9":"product_cat-trai-cay-dong-lanh","10":"pa_brand-https-havamall-com-smetrochefpost_typeproductproduct_cat0","12":"first","13":"instock","14":"sale","15":"shipping-taxable","16":"purchasable","17":"product-type-simple"},"_links":{"self":[{"href":"https:\/\/havamall.com\/en\/wp-json\/wp\/v2\/product\/34877","targetHints":{"allow":["GET"]}}],"collection":[{"href":"https:\/\/havamall.com\/en\/wp-json\/wp\/v2\/product"}],"about":[{"href":"https:\/\/havamall.com\/en\/wp-json\/wp\/v2\/types\/product"}],"replies":[{"embeddable":true,"href":"https:\/\/havamall.com\/en\/wp-json\/wp\/v2\/comments?post=34877"}],"version-history":[{"count":0,"href":"https:\/\/havamall.com\/en\/wp-json\/wp\/v2\/product\/34877\/revisions"}],"wp:featuredmedia":[{"embeddable":true,"href":"https:\/\/havamall.com\/en\/wp-json\/wp\/v2\/media\/34878"}],"wp:attachment":[{"href":"https:\/\/havamall.com\/en\/wp-json\/wp\/v2\/media?parent=34877"}],"wp:term":[{"taxonomy":"product_brand","embeddable":true,"href":"https:\/\/havamall.com\/en\/wp-json\/wp\/v2\/product_brand?post=34877"},{"taxonomy":"product_cat","embeddable":true,"href":"https:\/\/havamall.com\/en\/wp-json\/wp\/v2\/product_cat?post=34877"},{"taxonomy":"product_tag","embeddable":true,"href":"https:\/\/havamall.com\/en\/wp-json\/wp\/v2\/product_tag?post=34877"}],"curies":[{"name":"wp","href":"https:\/\/api.w.org\/{rel}","templated":true}]}}