{"id":34908,"date":"2024-07-10T15:03:11","date_gmt":"2024-07-10T08:03:11","guid":{"rendered":"https:\/\/havamall.com\/?post_type=product&#038;p=34908"},"modified":"2024-11-09T15:24:27","modified_gmt":"2024-11-09T08:24:27","slug":"bot-pho-mai-yary-150g-cheese-powder","status":"publish","type":"product","link":"https:\/\/havamall.com\/en\/shop\/bot-pho-mai-yary-150g-cheese-powder\/","title":{"rendered":"B\u1ed9t Ph\u00f4 Mai Yary 150g &#8211; Cheese Powder"},"content":{"rendered":"<h2><strong>TH\u00d4NG TIN CHUNG<\/strong><\/h2>\n<table>\n<tbody>\n<tr>\n<td>Th\u01b0\u01a1ng hi\u1ec7u<\/td>\n<td>Yary<\/td>\n<\/tr>\n<tr>\n<td>Xu\u1ea5t x\u1ee9<\/td>\n<td>Vi\u1ec7t Nam<\/td>\n<\/tr>\n<tr>\n<td>Th\u00e0nh ph\u1ea7n<\/td>\n<td><b>Xem tr\u00ean bao b\u00ec<\/b><\/td>\n<\/tr>\n<tr>\n<td>H\u1ea1n s\u1eed d\u1ee5ng<\/td>\n<td>Xem tr\u1ef1c ti\u1ebfp tr\u00ean bao b\u00ec<\/td>\n<\/tr>\n<tr>\n<td>B\u1ea3o qu\u1ea3n<\/td>\n<td>\u0110\u1ec3 n\u01a1i kh\u00f4 r\u00e1o, tho\u00e1ng m\u00e1t, tr\u00e1nh \u00e1nh n\u1eafng tr\u1ef1c ti\u1ebfp<\/td>\n<\/tr>\n<tr>\n<td>Kh\u1ed1i l\u01b0\u1ee3ng<\/td>\n<td>150g<\/td>\n<\/tr>\n<\/tbody>\n<\/table>\n<p>B\u1ed9t ph\u00f4 mai\u00a0&#8211; Gia v\u1ecb r\u1eafc quen thu\u1ed9c c\u1ee7a nhi\u1ec1u m\u00f3n \u0103n t\u1eeb c\u00e1c m\u00f3n chi\u00ean r\u00e1n nh\u01b0 b\u1eafp rang,\u00a0 khoai t\u00e2y, g\u00e0 r\u00e1n \u0111\u1ebfn pizza, c\u01a1m, m\u00ec,&#8230;V\u1ecb b\u00e9o m\u1eb7n ng\u1ecdt \u0111\u1eb7c tr\u01b0ng c\u1ee7a lo\u1ea1i b\u1ed9t n\u00e0y \u0111\u00e3 th\u00e0nh c\u00f4ng chinh ph\u1ee5c \u0111\u01b0\u1ee3c v\u1ecb gi\u00e1c c\u1ee7a s\u1ed1 \u0111\u00f4ng ng\u01b0\u1eddi ti\u00eau d\u00f9ng, \u0111\u1eb7c bi\u1ec7t l\u00e0 tr\u1ebb em.<\/p>\n<p><strong>B\u1ed9t ph\u00f4 mai Yary\u00a0<\/strong>\u0111\u01b0\u1ee3c l\u00e0m t\u1eeb b\u1ed9t s\u1eefa, b\u1ed9t ph\u00f4 mai, \u0111\u01b0\u1eddng, mu\u1ed1i,&#8230;t\u1ea1o n\u00ean\u00a0v\u1ecb b\u00e9o m\u1eb7n ng\u1ecdt h\u00e0i h\u00f2a d\u1ec5 d\u00e0ng k\u1ebft h\u1ee3p v\u1edbi b\u1ea5t c\u1ee9 m\u00f3n \u0103n n\u00e0o.\u00a0B\u1ed9t c\u00f3 d\u1ea1ng m\u1ecbn, c\u00f3 th\u1ec3 d\u00f9ng tr\u1ef1c ti\u1ebfp kh\u00f4ng c\u1ea7n qua ch\u1ebf bi\u1ebfn.<\/p>\n<p><img fetchpriority=\"high\" decoding=\"async\" class=\"aligncenter\" src=\"https:\/\/havamall.com\/wp-content\/uploads\/2024\/07\/Bot-pho-mai-lac-Yary.jpg\" alt=\"B\u1ed9t ph\u00f4 mai Yary 1kg\" width=\"742\" height=\"494\" \/><\/p>\n<p>Ngo\u00e0i d\u00f9ng\u00a0ph\u00f4 mai r\u1eafc\u00a0tr\u1ef1c ti\u1ebfp l\u00ean c\u00e1c m\u00f3n \u0103n th\u00ec b\u1ed9t ph\u00f4 mai c\u00f2n l\u00e0 nguy\u00ean li\u1ec7u l\u00e0m n\u00ean s\u1ed1t ph\u00f4 mai b\u00e9o th\u01a1m th\u1ea7n th\u00e1nh t\u1ea1o n\u00ean m\u00f9i v\u1ecb h\u1ea5p d\u1eabn si\u00eau mlem cho nhi\u1ec1u m\u00f3n \u0103n nh\u01b0\u00a0tokbokki s\u1ed1t ph\u00f4 mai, cua s\u1ed1t ph\u00f4 mai, m\u00ec spaghetti s\u1ed1t ph\u00f4 mai, macaroni cheese&#8230;<\/p>\n<p>Ho\u1eb7c c\u00f3 th\u1ec3 d\u00f9ng \u0111\u1ec3 l\u00e0m b\u00e1nh m\u00ec ph\u00f4 mai khi r\u1eafc cheese powder v\u00e0o c\u00f4ng \u0111o\u1ea1n nh\u00e0o b\u1ed9t, g\u00f3p ph\u1ea7n l\u00e0m t\u0103ng h\u01b0\u01a1ng v\u1ecb th\u01a1m cho m\u00f3n b\u00e1nh.<\/p>\n<p>S\u1ea3n ph\u1ea9m \u0111\u01b0\u1ee3c \u0111\u00f3ng g\u00f3i nhi\u1ec1u qui c\u00e1ch kh\u00e1c nhau t\u1eeb g\u00f3i 150g \u0111\u1ebfn 1kg ti\u1ec7n l\u1ee3i cho nhu c\u1ea7u s\u1eed d\u1ee5ng \u0111a d\u1ea1ng c\u1ee7a h\u1ed9 gia \u0111\u00ecnh v\u00e0 qu\u00e1n \u0103n, nh\u00e0 h\u00e0ng.<\/p>\n<div class=\"woocommerce-tabs wc-tabs-wrapper\">\n<div id=\"tab-description\" class=\"woocommerce-Tabs-panel woocommerce-Tabs-panel--description panel entry-content wc-tab\" role=\"tabpanel\" aria-labelledby=\"tab-title-description\">\n<p><strong>\u0110\u1eb7c \u0110i\u1ec3m N\u1ed5i B\u1eadt:<\/strong><br \/>\n\u2013 H\u01b0\u01a1ng V\u1ecb \u0110\u1eadm \u0110\u00e0: B\u1ed9t ph\u00f4 mai c\u00f3 h\u01b0\u01a1ng v\u1ecb b\u00e9o ng\u1eady \u0111\u1eb7c tr\u01b0ng, d\u1ec5 d\u00e0ng l\u00e0m h\u00e0i l\u00f2ng m\u1ecdi t\u00edn \u0111\u1ed3 \u1ea9m th\u1ef1c.<br \/>\n\u2013 Nguy\u00ean Li\u1ec7u Ch\u1ea5t L\u01b0\u1ee3ng: \u0110\u01b0\u1ee3c l\u00e0m t\u1eeb ph\u00f4 mai th\u1eadt, \u0111\u1ea3m b\u1ea3o \u0111\u1ed9 t\u01b0\u01a1i ngon v\u00e0 an to\u00e0n cho s\u1ee9c kh\u1ecfe.<br \/>\n\u2013 D\u1ec5 D\u00e0ng S\u1eed D\u1ee5ng: S\u1ea3n ph\u1ea9m \u0111\u01b0\u1ee3c \u0111\u00f3ng g\u00f3i ti\u1ec7n l\u1ee3i, d\u1ec5 d\u00e0ng pha ch\u1ebf v\u00e0 s\u1eed d\u1ee5ng trong nhi\u1ec1u m\u00f3n \u0103n kh\u00e1c nhau.<br \/>\n\u2013 Dinh D\u01b0\u1ee1ng: Gi\u00e0u canxi v\u00e0 protein t\u1eeb ph\u00f4 mai, s\u1ea3n ph\u1ea9m kh\u00f4ng ch\u1ec9 ngon mi\u1ec7ng m\u00e0 c\u00f2n b\u1ed5 d\u01b0\u1ee1ng.<\/p>\n<p><strong>C\u00e1ch S\u1eed D\u1ee5ng:<\/strong><br \/>\n\u2013 L\u00e0m gia v\u1ecb: R\u1eafc b\u1ed9t ph\u00f4 mai l\u00ean c\u00e1c m\u00f3n \u0103n nh\u01b0 b\u1ecfng ng\u00f4, khoai t\u00e2y chi\u00ean, ho\u1eb7c salad \u0111\u1ec3 t\u0103ng th\u00eam h\u01b0\u01a1ng v\u1ecb \u0111\u1eadm \u0111\u00e0.<br \/>\n\u2013 L\u00e0m topping: S\u1eed d\u1ee5ng b\u1ed9t ph\u00f4 mai l\u00e0m topping cho c\u00e1c m\u00f3n tr\u00e1ng mi\u1ec7ng nh\u01b0 b\u00e1nh ng\u1ecdt, kem ho\u1eb7c s\u1eefa chua \u0111\u1ec3 t\u1ea1o th\u00eam \u0111\u1ed9 ngon mi\u1ec7ng.<br \/>\n\u2013 Pha ch\u1ebf \u0111\u1ed3 u\u1ed1ng: Th\u1eed pha ch\u1ebf b\u1ed9t ph\u00f4 mai v\u00e0o c\u00e1c lo\u1ea1i n\u01b0\u1edbc u\u1ed1ng nh\u01b0 sinh t\u1ed1, s\u1eefa chua u\u1ed1ng \u0111\u1ec3 c\u00f3 m\u1ed9t th\u1ee9c u\u1ed1ng th\u01a1m ngon v\u00e0 b\u00e9o ng\u1eady.<br \/>\n\u2013 N\u1ea5u \u0103n: S\u1eed d\u1ee5ng b\u1ed9t ph\u00f4 mai trong c\u00e1c m\u00f3n n\u1ea5u nh\u01b0 s\u00fap, m\u00ec \u1ed1ng, ho\u1eb7c c\u01a1m chi\u00ean \u0111\u1ec3 t\u0103ng th\u00eam h\u01b0\u01a1ng v\u1ecb v\u00e0 dinh d\u01b0\u1ee1ng.<\/p>\n<p>B\u1ed9t Ph\u00f4 Mai l\u00e0 l\u1ef1a ch\u1ecdn ho\u00e0n h\u1ea3o cho nh\u1eefng ai y\u00eau th\u00edch s\u1ef1 ti\u1ec7n l\u1ee3i v\u00e0 h\u01b0\u01a1ng v\u1ecb \u0111\u1eadm \u0111\u00e0 c\u1ee7a ph\u00f4 mai. H\u00e3y th\u1eed ngay \u0111\u1ec3 kh\u00e1m ph\u00e1 v\u00e0 t\u1eadn h\u01b0\u1edfng s\u1ef1 phong ph\u00fa trong \u1ea9m th\u1ef1c m\u00e0 s\u1ea3n ph\u1ea9m n\u00e0y mang l\u1ea1i!<\/p>\n<p><img decoding=\"async\" class=\"aligncenter\" src=\"https:\/\/havamall.com\/wp-content\/uploads\/2024\/07\/cheese-popcorn_480x480.jpg\" alt=\"B\u1ed9t ph\u00f4 mai Yary 1kg - T\u00e8obokki Store\" \/><\/p>\n<\/div>\n<\/div>\n<p><strong>Th\u00e0nh ph\u1ea7n:<\/strong>\u00a0B\u1ed9t gia v\u1ecb ph\u00f4 mai, dextrose monohydrate, maltodextrin, b\u1ed9t s\u1eefa, sucrose, mu\u1ed1i aspartame, h\u01b0\u01a1ng t\u1ed5ng h\u1ee3p d\u00f9ng trong th\u1ef1c ph\u1ea9m v\u00e0 c\u00e1c ch\u1ea5t t\u1ea1o v\u1ecb v\u1eeba \u0111\u1ee7<\/p>\n<p><strong>B\u1ea3o qu\u1ea3n:<\/strong>\u00a0N\u01a1i kh\u00f4 r\u00e1o, tho\u00e1ng m\u00e1t v\u00e0 tr\u00e1nh \u00e1nh n\u1eafng m\u1eb7t tr\u1eddi<\/p>\n<p><strong>H\u01b0\u1edbng d\u1eabn s\u1eed d\u1ee5ng:<\/strong>\u00a0D\u00f9ng tr\u1ef1c ti\u1ebfp m\u00e0 kh\u00f4ng qua ch\u1ebf bi\u1ebfn. \u0110\u01b0\u1ee3c s\u1eed d\u1ee5ng l\u00e0m: gia v\u1ecb \u0103n k\u00e8m c\u00e1c m\u00f3n chi\u00ean r\u00e1n, n\u01b0\u1edbng, l\u00e0m n\u01b0\u1edbc s\u1ed1t ph\u00f4 mai ho\u1eb7c nguy\u00ean li\u1ec7u b\u00e9o, th\u01a1m trong ng\u00e0nh l\u00e0m b\u00e1nh<\/p>","protected":false},"excerpt":{"rendered":"<p>TH\u00d4NG TIN CHUNG Th\u01b0\u01a1ng hi\u1ec7u Yary Xu\u1ea5t x\u1ee9 Vi\u1ec7t Nam Th\u00e0nh ph\u1ea7n Xem tr\u00ean bao b\u00ec H\u1ea1n s\u1eed d\u1ee5ng Xem<\/p>","protected":false},"featured_media":34909,"comment_status":"open","ping_status":"closed","template":"","meta":[],"product_brand":[],"product_cat":[708,595,36],"product_tag":[],"class_list":{"0":"post-34908","1":"product","2":"type-product","3":"status-publish","4":"has-post-thumbnail","6":"product_cat-bo-sua-pho-mai","7":"product_cat-gia-vi-va-che-bien","8":"product_cat-thuc-pham-tieu-dung","10":"first","11":"instock","12":"sale","13":"shipping-taxable","14":"purchasable","15":"product-type-simple"},"_links":{"self":[{"href":"https:\/\/havamall.com\/en\/wp-json\/wp\/v2\/product\/34908","targetHints":{"allow":["GET"]}}],"collection":[{"href":"https:\/\/havamall.com\/en\/wp-json\/wp\/v2\/product"}],"about":[{"href":"https:\/\/havamall.com\/en\/wp-json\/wp\/v2\/types\/product"}],"replies":[{"embeddable":true,"href":"https:\/\/havamall.com\/en\/wp-json\/wp\/v2\/comments?post=34908"}],"version-history":[{"count":0,"href":"https:\/\/havamall.com\/en\/wp-json\/wp\/v2\/product\/34908\/revisions"}],"wp:featuredmedia":[{"embeddable":true,"href":"https:\/\/havamall.com\/en\/wp-json\/wp\/v2\/media\/34909"}],"wp:attachment":[{"href":"https:\/\/havamall.com\/en\/wp-json\/wp\/v2\/media?parent=34908"}],"wp:term":[{"taxonomy":"product_brand","embeddable":true,"href":"https:\/\/havamall.com\/en\/wp-json\/wp\/v2\/product_brand?post=34908"},{"taxonomy":"product_cat","embeddable":true,"href":"https:\/\/havamall.com\/en\/wp-json\/wp\/v2\/product_cat?post=34908"},{"taxonomy":"product_tag","embeddable":true,"href":"https:\/\/havamall.com\/en\/wp-json\/wp\/v2\/product_tag?post=34908"}],"curies":[{"name":"wp","href":"https:\/\/api.w.org\/{rel}","templated":true}]}}