{"id":35046,"date":"2024-07-25T15:42:04","date_gmt":"2024-07-25T08:42:04","guid":{"rendered":"https:\/\/havamall.com\/?post_type=product&#038;p=35046"},"modified":"2026-01-19T11:05:40","modified_gmt":"2026-01-19T04:05:40","slug":"bot-lam-mochi-tron-san-hoan-chinh-havafoodies-500g","status":"publish","type":"product","link":"https:\/\/havamall.com\/en\/shop\/bot-lam-mochi-tron-san-hoan-chinh-havafoodies-500g\/","title":{"rendered":"B\u1ed9t L\u00e0m Mochi Tr\u1ed9n S\u1eb5n Ho\u00e0n Ch\u1ec9nh Havafoodies 500g"},"content":{"rendered":"<h2 class=\"product-detail__specs-title\"><strong>TH\u00d4NG TIN CHUNG<\/strong><\/h2>\n<div id=\"js-product-detail__specs\" class=\"product-detail__specs\">\n<div class=\"row\">\n<div class=\"col-sm-12\">\n<div class=\"product-specs__table\">\n<table>\n<tbody>\n<tr>\n<td class=\"specs-table__property\">Th\u01b0\u01a1ng hi\u1ec7u<\/td>\n<td class=\"specs-table__value\">Havafoodies<\/td>\n<\/tr>\n<tr>\n<td class=\"specs-table__property\">Xu\u1ea5t x\u1ee9<\/td>\n<td class=\"specs-table__value\">Nh\u1eadt B\u1ea3n<\/td>\n<\/tr>\n<tr>\n<td class=\"specs-table__property\">H\u1ea1n s\u1eed d\u1ee5ng<\/td>\n<td class=\"specs-table__value\">1 n\u0103m k\u1ec3 t\u1eeb ng\u00e0y s\u1ea3n xu\u1ea5t<\/td>\n<\/tr>\n<tr>\n<td class=\"specs-table__property\">H\u01b0\u1edbng d\u1eabn s\u1eed d\u1ee5ng<\/td>\n<td class=\"specs-table__value\">D\u00f9ng l\u00e0m b\u00e1nh mochi<\/td>\n<\/tr>\n<tr>\n<td class=\"specs-table__property\">H\u01b0\u1edbng d\u1eabn b\u1ea3o qu\u1ea3n<\/td>\n<td class=\"specs-table__value\">B\u1ea3o qu\u1ea3n \u1edf nhi\u1ec7t \u0111\u1ed9 th\u01b0\u1eddng, gi\u1eef l\u1ea1nh sau khi m\u1edf n\u1eafp v\u00e0 s\u1eed d\u1ee5ng t\u1ed1t nh\u1ea5t trong 2 tu\u1ea7n<\/td>\n<\/tr>\n<tr>\n<td class=\"specs-table__property\">Th\u00e0nh ph\u1ea7n nguy\u00ean li\u1ec7u<\/td>\n<td class=\"specs-table__value\">Xem tr\u00ean bao b\u00ec<\/td>\n<\/tr>\n<tr>\n<td class=\"specs-table__property\">Kh\u1ed1i l\u01b0\u1ee3ng\/Th\u1ec3 t\u00edch<\/td>\n<td class=\"specs-table__value\">500g<\/td>\n<\/tr>\n<\/tbody>\n<\/table>\n<p><strong><em>B\u00e1nh Mochi Nh\u1eadt B\u1ea3n l\u00e0 lo\u1ea1i b\u00e1nh l\u00e2u \u0111\u1eddi mang trong m\u00ecnh s\u1ef1 tinh t\u00fay \u0111\u01b0\u1ee3c \u0111\u1ea7u t\u01b0 k\u1ef9 l\u01b0\u1ee1ng v\u1ec1 ch\u1ea5t l\u01b0\u1ee3ng l\u1eabn phong c\u00e1ch. L\u00e0 lo\u1ea1i b\u00e1nh r\u1ea5t c\u00f4ng phu, ph\u1ee9c t\u1ea1p trong t\u1eebng l\u1edbp v\u1ecf b\u00e1nh.<\/em><\/strong><\/p>\n<p><strong><em>B\u1ed9t tr\u1ed9n s\u1eb5n b\u00e1nh Mochi\u00a0 <\/em><\/strong>g\u1ed3m c\u00e1c th\u00e0nh ph\u1ea7n ch\u00ednh nh\u01b0: Tinh b\u1ed9t bi\u1ebfn t\u00ednh, b\u1ed9t m\u00ec, \u0111\u01b0\u1eddng, b\u1ed9t, s\u1eefa b\u1ed9t, ch\u1ea5t nh\u0169 h\u00f3a v\u00e0 h\u01b0\u01a1ng vani t\u1ed5ng h\u1ee3p. C\u00e1c nguy\u00ean li\u1ec7u \u0111\u1ec1u \u0111\u01b0\u1ee3c ki\u1ec3m \u0111\u1ecbnh k\u0129 c\u00e0ng \u0111\u1ec3 \u0111\u1ea3m b\u1ea3o th\u00e0nh ph\u1ea9m b\u00e1nh m\u00ec mochi th\u01a1m ngon, b\u1eaft m\u1eaft.<\/p>\n<p>C\u00f3 th\u1ec3 n\u00f3i, b\u01b0\u1edbc kh\u00f3 nh\u1ea5t khi l\u00e0m t\u1ea5t c\u1ea3 c\u00e1c lo\u1ea1i b\u00e1nh l\u00e0 kh\u00e2u tr\u1ed9n b\u1ed9t v\u00e0 nh\u1ed3i b\u1ed9t. Ch\u1ec9 c\u1ea7n m\u1ed9t sai s\u1ed1 nh\u1ecf trong l\u01b0\u1ee3ng b\u1ed9t ho\u1eb7c n\u01b0\u1edbc c\u0169ng c\u00f3 th\u1ec3 khi\u1ebfn chi\u1ebfc b\u00e1nh c\u1ee7a b\u1ea1n th\u1ea5t b\u1ea1i. L\u00e0m b\u00e1nh mochi l\u1ea1i c\u00e0ng kh\u00f3 h\u01a1n v\u00ec b\u00e1nh c\u00f3 nhi\u1ec1u nguy\u00ean li\u1ec7u h\u01a1n n\u00ean c\u00e0ng d\u1ec5 sai s\u00f3t. Vi\u1ec7c l\u00e0m sao cho l\u1edbp v\u1ecf b\u00e1nh m\u00e0 b\u00ean trong v\u1eabn gi\u1eef \u0111\u01b0\u1ee3c \u0111\u1ed9 dai c\u0169ng l\u00e0 m\u1ed9t b\u00e0i to\u00e1n kh\u00f3 \u0111\u1ed1i v\u1edbi nhi\u1ec1u ng\u01b0\u1eddi. Hi\u1ec3u \u0111\u01b0\u1ee3c t\u00e2m l\u00fd \u0111\u00f3, Havafoodies cung c\u1ea5p s\u1ea3n ph\u1ea9m<strong><em> B\u1ed9t tr\u1ed9n s\u1eb5n Mochi\u00a0<\/em><\/strong>gi\u00fap b\u1ea1n th\u00e0nh c\u00f4ng v\u1edbi m\u00f3n b\u00e1nh n\u00e0y ngay t\u1eeb l\u1ea7n \u0111\u1ea7u ti\u00ean.<\/p>\n<p><img fetchpriority=\"high\" decoding=\"async\" class=\"aligncenter\" src=\"https:\/\/havamall.com\/wp-content\/uploads\/2024\/07\/084986900_1588584952-Aice_Mochi_Flavors_01.webp\" alt=\"6 Kreasi Unik Es Krim Mochi Buat Menu Dessert Buka Puasa - Lifestyle Liputan6.com\" width=\"717\" height=\"717\" \/><\/p>\n<p>B\u1ed9t B\u00e1nh Mochi l\u00e0 m\u1ed9t d\u00f2ng b\u1ed9t tr\u1ed9n s\u1eb5n c\u00f3 ch\u1ee9a c\u00e1c th\u00e0nh ph\u1ea7n nguy\u00ean li\u1ec7u gi\u00fap b\u1ea1n ho\u00e0n th\u00e0nh m\u00f3n b\u00e1nh mochi d\u1ebbo dai, m\u1ec1m \u1ea9m m\u1ed9t c\u00e1ch nhanh ch\u00f3ng. \u0110\u1eb7c bi\u1ec7t h\u01a1n, s\u1ea3n ph\u1ea9m c\u00f3 s\u1eb5n \u0111\u01b0\u1eddng v\u00e0 b\u1ea1n c\u00f3 th\u1ec3 d\u1ec5 d\u00e0ng k\u1ebft h\u1ee3p v\u1edbi c\u00e1c nguy\u00ean li\u1ec7u kh\u00e1c nhau. H\u01a1n h\u1ebft, s\u1ea3n ph\u1ea9m \u0111\u01b0\u1ee3c s\u1ea3n xu\u1ea5t tr\u00ean d\u00e2y chuy\u1ec1n c\u00f4ng ngh\u1ec7 hi\u1ec7n \u0111\u1ea1i v\u00ec v\u1eady b\u1ea1n ho\u00e0n to\u00e0n c\u00f3 th\u1ec3 y\u00ean t\u00e2m v\u1ec1 ch\u1ea5t l\u01b0\u1ee3ng.<\/p>\n<p>V\u1ecf b\u00e1nh l\u00e0m t\u1eeb B\u1ed9t B\u00e1nh Mochi s\u1ebd c\u00f3 \u0111\u1ed9 m\u1ec1m m\u01b0\u1ee3t, dai m\u1ecbn r\u1ea5t ngon v\u00e0 h\u1ea5p d\u1eabn, th\u00edch h\u1ee3p \u0111\u1ec3 k\u1ebft h\u1ee3p c\u00f9ng nhi\u1ec1u lo\u1ea1i nh\u00e2n ng\u1ecdt \u2013 m\u1eb7n kh\u00e1c nhau. Ngo\u00e0i ra, b\u1ed9t c\u00f3 \u0111\u1ed9 \u1ed5n \u0111\u1ecbnh t\u1ed1t, ti\u1ec7n l\u1ee3i, nhanh ch\u00f3ng n\u00ean r\u1ea5t d\u1ec5 \u0111\u1ec3 b\u1ea1n c\u00f3 th\u1ec3 l\u00e0m m\u00f3n b\u00e1nh mochi ngay t\u1ea1i nh\u00e0 theo h\u01b0\u01a1ng v\u1ecb c\u1ee7a ri\u00eang m\u00ecnh.<\/p>\n<h2 id=\"cach_lam_banh_mochi_don_gian\"><b>C\u00e1ch l\u00e0m b\u00e1nh Mochi \u0111\u01a1n gi\u1ea3n<\/b><\/h2>\n<p style=\"text-align: justify;\"><span style=\"font-weight: 400;\">B\u01b0\u1edbc 1: Tr\u1ed9n b\u1ed9t v\u1edbi n\u01b0\u1edbc trong b\u00e1t to. V\u00e0 d\u00f9ng th\u00eca g\u1ed7 \u0111\u1ec3 tr\u1ed9n \u0111\u1ec1u. Th\u00eam n\u01b0\u1edbc n\u1ebfu b\u1ed9t kh\u00f4. B\u1ed9t v\u1eeba \u0111\u1ee7 n\u01b0\u1edbc l\u00e0 khi b\u1ea1n th\u1ea5y b\u1ed9t k\u1ebft d\u00ednh th\u00e0nh m\u1ed9t kh\u1ed1i m\u1ec1m. L\u01b0u \u00fd, khi cho b\u1ed9t n\u00ean cho t\u1eebng ch\u00fat m\u1ed9t \u0111\u1ec3 tr\u00e1nh b\u1ed9t b\u1ecb nh\u00e3o.<\/span><\/p>\n<p style=\"text-align: justify;\"><span style=\"font-weight: 400;\">B\u01b0\u1edbc 2: B\u1ed9t sau khi tr\u1ed9n m\u1ec1m v\u00e0 d\u1ebbo, b\u1ea1n \u0111em b\u1ed9t \u0111i h\u1ea5p kho\u1ea3ng 20 ph\u00fat. Sau \u0111\u00f3 l\u1ea5y b\u1ed9t ra, cho \u0111\u01b0\u1eddng v\u00e0o v\u00e0 \u0111\u1eb7t b\u1ed9t v\u00e0o l\u1ea1i n\u1ed3i, ch\u1ec9nh l\u1eeda v\u1eeba. L\u00fac cho \u0111\u01b0\u1eddng, b\u1ea1n cho t\u1eeb t\u1eeb v\u00e0o theo t\u1eebng b\u01b0\u1edbc sau:<\/span><\/p>\n<ul style=\"text-align: justify;\">\n<li style=\"font-weight: 400;\"><span style=\"font-weight: 400;\">Cho \u2153 s\u1ed1 \u0111\u01b0\u1eddng b\u1ea1n c\u00f3 v\u00e0o n\u1ed3i, d\u00f9ng th\u00eca g\u1ed7 tr\u1ed9n cho \u0111\u01b0\u1eddng tan h\u1ebft. Nh\u1edb l\u00e0 v\u1eeba b\u1eadt l\u1eeda v\u1eeba tr\u1ed9n cho \u0111\u01b0\u1eddng tan v\u00e0 b\u1ed9t t\u1ea1o th\u00e0nh 1 kh\u1ed1i k\u1ebft d\u00ednh nh\u00e9.<\/span><\/li>\n<li style=\"font-weight: 400;\"><span style=\"font-weight: 400;\">Ti\u1ebfp \u0111\u1ebfn, tr\u1ed9n \u2154 \u0111\u01b0\u1eddng c\u00f2n l\u1ea1i v\u00e0o, v\u00e0 tr\u1ed9n \u0111\u1ec1u nh\u01b0 c\u0169 l\u00e0 \u0111\u01b0\u1ee3c.<\/span><\/li>\n<\/ul>\n<p style=\"text-align: justify;\"><span style=\"font-weight: 400;\">B\u01b0\u1edbc 3: Sau qu\u00e1 tr\u00ecnh tr\u1ed9n \u0111\u01b0\u1eddng, th\u00e0nh ph\u1ea9m c\u1ee7a b\u1ea1n l\u00e0 m\u1ed9t kh\u1ed1i b\u1ed9t Mochi k\u1ebft d\u00ednh, b\u00f3ng b\u1ea9y. B\u1ea1n cho b\u1ed9t ra khay b\u00e1nh \u0111\u00e3 ph\u1ee7 s\u1eb5n b\u1ed9t ng\u00f4 (ho\u1eb7c d\u1eeba n\u1ea1o). Cho b\u1ed9t ph\u1ee7 \u0111\u1ea7y \u0111\u1ee7 \u0111\u1ec3 tr\u00e1nh tay b\u1ecb d\u00ednh trong qu\u00e1 tr\u00ecnh ph\u1ee7.<\/span><\/p>\n<p style=\"text-align: justify;\"><span style=\"font-weight: 400;\">B\u01b0\u1edbc 4: \u0110\u1eadu \u0111\u1ecf r\u1eeda s\u1ea1ch, cho v\u00e0o n\u1ed3i v\u00e0 \u0111\u1ed5 n\u01b0\u1edbc v\u00e0o ngang v\u1edbi \u0111\u1eadu. N\u1ea5u m\u1ec1m \u0111\u1eadu sau \u0111\u00f3 cho v\u00e0o c\u1ed1i xay sinh t\u1ed1 xay m\u1ecbn. Ti\u1ebfp \u0111\u1ebfn, cho v\u00e0o n\u1ed3i v\u00e0 b\u1eaft l\u00ean b\u1ebfp, d\u00f9ng th\u00eca g\u1ed7 khu\u1ea5y li\u00ean t\u1ee5c \u0111\u1ebfn khi \u0111\u1eadu m\u1ec1m nh\u01b0 \u00fd th\u00ec cho \u0111\u01b0\u1eddng v\u1eeba mi\u1ec7ng. Khi n\u00e0o \u0111\u1eadu \u0111\u1ecf s\u1ec7t l\u1ea1i th\u00e0nh m\u1ee9t th\u00ec t\u1eaft b\u1ebfp. Vi\u00ean \u0111\u1eadu \u0111\u1ecf th\u00e0nh nh\u1eefng vi\u00ean tr\u00f2n l\u00e0m nh\u00e2n b\u00e1nh.<\/span><\/p>\n<p style=\"text-align: justify;\"><span style=\"font-weight: 400;\">B\u01b0\u1edbc 5: B\u1ed9t sau khi ngu\u1ed9i th\u00ec n\u1eb7ng th\u00e0nh h\u00ecnh tr\u00f2n d\u1eb9p v\u00e0 cho vi\u00ean \u0111\u1eadu \u0111\u1ecf v\u00e0o gi\u1eefa l\u00e0m nh\u00e2n. N\u1eb7n b\u00e1nh th\u00e0nh h\u00ecnh tr\u00f2n \u0111\u1ec3 nh\u00e2n b\u1ecdc k\u00edn trong b\u00e1nh. Ngo\u00e0i ra, b\u1ea1n c\u00f2n c\u00f3 th\u1ec3 th\u1eed l\u00e0m v\u1edbi c\u00e1c nh\u00e2n kh\u00e1c v\u1edbi v\u1ecb y\u00eau th\u00edch nh\u01b0 socola, tr\u00e0 xanh, \u0111\u1eadu xanh, \u0111\u1eadu \u0111en,&#8230;<\/span><\/p>\n<p style=\"text-align: justify;\"><span style=\"font-weight: 400;\">B\u00e1nh Mochi Nh\u1eadt B\u1ea3n c\u00f3 th\u1ec3 \u0111\u1ec3 trong t\u1ee7 l\u1ea1nh kho\u1ea3ng 2 tu\u1ea7n b\u1ea1n l\u1ee1 l\u00e0m qu\u00e1 nhi\u1ec1u b\u1ed9t. Sau khi n\u1eb7n b\u00e1nh xong, b\u1ea1n c\u00f3 th\u1ec3 cho ch\u00fang v\u00e0o \u0111\u0129a v\u00e0 c\u00f3 th\u1ec3 th\u01b0\u1edfng th\u1ee9c ngay l\u1eadp t\u1ee9c.<\/span><\/p>\n<p style=\"text-align: justify;\"><img decoding=\"async\" class=\"aligncenter\" src=\"https:\/\/havamall.com\/wp-content\/uploads\/2024\/07\/banh-mochi-ngay-tet.jpg\" alt=\"T\u00ecm hi\u1ec3u c\u00e1c lo\u1ea1i B\u00e1nh Mochi Nh\u1eadt B\u1ea3n v\u00e0 c\u00e1ch l\u00e0m \u0111\u1ed9c \u0111\u00e1o\" \/><\/p>\n<\/div>\n<\/div>\n<\/div>\n<\/div>","protected":false},"excerpt":{"rendered":"<p>TH\u00d4NG TIN CHUNG Th\u01b0\u01a1ng hi\u1ec7u Havafoodies Xu\u1ea5t x\u1ee9 Nh\u1eadt B\u1ea3n H\u1ea1n s\u1eed d\u1ee5ng 1 n\u0103m k\u1ec3 t\u1eeb ng\u00e0y s\u1ea3n xu\u1ea5t<\/p>","protected":false},"featured_media":35047,"comment_status":"open","ping_status":"closed","template":"","meta":[],"product_brand":[],"product_cat":[706,255,36,134],"product_tag":[],"class_list":{"0":"post-35046","1":"product","2":"type-product","3":"status-publish","4":"has-post-thumbnail","6":"product_cat-bot-mi","7":"product_cat-nguyen-lieu-lam-banh","8":"product_cat-thuc-pham-tieu-dung","9":"product_cat-thucpham-saykho","11":"first","12":"outofstock","13":"sale","14":"shipping-taxable","15":"purchasable","16":"product-type-simple"},"_links":{"self":[{"href":"https:\/\/havamall.com\/en\/wp-json\/wp\/v2\/product\/35046","targetHints":{"allow":["GET"]}}],"collection":[{"href":"https:\/\/havamall.com\/en\/wp-json\/wp\/v2\/product"}],"about":[{"href":"https:\/\/havamall.com\/en\/wp-json\/wp\/v2\/types\/product"}],"replies":[{"embeddable":true,"href":"https:\/\/havamall.com\/en\/wp-json\/wp\/v2\/comments?post=35046"}],"version-history":[{"count":0,"href":"https:\/\/havamall.com\/en\/wp-json\/wp\/v2\/product\/35046\/revisions"}],"wp:featuredmedia":[{"embeddable":true,"href":"https:\/\/havamall.com\/en\/wp-json\/wp\/v2\/media\/35047"}],"wp:attachment":[{"href":"https:\/\/havamall.com\/en\/wp-json\/wp\/v2\/media?parent=35046"}],"wp:term":[{"taxonomy":"product_brand","embeddable":true,"href":"https:\/\/havamall.com\/en\/wp-json\/wp\/v2\/product_brand?post=35046"},{"taxonomy":"product_cat","embeddable":true,"href":"https:\/\/havamall.com\/en\/wp-json\/wp\/v2\/product_cat?post=35046"},{"taxonomy":"product_tag","embeddable":true,"href":"https:\/\/havamall.com\/en\/wp-json\/wp\/v2\/product_tag?post=35046"}],"curies":[{"name":"wp","href":"https:\/\/api.w.org\/{rel}","templated":true}]}}