{"id":35097,"date":"2024-08-02T10:37:00","date_gmt":"2024-08-02T03:37:00","guid":{"rendered":"https:\/\/havamall.com\/?post_type=product&#038;p=35097"},"modified":"2025-12-03T04:09:49","modified_gmt":"2025-12-02T21:09:49","slug":"banh-lago-sfogliatine-glassate-gion-phu-sot-vani-135g","status":"publish","type":"product","link":"https:\/\/havamall.com\/en\/shop\/banh-lago-sfogliatine-glassate-gion-phu-sot-vani-135g\/","title":{"rendered":"B\u00e1nh Lago Sfogliatine Glassate Gi\u00f2n Ph\u1ee7 S\u1ed1t Vani 135G"},"content":{"rendered":"<div><\/div>\n<div><strong style=\"color: #1b1919;font-family: Karla, Arial, Helvetica, sans-serif;font-size: 24px\">TH\u00d4NG TIN CHUNG<\/strong><\/div>\n<div>\n<table>\n<tbody>\n<tr>\n<td>Th\u01b0\u01a1ng hi\u1ec7u<\/td>\n<td>Lago<\/td>\n<\/tr>\n<tr>\n<td>Xu\u1ea5t x\u1ee9<\/td>\n<td>\u00dd<\/td>\n<\/tr>\n<tr>\n<td>Th\u00e0nh ph\u1ea7n<\/td>\n<td>B\u1ed9t m\u00ec, \u0111\u01b0\u1eddng, tr\u1ee9ng (27%), h\u01b0\u01a1ng li\u1ec7u t\u1ef1 nhi\u00ean&#8230;<\/td>\n<\/tr>\n<tr>\n<td>H\u1ea1n s\u1eed d\u1ee5ng<\/td>\n<td>Xem tr\u1ef1c ti\u1ebfp tr\u00ean bao b\u00ec<\/td>\n<\/tr>\n<tr>\n<td>B\u1ea3o qu\u1ea3n<\/td>\n<td>\u0110\u1ec3 n\u01a1i kh\u00f4 r\u00e1o, tho\u00e1ng m\u00e1t, tr\u00e1nh \u00e1nh n\u1eafng tr\u1ef1c ti\u1ebfp<\/td>\n<\/tr>\n<tr>\n<td>Kh\u1ed1i l\u01b0\u1ee3ng<\/td>\n<td>200g<\/td>\n<\/tr>\n<\/tbody>\n<\/table>\n<p>Sfogliatine Glassate \u0111\u01b0\u1ee3c m\u00f4 t\u1ea3 ho\u00e0n h\u1ea3o b\u1eb1ng t\u1eeb ti\u1ebfng \u00dd\u00a0<em>sfoglia<\/em>\u00a0c\u00f3 ngh\u0129a l\u00e0 &#8220;t\u1ea5m&#8221;, v\u00e0\u00a0<em>glassate<\/em>\u00a0c\u00f3 ngh\u0129a l\u00e0 &#8220;ph\u1ee7 s\u01b0\u01a1ng&#8221;. Nh\u1eefng m\u00f3n \u0103n \u00dd ngon tuy\u1ec7t n\u00e0y \u0111\u01b0\u1ee3c l\u00e0m t\u1eeb nh\u1eefng t\u1ea5m b\u00e1nh ph\u1ed3ng, ph\u1ee7 m\u1ed9t l\u1edbp kem ng\u1ecdt m\u1ecfng v\u00e0 m\u1ee9t ch\u00e9o l\u00ean tr\u00ean. L\u1edbp kem n\u01b0\u1edbng nh\u01b0 nh\u1eefng m\u1ea3nh meringue nh\u1ecf n\u1ee9t d\u1ecdc theo \u0111\u01b0\u1eddng vi\u1ec1n c\u1ee7a m\u1ee9t v\u00e0 t\u1ea1o th\u00e0nh m\u1ed9t h\u1ecda ti\u1ebft \u0111\u00e1ng y\u00eau \u1edf tr\u00ean c\u00f9ng.<\/p>\n<p>Ch\u00fang r\u1ea5t d\u1ec5 l\u00e0m v\u00e0 nhanh ch\u1ec9 v\u1edbi 4 nguy\u00ean li\u1ec7u. B\u1ea1n ch\u1ec9 c\u1ea7n nh\u1eefng t\u1ea5m b\u1ed9t ph\u1ed3ng \u0111\u00f4ng l\u1ea1nh, \u0111\u01b0\u1eddng b\u1ed9t, l\u00f2ng tr\u1eafng tr\u1ee9ng v\u00e0 m\u1ee9t. \u0110\u01a1n gi\u1ea3n nh\u01b0 c\u1eaft nh\u1eefng t\u1ea5m b\u1ed9t ph\u1ed3ng, tr\u00e1ng men, t\u1ea1o hoa v\u0103n b\u1eb1ng m\u1ee9t v\u00e0 n\u01b0\u1edbng cho \u0111\u1ebfn khi gi\u00f2n ho\u00e0n h\u1ea3o.<\/p>\n<p>B\u00e1nh c\u0169ng l\u00e0 m\u1ed9t m\u00f3n d\u00e0nh cho tr\u1ebb nh\u1ecf v\u00ec n\u00f3 m\u1ec1m, ph\u00f9 h\u1ee3p cho r\u0103ng m\u1edbi m\u1ecdc, d\u1ec5 d\u00e0ng c\u1ea7m n\u1eafm v\u00e0 kh\u00f4ng b\u1ecb v\u1ee1 v\u1ee5n. B\u00e1nh x\u1ed1p, gi\u00f2n tan th\u01a1m m\u00f9i b\u01a1 v\u00e0 tr\u1ee9ng g\u00e0. B\u00e1nh Savoiardi \u0111\u01b0\u1ee3c l\u00e0m t\u1eeb c\u00e1c nguy\u00ean li\u1ec7u th\u01a1m ngon: b\u1ed9t m\u00ec, \u0111\u01b0\u1eddng, b\u01a1, d\u1ea7u \u0103n, vani, h\u01b0\u01a1ng li\u1ec7u, tr\u1ee9ng\u2026 t\u1ea1o cho chi\u1ebfc b\u00e1nh th\u01a1m m\u00f9i tr\u1ee9ng v\u00e0 b\u01a1, v\u00f4 c\u00f9ng ng\u1ecdt ng\u00e0o, th\u01a1m ngon.<\/p>\n<p><img fetchpriority=\"high\" decoding=\"async\" class=\"aligncenter\" src=\"https:\/\/havamall.com\/wp-content\/uploads\/2024\/08\/Depositphotos_2861919_XL-scaled.jpg\" alt=\"Sfogliatine glassate\" width=\"638\" height=\"425\" \/><\/p>\n<\/div>\n<div class=\"short-description\">B\u00e1nh l\u00e0 m\u00f3n \u0103n y\u00eau th\u00edch c\u1ee7a nhi\u1ec1u ng\u01b0\u1eddi b\u1edfi h\u01b0\u01a1ng v\u1ecb th\u01a1m ngon. B\u00e1nh quy x\u1ed1p Lago g\u00f3i 200g \u0111\u1eb7c tr\u01b0ng v\u1edbi l\u1edbp \u0111\u01b0\u1eddng ph\u1ee7 m\u1ed9t m\u1eb7t b\u00e1nh ho\u00e0 c\u00f9ng l\u1edbp b\u00e1nh gi\u00f2n tan trong mi\u1ec7ng khi th\u01b0\u1edfng th\u1ee9c. B\u00e1nh quy Lago l\u00e0 m\u00f3n b\u00e1nh h\u1ea5p d\u1eabn ph\u00f9 h\u1ee3p \u0111\u1ec3 b\u1ea1n nh\u00e2m nhi c\u00f9ng b\u1ea1n b\u00e8 v\u00e0 ng\u01b0\u1eddi th\u00e2n.<\/div>\n<p class=\"short-description\">B\u00e1nh x\u1ed1p, gi\u00f2n tan th\u01a1m m\u00f9i b\u01a1 v\u00e0 tr\u1ee9ng g\u00e0. B\u00e1nh \u0111\u01b0\u1ee3c l\u00e0m t\u1eeb c\u00e1c nguy\u00ean li\u1ec7u th\u01a1m ngon: b\u1ed9t m\u00ec, \u0111\u01b0\u1eddng, b\u01a1, d\u1ea7u \u0103n, vani, h\u01b0\u01a1ng li\u1ec7u, tr\u1ee9ng\u2026 t\u1ea1o cho chi\u1ebfc b\u00e1nh th\u01a1m m\u00f9i tr\u1ee9ng v\u00e0 b\u01a1, v\u00f4 c\u00f9ng ng\u1ecdt ng\u00e0o, th\u01a1m ngon.<\/p>\n<h2><strong><img decoding=\"async\" class=\"wp-image-35098 aligncenter\" src=\"https:\/\/havamall.com\/wp-content\/uploads\/2024\/08\/dsf-245x300.png\" alt=\"\" width=\"481\" height=\"589\" \/><\/strong><\/h2>\n<h2><strong>\u0110\u1eb6C \u0110I\u1ec2M N\u1ed4I B\u1eacT C\u1ee6A S\u1ea2N PH\u1ea8M<\/strong><\/h2>\n<p>&#8211; B\u00e1nh quy x\u1ed1p d\u1ea1ng que d\u00e0i \u0111\u1eb9p m\u1eaft. B\u00e1nh th\u01a1m gi\u00f2n v\u1edbi l\u1edbp kem l\u00e0m t\u1eeb tr\u1ee9ng, s\u1eefa b\u00ean trong.<\/p>\n<p>&#8211; B\u00e1nh quy l\u00e0m t\u1eeb l\u00faa m\u1ea1ch th\u01b0\u1ee3ng h\u1ea1ng<\/p>\n<p>&#8211; B\u00e1nh quy x\u1ed1p \u0111\u01b0\u1ee3c l\u00e0m t\u1eeb nguy\u00ean li\u1ec7u ch\u00ednh l\u00e0 l\u00faa m\u1ea1ch b\u1ed5 sung h\u00e0m l\u01b0\u1ee3ng dinh d\u01b0\u1ee1ng cho c\u01a1 th\u1ec3. S\u1ea3n ph\u1ea9m \u0111\u01b0\u1ee3c l\u00e0m t\u1eeb nh\u1eefng h\u1ea1t l\u00faa m\u1ea1ch th\u01a1m ngon nh\u1ea5t, c\u00f3 v\u1ecb b\u00e9o, v\u1ecb ng\u1ecdt, th\u01a1m ngon.<\/p>\n<p>&#8211; S\u1ea3n ph\u1ea9m nh\u1eadp kh\u1ea9u t\u1eeb Italy, \u0111\u00e3 \u0111\u01b0\u1ee3c ki\u1ec3m \u0111\u1ecbnh ch\u1ea5t l\u01b0\u1ee3ng<\/p>\n<p>&#8211; S\u1ea3n ph\u1ea9m \u0111\u1ea3m b\u1ea3o an to\u00e0n th\u1ef1c ph\u1ea9m theo ti\u00eau chu\u1ea9n ch\u00e2u \u00c2u v\u00e0 \u0111\u00e3 \u0111\u01b0\u1ee3c ki\u1ec3m \u0111\u1ecbnh t\u1ea1i Vi\u1ec7t Nam.<\/p>","protected":false},"excerpt":{"rendered":"<p>TH\u00d4NG TIN CHUNG Th\u01b0\u01a1ng hi\u1ec7u Lago Xu\u1ea5t x\u1ee9 \u00dd Th\u00e0nh ph\u1ea7n B\u1ed9t m\u00ec, \u0111\u01b0\u1eddng, tr\u1ee9ng (27%), h\u01b0\u01a1ng li\u1ec7u t\u1ef1 nhi\u00ean&#8230;<\/p>","protected":false},"featured_media":35099,"comment_status":"open","ping_status":"closed","template":"","meta":[],"product_brand":[],"product_cat":[133,724,36],"product_tag":[],"class_list":{"0":"post-35097","1":"product","2":"type-product","3":"status-publish","4":"has-post-thumbnail","6":"product_cat-banh-keo-chocolate","7":"product_cat-nhap-khau-y","8":"product_cat-thuc-pham-tieu-dung","10":"first","11":"instock","12":"sale","13":"shipping-taxable","14":"purchasable","15":"product-type-simple"},"_links":{"self":[{"href":"https:\/\/havamall.com\/en\/wp-json\/wp\/v2\/product\/35097","targetHints":{"allow":["GET"]}}],"collection":[{"href":"https:\/\/havamall.com\/en\/wp-json\/wp\/v2\/product"}],"about":[{"href":"https:\/\/havamall.com\/en\/wp-json\/wp\/v2\/types\/product"}],"replies":[{"embeddable":true,"href":"https:\/\/havamall.com\/en\/wp-json\/wp\/v2\/comments?post=35097"}],"version-history":[{"count":0,"href":"https:\/\/havamall.com\/en\/wp-json\/wp\/v2\/product\/35097\/revisions"}],"wp:featuredmedia":[{"embeddable":true,"href":"https:\/\/havamall.com\/en\/wp-json\/wp\/v2\/media\/35099"}],"wp:attachment":[{"href":"https:\/\/havamall.com\/en\/wp-json\/wp\/v2\/media?parent=35097"}],"wp:term":[{"taxonomy":"product_brand","embeddable":true,"href":"https:\/\/havamall.com\/en\/wp-json\/wp\/v2\/product_brand?post=35097"},{"taxonomy":"product_cat","embeddable":true,"href":"https:\/\/havamall.com\/en\/wp-json\/wp\/v2\/product_cat?post=35097"},{"taxonomy":"product_tag","embeddable":true,"href":"https:\/\/havamall.com\/en\/wp-json\/wp\/v2\/product_tag?post=35097"}],"curies":[{"name":"wp","href":"https:\/\/api.w.org\/{rel}","templated":true}]}}