{"id":35101,"date":"2024-08-02T14:54:54","date_gmt":"2024-08-02T07:54:54","guid":{"rendered":"https:\/\/havamall.com\/?post_type=product&#038;p=35101"},"modified":"2024-08-02T14:56:11","modified_gmt":"2024-08-02T07:56:11","slug":"thach-no-cu-nang-havafoodies-250g-water-chestnut-popping-boba-jelly","status":"publish","type":"product","link":"https:\/\/havamall.com\/en\/shop\/thach-no-cu-nang-havafoodies-250g-water-chestnut-popping-boba-jelly\/","title":{"rendered":"Th\u1ea1ch N\u1ed5 C\u1ee7 N\u0103ng Havafoodies 250g &#8211; Water Chestnut Popping Boba Jelly"},"content":{"rendered":"<div><strong>TH\u00d4NG TIN CHUNG<\/strong><\/div>\n<div>\n<table>\n<tbody>\n<tr>\n<td>Th\u01b0\u01a1ng hi\u1ec7u<\/td>\n<td>Havafoodies<\/td>\n<\/tr>\n<tr>\n<td>Xu\u1ea5t x\u1ee9<\/td>\n<td>\u0110\u00e0i Loan<\/td>\n<\/tr>\n<tr>\n<td>Th\u00e0nh ph\u1ea7n<\/td>\n<td>C\u1ee7 n\u0103ng, \u0111\u01b0\u1eddng, n\u01b0\u1edbc&#8230;<\/td>\n<\/tr>\n<tr>\n<td>H\u1ea1n s\u1eed d\u1ee5ng<\/td>\n<td>Xem tr\u1ef1c ti\u1ebfp tr\u00ean bao b\u00ec<\/td>\n<\/tr>\n<tr>\n<td>B\u1ea3o qu\u1ea3n<\/td>\n<td>\u0110\u1ec3 n\u01a1i kh\u00f4 r\u00e1o, tho\u00e1ng m\u00e1t, tr\u00e1nh \u00e1nh n\u1eafng tr\u1ef1c ti\u1ebfp<\/td>\n<\/tr>\n<tr>\n<td>Kh\u1ed1i l\u01b0\u1ee3ng<\/td>\n<td>250g<\/td>\n<\/tr>\n<\/tbody>\n<\/table>\n<\/div>\n<h2 style=\"box-sizing: border-box; margin-top: 0px; margin-right: 0px; margin-left: 0px; padding: 0px; border: 0px; font-variant-numeric: inherit; font-variant-east-asian: inherit; font-variant-alternates: inherit; font-variant-position: inherit; font-stretch: inherit; font-family: Lora; font-optical-sizing: inherit; font-size-adjust: inherit; font-kerning: inherit; font-feature-settings: inherit; font-variation-settings: inherit; font-size: 14px; vertical-align: baseline; color: #2d2a2a; text-transform: uppercase;\"><\/h2>\n<p style=\"box-sizing: border-box; margin: 0px 0px 20px; padding: 0px; border: 0px; font-variant-numeric: inherit; font-variant-east-asian: inherit; font-variant-alternates: inherit; font-variant-position: inherit; font-stretch: inherit; line-height: 1.8; font-family: 'Open Sans', Arial, Helvetica, sans-serif; font-optical-sizing: inherit; font-size-adjust: inherit; font-kerning: inherit; font-feature-settings: inherit; font-variation-settings: inherit; font-size: 14px; vertical-align: baseline;\">Th\u1ea1ch n\u1ed5 c\u1ee7 n\u0103ng l\u00e0 m\u1ed9t d\u1ea1ng topping c\u1ee7a \u0110\u00e0i Loan m\u1edbi du nh\u1eadp v\u00e0o Vi\u1ec7t Nam v\u00e0 \u0111\u00e3 tr\u1edf th\u00e0nh lo\u1ea1i topping \u0111\u01b0\u1ee3c \u01b0a th\u00edch t\u1ea1i c\u00e1c chu\u1ed7i nh\u01b0 Gong cha, Ding tea, Ti\u00ean H\u01b0\u1edfng, Bobabop,\u2026 Th\u1ea1ch n\u1ed5 c\u1ee7 n\u0103ng c\u00f3 m\u00f9i v\u1ecb r\u1ea5t \u0111\u1eb7c bi\u1ec7t, mang h\u01b0\u01a1ng v\u1ecb \u0111\u1eb7c tr\u01b0ng c\u1ee7a c\u1ee7 n\u0103ng c\u00f9ng v\u1edbi n\u01b0\u1edbc \u0111\u01b0\u1eddng b\u1ecdc ngo\u00e0i, khi \u0103n c\u00f3 c\u1ea3m gi\u00e1c dai gi\u00f2n s\u1eadt s\u1eadt t\u1ea1o n\u00ean nh\u1eefng \u00e2m thanh r\u1ea5t th\u00edch th\u00fa.<\/p>\n<p style=\"box-sizing: border-box; margin: 0px 0px 20px; padding: 0px; border: 0px; font-variant-numeric: inherit; font-variant-east-asian: inherit; font-variant-alternates: inherit; font-variant-position: inherit; font-stretch: inherit; line-height: 1.8; font-family: 'Open Sans', Arial, Helvetica, sans-serif; font-optical-sizing: inherit; font-size-adjust: inherit; font-kerning: inherit; font-feature-settings: inherit; font-variation-settings: inherit; font-size: 14px; vertical-align: baseline;\"><img fetchpriority=\"high\" decoding=\"async\" class=\"aligncenter\" src=\"https:\/\/cuongquat.com\/files\/sanpham\/2104\/4\/jpg\/thach-no-cu-nang-hop-lon-900grmua-12-hop-giam-5k\/-1-hop.jpg\" alt=\"Th\u1ea1ch N\u1ed5 C\u1ee7 N\u0103ng H\u1ed9p L\u1edbn 900gr(mua 12 h\u1ed9p gi\u1ea3m 5k\/ 1 h\u1ed9p)\" width=\"429\" height=\"667\" \/><\/p>\n<p style=\"box-sizing: border-box; margin: 0px 0px 20px; padding: 0px; border: 0px; font-variant-numeric: inherit; font-variant-east-asian: inherit; font-variant-alternates: inherit; font-variant-position: inherit; font-stretch: inherit; line-height: 1.8; font-family: 'Open Sans', Arial, Helvetica, sans-serif; font-optical-sizing: inherit; font-size-adjust: inherit; font-kerning: inherit; font-feature-settings: inherit; font-variation-settings: inherit; font-size: 14px; vertical-align: baseline;\">Th\u1ea1ch n\u1ed5 c\u1ee7 n\u0103ng ch\u00ednh l\u00e0 m\u1ed9t bi\u1ebfn t\u1ea5u m\u1edbi c\u1ee7a th\u1ea1ch ng\u1ecdc trai tr\u1eafng c\u0169 cho ly tr\u00e0 s\u1eefa th\u00eam \u0111a d\u1ea1ng v\u00e0 b\u1eaft m\u1eaft. S\u1ea3n ph\u1ea9m \u0111\u01b0\u1ee3c tinh ch\u1ebf t\u1eeb c\u1ee7 n\u0103ng ho\u00e0n to\u00e0n kh\u00f4ng s\u1eed d\u1ee5ng ph\u1ea9m m\u00e0u \u0111\u1ed9c h\u1ea1i, AN TO\u00c0N cho ng\u01b0\u1eddi s\u1eed d\u1ee5ng.<\/p>\n<p style=\"box-sizing: border-box; margin: 0px 0px 20px; padding: 0px; border: 0px; font-variant-numeric: inherit; font-variant-east-asian: inherit; font-variant-alternates: inherit; font-variant-position: inherit; font-stretch: inherit; line-height: 1.8; font-family: 'Open Sans', Arial, Helvetica, sans-serif; font-optical-sizing: inherit; font-size-adjust: inherit; font-kerning: inherit; font-feature-settings: inherit; font-variation-settings: inherit; font-size: 14px; vertical-align: baseline;\">Th\u1ea1ch n\u1ed5 c\u1ee7 n\u0103ng c\u00f3 th\u1ec3 d\u00f9ng lu\u00f4n m\u00e0 kh\u00f4ng c\u1ea7n n\u1ea5u l\u00ean. \u0110\u00e2y l\u00e0 s\u1ea3n ph\u1ea9m hot nh\u1ea5t tr\u00ean th\u1ecb tr\u01b0\u1eddng tr\u00e0 s\u1eefa hi\u1ec7n nay v\u00e0 \u0111ang \u0111\u01b0\u1ee3c nhi\u1ec1u th\u01b0\u01a1ng hi\u1ec7u n\u1ed5i ti\u1ebfng d\u00f9ng trong nh\u1eefng c\u1ed1c tr\u00e0 s\u1eefa c\u1ee7a m\u00ecnh.<\/p>\n<h2 style=\"box-sizing: border-box; margin-top: 0px; margin-right: 0px; margin-left: 0px; padding: 0px; border: 0px; font-variant-numeric: inherit; font-variant-east-asian: inherit; font-variant-alternates: inherit; font-variant-position: inherit; font-weight: 400; font-stretch: inherit; font-family: Lora; font-optical-sizing: inherit; font-size-adjust: inherit; font-kerning: inherit; font-feature-settings: inherit; font-variation-settings: inherit; vertical-align: baseline; color: #2d2a2a;\"><span style=\"box-sizing: border-box; font-weight: 600; margin: 0px; padding: 0px; border: 0px; font-style: inherit; font-variant: inherit; font-stretch: inherit; line-height: inherit; font-family: inherit; font-optical-sizing: inherit; font-size-adjust: inherit; font-kerning: inherit; font-feature-settings: inherit; font-variation-settings: inherit; vertical-align: baseline;\">\u0110\u1eb6C \u0110I\u1ec2M N\u1ed4I B\u1eacT C\u1ee6A S\u1ea2N PH\u1ea8M<\/span><\/h2>\n<p style=\"box-sizing: border-box; margin: 0px 0px 20px; padding: 0px; border: 0px; font-variant-numeric: inherit; font-variant-east-asian: inherit; font-variant-alternates: inherit; font-variant-position: inherit; font-stretch: inherit; line-height: 1.8; font-family: 'Open Sans', Arial, Helvetica, sans-serif; font-optical-sizing: inherit; font-size-adjust: inherit; font-kerning: inherit; font-feature-settings: inherit; font-variation-settings: inherit; font-size: 14px; vertical-align: baseline;\">\u2013 Th\u1ea1ch n\u1ed5 c\u1ee7 n\u0103ng v\u1edbi m\u00e0u b\u1eaft m\u1eaft, \u0103n dai gi\u00f2n, l\u1ea1 mi\u1ec7ng.<\/p>\n<p style=\"box-sizing: border-box; margin: 0px 0px 20px; padding: 0px; border: 0px; font-variant-numeric: inherit; font-variant-east-asian: inherit; font-variant-alternates: inherit; font-variant-position: inherit; font-stretch: inherit; line-height: 1.8; font-family: 'Open Sans', Arial, Helvetica, sans-serif; font-optical-sizing: inherit; font-size-adjust: inherit; font-kerning: inherit; font-feature-settings: inherit; font-variation-settings: inherit; font-size: 14px; vertical-align: baseline;\">\u2013 C\u00f3 m\u00f9i v\u1ecb \u0111\u1eb7c bi\u1ec7t, v\u1ecb ng\u1ecdt v\u00e0 khi \u0103n c\u00f3 c\u1ea3m gi\u00e1c dai gi\u00f2n s\u1eadt s\u1eadt t\u1ea1o n\u00ean c\u1ea3m gi\u00e1c \u00e2m thanh th\u00fa v\u1ecb th\u00edch th\u00fa.<\/p>\n<p style=\"box-sizing: border-box; margin: 0px 0px 20px; padding: 0px; border: 0px; font-variant-numeric: inherit; font-variant-east-asian: inherit; font-variant-alternates: inherit; font-variant-position: inherit; font-stretch: inherit; line-height: 1.8; font-family: 'Open Sans', Arial, Helvetica, sans-serif; font-optical-sizing: inherit; font-size-adjust: inherit; font-kerning: inherit; font-feature-settings: inherit; font-variation-settings: inherit; font-size: 14px; vertical-align: baseline;\">\u2013 C\u00f3 th\u1ec3 d\u00f9ng lu\u00f4n m\u00e0 kh\u00f4ng c\u1ea7n n\u1ea5u l\u00ean, \u0111\u00e2y l\u00e0 s\u1ea3n ph\u1ea9m hot tr\u00ean th\u1ecb tr\u01b0\u1eddng tr\u00e0 s\u1eefa hi\u1ec7n nay v\u00e0 \u0111ang \u0111\u01b0\u1ee3c nhi\u1ec1u th\u01b0\u01a1ng hi\u1ec7u n\u1ed5i ti\u1ebfng d\u00f9ng trong nh\u1eefng ly tr\u00e0 s\u1eefa c\u1ee7a m\u00ecnh.<\/p>\n<p style=\"box-sizing: border-box; margin: 0px 0px 20px; padding: 0px; border: 0px; font-variant-numeric: inherit; font-variant-east-asian: inherit; font-variant-alternates: inherit; font-variant-position: inherit; font-stretch: inherit; line-height: 1.8; font-family: 'Open Sans', Arial, Helvetica, sans-serif; font-optical-sizing: inherit; font-size-adjust: inherit; font-kerning: inherit; font-feature-settings: inherit; font-variation-settings: inherit; font-size: 14px; vertical-align: baseline;\"><img decoding=\"async\" class=\"aligncenter\" src=\"https:\/\/havamall.com\/wp-content\/uploads\/2024\/08\/vn-11134207-7r98o-lvzyghd8990ba0.jpg\" alt=\"Th\u1ea1ch Th\u1ee7y Tinh C\u1ee7 N\u0103ng gi\u00e1 r\u1ebb Th\u00e1ng 7,2024|BigGo Vi\u1ec7t Nam\" width=\"584\" height=\"584\" \/><\/p>\n<h2 style=\"box-sizing: border-box; margin-top: 0px; margin-right: 0px; margin-left: 0px; padding: 0px; border: 0px; font-variant-numeric: inherit; font-variant-east-asian: inherit; font-variant-alternates: inherit; font-variant-position: inherit; font-weight: 400; font-stretch: inherit; font-family: Lora; font-optical-sizing: inherit; font-size-adjust: inherit; font-kerning: inherit; font-feature-settings: inherit; font-variation-settings: inherit; vertical-align: baseline; color: #2d2a2a;\"><span style=\"box-sizing: border-box; font-weight: 600; margin: 0px; padding: 0px; border: 0px; font-style: inherit; font-variant: inherit; font-stretch: inherit; line-height: inherit; font-family: inherit; font-optical-sizing: inherit; font-size-adjust: inherit; font-kerning: inherit; font-feature-settings: inherit; font-variation-settings: inherit; vertical-align: baseline;\">H\u01af\u1edaNG D\u1eaaN S\u1eec D\u1ee4NG V\u00c0 B\u1ea2O QU\u1ea2N TH\u1ea0CH\u00a0<\/span><\/h2>\n<p style=\"box-sizing: border-box; margin: 0px 0px 20px; padding: 0px; border: 0px; font-variant-numeric: inherit; font-variant-east-asian: inherit; font-variant-alternates: inherit; font-variant-position: inherit; font-stretch: inherit; line-height: 1.8; font-family: 'Open Sans', Arial, Helvetica, sans-serif; font-optical-sizing: inherit; font-size-adjust: inherit; font-kerning: inherit; font-feature-settings: inherit; font-variation-settings: inherit; font-size: 14px; vertical-align: baseline;\">\u2013 S\u1eed d\u1ee5ng th\u1ea1ch \u0110\u00e0i Loan \u0111\u1ec3 l\u00e0m topping cho c\u00e1c lo\u1ea1i n\u01b0\u1edbc u\u1ed1ng nh\u01b0 tr\u00e0 s\u1eefa, tr\u00e0 tr\u00e1i c\u00e2y, s\u1eefa chua,\u2026<\/p>\n<p style=\"box-sizing: border-box; margin: 0px 0px 20px; padding: 0px; border: 0px; font-variant-numeric: inherit; font-variant-east-asian: inherit; font-variant-alternates: inherit; font-variant-position: inherit; font-stretch: inherit; line-height: 1.8; font-family: 'Open Sans', Arial, Helvetica, sans-serif; font-optical-sizing: inherit; font-size-adjust: inherit; font-kerning: inherit; font-feature-settings: inherit; font-variation-settings: inherit; font-size: 14px; vertical-align: baseline;\">\u2013 C\u00e1ch b\u1ea3o qu\u1ea3n: Tr\u01b0\u1edbc khi m\u1edf \u0111\u1ec3 n\u01a1i tho\u00e1ng m\u00e1t, tr\u00e1nh \u00e1nh n\u1eafng chi\u1ebfu tr\u1ef1c ti\u1ebfp v\u00e0o s\u1ebd l\u00e0m topping mau h\u01b0. Sau khi m\u1edf tr\u1eef trong t\u1ee7 m\u00e1t \u0111\u1ec3 s\u1eed d\u1ee5ng \u0111\u01b0\u1ee3c l\u00e2u d\u00e0i.<\/p>\n<p style=\"box-sizing: border-box; margin: 0px 0px 20px; padding: 0px; border: 0px; font-variant-numeric: inherit; font-variant-east-asian: inherit; font-variant-alternates: inherit; font-variant-position: inherit; font-stretch: inherit; line-height: 1.8; font-family: 'Open Sans', Arial, Helvetica, sans-serif; font-optical-sizing: inherit; font-size-adjust: inherit; font-kerning: inherit; font-feature-settings: inherit; font-variation-settings: inherit; font-size: 14px; vertical-align: baseline;\">\u2013 N\u01a1i kh\u00f4 r\u00e1o tho\u00e1ng m\u00e1t t\u1eeb 5 \u2013\u00a025 \u0111\u1ed9 C.<\/p>\n<p style=\"box-sizing: border-box; margin: 0px 0px 20px; padding: 0px; border: 0px; font-variant-numeric: inherit; font-variant-east-asian: inherit; font-variant-alternates: inherit; font-variant-position: inherit; font-stretch: inherit; line-height: 1.8; font-family: 'Open Sans', Arial, Helvetica, sans-serif; font-optical-sizing: inherit; font-size-adjust: inherit; font-kerning: inherit; font-feature-settings: inherit; font-variation-settings: inherit; font-size: 14px; vertical-align: baseline;\">\u2013 Sau khi c\u1eaft bao n\u00ean b\u1ea3o qu\u1ea3n trong ng\u0103n m\u00e1t t\u1ee7 l\u1ea1nh.<\/p>\n<div><\/div>","protected":false},"excerpt":{"rendered":"<p>TH\u00d4NG TIN CHUNG Th\u01b0\u01a1ng hi\u1ec7u Havafoodies Xu\u1ea5t x\u1ee9 \u0110\u00e0i Loan Th\u00e0nh ph\u1ea7n C\u1ee7 n\u0103ng, \u0111\u01b0\u1eddng, n\u01b0\u1edbc&#8230; H\u1ea1n s\u1eed d\u1ee5ng Xem<\/p>","protected":false},"featured_media":35102,"comment_status":"open","ping_status":"closed","template":"","meta":[],"product_brand":[],"product_cat":[135,36],"product_tag":[],"class_list":{"0":"post-35101","1":"product","2":"type-product","3":"status-publish","4":"has-post-thumbnail","6":"product_cat-sua-do-uong","7":"product_cat-thuc-pham-tieu-dung","9":"first","10":"instock","11":"sale","12":"shipping-taxable","13":"purchasable","14":"product-type-simple"},"_links":{"self":[{"href":"https:\/\/havamall.com\/en\/wp-json\/wp\/v2\/product\/35101","targetHints":{"allow":["GET"]}}],"collection":[{"href":"https:\/\/havamall.com\/en\/wp-json\/wp\/v2\/product"}],"about":[{"href":"https:\/\/havamall.com\/en\/wp-json\/wp\/v2\/types\/product"}],"replies":[{"embeddable":true,"href":"https:\/\/havamall.com\/en\/wp-json\/wp\/v2\/comments?post=35101"}],"version-history":[{"count":0,"href":"https:\/\/havamall.com\/en\/wp-json\/wp\/v2\/product\/35101\/revisions"}],"wp:featuredmedia":[{"embeddable":true,"href":"https:\/\/havamall.com\/en\/wp-json\/wp\/v2\/media\/35102"}],"wp:attachment":[{"href":"https:\/\/havamall.com\/en\/wp-json\/wp\/v2\/media?parent=35101"}],"wp:term":[{"taxonomy":"product_brand","embeddable":true,"href":"https:\/\/havamall.com\/en\/wp-json\/wp\/v2\/product_brand?post=35101"},{"taxonomy":"product_cat","embeddable":true,"href":"https:\/\/havamall.com\/en\/wp-json\/wp\/v2\/product_cat?post=35101"},{"taxonomy":"product_tag","embeddable":true,"href":"https:\/\/havamall.com\/en\/wp-json\/wp\/v2\/product_tag?post=35101"}],"curies":[{"name":"wp","href":"https:\/\/api.w.org\/{rel}","templated":true}]}}