{"id":35146,"date":"2024-08-12T14:41:16","date_gmt":"2024-08-12T07:41:16","guid":{"rendered":"https:\/\/havamall.com\/?post_type=product&#038;p=35146"},"modified":"2025-12-03T20:41:59","modified_gmt":"2025-12-03T13:41:59","slug":"tam-can-banh-ngan-lop-dong-lanh-co-men-1kg-puff-pastry-sheet-frozen","status":"publish","type":"product","link":"https:\/\/havamall.com\/en\/shop\/tam-can-banh-ngan-lop-dong-lanh-co-men-1kg-puff-pastry-sheet-frozen\/","title":{"rendered":"T\u1ea5m C\u00e1n B\u00e1nh Ng\u00e0n L\u1edbp \u0110\u00f4ng L\u1ea1nh C\u00f3 Men 1Kg &#8211; Puff Pastry Sheet Frozen"},"content":{"rendered":"<h2><strong>TH\u00d4NG TIN CHUNG<\/strong><\/h2>\n<table>\n<tbody>\n<tr>\n<td>Th\u01b0\u01a1ng hi\u1ec7u<\/td>\n<td>Bottega Zelachi<\/td>\n<\/tr>\n<tr>\n<td>Xu\u1ea5t x\u1ee9<\/td>\n<td>Vi\u1ec7t Nam<\/td>\n<\/tr>\n<tr>\n<td>Th\u00e0nh ph\u1ea7n<\/td>\n<td>B\u1ed9t m\u00ec, b\u01a1, s\u1eefa, \u0111\u01b0\u1eddng, mu\u1ed1i, men, tinh b\u1ed9t,\u2026<\/td>\n<\/tr>\n<tr>\n<td>H\u1ea1n s\u1eed d\u1ee5ng<\/td>\n<td>3 th\u00e1ng k\u1ec3 t\u1eeb ng\u00e0y s\u1ea3n xu\u1ea5t.<\/td>\n<\/tr>\n<tr>\n<td>B\u1ea3o qu\u1ea3n<\/td>\n<td>B\u1ea3o qu\u1ea3n \u0111\u00f4ng l\u1ea1nh<\/td>\n<\/tr>\n<tr>\n<td>\u00a0Kh\u1ed1i l\u01b0\u1ee3ng<\/td>\n<td>1000g<\/td>\n<\/tr>\n<\/tbody>\n<\/table>\n<p>S\u1ea3n ph\u1ea9m t\u1ea5m c\u00e1n puff pastry (hay c\u00f2n g\u1ecdi b\u1ed9t ng\u00e0n l\u1edbp) l\u00e0 lo\u1ea1i b\u1ed9t c\u00f3 th\u00e0nh ph\u1ea7n g\u1ed3m b\u1ed9t m\u00ec, b\u01a1, n\u01b0\u1edbc, mu\u1ed1i,\u2026 nh\u1ed3i chung v\u1edbi nhau sau \u0111\u00f3 c\u00e1n ra th\u00e0nh t\u1eebng l\u1edbp b\u1ed9t, b\u01a1 x\u1ebfp ch\u1ed3ng l\u00ean nhau khi n\u01b0\u1edbng b\u00e1nh t\u00e1ch t\u1eebng l\u1edbp c\u00f3 \u0111\u1ed9 gi\u00f2n x\u1ed1p nh\u1ea5t \u0111\u1ecbnh \u0111\u01b0\u1ee3c g\u1ecdi l\u00e0 b\u1ed9t ng\u00e0n l\u1edbp. \u0110\u1eb7c bi\u1ec7t, t\u1ea5m c\u00e1n puff pastry kh\u00f4ng ch\u1ee9a th\u00e0nh ph\u1ea7n men n\u1edf th\u00edch h\u1ee3p l\u00e0m c\u00e1c lo\u1ea1i b\u00e1nh nh\u01b0: Pateso, mille feuille, egg tart, galette de rois,\u2026<\/p>\n<p>H\u01a1n h\u1ebft, tr\u1ecdng l\u01b0\u1ee3ng c\u1ee7a b\u1ed9t l\u00ean \u0111\u1ebfn 1kg \u2013 t\u1ea5m c\u00e1n n\u00ean r\u1ea5t ti\u1ec7n l\u1ee3i v\u00e0 ti\u1ebft ki\u1ec7m khi s\u1eed d\u1ee5ng. Ch\u1ec9 c\u1ea7n r\u00e3 \u0111\u00f4ng, cho nh\u00e2n v\u00e0o b\u00f4t, t\u1ea1o h\u00ecnh v\u00e0 mang \u0111i n\u01b0\u1edbng, t\u00edch t\u1eafc trong v\u00e0i ph\u00fat l\u00e0 c\u00f3 ngay m\u1ebb b\u00e1nh th\u01a1m ngon d\u00f9ng \u0103n s\u00e1ng, \u0103n tr\u01b0a ho\u1eb7c \u0103n t\u1ed1i \u0111\u1ec1u ngon.<\/p>\n<p><img fetchpriority=\"high\" decoding=\"async\" class=\"wp-image-35147 aligncenter\" src=\"https:\/\/havamall.com\/wp-content\/uploads\/2024\/08\/fdgdf-300x240.png\" alt=\"\" width=\"639\" height=\"511\" \/><\/p>\n<div class=\"x11i5rnm xat24cr x1mh8g0r x1vvkbs xtlvy1s x126k92a\">\n<div dir=\"auto\">\u0110\u1eb7c tr\u01b0ng c\u1ee7a b\u1ed9t ng\u00e0n l\u1edbp l\u00e0 khi s\u1ed1ng, mi\u1ebfng b\u1ed9t s\u1ebd nh\u00ecn kh\u00f4ng kh\u00e1c g\u00ec m\u1ed9t kh\u1ed1i, nh\u01b0ng nh\u00ecn k\u1ef9 v\u00e0o m\u1eb7t c\u1eaft c\u00f3 th\u1ec3 th\u1ea5y \u0111\u01b0\u1ee3c r\u1ea5t nhi\u1ec1u l\u1edbp b\u1ed9t v\u00e0 b\u01a1 ch\u1ed3ng l\u00ean nhau. C\u00e1ch \u0111\u1ec3 l\u00e0m Puff Pastry ch\u00ednh l\u00e0 b\u1ecdc b\u01a1 v\u00e0o b\u1ed9t ho\u1eb7c b\u1ed9t v\u00e0o b\u01a1, sau \u0111\u00f3 c\u00e1n m\u1ecfng d\u1ea7n, g\u1ea5p l\u1ea1i, ti\u1ebfp t\u1ee5c c\u00e1n m\u1ecfng \u0111\u1ec3 t\u1ea1o ra c\u00e0ng nhi\u1ec1u l\u1edbp c\u00e0ng t\u1ed1t.<\/div>\n<div dir=\"auto\">Th\u01b0\u1eddng b\u1ed9t ng\u00e0n l\u1edbp s\u1ebd c\u00f3 944 l\u1edbp b\u1ed9t \u0111\u01b0\u1ee3c xen k\u1ebd v\u1edbi 943 l\u1edbp b\u01a1 (\u0111\u00fang ngh\u0129a \u0111en c\u1ee7a t\u1eeb \u201cng\u00e0n l\u1edbp\u201d). \u0110\u1ec3 l\u00e0m \u0111\u01b0\u1ee3c kh\u1ed1i b\u1ed9t n\u00e0y, ban \u0111\u1ea7u s\u1ebd c\u00f3 3 l\u1edbp g\u1ed3m b\u1ed9t \u2013 b\u01a1 \u2013 b\u1ed9t ho\u1eb7c b\u01a1 \u2013 b\u1ed9t \u2013 b\u01a1, sau \u0111\u00f3 \u0111\u01b0\u1ee3c c\u00e1n m\u1ecfng, g\u1eadp th\u00e0nh 3, ti\u1ebfp t\u1ee5c c\u00e1n r\u1ed3i g\u1eadp, l\u1eb7p l\u1ea1i thao t\u00e1c nh\u01b0 v\u1eady kho\u1ea3ng 6 l\u1ea7n l\u00e0 ch\u00fang ta c\u00f3 th\u1ec3 thu \u0111\u01b0\u1ee3c m\u1ed9t ph\u1ea7n b\u1ed9t ng\u00e0n l\u1edbp.<\/div>\n<div dir=\"auto\">V\u1edbi b\u1ed9t ng\u00e0n l\u1edbp, b\u1ea1n c\u00f3 th\u1ec3 \u1ee9ng d\u1ee5ng v\u00e0o r\u1ea5t nhi\u1ec1u m\u00f3n b\u00e1nh kh\u00e1c nhau, s\u01a1 qua c\u00f3 th\u1ec3 k\u1ec3 \u0111\u1ebfn: \u0110\u1ebf b\u00e1nh Tart, Vol Au Vent, b\u00e1nh nh\u00e2n th\u1ecbt, Hand pie, v\u1ecf b\u00e1nh Pie, Palmier,\u2026<\/div>\n<div dir=\"auto\"><\/div>\n<\/div>\n<div class=\"x11i5rnm xat24cr x1mh8g0r x1vvkbs xtlvy1s x126k92a\">\n<div dir=\"auto\"><img decoding=\"async\" class=\"wp-image-35148 aligncenter\" src=\"https:\/\/havamall.com\/wp-content\/uploads\/2024\/08\/dfgd-248x300.png\" alt=\"\" width=\"604\" height=\"730\" \/><\/div>\n<div dir=\"auto\"><\/div>\n<div dir=\"auto\">B\u1ed9t ng\u00e0n l\u1edbp kh\u00f4ng men Puff Pastry kh\u00e1c b\u1ed9t ng\u00e0n l\u1edbp c\u00f3 men Danish Pastry nh\u01b0 th\u1ebf n\u00e0o?<\/div>\n<div dir=\"auto\">B\u1ed9t ng\u00e0n l\u1edbp c\u00f3 men v\u00e0 kh\u00f4ng men c\u00f4ng th\u1ee9c l\u00e0m t\u01b0\u01a1ng t\u1ef1 nhau tuy nhi\u00ean B\u1ed9t ng\u00e0n l\u1edbp kh\u00f4ng men (puff pastry) ch\u1ec9 s\u1eed d\u1ee5ng h\u01a1i n\u01b0\u1edbc \u0111\u1ec3 l\u00e0m ph\u1ed3ng b\u1ed9t. \u0110\u1ed9 \u1ea9m trong b\u1ed9t ko men chuy\u1ec3n th\u00e0nh h\u01a1i n\u01b0\u1edbc, v\u00e0 c\u00f9ng v\u1edbi kh\u00f4ng kh\u00ed n\u00e9n b\u00ean trong, \u0111\u1ea9y c\u00e1c l\u1edbp l\u00ean tr\u00ean v\u00e0 ra ngo\u00e0i. H\u01a1i n\u01b0\u1edbc c\u0169ng gi\u00fap b\u1ed9t c\u00f3 men (Danish pastry) ph\u1ed3ng l\u00ean, tuy nhi\u00ean, men l\u00e0 t\u00e1c nh\u00e2n ch\u00ednh gi\u00fap b\u1ed9t ph\u1ed3ng. Do \u0111\u00f3 b\u1ed9t c\u00f3 men sau khi \u1ee7 n\u1edf c\u00f3 \u0111\u1ed9 ph\u1ed3ng to h\u01a1n nhi\u1ec1u so v\u1edbi b\u1ed9t kh\u00f4ng men.<\/div>\n<div dir=\"auto\">B\u1ed9t c\u00f3 men ng\u1ecdt h\u01a1n b\u1ed9t ko men, th\u01b0\u1eddng d\u00f9ng l\u00e0m b\u00e1nh s\u1eebng b\u00f2, b\u00e1nh nho, b\u00e1nh socola v\u00e0 c\u00e1c b\u00e1nh y\u00eau c\u1ea7u \u0111\u1ed9 n\u1edf x\u1ed1p. B\u00e1nh c\u00f3 \u0111\u1ed9 n\u1edf x\u1ed1p<\/div>\n<div dir=\"auto\">B\u1ed9t ko men th\u01b0\u1eddng d\u00f9ng l\u00e0m b\u00e1nh c\u00f3 nh\u00e2n m\u1eb7n do b\u1ed9t kh\u00f4ng c\u00f3 \u0111\u01b0\u1eddng, nh\u01b0 pateso, b\u00e1nh cu\u1ed9n x\u00fac x\u00edch, \u0111\u00e9 pizza &#8230; ho\u1eb7c m\u1ed9t v\u00e0i ng\u1ecdt nh\u01b0 b\u00e1nh t\u00e1o, tarte tr\u1ee9ng&#8230; B\u00e1nh c\u00f3 \u0111\u1ed9 gi\u00f2n.<\/div>\n<div dir=\"auto\">&#8211; Lo\u1ea1i c\u00f3 men b\u1ecf ph\u1ea3i r\u00e3 \u0111\u00f4ng, t\u1ea1o h\u00ecnh xong m\u1edbi \u1ee7 \u1ea1. N\u00ean r\u00e3 \u0111\u00f4ng ng\u0103n m\u00e1t t\u1ee7 l\u1ea1nh qua \u0111\u00eam ho\u1eb7c nhi\u1ec7t \u0111\u1ed9 th\u01b0\u1eddng b\u00ean ngo\u00e0i 4-5h.<\/div>\n<div dir=\"auto\"><\/div>\n<div dir=\"auto\">&#8211; Lo\u1ea1i ko men kh\u00f4ng c\u1ea7n \u1ee7, ch\u1ec9 c\u1ea7n r\u00e3 \u0111\u00f4ng ng\u0103n m\u00e1t t\u1ee7 l\u1ea1nh qua \u0111\u00eam ho\u1eb7c nhi\u1ec7t \u0111\u1ed9 th\u01b0\u1eddng b\u00ean ngo\u00e0i 4-5h, cho nh\u00e2n, t\u1ea1o h\u00ecnh v\u00e0 n\u01b0\u1edbng<\/div>\n<div dir=\"auto\"><\/div>\n<div dir=\"auto\">** Ngu\u1ed3n g\u1ed1c c\u1ee7a 02 lo\u1ea1i b\u1ed9t:<\/div>\n<div dir=\"auto\">Puff Pastry (b\u1ed9t ng\u00e0n l\u1edbp kh\u00f4ng men) v\u00e0 Danish Pastry (b\u1ed9t c\u00f3 men) c\u00f3 ngu\u1ed3n g\u1ed1c kh\u00e1c nhau. B\u1ed9t Danish Pastry \u0111\u01b0\u1ee3c xu\u1ea5t hi\u1ec7n v\u00e0o nh\u1eefng n\u0103m 1840 t\u1ea1i Copenhagen, \u0110an M\u1ea1ch. \u0110\u00f3 l\u00e0 t\u00e1c ph\u1ea9m c\u1ee7a th\u1ee3 l\u00e0m b\u00e1nh b\u1eadc th\u1ea7y Albaek, \u0111\u1ea7u b\u1ebfp chuy\u00ean d\u1ee5ng c\u1ee7a ho\u00e0ng cung. C\u00f4ng th\u1ee9c b\u00e1nh ng\u00e0n l\u1edbp c\u00f3 men c\u1ee7a \u00f4ng \u0111\u00e3 \u0111\u01b0\u1ee3c truy\u1ec1n l\u1ea1i cho c\u00e1c th\u1ee3 l\u00e0m b\u00e1nh kh\u00e1c, m\u1ed9t s\u1ed1 ng\u01b0\u1eddi \u0111i kh\u1eafp th\u1ebf gi\u1edbi truy\u1ec1n \u0111\u1ea1t ki\u1ebfn \u200b\u200bth\u1ee9c c\u1ee7a h\u1ecd v\u1ec1 Danish pastry cho nhi\u1ec1u th\u1ee3 l\u00e0m b\u00e1nh h\u01a1n. Danish Pastry tr\u1edf n\u00ean n\u1ed5i ti\u1ebfng th\u1ebf gi\u1edbi. Puff pastry c\u00f3 ngu\u1ed3n g\u1ed1c t\u1eeb Ph\u00e1p v\u00e0o th\u1ebf k\u1ef7 17, v\u00e0 \u0111\u01b0\u1ee3c cho l\u00e0 do h\u1ecda s\u0129 v\u00e0 \u0111\u1ea7u b\u1ebfp ng\u01b0\u1eddi Ph\u00e1p Claude Gelee t\u1ea1o ra. Ng\u00e0y nay b\u1ed9t ng\u00e0n l\u1edbp th\u01b0\u1eddng \u0111\u01b0\u1ee3c g\u1ecdi l\u00e0 vua c\u1ee7a b\u00e1nh ng\u1ecdt.<\/div>\n<\/div>\n<p><img decoding=\"async\" class=\"aligncenter\" src=\"https:\/\/havamall.com\/wp-content\/uploads\/2024\/11\/DSC_5003-Edit-1-1.jpg\" alt=\"Frozen Puff Pastry \u2013 2 Bliss of Baking\" width=\"607\" height=\"607\" \/><\/p>","protected":false},"excerpt":{"rendered":"<p>TH\u00d4NG TIN CHUNG Th\u01b0\u01a1ng hi\u1ec7u Bottega Zelachi Xu\u1ea5t x\u1ee9 Vi\u1ec7t Nam Th\u00e0nh ph\u1ea7n B\u1ed9t m\u00ec, b\u01a1, s\u1eefa, \u0111\u01b0\u1eddng, mu\u1ed1i, men,<\/p>","protected":false},"featured_media":35149,"comment_status":"open","ping_status":"closed","template":"","meta":[],"product_brand":[],"product_cat":[704,730,36,275],"product_tag":[],"class_list":{"0":"post-35146","1":"product","2":"type-product","3":"status-publish","4":"has-post-thumbnail","6":"product_cat-banh-dong-lanh","7":"product_cat-cac-nuoc-khac","8":"product_cat-thuc-pham-tieu-dung","9":"product_cat-thuc-pham-dong-lanh","11":"first","12":"instock","13":"sale","14":"shipping-taxable","15":"purchasable","16":"product-type-variable"},"_links":{"self":[{"href":"https:\/\/havamall.com\/en\/wp-json\/wp\/v2\/product\/35146","targetHints":{"allow":["GET"]}}],"collection":[{"href":"https:\/\/havamall.com\/en\/wp-json\/wp\/v2\/product"}],"about":[{"href":"https:\/\/havamall.com\/en\/wp-json\/wp\/v2\/types\/product"}],"replies":[{"embeddable":true,"href":"https:\/\/havamall.com\/en\/wp-json\/wp\/v2\/comments?post=35146"}],"version-history":[{"count":0,"href":"https:\/\/havamall.com\/en\/wp-json\/wp\/v2\/product\/35146\/revisions"}],"wp:featuredmedia":[{"embeddable":true,"href":"https:\/\/havamall.com\/en\/wp-json\/wp\/v2\/media\/35149"}],"wp:attachment":[{"href":"https:\/\/havamall.com\/en\/wp-json\/wp\/v2\/media?parent=35146"}],"wp:term":[{"taxonomy":"product_brand","embeddable":true,"href":"https:\/\/havamall.com\/en\/wp-json\/wp\/v2\/product_brand?post=35146"},{"taxonomy":"product_cat","embeddable":true,"href":"https:\/\/havamall.com\/en\/wp-json\/wp\/v2\/product_cat?post=35146"},{"taxonomy":"product_tag","embeddable":true,"href":"https:\/\/havamall.com\/en\/wp-json\/wp\/v2\/product_tag?post=35146"}],"curies":[{"name":"wp","href":"https:\/\/api.w.org\/{rel}","templated":true}]}}