{"id":35684,"date":"2024-09-08T14:31:10","date_gmt":"2024-09-08T07:31:10","guid":{"rendered":"https:\/\/havamall.com\/?post_type=product&#038;p=35684"},"modified":"2025-03-23T11:15:36","modified_gmt":"2025-03-23T04:15:36","slug":"cha-ca-vi-muc-figo-flavored-squid-roll-500g","status":"publish","type":"product","link":"https:\/\/havamall.com\/en\/shop\/cha-ca-vi-muc-figo-flavored-squid-roll-500g\/","title":{"rendered":"Ch\u1ea3 C\u00e1 V\u1ecb M\u1ef1c Figo &#8211; Flavored Squid Roll 500g"},"content":{"rendered":"<h2 class=\"product-detail__specs-title\"><strong>TH\u00d4NG TIN CHUNG<\/strong><\/h2>\n<div id=\"js-product-detail__specs\" class=\"product-detail__specs\">\n<div class=\"row\">\n<div class=\"col-sm-12\">\n<div class=\"product-specs__table\">\n<table style=\"width: 43.2016%;height: 168px\">\n<tbody>\n<tr style=\"height: 24px\">\n<td class=\"specs-table__property\" style=\"height: 24px\">Th\u01b0\u01a1ng hi\u1ec7u<\/td>\n<td class=\"specs-table__value\" style=\"height: 24px\">Figo<\/td>\n<\/tr>\n<tr style=\"height: 24px\">\n<td class=\"specs-table__property\" style=\"height: 24px\">Xu\u1ea5t x\u1ee9<\/td>\n<td class=\"specs-table__value\" style=\"height: 24px\">Malaysia<\/td>\n<\/tr>\n<tr style=\"height: 24px\">\n<td class=\"specs-table__property\" style=\"height: 24px\">H\u1ea1n s\u1eed d\u1ee5ng<\/td>\n<td class=\"specs-table__value\" style=\"height: 24px\">Xem tr\u00ean bao b\u00ec s\u1ea3n ph\u1ea9m<\/td>\n<\/tr>\n<tr style=\"height: 24px\">\n<td class=\"specs-table__property\" style=\"height: 24px\">H\u01b0\u1edbng d\u1eabn s\u1eed d\u1ee5ng<\/td>\n<td class=\"specs-table__value\" style=\"height: 24px\">Chi\u00ean ng\u1eadp d\u1ea7u, h\u1ea5p, x\u00e0o ho\u1eb7c th\u1ea3 l\u1ea9u<\/td>\n<\/tr>\n<tr style=\"height: 24px\">\n<td class=\"specs-table__property\" style=\"height: 24px\">H\u01b0\u1edbng d\u1eabn b\u1ea3o qu\u1ea3n<\/td>\n<td class=\"specs-table__value\" style=\"height: 24px\">B\u1ea3o qu\u1ea3n \u0111\u00f4ng l\u1ea1nh \u1edf nhi\u1ec7t \u0111\u1ed9 -18 \u0111\u1ed9 C<\/td>\n<\/tr>\n<tr style=\"height: 24px\">\n<td class=\"specs-table__property\" style=\"height: 24px\">Th\u00e0nh ph\u1ea7n nguy\u00ean li\u1ec7u<\/td>\n<td class=\"specs-table__value\" style=\"height: 24px\">\u00a0Nh\u01b0 tr\u00ean bao b\u00ec<\/td>\n<\/tr>\n<tr style=\"height: 24px\">\n<td class=\"specs-table__property\" style=\"height: 24px\">Kh\u1ed1i l\u01b0\u1ee3ng\/Th\u1ec3 t\u00edch<\/td>\n<td class=\"specs-table__value\" style=\"height: 24px\">500g<\/td>\n<\/tr>\n<\/tbody>\n<\/table>\n<h2><strong>GI\u1edaI THI\u1ec6U<\/strong><\/h2>\n<p>Ch\u1ea3 C\u00e1 V\u1ecb M\u1ef1c Figo l\u00e0 m\u00f3n \u0103n ti\u1ec7n l\u1ee3i v\u00e0 th\u01a1m ngon, mang \u0111\u1ebfn h\u01b0\u01a1ng v\u1ecb bi\u1ec3n c\u1ea3 \u0111\u1eadm \u0111\u00e0 t\u1eeb m\u1ef1c t\u01b0\u01a1i k\u1ebft h\u1ee3p v\u1edbi c\u00e1. S\u1ea3n ph\u1ea9m \u0111\u01b0\u1ee3c ch\u1ebf bi\u1ebfn theo c\u00f4ng th\u1ee9c \u0111\u1eb7c bi\u1ec7t, \u0111\u1ea3m b\u1ea3o s\u1ef1 h\u00f2a quy\u1ec7n ho\u00e0n h\u1ea3o gi\u1eefa c\u00e1c nguy\u00ean li\u1ec7u, t\u1ea1o n\u00ean nh\u1eefng mi\u1ebfng ch\u1ea3 c\u00e1 dai, gi\u00f2n, ng\u1ecdt t\u1ef1 nhi\u00ean v\u00e0 h\u1ea5p d\u1eabn. V\u1edbi th\u01b0\u01a1ng hi\u1ec7u Figo, b\u1ea1n c\u00f3 th\u1ec3 y\u00ean t\u00e2m v\u1ec1 ch\u1ea5t l\u01b0\u1ee3ng v\u00e0 h\u01b0\u01a1ng v\u1ecb tuy\u1ec7t v\u1eddi c\u1ee7a s\u1ea3n ph\u1ea9m.<\/p>\n<p><img fetchpriority=\"high\" decoding=\"async\" class=\"size-full wp-image-35686 aligncenter\" src=\"https:\/\/havamall.com\/wp-content\/uploads\/2024\/09\/cc965ca0-effb-11ee-a33b-5598adf9d758.webp\" alt=\"\" width=\"600\" height=\"450\" srcset=\"https:\/\/havamall.com\/wp-content\/uploads\/2024\/09\/cc965ca0-effb-11ee-a33b-5598adf9d758.webp 600w, https:\/\/havamall.com\/wp-content\/uploads\/2024\/09\/cc965ca0-effb-11ee-a33b-5598adf9d758-300x225.webp 300w, https:\/\/havamall.com\/wp-content\/uploads\/2024\/09\/cc965ca0-effb-11ee-a33b-5598adf9d758-16x12.webp 16w, https:\/\/havamall.com\/wp-content\/uploads\/2024\/09\/cc965ca0-effb-11ee-a33b-5598adf9d758-150x113.webp 150w\" sizes=\"(max-width: 600px) 100vw, 600px\" \/><\/p>\n<h2><strong>\u0110\u1eb6C \u0110I\u1ec2M N\u1ed4I B\u1eacT<\/strong><\/h2>\n<p><strong>&#8211; H\u01b0\u01a1ng v\u1ecb bi\u1ec3n c\u1ea3 t\u01b0\u01a1i ngon<\/strong>: Ch\u1ea3 c\u00e1 \u0111\u01b0\u1ee3c l\u00e0m t\u1eeb c\u00e1 t\u01b0\u01a1i, mang l\u1ea1i h\u01b0\u01a1ng v\u1ecb \u0111\u1ed9c \u0111\u00e1o, ng\u1ecdt th\u01a1m t\u1ef1 nhi\u00ean, \u0111\u1eadm ch\u1ea5t bi\u1ec3n c\u1ea3.<\/p>\n<p><strong>&#8211; Ch\u1ea5t l\u01b0\u1ee3ng nguy\u00ean li\u1ec7u cao c\u1ea5p<\/strong>: \u0110\u01b0\u1ee3c s\u1ea3n xu\u1ea5t t\u1eeb nguy\u00ean li\u1ec7u t\u1ef1 nhi\u00ean, kh\u00f4ng ch\u1ee9a ch\u1ea5t b\u1ea3o qu\u1ea3n, ph\u1ea9m m\u00e0u hay h\u01b0\u01a1ng li\u1ec7u nh\u00e2n t\u1ea1o, \u0111\u1ea3m b\u1ea3o an to\u00e0n cho s\u1ee9c kh\u1ecfe ng\u01b0\u1eddi ti\u00eau d\u00f9ng.<\/p>\n<p><strong>&#8211; Ti\u1ec7n l\u1ee3i v\u00e0 d\u1ec5 d\u00e0ng ch\u1ebf bi\u1ebfn<\/strong>: Ch\u1ea3 c\u00e1 v\u1ecb m\u1ef1c Figo c\u00f3 th\u1ec3 ch\u1ebf bi\u1ebfn theo nhi\u1ec1u c\u00e1ch kh\u00e1c nhau nh\u01b0 chi\u00ean, h\u1ea5p, n\u01b0\u1edbng, ho\u1eb7c n\u1ea5u canh, mang l\u1ea1i s\u1ef1 \u0111a d\u1ea1ng cho b\u1eefa \u0103n gia \u0111\u00ecnh.<\/p>\n<p><strong>&#8211; Ph\u00f9 h\u1ee3p v\u1edbi m\u1ecdi \u0111\u1ed1i t\u01b0\u1ee3ng<\/strong>: Th\u00edch h\u1ee3p cho c\u1ea3 ng\u01b0\u1eddi l\u1edbn v\u00e0 tr\u1ebb em, l\u00e0 m\u00f3n \u0103n l\u00fd t\u01b0\u1edfng cho c\u00e1c b\u1eefa \u0103n h\u00e0ng ng\u00e0y, ti\u1ec7c t\u00f9ng, ho\u1eb7c l\u00e0m m\u00f3n \u0103n v\u1eb7t h\u1ea5p d\u1eabn.<\/p>\n<p><img decoding=\"async\" class=\"size-full wp-image-35687 aligncenter\" src=\"https:\/\/havamall.com\/wp-content\/uploads\/2024\/09\/ced8f9a0-effb-11ee-a33b-5598adf9d758.webp\" alt=\"\" width=\"600\" height=\"450\" srcset=\"https:\/\/havamall.com\/wp-content\/uploads\/2024\/09\/ced8f9a0-effb-11ee-a33b-5598adf9d758.webp 600w, https:\/\/havamall.com\/wp-content\/uploads\/2024\/09\/ced8f9a0-effb-11ee-a33b-5598adf9d758-300x225.webp 300w, https:\/\/havamall.com\/wp-content\/uploads\/2024\/09\/ced8f9a0-effb-11ee-a33b-5598adf9d758-16x12.webp 16w, https:\/\/havamall.com\/wp-content\/uploads\/2024\/09\/ced8f9a0-effb-11ee-a33b-5598adf9d758-150x113.webp 150w\" sizes=\"(max-width: 600px) 100vw, 600px\" \/><\/p>\n<h2><strong>H\u01af\u1edaNG D\u1eaaN S\u1eec D\u1ee4NG<\/strong><\/h2>\n<p><strong>&#8211; Chi\u00ean<\/strong>: R\u00e3 \u0111\u00f4ng ch\u1ea3 c\u00e1, sau \u0111\u00f3 chi\u00ean v\u1edbi d\u1ea7u n\u00f3ng cho \u0111\u1ebfn khi v\u00e0ng gi\u00f2n.<\/p>\n<p><strong>&#8211; H\u1ea5p ho\u1eb7c n\u01b0\u1edbng<\/strong>: H\u1ea5p ch\u1ea3 c\u00e1 v\u1edbi n\u01b0\u1edbc s\u00f4i ho\u1eb7c n\u01b0\u1edbng trong l\u00f2 cho \u0111\u1ebfn khi ch\u00edn \u0111\u1ec1u.<\/p>\n<p><strong>&#8211; N\u1ea5u canh ho\u1eb7c l\u1ea9u<\/strong>: Th\u00eam ch\u1ea3 c\u00e1 v\u00e0o c\u00e1c m\u00f3n canh ho\u1eb7c l\u1ea9u \u0111\u1ec3 t\u0103ng th\u00eam h\u01b0\u01a1ng v\u1ecb th\u01a1m ngon.<\/p>\n<h2><strong>Havamall \u2013 ph\u00e2n ph\u1ed1i c\u00e1c s\u1ea3n ph\u1ea9m ch\u00ednh h\u00e3ng, ch\u1ea5t l\u01b0\u1ee3ng<\/strong><\/h2>\n<p>V\u1edbi kinh nghi\u1ec7m trong ng\u00e0nh nh\u1eadp kh\u1ea9u v\u00e0 ph\u00e2n ph\u1ed1i th\u1ef1c ph\u1ea9m, \u0111\u1ed3 u\u1ed1ng v\u00e0 nguy\u00ean li\u1ec7u th\u1ef1c ph\u1ea9m, C\u00f4ng ty Havamall Vi\u1ec7t Nam l\u00e0 m\u1ed9t trong nh\u1eefng \u0111\u01a1n v\u1ecb cung \u1ee9ng s\u1ea3n ph\u1ea9m h\u00e0ng \u0111\u1ea7u cho c\u00e1c \u0111\u1ed1i t\u00e1c chuy\u00ean nghi\u1ec7p, danh ti\u1ebfng tr\u00ean kh\u1eafp c\u1ea3 n\u01b0\u1edbc.<\/p>\n<p>C\u00e1c s\u1ea3n ph\u1ea9m do C\u00f4ng ty Havamall Vi\u1ec7t Nam ph\u00e2n ph\u1ed1i \u0111\u1ec1u \u0111\u01b0\u1ee3c nh\u1eadp kh\u1ea9u t\u1eeb ch\u00e2u \u00c2u, ch\u00e2u \u00dac, \u0111\u1ea3m b\u1ea3o c\u00e1c ti\u00eau chu\u1ea9n v\u1ec1 v\u1ec7 sinh an to\u00e0n th\u1ef1c ph\u1ea9m kh\u1eaft khe nh\u01b0 HACCP, ISO. V\u1edbi h\u1ec7 th\u1ed1ng chi nh\u00e1nh, kho v\u1eadn tr\u1ea3i d\u00e0i kh\u1eafp Vi\u1ec7t Nam, C\u00f4ng ty Havamall Vi\u1ec7t Nam c\u00f3 th\u1ec3 \u0111\u00e1p \u1ee9ng \u0111\u01b0\u1ee3c nhu c\u1ea7u v\u1ec1 s\u1ed1 l\u01b0\u1ee3ng v\u00e0 ch\u1ea5t l\u01b0\u1ee3ng c\u1ee7a kh\u00e1ch h\u00e0ng.<\/p>\n<\/div>\n<\/div>\n<\/div>\n<\/div>","protected":false},"excerpt":{"rendered":"<p>TH\u00d4NG TIN CHUNG Th\u01b0\u01a1ng hi\u1ec7u Figo Xu\u1ea5t x\u1ee9 Malaysia H\u1ea1n s\u1eed d\u1ee5ng Xem tr\u00ean bao b\u00ec s\u1ea3n ph\u1ea9m H\u01b0\u1edbng d\u1eabn<\/p>","protected":false},"featured_media":35685,"comment_status":"open","ping_status":"closed","template":"","meta":[],"product_brand":[],"product_cat":[36,730,702,275],"product_tag":[],"class_list":{"0":"post-35684","1":"product","2":"type-product","3":"status-publish","4":"has-post-thumbnail","6":"product_cat-thuc-pham-tieu-dung","7":"product_cat-cac-nuoc-khac","8":"product_cat-hai-san","9":"product_cat-thuc-pham-dong-lanh","11":"first","12":"instock","13":"sale","14":"shipping-taxable","15":"purchasable","16":"product-type-simple"},"_links":{"self":[{"href":"https:\/\/havamall.com\/en\/wp-json\/wp\/v2\/product\/35684","targetHints":{"allow":["GET"]}}],"collection":[{"href":"https:\/\/havamall.com\/en\/wp-json\/wp\/v2\/product"}],"about":[{"href":"https:\/\/havamall.com\/en\/wp-json\/wp\/v2\/types\/product"}],"replies":[{"embeddable":true,"href":"https:\/\/havamall.com\/en\/wp-json\/wp\/v2\/comments?post=35684"}],"version-history":[{"count":0,"href":"https:\/\/havamall.com\/en\/wp-json\/wp\/v2\/product\/35684\/revisions"}],"wp:featuredmedia":[{"embeddable":true,"href":"https:\/\/havamall.com\/en\/wp-json\/wp\/v2\/media\/35685"}],"wp:attachment":[{"href":"https:\/\/havamall.com\/en\/wp-json\/wp\/v2\/media?parent=35684"}],"wp:term":[{"taxonomy":"product_brand","embeddable":true,"href":"https:\/\/havamall.com\/en\/wp-json\/wp\/v2\/product_brand?post=35684"},{"taxonomy":"product_cat","embeddable":true,"href":"https:\/\/havamall.com\/en\/wp-json\/wp\/v2\/product_cat?post=35684"},{"taxonomy":"product_tag","embeddable":true,"href":"https:\/\/havamall.com\/en\/wp-json\/wp\/v2\/product_tag?post=35684"}],"curies":[{"name":"wp","href":"https:\/\/api.w.org\/{rel}","templated":true}]}}