{"id":35689,"date":"2024-09-08T15:40:40","date_gmt":"2024-09-08T08:40:40","guid":{"rendered":"https:\/\/havamall.com\/?post_type=product&#038;p=35689"},"modified":"2025-08-18T13:33:04","modified_gmt":"2025-08-18T06:33:04","slug":"bo-cuon-man-elle-vire-salted-butter-roll-250g","status":"publish","type":"product","link":"https:\/\/havamall.com\/en\/shop\/bo-cuon-man-elle-vire-salted-butter-roll-250g\/","title":{"rendered":"B\u01a1 Cu\u1ed9n M\u1eb7n Elle &amp; Vire &#8211; Salted Butter Roll 250g"},"content":{"rendered":"<h2 class=\"product-detail__specs-title\"><strong>TH\u00d4NG TIN CHUNG<\/strong><\/h2>\n<div id=\"js-product-detail__specs\" class=\"product-detail__specs\">\n<div class=\"row\">\n<div class=\"col-sm-12\">\n<div class=\"product-specs__table\">\n<table style=\"width: 43.2016%;height: 168px\">\n<tbody>\n<tr style=\"height: 24px\">\n<td class=\"specs-table__property\" style=\"height: 24px\">Th\u01b0\u01a1ng hi\u1ec7u<\/td>\n<td class=\"specs-table__value\" style=\"height: 24px\">Elle&amp;Vire<\/td>\n<\/tr>\n<tr style=\"height: 24px\">\n<td class=\"specs-table__property\" style=\"height: 24px\">Xu\u1ea5t x\u1ee9<\/td>\n<td class=\"specs-table__value\" style=\"height: 24px\">Ph\u00e1p<\/td>\n<\/tr>\n<tr style=\"height: 24px\">\n<td class=\"specs-table__property\" style=\"height: 24px\">H\u1ea1n s\u1eed d\u1ee5ng<\/td>\n<td class=\"specs-table__value\" style=\"height: 24px\">12 th\u00e1ng<\/td>\n<\/tr>\n<tr style=\"height: 24px\">\n<td class=\"specs-table__property\" style=\"height: 24px\">H\u01b0\u1edbng d\u1eabn s\u1eed d\u1ee5ng<\/td>\n<td class=\"specs-table__value\" style=\"height: 24px\">D\u00f9ng ch\u1ebf bi\u1ebfn ho\u1eb7c ch\u1ebf bi\u1ebfn m\u00f3n \u0103n<\/td>\n<\/tr>\n<tr style=\"height: 24px\">\n<td class=\"specs-table__property\" style=\"height: 24px\">H\u01b0\u1edbng d\u1eabn b\u1ea3o qu\u1ea3n<\/td>\n<td class=\"specs-table__value\" style=\"height: 24px\">B\u1ea3o qu\u1ea3n t\u1ee7 l\u1ea1nh t\u1ed1i \u0111a 8 \u0111\u1ed9 C<\/td>\n<\/tr>\n<tr style=\"height: 24px\">\n<td class=\"specs-table__property\" style=\"height: 24px\">Th\u00e0nh ph\u1ea7n nguy\u00ean li\u1ec7u<\/td>\n<td class=\"specs-table__value\" style=\"height: 24px\">\u00a0Nh\u01b0 tr\u00ean bao b\u00ec<\/td>\n<\/tr>\n<tr style=\"height: 24px\">\n<td class=\"specs-table__property\" style=\"height: 24px\">Kh\u1ed1i l\u01b0\u1ee3ng\/Th\u1ec3 t\u00edch<\/td>\n<td class=\"specs-table__value\" style=\"height: 24px\">250g<\/td>\n<\/tr>\n<\/tbody>\n<\/table>\n<h2><strong>GI\u1edaI THI\u1ec6U<\/strong><\/h2>\n<p>B\u01a1 Cu\u1ed9n M\u1eb7n Elle &amp; Vire, \u0111\u01b0\u1ee3c l\u00e0m t\u1eeb nh\u1eefng nguy\u00ean li\u1ec7u t\u01b0\u01a1i ngon nh\u1ea5t t\u1ea1i v\u00f9ng Normandy, Ph\u00e1p \u2013 n\u01a1i n\u1ed5i ti\u1ebfng v\u1edbi c\u00e1c s\u1ea3n ph\u1ea9m t\u1eeb s\u1eefa ch\u1ea5t l\u01b0\u1ee3ng cao. V\u1edbi s\u1ef1 c\u00e2n b\u1eb1ng ho\u00e0n h\u1ea3o gi\u1eefa v\u1ecb m\u1eb7n tinh t\u1ebf v\u00e0 \u0111\u1ed9 b\u00e9o ng\u1eady, b\u01a1 cu\u1ed9n m\u1eb7n n\u00e0y mang l\u1ea1i s\u1ef1 \u0111\u1eadm \u0111\u00e0 v\u00e0 th\u01a1m ngon cho m\u1ecdi m\u00f3n \u0103n. S\u1ea3n ph\u1ea9m \u0111\u01b0\u1ee3c cu\u1ed9n th\u00e0nh h\u00ecnh tr\u1ee5 \u0111\u1eb9p m\u1eaft, thu\u1eadn ti\u1ec7n cho vi\u1ec7c c\u1eaft l\u00e1t v\u00e0 s\u1eed d\u1ee5ng trong nhi\u1ec1u c\u00f4ng th\u1ee9c n\u1ea5u \u0103n kh\u00e1c nhau.<\/p>\n<p><img fetchpriority=\"high\" decoding=\"async\" class=\"size-large wp-image-35691 aligncenter\" src=\"https:\/\/havamall.com\/wp-content\/uploads\/2024\/09\/bo-man-3-1024x1024.png\" alt=\"\" width=\"1024\" height=\"1024\" srcset=\"https:\/\/havamall.com\/wp-content\/uploads\/2024\/09\/bo-man-3-1024x1024.png 1024w, https:\/\/havamall.com\/wp-content\/uploads\/2024\/09\/bo-man-3-300x300.png 300w, https:\/\/havamall.com\/wp-content\/uploads\/2024\/09\/bo-man-3-150x150.png 150w, https:\/\/havamall.com\/wp-content\/uploads\/2024\/09\/bo-man-3-768x768.png 768w, https:\/\/havamall.com\/wp-content\/uploads\/2024\/09\/bo-man-3-12x12.png 12w, https:\/\/havamall.com\/wp-content\/uploads\/2024\/09\/bo-man-3-600x600.png 600w, https:\/\/havamall.com\/wp-content\/uploads\/2024\/09\/bo-man-3.png 1080w\" sizes=\"(max-width: 1024px) 100vw, 1024px\" \/><\/p>\n<h2><strong>\u0110\u1eb6C \u0110I\u1ec2M N\u1ed4I B\u1eacT<\/strong><\/h2>\n<p><strong>&#8211; Ch\u1ea5t l\u01b0\u1ee3ng \u0111\u1ec9nh cao t\u1eeb s\u1eefa b\u00f2 nguy\u00ean ch\u1ea5t<\/strong>: \u0110\u01b0\u1ee3c l\u00e0m t\u1eeb s\u1eefa b\u00f2 t\u01b0\u01a1i nguy\u00ean ch\u1ea5t, B\u01a1 Cu\u1ed9n M\u1eb7n Elle &amp; Vire gi\u1eef nguy\u00ean h\u01b0\u01a1ng v\u1ecb tinh khi\u1ebft v\u00e0 t\u1ef1 nhi\u00ean, \u0111\u1ea3m b\u1ea3o \u0111\u1ed9 t\u01b0\u01a1i ngon v\u00e0 gi\u00e1 tr\u1ecb dinh d\u01b0\u1ee1ng.<\/p>\n<p><strong>&#8211; V\u1ecb m\u1eb7n tinh t\u1ebf, th\u01a1m b\u00e9o \u0111\u1eb7c tr\u01b0ng<\/strong>: S\u1ef1 k\u1ebft h\u1ee3p ho\u00e0n h\u1ea3o gi\u1eefa v\u1ecb m\u1eb7n nh\u1eb9 nh\u00e0ng v\u00e0 \u0111\u1ed9 b\u00e9o ng\u1eady c\u1ee7a b\u01a1, gi\u00fap t\u0103ng c\u01b0\u1eddng h\u01b0\u01a1ng v\u1ecb cho c\u00e1c m\u00f3n \u0103n t\u1eeb b\u00e1nh m\u00ec n\u01b0\u1edbng \u0111\u1ebfn c\u00e1c m\u00f3n x\u00e0o n\u1ea5u.<\/p>\n<p><strong>&#8211; Kh\u00f4ng ch\u1ee9a ch\u1ea5t b\u1ea3o qu\u1ea3n v\u00e0 ph\u1ee5 gia<\/strong>: \u0110\u1ea3m b\u1ea3o s\u1ee9c kh\u1ecfe cho ng\u01b0\u1eddi d\u00f9ng v\u1edbi th\u00e0nh ph\u1ea7n ho\u00e0n to\u00e0n t\u1ef1 nhi\u00ean, kh\u00f4ng c\u00f3 ch\u1ea5t b\u1ea3o qu\u1ea3n, m\u00e0u nh\u00e2n t\u1ea1o, hay ph\u1ee5 gia kh\u00f4ng c\u1ea7n thi\u1ebft.<\/p>\n<p><strong>&#8211; D\u1ec5 d\u00e0ng s\u1eed d\u1ee5ng v\u00e0 b\u1ea3o qu\u1ea3n<\/strong>: V\u1edbi tr\u1ecdng l\u01b0\u1ee3ng 250g, b\u01a1 cu\u1ed9n d\u1ec5 d\u00e0ng c\u1eaft th\u00e0nh t\u1eebng mi\u1ebfng v\u1eeba \u0103n, ph\u00f9 h\u1ee3p cho nhi\u1ec1u m\u1ee5c \u0111\u00edch s\u1eed d\u1ee5ng nh\u01b0 ph\u1ebft b\u00e1nh, n\u01b0\u1edbng b\u00e1nh, ho\u1eb7c l\u00e0m n\u01b0\u1edbc s\u1ed1t.<\/p>\n<p><img decoding=\"async\" class=\"size-full wp-image-35692 aligncenter\" src=\"https:\/\/havamall.com\/wp-content\/uploads\/2024\/09\/bo-man-2.png\" alt=\"\" width=\"1024\" height=\"1024\" srcset=\"https:\/\/havamall.com\/wp-content\/uploads\/2024\/09\/bo-man-2.png 1024w, https:\/\/havamall.com\/wp-content\/uploads\/2024\/09\/bo-man-2-300x300.png 300w, https:\/\/havamall.com\/wp-content\/uploads\/2024\/09\/bo-man-2-150x150.png 150w, https:\/\/havamall.com\/wp-content\/uploads\/2024\/09\/bo-man-2-768x768.png 768w, https:\/\/havamall.com\/wp-content\/uploads\/2024\/09\/bo-man-2-12x12.png 12w, https:\/\/havamall.com\/wp-content\/uploads\/2024\/09\/bo-man-2-600x600.png 600w\" sizes=\"(max-width: 1024px) 100vw, 1024px\" \/><\/p>\n<h2><strong>H\u01af\u1edaNG D\u1eaaN S\u1eec D\u1ee4NG<\/strong><\/h2>\n<p><strong>&#8211; D\u00f9ng tr\u1ef1c ti\u1ebfp<\/strong>: C\u1eaft l\u00e1t v\u00e0 ph\u1ebft l\u00ean b\u00e1nh m\u00ec n\u00f3ng gi\u00f2n, b\u00e1nh croissant, ho\u1eb7c b\u00e1nh baguette \u0111\u1ec3 t\u1eadn h\u01b0\u1edfng h\u01b0\u01a1ng v\u1ecb b\u01a1 Ph\u00e1p truy\u1ec1n th\u1ed1ng.<\/p>\n<p><strong>&#8211; Ch\u1ebf bi\u1ebfn m\u00f3n \u0103n<\/strong>: S\u1eed d\u1ee5ng b\u01a1 \u0111\u1ec3 n\u01b0\u1edbng b\u00e1nh, l\u00e0m n\u01b0\u1edbc s\u1ed1t, chi\u00ean, x\u00e0o, ho\u1eb7c th\u00eam v\u00e0o c\u00e1c m\u00f3n \u0103n \u0111\u1ec3 t\u0103ng \u0111\u1ed9 b\u00e9o v\u00e0 th\u01a1m ngon.<\/p>\n<p><strong>&#8211; B\u1ea3o qu\u1ea3n<\/strong>: B\u1ea3o qu\u1ea3n trong t\u1ee7 l\u1ea1nh sau khi m\u1edf g\u00f3i \u0111\u1ec3 gi\u1eef \u0111\u1ed9 t\u01b0\u01a1i m\u1edbi v\u00e0 h\u01b0\u01a1ng v\u1ecb tuy\u1ec7t h\u1ea3o.<\/p>\n<h2><strong>Havamall \u2013 ph\u00e2n ph\u1ed1i c\u00e1c s\u1ea3n ph\u1ea9m ch\u00ednh h\u00e3ng, ch\u1ea5t l\u01b0\u1ee3ng<\/strong><\/h2>\n<p>V\u1edbi kinh nghi\u1ec7m trong ng\u00e0nh nh\u1eadp kh\u1ea9u v\u00e0 ph\u00e2n ph\u1ed1i th\u1ef1c ph\u1ea9m, \u0111\u1ed3 u\u1ed1ng v\u00e0 nguy\u00ean li\u1ec7u th\u1ef1c ph\u1ea9m, C\u00f4ng ty Havamall Vi\u1ec7t Nam l\u00e0 m\u1ed9t trong nh\u1eefng \u0111\u01a1n v\u1ecb cung \u1ee9ng s\u1ea3n ph\u1ea9m h\u00e0ng \u0111\u1ea7u cho c\u00e1c \u0111\u1ed1i t\u00e1c chuy\u00ean nghi\u1ec7p, danh ti\u1ebfng tr\u00ean kh\u1eafp c\u1ea3 n\u01b0\u1edbc.<\/p>\n<p>C\u00e1c s\u1ea3n ph\u1ea9m do C\u00f4ng ty Havamall Vi\u1ec7t Nam ph\u00e2n ph\u1ed1i \u0111\u1ec1u \u0111\u01b0\u1ee3c nh\u1eadp kh\u1ea9u t\u1eeb ch\u00e2u \u00c2u, ch\u00e2u \u00dac, \u0111\u1ea3m b\u1ea3o c\u00e1c ti\u00eau chu\u1ea9n v\u1ec1 v\u1ec7 sinh an to\u00e0n th\u1ef1c ph\u1ea9m kh\u1eaft khe nh\u01b0 HACCP, ISO. V\u1edbi h\u1ec7 th\u1ed1ng chi nh\u00e1nh, kho v\u1eadn tr\u1ea3i d\u00e0i kh\u1eafp Vi\u1ec7t Nam, C\u00f4ng ty Havamall Vi\u1ec7t Nam c\u00f3 th\u1ec3 \u0111\u00e1p \u1ee9ng \u0111\u01b0\u1ee3c nhu c\u1ea7u v\u1ec1 s\u1ed1 l\u01b0\u1ee3ng v\u00e0 ch\u1ea5t l\u01b0\u1ee3ng c\u1ee7a kh\u00e1ch h\u00e0ng.<\/p>\n<\/div>\n<\/div>\n<\/div>\n<\/div>","protected":false},"excerpt":{"rendered":"<p>TH\u00d4NG TIN CHUNG Th\u01b0\u01a1ng hi\u1ec7u Elle&amp;Vire Xu\u1ea5t x\u1ee9 Ph\u00e1p H\u1ea1n s\u1eed d\u1ee5ng 12 th\u00e1ng H\u01b0\u1edbng d\u1eabn s\u1eed d\u1ee5ng D\u00f9ng ch\u1ebf<\/p>","protected":false},"featured_media":35690,"comment_status":"open","ping_status":"closed","template":"","meta":[],"product_brand":[],"product_cat":[708,681],"product_tag":[],"class_list":{"0":"post-35689","1":"product","2":"type-product","3":"status-publish","4":"has-post-thumbnail","6":"product_cat-bo-sua-pho-mai","7":"product_cat-chua-phan-loai","9":"first","10":"outofstock","11":"sale","12":"shipping-taxable","13":"purchasable","14":"product-type-simple"},"_links":{"self":[{"href":"https:\/\/havamall.com\/en\/wp-json\/wp\/v2\/product\/35689","targetHints":{"allow":["GET"]}}],"collection":[{"href":"https:\/\/havamall.com\/en\/wp-json\/wp\/v2\/product"}],"about":[{"href":"https:\/\/havamall.com\/en\/wp-json\/wp\/v2\/types\/product"}],"replies":[{"embeddable":true,"href":"https:\/\/havamall.com\/en\/wp-json\/wp\/v2\/comments?post=35689"}],"version-history":[{"count":0,"href":"https:\/\/havamall.com\/en\/wp-json\/wp\/v2\/product\/35689\/revisions"}],"wp:featuredmedia":[{"embeddable":true,"href":"https:\/\/havamall.com\/en\/wp-json\/wp\/v2\/media\/35690"}],"wp:attachment":[{"href":"https:\/\/havamall.com\/en\/wp-json\/wp\/v2\/media?parent=35689"}],"wp:term":[{"taxonomy":"product_brand","embeddable":true,"href":"https:\/\/havamall.com\/en\/wp-json\/wp\/v2\/product_brand?post=35689"},{"taxonomy":"product_cat","embeddable":true,"href":"https:\/\/havamall.com\/en\/wp-json\/wp\/v2\/product_cat?post=35689"},{"taxonomy":"product_tag","embeddable":true,"href":"https:\/\/havamall.com\/en\/wp-json\/wp\/v2\/product_tag?post=35689"}],"curies":[{"name":"wp","href":"https:\/\/api.w.org\/{rel}","templated":true}]}}