{"id":35696,"date":"2024-09-08T16:16:08","date_gmt":"2024-09-08T09:16:08","guid":{"rendered":"https:\/\/havamall.com\/?post_type=product&#038;p=35696"},"modified":"2025-06-03T16:10:37","modified_gmt":"2025-06-03T09:10:37","slug":"bo-lat-cook-bake-buttery-emborg-200g","status":"publish","type":"product","link":"https:\/\/havamall.com\/en\/shop\/bo-lat-cook-bake-buttery-emborg-200g\/","title":{"rendered":"B\u01a1 L\u1ea1t Cook &amp; Bake &#8211; Buttery Emborg 200g"},"content":{"rendered":"<h2 class=\"product-detail__specs-title\"><strong>TH\u00d4NG TIN CHUNG<\/strong><\/h2>\n<div id=\"js-product-detail__specs\" class=\"product-detail__specs\">\n<div class=\"row\">\n<div class=\"col-sm-12\">\n<div class=\"product-specs__table\">\n<table>\n<tbody>\n<tr>\n<td class=\"specs-table__property\">Th\u01b0\u01a1ng hi\u1ec7u<\/td>\n<td class=\"specs-table__value\">Emborg<\/td>\n<\/tr>\n<tr>\n<td class=\"specs-table__property\">Xu\u1ea5t x\u1ee9<\/td>\n<td class=\"specs-table__value\">Belgium (B\u1ec9)<\/td>\n<\/tr>\n<tr>\n<td class=\"specs-table__property\">H\u1ea1n s\u1eed d\u1ee5ng<\/td>\n<td class=\"specs-table__value\">18 th\u00e1ng<\/td>\n<\/tr>\n<tr>\n<td class=\"specs-table__property\">H\u01b0\u1edbng d\u1eabn s\u1eed d\u1ee5ng<\/td>\n<td class=\"specs-table__value\">D\u00f9ng tr\u1ef1c ti\u1ebfp ho\u1eb7c ch\u1ebf bi\u1ebfn c\u00e1c m\u00f3n \u0103n tu\u1ef3 th\u00edch<\/td>\n<\/tr>\n<tr>\n<td class=\"specs-table__property\">H\u01b0\u1edbng d\u1eabn b\u1ea3o qu\u1ea3n<\/td>\n<td class=\"specs-table__value\">B\u1ea3o qu\u1ea3n t\u1ee7 l\u1ea1nh nhi\u1ec7t \u0111\u1ed9 t\u1ed1i \u0111a 8 \u0111\u1ed9 C<\/td>\n<\/tr>\n<tr>\n<td class=\"specs-table__property\">Th\u00e0nh ph\u1ea7n nguy\u00ean li\u1ec7u<\/td>\n<td class=\"specs-table__value\">Nh\u01b0 tr\u00ean bao b\u00ec<\/td>\n<\/tr>\n<tr>\n<td class=\"specs-table__property\">Kh\u1ed1i l\u01b0\u1ee3ng\/Th\u1ec3 t\u00edch<\/td>\n<td class=\"specs-table__value\">200g<\/td>\n<\/tr>\n<\/tbody>\n<\/table>\n<h2><strong>GI\u1edaI THI\u1ec6U<\/strong><\/h2>\n<p>B\u01a1 L\u1ea1t Cook &amp; Bake Emborg l\u00e0 l\u1ef1a ch\u1ecdn l\u00fd t\u01b0\u1edfng cho nh\u1eefng ai y\u00eau th\u00edch n\u1ea5u \u0103n v\u00e0 l\u00e0m b\u00e1nh. V\u1edbi th\u00e0nh ph\u1ea7n b\u01a1 l\u1ea1t 100% nguy\u00ean ch\u1ea5t, s\u1ea3n ph\u1ea9m mang l\u1ea1i h\u01b0\u01a1ng v\u1ecb th\u01a1m ngon, \u0111\u1eadm \u0111\u00e0 v\u00e0 d\u1ec5 d\u00e0ng k\u1ebft h\u1ee3p trong m\u1ecdi c\u00f4ng th\u1ee9c t\u1eeb b\u00e1nh ng\u1ecdt \u0111\u1ebfn m\u00f3n m\u1eb7n. V\u1edbi tr\u1ecdng l\u01b0\u1ee3ng 200g, B\u01a1 L\u1ea1t Cook &amp; Bake ti\u1ec7n l\u1ee3i \u0111\u1ec3 s\u1eed d\u1ee5ng h\u00e0ng ng\u00e0y, \u0111\u00e1p \u1ee9ng m\u1ecdi nhu c\u1ea7u n\u1ea5u n\u01b0\u1edbng c\u1ee7a b\u1ea1n.<\/p>\n<p><img fetchpriority=\"high\" decoding=\"async\" class=\"size-full wp-image-35703 aligncenter\" src=\"https:\/\/havamall.com\/wp-content\/uploads\/2024\/09\/BO-LAT.png\" alt=\"\" width=\"896\" height=\"896\" srcset=\"https:\/\/havamall.com\/wp-content\/uploads\/2024\/09\/BO-LAT.png 896w, https:\/\/havamall.com\/wp-content\/uploads\/2024\/09\/BO-LAT-300x300.png 300w, https:\/\/havamall.com\/wp-content\/uploads\/2024\/09\/BO-LAT-150x150.png 150w, https:\/\/havamall.com\/wp-content\/uploads\/2024\/09\/BO-LAT-768x768.png 768w, https:\/\/havamall.com\/wp-content\/uploads\/2024\/09\/BO-LAT-12x12.png 12w, https:\/\/havamall.com\/wp-content\/uploads\/2024\/09\/BO-LAT-600x600.png 600w\" sizes=\"(max-width: 896px) 100vw, 896px\" \/><\/p>\n<h2><strong>\u0110\u1eb6C \u0110I\u1ec2M N\u1ed4I B\u1eacC<\/strong><\/h2>\n<p><strong>&#8211; Nguy\u00ean li\u1ec7u ch\u1ea5t l\u01b0\u1ee3ng cao<\/strong>: \u0110\u01b0\u1ee3c l\u00e0m t\u1eeb s\u1eefa t\u01b0\u01a1i ch\u1ecdn l\u1ecdc, kh\u00f4ng ch\u1ee9a mu\u1ed1i, B\u01a1 L\u1ea1t Cook &amp; Bake \u0111\u1ea3m b\u1ea3o mang l\u1ea1i \u0111\u1ed9 m\u1ecbn m\u00e0ng, th\u01a1m b\u00e9o t\u1ef1 nhi\u00ean c\u1ee7a b\u01a1, ho\u00e0n to\u00e0n kh\u00f4ng ch\u1ee9a ch\u1ea5t b\u1ea3o qu\u1ea3n hay ph\u1ea9m m\u00e0u nh\u00e2n t\u1ea1o.<\/p>\n<p><strong>&#8211; \u0110a n\u0103ng trong n\u1ea5u n\u01b0\u1edbng<\/strong>: Ho\u00e0n h\u1ea3o \u0111\u1ec3 s\u1eed d\u1ee5ng trong n\u01b0\u1edbng b\u00e1nh, chi\u00ean, x\u00e0o, l\u00e0m n\u01b0\u1edbc s\u1ed1t, hay \u0111\u01a1n gi\u1ea3n l\u00e0 ph\u1ebft l\u00ean b\u00e1nh m\u00ec, gi\u00fap t\u0103ng c\u01b0\u1eddng h\u01b0\u01a1ng v\u1ecb cho m\u1ecdi m\u00f3n \u0103n.<\/p>\n<p><strong>&#8211; D\u1ec5 d\u00e0ng b\u1ea3o qu\u1ea3n v\u00e0 s\u1eed d\u1ee5ng<\/strong>: V\u1edbi d\u1ea1ng kh\u1ed1i 200g, s\u1ea3n ph\u1ea9m d\u1ec5 d\u00e0ng c\u1eaft nh\u1ecf, b\u1ea3o qu\u1ea3n v\u00e0 s\u1eed d\u1ee5ng linh ho\u1ea1t cho nhi\u1ec1u m\u1ee5c \u0111\u00edch kh\u00e1c nhau.<\/p>\n<p><strong>&#8211; H\u01b0\u01a1ng v\u1ecb tuy\u1ec7t v\u1eddi<\/strong>: Mang \u0111\u1ebfn v\u1ecb b\u00e9o ng\u1eady tinh t\u1ebf, gi\u00fap m\u00f3n \u0103n th\u00eam ph\u1ea7n h\u1ea5p d\u1eabn v\u00e0 tr\u00f2n v\u1ecb.<\/p>\n<p><img decoding=\"async\" class=\"wp-image-35704 aligncenter\" src=\"https:\/\/havamall.com\/wp-content\/uploads\/2024\/09\/bo-lat-cook-bake-emborg-anh-2.png\" alt=\"\" width=\"880\" height=\"662\" srcset=\"https:\/\/havamall.com\/wp-content\/uploads\/2024\/09\/bo-lat-cook-bake-emborg-anh-2.png 678w, https:\/\/havamall.com\/wp-content\/uploads\/2024\/09\/bo-lat-cook-bake-emborg-anh-2-300x226.png 300w, https:\/\/havamall.com\/wp-content\/uploads\/2024\/09\/bo-lat-cook-bake-emborg-anh-2-16x12.png 16w, https:\/\/havamall.com\/wp-content\/uploads\/2024\/09\/bo-lat-cook-bake-emborg-anh-2-600x451.png 600w, https:\/\/havamall.com\/wp-content\/uploads\/2024\/09\/bo-lat-cook-bake-emborg-anh-2-150x113.png 150w\" sizes=\"(max-width: 880px) 100vw, 880px\" \/><\/p>\n<h2><strong>H\u01af\u1edaNG D\u1eaaN S\u1eec D\u1ee4NG<\/strong><\/h2>\n<p><strong>&#8211; N\u01b0\u1edbng b\u00e1nh<\/strong>: D\u00f9ng l\u00e0m nguy\u00ean li\u1ec7u ch\u00ednh cho c\u00e1c lo\u1ea1i b\u00e1nh ng\u1ecdt, b\u00e1nh quy, b\u00e1nh m\u00ec, gi\u00fap t\u1ea1o n\u00ean k\u1ebft c\u1ea5u m\u1ec1m m\u1ecbn v\u00e0 v\u1ecb th\u01a1m ng\u1eady.<\/p>\n<p><strong>&#8211; N\u1ea5u \u0103n<\/strong>: D\u00f9ng \u0111\u1ec3 chi\u00ean, x\u00e0o, l\u00e0m n\u01b0\u1edbc s\u1ed1t ho\u1eb7c ph\u1ee7 l\u00ean c\u00e1c m\u00f3n n\u01b0\u1edbng \u0111\u1ec3 t\u0103ng th\u00eam \u0111\u1ed9 ngon v\u00e0 h\u1ea5p d\u1eabn.<\/p>\n<p><strong>&#8211; Ph\u1ebft b\u00e1nh m\u00ec<\/strong>: Ph\u1ebft tr\u1ef1c ti\u1ebfp l\u00ean b\u00e1nh m\u00ec, b\u00e1nh croissant ho\u1eb7c b\u00e1nh baguette \u0111\u1ec3 t\u1eadn h\u01b0\u1edfng v\u1ecb b\u01a1 l\u1ea1t t\u1ef1 nhi\u00ean.<\/p>\n<h2><strong>Havamall \u2013 ph\u00e2n ph\u1ed1i c\u00e1c s\u1ea3n ph\u1ea9m ch\u00ednh h\u00e3ng, ch\u1ea5t l\u01b0\u1ee3ng<\/strong><\/h2>\n<p>V\u1edbi kinh nghi\u1ec7m trong ng\u00e0nh nh\u1eadp kh\u1ea9u v\u00e0 ph\u00e2n ph\u1ed1i th\u1ef1c ph\u1ea9m, \u0111\u1ed3 u\u1ed1ng v\u00e0 nguy\u00ean li\u1ec7u th\u1ef1c ph\u1ea9m, C\u00f4ng ty Havamall Vi\u1ec7t Nam l\u00e0 m\u1ed9t trong nh\u1eefng \u0111\u01a1n v\u1ecb cung \u1ee9ng s\u1ea3n ph\u1ea9m h\u00e0ng \u0111\u1ea7u cho c\u00e1c \u0111\u1ed1i t\u00e1c chuy\u00ean nghi\u1ec7p, danh ti\u1ebfng tr\u00ean kh\u1eafp c\u1ea3 n\u01b0\u1edbc.<\/p>\n<p>C\u00e1c s\u1ea3n ph\u1ea9m do C\u00f4ng ty Havamall Vi\u1ec7t Nam ph\u00e2n ph\u1ed1i \u0111\u1ec1u \u0111\u01b0\u1ee3c nh\u1eadp kh\u1ea9u t\u1eeb ch\u00e2u \u00c2u, ch\u00e2u \u00dac, \u0111\u1ea3m b\u1ea3o c\u00e1c ti\u00eau chu\u1ea9n v\u1ec1 v\u1ec7 sinh an to\u00e0n th\u1ef1c ph\u1ea9m kh\u1eaft khe nh\u01b0 HACCP, ISO. V\u1edbi h\u1ec7 th\u1ed1ng chi nh\u00e1nh, kho v\u1eadn tr\u1ea3i d\u00e0i kh\u1eafp Vi\u1ec7t Nam, C\u00f4ng ty Havamall Vi\u1ec7t Nam c\u00f3 th\u1ec3 \u0111\u00e1p \u1ee9ng \u0111\u01b0\u1ee3c nhu c\u1ea7u v\u1ec1 s\u1ed1 l\u01b0\u1ee3ng v\u00e0 ch\u1ea5t l\u01b0\u1ee3ng c\u1ee7a kh\u00e1ch h\u00e0ng.<\/p>\n<\/div>\n<\/div>\n<\/div>\n<\/div>","protected":false},"excerpt":{"rendered":"<p>TH\u00d4NG TIN CHUNG Th\u01b0\u01a1ng hi\u1ec7u Emborg Xu\u1ea5t x\u1ee9 Belgium (B\u1ec9) H\u1ea1n s\u1eed d\u1ee5ng 18 th\u00e1ng H\u01b0\u1edbng d\u1eabn s\u1eed d\u1ee5ng D\u00f9ng<\/p>","protected":false},"featured_media":35702,"comment_status":"open","ping_status":"closed","template":"","meta":[],"product_brand":[],"product_cat":[708,730,255,36],"product_tag":[],"class_list":{"0":"post-35696","1":"product","2":"type-product","3":"status-publish","4":"has-post-thumbnail","6":"product_cat-bo-sua-pho-mai","7":"product_cat-cac-nuoc-khac","8":"product_cat-nguyen-lieu-lam-banh","9":"product_cat-thuc-pham-tieu-dung","10":"pa_brand-emborg","12":"first","13":"instock","14":"sale","15":"shipping-taxable","16":"purchasable","17":"product-type-simple"},"_links":{"self":[{"href":"https:\/\/havamall.com\/en\/wp-json\/wp\/v2\/product\/35696","targetHints":{"allow":["GET"]}}],"collection":[{"href":"https:\/\/havamall.com\/en\/wp-json\/wp\/v2\/product"}],"about":[{"href":"https:\/\/havamall.com\/en\/wp-json\/wp\/v2\/types\/product"}],"replies":[{"embeddable":true,"href":"https:\/\/havamall.com\/en\/wp-json\/wp\/v2\/comments?post=35696"}],"version-history":[{"count":0,"href":"https:\/\/havamall.com\/en\/wp-json\/wp\/v2\/product\/35696\/revisions"}],"wp:featuredmedia":[{"embeddable":true,"href":"https:\/\/havamall.com\/en\/wp-json\/wp\/v2\/media\/35702"}],"wp:attachment":[{"href":"https:\/\/havamall.com\/en\/wp-json\/wp\/v2\/media?parent=35696"}],"wp:term":[{"taxonomy":"product_brand","embeddable":true,"href":"https:\/\/havamall.com\/en\/wp-json\/wp\/v2\/product_brand?post=35696"},{"taxonomy":"product_cat","embeddable":true,"href":"https:\/\/havamall.com\/en\/wp-json\/wp\/v2\/product_cat?post=35696"},{"taxonomy":"product_tag","embeddable":true,"href":"https:\/\/havamall.com\/en\/wp-json\/wp\/v2\/product_tag?post=35696"}],"curies":[{"name":"wp","href":"https:\/\/api.w.org\/{rel}","templated":true}]}}