{"id":35709,"date":"2024-09-09T09:51:29","date_gmt":"2024-09-09T02:51:29","guid":{"rendered":"https:\/\/havamall.com\/?post_type=product&#038;p=35709"},"modified":"2024-09-09T09:51:29","modified_gmt":"2024-09-09T02:51:29","slug":"vo-banh-gyoza-gyoza-skin-rainbow-food","status":"publish","type":"product","link":"https:\/\/havamall.com\/en\/shop\/vo-banh-gyoza-gyoza-skin-rainbow-food\/","title":{"rendered":"V\u1ecf B\u00e1nh Gyoza &#8211; Gyoza Skin Rainbow Food"},"content":{"rendered":"<h2 class=\"product-detail__specs-title\"><strong>TH\u00d4NG TIN CHUNG<\/strong><\/h2>\n<div id=\"js-product-detail__specs\" class=\"product-detail__specs\">\n<div class=\"row\">\n<div class=\"col-sm-12\">\n<div class=\"product-specs__table\">\n<table>\n<tbody>\n<tr>\n<td class=\"specs-table__property\">Th\u01b0\u01a1ng hi\u1ec7u<\/td>\n<td class=\"specs-table__value\">Rainbow Food<\/td>\n<\/tr>\n<tr>\n<td class=\"specs-table__property\">Xu\u1ea5t x\u1ee9<\/td>\n<td class=\"specs-table__value\">Vi\u1ec7t Nam<\/td>\n<\/tr>\n<tr>\n<td class=\"specs-table__property\">H\u1ea1n s\u1eed d\u1ee5ng<\/td>\n<td class=\"specs-table__value\">Xem tr\u00ean bao b\u00ec s\u1ea3n ph\u1ea9m<\/td>\n<\/tr>\n<tr>\n<td class=\"specs-table__property\">H\u01b0\u1edbng d\u1eabn s\u1eed d\u1ee5ng<\/td>\n<td class=\"specs-table__value\">D\u00f9ng l\u00e0m b\u00e1nh x\u1ebfp Gyoza (h\u00e1 c\u1ea3o) chi\u00ean, h\u1ea5p.<\/td>\n<\/tr>\n<tr>\n<td class=\"specs-table__property\">H\u01b0\u1edbng d\u1eabn b\u1ea3o qu\u1ea3n<\/td>\n<td class=\"specs-table__value\">B\u1ea3o qu\u1ea3n ng\u0103n \u0111\u00f4ng t\u1ee7 l\u1ea1nh<\/td>\n<\/tr>\n<tr>\n<td class=\"specs-table__property\">Th\u00e0nh ph\u1ea7n nguy\u00ean li\u1ec7u<\/td>\n<td class=\"specs-table__value\">B\u1ed9t m\u00ec, n\u01b0\u1edbc, mu\u1ed1i, tinh b\u1ed9t khoai m\u00ec,&#8230;<\/td>\n<\/tr>\n<tr>\n<td class=\"specs-table__property\">\u0110\u00f3ng g\u00f3i<\/td>\n<td class=\"specs-table__value\">25 l\u00e1<\/td>\n<\/tr>\n<\/tbody>\n<\/table>\n<p>V\u1ecf b\u00e1nh Gyoza mang \u0111\u1ebfn s\u1ef1 ti\u1ec7n l\u1ee3i tuy\u1ec7t \u0111\u1ed1i cho nh\u1eefng ai mu\u1ed1n th\u01b0\u1edfng th\u1ee9c h\u00e1 c\u1ea3o ngon ngay t\u1ea1i nh\u00e0 m\u00e0 kh\u00f4ng c\u1ea7n t\u1ed1n nhi\u1ec1u th\u1eddi gian.<\/p>\n<p>\u0110\u01b0\u1ee3c l\u00e0m t\u1eeb nguy\u00ean li\u1ec7u t\u1ef1 nhi\u00ean, v\u1ecf b\u00e1nh m\u1ecfng v\u1eeba ph\u1ea3i, d\u1ec5 thao t\u00e1c, gi\u00fap b\u1ea1n nhanh ch\u00f3ng g\u00f3i v\u00e0 n\u1ea5u h\u00e1 c\u1ea3o m\u00e0 kh\u00f4ng lo b\u1ecb r\u00e1ch hay d\u00ednh. Ch\u1ec9 c\u1ea7n th\u00eam nh\u00e2n th\u1ecbt v\u00e0 rau y\u00eau th\u00edch, b\u1ea1n c\u00f3 th\u1ec3 chi\u00ean ho\u1eb7c h\u1ea5p trong v\u00e0i ph\u00fat \u0111\u1ec3 c\u00f3 ngay m\u00f3n h\u00e1 c\u1ea3o th\u01a1m l\u1eebng n\u00f3ng h\u1ed5i.<\/p>\n<p><img fetchpriority=\"high\" decoding=\"async\" class=\"size-full wp-image-35711 aligncenter\" src=\"https:\/\/havamall.com\/wp-content\/uploads\/2024\/09\/goi-sui-cao.jpg\" alt=\"\" width=\"600\" height=\"388\" srcset=\"https:\/\/havamall.com\/wp-content\/uploads\/2024\/09\/goi-sui-cao.jpg 600w, https:\/\/havamall.com\/wp-content\/uploads\/2024\/09\/goi-sui-cao-300x194.jpg 300w, https:\/\/havamall.com\/wp-content\/uploads\/2024\/09\/goi-sui-cao-18x12.jpg 18w, https:\/\/havamall.com\/wp-content\/uploads\/2024\/09\/goi-sui-cao-150x97.jpg 150w\" sizes=\"(max-width: 600px) 100vw, 600px\" \/><\/p>\n<h3><strong>\u0110\u1eb6C \u0110I\u1ec2M<\/strong><\/h3>\n<p><strong>&#8211; Ch\u1ea5t l\u01b0\u1ee3ng cao c\u1ea5p<\/strong>: V\u1ecf b\u00e1nh \u0111\u01b0\u1ee3c l\u00e0m t\u1eeb b\u1ed9t m\u00ec nguy\u00ean ch\u1ea5t, n\u01b0\u1edbc, v\u00e0 mu\u1ed1i, kh\u00f4ng ch\u1ee9a ch\u1ea5t b\u1ea3o qu\u1ea3n, \u0111\u1ea3m b\u1ea3o an to\u00e0n cho s\u1ee9c kh\u1ecfe ng\u01b0\u1eddi d\u00f9ng.<\/p>\n<p><strong>&#8211; M\u1ecfng, m\u1ec1m m\u1ecbn v\u00e0 d\u1ebbo dai<\/strong>: \u0110\u01b0\u1ee3c thi\u1ebft k\u1ebf \u0111\u1ec3 c\u00f3 \u0111\u1ed9 m\u1ecfng v\u1eeba ph\u1ea3i, v\u1ecf b\u00e1nh gi\u1eef \u0111\u01b0\u1ee3c \u0111\u1ed9 m\u1ec1m m\u1ecbn sau khi h\u1ea5p, \u0111\u1ed3ng th\u1eddi c\u00f3 \u0111\u1ed9 dai nh\u1ea5t \u0111\u1ecbnh khi chi\u00ean, gi\u00fap m\u00f3n gyoza c\u1ee7a b\u1ea1n lu\u00f4n th\u01a1m ngon v\u00e0 h\u1ea5p d\u1eabn.<\/p>\n<p><strong>&#8211; D\u1ec5 s\u1eed d\u1ee5ng v\u00e0 linh ho\u1ea1t<\/strong>: V\u1ecf b\u00e1nh c\u00f3 k\u00edch th\u01b0\u1edbc \u0111\u1ed3ng \u0111\u1ec1u, d\u1ec5 g\u00f3i v\u00e0 ph\u00f9 h\u1ee3p v\u1edbi nhi\u1ec1u lo\u1ea1i nh\u00e2n kh\u00e1c nhau, t\u1eeb th\u1ecbt, t\u00f4m, \u0111\u1ebfn rau c\u1ee7.<\/p>\n<p><strong>&#8211; Ph\u00f9 h\u1ee3p v\u1edbi nhi\u1ec1u m\u00f3n \u0103n<\/strong>: Kh\u00f4ng ch\u1ec9 d\u00e0nh cho gyoza, b\u1ea1n c\u00f3 th\u1ec3 s\u00e1ng t\u1ea1o v\u1edbi v\u1ecf b\u00e1nh n\u00e0y \u0111\u1ec3 l\u00e0m c\u00e1c lo\u1ea1i b\u00e1nh cu\u1ed1n, ho\u00e0nh th\u00e1nh, ho\u1eb7c m\u00f3n \u0103n chi\u00ean gi\u00f2n kh\u00e1c.<img decoding=\"async\" class=\"wp-image-35712 aligncenter\" src=\"https:\/\/havamall.com\/wp-content\/uploads\/2024\/09\/a6c2b1e8921c8ca166bbddcf961025c9.jpg_320x320.jpg_550x550.jpg\" alt=\"\" width=\"599\" height=\"599\" srcset=\"https:\/\/havamall.com\/wp-content\/uploads\/2024\/09\/a6c2b1e8921c8ca166bbddcf961025c9.jpg_320x320.jpg_550x550.jpg 500w, https:\/\/havamall.com\/wp-content\/uploads\/2024\/09\/a6c2b1e8921c8ca166bbddcf961025c9.jpg_320x320.jpg_550x550-300x300.jpg 300w, https:\/\/havamall.com\/wp-content\/uploads\/2024\/09\/a6c2b1e8921c8ca166bbddcf961025c9.jpg_320x320.jpg_550x550-150x150.jpg 150w, https:\/\/havamall.com\/wp-content\/uploads\/2024\/09\/a6c2b1e8921c8ca166bbddcf961025c9.jpg_320x320.jpg_550x550-12x12.jpg 12w\" sizes=\"(max-width: 599px) 100vw, 599px\" \/><\/p>\n<p>D\u00f9 l\u00e0 b\u1eefa \u0103n gia \u0111\u00ecnh hay b\u1eefa ti\u1ec7c nh\u1ecf, s\u1ea3n ph\u1ea9m n\u00e0y gi\u00fap b\u1ea1n ti\u1ebft ki\u1ec7m th\u1eddi gian m\u00e0 v\u1eabn \u0111\u1ea3m b\u1ea3o h\u01b0\u01a1ng v\u1ecb ch\u00e2n th\u1ef1c, h\u1ea5p d\u1eabn. V\u1edbi V\u1ecf B\u00e1nh H\u00e1 C\u1ea3o Gyoza Rainbow Food, b\u1ea1n lu\u00f4n s\u1eb5n s\u00e0ng cho nh\u1eefng m\u00f3n \u0103n ngon mi\u1ec7ng m\u00e0 kh\u00f4ng ph\u1ea3i m\u1ea5t nhi\u1ec1u c\u00f4ng s\u1ee9c chu\u1ea9n b\u1ecb.<\/p>\n<h3><strong>H\u01af\u1edaNG D\u1eaaN S\u1eec D\u1ee4NG<\/strong><\/h3>\n<p><strong>&#8211; R\u00e3 \u0111\u00f4ng<\/strong>: \u0110\u1ec3 v\u1ecf b\u00e1nh \u1edf nhi\u1ec7t \u0111\u1ed9 ph\u00f2ng kho\u1ea3ng 30 ph\u00fat tr\u01b0\u1edbc khi s\u1eed d\u1ee5ng.<\/p>\n<p><strong>&#8211; G\u00f3i b\u00e1nh<\/strong>: \u0110\u1eb7t nh\u00e2n gyoza v\u00e0o gi\u1eefa v\u1ecf b\u00e1nh, g\u1ea5p \u0111\u00f4i l\u1ea1i v\u00e0 nh\u1ea5n m\u00e9p cho k\u00edn.<\/p>\n<p><strong>&#8211; Ch\u1ebf bi\u1ebfn<\/strong>: H\u1ea5p ho\u1eb7c chi\u00ean b\u00e1nh t\u00f9y theo s\u1edf th\u00edch. \u0110\u1ec3 c\u00f3 l\u1edbp v\u1ecf gi\u00f2n, b\u1ea1n c\u00f3 th\u1ec3 chi\u00ean m\u1ed9t m\u1eb7t v\u1edbi d\u1ea7u, sau \u0111\u00f3 th\u00eam m\u1ed9t \u00edt n\u01b0\u1edbc v\u00e0 \u0111\u1eady n\u1eafp \u0111\u1ec3 h\u1ea5p ph\u1ea7n tr\u00ean.<img decoding=\"async\" class=\"size-full wp-image-35713 aligncenter\" src=\"https:\/\/havamall.com\/wp-content\/uploads\/2024\/09\/5-sui-cao-Gyoza-nhat-ban.jpg\" alt=\"\" width=\"600\" height=\"404\" srcset=\"https:\/\/havamall.com\/wp-content\/uploads\/2024\/09\/5-sui-cao-Gyoza-nhat-ban.jpg 600w, https:\/\/havamall.com\/wp-content\/uploads\/2024\/09\/5-sui-cao-Gyoza-nhat-ban-300x202.jpg 300w, https:\/\/havamall.com\/wp-content\/uploads\/2024\/09\/5-sui-cao-Gyoza-nhat-ban-18x12.jpg 18w, https:\/\/havamall.com\/wp-content\/uploads\/2024\/09\/5-sui-cao-Gyoza-nhat-ban-150x101.jpg 150w\" sizes=\"(max-width: 600px) 100vw, 600px\" \/><\/p>\n<h2><strong>Havamall \u2013 ph\u00e2n ph\u1ed1i c\u00e1c s\u1ea3n ph\u1ea9m ch\u00ednh h\u00e3ng, ch\u1ea5t l\u01b0\u1ee3ng<\/strong><\/h2>\n<p>V\u1edbi kinh nghi\u1ec7m trong ng\u00e0nh nh\u1eadp kh\u1ea9u v\u00e0 ph\u00e2n ph\u1ed1i th\u1ef1c ph\u1ea9m, \u0111\u1ed3 u\u1ed1ng v\u00e0 nguy\u00ean li\u1ec7u th\u1ef1c ph\u1ea9m, C\u00f4ng ty Havamall Vi\u1ec7t Nam l\u00e0 m\u1ed9t trong nh\u1eefng \u0111\u01a1n v\u1ecb cung \u1ee9ng s\u1ea3n ph\u1ea9m h\u00e0ng \u0111\u1ea7u cho c\u00e1c \u0111\u1ed1i t\u00e1c chuy\u00ean nghi\u1ec7p, danh ti\u1ebfng tr\u00ean kh\u1eafp c\u1ea3 n\u01b0\u1edbc.<\/p>\n<p>C\u00e1c s\u1ea3n ph\u1ea9m do C\u00f4ng ty Havamall Vi\u1ec7t Nam ph\u00e2n ph\u1ed1i \u0111\u1ec1u \u0111\u01b0\u1ee3c nh\u1eadp kh\u1ea9u t\u1eeb ch\u00e2u \u00c2u, ch\u00e2u \u00dac, \u0111\u1ea3m b\u1ea3o c\u00e1c ti\u00eau chu\u1ea9n v\u1ec1 v\u1ec7 sinh an to\u00e0n th\u1ef1c ph\u1ea9m kh\u1eaft khe nh\u01b0 HACCP, ISO. V\u1edbi h\u1ec7 th\u1ed1ng chi nh\u00e1nh, kho v\u1eadn tr\u1ea3i d\u00e0i kh\u1eafp Vi\u1ec7t Nam, C\u00f4ng ty Havamall Vi\u1ec7t Nam c\u00f3 th\u1ec3 \u0111\u00e1p \u1ee9ng \u0111\u01b0\u1ee3c nhu c\u1ea7u v\u1ec1 s\u1ed1 l\u01b0\u1ee3ng v\u00e0 ch\u1ea5t l\u01b0\u1ee3ng c\u1ee7a kh\u00e1ch h\u00e0ng.<\/p>\n<\/div>\n<\/div>\n<\/div>\n<\/div>","protected":false},"excerpt":{"rendered":"<p>TH\u00d4NG TIN CHUNG Th\u01b0\u01a1ng hi\u1ec7u Rainbow Food Xu\u1ea5t x\u1ee9 Vi\u1ec7t Nam H\u1ea1n s\u1eed d\u1ee5ng Xem tr\u00ean bao b\u00ec s\u1ea3n ph\u1ea9m<\/p>","protected":false},"featured_media":35710,"comment_status":"open","ping_status":"closed","template":"","meta":[],"product_brand":[],"product_cat":[36,255,275],"product_tag":[],"class_list":{"0":"post-35709","1":"product","2":"type-product","3":"status-publish","4":"has-post-thumbnail","6":"product_cat-thuc-pham-tieu-dung","7":"product_cat-nguyen-lieu-lam-banh","8":"product_cat-thuc-pham-dong-lanh","10":"first","11":"instock","12":"sale","13":"shipping-taxable","14":"purchasable","15":"product-type-simple"},"_links":{"self":[{"href":"https:\/\/havamall.com\/en\/wp-json\/wp\/v2\/product\/35709","targetHints":{"allow":["GET"]}}],"collection":[{"href":"https:\/\/havamall.com\/en\/wp-json\/wp\/v2\/product"}],"about":[{"href":"https:\/\/havamall.com\/en\/wp-json\/wp\/v2\/types\/product"}],"replies":[{"embeddable":true,"href":"https:\/\/havamall.com\/en\/wp-json\/wp\/v2\/comments?post=35709"}],"version-history":[{"count":0,"href":"https:\/\/havamall.com\/en\/wp-json\/wp\/v2\/product\/35709\/revisions"}],"wp:featuredmedia":[{"embeddable":true,"href":"https:\/\/havamall.com\/en\/wp-json\/wp\/v2\/media\/35710"}],"wp:attachment":[{"href":"https:\/\/havamall.com\/en\/wp-json\/wp\/v2\/media?parent=35709"}],"wp:term":[{"taxonomy":"product_brand","embeddable":true,"href":"https:\/\/havamall.com\/en\/wp-json\/wp\/v2\/product_brand?post=35709"},{"taxonomy":"product_cat","embeddable":true,"href":"https:\/\/havamall.com\/en\/wp-json\/wp\/v2\/product_cat?post=35709"},{"taxonomy":"product_tag","embeddable":true,"href":"https:\/\/havamall.com\/en\/wp-json\/wp\/v2\/product_tag?post=35709"}],"curies":[{"name":"wp","href":"https:\/\/api.w.org\/{rel}","templated":true}]}}