{"id":35715,"date":"2024-09-09T10:18:34","date_gmt":"2024-09-09T03:18:34","guid":{"rendered":"https:\/\/havamall.com\/?post_type=product&#038;p=35715"},"modified":"2025-06-03T16:10:49","modified_gmt":"2025-06-03T09:10:49","slug":"pho-mai-kem-cream-cheese-emborg-200g","status":"publish","type":"product","link":"https:\/\/havamall.com\/en\/shop\/pho-mai-kem-cream-cheese-emborg-200g\/","title":{"rendered":"Ph\u00f4 Mai Kem &#8211; Cream Cheese Emborg 200g"},"content":{"rendered":"<h2 class=\"product-detail__specs-title\"><strong>TH\u00d4NG TIN CHUNG<\/strong><\/h2>\n<div id=\"js-product-detail__specs\" class=\"product-detail__specs\">\n<div class=\"row\">\n<div class=\"col-sm-12\">\n<div class=\"product-specs__table\">\n<table>\n<tbody>\n<tr>\n<td class=\"specs-table__property\">Th\u01b0\u01a1ng hi\u1ec7u<\/td>\n<td class=\"specs-table__value\">Emborg<\/td>\n<\/tr>\n<tr>\n<td class=\"specs-table__property\">Xu\u1ea5t x\u1ee9<\/td>\n<td class=\"specs-table__value\">\u0110\u1ee9c<\/td>\n<\/tr>\n<tr>\n<td class=\"specs-table__property\">H\u1ea1n s\u1eed d\u1ee5ng<\/td>\n<td class=\"specs-table__value\">12 th\u00e1ng<\/td>\n<\/tr>\n<tr>\n<td class=\"specs-table__property\">H\u01b0\u1edbng d\u1eabn s\u1eed d\u1ee5ng<\/td>\n<td class=\"specs-table__value\">D\u00f9ng tr\u1ef1c ti\u1ebfp ho\u1eb7c ch\u1ebf bi\u1ebfn c\u00e1c m\u00f3n \u0103n tu\u1ef3 th\u00edch<\/td>\n<\/tr>\n<tr>\n<td class=\"specs-table__property\">H\u01b0\u1edbng d\u1eabn b\u1ea3o qu\u1ea3n<\/td>\n<td class=\"specs-table__value\">B\u1ea3o qu\u1ea3n t\u1ee7 l\u1ea1nh nhi\u1ec7t \u0111\u1ed9 t\u1eeb 4 \u0111\u1ebfn 8 \u0111\u1ed9 C<\/td>\n<\/tr>\n<tr>\n<td class=\"specs-table__property\">Th\u00e0nh ph\u1ea7n nguy\u00ean li\u1ec7u<\/td>\n<td class=\"specs-table__value\">Nh\u01b0 tr\u00ean bao b\u00ec<\/td>\n<\/tr>\n<tr>\n<td class=\"specs-table__property\">Kh\u1ed1i l\u01b0\u1ee3ng\/Th\u1ec3 t\u00edch<\/td>\n<td class=\"specs-table__value\">200g<\/td>\n<\/tr>\n<\/tbody>\n<\/table>\n<\/div>\n<p>Ph\u00f4 Mai Kem Emborg 200g l\u00e0 l\u1ef1a ch\u1ecdn l\u00fd t\u01b0\u1edfng cho nh\u1eefng ai y\u00eau th\u00edch v\u1ecb b\u00e9o m\u1ecbn, th\u01a1m ngon c\u1ee7a ph\u00f4 mai. \u0110\u01b0\u1ee3c l\u00e0m t\u1eeb s\u1eefa t\u01b0\u01a1i ch\u1ecdn l\u1ecdc, s\u1ea3n ph\u1ea9m mang \u0111\u1ebfn h\u01b0\u01a1ng v\u1ecb \u0111\u1eadm \u0111\u00e0, ho\u00e0n h\u1ea3o \u0111\u1ec3 s\u1eed d\u1ee5ng trong nhi\u1ec1u c\u00f4ng th\u1ee9c ch\u1ebf bi\u1ebfn t\u1eeb m\u00f3n m\u1eb7n \u0111\u1ebfn m\u00f3n ng\u1ecdt. V\u1edbi k\u1ebft c\u1ea5u m\u1ecbn m\u00e0ng v\u00e0 m\u1ec1m d\u1ebbo, ph\u00f4 mai kem Emborg kh\u00f4ng ch\u1ec9 d\u1ec5 ph\u1ebft m\u00e0 c\u00f2n h\u00f2a quy\u1ec7n tuy\u1ec7t v\u1eddi trong m\u1ecdi m\u00f3n \u0103n.<\/p>\n<p><img fetchpriority=\"high\" decoding=\"async\" class=\"wp-image-35716 aligncenter\" src=\"https:\/\/havamall.com\/wp-content\/uploads\/2024\/09\/su-dung-cream-cheese-trong-lam-banh.webp\" alt=\"\" width=\"806\" height=\"605\" srcset=\"https:\/\/havamall.com\/wp-content\/uploads\/2024\/09\/su-dung-cream-cheese-trong-lam-banh.webp 640w, https:\/\/havamall.com\/wp-content\/uploads\/2024\/09\/su-dung-cream-cheese-trong-lam-banh-300x225.webp 300w, https:\/\/havamall.com\/wp-content\/uploads\/2024\/09\/su-dung-cream-cheese-trong-lam-banh-16x12.webp 16w, https:\/\/havamall.com\/wp-content\/uploads\/2024\/09\/su-dung-cream-cheese-trong-lam-banh-600x450.webp 600w, https:\/\/havamall.com\/wp-content\/uploads\/2024\/09\/su-dung-cream-cheese-trong-lam-banh-150x113.webp 150w\" sizes=\"(max-width: 806px) 100vw, 806px\" \/><\/p>\n<p><strong>&#8211; Ch\u1ea5t l\u01b0\u1ee3ng t\u1eeb s\u1eefa t\u01b0\u01a1i cao c\u1ea5p<\/strong>: \u0110\u01b0\u1ee3c l\u00e0m t\u1eeb s\u1eefa t\u01b0\u01a1i nguy\u00ean ch\u1ea5t, kh\u00f4ng ch\u1ee9a ch\u1ea5t b\u1ea3o qu\u1ea3n v\u00e0 ph\u1ee5 gia, \u0111\u1ea3m b\u1ea3o an to\u00e0n cho s\u1ee9c kh\u1ecfe v\u00e0 gi\u1eef nguy\u00ean v\u1ecb b\u00e9o ng\u1eady t\u1ef1 nhi\u00ean.<\/p>\n<p><strong>&#8211; K\u1ebft c\u1ea5u m\u1ec1m m\u1ecbn, d\u1ec5 ph\u1ebft<\/strong>: Ph\u00f4 mai kem Emborg c\u00f3 k\u1ebft c\u1ea5u m\u1ecbn m\u00e0ng, d\u1ec5 ph\u1ebft l\u00ean b\u00e1nh m\u00ec, b\u00e1nh quy, ho\u1eb7c l\u00e0m l\u1edbp ph\u1ee7 cho b\u00e1nh ng\u1ecdt, gi\u00fap m\u00f3n \u0103n tr\u1edf n\u00ean h\u1ea5p d\u1eabn h\u01a1n.<\/p>\n<p><strong>&#8211; \u0110a d\u1ee5ng trong n\u1ea5u \u0103n v\u00e0 l\u00e0m b\u00e1nh<\/strong>: Ho\u00e0n h\u1ea3o \u0111\u1ec3 l\u00e0m nguy\u00ean li\u1ec7u cho c\u00e1c m\u00f3n tr\u00e1ng mi\u1ec7ng nh\u01b0 cheesecake, tiramisu, ho\u1eb7c d\u00f9ng trong c\u00e1c m\u00f3n m\u1eb7n nh\u01b0 s\u1ed1t ph\u00f4 mai, ph\u1ebft l\u00ean b\u00e1nh m\u00ec sandwich, hay l\u00e0m nh\u00e2n cho c\u00e1c m\u00f3n b\u00e1nh cu\u1ed1n.<\/p>\n<p><strong>&#8211; H\u01b0\u01a1ng v\u1ecb b\u00e9o ng\u1eady v\u00e0 th\u01a1m ngon<\/strong>: V\u1ecb ph\u00f4 mai b\u00e9o ng\u1eady, th\u01a1m ngon gi\u00fap t\u0103ng c\u01b0\u1eddng h\u01b0\u01a1ng v\u1ecb cho m\u1ecdi m\u00f3n \u0103n, t\u1eeb b\u1eefa s\u00e1ng nhanh g\u1ecdn \u0111\u1ebfn b\u1eefa ti\u1ec7c sang tr\u1ecdng.<\/p>\n<p><img decoding=\"async\" class=\"size-full wp-image-35717 aligncenter\" src=\"https:\/\/havamall.com\/wp-content\/uploads\/2024\/09\/63ef442f418f8fac36127efcc285572c.jpg\" alt=\"\" width=\"800\" height=\"800\" srcset=\"https:\/\/havamall.com\/wp-content\/uploads\/2024\/09\/63ef442f418f8fac36127efcc285572c.jpg 800w, https:\/\/havamall.com\/wp-content\/uploads\/2024\/09\/63ef442f418f8fac36127efcc285572c-300x300.jpg 300w, https:\/\/havamall.com\/wp-content\/uploads\/2024\/09\/63ef442f418f8fac36127efcc285572c-150x150.jpg 150w, https:\/\/havamall.com\/wp-content\/uploads\/2024\/09\/63ef442f418f8fac36127efcc285572c-768x768.jpg 768w, https:\/\/havamall.com\/wp-content\/uploads\/2024\/09\/63ef442f418f8fac36127efcc285572c-12x12.jpg 12w, https:\/\/havamall.com\/wp-content\/uploads\/2024\/09\/63ef442f418f8fac36127efcc285572c-600x600.jpg 600w\" sizes=\"(max-width: 800px) 100vw, 800px\" \/><\/p>\n<h3><strong>H\u01b0\u1edbng d\u1eabn s\u1eed d\u1ee5ng<\/strong><\/h3>\n<p><strong>D\u00f9ng tr\u1ef1c ti\u1ebfp<\/strong>: Ph\u1ebft l\u00ean b\u00e1nh m\u00ec, b\u00e1nh quy, ho\u1eb7c b\u00e1nh crepe \u0111\u1ec3 th\u01b0\u1edfng th\u1ee9c.<\/p>\n<p><strong>L\u00e0m b\u00e1nh v\u00e0 m\u00f3n tr\u00e1ng mi\u1ec7ng<\/strong>: S\u1eed d\u1ee5ng \u0111\u1ec3 l\u00e0m cheesecake, mousse, ho\u1eb7c nh\u00e2n b\u00e1nh cu\u1ed1n.<\/p>\n<p><strong>Ch\u1ebf bi\u1ebfn m\u00f3n m\u1eb7n<\/strong>: Th\u00eam v\u00e0o s\u1ed1t, s\u00fap, ho\u1eb7c m\u00f3n n\u01b0\u1edbng \u0111\u1ec3 t\u0103ng th\u00eam v\u1ecb b\u00e9o ng\u1eady v\u00e0 \u0111\u1ed9 s\u00e1nh m\u1ecbn.<\/p>\n<p><img decoding=\"async\" class=\"size-full wp-image-35718 aligncenter\" src=\"https:\/\/havamall.com\/wp-content\/uploads\/2024\/09\/1421421ba5005698c6a2260588eddedd.jpg\" alt=\"\" width=\"800\" height=\"800\" srcset=\"https:\/\/havamall.com\/wp-content\/uploads\/2024\/09\/1421421ba5005698c6a2260588eddedd.jpg 800w, https:\/\/havamall.com\/wp-content\/uploads\/2024\/09\/1421421ba5005698c6a2260588eddedd-300x300.jpg 300w, https:\/\/havamall.com\/wp-content\/uploads\/2024\/09\/1421421ba5005698c6a2260588eddedd-150x150.jpg 150w, https:\/\/havamall.com\/wp-content\/uploads\/2024\/09\/1421421ba5005698c6a2260588eddedd-768x768.jpg 768w, https:\/\/havamall.com\/wp-content\/uploads\/2024\/09\/1421421ba5005698c6a2260588eddedd-12x12.jpg 12w, https:\/\/havamall.com\/wp-content\/uploads\/2024\/09\/1421421ba5005698c6a2260588eddedd-600x600.jpg 600w\" sizes=\"(max-width: 800px) 100vw, 800px\" \/><\/p>\n<h2><strong>Havamall \u2013 ph\u00e2n ph\u1ed1i c\u00e1c s\u1ea3n ph\u1ea9m ch\u00ednh h\u00e3ng, ch\u1ea5t l\u01b0\u1ee3ng<\/strong><\/h2>\n<p>V\u1edbi kinh nghi\u1ec7m trong ng\u00e0nh nh\u1eadp kh\u1ea9u v\u00e0 ph\u00e2n ph\u1ed1i th\u1ef1c ph\u1ea9m, \u0111\u1ed3 u\u1ed1ng v\u00e0 nguy\u00ean li\u1ec7u th\u1ef1c ph\u1ea9m, C\u00f4ng ty Havamall Vi\u1ec7t Nam l\u00e0 m\u1ed9t trong nh\u1eefng \u0111\u01a1n v\u1ecb cung \u1ee9ng s\u1ea3n ph\u1ea9m h\u00e0ng \u0111\u1ea7u cho c\u00e1c \u0111\u1ed1i t\u00e1c chuy\u00ean nghi\u1ec7p, danh ti\u1ebfng tr\u00ean kh\u1eafp c\u1ea3 n\u01b0\u1edbc.<\/p>\n<p>C\u00e1c s\u1ea3n ph\u1ea9m do C\u00f4ng ty Havamall Vi\u1ec7t Nam ph\u00e2n ph\u1ed1i \u0111\u1ec1u \u0111\u01b0\u1ee3c nh\u1eadp kh\u1ea9u t\u1eeb ch\u00e2u \u00c2u, ch\u00e2u \u00dac, \u0111\u1ea3m b\u1ea3o c\u00e1c ti\u00eau chu\u1ea9n v\u1ec1 v\u1ec7 sinh an to\u00e0n th\u1ef1c ph\u1ea9m kh\u1eaft khe nh\u01b0 HACCP, ISO. V\u1edbi h\u1ec7 th\u1ed1ng chi nh\u00e1nh, kho v\u1eadn tr\u1ea3i d\u00e0i kh\u1eafp Vi\u1ec7t Nam, C\u00f4ng ty Havamall Vi\u1ec7t Nam c\u00f3 th\u1ec3 \u0111\u00e1p \u1ee9ng \u0111\u01b0\u1ee3c nhu c\u1ea7u v\u1ec1 s\u1ed1 l\u01b0\u1ee3ng v\u00e0 ch\u1ea5t l\u01b0\u1ee3ng c\u1ee7a kh\u00e1ch h\u00e0ng.<\/p>\n<\/div>\n<\/div>\n<\/div>","protected":false},"excerpt":{"rendered":"<p>TH\u00d4NG TIN CHUNG Th\u01b0\u01a1ng hi\u1ec7u Emborg Xu\u1ea5t x\u1ee9 \u0110\u1ee9c H\u1ea1n s\u1eed d\u1ee5ng 12 th\u00e1ng H\u01b0\u1edbng d\u1eabn s\u1eed d\u1ee5ng D\u00f9ng tr\u1ef1c<\/p>","protected":false},"featured_media":35720,"comment_status":"open","ping_status":"closed","template":"","meta":[],"product_brand":[],"product_cat":[708,730,255,36],"product_tag":[],"class_list":{"0":"post-35715","1":"product","2":"type-product","3":"status-publish","4":"has-post-thumbnail","6":"product_cat-bo-sua-pho-mai","7":"product_cat-cac-nuoc-khac","8":"product_cat-nguyen-lieu-lam-banh","9":"product_cat-thuc-pham-tieu-dung","10":"pa_brand-emborg","12":"first","13":"outofstock","14":"sale","15":"shipping-taxable","16":"purchasable","17":"product-type-simple"},"_links":{"self":[{"href":"https:\/\/havamall.com\/en\/wp-json\/wp\/v2\/product\/35715","targetHints":{"allow":["GET"]}}],"collection":[{"href":"https:\/\/havamall.com\/en\/wp-json\/wp\/v2\/product"}],"about":[{"href":"https:\/\/havamall.com\/en\/wp-json\/wp\/v2\/types\/product"}],"replies":[{"embeddable":true,"href":"https:\/\/havamall.com\/en\/wp-json\/wp\/v2\/comments?post=35715"}],"version-history":[{"count":0,"href":"https:\/\/havamall.com\/en\/wp-json\/wp\/v2\/product\/35715\/revisions"}],"wp:featuredmedia":[{"embeddable":true,"href":"https:\/\/havamall.com\/en\/wp-json\/wp\/v2\/media\/35720"}],"wp:attachment":[{"href":"https:\/\/havamall.com\/en\/wp-json\/wp\/v2\/media?parent=35715"}],"wp:term":[{"taxonomy":"product_brand","embeddable":true,"href":"https:\/\/havamall.com\/en\/wp-json\/wp\/v2\/product_brand?post=35715"},{"taxonomy":"product_cat","embeddable":true,"href":"https:\/\/havamall.com\/en\/wp-json\/wp\/v2\/product_cat?post=35715"},{"taxonomy":"product_tag","embeddable":true,"href":"https:\/\/havamall.com\/en\/wp-json\/wp\/v2\/product_tag?post=35715"}],"curies":[{"name":"wp","href":"https:\/\/api.w.org\/{rel}","templated":true}]}}