{"id":35735,"date":"2024-09-09T12:04:36","date_gmt":"2024-09-09T05:04:36","guid":{"rendered":"https:\/\/havamall.com\/?post_type=product&#038;p=35735"},"modified":"2024-09-09T12:21:39","modified_gmt":"2024-09-09T05:21:39","slug":"kem-sua-che-bien-cooking-cream-ellevire-200ml","status":"publish","type":"product","link":"https:\/\/havamall.com\/en\/shop\/kem-sua-che-bien-cooking-cream-ellevire-200ml\/","title":{"rendered":"Kem S\u1eefa Ch\u1ebf Bi\u1ebfn &#8211; Cooking Cream Elle&#038;Vire 200ml"},"content":{"rendered":"<h2 class=\"product-detail__specs-title\"><strong>TH\u00d4NG TIN CHUNG<\/strong><\/h2>\n<div id=\"js-product-detail__specs\" class=\"product-detail__specs\">\n<div class=\"row\">\n<div class=\"col-sm-12\">\n<div class=\"product-specs__table\">\n<table>\n<tbody>\n<tr>\n<td class=\"specs-table__property\">Th\u01b0\u01a1ng hi\u1ec7u<\/td>\n<td class=\"specs-table__value\">Elle&amp;Vire<\/td>\n<\/tr>\n<tr>\n<td class=\"specs-table__property\">Xu\u1ea5t x\u1ee9<\/td>\n<td class=\"specs-table__value\">Ph\u00e1p<\/td>\n<\/tr>\n<tr>\n<td class=\"specs-table__property\">H\u1ea1n s\u1eed d\u1ee5ng<\/td>\n<td class=\"specs-table__value\">9 th\u00e1ng<\/td>\n<\/tr>\n<tr>\n<td class=\"specs-table__property\">H\u01b0\u1edbng d\u1eabn s\u1eed d\u1ee5ng<\/td>\n<td class=\"specs-table__value\">D\u00f9ng tr\u1ef1c ti\u1ebfp ho\u1eb7c ch\u1ebf bi\u1ebfn c\u00e1c m\u00f3n \u0103n tu\u1ef3 th\u00edch<\/td>\n<\/tr>\n<tr>\n<td class=\"specs-table__property\">H\u01b0\u1edbng d\u1eabn b\u1ea3o qu\u1ea3n<\/td>\n<td class=\"specs-table__value\">B\u1ea3o qu\u1ea3n t\u1ee7 l\u1ea1nh nhi\u1ec7t \u0111\u1ed9 t\u1eeb 2 &#8211; 8 \u0111\u1ed9 C<\/td>\n<\/tr>\n<tr>\n<td class=\"specs-table__property\">Th\u00e0nh ph\u1ea7n nguy\u00ean li\u1ec7u<\/td>\n<td class=\"specs-table__value\">Nh\u01b0 tr\u00ean bao b\u00ec<\/td>\n<\/tr>\n<tr>\n<td class=\"specs-table__property\">Th\u1ec3 t\u00edch<\/td>\n<td class=\"specs-table__value\">200ml<\/td>\n<\/tr>\n<\/tbody>\n<\/table>\n<p>Kem S\u1eefa Ch\u1ebf Bi\u1ebfn Elle &amp; Vire 200ml l\u00e0 l\u1ef1a ch\u1ecdn tuy\u1ec7t v\u1eddi d\u00e0nh cho nh\u1eefng ai y\u00eau th\u00edch n\u1ea5u \u0103n v\u00e0 mu\u1ed1n n\u00e2ng t\u1ea7m h\u01b0\u01a1ng v\u1ecb cho c\u00e1c m\u00f3n \u0103n c\u1ee7a m\u00ecnh. \u0110\u01b0\u1ee3c s\u1ea3n xu\u1ea5t t\u1ea1i Ph\u00e1p, v\u1edbi c\u00f4ng th\u1ee9c gi\u00e0u kem s\u1eefa t\u01b0\u01a1i v\u00e0 k\u1ebft c\u1ea5u m\u1ec1m m\u1ecbn, s\u1ea3n ph\u1ea9m n\u00e0y gi\u00fap c\u00e1c m\u00f3n \u0103n tr\u1edf n\u00ean b\u00e9o ng\u1eady, th\u01a1m ngon v\u00e0 h\u1ea5p d\u1eabn h\u01a1n.<\/p>\n<p><img fetchpriority=\"high\" decoding=\"async\" class=\"size-large wp-image-35737 aligncenter\" src=\"https:\/\/havamall.com\/wp-content\/uploads\/2024\/09\/Cooking-cream-1024x1024.png\" alt=\"\" width=\"1024\" height=\"1024\" srcset=\"https:\/\/havamall.com\/wp-content\/uploads\/2024\/09\/Cooking-cream-1024x1024.png 1024w, https:\/\/havamall.com\/wp-content\/uploads\/2024\/09\/Cooking-cream-300x300.png 300w, https:\/\/havamall.com\/wp-content\/uploads\/2024\/09\/Cooking-cream-150x150.png 150w, https:\/\/havamall.com\/wp-content\/uploads\/2024\/09\/Cooking-cream-768x768.png 768w, https:\/\/havamall.com\/wp-content\/uploads\/2024\/09\/Cooking-cream-12x12.png 12w, https:\/\/havamall.com\/wp-content\/uploads\/2024\/09\/Cooking-cream-600x600.png 600w, https:\/\/havamall.com\/wp-content\/uploads\/2024\/09\/Cooking-cream.png 1080w\" sizes=\"(max-width: 1024px) 100vw, 1024px\" \/><\/p>\n<p>&nbsp;<\/p>\n<p><strong>&#8211; Ch\u1ea5t l\u01b0\u1ee3ng cao c\u1ea5p t\u1eeb Ph\u00e1p<\/strong>: \u0110\u01b0\u1ee3c l\u00e0m t\u1eeb s\u1eefa b\u00f2 t\u01b0\u01a1i ch\u1ecdn l\u1ecdc, mang l\u1ea1i h\u01b0\u01a1ng v\u1ecb tinh khi\u1ebft v\u00e0 \u0111\u1ed9 b\u00e9o m\u1ecbn \u0111\u1eb7c tr\u01b0ng c\u1ee7a kem s\u1eefa Ph\u00e1p.<\/p>\n<p><strong>&#8211; K\u1ebft c\u1ea5u m\u1ecbn m\u00e0ng, d\u1ec5 h\u00f2a quy\u1ec7n<\/strong>: Kem s\u1eefa c\u00f3 \u0111\u1ed9 m\u1ecbn cao, d\u1ec5 h\u00f2a tan, gi\u00fap t\u1ea1o n\u00ean k\u1ebft c\u1ea5u m\u01b0\u1ee3t m\u00e0 cho c\u00e1c m\u00f3n s\u00fap, s\u1ed1t, m\u00f3n h\u1ea7m, v\u00e0 nhi\u1ec1u m\u00f3n \u0103n kh\u00e1c.<\/p>\n<p><strong>&#8211; Th\u00edch h\u1ee3p cho nhi\u1ec1u m\u00f3n \u0103n<\/strong>: Ho\u00e0n h\u1ea3o \u0111\u1ec3 s\u1eed d\u1ee5ng trong n\u1ea5u n\u01b0\u1edbng, t\u1eeb l\u00e0m s\u1ed1t kem, s\u00fap, m\u00f3n x\u00e0o \u0111\u1ebfn c\u00e1c m\u00f3n n\u01b0\u1edbng v\u00e0 tr\u00e1ng mi\u1ec7ng, gi\u00fap t\u0103ng th\u00eam v\u1ecb b\u00e9o ng\u1eady v\u00e0 \u0111\u1eadm \u0111\u00e0.<\/p>\n<p><strong>&#8211; \u0110\u00f3ng g\u00f3i ti\u1ec7n l\u1ee3i<\/strong>: Dung t\u00edch 200ml v\u1eeba \u0111\u1ee7 cho m\u1ed7i l\u1ea7n s\u1eed d\u1ee5ng, d\u1ec5 b\u1ea3o qu\u1ea3n v\u00e0 ti\u1ec7n l\u1ee3i khi s\u1eed d\u1ee5ng trong b\u1ebfp gia \u0111\u00ecnh ho\u1eb7c nh\u00e0 h\u00e0ng.<\/p>\n<p><img decoding=\"async\" class=\"size-large wp-image-35738 aligncenter\" src=\"https:\/\/havamall.com\/wp-content\/uploads\/2024\/09\/Cooking-cream-1-1024x1024.png\" alt=\"\" width=\"1024\" height=\"1024\" srcset=\"https:\/\/havamall.com\/wp-content\/uploads\/2024\/09\/Cooking-cream-1-1024x1024.png 1024w, https:\/\/havamall.com\/wp-content\/uploads\/2024\/09\/Cooking-cream-1-300x300.png 300w, https:\/\/havamall.com\/wp-content\/uploads\/2024\/09\/Cooking-cream-1-150x150.png 150w, https:\/\/havamall.com\/wp-content\/uploads\/2024\/09\/Cooking-cream-1-768x768.png 768w, https:\/\/havamall.com\/wp-content\/uploads\/2024\/09\/Cooking-cream-1-12x12.png 12w, https:\/\/havamall.com\/wp-content\/uploads\/2024\/09\/Cooking-cream-1-600x600.png 600w, https:\/\/havamall.com\/wp-content\/uploads\/2024\/09\/Cooking-cream-1.png 1080w\" sizes=\"(max-width: 1024px) 100vw, 1024px\" \/><\/p>\n<h3><strong>H\u01b0\u1edbng d\u1eabn s\u1eed d\u1ee5ng<\/strong><\/h3>\n<p><strong>&#8211; Ch\u1ebf bi\u1ebfn m\u00f3n \u0103n<\/strong>: S\u1eed d\u1ee5ng \u0111\u1ec3 l\u00e0m s\u1ed1t kem cho pasta, m\u00f3n n\u01b0\u1edbng, ho\u1eb7c s\u00fap, t\u0103ng th\u00eam v\u1ecb b\u00e9o m\u1ecbn v\u00e0 th\u01a1m ngon cho m\u00f3n \u0103n.<\/p>\n<p><strong>&#8211; L\u00e0m m\u00f3n tr\u00e1ng mi\u1ec7ng<\/strong>: Th\u00edch h\u1ee3p cho c\u00e1c m\u00f3n b\u00e1nh ng\u1ecdt, kem, ho\u1eb7c mousse, gi\u00fap t\u0103ng c\u01b0\u1eddng \u0111\u1ed9 b\u00e9o ng\u1eady v\u00e0 t\u1ea1o ra k\u1ebft c\u1ea5u m\u1ec1m m\u1ecbn.<\/p>\n<p><strong>&#8211; B\u1ea3o qu\u1ea3n<\/strong>: Sau khi m\u1edf n\u1eafp, h\u00e3y b\u1ea3o qu\u1ea3n kem s\u1eefa trong ng\u0103n m\u00e1t t\u1ee7 l\u1ea1nh v\u00e0 s\u1eed d\u1ee5ng trong v\u00f2ng v\u00e0i ng\u00e0y \u0111\u1ec3 \u0111\u1ea3m b\u1ea3o ch\u1ea5t l\u01b0\u1ee3ng t\u1ed1t nh\u1ea5t.<\/p>\n<h2><strong>Havamall \u2013 ph\u00e2n ph\u1ed1i c\u00e1c s\u1ea3n ph\u1ea9m ch\u00ednh h\u00e3ng, ch\u1ea5t l\u01b0\u1ee3ng<\/strong><\/h2>\n<p>V\u1edbi kinh nghi\u1ec7m trong ng\u00e0nh nh\u1eadp kh\u1ea9u v\u00e0 ph\u00e2n ph\u1ed1i th\u1ef1c ph\u1ea9m, \u0111\u1ed3 u\u1ed1ng v\u00e0 nguy\u00ean li\u1ec7u th\u1ef1c ph\u1ea9m, C\u00f4ng ty Havamall Vi\u1ec7t Nam l\u00e0 m\u1ed9t trong nh\u1eefng \u0111\u01a1n v\u1ecb cung \u1ee9ng s\u1ea3n ph\u1ea9m h\u00e0ng \u0111\u1ea7u cho c\u00e1c \u0111\u1ed1i t\u00e1c chuy\u00ean nghi\u1ec7p, danh ti\u1ebfng tr\u00ean kh\u1eafp c\u1ea3 n\u01b0\u1edbc.<\/p>\n<p>C\u00e1c s\u1ea3n ph\u1ea9m do C\u00f4ng ty Havamall Vi\u1ec7t Nam ph\u00e2n ph\u1ed1i \u0111\u1ec1u \u0111\u01b0\u1ee3c nh\u1eadp kh\u1ea9u t\u1eeb ch\u00e2u \u00c2u, ch\u00e2u \u00dac, \u0111\u1ea3m b\u1ea3o c\u00e1c ti\u00eau chu\u1ea9n v\u1ec1 v\u1ec7 sinh an to\u00e0n th\u1ef1c ph\u1ea9m kh\u1eaft khe nh\u01b0 HACCP, ISO. V\u1edbi h\u1ec7 th\u1ed1ng chi nh\u00e1nh, kho v\u1eadn tr\u1ea3i d\u00e0i kh\u1eafp Vi\u1ec7t Nam, C\u00f4ng ty Havamall Vi\u1ec7t Nam c\u00f3 th\u1ec3 \u0111\u00e1p \u1ee9ng \u0111\u01b0\u1ee3c nhu c\u1ea7u v\u1ec1 s\u1ed1 l\u01b0\u1ee3ng v\u00e0 ch\u1ea5t l\u01b0\u1ee3ng c\u1ee7a kh\u00e1ch h\u00e0ng.<\/p>\n<\/div>\n<\/div>\n<\/div>\n<\/div>","protected":false},"excerpt":{"rendered":"<p>TH\u00d4NG TIN CHUNG Th\u01b0\u01a1ng hi\u1ec7u Elle&amp;Vire Xu\u1ea5t x\u1ee9 Ph\u00e1p H\u1ea1n s\u1eed d\u1ee5ng 9 th\u00e1ng H\u01b0\u1edbng d\u1eabn s\u1eed d\u1ee5ng D\u00f9ng tr\u1ef1c<\/p>","protected":false},"featured_media":35747,"comment_status":"open","ping_status":"closed","template":"","meta":[],"product_brand":[],"product_cat":[681],"product_tag":[],"class_list":{"0":"post-35735","1":"product","2":"type-product","3":"status-publish","4":"has-post-thumbnail","6":"product_cat-chua-phan-loai","8":"first","9":"instock","10":"sale","11":"shipping-taxable","12":"purchasable","13":"product-type-simple"},"_links":{"self":[{"href":"https:\/\/havamall.com\/en\/wp-json\/wp\/v2\/product\/35735","targetHints":{"allow":["GET"]}}],"collection":[{"href":"https:\/\/havamall.com\/en\/wp-json\/wp\/v2\/product"}],"about":[{"href":"https:\/\/havamall.com\/en\/wp-json\/wp\/v2\/types\/product"}],"replies":[{"embeddable":true,"href":"https:\/\/havamall.com\/en\/wp-json\/wp\/v2\/comments?post=35735"}],"version-history":[{"count":0,"href":"https:\/\/havamall.com\/en\/wp-json\/wp\/v2\/product\/35735\/revisions"}],"wp:featuredmedia":[{"embeddable":true,"href":"https:\/\/havamall.com\/en\/wp-json\/wp\/v2\/media\/35747"}],"wp:attachment":[{"href":"https:\/\/havamall.com\/en\/wp-json\/wp\/v2\/media?parent=35735"}],"wp:term":[{"taxonomy":"product_brand","embeddable":true,"href":"https:\/\/havamall.com\/en\/wp-json\/wp\/v2\/product_brand?post=35735"},{"taxonomy":"product_cat","embeddable":true,"href":"https:\/\/havamall.com\/en\/wp-json\/wp\/v2\/product_cat?post=35735"},{"taxonomy":"product_tag","embeddable":true,"href":"https:\/\/havamall.com\/en\/wp-json\/wp\/v2\/product_tag?post=35735"}],"curies":[{"name":"wp","href":"https:\/\/api.w.org\/{rel}","templated":true}]}}