{"id":36019,"date":"2024-09-17T10:33:18","date_gmt":"2024-09-17T03:33:18","guid":{"rendered":"https:\/\/havamall.com\/?post_type=product&#038;p=36019"},"modified":"2024-09-18T10:35:17","modified_gmt":"2024-09-18T03:35:17","slug":"keo-socola-den-trung-khung-long-nhan-hanh-nhan-almond-dark-chocolate-hop-150g","status":"publish","type":"product","link":"https:\/\/havamall.com\/en\/shop\/keo-socola-den-trung-khung-long-nhan-hanh-nhan-almond-dark-chocolate-hop-150g\/","title":{"rendered":"K\u1eb9o Socola \u0110en Tr\u1ee9ng Kh\u1ee7ng Long nh\u00e2n H\u1ea1nh Nh\u00e2n \u2013 Almond Dark Chocolate H\u1ed9p 150g"},"content":{"rendered":"<h2 class=\"product-detail__specs-title\"><strong>TH\u00d4NG TIN CHUNG<\/strong><\/h2>\n<div id=\"js-product-detail__specs\" class=\"product-detail__specs\">\n<div class=\"row\">\n<div class=\"col-sm-12\">\n<div class=\"product-specs__table\">\n<table style=\"width: 658px; height: 238px;\">\n<tbody>\n<tr style=\"height: 24px;\">\n<td class=\"specs-table__property\" style=\"height: 24px;\">Th\u01b0\u01a1ng hi\u1ec7u<\/td>\n<td class=\"specs-table__value\" style=\"height: 24px;\">No Brand<\/td>\n<\/tr>\n<tr style=\"height: 24px;\">\n<td class=\"specs-table__property\" style=\"height: 24px;\">Xu\u1ea5t x\u1ee9<\/td>\n<td class=\"specs-table__value\" style=\"height: 24px;\">Vi\u1ec7t Nam<\/td>\n<\/tr>\n<tr style=\"height: 24px;\">\n<td class=\"specs-table__property\" style=\"height: 24px;\">H\u1ea1n s\u1eed d\u1ee5ng<\/td>\n<td class=\"specs-table__value\" style=\"height: 24px;\">12 th\u00e1ng<\/td>\n<\/tr>\n<tr style=\"height: 24px;\">\n<td class=\"specs-table__property\" style=\"height: 24px;\">H\u01b0\u1edbng d\u1eabn s\u1eed d\u1ee5ng<\/td>\n<td class=\"specs-table__value\" style=\"height: 24px;\">D\u00f9ng tr\u1ef1c ti\u1ebfp<\/td>\n<\/tr>\n<tr style=\"height: 24px;\">\n<td class=\"specs-table__property\" style=\"height: 24px;\">H\u01b0\u1edbng d\u1eabn b\u1ea3o qu\u1ea3n<\/td>\n<td class=\"specs-table__value\" style=\"height: 24px;\">B\u1ea3o qu\u1ea3n n\u01a1i kh\u00f4 r\u00e1o, tho\u00e1ng m\u00e1t<\/td>\n<\/tr>\n<tr style=\"height: 24px;\">\n<td class=\"specs-table__property\" style=\"height: 24px;\">Th\u00e0nh ph\u1ea7n nguy\u00ean li\u1ec7u<\/td>\n<td class=\"specs-table__value\" style=\"height: 24px;\">Socola, \u0111\u01b0\u1eddng, h\u1ea1nh nh\u00e2n rang, Gelatin, Gum Arabic,&#8230;<\/td>\n<\/tr>\n<tr style=\"height: 24px;\">\n<td class=\"specs-table__property\" style=\"height: 24px;\">Kh\u1ed1i l\u01b0\u1ee3ng<\/td>\n<td class=\"specs-table__value\" style=\"height: 24px;\">150g<\/td>\n<\/tr>\n<\/tbody>\n<\/table>\n<p>K\u1eb9o Socola \u0110en Tr\u1ee9ng Kh\u1ee7ng Long Nh\u00e2n H\u1ea1nh Nh\u00e2n \u0111\u01b0\u1ee3c s\u1ea3n xu\u1ea5t t\u1eeb nh\u1eefng nguy\u00ean li\u1ec7u nh\u1eadp kh\u1ea9u cao c\u1ea5p \u0111\u1ebfn t\u1eeb H\u00e0n qu\u1ed1c. V\u1edbi quy tr\u00ecnh s\u1ea3n xu\u1ea5t hi\u1ec7n \u0111\u1ea1i v\u00e0 gi\u00e1m s\u00e1t ch\u1eb7t ch\u1ebd v\u1ec1 ch\u1ea5t l\u01b0\u1ee3ng, s\u1ea3n ph\u1ea9m n\u00e0y \u0111\u1ea1t ti\u00eau chu\u1ea9n cao v\u1ec1 an to\u00e0n th\u1ef1c ph\u1ea9m v\u00e0 ch\u1ea5t l\u01b0\u1ee3ng.<\/p>\n<p><img fetchpriority=\"high\" decoding=\"async\" class=\"size-full wp-image-36022 aligncenter\" src=\"https:\/\/havamall.com\/wp-content\/uploads\/2024\/09\/848-sf-dc-almonds-bulk.jpg\" alt=\"\" width=\"1000\" height=\"1000\" srcset=\"https:\/\/havamall.com\/wp-content\/uploads\/2024\/09\/848-sf-dc-almonds-bulk.jpg 1000w, https:\/\/havamall.com\/wp-content\/uploads\/2024\/09\/848-sf-dc-almonds-bulk-300x300.jpg 300w, https:\/\/havamall.com\/wp-content\/uploads\/2024\/09\/848-sf-dc-almonds-bulk-150x150.jpg 150w, https:\/\/havamall.com\/wp-content\/uploads\/2024\/09\/848-sf-dc-almonds-bulk-768x768.jpg 768w, https:\/\/havamall.com\/wp-content\/uploads\/2024\/09\/848-sf-dc-almonds-bulk-12x12.jpg 12w, https:\/\/havamall.com\/wp-content\/uploads\/2024\/09\/848-sf-dc-almonds-bulk-600x600.jpg 600w\" sizes=\"(max-width: 1000px) 100vw, 1000px\" \/><\/p>\n<p>K\u1eb9o Socola \u0110en Tr\u1ee9ng Kh\u1ee7ng Long Nh\u00e2n H\u1ea1nh Nh\u00e2n l\u00e0 s\u1ef1 k\u1ebft h\u1ee3p \u0111\u1ea7y l\u00f4i cu\u1ed1n gi\u1eefa h\u01b0\u01a1ng v\u1ecb socola \u0111en \u0111\u1eadm \u0111\u00e0 v\u00e0 h\u1ea1nh nh\u00e2n b\u00f9i b\u00e9o. H\u00ecnh d\u00e1ng k\u1eb9o \u0111\u01b0\u1ee3c thi\u1ebft k\u1ebf gi\u1ed1ng nh\u1eefng qu\u1ea3 tr\u1ee9ng kh\u1ee7ng long nh\u1ecf, mang \u0111\u1ebfn m\u1ed9t m\u00f3n qu\u00e0 h\u1ea5p d\u1eabn v\u00e0 b\u1ea5t ng\u1edd cho c\u1ea3 tr\u1ebb em l\u1eabn ng\u01b0\u1eddi l\u1edbn.<\/p>\n<p>M\u1ed7i vi\u00ean k\u1eb9o l\u00e0 m\u1ed9t chi\u1ebfc tr\u1ee9ng \u0111\u1ed9c \u0111\u00e1o, b\u00ean trong l\u00e0 l\u1edbp v\u1ecf socola \u0111en \u0111\u1eadm \u0111\u00e0, b\u00ean trong l\u00e0 nh\u00e2n h\u1ea1nh nh\u00e2n gi\u00f2n tan. S\u1ef1 k\u1ebft h\u1ee3p ho\u00e0n h\u1ea3o gi\u1eefa v\u1ecb \u0111\u1eafng nh\u1eb9 c\u1ee7a socola \u0111en, v\u1ecb b\u00e9o ng\u1eady c\u1ee7a h\u1ea1nh nh\u00e2n v\u00e0 l\u1edbp v\u1ecf gi\u00f2n tan s\u1ebd mang \u0111\u1ebfn cho b\u1ea1n m\u1ed9t tr\u1ea3i nghi\u1ec7m v\u1ecb gi\u00e1c kh\u00f3 qu\u00ean.<\/p>\n<p><img decoding=\"async\" class=\"wp-image-36023 aligncenter\" src=\"https:\/\/havamall.com\/wp-content\/uploads\/2024\/09\/shop-dark-chocolate-almonds.jpg\" alt=\"\" width=\"1000\" height=\"1000\" srcset=\"https:\/\/havamall.com\/wp-content\/uploads\/2024\/09\/shop-dark-chocolate-almonds.jpg 800w, https:\/\/havamall.com\/wp-content\/uploads\/2024\/09\/shop-dark-chocolate-almonds-300x300.jpg 300w, https:\/\/havamall.com\/wp-content\/uploads\/2024\/09\/shop-dark-chocolate-almonds-150x150.jpg 150w, https:\/\/havamall.com\/wp-content\/uploads\/2024\/09\/shop-dark-chocolate-almonds-768x768.jpg 768w, https:\/\/havamall.com\/wp-content\/uploads\/2024\/09\/shop-dark-chocolate-almonds-12x12.jpg 12w, https:\/\/havamall.com\/wp-content\/uploads\/2024\/09\/shop-dark-chocolate-almonds-600x600.jpg 600w\" sizes=\"(max-width: 1000px) 100vw, 1000px\" \/><\/p>\n<h3><strong>\u0110\u1eb7c \u0111i\u1ec3m n\u1ed5i b\u1eadt<\/strong><\/h3>\n<p><strong>&#8211;<\/strong> Nguy\u00ean li\u1ec7u cao c\u1ea5p: Socola \u0111en gi\u00e0u ch\u1ea5t ch\u1ed1ng oxy h\u00f3a, c\u00f9ng v\u1edbi h\u1ea1nh nh\u00e2n gi\u00e0u d\u01b0\u1ee1ng ch\u1ea5t, mang l\u1ea1i nhi\u1ec1u l\u1ee3i \u00edch s\u1ee9c kh\u1ecfe.<\/p>\n<p>&#8211; H\u01b0\u01a1ng v\u1ecb tuy\u1ec7t v\u1eddi: Socola \u0111en \u0111\u1eadm v\u1ecb, kh\u00f4ng qu\u00e1 ng\u1ecdt, k\u1ebft h\u1ee3p v\u1edbi nh\u00e2n h\u1ea1nh nh\u00e2n gi\u00f2n r\u1ee5m, t\u1ea1o n\u00ean m\u1ed9t tr\u1ea3i nghi\u1ec7m v\u1ecb gi\u00e1c ho\u00e0n h\u1ea3o.<\/p>\n<p>&#8211; Thi\u1ebft k\u1ebf \u0111\u1ed9c \u0111\u00e1o: K\u1eb9o c\u00f3 h\u00ecnh d\u1ea1ng tr\u1ee9ng kh\u1ee7ng long nh\u1ecf, s\u00e1ng t\u1ea1o v\u00e0 b\u1eaft m\u1eaft, th\u00edch h\u1ee3p l\u00e0m qu\u00e0 t\u1eb7ng ho\u1eb7c trang tr\u00ed trong c\u00e1c b\u1eefa ti\u1ec7c.<\/p>\n<p>&#8211; Dinh d\u01b0\u1ee1ng cao: S\u1ea3n ph\u1ea9m cung c\u1ea5p nhi\u1ec1u vitamin v\u00e0 ch\u1ea5t ch\u1ed1ng oxy h\u00f3a t\u1eeb h\u1ea1nh nh\u00e2n.<\/p>\n<h3><strong>H\u01b0\u1edbng d\u1eabn s\u1eed d\u1ee5ng<\/strong><\/h3>\n<p>&#8211; C\u00e1ch s\u1eed d\u1ee5ng: D\u00f9ng tr\u1ef1c ti\u1ebfp nh\u01b0 m\u00f3n \u0103n v\u1eb7t ho\u1eb7c trang tr\u00ed cho c\u00e1c m\u00f3n b\u00e1nh nh\u01b0 gato, cupcake. S\u1ea3n ph\u1ea9m c\u0169ng ph\u00f9 h\u1ee3p \u0111\u1ec3 l\u00e0m qu\u00e0 t\u1eb7ng.<\/p>\n<p>&#8211; B\u1ea3o qu\u1ea3n: \u0110\u1ec3 \u1edf n\u01a1i kh\u00f4 r\u00e1o, tho\u00e1ng m\u00e1t, tr\u00e1nh \u00e1nh n\u1eafng tr\u1ef1c ti\u1ebfp \u0111\u1ec3 gi\u1eef k\u1eb9o lu\u00f4n th\u01a1m ngon v\u00e0 gi\u00f2n tan.<\/p>\n<p><img decoding=\"async\" class=\"wp-image-36024 aligncenter\" src=\"https:\/\/havamall.com\/wp-content\/uploads\/2024\/09\/keto-chocolate-covered-almonds.jpeg\" alt=\"\" width=\"1000\" height=\"500\" srcset=\"https:\/\/havamall.com\/wp-content\/uploads\/2024\/09\/keto-chocolate-covered-almonds.jpeg 1024w, https:\/\/havamall.com\/wp-content\/uploads\/2024\/09\/keto-chocolate-covered-almonds-300x150.jpeg 300w, https:\/\/havamall.com\/wp-content\/uploads\/2024\/09\/keto-chocolate-covered-almonds-768x384.jpeg 768w, https:\/\/havamall.com\/wp-content\/uploads\/2024\/09\/keto-chocolate-covered-almonds-18x9.jpeg 18w, https:\/\/havamall.com\/wp-content\/uploads\/2024\/09\/keto-chocolate-covered-almonds-600x300.jpeg 600w, https:\/\/havamall.com\/wp-content\/uploads\/2024\/09\/keto-chocolate-covered-almonds-150x75.jpeg 150w\" sizes=\"(max-width: 1000px) 100vw, 1000px\" \/><\/p>\n<h3><strong>Havamall \u2013 ph\u00e2n ph\u1ed1i c\u00e1c s\u1ea3n ph\u1ea9m ch\u00ednh h\u00e3ng, ch\u1ea5t l\u01b0\u1ee3ng<\/strong><\/h3>\n<p>V\u1edbi kinh nghi\u1ec7m trong ng\u00e0nh nh\u1eadp kh\u1ea9u v\u00e0 ph\u00e2n ph\u1ed1i th\u1ef1c ph\u1ea9m, \u0111\u1ed3 u\u1ed1ng v\u00e0 nguy\u00ean li\u1ec7u th\u1ef1c ph\u1ea9m, C\u00f4ng ty Havamall Vi\u1ec7t Nam l\u00e0 m\u1ed9t trong nh\u1eefng \u0111\u01a1n v\u1ecb cung \u1ee9ng s\u1ea3n ph\u1ea9m h\u00e0ng \u0111\u1ea7u cho c\u00e1c \u0111\u1ed1i t\u00e1c chuy\u00ean nghi\u1ec7p, danh ti\u1ebfng tr\u00ean kh\u1eafp c\u1ea3 n\u01b0\u1edbc.<\/p>\n<p>C\u00e1c s\u1ea3n ph\u1ea9m do C\u00f4ng ty Havamall Vi\u1ec7t Nam ph\u00e2n ph\u1ed1i \u0111\u1ec1u \u0111\u01b0\u1ee3c nh\u1eadp kh\u1ea9u t\u1eeb ch\u00e2u \u00c2u, ch\u00e2u \u00dac, \u0111\u1ea3m b\u1ea3o c\u00e1c ti\u00eau chu\u1ea9n v\u1ec1 v\u1ec7 sinh an to\u00e0n th\u1ef1c ph\u1ea9m kh\u1eaft khe nh\u01b0 HACCP, ISO. V\u1edbi h\u1ec7 th\u1ed1ng chi nh\u00e1nh, kho v\u1eadn tr\u1ea3i d\u00e0i kh\u1eafp Vi\u1ec7t Nam, C\u00f4ng ty Havamall Vi\u1ec7t Nam c\u00f3 th\u1ec3 \u0111\u00e1p \u1ee9ng \u0111\u01b0\u1ee3c nhu c\u1ea7u v\u1ec1 s\u1ed1 l\u01b0\u1ee3ng v\u00e0 ch\u1ea5t l\u01b0\u1ee3ng c\u1ee7a kh\u00e1ch h\u00e0ng.<\/p>\n<\/div>\n<\/div>\n<\/div>\n<\/div>","protected":false},"excerpt":{"rendered":"<p>TH\u00d4NG TIN CHUNG Th\u01b0\u01a1ng hi\u1ec7u No Brand Xu\u1ea5t x\u1ee9 Vi\u1ec7t Nam H\u1ea1n s\u1eed d\u1ee5ng 12 th\u00e1ng H\u01b0\u1edbng d\u1eabn s\u1eed d\u1ee5ng<\/p>","protected":false},"featured_media":36053,"comment_status":"open","ping_status":"closed","template":"","meta":[],"product_brand":[],"product_cat":[133,36],"product_tag":[],"class_list":{"0":"post-36019","1":"product","2":"type-product","3":"status-publish","4":"has-post-thumbnail","6":"product_cat-banh-keo-chocolate","7":"product_cat-thuc-pham-tieu-dung","8":"pa_brand-skx","10":"first","11":"instock","12":"sale","13":"shipping-taxable","14":"purchasable","15":"product-type-simple"},"_links":{"self":[{"href":"https:\/\/havamall.com\/en\/wp-json\/wp\/v2\/product\/36019","targetHints":{"allow":["GET"]}}],"collection":[{"href":"https:\/\/havamall.com\/en\/wp-json\/wp\/v2\/product"}],"about":[{"href":"https:\/\/havamall.com\/en\/wp-json\/wp\/v2\/types\/product"}],"replies":[{"embeddable":true,"href":"https:\/\/havamall.com\/en\/wp-json\/wp\/v2\/comments?post=36019"}],"version-history":[{"count":0,"href":"https:\/\/havamall.com\/en\/wp-json\/wp\/v2\/product\/36019\/revisions"}],"wp:featuredmedia":[{"embeddable":true,"href":"https:\/\/havamall.com\/en\/wp-json\/wp\/v2\/media\/36053"}],"wp:attachment":[{"href":"https:\/\/havamall.com\/en\/wp-json\/wp\/v2\/media?parent=36019"}],"wp:term":[{"taxonomy":"product_brand","embeddable":true,"href":"https:\/\/havamall.com\/en\/wp-json\/wp\/v2\/product_brand?post=36019"},{"taxonomy":"product_cat","embeddable":true,"href":"https:\/\/havamall.com\/en\/wp-json\/wp\/v2\/product_cat?post=36019"},{"taxonomy":"product_tag","embeddable":true,"href":"https:\/\/havamall.com\/en\/wp-json\/wp\/v2\/product_tag?post=36019"}],"curies":[{"name":"wp","href":"https:\/\/api.w.org\/{rel}","templated":true}]}}