{"id":36433,"date":"2024-10-03T20:51:06","date_gmt":"2024-10-03T13:51:06","guid":{"rendered":"https:\/\/havamall.com\/?post_type=product&#038;p=36433"},"modified":"2025-05-14T17:08:25","modified_gmt":"2025-05-14T10:08:25","slug":"gan-ngong-phap-dong-lanh-rougie-french-foie-gras-rougie-180g","status":"publish","type":"product","link":"https:\/\/havamall.com\/en\/shop\/gan-ngong-phap-dong-lanh-rougie-french-foie-gras-rougie-180g\/","title":{"rendered":"Gan Ng\u1ed7ng Ph\u00e1p \u0110\u00f4ng L\u1ea1nh Rougie &#8211; French Foie Gras Rougie 180g"},"content":{"rendered":"<h2 class=\"product-detail__specs-title\"><strong>TH\u00d4NG TIN CHUNG<\/strong><\/h2>\n<div id=\"js-product-detail__specs\" class=\"product-detail__specs\">\n<div class=\"row\">\n<div class=\"col-sm-12\">\n<div class=\"product-specs__table\">\n<table style=\"width: 100%; height: 174px;\">\n<tbody>\n<tr style=\"height: 24px;\">\n<td class=\"specs-table__property\" style=\"height: 24px; width: 19.346%;\">Th\u01b0\u01a1ng hi\u1ec7u<\/td>\n<td style=\"width: 79.9273%; height: 24px;\">Rougie<\/td>\n<\/tr>\n<tr style=\"height: 24px;\">\n<td class=\"specs-table__property\" style=\"height: 24px; width: 19.346%;\">Xu\u1ea5t x\u1ee9<\/td>\n<td class=\"specs-table__value\" style=\"height: 24px; width: 79.9273%;\">Ph\u00e1p<\/td>\n<\/tr>\n<tr style=\"height: 24px;\">\n<td class=\"specs-table__property\" style=\"height: 24px; width: 19.346%;\">H\u1ea1n s\u1eed d\u1ee5ng<\/td>\n<td class=\"specs-table__value\" style=\"height: 24px; width: 79.9273%;\">Xem tr\u00ean bao b\u00ec s\u1ea3n ph\u1ea9m<\/td>\n<\/tr>\n<tr style=\"height: 24px;\">\n<td class=\"specs-table__property\" style=\"height: 24px; width: 19.346%;\">H\u01b0\u1edbng d\u1eabn s\u1eed d\u1ee5ng<\/td>\n<td class=\"specs-table__value\" style=\"height: 24px; width: 79.9273%;\">D\u00f9ng ch\u1ebf bi\u1ebfn c\u00e1c m\u00f3n \u0103n<\/td>\n<\/tr>\n<tr style=\"height: 24px;\">\n<td class=\"specs-table__property\" style=\"height: 24px; width: 19.346%;\">H\u01b0\u1edbng d\u1eabn b\u1ea3o qu\u1ea3n<\/td>\n<td class=\"w-full border-2 border-DEFAULT px-4 py-2\" style=\"height: 24px; width: 79.9273%;\">\n<div class=\"text-justify\">B\u1ea3o qu\u1ea3n \u0111\u00f4ng l\u1ea1nh trong t\u1ee7 l\u1ea1nh<\/div>\n<\/td>\n<\/tr>\n<tr style=\"height: 30px;\">\n<td class=\"specs-table__property\" style=\"height: 30px; width: 19.346%;\">Th\u00e0nh ph\u1ea7n nguy\u00ean li\u1ec7u<\/td>\n<td class=\"specs-table__value\" style=\"height: 30px; width: 79.9273%;\">Gan ng\u1ed7ng<\/td>\n<\/tr>\n<tr style=\"height: 24px;\">\n<td class=\"specs-table__property\" style=\"height: 24px; width: 19.346%;\">Kh\u1ed1i l\u01b0\u1ee3ng<\/td>\n<td class=\"specs-table__value\" style=\"height: 24px; width: 79.9273%;\">180g<\/td>\n<\/tr>\n<\/tbody>\n<\/table>\n<div>\n<p><img fetchpriority=\"high\" decoding=\"async\" class=\"wp-image-36437 aligncenter\" src=\"https:\/\/havamall.com\/wp-content\/uploads\/2024\/10\/loi-ich-cua-gan-ngong-doi-voi-suc-khoe-va-luu-y-voi-nhung-rui-ro-co-the-xay-ra-khi-an-4.jpg\" alt=\"\" width=\"951\" height=\"557\" srcset=\"https:\/\/havamall.com\/wp-content\/uploads\/2024\/10\/loi-ich-cua-gan-ngong-doi-voi-suc-khoe-va-luu-y-voi-nhung-rui-ro-co-the-xay-ra-khi-an-4.jpg 1024w, https:\/\/havamall.com\/wp-content\/uploads\/2024\/10\/loi-ich-cua-gan-ngong-doi-voi-suc-khoe-va-luu-y-voi-nhung-rui-ro-co-the-xay-ra-khi-an-4-300x176.jpg 300w, https:\/\/havamall.com\/wp-content\/uploads\/2024\/10\/loi-ich-cua-gan-ngong-doi-voi-suc-khoe-va-luu-y-voi-nhung-rui-ro-co-the-xay-ra-khi-an-4-768x450.jpg 768w, https:\/\/havamall.com\/wp-content\/uploads\/2024\/10\/loi-ich-cua-gan-ngong-doi-voi-suc-khoe-va-luu-y-voi-nhung-rui-ro-co-the-xay-ra-khi-an-4-18x12.jpg 18w, https:\/\/havamall.com\/wp-content\/uploads\/2024\/10\/loi-ich-cua-gan-ngong-doi-voi-suc-khoe-va-luu-y-voi-nhung-rui-ro-co-the-xay-ra-khi-an-4-600x352.jpg 600w, https:\/\/havamall.com\/wp-content\/uploads\/2024\/10\/loi-ich-cua-gan-ngong-doi-voi-suc-khoe-va-luu-y-voi-nhung-rui-ro-co-the-xay-ra-khi-an-4-150x88.jpg 150w\" sizes=\"(max-width: 951px) 100vw, 951px\" \/><\/p>\n<\/div>\n<p>Rougie l\u00e0 th\u01b0\u01a1ng hi\u1ec7u gan ng\u1ed7ng n\u1ed5i ti\u1ebfng to\u00e0n c\u1ea7u \u0111\u1ebfn t\u1eeb Ph\u00e1p, v\u1edbi l\u1ecbch s\u1eed l\u00e2u \u0111\u1eddi v\u00e0 danh ti\u1ebfng v\u01b0\u1ee3t tr\u1ed9i trong vi\u1ec7c s\u1ea3n xu\u1ea5t c\u00e1c lo\u1ea1i th\u1ef1c ph\u1ea9m cao c\u1ea5p t\u1eeb ng\u1ed7ng. V\u1edbi quy tr\u00ecnh nu\u00f4i d\u01b0\u1ee1ng v\u00e0 ch\u1ebf bi\u1ebfn theo ti\u00eau chu\u1ea9n nghi\u00eam ng\u1eb7t, Rougie mang \u0111\u1ebfn cho kh\u00e1ch h\u00e0ng s\u1ea3n ph\u1ea9m gan ng\u1ed7ng tinh t\u1ebf, \u0111\u1eadm ch\u1ea5t \u1ea9m th\u1ef1c Ph\u00e1p, \u0111\u01b0\u1ee3c y\u00eau th\u00edch b\u1edfi c\u00e1c \u0111\u1ea7u b\u1ebfp h\u00e0ng \u0111\u1ea7u v\u00e0 gi\u1edbi s\u00e0nh \u0103n tr\u00ean to\u00e0n th\u1ebf gi\u1edbi.<\/p>\n<p>Gan ng\u1ed7ng Ph\u00e1p Rougie c\u00f3 xu\u1ea5t x\u1ee9 t\u1eeb v\u00f9ng Perigord, n\u1ed5i ti\u1ebfng v\u1edbi truy\u1ec1n th\u1ed1ng nu\u00f4i ng\u1ed7ng \u0111\u1ec3 l\u00e0m gan ng\u1ed7ng (foie gras) h\u00e0ng tr\u0103m n\u0103m. Nh\u1eefng con ng\u1ed7ng \u0111\u01b0\u1ee3c nu\u00f4i d\u01b0\u1ee1ng trong \u0111i\u1ec1u ki\u1ec7n t\u1ef1 nhi\u00ean, k\u1ebft h\u1ee3p v\u1edbi ch\u1ebf \u0111\u1ed9 \u0103n u\u1ed1ng \u0111\u1eb7c bi\u1ec7t, gi\u00fap t\u1ea1o n\u00ean gan ng\u1ed7ng c\u00f3 h\u01b0\u01a1ng v\u1ecb \u0111\u1eadm \u0111\u00e0 v\u00e0 k\u1ebft c\u1ea5u m\u1ec1m m\u1ecbn \u0111\u1eb7c tr\u01b0ng.<\/p>\n<p><img decoding=\"async\" class=\"wp-image-36438 aligncenter\" src=\"https:\/\/havamall.com\/wp-content\/uploads\/2024\/10\/gan-ngong-phap-mot-trong-nhung-mon-an-dac-trung-cua-am-thuc-phap-pate-gan-ngong-tomimarkets-4.jpg\" alt=\"\" width=\"950\" height=\"712\" srcset=\"https:\/\/havamall.com\/wp-content\/uploads\/2024\/10\/gan-ngong-phap-mot-trong-nhung-mon-an-dac-trung-cua-am-thuc-phap-pate-gan-ngong-tomimarkets-4.jpg 800w, https:\/\/havamall.com\/wp-content\/uploads\/2024\/10\/gan-ngong-phap-mot-trong-nhung-mon-an-dac-trung-cua-am-thuc-phap-pate-gan-ngong-tomimarkets-4-300x225.jpg 300w, https:\/\/havamall.com\/wp-content\/uploads\/2024\/10\/gan-ngong-phap-mot-trong-nhung-mon-an-dac-trung-cua-am-thuc-phap-pate-gan-ngong-tomimarkets-4-768x576.jpg 768w, https:\/\/havamall.com\/wp-content\/uploads\/2024\/10\/gan-ngong-phap-mot-trong-nhung-mon-an-dac-trung-cua-am-thuc-phap-pate-gan-ngong-tomimarkets-4-16x12.jpg 16w, https:\/\/havamall.com\/wp-content\/uploads\/2024\/10\/gan-ngong-phap-mot-trong-nhung-mon-an-dac-trung-cua-am-thuc-phap-pate-gan-ngong-tomimarkets-4-600x450.jpg 600w, https:\/\/havamall.com\/wp-content\/uploads\/2024\/10\/gan-ngong-phap-mot-trong-nhung-mon-an-dac-trung-cua-am-thuc-phap-pate-gan-ngong-tomimarkets-4-150x113.jpg 150w\" sizes=\"(max-width: 950px) 100vw, 950px\" \/><\/p>\n<p>Gan Ng\u1ed7ng Ph\u00e1p Rougie l\u00e0 bi\u1ec3u t\u01b0\u1ee3ng c\u1ee7a s\u1ef1 sang tr\u1ecdng v\u00e0 tinh t\u1ebf trong \u1ea9m th\u1ef1c Ph\u00e1p. S\u1ea3n ph\u1ea9m \u0111\u01b0\u1ee3c l\u00e0m t\u1eeb gan ng\u1ed7ng cao c\u1ea5p, \u0111\u01b0\u1ee3c ch\u1ebf bi\u1ebfn theo quy tr\u00ecnh truy\u1ec1n th\u1ed1ng \u0111\u1ec3 gi\u1eef l\u1ea1i h\u01b0\u01a1ng v\u1ecb t\u1ef1 nhi\u00ean v\u00e0 k\u1ebft c\u1ea5u m\u01b0\u1ee3t m\u00e0. V\u1edbi v\u1ecb b\u00e9o ng\u1eady, ng\u1ecdt nh\u1eb9 v\u00e0 h\u1eadu v\u1ecb thanh tho\u00e1t, gan ng\u1ed7ng Rougie l\u00e0 m\u00f3n \u0103n kh\u00f4ng th\u1ec3 thi\u1ebfu trong nh\u1eefng d\u1ecbp \u0111\u1eb7c bi\u1ec7t ho\u1eb7c c\u00e1c b\u1eefa ti\u1ec7c th\u1ecbnh so\u1ea1n.<\/p>\n<h3><strong>\u0110\u1eb7c \u0111i\u1ec3m n\u1ed5i b\u1eadt<\/strong><\/h3>\n<p>&#8211; H\u01b0\u01a1ng v\u1ecb \u0111\u1eadm \u0111\u00e0: Gan ng\u1ed7ng Rougie c\u00f3 v\u1ecb b\u00e9o \u0111\u1eb7c tr\u01b0ng, ng\u1ecdt nh\u1eb9 t\u1ef1 nhi\u00ean v\u00e0 m\u00f9i th\u01a1m quy\u1ebfn r\u0169, ph\u00f9 h\u1ee3p v\u1edbi c\u00e1c m\u00f3n \u0103n cao c\u1ea5p.<\/p>\n<p>&#8211; K\u1ebft c\u1ea5u m\u1ec1m m\u1ecbn: K\u1ebft c\u1ea5u c\u1ee7a gan ng\u1ed7ng Rougie r\u1ea5t m\u1ecbn m\u00e0ng, tan ch\u1ea3y ngay trong mi\u1ec7ng, t\u1ea1o n\u00ean tr\u1ea3i nghi\u1ec7m \u1ea9m th\u1ef1c \u0111\u1ed9c \u0111\u00e1o.<\/p>\n<p>&#8211; Ch\u1ea5t l\u01b0\u1ee3ng cao c\u1ea5p: S\u1ea3n ph\u1ea9m \u0111\u01b0\u1ee3c ch\u1ebf bi\u1ebfn t\u1eeb nh\u1eefng l\u00e1 gan ng\u1ed7ng t\u1ed1t nh\u1ea5t, \u0111\u1ea3m b\u1ea3o ch\u1ea5t l\u01b0\u1ee3ng h\u00e0ng \u0111\u1ea7u v\u00e0 an to\u00e0n v\u1ec7 sinh th\u1ef1c ph\u1ea9m.<\/p>\n<p>&#8211; D\u1ec5 k\u1ebft h\u1ee3p: Gan ng\u1ed7ng Rougie d\u1ec5 d\u00e0ng k\u1ebft h\u1ee3p v\u1edbi nhi\u1ec1u lo\u1ea1i th\u1ef1c ph\u1ea9m kh\u00e1c nh\u01b0 b\u00e1nh m\u00ec n\u01b0\u1edbng, tr\u00e1i c\u00e2y, r\u01b0\u1ee3u vang tr\u1eafng hay m\u1ee9t ng\u1ecdt, mang l\u1ea1i tr\u1ea3i nghi\u1ec7m \u1ea9m th\u1ef1c ho\u00e0n h\u1ea3o.<\/p>\n<p><img decoding=\"async\" class=\"wp-image-36439 aligncenter\" src=\"https:\/\/havamall.com\/wp-content\/uploads\/2024\/10\/gan-ngong-phap-4.jpg\" alt=\"\" width=\"951\" height=\"951\" srcset=\"https:\/\/havamall.com\/wp-content\/uploads\/2024\/10\/gan-ngong-phap-4.jpg 650w, https:\/\/havamall.com\/wp-content\/uploads\/2024\/10\/gan-ngong-phap-4-300x300.jpg 300w, https:\/\/havamall.com\/wp-content\/uploads\/2024\/10\/gan-ngong-phap-4-150x150.jpg 150w, https:\/\/havamall.com\/wp-content\/uploads\/2024\/10\/gan-ngong-phap-4-12x12.jpg 12w, https:\/\/havamall.com\/wp-content\/uploads\/2024\/10\/gan-ngong-phap-4-600x600.jpg 600w\" sizes=\"(max-width: 951px) 100vw, 951px\" \/><\/p>\n<h3><strong>L\u1ee3i \u00edch cho s\u1ee9c kh\u1ecfe<\/strong><\/h3>\n<p>&#8211; Gi\u00e0u axit b\u00e9o omega-3 v\u00e0 omega-6: Gan ng\u1ed7ng l\u00e0 ngu\u1ed3n cung c\u1ea5p d\u1ed3i d\u00e0o c\u00e1c axit b\u00e9o kh\u00f4ng no, c\u00f3 l\u1ee3i cho tim m\u1ea1ch v\u00e0 h\u1ec7 tu\u1ea7n ho\u00e0n.<\/p>\n<p>&#8211; H\u1ed7 tr\u1ee3 b\u1ed5 sung n\u0103ng l\u01b0\u1ee3ng: H\u00e0m l\u01b0\u1ee3ng ch\u1ea5t b\u00e9o cao gi\u00fap cung c\u1ea5p n\u0103ng l\u01b0\u1ee3ng cho c\u01a1 th\u1ec3 trong nh\u1eefng b\u1eefa \u0103n sang tr\u1ecdng.<\/p>\n<p>&#8211; Ch\u1ee9a vitamin A v\u00e0 B12: Gan ng\u1ed7ng cung c\u1ea5p nhi\u1ec1u vitamin A, gi\u00fap c\u1ea3i thi\u1ec7n th\u1ecb l\u1ef1c v\u00e0 vitamin B12, gi\u00fap duy tr\u00ec s\u1ee9c kh\u1ecfe h\u1ec7 th\u1ea7n kinh v\u00e0 t\u0103ng c\u01b0\u1eddng s\u1ea3n xu\u1ea5t h\u1ed3ng c\u1ea7u.<\/p>\n<p><img loading=\"lazy\" decoding=\"async\" class=\"wp-image-36440 aligncenter\" src=\"https:\/\/havamall.com\/wp-content\/uploads\/2024\/10\/gan-ngong-1.jpg\" alt=\"\" width=\"951\" height=\"792\" srcset=\"https:\/\/havamall.com\/wp-content\/uploads\/2024\/10\/gan-ngong-1.jpg 1000w, https:\/\/havamall.com\/wp-content\/uploads\/2024\/10\/gan-ngong-1-300x250.jpg 300w, https:\/\/havamall.com\/wp-content\/uploads\/2024\/10\/gan-ngong-1-768x640.jpg 768w, https:\/\/havamall.com\/wp-content\/uploads\/2024\/10\/gan-ngong-1-14x12.jpg 14w, https:\/\/havamall.com\/wp-content\/uploads\/2024\/10\/gan-ngong-1-600x500.jpg 600w, https:\/\/havamall.com\/wp-content\/uploads\/2024\/10\/gan-ngong-1-150x125.jpg 150w\" sizes=\"(max-width: 951px) 100vw, 951px\" \/><\/p>\n<h3><strong>Havamall \u2013 ph\u00e2n ph\u1ed1i c\u00e1c s\u1ea3n ph\u1ea9m ch\u00ednh h\u00e3ng, ch\u1ea5t l\u01b0\u1ee3ng<\/strong><\/h3>\n<p>V\u1edbi kinh nghi\u1ec7m trong ng\u00e0nh nh\u1eadp kh\u1ea9u v\u00e0 ph\u00e2n ph\u1ed1i th\u1ef1c ph\u1ea9m, \u0111\u1ed3 u\u1ed1ng v\u00e0 nguy\u00ean li\u1ec7u th\u1ef1c ph\u1ea9m, C\u00f4ng ty Havamall Vi\u1ec7t Nam l\u00e0 m\u1ed9t trong nh\u1eefng \u0111\u01a1n v\u1ecb cung \u1ee9ng s\u1ea3n ph\u1ea9m h\u00e0ng \u0111\u1ea7u cho c\u00e1c \u0111\u1ed1i t\u00e1c chuy\u00ean nghi\u1ec7p, danh ti\u1ebfng tr\u00ean kh\u1eafp c\u1ea3 n\u01b0\u1edbc.<\/p>\n<p>C\u00e1c s\u1ea3n ph\u1ea9m do C\u00f4ng ty Havamall Vi\u1ec7t Nam ph\u00e2n ph\u1ed1i \u0111\u1ec1u \u0111\u01b0\u1ee3c nh\u1eadp kh\u1ea9u t\u1eeb ch\u00e2u \u00c2u, ch\u00e2u \u00dac, \u0111\u1ea3m b\u1ea3o c\u00e1c ti\u00eau chu\u1ea9n v\u1ec1 v\u1ec7 sinh an to\u00e0n th\u1ef1c ph\u1ea9m kh\u1eaft khe nh\u01b0 HACCP, ISO. V\u1edbi h\u1ec7 th\u1ed1ng chi nh\u00e1nh, kho v\u1eadn tr\u1ea3i d\u00e0i kh\u1eafp Vi\u1ec7t Nam, C\u00f4ng ty Havamall Vi\u1ec7t Nam c\u00f3 th\u1ec3 \u0111\u00e1p \u1ee9ng \u0111\u01b0\u1ee3c nhu c\u1ea7u v\u1ec1 s\u1ed1 l\u01b0\u1ee3ng v\u00e0 ch\u1ea5t l\u01b0\u1ee3ng c\u1ee7a kh\u00e1ch h\u00e0ng.<\/p>\n<\/div>\n<\/div>\n<\/div>\n<\/div>","protected":false},"excerpt":{"rendered":"<p>TH\u00d4NG TIN CHUNG Th\u01b0\u01a1ng hi\u1ec7u Rougie Xu\u1ea5t x\u1ee9 Ph\u00e1p H\u1ea1n s\u1eed d\u1ee5ng Xem tr\u00ean bao b\u00ec s\u1ea3n ph\u1ea9m H\u01b0\u1edbng d\u1eabn<\/p>","protected":false},"featured_media":36434,"comment_status":"open","ping_status":"closed","template":"","meta":[],"product_brand":[],"product_cat":[275,723,703,36],"product_tag":[],"class_list":{"0":"post-36433","1":"product","2":"type-product","3":"status-publish","4":"has-post-thumbnail","6":"product_cat-thuc-pham-dong-lanh","7":"product_cat-nhap-khau-phap","8":"product_cat-thit-xuc-xich","9":"product_cat-thuc-pham-tieu-dung","11":"first","12":"instock","13":"sale","14":"shipping-taxable","15":"purchasable","16":"product-type-simple"},"_links":{"self":[{"href":"https:\/\/havamall.com\/en\/wp-json\/wp\/v2\/product\/36433","targetHints":{"allow":["GET"]}}],"collection":[{"href":"https:\/\/havamall.com\/en\/wp-json\/wp\/v2\/product"}],"about":[{"href":"https:\/\/havamall.com\/en\/wp-json\/wp\/v2\/types\/product"}],"replies":[{"embeddable":true,"href":"https:\/\/havamall.com\/en\/wp-json\/wp\/v2\/comments?post=36433"}],"version-history":[{"count":0,"href":"https:\/\/havamall.com\/en\/wp-json\/wp\/v2\/product\/36433\/revisions"}],"wp:featuredmedia":[{"embeddable":true,"href":"https:\/\/havamall.com\/en\/wp-json\/wp\/v2\/media\/36434"}],"wp:attachment":[{"href":"https:\/\/havamall.com\/en\/wp-json\/wp\/v2\/media?parent=36433"}],"wp:term":[{"taxonomy":"product_brand","embeddable":true,"href":"https:\/\/havamall.com\/en\/wp-json\/wp\/v2\/product_brand?post=36433"},{"taxonomy":"product_cat","embeddable":true,"href":"https:\/\/havamall.com\/en\/wp-json\/wp\/v2\/product_cat?post=36433"},{"taxonomy":"product_tag","embeddable":true,"href":"https:\/\/havamall.com\/en\/wp-json\/wp\/v2\/product_tag?post=36433"}],"curies":[{"name":"wp","href":"https:\/\/api.w.org\/{rel}","templated":true}]}}