{"id":36611,"date":"2024-10-19T15:34:11","date_gmt":"2024-10-19T08:34:11","guid":{"rendered":"https:\/\/havamall.com\/?post_type=product&#038;p=36611"},"modified":"2025-05-16T16:55:33","modified_gmt":"2025-05-16T09:55:33","slug":"keo-socola-ritter-sport-chocolate-squares-90g","status":"publish","type":"product","link":"https:\/\/havamall.com\/en\/shop\/keo-socola-ritter-sport-chocolate-squares-90g\/","title":{"rendered":"K\u1eb9o Socola Ritter Sport Chocolate Squares 90g"},"content":{"rendered":"<h2 class=\"product-detail__specs-title\"><strong>TH\u00d4NG TIN CHUNG<\/strong><\/h2>\n<div id=\"js-product-detail__specs\" class=\"product-detail__specs\">\n<div class=\"row\">\n<div class=\"col-sm-12\">\n<div class=\"product-specs__table\">\n<table>\n<tbody>\n<tr>\n<td class=\"specs-table__property\">Th\u01b0\u01a1ng hi\u1ec7u<\/td>\n<td class=\"specs-table__value\">Ritter Sport<\/td>\n<\/tr>\n<tr>\n<td class=\"specs-table__property\">Xu\u1ea5t x\u1ee9<\/td>\n<td class=\"specs-table__value\">\u0110\u1ee9c<\/td>\n<\/tr>\n<tr>\n<td class=\"specs-table__property\">H\u1ea1n s\u1eed d\u1ee5ng<\/td>\n<td class=\"specs-table__value\">Xem tr\u00ean bao b\u00ec<\/td>\n<\/tr>\n<tr>\n<td class=\"specs-table__property\">H\u01b0\u1edbng d\u1eabn s\u1eed d\u1ee5ng<\/td>\n<td class=\"specs-table__value\">S\u1eed d\u1ee5ng tr\u1ef1c ti\u1ebfp ho\u1eb7c ch\u1ebf bi\u1ebfn m\u00f3n \u0103n<\/td>\n<\/tr>\n<tr>\n<td class=\"specs-table__property\">H\u01b0\u1edbng d\u1eabn b\u1ea3o qu\u1ea3n<\/td>\n<td class=\"specs-table__value\">N\u01a1i kh\u00f4 r\u00e1o, tho\u00e1ng m\u00e1t, tr\u00e1nh \u00e1nh n\u1eafng tr\u1ef1c ti\u1ebfp<\/td>\n<\/tr>\n<tr>\n<td class=\"specs-table__property\">Th\u00e0nh ph\u1ea7n nguy\u00ean li\u1ec7u<\/td>\n<td class=\"specs-table__value\">Xem tr\u00ean bao b\u00ec<\/td>\n<\/tr>\n<tr>\n<td class=\"specs-table__property\">Kh\u1ed1i l\u01b0\u1ee3ng<\/td>\n<td class=\"specs-table__value\">90g<\/td>\n<\/tr>\n<\/tbody>\n<\/table>\n<\/div>\n<\/div>\n<\/div>\n<\/div>\n<p>Socola Ritter Sport Chocolate Squares 90g<br \/>\nSocola Ritter Sport Chocolate Squares 90g l\u00e0 b\u1ed9 s\u01b0u t\u1eadp socola cao c\u1ea5p, v\u1edbi s\u1ef1 k\u1ebft h\u1ee3p ho\u00e0n h\u1ea3o t\u1eeb ba lo\u1ea1i socola \u0111\u1eb7c tr\u01b0ng c\u1ee7a th\u01b0\u01a1ng hi\u1ec7u n\u1ed5i ti\u1ebfng Ritter Sport. M\u1ed7i vi\u00ean socola mang \u0111\u1ebfn h\u01b0\u01a1ng v\u1ecb \u0111\u1ed9c \u0111\u00e1o, ph\u00f9 h\u1ee3p cho nh\u1eefng ai mu\u1ed1n th\u01b0\u1edfng th\u1ee9c s\u1ef1 \u0111a d\u1ea1ng v\u00e0 tinh t\u1ebf trong t\u1eebng mi\u1ebfng socola:<br \/>\n&#8211; 3 vi\u00ean Socola Alpine Milk: V\u1ecb ng\u1ecdt d\u1ecbu v\u00e0 m\u01b0\u1ee3t m\u00e0 c\u1ee7a s\u1eefa Alpine cao c\u1ea5p.<br \/>\n&#8211; 3 vi\u00ean Socola Glazed Almonds: S\u1ef1 k\u1ebft h\u1ee3p gi\u1eefa v\u1ecb ng\u1ecdt c\u1ee7a socola v\u00e0 h\u1ea1nh nh\u00e2n gi\u00f2n r\u1ee5m.<br \/>\n&#8211; 3 vi\u00ean Socola Fine: H\u01b0\u01a1ng v\u1ecb truy\u1ec1n th\u1ed1ng \u0111\u1eadm \u0111\u00e0 v\u00e0 tinh t\u1ebf.<\/p>\n<p><img fetchpriority=\"high\" decoding=\"async\" class=\"sFlh5c FyHeAf iPVvYb aligncenter\" src=\"https:\/\/havamall.com\/wp-content\/uploads\/2024\/10\/dc567660f3d8c486989b67acfa5a5325.png\" alt=\"Chocolate Ritter Sport - Socola \u0110\u1ee9c - H\u1ed9p 176gr (22 vi\u00ean) | Lazada.vn\" width=\"612\" height=\"612\" aria-hidden=\"false\" \/><\/p>\n<p>S\u1ea3n ph\u1ea9m \u0111\u01b0\u1ee3c l\u00e0m t\u1eeb b\u1ed9t cacao h\u1ea3o h\u1ea1ng nh\u1ea5t, k\u1ebft h\u1ee3p c\u00f9ng c\u00f4ng th\u1ee9c b\u00ed truy\u1ec1n \u0111\u01b0\u1ee3c nghi\u00ean c\u1ee9u qua nhi\u1ec1u n\u0103m c\u1ee7a Ritter Sport. Socola c\u00f3 h\u01b0\u01a1ng v\u1ecb h\u00e0i h\u00f2a gi\u1eefa ng\u1ecdt v\u00e0 \u0111\u1eafng, v\u1edbi ch\u00fat b\u00e9o ng\u1eady t\u1eeb s\u1eefa v\u00e0 h\u01b0\u01a1ng cacao th\u01a1m n\u1ed3ng, ph\u1ea3ng ph\u1ea5t m\u1ed9t c\u00e1ch tinh t\u1ebf n\u01a1i \u0111\u1ea7u l\u01b0\u1ee1i.<\/p>\n<h2>T\u1ea1i sao ch\u1ecdn chocolate Ritter Sport<\/h2>\n<p>Ritter Sport n\u1ed5i ti\u1ebfng v\u1edbi s\u1ef1 c\u00e2n b\u1eb1ng ho\u00e0n h\u1ea3o gi\u1eefa v\u1ecb ng\u1ecdt c\u1ee7a s\u00f4c\u00f4la v\u00e0 v\u1ecb b\u00e9o th\u01a1m c\u1ee7a c\u00e1c lo\u1ea1i h\u1ea1t, nh\u00e2n kem. S\u00f4c\u00f4la s\u1eefa c\u1ee7a Ritter Sport c\u00f3 v\u1ecb ng\u1ecdt d\u1ecbu, m\u01b0\u1ee3t m\u00e0, trong khi s\u00f4c\u00f4la \u0111en mang \u0111\u1ebfn c\u1ea3m gi\u00e1c \u0111\u1eadm \u0111\u00e0 v\u00e0 h\u01a1i \u0111\u1eafng nh\u1eb9, t\u1ea1o n\u00ean s\u1ef1 h\u00e0i h\u00f2a trong t\u1eebng mi\u1ebfng s\u00f4c\u00f4la.<\/p>\n<p>Nguy\u00ean li\u1ec7u cao c\u1ea5p: Ritter Sport cam k\u1ebft s\u1eed d\u1ee5ng c\u00e1c nguy\u00ean li\u1ec7u ch\u1ea5t l\u01b0\u1ee3ng cao nh\u01b0 h\u1ea1t cacao \u0111\u01b0\u1ee3c ch\u1ecdn l\u1ecdc k\u1ef9 l\u01b0\u1ee1ng t\u1eeb nh\u1eefng n\u00f4ng tr\u1ea1i b\u1ec1n v\u1eefng, s\u1eefa t\u01b0\u01a1i v\u00e0 c\u00e1c lo\u1ea1i h\u1ea1t dinh d\u01b0\u1ee1ng. S\u1ea3n ph\u1ea9m kh\u00f4ng ch\u1ee9a ch\u1ea5t b\u1ea3o qu\u1ea3n hay ph\u1ea9m m\u00e0u nh\u00e2n t\u1ea1o, \u0111\u1ea3m b\u1ea3o an to\u00e0n cho s\u1ee9c kh\u1ecfe v\u00e0 gi\u1eef nguy\u00ean h\u01b0\u01a1ng v\u1ecb t\u1ef1 nhi\u00ean.<\/p>\n<p>Th\u01b0\u1edfng th\u1ee9c m\u1ecdi l\u00fac, m\u1ecdi n\u01a1i: Chocolate Ritter Sport kh\u00f4ng ch\u1ec9 l\u00e0 m\u00f3n \u0103n v\u1eb7t ho\u00e0n h\u1ea3o cho nh\u1eefng l\u00fac th\u01b0 gi\u00e3n m\u00e0 c\u00f2n th\u00edch h\u1ee3p \u0111\u1ec3 k\u1ebft h\u1ee3p c\u00f9ng tr\u00e0, c\u00e0 ph\u00ea, ho\u1eb7c l\u00e0m m\u00f3n tr\u00e1ng mi\u1ec7ng nh\u1eb9. H\u1ed9p h\u1ed7n h\u1ee3p l\u00e0 l\u1ef1a ch\u1ecdn l\u00fd t\u01b0\u1edfng \u0111\u1ec3 chia s\u1ebb c\u00f9ng b\u1ea1n b\u00e8, gia \u0111\u00ecnh trong c\u00e1c bu\u1ed5i g\u1eb7p g\u1ee1 ho\u1eb7c l\u00e0m qu\u00e0 t\u1eb7ng.<\/p>\n<p>Th\u00e0nh ph\u1ea7n c\u1ee7a s\u1ea3n ph\u1ea9m bao g\u1ed3m cacao nguy\u00ean ch\u1ea5t, \u0111\u01b0\u1eddng, b\u1ed9t cacao \u00edt b\u00e9o, cacao kh\u1ed1i, vani t\u1ef1 nhi\u00ean,&#8230; T\u1ea5t c\u1ea3 \u0111\u1ec1u \u0111\u00e3 qua qu\u00e1 tr\u00ecnh ki\u1ec3m \u0111\u1ecbnh nghi\u00eam ng\u1eb7t v\u1ec1 ch\u1ea5t l\u01b0\u1ee3ng, \u0111\u1ea3m b\u1ea3o an to\u00e0n cho s\u1ee9c kh\u1ecfe ng\u01b0\u1eddi ti\u00eau d\u00f9ng. Socola Ritter Sport kh\u00f4ng ch\u1ec9 l\u00e0 m\u00f3n \u0103n ngon m\u00e0 c\u00f2n l\u00e0 s\u1ef1 l\u1ef1a ch\u1ecdn l\u00e0nh m\u1ea1nh cho ng\u01b0\u1eddi th\u01b0\u1edfng th\u1ee9c.<\/p>\n<p>Socola Ritter Sport Chocolate Squares 90g l\u00e0 m\u00f3n qu\u00e0 l\u00fd t\u01b0\u1edfng cho c\u00e1c d\u1ecbp l\u1ec5, ti\u1ec7c t\u00f9ng, hay \u0111\u1ec3 chia s\u1ebb v\u1edbi b\u1ea1n b\u00e8, gia \u0111\u00ecnh trong nh\u1eefng cu\u1ed9c g\u1eb7p g\u1ee1. S\u1ea3n ph\u1ea9m c\u0169ng th\u00edch h\u1ee3p cho c\u00e1c b\u1eefa \u0103n nh\u1eb9 trong v\u0103n ph\u00f2ng, gia \u0111\u00ecnh hay khi \u0111i d\u00e3 ngo\u1ea1i.<\/p>\n<p>K\u1eb9o \u0111\u01b0\u1ee3c l\u00e0m t\u1eeb nh\u1eefng nguy\u00ean li\u1ec7u t\u1ef1 nhi\u00ean, \u0111\u01b0\u1ee3c ch\u1ecdn l\u1ecdc k\u1ef9 l\u01b0\u1ee1ng, \u0111\u1ea3m b\u1ea3o an to\u00e0n cho s\u1ee9c kh\u1ecfe. C\u00f4ng ngh\u1ec7 s\u1ea3n xu\u1ea5t hi\u1ec7n \u0111\u1ea1i \u0111\u00e1p \u1ee9ng c\u00e1c ti\u00eau chu\u1ea9n an to\u00e0n v\u1ec7 sinh th\u1ef1c ph\u1ea9m, gi\u00fap ng\u01b0\u1eddi d\u00f9ng y\u00ean t\u00e2m th\u01b0\u1edfng th\u1ee9c. S\u1ea3n ph\u1ea9m kh\u00f4ng ch\u1ec9 ph\u00f9 h\u1ee3p l\u00e0m m\u00f3n \u0103n v\u1eb7t h\u00e0ng ng\u00e0y m\u00e0 c\u00f2n l\u00e0 m\u00f3n qu\u00e0 th\u00fa v\u1ecb cho c\u00e1c em nh\u1ecf.<\/p>\n<p>V\u1ecb ng\u1ecdt d\u1ecbu c\u1ee7a k\u1eb9o k\u1ebft h\u1ee3p c\u00f9ng h\u01b0\u01a1ng v\u1ecb h\u1ea1t ch\u1eafc ch\u1eafn s\u1ebd mang \u0111\u1ebfn s\u1ef1 th\u00edch th\u00fa cho ng\u01b0\u1eddi d\u00f9ng. \u0110\u1eb7c bi\u1ec7t, k\u1eb9o l\u00e0 l\u1ef1a ch\u1ecdn tuy\u1ec7t v\u1eddi khi b\u1ea1n c\u1ea7n n\u1ea1p n\u0103ng l\u01b0\u1ee3ng nhanh ch\u00f3ng.<\/p>\n<p><img decoding=\"async\" class=\"sFlh5c FyHeAf iPVvYb aligncenter\" src=\"https:\/\/havamall.com\/wp-content\/uploads\/2024\/10\/86573dbdc2b52022f68c1a43dd71c7c6.jpg\" alt=\"Socola Ritter Sport mini h\u1ed9p 9 g\u00f3i (150g) - Chocolate | SoSanhGia.co\" aria-hidden=\"false\" \/><\/p>","protected":false},"excerpt":{"rendered":"<p>TH\u00d4NG TIN CHUNG Th\u01b0\u01a1ng hi\u1ec7u Ritter Sport Xu\u1ea5t x\u1ee9 \u0110\u1ee9c H\u1ea1n s\u1eed d\u1ee5ng Xem tr\u00ean bao b\u00ec H\u01b0\u1edbng d\u1eabn s\u1eed<\/p>","protected":false},"featured_media":36612,"comment_status":"open","ping_status":"closed","template":"","meta":[],"product_brand":[],"product_cat":[133,681,728,36],"product_tag":[],"class_list":{"0":"post-36611","1":"product","2":"type-product","3":"status-publish","4":"has-post-thumbnail","6":"product_cat-banh-keo-chocolate","7":"product_cat-chua-phan-loai","8":"product_cat-nhap-khau-duc","9":"product_cat-thuc-pham-tieu-dung","11":"first","12":"outofstock","13":"sale","14":"shipping-taxable","15":"purchasable","16":"product-type-simple"},"_links":{"self":[{"href":"https:\/\/havamall.com\/en\/wp-json\/wp\/v2\/product\/36611","targetHints":{"allow":["GET"]}}],"collection":[{"href":"https:\/\/havamall.com\/en\/wp-json\/wp\/v2\/product"}],"about":[{"href":"https:\/\/havamall.com\/en\/wp-json\/wp\/v2\/types\/product"}],"replies":[{"embeddable":true,"href":"https:\/\/havamall.com\/en\/wp-json\/wp\/v2\/comments?post=36611"}],"version-history":[{"count":0,"href":"https:\/\/havamall.com\/en\/wp-json\/wp\/v2\/product\/36611\/revisions"}],"wp:featuredmedia":[{"embeddable":true,"href":"https:\/\/havamall.com\/en\/wp-json\/wp\/v2\/media\/36612"}],"wp:attachment":[{"href":"https:\/\/havamall.com\/en\/wp-json\/wp\/v2\/media?parent=36611"}],"wp:term":[{"taxonomy":"product_brand","embeddable":true,"href":"https:\/\/havamall.com\/en\/wp-json\/wp\/v2\/product_brand?post=36611"},{"taxonomy":"product_cat","embeddable":true,"href":"https:\/\/havamall.com\/en\/wp-json\/wp\/v2\/product_cat?post=36611"},{"taxonomy":"product_tag","embeddable":true,"href":"https:\/\/havamall.com\/en\/wp-json\/wp\/v2\/product_tag?post=36611"}],"curies":[{"name":"wp","href":"https:\/\/api.w.org\/{rel}","templated":true}]}}